{"id":52861,"date":"2024-01-23T10:14:17","date_gmt":"2024-01-23T09:14:17","guid":{"rendered":"https:\/\/www.hiperbaric.com\/?page_id=52861"},"modified":"2024-06-06T07:37:37","modified_gmt":"2024-06-06T05:37:37","slug":"cafe-cold-brew-hpp","status":"publish","type":"page","link":"https:\/\/www.hiperbaric.com\/es\/cafe-cold-brew-hpp\/","title":{"rendered":"Caf\u00e9 Cold Brew HPP"},"content":{"rendered":"\r\n<h1>Caf\u00e9 Cold Brew con HPP<\/h1>\r\n<table>\r\n<tbody>\r\n<tr>\r\n<td><img decoding=\"async\" src=\"https:\/\/www.hiperbaric.com\/wp-content\/uploads\/2024\/01\/FoodSfety.png\" alt=\"Image 1\" \/><\/td>\r\n<td>\r\n<p><strong>Seguridad alimentaria: reducci\u00f3n de pat\u00f3genos de hasta 6-log<\/strong><\/p>\r\n<\/td>\r\n<\/tr>\r\n<tr>\r\n<td><img decoding=\"async\" src=\"https:\/\/www.hiperbaric.com\/wp-content\/uploads\/2024\/01\/ShelfLife.png\" alt=\"Image 2\" \/><\/td>\r\n<td>\r\n<p><strong>Extensi\u00f3n de vida \u00fatil: hasta 90 d\u00edas<\/strong><\/p>\r\n<\/td>\r\n<\/tr>\r\n<tr>\r\n<td><img decoding=\"async\" src=\"https:\/\/www.hiperbaric.com\/wp-content\/uploads\/2024\/01\/NaturalProcess.png\" alt=\"Image 3\" \/><\/td>\r\n<td>\r\n<p><strong>Etiqueta limpia, sin conservantes<\/strong><\/p>\r\n<\/td>\r\n<\/tr>\r\n<tr>\r\n<td><img decoding=\"async\" src=\"https:\/\/www.hiperbaric.com\/wp-content\/uploads\/2024\/01\/NonThermal.png\" alt=\"Image 4\" \/><\/td>\r\n<td>\r\n<p><strong>Proceso en fr\u00edo 100% natural<\/strong><\/p>\r\n<\/td>\r\n<\/tr>\r\n<\/tbody>\r\n<\/table>\r\n<p><img decoding=\"async\" title=\"HPP-cold-brew-coffee.png\" src=\"https:\/\/www.hiperbaric.com\/wp-content\/uploads\/2024\/01\/HPP-cold-brew-coffee.png\" alt=\"HPP-cold-brew-coffee.png\" \/><\/p>\r\n<p>El procesado por alta presi\u00f3n en fr\u00edo o HPP (high Pressure Processing) aplica agua a niveles de presi\u00f3n muy elevados (hasta 6.000 bar) sobre el producto ya embotellado para inactivar microorganismos pat\u00f3genos y microorganismos responsables del deterioro de los alimentos. De esta forma, garantiza la seguridad alimentaria y se obtiene una <strong>vida \u00fatil de hasta 90 d\u00edas<\/strong> sin aplicar calor y sin conservantes o aditivos.<\/p>\r\n<p>Protege el sabor caracter\u00edstico y los beneficios para la salud de tu cold brew coffee o caf\u00e9 infusionado en fr\u00edo.\u00a0 Descarga nuestro whitepaper y descubre c\u00f3mo la tecnolog\u00eda HPP permite prolongar la vida \u00fatil al mismo tiempo que mantiene todas las propiedades sensoriales y funcionales.<\/p>\r\n<p><img decoding=\"async\" loading=\"lazy\" title=\"copy-CBC\" src=\"https:\/\/www.hiperbaric.com\/wp-content\/uploads\/2023\/12\/copy-CBC-scaled.jpg\" alt=\"copy-CBC\" width=\"2560\" height=\"1743\" \/><\/p>\r\n<h2>Whitepaper Caf\u00e9 Cold Brew<\/h2>\r\n<p>Este whitepaper ofrece una visi\u00f3n general de la investigaci\u00f3n realizada sobre el uso de HPP para mejorar la seguridad y la calidad del caf\u00e9 cold brew:<\/p>\r\n<ul>\r\n<li>Efectos sobre las propiedades sensoriales como el aroma, el sabor y el aspecto<\/li>\r\n<li>Efectos sobre los compuestos bioactivos beneficiosos y la capacidad antioxidante<\/li>\r\n<li>Eficacia en la inactivaci\u00f3n de pat\u00f3genos, levaduras, mohos y otros organismos alterantes<\/li>\r\n<li>Extensi\u00f3n de la vida \u00fatil en refrigeraci\u00f3n<\/li>\r\n<\/ul>\r\n<p><a role=\"button\" target=\"_self\" rel=\"noopener\"> Descargar whitepaper <\/a><\/p>\r\n<h2 data-element-id=\"hmap-4\"><strong>\u00bfQuieres saber m\u00e1s sobre HPP?<\/strong><\/h2>\r\n<p>Nuestros expertos estar\u00e1n encantados de asesorarte personalmente para resolver cualquier tipo de duda o pregunta que pueda surgirte sobre la aplicaci\u00f3n del procesado por alta presi\u00f3n (HPP) en tus productos.<\/p>\r\n<p><a role=\"button\" href=\"http:\/\/forms.marketing.hiperbaric.com\/l\/881883\/2020-08-12\/7b1?Language=Spanish&amp;Business_line=HPP&amp;Source_text=Landing%20Cold%20Brew%20Coffee%20\" target=\"_self\" rel=\"noopener\"> Contacta con nosotros &gt; <\/a><\/p>\r\n","protected":false},"excerpt":{"rendered":"<p>Caf\u00e9 Cold Brew con HPP Seguridad alimentaria: reducci\u00f3n de pat\u00f3genos de hasta 6-log Extensi\u00f3n de vida \u00fatil: hasta 90 d\u00edas Etiqueta limpia, sin conservantes Proceso en fr\u00edo 100% natural El procesado por alta presi\u00f3n en fr\u00edo o HPP (high Pressure Processing) aplica agua a niveles de presi\u00f3n muy elevados (hasta 6.000 bar) sobre el producto&#8230;<\/p>\n","protected":false},"author":15,"featured_media":0,"parent":0,"menu_order":0,"comment_status":"closed","ping_status":"closed","template":"","meta":{"om_disable_all_campaigns":false,"inline_featured_image":false,"_monsterinsights_skip_tracking":false,"_monsterinsights_sitenote_active":false,"_monsterinsights_sitenote_note":"","_monsterinsights_sitenote_category":0,"footnotes":"","_wp_rev_ctl_limit":""},"acf":[],"yoast_head":"<!-- This site is optimized with the Yoast SEO plugin v22.4 - https:\/\/yoast.com\/wordpress\/plugins\/seo\/ -->\n<title>Beneficios HPP caf\u00e9 cold brew Coffee - Hiperbaric<\/title>\n<meta name=\"description\" content=\"La alta presi\u00f3n en fr\u00edo (HPP) garantiza la seguridad alimentaria y consigue una vida \u00fatil de hasta 90 d\u00edas sin aplicar calor y sin conservantes o aditivos. Protege el sabor caracter\u00edstico y los beneficios para la salud de tu cold brew coffee o caf\u00e9 infusionado en fr\u00edo con HPP.\" \/>\n<meta name=\"robots\" content=\"index, follow, max-snippet:-1, max-image-preview:large, max-video-preview:-1\" \/>\n<link rel=\"canonical\" href=\"https:\/\/www.hiperbaric.com\/es\/cafe-cold-brew-hpp\/\" \/>\n<meta property=\"og:locale\" content=\"es_ES\" \/>\n<meta property=\"og:type\" content=\"article\" \/>\n<meta property=\"og:title\" content=\"Beneficios HPP caf\u00e9 cold brew Coffee - Hiperbaric\" \/>\n<meta property=\"og:description\" content=\"La alta presi\u00f3n en fr\u00edo (HPP) garantiza la seguridad alimentaria y consigue una vida \u00fatil de hasta 90 d\u00edas sin aplicar calor y sin conservantes o aditivos. Protege el sabor caracter\u00edstico y los beneficios para la salud de tu cold brew coffee o caf\u00e9 infusionado en fr\u00edo con HPP.\" \/>\n<meta property=\"og:url\" content=\"https:\/\/www.hiperbaric.com\/es\/cafe-cold-brew-hpp\/\" \/>\n<meta property=\"og:site_name\" content=\"Hiperbaric\" \/>\n<meta property=\"article:modified_time\" content=\"2024-06-06T05:37:37+00:00\" \/>\n<meta property=\"og:image\" content=\"https:\/\/www.hiperbaric.com\/wp-content\/uploads\/2024\/01\/FoodSfety.png\" \/>\n<meta name=\"twitter:card\" content=\"summary_large_image\" \/>\n<meta name=\"twitter:label1\" content=\"Tiempo de lectura\" \/>\n\t<meta name=\"twitter:data1\" content=\"3 minutos\" \/>\n<script type=\"application\/ld+json\" class=\"yoast-schema-graph\">{\"@context\":\"https:\/\/schema.org\",\"@graph\":[{\"@type\":\"WebPage\",\"@id\":\"https:\/\/www.hiperbaric.com\/es\/cafe-cold-brew-hpp\/\",\"url\":\"https:\/\/www.hiperbaric.com\/es\/cafe-cold-brew-hpp\/\",\"name\":\"Beneficios HPP caf\u00e9 cold brew Coffee - Hiperbaric\",\"isPartOf\":{\"@id\":\"https:\/\/www.hiperbaric.com\/en\/#website\"},\"primaryImageOfPage\":{\"@id\":\"https:\/\/www.hiperbaric.com\/es\/cafe-cold-brew-hpp\/#primaryimage\"},\"image\":{\"@id\":\"https:\/\/www.hiperbaric.com\/es\/cafe-cold-brew-hpp\/#primaryimage\"},\"thumbnailUrl\":\"https:\/\/www.hiperbaric.com\/wp-content\/uploads\/2024\/01\/FoodSfety.png\",\"datePublished\":\"2024-01-23T09:14:17+00:00\",\"dateModified\":\"2024-06-06T05:37:37+00:00\",\"description\":\"La alta presi\u00f3n en fr\u00edo (HPP) garantiza la seguridad alimentaria y consigue una vida \u00fatil de hasta 90 d\u00edas sin aplicar calor y sin conservantes o aditivos. Protege el sabor caracter\u00edstico y los beneficios para la salud de tu cold brew coffee o caf\u00e9 infusionado en fr\u00edo con HPP.\",\"breadcrumb\":{\"@id\":\"https:\/\/www.hiperbaric.com\/es\/cafe-cold-brew-hpp\/#breadcrumb\"},\"inLanguage\":\"es\",\"potentialAction\":[{\"@type\":\"ReadAction\",\"target\":[\"https:\/\/www.hiperbaric.com\/es\/cafe-cold-brew-hpp\/\"]}]},{\"@type\":\"ImageObject\",\"inLanguage\":\"es\",\"@id\":\"https:\/\/www.hiperbaric.com\/es\/cafe-cold-brew-hpp\/#primaryimage\",\"url\":\"https:\/\/www.hiperbaric.com\/wp-content\/uploads\/2024\/01\/FoodSfety.png\",\"contentUrl\":\"https:\/\/www.hiperbaric.com\/wp-content\/uploads\/2024\/01\/FoodSfety.png\"},{\"@type\":\"BreadcrumbList\",\"@id\":\"https:\/\/www.hiperbaric.com\/es\/cafe-cold-brew-hpp\/#breadcrumb\",\"itemListElement\":[{\"@type\":\"ListItem\",\"position\":1,\"name\":\"Home\",\"item\":\"https:\/\/www.hiperbaric.com\/es\/\"},{\"@type\":\"ListItem\",\"position\":2,\"name\":\"Caf\u00e9 Cold Brew HPP\"}]},{\"@type\":\"WebSite\",\"@id\":\"https:\/\/www.hiperbaric.com\/en\/#website\",\"url\":\"https:\/\/www.hiperbaric.com\/en\/\",\"name\":\"Hiperbaric\",\"description\":\"Procesado para la conservaci\u00f3n de alimentos\",\"publisher\":{\"@id\":\"https:\/\/www.hiperbaric.com\/en\/#organization\"},\"potentialAction\":[{\"@type\":\"SearchAction\",\"target\":{\"@type\":\"EntryPoint\",\"urlTemplate\":\"https:\/\/www.hiperbaric.com\/en\/?s={search_term_string}\"},\"query-input\":\"required name=search_term_string\"}],\"inLanguage\":\"es\"},{\"@type\":\"Organization\",\"@id\":\"https:\/\/www.hiperbaric.com\/en\/#organization\",\"name\":\"Hiperbaric\",\"url\":\"https:\/\/www.hiperbaric.com\/en\/\",\"logo\":{\"@type\":\"ImageObject\",\"inLanguage\":\"es\",\"@id\":\"https:\/\/www.hiperbaric.com\/en\/#\/schema\/logo\/image\/\",\"url\":\"https:\/\/www.hiperbaric.com\/wp-content\/uploads\/2026\/01\/cropped-hiperbaric-logotipo-1-2.png\",\"contentUrl\":\"https:\/\/www.hiperbaric.com\/wp-content\/uploads\/2026\/01\/cropped-hiperbaric-logotipo-1-2.png\",\"width\":340,\"height\":72,\"caption\":\"Hiperbaric\"},\"image\":{\"@id\":\"https:\/\/www.hiperbaric.com\/en\/#\/schema\/logo\/image\/\"}}]}<\/script>\n<!-- \/ Yoast SEO plugin. -->","yoast_head_json":{"title":"Beneficios HPP caf\u00e9 cold brew Coffee - Hiperbaric","description":"La alta presi\u00f3n en fr\u00edo (HPP) garantiza la seguridad alimentaria y consigue una vida \u00fatil de hasta 90 d\u00edas sin aplicar calor y sin conservantes o aditivos. Protege el sabor caracter\u00edstico y los beneficios para la salud de tu cold brew coffee o caf\u00e9 infusionado en fr\u00edo con HPP.","robots":{"index":"index","follow":"follow","max-snippet":"max-snippet:-1","max-image-preview":"max-image-preview:large","max-video-preview":"max-video-preview:-1"},"canonical":"https:\/\/www.hiperbaric.com\/es\/cafe-cold-brew-hpp\/","og_locale":"es_ES","og_type":"article","og_title":"Beneficios HPP caf\u00e9 cold brew Coffee - Hiperbaric","og_description":"La alta presi\u00f3n en fr\u00edo (HPP) garantiza la seguridad alimentaria y consigue una vida \u00fatil de hasta 90 d\u00edas sin aplicar calor y sin conservantes o aditivos. Protege el sabor caracter\u00edstico y los beneficios para la salud de tu cold brew coffee o caf\u00e9 infusionado en fr\u00edo con HPP.","og_url":"https:\/\/www.hiperbaric.com\/es\/cafe-cold-brew-hpp\/","og_site_name":"Hiperbaric","article_modified_time":"2024-06-06T05:37:37+00:00","og_image":[{"url":"https:\/\/www.hiperbaric.com\/wp-content\/uploads\/2024\/01\/FoodSfety.png"}],"twitter_card":"summary_large_image","twitter_misc":{"Tiempo de lectura":"3 minutos"},"schema":{"@context":"https:\/\/schema.org","@graph":[{"@type":"WebPage","@id":"https:\/\/www.hiperbaric.com\/es\/cafe-cold-brew-hpp\/","url":"https:\/\/www.hiperbaric.com\/es\/cafe-cold-brew-hpp\/","name":"Beneficios HPP caf\u00e9 cold brew Coffee - Hiperbaric","isPartOf":{"@id":"https:\/\/www.hiperbaric.com\/en\/#website"},"primaryImageOfPage":{"@id":"https:\/\/www.hiperbaric.com\/es\/cafe-cold-brew-hpp\/#primaryimage"},"image":{"@id":"https:\/\/www.hiperbaric.com\/es\/cafe-cold-brew-hpp\/#primaryimage"},"thumbnailUrl":"https:\/\/www.hiperbaric.com\/wp-content\/uploads\/2024\/01\/FoodSfety.png","datePublished":"2024-01-23T09:14:17+00:00","dateModified":"2024-06-06T05:37:37+00:00","description":"La alta presi\u00f3n en fr\u00edo (HPP) garantiza la seguridad alimentaria y consigue una vida \u00fatil de hasta 90 d\u00edas sin aplicar calor y sin conservantes o aditivos. Protege el sabor caracter\u00edstico y los beneficios para la salud de tu cold brew coffee o caf\u00e9 infusionado en fr\u00edo con HPP.","breadcrumb":{"@id":"https:\/\/www.hiperbaric.com\/es\/cafe-cold-brew-hpp\/#breadcrumb"},"inLanguage":"es","potentialAction":[{"@type":"ReadAction","target":["https:\/\/www.hiperbaric.com\/es\/cafe-cold-brew-hpp\/"]}]},{"@type":"ImageObject","inLanguage":"es","@id":"https:\/\/www.hiperbaric.com\/es\/cafe-cold-brew-hpp\/#primaryimage","url":"https:\/\/www.hiperbaric.com\/wp-content\/uploads\/2024\/01\/FoodSfety.png","contentUrl":"https:\/\/www.hiperbaric.com\/wp-content\/uploads\/2024\/01\/FoodSfety.png"},{"@type":"BreadcrumbList","@id":"https:\/\/www.hiperbaric.com\/es\/cafe-cold-brew-hpp\/#breadcrumb","itemListElement":[{"@type":"ListItem","position":1,"name":"Home","item":"https:\/\/www.hiperbaric.com\/es\/"},{"@type":"ListItem","position":2,"name":"Caf\u00e9 Cold Brew HPP"}]},{"@type":"WebSite","@id":"https:\/\/www.hiperbaric.com\/en\/#website","url":"https:\/\/www.hiperbaric.com\/en\/","name":"Hiperbaric","description":"Procesado para la conservaci\u00f3n de alimentos","publisher":{"@id":"https:\/\/www.hiperbaric.com\/en\/#organization"},"potentialAction":[{"@type":"SearchAction","target":{"@type":"EntryPoint","urlTemplate":"https:\/\/www.hiperbaric.com\/en\/?s={search_term_string}"},"query-input":"required name=search_term_string"}],"inLanguage":"es"},{"@type":"Organization","@id":"https:\/\/www.hiperbaric.com\/en\/#organization","name":"Hiperbaric","url":"https:\/\/www.hiperbaric.com\/en\/","logo":{"@type":"ImageObject","inLanguage":"es","@id":"https:\/\/www.hiperbaric.com\/en\/#\/schema\/logo\/image\/","url":"https:\/\/www.hiperbaric.com\/wp-content\/uploads\/2026\/01\/cropped-hiperbaric-logotipo-1-2.png","contentUrl":"https:\/\/www.hiperbaric.com\/wp-content\/uploads\/2026\/01\/cropped-hiperbaric-logotipo-1-2.png","width":340,"height":72,"caption":"Hiperbaric"},"image":{"@id":"https:\/\/www.hiperbaric.com\/en\/#\/schema\/logo\/image\/"}}]}},"_links":{"self":[{"href":"https:\/\/www.hiperbaric.com\/es\/wp-json\/wp\/v2\/pages\/52861"}],"collection":[{"href":"https:\/\/www.hiperbaric.com\/es\/wp-json\/wp\/v2\/pages"}],"about":[{"href":"https:\/\/www.hiperbaric.com\/es\/wp-json\/wp\/v2\/types\/page"}],"author":[{"embeddable":true,"href":"https:\/\/www.hiperbaric.com\/es\/wp-json\/wp\/v2\/users\/15"}],"replies":[{"embeddable":true,"href":"https:\/\/www.hiperbaric.com\/es\/wp-json\/wp\/v2\/comments?post=52861"}],"version-history":[{"count":22,"href":"https:\/\/www.hiperbaric.com\/es\/wp-json\/wp\/v2\/pages\/52861\/revisions"}],"predecessor-version":[{"id":56827,"href":"https:\/\/www.hiperbaric.com\/es\/wp-json\/wp\/v2\/pages\/52861\/revisions\/56827"}],"wp:attachment":[{"href":"https:\/\/www.hiperbaric.com\/es\/wp-json\/wp\/v2\/media?parent=52861"}],"curies":[{"name":"wp","href":"https:\/\/api.w.org\/{rel}","templated":true}]}}