{"id":49841,"date":"2019-05-02T09:32:03","date_gmt":"2019-05-02T07:32:03","guid":{"rendered":"https:\/\/www.hiperbaric.com\/tecnologia-hpp\/servicios\/hpp-incubator-pilot-plants\/"},"modified":"2025-09-30T09:20:57","modified_gmt":"2025-09-30T07:20:57","slug":"hpp-incubator-plantas-piloto","status":"publish","type":"page","link":"https:\/\/www.hiperbaric.com\/es\/tecnologia-hpp\/servicios\/hpp-incubator-plantas-piloto\/","title":{"rendered":"HPP Incubator &#8211; Plantas piloto"},"content":{"rendered":"\n\n\t<h3><strong>Asesoramiento personalizado en el desarrollo de productos\u00a0<\/strong><\/h3>\n\t\t\t\t<img decoding=\"async\" loading=\"lazy\" src=\"https:\/\/www.hiperbaric.com\/wp-content\/uploads\/2023\/09\/Hiperbaric-135_low-res.png\" alt=\"Hiperbaric135\" itemprop=\"image\" height=\"982\" width=\"1313\" title=\"Hiperbaric 135_low res\" onerror=\"this.style.display='none'\"  \/>\n\t<p>Los <strong>HPP Incubator de Hiperbaric<\/strong> son centros de pruebas con equipos de procesado por alta presi\u00f3n de \u00faltima generaci\u00f3n con el fin de fomentar el emprendimiento en la industria alimentaria y facilitar el desarollo de productos con un alto valor a\u00f1adido.<\/p>\n<p>En estas plantas piloto, las empresas pueden realizar <strong>pruebas HPP y recibir un asesoramiento personalizado de manera gratuita<\/strong> acerca de la formulaci\u00f3n del producto, la idoneidad del envase, la realizaci\u00f3n de estudios validaci\u00f3n y de vida \u00fatil.<\/p>\n<p>El objetivo es educar y ayudar a las empresas a determinar si HPP es una tecnolog\u00eda viable para sus productos siempre con el <strong>apoyo durante todo el proceso de nuestros expertos HPP<\/strong>.<\/p>\n\t\t\t\t<img decoding=\"async\" loading=\"lazy\" src=\"https:\/\/www.hiperbaric.com\/wp-content\/uploads\/2023\/10\/divider-image-incubator-landing.png\" alt=\"divider image - incubator landing\" itemprop=\"image\" height=\"1478\" width=\"2560\" title=\"divider image - incubator landing\" onerror=\"this.style.display='none'\"  \/>\n\t<h3 data-element-id=\"hmap-3\">CONOCE NUESTRO EQUIPO DE APLICACIONES HPP<\/h3>\n\t\t\t\t<img decoding=\"async\" loading=\"lazy\" src=\"https:\/\/www.hiperbaric.com\/wp-content\/uploads\/2025\/09\/Apps-Team-3.jpg\" alt=\"Apps Team (3)\" itemprop=\"image\" height=\"471\" width=\"2000\" title=\"Apps Team (3)\" onerror=\"this.style.display='none'\"  \/>\n\t<p>Hiperbaric cuenta con <strong>un equipo de profesionales altamente cualificado<\/strong> que ofrece soporte t\u00e9cnico a fabricantes de alimentos y bebidas en el desarrollo y validaci\u00f3n de nuevos productos HPP.<\/p>\n\t<blockquote>\n<p>El equipo de aplicaciones de Hiperbaric est\u00e1 compuesto por expertos en ciencia y seguridad de los alimentos.<\/p>\n<p>Con m\u00e1s de 20 a\u00f1os de experiencia en HPP, pueden asistir en:<\/p>\n<\/blockquote>\n\t<ul>\n<li><strong><\/strong><strong>Determinar si HPP puede mejorar la calidad y la seguridad alimentaria y si el producto es apto para ser tratados por alta presi\u00f3n.<\/strong>&nbsp;<\/li>\n<li><strong><\/strong><strong>Asesorar en el desarrollo y la formulaci\u00f3n del producto.<\/strong>&nbsp;<\/li>\n<li><strong><\/strong><strong>Decidir los par\u00e1metros de proceso m\u00e1s adecuados, ya que la presi\u00f3n y el tiempo pueden variar dependiendo de cada producto.<\/strong>&nbsp;<\/li>\n<li><strong><\/strong><strong>Probar la eficacia del envase al ser procesado por altas presiones y recomendar proveedores de packaging HPP.<\/strong>&nbsp;<\/li>\n<li><strong><\/strong><strong>Ayudar con el cumplimiento normativo para adecuarse a las normas de seguridad alimentaria del pa\u00eds de destino.<\/strong>&nbsp;<\/li>\n<li><strong><\/strong><strong>Ofrecer un soporte eficiente, personalizado, directo y sin intermediarios.<\/strong>&nbsp;<\/li>\n<li><strong>Definir estudios de validaci\u00f3n a trav\u00e9s de nuestro HPP Academia Network para verificar la inactivaci\u00f3n microbiana y la extensi\u00f3n de la vida \u00fatil.<\/strong><\/li>\n<\/ul>\n\t<!--\n<iframe loading=\"lazy\" width=\"560\" height=\"315\" src=\"https:\/\/www.youtube.com\/embed\/jwMRHmXhTtw\" frameborder=\"0\" allow=\"accelerometer; autoplay; encrypted-media; gyroscope; picture-in-picture\" allowfullscreen><\/iframe>\n-->\n<iframe loading=\"lazy\" \n  width=\"560\" \n  height=\"315\"\n  src=\"https:\/\/www.youtube.com\/embed\/jwMRHmXhTtw\"\n  frameborder=\"0\" \n  allow=\"accelerometer; autoplay; encrypted-media; gyroscope; picture-in-picture\"><\/iframe>\n\t<h2><strong>Nuestras plantas piloto<\/strong><\/h2>\n\t<p>Nuestras plantas piloto cuentan con todo el equipamiento necesario para simular las condiciones de producci\u00f3n de diversos alimentos a escala de laboratorio.<\/p>\n\t\t\t\t<img decoding=\"async\" src=\"https:\/\/www.hiperbaric.com\/wp-content\/uploads\/2023\/10\/PilotPlantLocations-landingpage.png\" alt=\"PilotPlantLocations-landingpage.png\" itemprop=\"image\" title=\"PilotPlantLocations-landingpage.png\" onerror=\"this.style.display='none'\"  \/>\n\t\t\t\t<img decoding=\"async\" src=\"\/wp-content\/uploads\/2024\/06\/hiperbaric-china-shangai.png\" alt=\"hiperbaric-china-shangai.png\" itemprop=\"image\" title=\"hiperbaric-china-shangai.png\" onerror=\"this.style.display='none'\"  \/>\n  <a href=\"https:\/\/www.hiperbaric.com\/interactivos\/HPPIncubator\/index.htm\">\n    <button   onmouseover=\"this.style.backgroundColor='#0056a1'\" onmouseout=\"this.style.backgroundColor='#0091d7'\">\n      TOUR VIRTUAL\n    <\/button>\n  <\/a>\n\n","protected":false},"excerpt":{"rendered":"<p>Asesoramiento personalizado en el desarrollo de productos\u00a0 Los HPP Incubator de Hiperbaric son centros de pruebas con equipos de procesado por alta presi\u00f3n de \u00faltima generaci\u00f3n con el fin de fomentar el emprendimiento en la industria alimentaria y facilitar el desarollo de productos con un alto valor a\u00f1adido. En estas plantas piloto, las empresas pueden&#8230;<\/p>\n","protected":false},"author":1,"featured_media":0,"parent":11683,"menu_order":0,"comment_status":"closed","ping_status":"closed","template":"","meta":{"om_disable_all_campaigns":false,"inline_featured_image":false,"_monsterinsights_skip_tracking":false,"_monsterinsights_sitenote_active":false,"_monsterinsights_sitenote_note":"","_monsterinsights_sitenote_category":0,"footnotes":"","_wp_rev_ctl_limit":""},"acf":[],"yoast_head":"<!-- This site is optimized with the Yoast SEO plugin v22.4 - https:\/\/yoast.com\/wordpress\/plugins\/seo\/ -->\n<title>HPP Incubator - Plantas piloto - Hiperbaric<\/title>\n<meta name=\"description\" content=\"\u00bfInteresado en la tecnolog\u00eda HPP? Hiperbaric ofrece su HPP Incubator para empresas que buscan probar y desarrollar nuevos productos HPP.\" \/>\n<meta name=\"robots\" content=\"index, follow, max-snippet:-1, max-image-preview:large, max-video-preview:-1\" \/>\n<link rel=\"canonical\" href=\"https:\/\/www.hiperbaric.com\/es\/tecnologia-hpp\/servicios\/hpp-incubator-plantas-piloto\/\" \/>\n<meta property=\"og:locale\" content=\"es_ES\" \/>\n<meta property=\"og:type\" content=\"article\" \/>\n<meta property=\"og:title\" content=\"HPP Incubator - Plantas piloto - Hiperbaric\" \/>\n<meta property=\"og:description\" content=\"\u00bfInteresado en la tecnolog\u00eda HPP? Hiperbaric ofrece su HPP Incubator para empresas que buscan probar y desarrollar nuevos productos HPP.\" \/>\n<meta property=\"og:url\" content=\"https:\/\/www.hiperbaric.com\/es\/tecnologia-hpp\/servicios\/hpp-incubator-plantas-piloto\/\" \/>\n<meta property=\"og:site_name\" content=\"Hiperbaric\" \/>\n<meta property=\"article:modified_time\" content=\"2025-09-30T07:20:57+00:00\" \/>\n<meta property=\"og:image\" content=\"https:\/\/www.hiperbaric.com\/wp-content\/uploads\/2023\/09\/Hiperbaric-135_low-res.png\" \/>\n<meta name=\"twitter:card\" content=\"summary_large_image\" \/>\n<meta name=\"twitter:label1\" content=\"Tiempo de lectura\" \/>\n\t<meta name=\"twitter:data1\" content=\"3 minutos\" \/>\n<script type=\"application\/ld+json\" class=\"yoast-schema-graph\">{\"@context\":\"https:\/\/schema.org\",\"@graph\":[{\"@type\":\"WebPage\",\"@id\":\"https:\/\/www.hiperbaric.com\/es\/tecnologia-hpp\/servicios\/hpp-incubator-plantas-piloto\/\",\"url\":\"https:\/\/www.hiperbaric.com\/es\/tecnologia-hpp\/servicios\/hpp-incubator-plantas-piloto\/\",\"name\":\"HPP Incubator - Plantas piloto - Hiperbaric\",\"isPartOf\":{\"@id\":\"https:\/\/www.hiperbaric.com\/en\/#website\"},\"primaryImageOfPage\":{\"@id\":\"https:\/\/www.hiperbaric.com\/es\/tecnologia-hpp\/servicios\/hpp-incubator-plantas-piloto\/#primaryimage\"},\"image\":{\"@id\":\"https:\/\/www.hiperbaric.com\/es\/tecnologia-hpp\/servicios\/hpp-incubator-plantas-piloto\/#primaryimage\"},\"thumbnailUrl\":\"https:\/\/www.hiperbaric.com\/wp-content\/uploads\/2023\/09\/Hiperbaric-135_low-res.png\",\"datePublished\":\"2019-05-02T07:32:03+00:00\",\"dateModified\":\"2025-09-30T07:20:57+00:00\",\"description\":\"\u00bfInteresado en la tecnolog\u00eda HPP? Hiperbaric ofrece su HPP Incubator para empresas que buscan probar y desarrollar nuevos productos HPP.\",\"breadcrumb\":{\"@id\":\"https:\/\/www.hiperbaric.com\/es\/tecnologia-hpp\/servicios\/hpp-incubator-plantas-piloto\/#breadcrumb\"},\"inLanguage\":\"es\",\"potentialAction\":[{\"@type\":\"ReadAction\",\"target\":[\"https:\/\/www.hiperbaric.com\/es\/tecnologia-hpp\/servicios\/hpp-incubator-plantas-piloto\/\"]}]},{\"@type\":\"ImageObject\",\"inLanguage\":\"es\",\"@id\":\"https:\/\/www.hiperbaric.com\/es\/tecnologia-hpp\/servicios\/hpp-incubator-plantas-piloto\/#primaryimage\",\"url\":\"https:\/\/www.hiperbaric.com\/wp-content\/uploads\/2023\/09\/Hiperbaric-135_low-res.png\",\"contentUrl\":\"https:\/\/www.hiperbaric.com\/wp-content\/uploads\/2023\/09\/Hiperbaric-135_low-res.png\"},{\"@type\":\"BreadcrumbList\",\"@id\":\"https:\/\/www.hiperbaric.com\/es\/tecnologia-hpp\/servicios\/hpp-incubator-plantas-piloto\/#breadcrumb\",\"itemListElement\":[{\"@type\":\"ListItem\",\"position\":1,\"name\":\"Home\",\"item\":\"https:\/\/www.hiperbaric.com\/es\/\"},{\"@type\":\"ListItem\",\"position\":2,\"name\":\"Tecnolog\u00eda HPP\",\"item\":\"https:\/\/www.hiperbaric.com\/es\/tecnologia-hpp\/\"},{\"@type\":\"ListItem\",\"position\":3,\"name\":\"Servicios\",\"item\":\"https:\/\/www.hiperbaric.com\/es\/tecnologia-hpp\/servicios\/\"},{\"@type\":\"ListItem\",\"position\":4,\"name\":\"HPP Incubator &#8211; Plantas piloto\"}]},{\"@type\":\"WebSite\",\"@id\":\"https:\/\/www.hiperbaric.com\/en\/#website\",\"url\":\"https:\/\/www.hiperbaric.com\/en\/\",\"name\":\"Hiperbaric\",\"description\":\"Procesado para la conservaci\u00f3n de alimentos\",\"publisher\":{\"@id\":\"https:\/\/www.hiperbaric.com\/en\/#organization\"},\"potentialAction\":[{\"@type\":\"SearchAction\",\"target\":{\"@type\":\"EntryPoint\",\"urlTemplate\":\"https:\/\/www.hiperbaric.com\/en\/?s={search_term_string}\"},\"query-input\":\"required name=search_term_string\"}],\"inLanguage\":\"es\"},{\"@type\":\"Organization\",\"@id\":\"https:\/\/www.hiperbaric.com\/en\/#organization\",\"name\":\"Hiperbaric\",\"url\":\"https:\/\/www.hiperbaric.com\/en\/\",\"logo\":{\"@type\":\"ImageObject\",\"inLanguage\":\"es\",\"@id\":\"https:\/\/www.hiperbaric.com\/en\/#\/schema\/logo\/image\/\",\"url\":\"https:\/\/www.hiperbaric.com\/wp-content\/uploads\/2026\/01\/cropped-hiperbaric-logotipo-1-2.png\",\"contentUrl\":\"https:\/\/www.hiperbaric.com\/wp-content\/uploads\/2026\/01\/cropped-hiperbaric-logotipo-1-2.png\",\"width\":340,\"height\":72,\"caption\":\"Hiperbaric\"},\"image\":{\"@id\":\"https:\/\/www.hiperbaric.com\/en\/#\/schema\/logo\/image\/\"}}]}<\/script>\n<!-- \/ Yoast SEO plugin. -->","yoast_head_json":{"title":"HPP Incubator - Plantas piloto - Hiperbaric","description":"\u00bfInteresado en la tecnolog\u00eda HPP? Hiperbaric ofrece su HPP Incubator para empresas que buscan probar y desarrollar nuevos productos HPP.","robots":{"index":"index","follow":"follow","max-snippet":"max-snippet:-1","max-image-preview":"max-image-preview:large","max-video-preview":"max-video-preview:-1"},"canonical":"https:\/\/www.hiperbaric.com\/es\/tecnologia-hpp\/servicios\/hpp-incubator-plantas-piloto\/","og_locale":"es_ES","og_type":"article","og_title":"HPP Incubator - Plantas piloto - Hiperbaric","og_description":"\u00bfInteresado en la tecnolog\u00eda HPP? Hiperbaric ofrece su HPP Incubator para empresas que buscan probar y desarrollar nuevos productos HPP.","og_url":"https:\/\/www.hiperbaric.com\/es\/tecnologia-hpp\/servicios\/hpp-incubator-plantas-piloto\/","og_site_name":"Hiperbaric","article_modified_time":"2025-09-30T07:20:57+00:00","og_image":[{"url":"https:\/\/www.hiperbaric.com\/wp-content\/uploads\/2023\/09\/Hiperbaric-135_low-res.png"}],"twitter_card":"summary_large_image","twitter_misc":{"Tiempo de lectura":"3 minutos"},"schema":{"@context":"https:\/\/schema.org","@graph":[{"@type":"WebPage","@id":"https:\/\/www.hiperbaric.com\/es\/tecnologia-hpp\/servicios\/hpp-incubator-plantas-piloto\/","url":"https:\/\/www.hiperbaric.com\/es\/tecnologia-hpp\/servicios\/hpp-incubator-plantas-piloto\/","name":"HPP Incubator - Plantas piloto - Hiperbaric","isPartOf":{"@id":"https:\/\/www.hiperbaric.com\/en\/#website"},"primaryImageOfPage":{"@id":"https:\/\/www.hiperbaric.com\/es\/tecnologia-hpp\/servicios\/hpp-incubator-plantas-piloto\/#primaryimage"},"image":{"@id":"https:\/\/www.hiperbaric.com\/es\/tecnologia-hpp\/servicios\/hpp-incubator-plantas-piloto\/#primaryimage"},"thumbnailUrl":"https:\/\/www.hiperbaric.com\/wp-content\/uploads\/2023\/09\/Hiperbaric-135_low-res.png","datePublished":"2019-05-02T07:32:03+00:00","dateModified":"2025-09-30T07:20:57+00:00","description":"\u00bfInteresado en la tecnolog\u00eda HPP? Hiperbaric ofrece su HPP Incubator para empresas que buscan probar y desarrollar nuevos productos HPP.","breadcrumb":{"@id":"https:\/\/www.hiperbaric.com\/es\/tecnologia-hpp\/servicios\/hpp-incubator-plantas-piloto\/#breadcrumb"},"inLanguage":"es","potentialAction":[{"@type":"ReadAction","target":["https:\/\/www.hiperbaric.com\/es\/tecnologia-hpp\/servicios\/hpp-incubator-plantas-piloto\/"]}]},{"@type":"ImageObject","inLanguage":"es","@id":"https:\/\/www.hiperbaric.com\/es\/tecnologia-hpp\/servicios\/hpp-incubator-plantas-piloto\/#primaryimage","url":"https:\/\/www.hiperbaric.com\/wp-content\/uploads\/2023\/09\/Hiperbaric-135_low-res.png","contentUrl":"https:\/\/www.hiperbaric.com\/wp-content\/uploads\/2023\/09\/Hiperbaric-135_low-res.png"},{"@type":"BreadcrumbList","@id":"https:\/\/www.hiperbaric.com\/es\/tecnologia-hpp\/servicios\/hpp-incubator-plantas-piloto\/#breadcrumb","itemListElement":[{"@type":"ListItem","position":1,"name":"Home","item":"https:\/\/www.hiperbaric.com\/es\/"},{"@type":"ListItem","position":2,"name":"Tecnolog\u00eda HPP","item":"https:\/\/www.hiperbaric.com\/es\/tecnologia-hpp\/"},{"@type":"ListItem","position":3,"name":"Servicios","item":"https:\/\/www.hiperbaric.com\/es\/tecnologia-hpp\/servicios\/"},{"@type":"ListItem","position":4,"name":"HPP Incubator &#8211; Plantas piloto"}]},{"@type":"WebSite","@id":"https:\/\/www.hiperbaric.com\/en\/#website","url":"https:\/\/www.hiperbaric.com\/en\/","name":"Hiperbaric","description":"Procesado para la conservaci\u00f3n de alimentos","publisher":{"@id":"https:\/\/www.hiperbaric.com\/en\/#organization"},"potentialAction":[{"@type":"SearchAction","target":{"@type":"EntryPoint","urlTemplate":"https:\/\/www.hiperbaric.com\/en\/?s={search_term_string}"},"query-input":"required name=search_term_string"}],"inLanguage":"es"},{"@type":"Organization","@id":"https:\/\/www.hiperbaric.com\/en\/#organization","name":"Hiperbaric","url":"https:\/\/www.hiperbaric.com\/en\/","logo":{"@type":"ImageObject","inLanguage":"es","@id":"https:\/\/www.hiperbaric.com\/en\/#\/schema\/logo\/image\/","url":"https:\/\/www.hiperbaric.com\/wp-content\/uploads\/2026\/01\/cropped-hiperbaric-logotipo-1-2.png","contentUrl":"https:\/\/www.hiperbaric.com\/wp-content\/uploads\/2026\/01\/cropped-hiperbaric-logotipo-1-2.png","width":340,"height":72,"caption":"Hiperbaric"},"image":{"@id":"https:\/\/www.hiperbaric.com\/en\/#\/schema\/logo\/image\/"}}]}},"_links":{"self":[{"href":"https:\/\/www.hiperbaric.com\/es\/wp-json\/wp\/v2\/pages\/49841"}],"collection":[{"href":"https:\/\/www.hiperbaric.com\/es\/wp-json\/wp\/v2\/pages"}],"about":[{"href":"https:\/\/www.hiperbaric.com\/es\/wp-json\/wp\/v2\/types\/page"}],"author":[{"embeddable":true,"href":"https:\/\/www.hiperbaric.com\/es\/wp-json\/wp\/v2\/users\/1"}],"replies":[{"embeddable":true,"href":"https:\/\/www.hiperbaric.com\/es\/wp-json\/wp\/v2\/comments?post=49841"}],"version-history":[{"count":7,"href":"https:\/\/www.hiperbaric.com\/es\/wp-json\/wp\/v2\/pages\/49841\/revisions"}],"predecessor-version":[{"id":65259,"href":"https:\/\/www.hiperbaric.com\/es\/wp-json\/wp\/v2\/pages\/49841\/revisions\/65259"}],"up":[{"embeddable":true,"href":"https:\/\/www.hiperbaric.com\/es\/wp-json\/wp\/v2\/pages\/11683"}],"wp:attachment":[{"href":"https:\/\/www.hiperbaric.com\/es\/wp-json\/wp\/v2\/media?parent=49841"}],"curies":[{"name":"wp","href":"https:\/\/api.w.org\/{rel}","templated":true}]}}