{"id":41676,"date":"2022-11-16T11:15:43","date_gmt":"2022-11-16T10:15:43","guid":{"rendered":"https:\/\/www.hiperbaric.com\/?page_id=41676"},"modified":"2023-03-01T16:15:44","modified_gmt":"2023-03-01T15:15:44","slug":"hpp-for-raw-pet-food","status":"publish","type":"page","link":"https:\/\/www.hiperbaric.com\/es\/tecnologia-hpp\/recursos-hpp\/webinars\/hpp-for-raw-pet-food\/","title":{"rendered":"WEBINAR | C\u00f3mo usar HPP para las dietas de alimentos crudos para mascotas?"},"content":{"rendered":"\n\n\t<p>Uno de los sectores de mayor crecimiento de el procesado por las altas presiones (HPP) de hoy es la comida cruda para mascotas. A medida que la tecnolog\u00eda HPP evoluciona para eliminar los pat\u00f3genos transmitidos por los alimentos en ingredientes frescos y crudos, tambi\u00e9n lo hacen las opciones para que los due\u00f1os de mascotas alimenten a sus gatos y perros con comidas crudas.<\/p>\n<p>Las principales marcas de alimentos crudos para mascotas, como Instinct, han adoptado HPP para controlar las bacterias da\u00f1inas y proteger a sus clientes peludos.<\/p>\n<p>El procesamiento de alta presi\u00f3n es una tecnolog\u00eda de conservaci\u00f3n de alimentos no t\u00e9rmica que utiliza agua y alta presi\u00f3n para inactivar los pat\u00f3genos transmitidos por los alimentos y los microorganismos de deterioro, lo que hace que los alimentos crudos para mascotas sean m\u00e1s seguros para las mascotas y sus due\u00f1os.<\/p>\n<p><strong>En este webinar aprender\u00e1s sobre:<\/strong><\/p>\n<ul>\n<li>Descripci\u00f3n general del procesamiento de alta presi\u00f3n (HPP) y el mercado de alimentos para mascotas HPP<\/li>\n<li>C\u00f3mo HPP preserva el perfil nutricional crudo de los productos alimenticios para mascotas<\/li>\n<li>C\u00f3mo HPP prolonga la vida \u00fatil de los alimentos crudos para mascotas<\/li>\n<li>C\u00f3mo Instinct, fabricante de alimentos crudos para mascotas, utiliza HPP para mejorar la seguridad microbiana de los alimentos<\/li>\n<\/ul>\n<p><strong>Idioma:<\/strong> ingl\u00e9s<img decoding=\"async\" loading=\"lazy\" src=\"https:\/\/www.hiperbaric.com\/wp-content\/uploads\/2020\/08\/icono-ingl\u00e9s-webinars-276x300.jpg\" alt=\"\" width=\"50\" height=\"54\" \/><\/p>\n\t\t<h3>\u00a1Reg\u00edstrate gratis!<\/h3>\t\t\n\t\t\t<p>Recibir\u00e1s la grabaci\u00f3n del webinar directamente en tu email<\/p>\t\t\n\t<iframe loading=\"lazy\" src=\"https:\/\/forms.marketing.hiperbaric.com\/l\/881883\/2020-08-24\/d1h?Language=Spanish&#038;URL=tbf2JTmp5vI&#038;Business_line=HPP&#038;Source_text=Pet%20Food%20Webinar%20Recording\" type=\"text\/html\" allowtransparency=\"true\" width=\"100%\" height=\"500\" frameborder=\"0\"><\/iframe> \n<h3>\n\tPonentes\n\t<\/h3>\n\t<p><img decoding=\"async\" loading=\"lazy\" src=\"https:\/\/www.hiperbaric.com\/wp-content\/uploads\/2023\/02\/Vinicio-Serment-300x300.png\" alt=\"\" width=\"300\" height=\"300\" \/><\/p>\n\t<strong>Dr. Vinicio Serment<br \/>\n<\/strong>Especialista de Aplicaciones\n\t<p><img decoding=\"async\" loading=\"lazy\" src=\"https:\/\/www.hiperbaric.com\/wp-content\/uploads\/2021\/12\/hhighpressureprocessing-300x68.png\" alt=\"\" width=\"300\" height=\"68\" \/><\/p>\n\t<p><img decoding=\"async\" loading=\"lazy\" src=\"https:\/\/www.hiperbaric.com\/wp-content\/uploads\/2023\/02\/Jason-Meents-300x300.png\" alt=\"\" width=\"300\" height=\"300\" \/><\/p>\n\t<strong>Jason Meents<\/strong><br \/>\nVicepresidente de I+D\n\t<p><img decoding=\"async\" loading=\"lazy\" src=\"https:\/\/www.hiperbaric.com\/wp-content\/uploads\/2023\/02\/Instinct_TRB_PrimaryLogo_RGB-300x101.png\" alt=\"\" width=\"240\" height=\"81\" \/><\/p>\n\t<p><img decoding=\"async\" loading=\"lazy\" src=\"https:\/\/www.hiperbaric.com\/wp-content\/uploads\/2023\/02\/Grace-Danao-300x300.png\" alt=\"\" width=\"300\" height=\"300\" \/><\/p>\n\t<strong>Dra. Grace Danao<\/strong><br \/>\nProfesora Asociada de Investigacion\n\n\t<p><img decoding=\"async\" loading=\"lazy\" src=\"https:\/\/www.hiperbaric.com\/wp-content\/uploads\/2023\/02\/Nh_Food_Science__Technology_FPC_FST_RGB-300x71.png\" alt=\"\" width=\"300\" height=\"71\" \/><\/p>\n\n\n","protected":false},"excerpt":{"rendered":"<p>Uno de los sectores de mayor crecimiento de el procesado por las altas presiones (HPP) de hoy es la comida cruda para mascotas. A medida que la tecnolog\u00eda HPP evoluciona para eliminar los pat\u00f3genos transmitidos por los alimentos en ingredientes frescos y crudos, tambi\u00e9n lo hacen las opciones para que los due\u00f1os de mascotas alimenten&#8230;<\/p>\n","protected":false},"author":6,"featured_media":0,"parent":20866,"menu_order":0,"comment_status":"closed","ping_status":"closed","template":"","meta":{"om_disable_all_campaigns":false,"inline_featured_image":false,"_monsterinsights_skip_tracking":false,"_monsterinsights_sitenote_active":false,"_monsterinsights_sitenote_note":"","_monsterinsights_sitenote_category":0,"footnotes":"","_wp_rev_ctl_limit":""},"acf":[],"yoast_head":"<!-- This site is optimized with the Yoast SEO plugin v22.4 - https:\/\/yoast.com\/wordpress\/plugins\/seo\/ -->\n<title>WEBINAR | C\u00f3mo usar HPP para las dietas de alimentos crudos para mascotas? - Hiperbaric<\/title>\n<meta name=\"description\" content=\"Descubra c\u00f3mo los fabricantes de alimentos crudos para mascotas utilizan HPP para mejorar la seguridad alimentaria y prolongar la vida \u00fatil de las dietas de alimentos crudos para mascotas.\" \/>\n<meta name=\"robots\" content=\"index, follow, max-snippet:-1, max-image-preview:large, max-video-preview:-1\" \/>\n<link rel=\"canonical\" href=\"https:\/\/www.hiperbaric.com\/es\/tecnologia-hpp\/recursos-hpp\/webinars\/hpp-for-raw-pet-food\/\" \/>\n<meta property=\"og:locale\" content=\"es_ES\" \/>\n<meta property=\"og:type\" content=\"article\" \/>\n<meta property=\"og:title\" content=\"WEBINAR | C\u00f3mo usar HPP para las dietas de alimentos crudos para mascotas? - Hiperbaric\" \/>\n<meta property=\"og:description\" content=\"Descubra c\u00f3mo los fabricantes de alimentos crudos para mascotas utilizan HPP para mejorar la seguridad alimentaria y prolongar la vida \u00fatil de las dietas de alimentos crudos para mascotas.\" \/>\n<meta property=\"og:url\" content=\"https:\/\/www.hiperbaric.com\/es\/tecnologia-hpp\/recursos-hpp\/webinars\/hpp-for-raw-pet-food\/\" \/>\n<meta property=\"og:site_name\" content=\"Hiperbaric\" \/>\n<meta property=\"article:modified_time\" content=\"2023-03-01T15:15:44+00:00\" \/>\n<meta property=\"og:image\" content=\"https:\/\/www.hiperbaric.com\/wp-content\/uploads\/2023\/02\/Vinicio-Serment-300x300.png\" \/>\n<meta name=\"twitter:card\" content=\"summary_large_image\" \/>\n<meta name=\"twitter:label1\" content=\"Tiempo de lectura\" \/>\n\t<meta name=\"twitter:data1\" content=\"3 minutos\" \/>\n<script type=\"application\/ld+json\" class=\"yoast-schema-graph\">{\"@context\":\"https:\/\/schema.org\",\"@graph\":[{\"@type\":\"WebPage\",\"@id\":\"https:\/\/www.hiperbaric.com\/es\/tecnologia-hpp\/recursos-hpp\/webinars\/hpp-for-raw-pet-food\/\",\"url\":\"https:\/\/www.hiperbaric.com\/es\/tecnologia-hpp\/recursos-hpp\/webinars\/hpp-for-raw-pet-food\/\",\"name\":\"WEBINAR | C\u00f3mo usar HPP para las dietas de alimentos crudos para mascotas? - Hiperbaric\",\"isPartOf\":{\"@id\":\"https:\/\/www.hiperbaric.com\/en\/#website\"},\"primaryImageOfPage\":{\"@id\":\"https:\/\/www.hiperbaric.com\/es\/tecnologia-hpp\/recursos-hpp\/webinars\/hpp-for-raw-pet-food\/#primaryimage\"},\"image\":{\"@id\":\"https:\/\/www.hiperbaric.com\/es\/tecnologia-hpp\/recursos-hpp\/webinars\/hpp-for-raw-pet-food\/#primaryimage\"},\"thumbnailUrl\":\"https:\/\/www.hiperbaric.com\/wp-content\/uploads\/2023\/02\/Vinicio-Serment-300x300.png\",\"datePublished\":\"2022-11-16T10:15:43+00:00\",\"dateModified\":\"2023-03-01T15:15:44+00:00\",\"description\":\"Descubra c\u00f3mo los fabricantes de alimentos crudos para mascotas utilizan HPP para mejorar la seguridad alimentaria y prolongar la vida \u00fatil de las dietas de alimentos crudos para mascotas.\",\"breadcrumb\":{\"@id\":\"https:\/\/www.hiperbaric.com\/es\/tecnologia-hpp\/recursos-hpp\/webinars\/hpp-for-raw-pet-food\/#breadcrumb\"},\"inLanguage\":\"es\",\"potentialAction\":[{\"@type\":\"ReadAction\",\"target\":[\"https:\/\/www.hiperbaric.com\/es\/tecnologia-hpp\/recursos-hpp\/webinars\/hpp-for-raw-pet-food\/\"]}]},{\"@type\":\"ImageObject\",\"inLanguage\":\"es\",\"@id\":\"https:\/\/www.hiperbaric.com\/es\/tecnologia-hpp\/recursos-hpp\/webinars\/hpp-for-raw-pet-food\/#primaryimage\",\"url\":\"https:\/\/www.hiperbaric.com\/wp-content\/uploads\/2023\/02\/Vinicio-Serment-300x300.png\",\"contentUrl\":\"https:\/\/www.hiperbaric.com\/wp-content\/uploads\/2023\/02\/Vinicio-Serment-300x300.png\"},{\"@type\":\"BreadcrumbList\",\"@id\":\"https:\/\/www.hiperbaric.com\/es\/tecnologia-hpp\/recursos-hpp\/webinars\/hpp-for-raw-pet-food\/#breadcrumb\",\"itemListElement\":[{\"@type\":\"ListItem\",\"position\":1,\"name\":\"Home\",\"item\":\"https:\/\/www.hiperbaric.com\/es\/\"},{\"@type\":\"ListItem\",\"position\":2,\"name\":\"Tecnolog\u00eda HPP\",\"item\":\"https:\/\/www.hiperbaric.com\/es\/tecnologia-hpp\/\"},{\"@type\":\"ListItem\",\"position\":3,\"name\":\"Recursos Tecnolog\u00eda HPP\",\"item\":\"https:\/\/www.hiperbaric.com\/es\/tecnologia-hpp\/recursos-hpp\/\"},{\"@type\":\"ListItem\",\"position\":4,\"name\":\"Webinars\",\"item\":\"https:\/\/www.hiperbaric.com\/es\/tecnologia-hpp\/recursos-hpp\/webinars\/\"},{\"@type\":\"ListItem\",\"position\":5,\"name\":\"WEBINAR | C\u00f3mo usar HPP para las dietas de alimentos crudos para mascotas?\"}]},{\"@type\":\"WebSite\",\"@id\":\"https:\/\/www.hiperbaric.com\/en\/#website\",\"url\":\"https:\/\/www.hiperbaric.com\/en\/\",\"name\":\"Hiperbaric\",\"description\":\"Procesado para la conservaci\u00f3n de alimentos\",\"publisher\":{\"@id\":\"https:\/\/www.hiperbaric.com\/en\/#organization\"},\"potentialAction\":[{\"@type\":\"SearchAction\",\"target\":{\"@type\":\"EntryPoint\",\"urlTemplate\":\"https:\/\/www.hiperbaric.com\/en\/?s={search_term_string}\"},\"query-input\":\"required name=search_term_string\"}],\"inLanguage\":\"es\"},{\"@type\":\"Organization\",\"@id\":\"https:\/\/www.hiperbaric.com\/en\/#organization\",\"name\":\"Hiperbaric\",\"url\":\"https:\/\/www.hiperbaric.com\/en\/\",\"logo\":{\"@type\":\"ImageObject\",\"inLanguage\":\"es\",\"@id\":\"https:\/\/www.hiperbaric.com\/en\/#\/schema\/logo\/image\/\",\"url\":\"https:\/\/www.hiperbaric.com\/wp-content\/uploads\/2026\/01\/cropped-hiperbaric-logotipo-1-2.png\",\"contentUrl\":\"https:\/\/www.hiperbaric.com\/wp-content\/uploads\/2026\/01\/cropped-hiperbaric-logotipo-1-2.png\",\"width\":340,\"height\":72,\"caption\":\"Hiperbaric\"},\"image\":{\"@id\":\"https:\/\/www.hiperbaric.com\/en\/#\/schema\/logo\/image\/\"}}]}<\/script>\n<!-- \/ Yoast SEO plugin. -->","yoast_head_json":{"title":"WEBINAR | C\u00f3mo usar HPP para las dietas de alimentos crudos para mascotas? - Hiperbaric","description":"Descubra c\u00f3mo los fabricantes de alimentos crudos para mascotas utilizan HPP para mejorar la seguridad alimentaria y prolongar la vida \u00fatil de las dietas de alimentos crudos para mascotas.","robots":{"index":"index","follow":"follow","max-snippet":"max-snippet:-1","max-image-preview":"max-image-preview:large","max-video-preview":"max-video-preview:-1"},"canonical":"https:\/\/www.hiperbaric.com\/es\/tecnologia-hpp\/recursos-hpp\/webinars\/hpp-for-raw-pet-food\/","og_locale":"es_ES","og_type":"article","og_title":"WEBINAR | C\u00f3mo usar HPP para las dietas de alimentos crudos para mascotas? - Hiperbaric","og_description":"Descubra c\u00f3mo los fabricantes de alimentos crudos para mascotas utilizan HPP para mejorar la seguridad alimentaria y prolongar la vida \u00fatil de las dietas de alimentos crudos para mascotas.","og_url":"https:\/\/www.hiperbaric.com\/es\/tecnologia-hpp\/recursos-hpp\/webinars\/hpp-for-raw-pet-food\/","og_site_name":"Hiperbaric","article_modified_time":"2023-03-01T15:15:44+00:00","og_image":[{"url":"https:\/\/www.hiperbaric.com\/wp-content\/uploads\/2023\/02\/Vinicio-Serment-300x300.png"}],"twitter_card":"summary_large_image","twitter_misc":{"Tiempo de lectura":"3 minutos"},"schema":{"@context":"https:\/\/schema.org","@graph":[{"@type":"WebPage","@id":"https:\/\/www.hiperbaric.com\/es\/tecnologia-hpp\/recursos-hpp\/webinars\/hpp-for-raw-pet-food\/","url":"https:\/\/www.hiperbaric.com\/es\/tecnologia-hpp\/recursos-hpp\/webinars\/hpp-for-raw-pet-food\/","name":"WEBINAR | C\u00f3mo usar HPP para las dietas de alimentos crudos para mascotas? - Hiperbaric","isPartOf":{"@id":"https:\/\/www.hiperbaric.com\/en\/#website"},"primaryImageOfPage":{"@id":"https:\/\/www.hiperbaric.com\/es\/tecnologia-hpp\/recursos-hpp\/webinars\/hpp-for-raw-pet-food\/#primaryimage"},"image":{"@id":"https:\/\/www.hiperbaric.com\/es\/tecnologia-hpp\/recursos-hpp\/webinars\/hpp-for-raw-pet-food\/#primaryimage"},"thumbnailUrl":"https:\/\/www.hiperbaric.com\/wp-content\/uploads\/2023\/02\/Vinicio-Serment-300x300.png","datePublished":"2022-11-16T10:15:43+00:00","dateModified":"2023-03-01T15:15:44+00:00","description":"Descubra c\u00f3mo los fabricantes de alimentos crudos para mascotas utilizan HPP para mejorar la seguridad alimentaria y prolongar la vida \u00fatil de las dietas de alimentos crudos para mascotas.","breadcrumb":{"@id":"https:\/\/www.hiperbaric.com\/es\/tecnologia-hpp\/recursos-hpp\/webinars\/hpp-for-raw-pet-food\/#breadcrumb"},"inLanguage":"es","potentialAction":[{"@type":"ReadAction","target":["https:\/\/www.hiperbaric.com\/es\/tecnologia-hpp\/recursos-hpp\/webinars\/hpp-for-raw-pet-food\/"]}]},{"@type":"ImageObject","inLanguage":"es","@id":"https:\/\/www.hiperbaric.com\/es\/tecnologia-hpp\/recursos-hpp\/webinars\/hpp-for-raw-pet-food\/#primaryimage","url":"https:\/\/www.hiperbaric.com\/wp-content\/uploads\/2023\/02\/Vinicio-Serment-300x300.png","contentUrl":"https:\/\/www.hiperbaric.com\/wp-content\/uploads\/2023\/02\/Vinicio-Serment-300x300.png"},{"@type":"BreadcrumbList","@id":"https:\/\/www.hiperbaric.com\/es\/tecnologia-hpp\/recursos-hpp\/webinars\/hpp-for-raw-pet-food\/#breadcrumb","itemListElement":[{"@type":"ListItem","position":1,"name":"Home","item":"https:\/\/www.hiperbaric.com\/es\/"},{"@type":"ListItem","position":2,"name":"Tecnolog\u00eda HPP","item":"https:\/\/www.hiperbaric.com\/es\/tecnologia-hpp\/"},{"@type":"ListItem","position":3,"name":"Recursos Tecnolog\u00eda HPP","item":"https:\/\/www.hiperbaric.com\/es\/tecnologia-hpp\/recursos-hpp\/"},{"@type":"ListItem","position":4,"name":"Webinars","item":"https:\/\/www.hiperbaric.com\/es\/tecnologia-hpp\/recursos-hpp\/webinars\/"},{"@type":"ListItem","position":5,"name":"WEBINAR | C\u00f3mo usar HPP para las dietas de alimentos crudos para mascotas?"}]},{"@type":"WebSite","@id":"https:\/\/www.hiperbaric.com\/en\/#website","url":"https:\/\/www.hiperbaric.com\/en\/","name":"Hiperbaric","description":"Procesado para la conservaci\u00f3n de alimentos","publisher":{"@id":"https:\/\/www.hiperbaric.com\/en\/#organization"},"potentialAction":[{"@type":"SearchAction","target":{"@type":"EntryPoint","urlTemplate":"https:\/\/www.hiperbaric.com\/en\/?s={search_term_string}"},"query-input":"required name=search_term_string"}],"inLanguage":"es"},{"@type":"Organization","@id":"https:\/\/www.hiperbaric.com\/en\/#organization","name":"Hiperbaric","url":"https:\/\/www.hiperbaric.com\/en\/","logo":{"@type":"ImageObject","inLanguage":"es","@id":"https:\/\/www.hiperbaric.com\/en\/#\/schema\/logo\/image\/","url":"https:\/\/www.hiperbaric.com\/wp-content\/uploads\/2026\/01\/cropped-hiperbaric-logotipo-1-2.png","contentUrl":"https:\/\/www.hiperbaric.com\/wp-content\/uploads\/2026\/01\/cropped-hiperbaric-logotipo-1-2.png","width":340,"height":72,"caption":"Hiperbaric"},"image":{"@id":"https:\/\/www.hiperbaric.com\/en\/#\/schema\/logo\/image\/"}}]}},"_links":{"self":[{"href":"https:\/\/www.hiperbaric.com\/es\/wp-json\/wp\/v2\/pages\/41676"}],"collection":[{"href":"https:\/\/www.hiperbaric.com\/es\/wp-json\/wp\/v2\/pages"}],"about":[{"href":"https:\/\/www.hiperbaric.com\/es\/wp-json\/wp\/v2\/types\/page"}],"author":[{"embeddable":true,"href":"https:\/\/www.hiperbaric.com\/es\/wp-json\/wp\/v2\/users\/6"}],"replies":[{"embeddable":true,"href":"https:\/\/www.hiperbaric.com\/es\/wp-json\/wp\/v2\/comments?post=41676"}],"version-history":[{"count":16,"href":"https:\/\/www.hiperbaric.com\/es\/wp-json\/wp\/v2\/pages\/41676\/revisions"}],"predecessor-version":[{"id":43690,"href":"https:\/\/www.hiperbaric.com\/es\/wp-json\/wp\/v2\/pages\/41676\/revisions\/43690"}],"up":[{"embeddable":true,"href":"https:\/\/www.hiperbaric.com\/es\/wp-json\/wp\/v2\/pages\/20866"}],"wp:attachment":[{"href":"https:\/\/www.hiperbaric.com\/es\/wp-json\/wp\/v2\/media?parent=41676"}],"curies":[{"name":"wp","href":"https:\/\/api.w.org\/{rel}","templated":true}]}}