{"id":34767,"date":"2022-01-28T07:51:54","date_gmt":"2022-01-28T06:51:54","guid":{"rendered":"https:\/\/www.hiperbaric.com\/?page_id=34767"},"modified":"2022-02-08T16:32:08","modified_gmt":"2022-02-08T15:32:08","slug":"desempeno-ambiental","status":"publish","type":"page","link":"https:\/\/www.hiperbaric.com\/es\/quienes-somos\/politica-gestion-integrada\/desempeno-ambiental\/","title":{"rendered":"Desempe\u00f1o Ambiental"},"content":{"rendered":"\n\t<p><strong>POLITICA DE GESTION<\/strong><\/p>\n\t<h3><strong>Principios que constituyen la Pol\u00edtica de Gesti\u00f3n Integrada de Hiperbaric<\/strong><\/h3>\n\t<p>El desempe\u00f1o ambiental de Hiperbaric forma parte de la pol\u00edtica estrat\u00e9gica de Hiperbaric por la mejora continua. La compa\u00f1\u00eda ha implantado un Sistema de Gesti\u00f3n Integrado de Calidad, Medio Ambiente y Prevenci\u00f3n de Riesgos Laborales, acorde con los requisitos de las normas UNE-EN ISO 9001:2015, UNE-EN ISO 14001:2015 e ISO 45001:2018, que se encuentra en proceso de certificaci\u00f3n por AENOR.<\/p>\n\t<p>En nuestro compromiso de protecci\u00f3n del medioambiente y prevenci\u00f3n de la contaminaci\u00f3n, el sistema de gesti\u00f3n ambiental se revisa y eval\u00faa peri\u00f3dicamente, con el objetivo de identificar acciones que maximicen el impacto positivo de nuestra actividad en el entorno que nos rodea.<\/p>\n\t\t\t\t<img decoding=\"async\" loading=\"lazy\" src=\"https:\/\/www.hiperbaric.com\/wp-content\/uploads\/2022\/01\/Screenshot_3.png\" alt=\"Screenshot_3\" itemprop=\"image\" height=\"488\" width=\"476\" title=\"Screenshot_3\" onerror=\"this.style.display='none'\"  \/>\n\t<h2><strong>Objetivos Generales<\/strong><\/h2>\n\t<p><strong>MEDIO AMBIENTE<\/strong><\/p>\n\t<p>Cumplir con la Legislaci\u00f3n y Normativa Ambiental<\/p>\n\t<p>Establecer Objetivos Ambientales<\/p>\n\t<p>Mantener la Certificaci\u00f3n ISO 14001<\/p>\n\t<p>Proteger el medio ambiente<\/p>\n\t<p>Prevenir la contaminaci\u00f3n <\/p>\n\t<h2><strong>Indicadores Ambientales<\/strong><\/h2>\n\t<p>Hiperbaric es una empresa comprometida con el medioambiente, que tiene implantado un sistema de gesti\u00f3n ambiental, seg\u00fan la norma ISO 14001. De los aspectos ambientales definidos, se han establecido una serie de indicadores que se incorporan al cuadro de mando que informa sobre el desempe\u00f1o ambiental de la organizaci\u00f3n.<\/p>\n<p>A continuaci\u00f3n, se muestran los gr\u00e1ficos con los datos de los indicadores ambientales m\u00e1s relevantes:<\/p>\n\t\t\t\t<img decoding=\"async\" loading=\"lazy\" src=\"https:\/\/www.hiperbaric.com\/wp-content\/uploads\/2022\/02\/Grafica-4.png\" alt=\"Grafica (4)\" itemprop=\"image\" height=\"435\" width=\"732\" title=\"Grafica (4)\" onerror=\"this.style.display='none'\"  \/>\n\t\t\t\t<img decoding=\"async\" loading=\"lazy\" src=\"https:\/\/www.hiperbaric.com\/wp-content\/uploads\/2022\/02\/Grafica-3.png\" alt=\"Grafica (3)\" itemprop=\"image\" height=\"435\" width=\"732\" title=\"Grafica (3)\" onerror=\"this.style.display='none'\"  \/>\n\t\t\t\t<img decoding=\"async\" loading=\"lazy\" src=\"https:\/\/www.hiperbaric.com\/wp-content\/uploads\/2022\/02\/Grafica-2.png\" alt=\"Grafica (2)\" itemprop=\"image\" height=\"435\" width=\"732\" title=\"Grafica (2)\" onerror=\"this.style.display='none'\"  \/>\n\t\t\t\t<img decoding=\"async\" loading=\"lazy\" src=\"https:\/\/www.hiperbaric.com\/wp-content\/uploads\/2022\/02\/Grafica_Nueva1.png\" alt=\"Grafica_Nueva1\" itemprop=\"image\" height=\"435\" width=\"732\" title=\"Grafica_Nueva1\" onerror=\"this.style.display='none'\"  \/>\n\t\t\t\t<img decoding=\"async\" loading=\"lazy\" src=\"https:\/\/www.hiperbaric.com\/wp-content\/uploads\/2022\/02\/Grafica_Nueva3.png\" alt=\"Grafica_Nueva3\" itemprop=\"image\" height=\"435\" width=\"732\" title=\"Grafica_Nueva3\" onerror=\"this.style.display='none'\"  \/>\n","protected":false},"excerpt":{"rendered":"<p>POLITICA DE GESTION Principios que constituyen la Pol\u00edtica de Gesti\u00f3n Integrada de Hiperbaric El desempe\u00f1o ambiental de Hiperbaric forma parte de la pol\u00edtica estrat\u00e9gica de Hiperbaric por la mejora continua. La compa\u00f1\u00eda ha implantado un Sistema de Gesti\u00f3n Integrado de Calidad, Medio Ambiente y Prevenci\u00f3n de Riesgos Laborales, acorde con los requisitos de las normas&#8230;<\/p>\n","protected":false},"author":1,"featured_media":0,"parent":33667,"menu_order":0,"comment_status":"closed","ping_status":"closed","template":"","meta":{"om_disable_all_campaigns":false,"inline_featured_image":false,"_monsterinsights_skip_tracking":false,"_monsterinsights_sitenote_active":false,"_monsterinsights_sitenote_note":"","_monsterinsights_sitenote_category":0,"footnotes":"","_wp_rev_ctl_limit":""},"acf":[],"yoast_head":"<!-- This site is optimized with the Yoast SEO plugin v22.4 - https:\/\/yoast.com\/wordpress\/plugins\/seo\/ -->\n<title>Desempe\u00f1o Ambiental - Compromiso con la protecci\u00f3n de la naturaleza<\/title>\n<meta name=\"description\" content=\"El desempe\u00f1o ambiental de Hiperbaric forma parte de la pol\u00edtica estrat\u00e9gica de Hiperbaric por la mejor continua.\" \/>\n<meta name=\"robots\" content=\"index, follow, max-snippet:-1, max-image-preview:large, max-video-preview:-1\" \/>\n<link rel=\"canonical\" href=\"https:\/\/www.hiperbaric.com\/es\/sobre-nosotros__trashed\/quienes-somos\/politica-gestion-integrada\/desempeno-ambiental\/\" \/>\n<meta property=\"og:locale\" content=\"es_ES\" \/>\n<meta property=\"og:type\" content=\"article\" \/>\n<meta property=\"og:title\" content=\"Desempe\u00f1o Ambiental - Compromiso con la protecci\u00f3n de la naturaleza\" \/>\n<meta property=\"og:description\" content=\"El desempe\u00f1o ambiental de Hiperbaric forma parte de la pol\u00edtica estrat\u00e9gica de Hiperbaric por la mejor continua.\" \/>\n<meta property=\"og:url\" content=\"https:\/\/www.hiperbaric.com\/es\/sobre-nosotros__trashed\/quienes-somos\/politica-gestion-integrada\/desempeno-ambiental\/\" \/>\n<meta property=\"og:site_name\" content=\"Hiperbaric\" \/>\n<meta property=\"article:modified_time\" content=\"2022-02-08T15:32:08+00:00\" \/>\n<meta property=\"og:image\" content=\"https:\/\/www.hiperbaric.com\/wp-content\/uploads\/2022\/01\/Screenshot_3.png\" \/>\n<meta name=\"twitter:card\" content=\"summary_large_image\" \/>\n<meta name=\"twitter:label1\" content=\"Tiempo de lectura\" \/>\n\t<meta name=\"twitter:data1\" content=\"1 minuto\" \/>\n<script type=\"application\/ld+json\" class=\"yoast-schema-graph\">{\"@context\":\"https:\/\/schema.org\",\"@graph\":[{\"@type\":\"WebPage\",\"@id\":\"https:\/\/www.hiperbaric.com\/es\/sobre-nosotros__trashed\/quienes-somos\/politica-gestion-integrada\/desempeno-ambiental\/\",\"url\":\"https:\/\/www.hiperbaric.com\/es\/sobre-nosotros__trashed\/quienes-somos\/politica-gestion-integrada\/desempeno-ambiental\/\",\"name\":\"Desempe\u00f1o Ambiental - Compromiso con la protecci\u00f3n de la naturaleza\",\"isPartOf\":{\"@id\":\"https:\/\/www.hiperbaric.com\/en\/#website\"},\"primaryImageOfPage\":{\"@id\":\"https:\/\/www.hiperbaric.com\/es\/sobre-nosotros__trashed\/quienes-somos\/politica-gestion-integrada\/desempeno-ambiental\/#primaryimage\"},\"image\":{\"@id\":\"https:\/\/www.hiperbaric.com\/es\/sobre-nosotros__trashed\/quienes-somos\/politica-gestion-integrada\/desempeno-ambiental\/#primaryimage\"},\"thumbnailUrl\":\"https:\/\/www.hiperbaric.com\/wp-content\/uploads\/2022\/01\/Screenshot_3.png\",\"datePublished\":\"2022-01-28T06:51:54+00:00\",\"dateModified\":\"2022-02-08T15:32:08+00:00\",\"description\":\"El desempe\u00f1o ambiental de Hiperbaric forma parte de la pol\u00edtica estrat\u00e9gica de Hiperbaric por la mejor continua.\",\"breadcrumb\":{\"@id\":\"https:\/\/www.hiperbaric.com\/es\/sobre-nosotros__trashed\/quienes-somos\/politica-gestion-integrada\/desempeno-ambiental\/#breadcrumb\"},\"inLanguage\":\"es\",\"potentialAction\":[{\"@type\":\"ReadAction\",\"target\":[\"https:\/\/www.hiperbaric.com\/es\/sobre-nosotros__trashed\/quienes-somos\/politica-gestion-integrada\/desempeno-ambiental\/\"]}]},{\"@type\":\"ImageObject\",\"inLanguage\":\"es\",\"@id\":\"https:\/\/www.hiperbaric.com\/es\/sobre-nosotros__trashed\/quienes-somos\/politica-gestion-integrada\/desempeno-ambiental\/#primaryimage\",\"url\":\"https:\/\/www.hiperbaric.com\/wp-content\/uploads\/2022\/01\/Screenshot_3.png\",\"contentUrl\":\"https:\/\/www.hiperbaric.com\/wp-content\/uploads\/2022\/01\/Screenshot_3.png\"},{\"@type\":\"BreadcrumbList\",\"@id\":\"https:\/\/www.hiperbaric.com\/es\/sobre-nosotros__trashed\/quienes-somos\/politica-gestion-integrada\/desempeno-ambiental\/#breadcrumb\",\"itemListElement\":[{\"@type\":\"ListItem\",\"position\":1,\"name\":\"Home\",\"item\":\"https:\/\/www.hiperbaric.com\/es\/\"},{\"@type\":\"ListItem\",\"position\":2,\"name\":\"Qui\u00e9nes somos\",\"item\":\"https:\/\/www.hiperbaric.com\/es\/sobre-nosotros__trashed\/quienes-somos\/\"},{\"@type\":\"ListItem\",\"position\":3,\"name\":\"Pol\u00edtica de Gesti\u00f3n Integrada\",\"item\":\"https:\/\/www.hiperbaric.com\/es\/sobre-nosotros__trashed\/quienes-somos\/politica-gestion-integrada\/\"},{\"@type\":\"ListItem\",\"position\":4,\"name\":\"Desempe\u00f1o Ambiental\"}]},{\"@type\":\"WebSite\",\"@id\":\"https:\/\/www.hiperbaric.com\/en\/#website\",\"url\":\"https:\/\/www.hiperbaric.com\/en\/\",\"name\":\"Hiperbaric\",\"description\":\"Procesado para la conservaci\u00f3n de alimentos\",\"publisher\":{\"@id\":\"https:\/\/www.hiperbaric.com\/en\/#organization\"},\"potentialAction\":[{\"@type\":\"SearchAction\",\"target\":{\"@type\":\"EntryPoint\",\"urlTemplate\":\"https:\/\/www.hiperbaric.com\/en\/?s={search_term_string}\"},\"query-input\":\"required name=search_term_string\"}],\"inLanguage\":\"es\"},{\"@type\":\"Organization\",\"@id\":\"https:\/\/www.hiperbaric.com\/en\/#organization\",\"name\":\"Hiperbaric\",\"url\":\"https:\/\/www.hiperbaric.com\/en\/\",\"logo\":{\"@type\":\"ImageObject\",\"inLanguage\":\"es\",\"@id\":\"https:\/\/www.hiperbaric.com\/en\/#\/schema\/logo\/image\/\",\"url\":\"https:\/\/www.hiperbaric.com\/wp-content\/uploads\/2026\/01\/cropped-hiperbaric-logotipo-1-2.png\",\"contentUrl\":\"https:\/\/www.hiperbaric.com\/wp-content\/uploads\/2026\/01\/cropped-hiperbaric-logotipo-1-2.png\",\"width\":340,\"height\":72,\"caption\":\"Hiperbaric\"},\"image\":{\"@id\":\"https:\/\/www.hiperbaric.com\/en\/#\/schema\/logo\/image\/\"}}]}<\/script>\n<!-- \/ Yoast SEO plugin. -->","yoast_head_json":{"title":"Desempe\u00f1o Ambiental - Compromiso con la protecci\u00f3n de la naturaleza","description":"El desempe\u00f1o ambiental de Hiperbaric forma parte de la pol\u00edtica estrat\u00e9gica de Hiperbaric por la mejor continua.","robots":{"index":"index","follow":"follow","max-snippet":"max-snippet:-1","max-image-preview":"max-image-preview:large","max-video-preview":"max-video-preview:-1"},"canonical":"https:\/\/www.hiperbaric.com\/es\/sobre-nosotros__trashed\/quienes-somos\/politica-gestion-integrada\/desempeno-ambiental\/","og_locale":"es_ES","og_type":"article","og_title":"Desempe\u00f1o Ambiental - Compromiso con la protecci\u00f3n de la naturaleza","og_description":"El desempe\u00f1o ambiental de Hiperbaric forma parte de la pol\u00edtica estrat\u00e9gica de Hiperbaric por la mejor continua.","og_url":"https:\/\/www.hiperbaric.com\/es\/sobre-nosotros__trashed\/quienes-somos\/politica-gestion-integrada\/desempeno-ambiental\/","og_site_name":"Hiperbaric","article_modified_time":"2022-02-08T15:32:08+00:00","og_image":[{"url":"https:\/\/www.hiperbaric.com\/wp-content\/uploads\/2022\/01\/Screenshot_3.png"}],"twitter_card":"summary_large_image","twitter_misc":{"Tiempo de lectura":"1 minuto"},"schema":{"@context":"https:\/\/schema.org","@graph":[{"@type":"WebPage","@id":"https:\/\/www.hiperbaric.com\/es\/sobre-nosotros__trashed\/quienes-somos\/politica-gestion-integrada\/desempeno-ambiental\/","url":"https:\/\/www.hiperbaric.com\/es\/sobre-nosotros__trashed\/quienes-somos\/politica-gestion-integrada\/desempeno-ambiental\/","name":"Desempe\u00f1o Ambiental - Compromiso con la protecci\u00f3n de la naturaleza","isPartOf":{"@id":"https:\/\/www.hiperbaric.com\/en\/#website"},"primaryImageOfPage":{"@id":"https:\/\/www.hiperbaric.com\/es\/sobre-nosotros__trashed\/quienes-somos\/politica-gestion-integrada\/desempeno-ambiental\/#primaryimage"},"image":{"@id":"https:\/\/www.hiperbaric.com\/es\/sobre-nosotros__trashed\/quienes-somos\/politica-gestion-integrada\/desempeno-ambiental\/#primaryimage"},"thumbnailUrl":"https:\/\/www.hiperbaric.com\/wp-content\/uploads\/2022\/01\/Screenshot_3.png","datePublished":"2022-01-28T06:51:54+00:00","dateModified":"2022-02-08T15:32:08+00:00","description":"El desempe\u00f1o ambiental de Hiperbaric forma parte de la pol\u00edtica estrat\u00e9gica de Hiperbaric por la mejor continua.","breadcrumb":{"@id":"https:\/\/www.hiperbaric.com\/es\/sobre-nosotros__trashed\/quienes-somos\/politica-gestion-integrada\/desempeno-ambiental\/#breadcrumb"},"inLanguage":"es","potentialAction":[{"@type":"ReadAction","target":["https:\/\/www.hiperbaric.com\/es\/sobre-nosotros__trashed\/quienes-somos\/politica-gestion-integrada\/desempeno-ambiental\/"]}]},{"@type":"ImageObject","inLanguage":"es","@id":"https:\/\/www.hiperbaric.com\/es\/sobre-nosotros__trashed\/quienes-somos\/politica-gestion-integrada\/desempeno-ambiental\/#primaryimage","url":"https:\/\/www.hiperbaric.com\/wp-content\/uploads\/2022\/01\/Screenshot_3.png","contentUrl":"https:\/\/www.hiperbaric.com\/wp-content\/uploads\/2022\/01\/Screenshot_3.png"},{"@type":"BreadcrumbList","@id":"https:\/\/www.hiperbaric.com\/es\/sobre-nosotros__trashed\/quienes-somos\/politica-gestion-integrada\/desempeno-ambiental\/#breadcrumb","itemListElement":[{"@type":"ListItem","position":1,"name":"Home","item":"https:\/\/www.hiperbaric.com\/es\/"},{"@type":"ListItem","position":2,"name":"Qui\u00e9nes somos","item":"https:\/\/www.hiperbaric.com\/es\/sobre-nosotros__trashed\/quienes-somos\/"},{"@type":"ListItem","position":3,"name":"Pol\u00edtica de Gesti\u00f3n Integrada","item":"https:\/\/www.hiperbaric.com\/es\/sobre-nosotros__trashed\/quienes-somos\/politica-gestion-integrada\/"},{"@type":"ListItem","position":4,"name":"Desempe\u00f1o Ambiental"}]},{"@type":"WebSite","@id":"https:\/\/www.hiperbaric.com\/en\/#website","url":"https:\/\/www.hiperbaric.com\/en\/","name":"Hiperbaric","description":"Procesado para la conservaci\u00f3n de alimentos","publisher":{"@id":"https:\/\/www.hiperbaric.com\/en\/#organization"},"potentialAction":[{"@type":"SearchAction","target":{"@type":"EntryPoint","urlTemplate":"https:\/\/www.hiperbaric.com\/en\/?s={search_term_string}"},"query-input":"required name=search_term_string"}],"inLanguage":"es"},{"@type":"Organization","@id":"https:\/\/www.hiperbaric.com\/en\/#organization","name":"Hiperbaric","url":"https:\/\/www.hiperbaric.com\/en\/","logo":{"@type":"ImageObject","inLanguage":"es","@id":"https:\/\/www.hiperbaric.com\/en\/#\/schema\/logo\/image\/","url":"https:\/\/www.hiperbaric.com\/wp-content\/uploads\/2026\/01\/cropped-hiperbaric-logotipo-1-2.png","contentUrl":"https:\/\/www.hiperbaric.com\/wp-content\/uploads\/2026\/01\/cropped-hiperbaric-logotipo-1-2.png","width":340,"height":72,"caption":"Hiperbaric"},"image":{"@id":"https:\/\/www.hiperbaric.com\/en\/#\/schema\/logo\/image\/"}}]}},"_links":{"self":[{"href":"https:\/\/www.hiperbaric.com\/es\/wp-json\/wp\/v2\/pages\/34767"}],"collection":[{"href":"https:\/\/www.hiperbaric.com\/es\/wp-json\/wp\/v2\/pages"}],"about":[{"href":"https:\/\/www.hiperbaric.com\/es\/wp-json\/wp\/v2\/types\/page"}],"author":[{"embeddable":true,"href":"https:\/\/www.hiperbaric.com\/es\/wp-json\/wp\/v2\/users\/1"}],"replies":[{"embeddable":true,"href":"https:\/\/www.hiperbaric.com\/es\/wp-json\/wp\/v2\/comments?post=34767"}],"version-history":[{"count":0,"href":"https:\/\/www.hiperbaric.com\/es\/wp-json\/wp\/v2\/pages\/34767\/revisions"}],"up":[{"embeddable":true,"href":"https:\/\/www.hiperbaric.com\/es\/wp-json\/wp\/v2\/pages\/33667"}],"wp:attachment":[{"href":"https:\/\/www.hiperbaric.com\/es\/wp-json\/wp\/v2\/media?parent=34767"}],"curies":[{"name":"wp","href":"https:\/\/api.w.org\/{rel}","templated":true}]}}