{"id":33969,"date":"2021-11-25T12:49:16","date_gmt":"2021-11-25T11:49:16","guid":{"rendered":"https:\/\/www.hiperbaric.com\/?page_id=33969"},"modified":"2021-12-15T09:54:51","modified_gmt":"2021-12-15T08:54:51","slug":"jornada-hidrogeno-hiperbaric","status":"publish","type":"page","link":"https:\/\/www.hiperbaric.com\/es\/compresion-h2\/jornada-hidrogeno-hiperbaric\/","title":{"rendered":"JORNADA | Hidr\u00f3geno como vector en la transici\u00f3n energ\u00e9tica en los territorios"},"content":{"rendered":"\n\t<p>Hiperbaric, l\u00edder mundial en equipos industriales de tecnolog\u00edas por altas presiones, desarrolla <strong>compresores de hidr\u00f3geno de innovaci\u00f3n espa\u00f1ola para movilidad sostenible e industria.\u00a0<\/strong><\/p>\n<p>Bajo el titulo <strong><em>\u2018<\/em><\/strong><strong>Hidr\u00f3geno como vector de sostenibilidad en la transici\u00f3n energ\u00e9tica de los territorios\u2019<\/strong>, Hiperbaric ha organizado una jornada en la que han participado diferentes expertos del \u00e1mbito p\u00fablico y empresarial que expondra\u0301n las capacidades de este vector energe\u0301tico, asi\u0301 como distintos proyectos y oportunidades en torno a la <strong>Tecnologi\u0301a de Compresio\u0301n de Hidro\u0301geno <\/strong>y la <strong>cadena de valor <\/strong>del Hidro\u0301geno Verde.<\/p>\n\t<p><strong>Agenda de la jornada:<\/strong><\/p>\n<ul>\n<li>\n<ul>\n<li><strong>Andr\u00e9s Hernando, Consejero Delegado de Hiperbaric<\/strong> presentar\u00e1 la tecnolog\u00eda de comprensi\u00f3n de hidr\u00f3geno de la planta industrial <strong>\u2018Power to Green Hydrogen\u2019<\/strong> que construye el consorcio de Enag\u00e1s, Acciona, Cemex, IDEA y Redexis en Mallorca.<\/li>\n<li><strong>Daniel de la Rosa, Alcalde de Burgos,<\/strong> incidir\u00e1 en las oportunidades que el H<sub>2<\/sub> otorga al desarrollo de industria y de movilidad sostenible en un marco de ciudad.<\/li>\n<li><strong>Ram\u00f3n de la Iglesia, Gerente de Proyectos de Gases Renovables de Enag\u00e1s<\/strong> detallar\u00e1 el mencionado proyecto y su estrategia con el hidr\u00f3geno verde.<\/li>\n<li><strong>Juan Pedro Garc\u00eda Arquero, Responsable T\u00e9cnico de Hyundai Motor Espa\u00f1a<\/strong> presentar\u00e1 \u2018Nexo\u2019, su desarrollo en veh\u00edculos de pila de combustible de hidr\u00f3geno, que podr\u00e1 probarse en un entorno cerrado.<\/li>\n<li><strong>Santiago Gonz\u00e1lez Herraiz, Responsable de la Pol\u00edtica de Hidr\u00f3geno de IDAE-Ministerio de Transici\u00f3n Ecol\u00f3gica<\/strong> explicar\u00e1 sus programas de ayudas para el hidr\u00f3geno verde en el contexto de los fondos europeos Next Gen.<\/li>\n<li><strong>Mesa redonda<\/strong> con los ponentes.<\/li>\n<\/ul>\n<\/li>\n<\/ul>\n\t<p>Para conocer el resumen de la jornada, puedes leer esta <strong><a href=\"https:\/\/www.hiperbaric.com\/es\/hiperbaric-desarrolla-los-compresores-de-hidrogeno-para-la-planta-industrial-de-hidrogeno-verde-de-green-hydrogen-mallorca\/\">noticia publicada en nuestro blog<\/a>.<\/strong><\/p>\n\t\t\t\t<img decoding=\"async\" loading=\"lazy\" src=\"https:\/\/www.hiperbaric.com\/wp-content\/uploads\/2021\/12\/IMAGEN-CRIS-scaled.jpg\" alt=\"IMAGEN CRIS\" itemprop=\"image\" height=\"1440\" width=\"2560\" title=\"IMAGEN CRIS\" onerror=\"this.style.display='none'\"  \/>\n\t<iframe loading=\"lazy\" width=\"100%\" height=\"715\" src=\"https:\/\/www.youtube.com\/embed\/fCZGNZml8Oo\" title=\"YouTube video player\" frameborder=\"0\" allow=\"accelerometer; autoplay; clipboard-write; encrypted-media; gyroscope; picture-in-picture\" allowfullscreen><\/iframe>\n<h3>\n\tGaler\u00eda de im\u00e1genes de la jornada\n\t<\/h3>\n\t\t\t\t<img decoding=\"async\" loading=\"lazy\" src=\"https:\/\/www.hiperbaric.com\/wp-content\/uploads\/2021\/12\/Andres-Hernando-CEO-de-Hiperbaric-2.jpg\" alt=\"Andr\u00e9s Hernando, CEO de Hiperbaric 2\" itemprop=\"image\" height=\"1080\" width=\"1620\" title=\"Andr\u00e9s Hernando, CEO de Hiperbaric 2\" onerror=\"this.style.display='none'\"  \/>\n\t\t\t\t<img decoding=\"async\" loading=\"lazy\" src=\"https:\/\/www.hiperbaric.com\/wp-content\/uploads\/2021\/12\/Jornada-sobre-compresion-de-Hidrogeno-organizada-por-Hiperbaric.jpg\" alt=\"Jornada sobre compresi\u00f3n de Hidr\u00f3geno organizada por Hiperbaric\" itemprop=\"image\" height=\"905\" width=\"1375\" title=\"Jornada sobre compresi\u00f3n de Hidr\u00f3geno organizada por Hiperbaric\" onerror=\"this.style.display='none'\"  \/>\n\t\t\t\t<img decoding=\"async\" src=\"https:\/\/www.hiperbaric.com\/wp-content\/plugins\/beaver-builder-lite-version\/img\/pixel.png\" alt=\"\" itemprop=\"image\" onerror=\"this.style.display='none'\"  \/>\n\t\t\t\t<img decoding=\"async\" loading=\"lazy\" src=\"https:\/\/www.hiperbaric.com\/wp-content\/uploads\/2021\/12\/Hiperbaric_58-scaled.jpg\" alt=\"Hiperbaric_58\" itemprop=\"image\" height=\"1499\" width=\"2560\" title=\"Hiperbaric_58\" onerror=\"this.style.display='none'\"  \/>\n\t\t\t\t<img decoding=\"async\" loading=\"lazy\" src=\"https:\/\/www.hiperbaric.com\/wp-content\/uploads\/2021\/12\/Hiperbaric_72-scaled.jpg\" alt=\"Hiperbaric_72\" itemprop=\"image\" height=\"1648\" width=\"2560\" title=\"Hiperbaric_72\" onerror=\"this.style.display='none'\"  \/>\n\t\t\t\t<img decoding=\"async\" loading=\"lazy\" src=\"https:\/\/www.hiperbaric.com\/wp-content\/uploads\/2021\/12\/Hiperbaric_42-scaled.jpg\" alt=\"Hiperbaric_42\" itemprop=\"image\" height=\"1779\" width=\"2560\" title=\"Hiperbaric_42\" onerror=\"this.style.display='none'\"  \/>\n\t\t\t\t<img decoding=\"async\" loading=\"lazy\" src=\"https:\/\/www.hiperbaric.com\/wp-content\/uploads\/2021\/12\/Hiperbaric_46-scaled.jpg\" alt=\"Hiperbaric_46\" itemprop=\"image\" height=\"1705\" width=\"2560\" title=\"Hiperbaric_46\" onerror=\"this.style.display='none'\"  \/>\n\t\t\t\t<img decoding=\"async\" loading=\"lazy\" src=\"https:\/\/www.hiperbaric.com\/wp-content\/uploads\/2021\/12\/Hiperbaric_51-scaled.jpg\" alt=\"Hiperbaric_51\" itemprop=\"image\" height=\"1831\" width=\"2560\" title=\"Hiperbaric_51\" onerror=\"this.style.display='none'\"  \/>\n\t\t\t\t<img decoding=\"async\" loading=\"lazy\" src=\"https:\/\/www.hiperbaric.com\/wp-content\/uploads\/2021\/12\/Hiperbaric_34-scaled.jpg\" alt=\"Hiperbaric_34\" itemprop=\"image\" height=\"1753\" width=\"2560\" title=\"Hiperbaric_34\" onerror=\"this.style.display='none'\"  \/>\n\t\t\t\t<img decoding=\"async\" loading=\"lazy\" src=\"https:\/\/www.hiperbaric.com\/wp-content\/uploads\/2021\/12\/Tecnologia-de-compresion-de-H2-de-Hiperbaric.jpg\" alt=\"Tecnolog\u00eda de compresi\u00f3n de H2 de Hiperbaric\" itemprop=\"image\" height=\"1080\" width=\"1620\" title=\"Tecnolog\u00eda de compresi\u00f3n de H2 de Hiperbaric\" onerror=\"this.style.display='none'\"  \/>\n\t\t\t\t<img decoding=\"async\" loading=\"lazy\" src=\"https:\/\/www.hiperbaric.com\/wp-content\/uploads\/2021\/12\/Hiperbaric_66-scaled.jpg\" alt=\"Hiperbaric_66\" itemprop=\"image\" height=\"1766\" width=\"2560\" title=\"Hiperbaric_66\" onerror=\"this.style.display='none'\"  \/>\n\t\t\t\t<img decoding=\"async\" loading=\"lazy\" src=\"https:\/\/www.hiperbaric.com\/wp-content\/uploads\/2021\/12\/Hiperbaric_71-scaled.jpg\" alt=\"Hiperbaric_71\" itemprop=\"image\" height=\"1705\" width=\"2560\" title=\"Hiperbaric_71\" onerror=\"this.style.display='none'\"  \/>\n\t\t\t\t<img decoding=\"async\" loading=\"lazy\" src=\"https:\/\/www.hiperbaric.com\/wp-content\/uploads\/2021\/12\/Hiperbaric_33-scaled.jpg\" alt=\"Hiperbaric_33\" itemprop=\"image\" height=\"1705\" width=\"2560\" title=\"Hiperbaric_33\" onerror=\"this.style.display='none'\"  \/>\n\t\t\t\t<img decoding=\"async\" loading=\"lazy\" src=\"https:\/\/www.hiperbaric.com\/wp-content\/uploads\/2021\/12\/Hiperbaric_62-scaled.jpg\" alt=\"Hiperbaric_62\" itemprop=\"image\" height=\"1705\" width=\"2560\" title=\"Hiperbaric_62\" onerror=\"this.style.display='none'\"  \/>\n\t\t\t\t<img decoding=\"async\" loading=\"lazy\" src=\"https:\/\/www.hiperbaric.com\/wp-content\/uploads\/2021\/12\/Hiperbaric_77-scaled.jpg\" alt=\"Hiperbaric_77\" itemprop=\"image\" height=\"1705\" width=\"2560\" title=\"Hiperbaric_77\" onerror=\"this.style.display='none'\"  \/>\n","protected":false},"excerpt":{"rendered":"<p>Hiperbaric, l\u00edder mundial en equipos industriales de tecnolog\u00edas por altas presiones, desarrolla compresores de hidr\u00f3geno de innovaci\u00f3n espa\u00f1ola para movilidad sostenible e industria.\u00a0 Bajo el titulo \u2018Hidr\u00f3geno como vector de sostenibilidad en la transici\u00f3n energ\u00e9tica de los territorios\u2019, Hiperbaric ha organizado una jornada en la que han participado diferentes expertos del \u00e1mbito p\u00fablico y empresarial&#8230;<\/p>\n","protected":false},"author":1,"featured_media":0,"parent":28367,"menu_order":0,"comment_status":"closed","ping_status":"closed","template":"","meta":{"om_disable_all_campaigns":false,"inline_featured_image":false,"_monsterinsights_skip_tracking":false,"_monsterinsights_sitenote_active":false,"_monsterinsights_sitenote_note":"","_monsterinsights_sitenote_category":0,"footnotes":"","_wp_rev_ctl_limit":""},"acf":[],"yoast_head":"<!-- This site is optimized with the Yoast SEO plugin v22.4 - https:\/\/yoast.com\/wordpress\/plugins\/seo\/ -->\n<title>JORNADA | Hidr\u00f3geno como vector en la transici\u00f3n energ\u00e9tica en los territorios - Hiperbaric<\/title>\n<meta name=\"robots\" content=\"index, follow, max-snippet:-1, max-image-preview:large, max-video-preview:-1\" \/>\n<link rel=\"canonical\" href=\"https:\/\/www.hiperbaric.com\/es\/compresion-h2\/jornada-hidrogeno-hiperbaric\/\" \/>\n<meta property=\"og:locale\" content=\"es_ES\" \/>\n<meta property=\"og:type\" content=\"article\" \/>\n<meta property=\"og:title\" content=\"JORNADA | Hidr\u00f3geno como vector en la transici\u00f3n energ\u00e9tica en los territorios - Hiperbaric\" \/>\n<meta property=\"og:description\" content=\"Hiperbaric, l\u00edder mundial en equipos industriales de tecnolog\u00edas por altas presiones, desarrolla compresores de hidr\u00f3geno de innovaci\u00f3n espa\u00f1ola para movilidad sostenible e industria.\u00a0 Bajo el titulo \u2018Hidr\u00f3geno como vector de sostenibilidad en la transici\u00f3n energ\u00e9tica de los territorios\u2019, Hiperbaric ha organizado una jornada en la que han participado diferentes expertos del \u00e1mbito p\u00fablico y empresarial...\" \/>\n<meta property=\"og:url\" content=\"https:\/\/www.hiperbaric.com\/es\/compresion-h2\/jornada-hidrogeno-hiperbaric\/\" \/>\n<meta property=\"og:site_name\" content=\"Hiperbaric\" \/>\n<meta property=\"article:modified_time\" content=\"2021-12-15T08:54:51+00:00\" \/>\n<meta property=\"og:image\" content=\"https:\/\/www.hiperbaric.com\/wp-content\/uploads\/2021\/12\/IMAGEN-CRIS-scaled.jpg\" \/>\n<meta name=\"twitter:card\" content=\"summary_large_image\" \/>\n<meta name=\"twitter:label1\" content=\"Tiempo de lectura\" \/>\n\t<meta name=\"twitter:data1\" content=\"1 minuto\" \/>\n<script type=\"application\/ld+json\" class=\"yoast-schema-graph\">{\"@context\":\"https:\/\/schema.org\",\"@graph\":[{\"@type\":\"WebPage\",\"@id\":\"https:\/\/www.hiperbaric.com\/es\/compresion-h2\/jornada-hidrogeno-hiperbaric\/\",\"url\":\"https:\/\/www.hiperbaric.com\/es\/compresion-h2\/jornada-hidrogeno-hiperbaric\/\",\"name\":\"JORNADA | Hidr\u00f3geno como vector en la transici\u00f3n energ\u00e9tica en los territorios - Hiperbaric\",\"isPartOf\":{\"@id\":\"https:\/\/www.hiperbaric.com\/en\/#website\"},\"primaryImageOfPage\":{\"@id\":\"https:\/\/www.hiperbaric.com\/es\/compresion-h2\/jornada-hidrogeno-hiperbaric\/#primaryimage\"},\"image\":{\"@id\":\"https:\/\/www.hiperbaric.com\/es\/compresion-h2\/jornada-hidrogeno-hiperbaric\/#primaryimage\"},\"thumbnailUrl\":\"https:\/\/www.hiperbaric.com\/wp-content\/uploads\/2021\/12\/IMAGEN-CRIS-scaled.jpg\",\"datePublished\":\"2021-11-25T11:49:16+00:00\",\"dateModified\":\"2021-12-15T08:54:51+00:00\",\"breadcrumb\":{\"@id\":\"https:\/\/www.hiperbaric.com\/es\/compresion-h2\/jornada-hidrogeno-hiperbaric\/#breadcrumb\"},\"inLanguage\":\"es\",\"potentialAction\":[{\"@type\":\"ReadAction\",\"target\":[\"https:\/\/www.hiperbaric.com\/es\/compresion-h2\/jornada-hidrogeno-hiperbaric\/\"]}]},{\"@type\":\"ImageObject\",\"inLanguage\":\"es\",\"@id\":\"https:\/\/www.hiperbaric.com\/es\/compresion-h2\/jornada-hidrogeno-hiperbaric\/#primaryimage\",\"url\":\"https:\/\/www.hiperbaric.com\/wp-content\/uploads\/2021\/12\/IMAGEN-CRIS-scaled.jpg\",\"contentUrl\":\"https:\/\/www.hiperbaric.com\/wp-content\/uploads\/2021\/12\/IMAGEN-CRIS-scaled.jpg\"},{\"@type\":\"BreadcrumbList\",\"@id\":\"https:\/\/www.hiperbaric.com\/es\/compresion-h2\/jornada-hidrogeno-hiperbaric\/#breadcrumb\",\"itemListElement\":[{\"@type\":\"ListItem\",\"position\":1,\"name\":\"Home\",\"item\":\"https:\/\/www.hiperbaric.com\/es\/\"},{\"@type\":\"ListItem\",\"position\":2,\"name\":\"Compresi\u00f3n H2\",\"item\":\"https:\/\/www.hiperbaric.com\/es\/compresion-h2\/\"},{\"@type\":\"ListItem\",\"position\":3,\"name\":\"JORNADA | Hidr\u00f3geno como vector en la transici\u00f3n energ\u00e9tica en los territorios\"}]},{\"@type\":\"WebSite\",\"@id\":\"https:\/\/www.hiperbaric.com\/en\/#website\",\"url\":\"https:\/\/www.hiperbaric.com\/en\/\",\"name\":\"Hiperbaric\",\"description\":\"Procesado para la conservaci\u00f3n de alimentos\",\"publisher\":{\"@id\":\"https:\/\/www.hiperbaric.com\/en\/#organization\"},\"potentialAction\":[{\"@type\":\"SearchAction\",\"target\":{\"@type\":\"EntryPoint\",\"urlTemplate\":\"https:\/\/www.hiperbaric.com\/en\/?s={search_term_string}\"},\"query-input\":\"required name=search_term_string\"}],\"inLanguage\":\"es\"},{\"@type\":\"Organization\",\"@id\":\"https:\/\/www.hiperbaric.com\/en\/#organization\",\"name\":\"Hiperbaric\",\"url\":\"https:\/\/www.hiperbaric.com\/en\/\",\"logo\":{\"@type\":\"ImageObject\",\"inLanguage\":\"es\",\"@id\":\"https:\/\/www.hiperbaric.com\/en\/#\/schema\/logo\/image\/\",\"url\":\"https:\/\/www.hiperbaric.com\/wp-content\/uploads\/2026\/01\/cropped-hiperbaric-logotipo-1-2.png\",\"contentUrl\":\"https:\/\/www.hiperbaric.com\/wp-content\/uploads\/2026\/01\/cropped-hiperbaric-logotipo-1-2.png\",\"width\":340,\"height\":72,\"caption\":\"Hiperbaric\"},\"image\":{\"@id\":\"https:\/\/www.hiperbaric.com\/en\/#\/schema\/logo\/image\/\"}}]}<\/script>\n<!-- \/ Yoast SEO plugin. -->","yoast_head_json":{"title":"JORNADA | Hidr\u00f3geno como vector en la transici\u00f3n energ\u00e9tica en los territorios - Hiperbaric","robots":{"index":"index","follow":"follow","max-snippet":"max-snippet:-1","max-image-preview":"max-image-preview:large","max-video-preview":"max-video-preview:-1"},"canonical":"https:\/\/www.hiperbaric.com\/es\/compresion-h2\/jornada-hidrogeno-hiperbaric\/","og_locale":"es_ES","og_type":"article","og_title":"JORNADA | Hidr\u00f3geno como vector en la transici\u00f3n energ\u00e9tica en los territorios - Hiperbaric","og_description":"Hiperbaric, l\u00edder mundial en equipos industriales de tecnolog\u00edas por altas presiones, desarrolla compresores de hidr\u00f3geno de innovaci\u00f3n espa\u00f1ola para movilidad sostenible e industria.\u00a0 Bajo el titulo \u2018Hidr\u00f3geno como vector de sostenibilidad en la transici\u00f3n energ\u00e9tica de los territorios\u2019, Hiperbaric ha organizado una jornada en la que han participado diferentes expertos del \u00e1mbito p\u00fablico y empresarial...","og_url":"https:\/\/www.hiperbaric.com\/es\/compresion-h2\/jornada-hidrogeno-hiperbaric\/","og_site_name":"Hiperbaric","article_modified_time":"2021-12-15T08:54:51+00:00","og_image":[{"url":"https:\/\/www.hiperbaric.com\/wp-content\/uploads\/2021\/12\/IMAGEN-CRIS-scaled.jpg"}],"twitter_card":"summary_large_image","twitter_misc":{"Tiempo de lectura":"1 minuto"},"schema":{"@context":"https:\/\/schema.org","@graph":[{"@type":"WebPage","@id":"https:\/\/www.hiperbaric.com\/es\/compresion-h2\/jornada-hidrogeno-hiperbaric\/","url":"https:\/\/www.hiperbaric.com\/es\/compresion-h2\/jornada-hidrogeno-hiperbaric\/","name":"JORNADA | Hidr\u00f3geno como vector en la transici\u00f3n energ\u00e9tica en los territorios - Hiperbaric","isPartOf":{"@id":"https:\/\/www.hiperbaric.com\/en\/#website"},"primaryImageOfPage":{"@id":"https:\/\/www.hiperbaric.com\/es\/compresion-h2\/jornada-hidrogeno-hiperbaric\/#primaryimage"},"image":{"@id":"https:\/\/www.hiperbaric.com\/es\/compresion-h2\/jornada-hidrogeno-hiperbaric\/#primaryimage"},"thumbnailUrl":"https:\/\/www.hiperbaric.com\/wp-content\/uploads\/2021\/12\/IMAGEN-CRIS-scaled.jpg","datePublished":"2021-11-25T11:49:16+00:00","dateModified":"2021-12-15T08:54:51+00:00","breadcrumb":{"@id":"https:\/\/www.hiperbaric.com\/es\/compresion-h2\/jornada-hidrogeno-hiperbaric\/#breadcrumb"},"inLanguage":"es","potentialAction":[{"@type":"ReadAction","target":["https:\/\/www.hiperbaric.com\/es\/compresion-h2\/jornada-hidrogeno-hiperbaric\/"]}]},{"@type":"ImageObject","inLanguage":"es","@id":"https:\/\/www.hiperbaric.com\/es\/compresion-h2\/jornada-hidrogeno-hiperbaric\/#primaryimage","url":"https:\/\/www.hiperbaric.com\/wp-content\/uploads\/2021\/12\/IMAGEN-CRIS-scaled.jpg","contentUrl":"https:\/\/www.hiperbaric.com\/wp-content\/uploads\/2021\/12\/IMAGEN-CRIS-scaled.jpg"},{"@type":"BreadcrumbList","@id":"https:\/\/www.hiperbaric.com\/es\/compresion-h2\/jornada-hidrogeno-hiperbaric\/#breadcrumb","itemListElement":[{"@type":"ListItem","position":1,"name":"Home","item":"https:\/\/www.hiperbaric.com\/es\/"},{"@type":"ListItem","position":2,"name":"Compresi\u00f3n H2","item":"https:\/\/www.hiperbaric.com\/es\/compresion-h2\/"},{"@type":"ListItem","position":3,"name":"JORNADA | Hidr\u00f3geno como vector en la transici\u00f3n energ\u00e9tica en los territorios"}]},{"@type":"WebSite","@id":"https:\/\/www.hiperbaric.com\/en\/#website","url":"https:\/\/www.hiperbaric.com\/en\/","name":"Hiperbaric","description":"Procesado para la conservaci\u00f3n de alimentos","publisher":{"@id":"https:\/\/www.hiperbaric.com\/en\/#organization"},"potentialAction":[{"@type":"SearchAction","target":{"@type":"EntryPoint","urlTemplate":"https:\/\/www.hiperbaric.com\/en\/?s={search_term_string}"},"query-input":"required name=search_term_string"}],"inLanguage":"es"},{"@type":"Organization","@id":"https:\/\/www.hiperbaric.com\/en\/#organization","name":"Hiperbaric","url":"https:\/\/www.hiperbaric.com\/en\/","logo":{"@type":"ImageObject","inLanguage":"es","@id":"https:\/\/www.hiperbaric.com\/en\/#\/schema\/logo\/image\/","url":"https:\/\/www.hiperbaric.com\/wp-content\/uploads\/2026\/01\/cropped-hiperbaric-logotipo-1-2.png","contentUrl":"https:\/\/www.hiperbaric.com\/wp-content\/uploads\/2026\/01\/cropped-hiperbaric-logotipo-1-2.png","width":340,"height":72,"caption":"Hiperbaric"},"image":{"@id":"https:\/\/www.hiperbaric.com\/en\/#\/schema\/logo\/image\/"}}]}},"_links":{"self":[{"href":"https:\/\/www.hiperbaric.com\/es\/wp-json\/wp\/v2\/pages\/33969"}],"collection":[{"href":"https:\/\/www.hiperbaric.com\/es\/wp-json\/wp\/v2\/pages"}],"about":[{"href":"https:\/\/www.hiperbaric.com\/es\/wp-json\/wp\/v2\/types\/page"}],"author":[{"embeddable":true,"href":"https:\/\/www.hiperbaric.com\/es\/wp-json\/wp\/v2\/users\/1"}],"replies":[{"embeddable":true,"href":"https:\/\/www.hiperbaric.com\/es\/wp-json\/wp\/v2\/comments?post=33969"}],"version-history":[{"count":0,"href":"https:\/\/www.hiperbaric.com\/es\/wp-json\/wp\/v2\/pages\/33969\/revisions"}],"up":[{"embeddable":true,"href":"https:\/\/www.hiperbaric.com\/es\/wp-json\/wp\/v2\/pages\/28367"}],"wp:attachment":[{"href":"https:\/\/www.hiperbaric.com\/es\/wp-json\/wp\/v2\/media?parent=33969"}],"curies":[{"name":"wp","href":"https:\/\/api.w.org\/{rel}","templated":true}]}}