{"id":33954,"date":"2021-11-24T07:27:41","date_gmt":"2021-11-24T06:27:41","guid":{"rendered":"https:\/\/www.hiperbaric.com\/?page_id=33954"},"modified":"2025-05-16T09:00:44","modified_gmt":"2025-05-16T07:00:44","slug":"hpp-academia-network","status":"publish","type":"page","link":"https:\/\/www.hiperbaric.com\/es\/tecnologia-hpp\/aplicaciones\/hpp-academia-network\/","title":{"rendered":"HPP Academia Network"},"content":{"rendered":"\t\t<div data-elementor-type=\"wp-page\" data-elementor-id=\"33954\" class=\"elementor elementor-33954\">\n\t\t\t\t\t\t\t\t\t<section class=\"elementor-section elementor-top-section elementor-element elementor-element-5d4c2b91 elementor-section-boxed elementor-section-height-default elementor-section-height-default\" data-id=\"5d4c2b91\" data-element_type=\"section\">\n\t\t\t\t\t\t<div class=\"elementor-container elementor-column-gap-default\">\n\t\t\t\t\t<div class=\"elementor-column elementor-col-100 elementor-top-column elementor-element elementor-element-75ceea70\" data-id=\"75ceea70\" data-element_type=\"column\">\n\t\t\t<div class=\"elementor-widget-wrap elementor-element-populated\">\n\t\t\t\t\t\t\t\t<div class=\"elementor-element elementor-element-3e9378a7 elementor-widget elementor-widget-text-editor\" data-id=\"3e9378a7\" data-element_type=\"widget\" data-widget_type=\"text-editor.default\">\n\t\t\t\t<div class=\"elementor-widget-container\">\n\t\t\t<style>\/*! elementor - v3.7.1 - 14-08-2022 *\/\n.elementor-widget-text-editor.elementor-drop-cap-view-stacked .elementor-drop-cap{background-color:#818a91;color:#fff}.elementor-widget-text-editor.elementor-drop-cap-view-framed .elementor-drop-cap{color:#818a91;border:3px solid;background-color:transparent}.elementor-widget-text-editor:not(.elementor-drop-cap-view-default) .elementor-drop-cap{margin-top:8px}.elementor-widget-text-editor:not(.elementor-drop-cap-view-default) .elementor-drop-cap-letter{width:1em;height:1em}.elementor-widget-text-editor .elementor-drop-cap{float:left;text-align:center;line-height:1;font-size:50px}.elementor-widget-text-editor .elementor-drop-cap-letter{display:inline-block}<\/style>\t\t\t\t\n<h1>HPP Academia Network<br \/>______________<\/h1>\n<h2>Universidades, centros de I+D y laboratorios de ensayos<\/h2>\n<h1>HPP Academia Network<\/h1>\n<p><img decoding=\"async\" loading=\"lazy\" title=\"worldwide\" src=\"https:\/\/www.hiperbaric.com\/wp-content\/uploads\/2021\/11\/worldwide-2.png\" alt=\"worldwide\" width=\"512\" height=\"512\" \/><\/p>\n<p>HPP Academia Network es una red de colaboradores exclusiva de Hiperbaric que sirve como recurso multidisciplinario para la industria alimentaria, proporcionando una combinaci\u00f3n de servicios de consultor\u00eda, asesoramiento t\u00e9cnico y desarrollo empresarial.<\/p>\n<p>En general, ofrecen pruebas de procesado por alta presi\u00f3n (HPP), validaci\u00f3n de productos, incluidos estudios de desaf\u00edos y vida \u00fatil, cocinas comerciales, una planta piloto, espacio de trabajo y reuniones, servicios educativos, planificaci\u00f3n comercial, asesoramiento por parte de expertos HPP para cumplir con las regulaciones y referencias a servicios externos como co-packers, envases, distribuci\u00f3n y financiaci\u00f3n.<\/p>\n<blockquote>\n<p>Los colaboradores de nuestro HPP Academia Network ayudan a personas y empresas a realizar investigaciones, desarrollar nuevos productos y comenzar nuevos negocios relacionados con la alimentaci\u00f3n.<\/p>\n<\/blockquote>\n<p><img decoding=\"async\" loading=\"lazy\" title=\"food-science-hpp\" src=\"https:\/\/www.hiperbaric.com\/wp-content\/uploads\/2021\/11\/food-science-hpp.png\" alt=\"food-science-hpp\" width=\"1250\" height=\"703\" \/> <img decoding=\"async\" loading=\"lazy\" title=\"ICONOS ACADEMIA HPP_Mesa de trabajo 1\" src=\"https:\/\/www.hiperbaric.com\/wp-content\/uploads\/2021\/11\/ICONOS-ACADEMIA-HPP_Mesa-de-trabajo-1-150x150.png\" alt=\"ICONOS ACADEMIA HPP_Mesa de trabajo 1\" width=\"150\" height=\"150\" \/><\/p>\n<p><strong>Prueba de procesado por alta presi\u00f3n (HPP)<\/strong><\/p>\n<p>Nuestros colaboradores poseen equipos industriales HPP y ofrecen la realizaci\u00f3n de pruebas en sus instalaciones.<\/p>\n<p><img decoding=\"async\" loading=\"lazy\" title=\"ICONOS ACADEMIA HPP_Mesa de trabajo 1 copia 2\" src=\"https:\/\/www.hiperbaric.com\/wp-content\/uploads\/2021\/11\/ICONOS-ACADEMIA-HPP_Mesa-de-trabajo-1-copia-2-150x150.png\" alt=\"ICONOS ACADEMIA HPP_Mesa de trabajo 1 copia 2\" width=\"150\" height=\"150\" \/><\/p>\n<p><strong>Pruebas microbiol\u00f3gicas<\/strong><\/p>\n<p>Nuestro HPP Academia Network proporciona servicios de microbiolog\u00eda, incluidos estudios de pat\u00f3genos y vida \u00fatil.<\/p>\n<p><img decoding=\"async\" loading=\"lazy\" title=\"ICONOS ACADEMIA HPP_Mesa de trabajo 1 copia 3\" src=\"https:\/\/www.hiperbaric.com\/wp-content\/uploads\/2021\/11\/ICONOS-ACADEMIA-HPP_Mesa-de-trabajo-1-copia-3-150x150.png\" alt=\"ICONOS ACADEMIA HPP_Mesa de trabajo 1 copia 3\" width=\"150\" height=\"150\" \/><\/p>\n<p><strong>Planta piloto especializada<\/strong><\/p>\n<p>Adem\u00e1s de sus equipos HPP, cuentan con un completo equipamiento que puede utilizarse para probar diferentes f\u00f3rmulas de productos e ingredientes.<\/p>\n<p><img decoding=\"async\" loading=\"lazy\" title=\"ICONOS ACADEMIA HPP_Mesa de trabajo 1 copia 5\" src=\"https:\/\/www.hiperbaric.com\/wp-content\/uploads\/2021\/11\/ICONOS-ACADEMIA-HPP_Mesa-de-trabajo-1-copia-5-150x150.png\" alt=\"ICONOS ACADEMIA HPP_Mesa de trabajo 1 copia 5\" width=\"150\" height=\"150\" \/><\/p>\n<p><strong>Planificaci\u00f3n y soporte<\/strong><\/p>\n<p>\u00bfInteresado en crear un producto nuevo y llevarlo al mercado? Nuestra red puede ofrecer recursos a tu negocio para acelerar el proceso.<\/p>\n<p><img decoding=\"async\" loading=\"lazy\" title=\"ICONOS ACADEMIA HPP_Mesa de trabajo 1 copia 4\" src=\"https:\/\/www.hiperbaric.com\/wp-content\/uploads\/2021\/11\/ICONOS-ACADEMIA-HPP_Mesa-de-trabajo-1-copia-4-150x150.png\" alt=\"ICONOS ACADEMIA HPP_Mesa de trabajo 1 copia 4\" width=\"150\" height=\"150\" \/><\/p>\n<p><strong>Clases y talleres educativos<\/strong><\/p>\n<p>\u00danete a clases y talleres relacionados con HPP organizados por nuestros colaboradores.<\/p>\n<p><img decoding=\"async\" loading=\"lazy\" title=\"ICONOS ACADEMIA HPP_Mesa de trabajo 1 copia\" src=\"https:\/\/www.hiperbaric.com\/wp-content\/uploads\/2021\/11\/ICONOS-ACADEMIA-HPP_Mesa-de-trabajo-1-copia-150x150.png\" alt=\"ICONOS ACADEMIA HPP_Mesa de trabajo 1 copia\" width=\"150\" height=\"150\" \/><\/p>\n<p><strong>Autoridad de proceso<\/strong><\/p>\n<p>Orientaci\u00f3n sobre cumplimiento normativo a nivel nacional e internacional con respecto al procesado de alimentos y bebidas y planes HACCP.<\/p>\n<p><a role=\"button\" href=\"https:\/\/forms.marketing.hiperbaric.com\/hpp_academia_network_flyer \" target=\"_blank\" rel=\"noopener\" download=\"\">Descargar flyer HPP Academia Network<\/a><\/p>\n<h2 data-element-id=\"hmap-4\"><strong>HPP Academia Network &#8211; Colaboradores<br \/><\/strong><\/h2>\n<p>Am\u00e9rica:<\/p>\n<section><img decoding=\"async\" src=\"\/wp-content\/uploads\/2024\/12\/wordmark-primary-2.png\" \/> <img decoding=\"async\" src=\"\/wp-content\/uploads\/2021\/11\/2.-UNL.png\" \/> <img decoding=\"async\" src=\"\/wp-content\/uploads\/2021\/11\/3.-Certified-Labs-slider.jpg\" \/> <img decoding=\"async\" src=\"\/wp-content\/uploads\/2021\/11\/4.-Merieux.png\" \/> <img decoding=\"async\" src=\"\/wp-content\/uploads\/2021\/11\/5.-Univ-British-Columbia.png\" \/> <img decoding=\"async\" src=\"\/wp-content\/uploads\/2021\/11\/6.-Alberta.png\" \/> <img decoding=\"async\" src=\"\/wp-content\/uploads\/2021\/11\/7.-Bureau_Veritas.svg.png\" \/> <img decoding=\"async\" src=\"\/wp-content\/uploads\/2021\/11\/8.-CCFI-Logo.png\" \/> <img decoding=\"async\" src=\"\/wp-content\/uploads\/2021\/11\/9.-cdbq.png\" \/><\/section>\n<p>Europa:<\/p>\n<section><img decoding=\"async\" src=\"\/wp-content\/uploads\/2021\/11\/2.-Univ.-Cordoba.png\" \/> <img decoding=\"async\" src=\"\/wp-content\/uploads\/2021\/11\/3.-Anfaco.png\" \/> <img decoding=\"async\" src=\"\/wp-content\/uploads\/2021\/11\/4.-AZTI.png\" \/> <img decoding=\"async\" src=\"\/wp-content\/uploads\/2021\/11\/5.-Cicytex.png\" \/> <img decoding=\"async\" src=\"\/wp-content\/uploads\/2021\/11\/6.-ITACYL-logo.png\" \/> <img decoding=\"async\" src=\"\/wp-content\/uploads\/2021\/11\/7.-Celabor_Logo_.png\" \/> <img decoding=\"async\" src=\"\/wp-content\/uploads\/2021\/11\/8.-Universidade-de-Aveiro.png\" \/> <img decoding=\"async\" src=\"\/wp-content\/uploads\/2021\/11\/1.-irta.png\" \/><\/section>\n<p>Asia, Oriente Medio y Ocean\u00eda:<\/p>\n<section><img decoding=\"async\" src=\"\/wp-content\/uploads\/2021\/11\/1.-UPM.png\" \/> <img decoding=\"async\" src=\"\/wp-content\/uploads\/2024\/11\/IPB-University-Bogor-Indonesia-Logo-Vector.svg-.png\" \/><\/section>\n<h2 data-element-id=\"hmap-4\"><strong>HPP Incubator: convierte tus ideas de producto en realidad<br \/><\/strong><\/h2>\n<p><a href=\"https:\/\/www.hiperbaric.com\/en\/hpp-technology\/services\/hpp-incubator-pilot-plants\/\" target=\"_self\" rel=\"noopener\"> <img decoding=\"async\" loading=\"lazy\" title=\"HPP Incubator\" src=\"https:\/\/www.hiperbaric.com\/wp-content\/uploads\/2021\/11\/HPP-Incubator.png\" alt=\"HPP Incubator\" width=\"1823\" height=\"1049\" \/> <\/a><\/p>\n<h2>Tus productos HPP hechos realidad<\/h2>\n<p>Nuestros HPP Incubators de Burgos (Espa\u00f1a), Miami (EEUU) y Shangh\u00e1i (China) ofrecen a las marcas pruebas y consultor\u00eda gratuitas de HPP para el envasado, el desarrollo de productos y los estudios de validaci\u00f3n. El objetivo es educar y ayudar a las empresas a determinar si HPP es una tecnolog\u00eda viable para sus productos. Si est\u00e1s creando una nueva receta en nuestra cocina, probando envases o realizando estudios de desaf\u00edo, Hiperbaric est\u00e1 aqu\u00ed para guiarte durante todo el proceso. \u00a1Conecta con nuestro equipo de aplicaciones hoy mismo!<\/p>\n<p><a role=\"button\" href=\"https:\/\/www.hiperbaric.com\/es\/tecnologia-hpp\/servicios\/hpp-incubator-plantas-piloto\/\" target=\"_blank\" rel=\"noopener\">SABER M\u00c1S &gt;<\/a><\/p>\n\t\t\t\t\t\t<\/div>\n\t\t\t\t<\/div>\n\t\t\t\t\t<\/div>\n\t\t<\/div>\n\t\t\t\t\t\t\t<\/div>\n\t\t<\/section>\n\t\t\t\t\t\t\t<\/div>\n\t\t","protected":false},"excerpt":{"rendered":"<p>HPP Academia Network ______________ Universidades, centros de I+D y laboratorios de ensayos HPP Academia Network HPP Academia Network es una red de colaboradores exclusiva de Hiperbaric que sirve como recurso multidisciplinario para la industria alimentaria, proporcionando una combinaci\u00f3n de servicios de consultor\u00eda, asesoramiento t\u00e9cnico y desarrollo empresarial. En general, ofrecen pruebas de procesado por alta&#8230;<\/p>\n","protected":false},"author":1,"featured_media":0,"parent":17385,"menu_order":0,"comment_status":"closed","ping_status":"closed","template":"","meta":{"om_disable_all_campaigns":false,"inline_featured_image":false,"_monsterinsights_skip_tracking":false,"_monsterinsights_sitenote_active":false,"_monsterinsights_sitenote_note":"","_monsterinsights_sitenote_category":0,"footnotes":"","_wp_rev_ctl_limit":""},"acf":[],"yoast_head":"<!-- This site is optimized with the Yoast SEO plugin v22.4 - https:\/\/yoast.com\/wordpress\/plugins\/seo\/ -->\n<title>HPP Academia Network - Hiperbaric<\/title>\n<meta name=\"description\" content=\"HPP Academia Network es una red de colaboradores exclusiva de Hiperbaric que sirve como recurso multidisciplinario para la industria alimentaria.\" \/>\n<meta name=\"robots\" content=\"index, follow, max-snippet:-1, max-image-preview:large, max-video-preview:-1\" \/>\n<link rel=\"canonical\" href=\"https:\/\/www.hiperbaric.com\/es\/tecnologia-hpp\/aplicaciones\/hpp-academia-network\/\" \/>\n<meta property=\"og:locale\" content=\"es_ES\" \/>\n<meta property=\"og:type\" content=\"article\" \/>\n<meta property=\"og:title\" content=\"HPP Academia Network - Hiperbaric\" \/>\n<meta property=\"og:description\" content=\"HPP Academia Network es una red de colaboradores exclusiva de Hiperbaric que sirve como recurso multidisciplinario para la industria alimentaria.\" \/>\n<meta property=\"og:url\" content=\"https:\/\/www.hiperbaric.com\/es\/tecnologia-hpp\/aplicaciones\/hpp-academia-network\/\" \/>\n<meta property=\"og:site_name\" content=\"Hiperbaric\" \/>\n<meta property=\"article:modified_time\" content=\"2025-05-16T07:00:44+00:00\" \/>\n<meta property=\"og:image\" content=\"https:\/\/www.hiperbaric.com\/wp-content\/uploads\/2021\/11\/worldwide-2.png\" \/>\n<meta name=\"twitter:card\" content=\"summary_large_image\" \/>\n<meta name=\"twitter:label1\" content=\"Tiempo de lectura\" \/>\n\t<meta name=\"twitter:data1\" content=\"8 minutos\" \/>\n<script type=\"application\/ld+json\" class=\"yoast-schema-graph\">{\"@context\":\"https:\/\/schema.org\",\"@graph\":[{\"@type\":\"WebPage\",\"@id\":\"https:\/\/www.hiperbaric.com\/es\/tecnologia-hpp\/aplicaciones\/hpp-academia-network\/\",\"url\":\"https:\/\/www.hiperbaric.com\/es\/tecnologia-hpp\/aplicaciones\/hpp-academia-network\/\",\"name\":\"HPP Academia Network - Hiperbaric\",\"isPartOf\":{\"@id\":\"https:\/\/www.hiperbaric.com\/en\/#website\"},\"primaryImageOfPage\":{\"@id\":\"https:\/\/www.hiperbaric.com\/es\/tecnologia-hpp\/aplicaciones\/hpp-academia-network\/#primaryimage\"},\"image\":{\"@id\":\"https:\/\/www.hiperbaric.com\/es\/tecnologia-hpp\/aplicaciones\/hpp-academia-network\/#primaryimage\"},\"thumbnailUrl\":\"https:\/\/www.hiperbaric.com\/wp-content\/uploads\/2021\/11\/worldwide-2.png\",\"datePublished\":\"2021-11-24T06:27:41+00:00\",\"dateModified\":\"2025-05-16T07:00:44+00:00\",\"description\":\"HPP Academia Network es una red de colaboradores exclusiva de Hiperbaric que sirve como recurso multidisciplinario para la industria alimentaria.\",\"breadcrumb\":{\"@id\":\"https:\/\/www.hiperbaric.com\/es\/tecnologia-hpp\/aplicaciones\/hpp-academia-network\/#breadcrumb\"},\"inLanguage\":\"es\",\"potentialAction\":[{\"@type\":\"ReadAction\",\"target\":[\"https:\/\/www.hiperbaric.com\/es\/tecnologia-hpp\/aplicaciones\/hpp-academia-network\/\"]}]},{\"@type\":\"ImageObject\",\"inLanguage\":\"es\",\"@id\":\"https:\/\/www.hiperbaric.com\/es\/tecnologia-hpp\/aplicaciones\/hpp-academia-network\/#primaryimage\",\"url\":\"https:\/\/www.hiperbaric.com\/wp-content\/uploads\/2021\/11\/worldwide-2.png\",\"contentUrl\":\"https:\/\/www.hiperbaric.com\/wp-content\/uploads\/2021\/11\/worldwide-2.png\"},{\"@type\":\"BreadcrumbList\",\"@id\":\"https:\/\/www.hiperbaric.com\/es\/tecnologia-hpp\/aplicaciones\/hpp-academia-network\/#breadcrumb\",\"itemListElement\":[{\"@type\":\"ListItem\",\"position\":1,\"name\":\"Home\",\"item\":\"https:\/\/www.hiperbaric.com\/es\/\"},{\"@type\":\"ListItem\",\"position\":2,\"name\":\"Tecnolog\u00eda HPP\",\"item\":\"https:\/\/www.hiperbaric.com\/es\/tecnologia-hpp\/\"},{\"@type\":\"ListItem\",\"position\":3,\"name\":\"Aplicaciones\",\"item\":\"https:\/\/www.hiperbaric.com\/es\/tecnologia-hpp\/aplicaciones\/\"},{\"@type\":\"ListItem\",\"position\":4,\"name\":\"HPP Academia Network\"}]},{\"@type\":\"WebSite\",\"@id\":\"https:\/\/www.hiperbaric.com\/en\/#website\",\"url\":\"https:\/\/www.hiperbaric.com\/en\/\",\"name\":\"Hiperbaric\",\"description\":\"Procesado para la conservaci\u00f3n de alimentos\",\"publisher\":{\"@id\":\"https:\/\/www.hiperbaric.com\/en\/#organization\"},\"potentialAction\":[{\"@type\":\"SearchAction\",\"target\":{\"@type\":\"EntryPoint\",\"urlTemplate\":\"https:\/\/www.hiperbaric.com\/en\/?s={search_term_string}\"},\"query-input\":\"required name=search_term_string\"}],\"inLanguage\":\"es\"},{\"@type\":\"Organization\",\"@id\":\"https:\/\/www.hiperbaric.com\/en\/#organization\",\"name\":\"Hiperbaric\",\"url\":\"https:\/\/www.hiperbaric.com\/en\/\",\"logo\":{\"@type\":\"ImageObject\",\"inLanguage\":\"es\",\"@id\":\"https:\/\/www.hiperbaric.com\/en\/#\/schema\/logo\/image\/\",\"url\":\"https:\/\/www.hiperbaric.com\/wp-content\/uploads\/2026\/01\/cropped-hiperbaric-logotipo-1-2.png\",\"contentUrl\":\"https:\/\/www.hiperbaric.com\/wp-content\/uploads\/2026\/01\/cropped-hiperbaric-logotipo-1-2.png\",\"width\":340,\"height\":72,\"caption\":\"Hiperbaric\"},\"image\":{\"@id\":\"https:\/\/www.hiperbaric.com\/en\/#\/schema\/logo\/image\/\"}}]}<\/script>\n<!-- \/ Yoast SEO plugin. -->","yoast_head_json":{"title":"HPP Academia Network - Hiperbaric","description":"HPP Academia Network es una red de colaboradores exclusiva de Hiperbaric que sirve como recurso multidisciplinario para la industria alimentaria.","robots":{"index":"index","follow":"follow","max-snippet":"max-snippet:-1","max-image-preview":"max-image-preview:large","max-video-preview":"max-video-preview:-1"},"canonical":"https:\/\/www.hiperbaric.com\/es\/tecnologia-hpp\/aplicaciones\/hpp-academia-network\/","og_locale":"es_ES","og_type":"article","og_title":"HPP Academia Network - Hiperbaric","og_description":"HPP Academia Network es una red de colaboradores exclusiva de Hiperbaric que sirve como recurso multidisciplinario para la industria alimentaria.","og_url":"https:\/\/www.hiperbaric.com\/es\/tecnologia-hpp\/aplicaciones\/hpp-academia-network\/","og_site_name":"Hiperbaric","article_modified_time":"2025-05-16T07:00:44+00:00","og_image":[{"url":"https:\/\/www.hiperbaric.com\/wp-content\/uploads\/2021\/11\/worldwide-2.png"}],"twitter_card":"summary_large_image","twitter_misc":{"Tiempo de lectura":"8 minutos"},"schema":{"@context":"https:\/\/schema.org","@graph":[{"@type":"WebPage","@id":"https:\/\/www.hiperbaric.com\/es\/tecnologia-hpp\/aplicaciones\/hpp-academia-network\/","url":"https:\/\/www.hiperbaric.com\/es\/tecnologia-hpp\/aplicaciones\/hpp-academia-network\/","name":"HPP Academia Network - Hiperbaric","isPartOf":{"@id":"https:\/\/www.hiperbaric.com\/en\/#website"},"primaryImageOfPage":{"@id":"https:\/\/www.hiperbaric.com\/es\/tecnologia-hpp\/aplicaciones\/hpp-academia-network\/#primaryimage"},"image":{"@id":"https:\/\/www.hiperbaric.com\/es\/tecnologia-hpp\/aplicaciones\/hpp-academia-network\/#primaryimage"},"thumbnailUrl":"https:\/\/www.hiperbaric.com\/wp-content\/uploads\/2021\/11\/worldwide-2.png","datePublished":"2021-11-24T06:27:41+00:00","dateModified":"2025-05-16T07:00:44+00:00","description":"HPP Academia Network es una red de colaboradores exclusiva de Hiperbaric que sirve como recurso multidisciplinario para la industria alimentaria.","breadcrumb":{"@id":"https:\/\/www.hiperbaric.com\/es\/tecnologia-hpp\/aplicaciones\/hpp-academia-network\/#breadcrumb"},"inLanguage":"es","potentialAction":[{"@type":"ReadAction","target":["https:\/\/www.hiperbaric.com\/es\/tecnologia-hpp\/aplicaciones\/hpp-academia-network\/"]}]},{"@type":"ImageObject","inLanguage":"es","@id":"https:\/\/www.hiperbaric.com\/es\/tecnologia-hpp\/aplicaciones\/hpp-academia-network\/#primaryimage","url":"https:\/\/www.hiperbaric.com\/wp-content\/uploads\/2021\/11\/worldwide-2.png","contentUrl":"https:\/\/www.hiperbaric.com\/wp-content\/uploads\/2021\/11\/worldwide-2.png"},{"@type":"BreadcrumbList","@id":"https:\/\/www.hiperbaric.com\/es\/tecnologia-hpp\/aplicaciones\/hpp-academia-network\/#breadcrumb","itemListElement":[{"@type":"ListItem","position":1,"name":"Home","item":"https:\/\/www.hiperbaric.com\/es\/"},{"@type":"ListItem","position":2,"name":"Tecnolog\u00eda HPP","item":"https:\/\/www.hiperbaric.com\/es\/tecnologia-hpp\/"},{"@type":"ListItem","position":3,"name":"Aplicaciones","item":"https:\/\/www.hiperbaric.com\/es\/tecnologia-hpp\/aplicaciones\/"},{"@type":"ListItem","position":4,"name":"HPP Academia Network"}]},{"@type":"WebSite","@id":"https:\/\/www.hiperbaric.com\/en\/#website","url":"https:\/\/www.hiperbaric.com\/en\/","name":"Hiperbaric","description":"Procesado para la conservaci\u00f3n de alimentos","publisher":{"@id":"https:\/\/www.hiperbaric.com\/en\/#organization"},"potentialAction":[{"@type":"SearchAction","target":{"@type":"EntryPoint","urlTemplate":"https:\/\/www.hiperbaric.com\/en\/?s={search_term_string}"},"query-input":"required name=search_term_string"}],"inLanguage":"es"},{"@type":"Organization","@id":"https:\/\/www.hiperbaric.com\/en\/#organization","name":"Hiperbaric","url":"https:\/\/www.hiperbaric.com\/en\/","logo":{"@type":"ImageObject","inLanguage":"es","@id":"https:\/\/www.hiperbaric.com\/en\/#\/schema\/logo\/image\/","url":"https:\/\/www.hiperbaric.com\/wp-content\/uploads\/2026\/01\/cropped-hiperbaric-logotipo-1-2.png","contentUrl":"https:\/\/www.hiperbaric.com\/wp-content\/uploads\/2026\/01\/cropped-hiperbaric-logotipo-1-2.png","width":340,"height":72,"caption":"Hiperbaric"},"image":{"@id":"https:\/\/www.hiperbaric.com\/en\/#\/schema\/logo\/image\/"}}]}},"_links":{"self":[{"href":"https:\/\/www.hiperbaric.com\/es\/wp-json\/wp\/v2\/pages\/33954"}],"collection":[{"href":"https:\/\/www.hiperbaric.com\/es\/wp-json\/wp\/v2\/pages"}],"about":[{"href":"https:\/\/www.hiperbaric.com\/es\/wp-json\/wp\/v2\/types\/page"}],"author":[{"embeddable":true,"href":"https:\/\/www.hiperbaric.com\/es\/wp-json\/wp\/v2\/users\/1"}],"replies":[{"embeddable":true,"href":"https:\/\/www.hiperbaric.com\/es\/wp-json\/wp\/v2\/comments?post=33954"}],"version-history":[{"count":5,"href":"https:\/\/www.hiperbaric.com\/es\/wp-json\/wp\/v2\/pages\/33954\/revisions"}],"predecessor-version":[{"id":63518,"href":"https:\/\/www.hiperbaric.com\/es\/wp-json\/wp\/v2\/pages\/33954\/revisions\/63518"}],"up":[{"embeddable":true,"href":"https:\/\/www.hiperbaric.com\/es\/wp-json\/wp\/v2\/pages\/17385"}],"wp:attachment":[{"href":"https:\/\/www.hiperbaric.com\/es\/wp-json\/wp\/v2\/media?parent=33954"}],"curies":[{"name":"wp","href":"https:\/\/api.w.org\/{rel}","templated":true}]}}