{"id":33702,"date":"2021-11-12T13:32:30","date_gmt":"2021-11-12T12:32:30","guid":{"rendered":"https:\/\/www.hiperbaric.com\/?page_id=33702"},"modified":"2025-10-08T10:27:26","modified_gmt":"2025-10-08T08:27:26","slug":"hiperbaric-30-38-42-hip","status":"publish","type":"page","link":"https:\/\/www.hiperbaric.com\/es\/tecnologia-hip\/equipos\/hiperbaric-30-38-42-hip\/","title":{"rendered":"Hiperbaric 30-38-42 HIP"},"content":{"rendered":"\n<h1>\n\tHiperbaric 30-38-42 HIP\n\t<\/h1>\n\t<p><strong>Presi\u00f3n de operaci\u00f3n<\/strong><\/p>\n\t\t\t\t<img decoding=\"async\" loading=\"lazy\" src=\"https:\/\/www.hiperbaric.com\/wp-content\/uploads\/2023\/11\/ICONOS-HIP-WEB-PRESION-30-38-42.png\" alt=\"ICONOS HIP WEB-PRESI\u00d3N-30, 38, 42\" itemprop=\"image\" height=\"193\" width=\"1625\" title=\"ICONOS HIP WEB-PRESI\u00d3N-30, 38, 42\" onerror=\"this.style.display='none'\"  \/>\n\t<p><strong>Carga m\u00e1xima (Molibdeno \/ Grafito)<\/strong><\/p>\n\t\t\t\t<img decoding=\"async\" loading=\"lazy\" src=\"https:\/\/www.hiperbaric.com\/wp-content\/uploads\/2023\/11\/ICONOS-HIP-WEB_CARGA-MAXIMA-30.png\" alt=\"ICONOS HIP WEB_CARGA M\u00c1XIMA-30\" itemprop=\"image\" height=\"193\" width=\"1188\" title=\"ICONOS HIP WEB_CARGA M\u00c1XIMA-30\" onerror=\"this.style.display='none'\"  \/>\n\t\t\t\t<img decoding=\"async\" loading=\"lazy\" src=\"https:\/\/www.hiperbaric.com\/wp-content\/uploads\/2023\/11\/ICONOS-HIP-WEB_CARGA-MAXIMA-38.png\" alt=\"ICONOS HIP WEB_CARGA M\u00c1XIMA-38\" itemprop=\"image\" height=\"193\" width=\"1220\" title=\"ICONOS HIP WEB_CARGA M\u00c1XIMA-38\" onerror=\"this.style.display='none'\"  \/>\n\t\t\t\t<img decoding=\"async\" loading=\"lazy\" src=\"https:\/\/www.hiperbaric.com\/wp-content\/uploads\/2023\/11\/ICONOS-HIP-WEB_CARGA-MAXIMA-42.png\" alt=\"ICONOS HIP WEB_CARGA M\u00c1XIMA-42\" itemprop=\"image\" height=\"193\" width=\"1214\" title=\"ICONOS HIP WEB_CARGA M\u00c1XIMA-42\" onerror=\"this.style.display='none'\"  \/>\n\t\t\t\t<img decoding=\"async\" loading=\"lazy\" src=\"https:\/\/www.hiperbaric.com\/wp-content\/uploads\/2025\/10\/HIP-38-SIN-FONDO.png\" alt=\"HIP 38 SIN FONDO\" itemprop=\"image\" height=\"1610\" width=\"2528\" title=\"HIP 38 SIN FONDO\" onerror=\"this.style.display='none'\"  \/>\n\t<p><strong>Temp. de operaci\u00f3n (Molibdeno \/ Grafito)<\/strong><\/p>\n\t\t\t\t<img decoding=\"async\" loading=\"lazy\" src=\"https:\/\/www.hiperbaric.com\/wp-content\/uploads\/2023\/11\/ICONOS-HIP-WEB_TEMPERATURA-30-38-42.png\" alt=\"ICONOS HIP WEB_TEMPERATURA-30, 38, 42\" itemprop=\"image\" height=\"194\" width=\"2160\" title=\"ICONOS HIP WEB_TEMPERATURA-30, 38, 42\" onerror=\"this.style.display='none'\"  \/>\n\t<p><strong>Di\u00e1metro de zona caliente<\/strong><\/p>\n\t\t\t\t<img decoding=\"async\" loading=\"lazy\" src=\"https:\/\/www.hiperbaric.com\/wp-content\/uploads\/2023\/11\/ICONOS-HIP-WEB_DIAMETRO-30.png\" alt=\"ICONOS HIP WEB_DI\u00c1METRO-30\" itemprop=\"image\" height=\"193\" width=\"1175\" title=\"ICONOS HIP WEB_DI\u00c1METRO-30\" onerror=\"this.style.display='none'\"  \/>\n\t\t\t\t<img decoding=\"async\" loading=\"lazy\" src=\"https:\/\/www.hiperbaric.com\/wp-content\/uploads\/2023\/11\/ICONOS-HIP-WEB_DIAMETRO-38.png\" alt=\"ICONOS HIP WEB_DI\u00c1METRO-38\" itemprop=\"image\" height=\"193\" width=\"1896\" title=\"ICONOS HIP WEB_DI\u00c1METRO-38\" onerror=\"this.style.display='none'\"  \/>\n\t\t\t\t<img decoding=\"async\" loading=\"lazy\" src=\"https:\/\/www.hiperbaric.com\/wp-content\/uploads\/2023\/11\/ICONOS-HIP-WEB_DIAMETRO-42.png\" alt=\"ICONOS HIP WEB_DI\u00c1METRO-42\" itemprop=\"image\" height=\"193\" width=\"1226\" title=\"ICONOS HIP WEB_DI\u00c1METRO-42\" onerror=\"this.style.display='none'\"  \/>\n\t    <a href=\"#\" target=\"_self\" role=\"button\" rel=\"noopener\">DESCARGAR FLYER HIPERBARIC HIP> <\/a>\n<h3>\n\tHiperbaric 30-38-42 HIP\n\t<\/h3>\n\t<p>Las prensas Hiperbaric HIP 30-38-42 son las primeras de la gama Hot Isostatic Pressing (HIP) para el procesado y postprocesado de metales y otros componentes. Han sido dise\u00f1adas con un enfoque totalmente innovador y vers\u00e1til ya que permite varias configuraciones y modos de funcionamiento en una sola m\u00e1quina. Incorporan tecnolog\u00eda de \u00faltima generaci\u00f3n y est\u00e1n disponibles en el mercado desde 2020 a un precio muy competitivo y con unas prestaciones muy atractivas.<\/p>\n<p>Sus valiosas prestaciones hacen de estas tres prensas una excelente opci\u00f3n para las empresas interesadas en integrar el proceso HIP para crear sus piezas sin tener que depender de fuentes externas en este proceso.<\/p>\n<h3>\n\tA qui\u00e9n va dirigida\n\t<\/h3>\n\t<p>Pensado para aquellas empresas decididas a apostar por una tecnolog\u00eda que presenta sinergias con una gran cantidad de procesos de fabricaci\u00f3n en los sectores m\u00e1s exigentes como el aeroespacial, petr\u00f3leo &amp; gas, implantes m\u00e9dicos, nuclear, defensa, industria o automoci\u00f3n. Las dimensiones y prestaciones de las prensas Hiperbaric 30-38-42 HIP las hacen adecuadas para su instalaci\u00f3n en empresas con capacidades medias de producci\u00f3n, que necesitan implantar la tecnolog\u00eda HIP en su proceso de producci\u00f3n, dot\u00e1ndolo de valor a\u00f1adido y fiabilidad.<\/p>\n<h3>\n\tCaracter\u00edsticas Principales de Hiperbaric 30-38-42 HIP\n\t<\/h3>\n\t<p>La versatilidad del dise\u00f1o de las prensas Hiperbaric 30-38-42 HIP permite trabajar en un amplio rango de condiciones de operaci\u00f3n, e incluso llevar a cabo la realizaci\u00f3n combinada de tratamientos t\u00e9rmicos, ahorrando tiempo y maximizando la eficiencia de los procesos. Tambi\u00e9n es posible incorporar las opciones Fast Cooling y Ultra Fast Cooling, necesarias para el tratamiento adecuado de ciertos materiales o para mejorar sus propiedades.<\/p>\n\t<blockquote><p>Las prensas Hiperbaric 30-38-42 HIP son una propuesta de valor competitiva y fiable. Su versatilidad permite combinarlas sin\u00e9rgicamente con una amplia variedad de t\u00e9cnicas de fabricaci\u00f3n para desarrollar materiales y componentes vanguardistas.\u00a0<\/p><\/blockquote>\n<h3>\n\tRealiza tu consulta\n\t<\/h3>\n\t<p><iframe src=\"https:\/\/forms.marketing.hiperbaric.com\/l\/881883\/2020-08-24\/d2k?Language=Spanish&amp;Business_line=HIP&amp;Source_text=Form%20Hiperbaric%2030%20HIP \" height=\"680\" frameborder=\"0\" scrolling=\"no\"><\/iframe><\/p>\n\n","protected":false},"excerpt":{"rendered":"<p>Hiperbaric 30-38-42 HIP Presi\u00f3n de operaci\u00f3n Carga m\u00e1xima (Molibdeno \/ Grafito) Temp. de operaci\u00f3n (Molibdeno \/ Grafito) Di\u00e1metro de zona caliente DESCARGAR FLYER HIPERBARIC HIP> Hiperbaric 30-38-42 HIP Las prensas Hiperbaric HIP 30-38-42 son las primeras de la gama Hot Isostatic Pressing (HIP) para el procesado y postprocesado de metales y otros componentes. Han sido&#8230;<\/p>\n","protected":false},"author":6,"featured_media":0,"parent":21498,"menu_order":0,"comment_status":"closed","ping_status":"closed","template":"","meta":{"om_disable_all_campaigns":false,"inline_featured_image":false,"_monsterinsights_skip_tracking":false,"_monsterinsights_sitenote_active":false,"_monsterinsights_sitenote_note":"","_monsterinsights_sitenote_category":0,"footnotes":"","_wp_rev_ctl_limit":""},"acf":[],"yoast_head":"<!-- This site is optimized with the Yoast SEO plugin v22.4 - https:\/\/yoast.com\/wordpress\/plugins\/seo\/ -->\n<title>Hiperbaric 30-38-42 HIP - Hiperbaric<\/title>\n<meta name=\"robots\" content=\"index, follow, max-snippet:-1, max-image-preview:large, max-video-preview:-1\" \/>\n<link rel=\"canonical\" href=\"https:\/\/www.hiperbaric.com\/es\/tecnologia-hip\/equipos\/hiperbaric-30-38-42-hip\/\" \/>\n<meta property=\"og:locale\" content=\"es_ES\" \/>\n<meta property=\"og:type\" content=\"article\" \/>\n<meta property=\"og:title\" content=\"Hiperbaric 30-38-42 HIP - Hiperbaric\" \/>\n<meta property=\"og:description\" content=\"Hiperbaric 30-38-42 HIP Presi\u00f3n de operaci\u00f3n Carga m\u00e1xima (Molibdeno \/ Grafito) Temp. de operaci\u00f3n (Molibdeno \/ Grafito) Di\u00e1metro de zona caliente DESCARGAR FLYER HIPERBARIC HIP&gt; Hiperbaric 30-38-42 HIP Las prensas Hiperbaric HIP 30-38-42 son las primeras de la gama Hot Isostatic Pressing (HIP) para el procesado y postprocesado de metales y otros componentes. Han sido...\" \/>\n<meta property=\"og:url\" content=\"https:\/\/www.hiperbaric.com\/es\/tecnologia-hip\/equipos\/hiperbaric-30-38-42-hip\/\" \/>\n<meta property=\"og:site_name\" content=\"Hiperbaric\" \/>\n<meta property=\"article:modified_time\" content=\"2025-10-08T08:27:26+00:00\" \/>\n<meta property=\"og:image\" content=\"https:\/\/www.hiperbaric.com\/wp-content\/uploads\/2023\/11\/ICONOS-HIP-WEB-PRESION-30-38-42.png\" \/>\n<meta name=\"twitter:card\" content=\"summary_large_image\" \/>\n<meta name=\"twitter:label1\" content=\"Tiempo de lectura\" \/>\n\t<meta name=\"twitter:data1\" content=\"4 minutos\" \/>\n<script type=\"application\/ld+json\" class=\"yoast-schema-graph\">{\"@context\":\"https:\/\/schema.org\",\"@graph\":[{\"@type\":\"WebPage\",\"@id\":\"https:\/\/www.hiperbaric.com\/es\/tecnologia-hip\/equipos\/hiperbaric-30-38-42-hip\/\",\"url\":\"https:\/\/www.hiperbaric.com\/es\/tecnologia-hip\/equipos\/hiperbaric-30-38-42-hip\/\",\"name\":\"Hiperbaric 30-38-42 HIP - Hiperbaric\",\"isPartOf\":{\"@id\":\"https:\/\/www.hiperbaric.com\/en\/#website\"},\"primaryImageOfPage\":{\"@id\":\"https:\/\/www.hiperbaric.com\/es\/tecnologia-hip\/equipos\/hiperbaric-30-38-42-hip\/#primaryimage\"},\"image\":{\"@id\":\"https:\/\/www.hiperbaric.com\/es\/tecnologia-hip\/equipos\/hiperbaric-30-38-42-hip\/#primaryimage\"},\"thumbnailUrl\":\"https:\/\/www.hiperbaric.com\/wp-content\/uploads\/2023\/11\/ICONOS-HIP-WEB-PRESION-30-38-42.png\",\"datePublished\":\"2021-11-12T12:32:30+00:00\",\"dateModified\":\"2025-10-08T08:27:26+00:00\",\"breadcrumb\":{\"@id\":\"https:\/\/www.hiperbaric.com\/es\/tecnologia-hip\/equipos\/hiperbaric-30-38-42-hip\/#breadcrumb\"},\"inLanguage\":\"es\",\"potentialAction\":[{\"@type\":\"ReadAction\",\"target\":[\"https:\/\/www.hiperbaric.com\/es\/tecnologia-hip\/equipos\/hiperbaric-30-38-42-hip\/\"]}]},{\"@type\":\"ImageObject\",\"inLanguage\":\"es\",\"@id\":\"https:\/\/www.hiperbaric.com\/es\/tecnologia-hip\/equipos\/hiperbaric-30-38-42-hip\/#primaryimage\",\"url\":\"https:\/\/www.hiperbaric.com\/wp-content\/uploads\/2023\/11\/ICONOS-HIP-WEB-PRESION-30-38-42.png\",\"contentUrl\":\"https:\/\/www.hiperbaric.com\/wp-content\/uploads\/2023\/11\/ICONOS-HIP-WEB-PRESION-30-38-42.png\"},{\"@type\":\"BreadcrumbList\",\"@id\":\"https:\/\/www.hiperbaric.com\/es\/tecnologia-hip\/equipos\/hiperbaric-30-38-42-hip\/#breadcrumb\",\"itemListElement\":[{\"@type\":\"ListItem\",\"position\":1,\"name\":\"Home\",\"item\":\"https:\/\/www.hiperbaric.com\/es\/\"},{\"@type\":\"ListItem\",\"position\":2,\"name\":\"Tecnolog\u00eda HIP\",\"item\":\"https:\/\/www.hiperbaric.com\/es\/tecnologia-hip\/\"},{\"@type\":\"ListItem\",\"position\":3,\"name\":\"Equipos\",\"item\":\"https:\/\/www.hiperbaric.com\/es\/tecnologia-hip\/equipos\/\"},{\"@type\":\"ListItem\",\"position\":4,\"name\":\"Hiperbaric 30-38-42 HIP\"}]},{\"@type\":\"WebSite\",\"@id\":\"https:\/\/www.hiperbaric.com\/en\/#website\",\"url\":\"https:\/\/www.hiperbaric.com\/en\/\",\"name\":\"Hiperbaric\",\"description\":\"Procesado para la conservaci\u00f3n de alimentos\",\"publisher\":{\"@id\":\"https:\/\/www.hiperbaric.com\/en\/#organization\"},\"potentialAction\":[{\"@type\":\"SearchAction\",\"target\":{\"@type\":\"EntryPoint\",\"urlTemplate\":\"https:\/\/www.hiperbaric.com\/en\/?s={search_term_string}\"},\"query-input\":\"required name=search_term_string\"}],\"inLanguage\":\"es\"},{\"@type\":\"Organization\",\"@id\":\"https:\/\/www.hiperbaric.com\/en\/#organization\",\"name\":\"Hiperbaric\",\"url\":\"https:\/\/www.hiperbaric.com\/en\/\",\"logo\":{\"@type\":\"ImageObject\",\"inLanguage\":\"es\",\"@id\":\"https:\/\/www.hiperbaric.com\/en\/#\/schema\/logo\/image\/\",\"url\":\"https:\/\/www.hiperbaric.com\/wp-content\/uploads\/2026\/01\/cropped-hiperbaric-logotipo-1-2.png\",\"contentUrl\":\"https:\/\/www.hiperbaric.com\/wp-content\/uploads\/2026\/01\/cropped-hiperbaric-logotipo-1-2.png\",\"width\":340,\"height\":72,\"caption\":\"Hiperbaric\"},\"image\":{\"@id\":\"https:\/\/www.hiperbaric.com\/en\/#\/schema\/logo\/image\/\"}}]}<\/script>\n<!-- \/ Yoast SEO plugin. -->","yoast_head_json":{"title":"Hiperbaric 30-38-42 HIP - Hiperbaric","robots":{"index":"index","follow":"follow","max-snippet":"max-snippet:-1","max-image-preview":"max-image-preview:large","max-video-preview":"max-video-preview:-1"},"canonical":"https:\/\/www.hiperbaric.com\/es\/tecnologia-hip\/equipos\/hiperbaric-30-38-42-hip\/","og_locale":"es_ES","og_type":"article","og_title":"Hiperbaric 30-38-42 HIP - Hiperbaric","og_description":"Hiperbaric 30-38-42 HIP Presi\u00f3n de operaci\u00f3n Carga m\u00e1xima (Molibdeno \/ Grafito) Temp. de operaci\u00f3n (Molibdeno \/ Grafito) Di\u00e1metro de zona caliente DESCARGAR FLYER HIPERBARIC HIP> Hiperbaric 30-38-42 HIP Las prensas Hiperbaric HIP 30-38-42 son las primeras de la gama Hot Isostatic Pressing (HIP) para el procesado y postprocesado de metales y otros componentes. Han sido...","og_url":"https:\/\/www.hiperbaric.com\/es\/tecnologia-hip\/equipos\/hiperbaric-30-38-42-hip\/","og_site_name":"Hiperbaric","article_modified_time":"2025-10-08T08:27:26+00:00","og_image":[{"url":"https:\/\/www.hiperbaric.com\/wp-content\/uploads\/2023\/11\/ICONOS-HIP-WEB-PRESION-30-38-42.png"}],"twitter_card":"summary_large_image","twitter_misc":{"Tiempo de lectura":"4 minutos"},"schema":{"@context":"https:\/\/schema.org","@graph":[{"@type":"WebPage","@id":"https:\/\/www.hiperbaric.com\/es\/tecnologia-hip\/equipos\/hiperbaric-30-38-42-hip\/","url":"https:\/\/www.hiperbaric.com\/es\/tecnologia-hip\/equipos\/hiperbaric-30-38-42-hip\/","name":"Hiperbaric 30-38-42 HIP - Hiperbaric","isPartOf":{"@id":"https:\/\/www.hiperbaric.com\/en\/#website"},"primaryImageOfPage":{"@id":"https:\/\/www.hiperbaric.com\/es\/tecnologia-hip\/equipos\/hiperbaric-30-38-42-hip\/#primaryimage"},"image":{"@id":"https:\/\/www.hiperbaric.com\/es\/tecnologia-hip\/equipos\/hiperbaric-30-38-42-hip\/#primaryimage"},"thumbnailUrl":"https:\/\/www.hiperbaric.com\/wp-content\/uploads\/2023\/11\/ICONOS-HIP-WEB-PRESION-30-38-42.png","datePublished":"2021-11-12T12:32:30+00:00","dateModified":"2025-10-08T08:27:26+00:00","breadcrumb":{"@id":"https:\/\/www.hiperbaric.com\/es\/tecnologia-hip\/equipos\/hiperbaric-30-38-42-hip\/#breadcrumb"},"inLanguage":"es","potentialAction":[{"@type":"ReadAction","target":["https:\/\/www.hiperbaric.com\/es\/tecnologia-hip\/equipos\/hiperbaric-30-38-42-hip\/"]}]},{"@type":"ImageObject","inLanguage":"es","@id":"https:\/\/www.hiperbaric.com\/es\/tecnologia-hip\/equipos\/hiperbaric-30-38-42-hip\/#primaryimage","url":"https:\/\/www.hiperbaric.com\/wp-content\/uploads\/2023\/11\/ICONOS-HIP-WEB-PRESION-30-38-42.png","contentUrl":"https:\/\/www.hiperbaric.com\/wp-content\/uploads\/2023\/11\/ICONOS-HIP-WEB-PRESION-30-38-42.png"},{"@type":"BreadcrumbList","@id":"https:\/\/www.hiperbaric.com\/es\/tecnologia-hip\/equipos\/hiperbaric-30-38-42-hip\/#breadcrumb","itemListElement":[{"@type":"ListItem","position":1,"name":"Home","item":"https:\/\/www.hiperbaric.com\/es\/"},{"@type":"ListItem","position":2,"name":"Tecnolog\u00eda HIP","item":"https:\/\/www.hiperbaric.com\/es\/tecnologia-hip\/"},{"@type":"ListItem","position":3,"name":"Equipos","item":"https:\/\/www.hiperbaric.com\/es\/tecnologia-hip\/equipos\/"},{"@type":"ListItem","position":4,"name":"Hiperbaric 30-38-42 HIP"}]},{"@type":"WebSite","@id":"https:\/\/www.hiperbaric.com\/en\/#website","url":"https:\/\/www.hiperbaric.com\/en\/","name":"Hiperbaric","description":"Procesado para la conservaci\u00f3n de alimentos","publisher":{"@id":"https:\/\/www.hiperbaric.com\/en\/#organization"},"potentialAction":[{"@type":"SearchAction","target":{"@type":"EntryPoint","urlTemplate":"https:\/\/www.hiperbaric.com\/en\/?s={search_term_string}"},"query-input":"required name=search_term_string"}],"inLanguage":"es"},{"@type":"Organization","@id":"https:\/\/www.hiperbaric.com\/en\/#organization","name":"Hiperbaric","url":"https:\/\/www.hiperbaric.com\/en\/","logo":{"@type":"ImageObject","inLanguage":"es","@id":"https:\/\/www.hiperbaric.com\/en\/#\/schema\/logo\/image\/","url":"https:\/\/www.hiperbaric.com\/wp-content\/uploads\/2026\/01\/cropped-hiperbaric-logotipo-1-2.png","contentUrl":"https:\/\/www.hiperbaric.com\/wp-content\/uploads\/2026\/01\/cropped-hiperbaric-logotipo-1-2.png","width":340,"height":72,"caption":"Hiperbaric"},"image":{"@id":"https:\/\/www.hiperbaric.com\/en\/#\/schema\/logo\/image\/"}}]}},"_links":{"self":[{"href":"https:\/\/www.hiperbaric.com\/es\/wp-json\/wp\/v2\/pages\/33702"}],"collection":[{"href":"https:\/\/www.hiperbaric.com\/es\/wp-json\/wp\/v2\/pages"}],"about":[{"href":"https:\/\/www.hiperbaric.com\/es\/wp-json\/wp\/v2\/types\/page"}],"author":[{"embeddable":true,"href":"https:\/\/www.hiperbaric.com\/es\/wp-json\/wp\/v2\/users\/6"}],"replies":[{"embeddable":true,"href":"https:\/\/www.hiperbaric.com\/es\/wp-json\/wp\/v2\/comments?post=33702"}],"version-history":[{"count":5,"href":"https:\/\/www.hiperbaric.com\/es\/wp-json\/wp\/v2\/pages\/33702\/revisions"}],"predecessor-version":[{"id":65373,"href":"https:\/\/www.hiperbaric.com\/es\/wp-json\/wp\/v2\/pages\/33702\/revisions\/65373"}],"up":[{"embeddable":true,"href":"https:\/\/www.hiperbaric.com\/es\/wp-json\/wp\/v2\/pages\/21498"}],"wp:attachment":[{"href":"https:\/\/www.hiperbaric.com\/es\/wp-json\/wp\/v2\/media?parent=33702"}],"curies":[{"name":"wp","href":"https:\/\/api.w.org\/{rel}","templated":true}]}}