{"id":33667,"date":"2021-11-10T13:58:28","date_gmt":"2021-11-10T12:58:28","guid":{"rendered":"https:\/\/www.hiperbaric.com\/?page_id=33667"},"modified":"2022-02-08T16:27:16","modified_gmt":"2022-02-08T15:27:16","slug":"politica-gestion-integrada","status":"publish","type":"page","link":"https:\/\/www.hiperbaric.com\/es\/quienes-somos\/politica-gestion-integrada\/","title":{"rendered":"Pol\u00edtica de Gesti\u00f3n Integrada"},"content":{"rendered":"\n\t<p>La Pol\u00edtica de Gesti\u00f3n Integrada de Hiperbaric establece los compromisos definidos e impulsados desde la Alta Direcci\u00f3n; para garantizar la orientaci\u00f3n de las actividades de la organizaci\u00f3n hacia la mejora continua, la satisfacci\u00f3n de sus trabajadores y clientes, la sostenibilidad ambiental y la innovaci\u00f3n.<\/p>\n\t<h3><strong>Principios que constituyen la Pol\u00edtica de Gesti\u00f3n Integrada de Hiperbaric<\/strong><\/h3>\n\t\t\t\t<img decoding=\"async\" loading=\"lazy\" src=\"https:\/\/www.hiperbaric.com\/wp-content\/uploads\/2021\/11\/Todos_Espanol-1024x286.png\" alt=\"Todos_Espa\u00f1ol\" itemprop=\"image\" height=\"286\" width=\"1024\" title=\"Todos_Espa\u00f1ol\" onerror=\"this.style.display='none'\"  \/>\n\t<p><strong>Hiperbaric reconoce la importancia del Capital Humano<\/strong> y considera a las personas su principal activo, por ello promueve y mantiene el bienestar f\u00edsico, mental y social de sus trabajadores, contratistas y visitantes. De igual forma que Identifica los peligros, eval\u00faa y valora los riesgos de cada uno de los procesos de la organizaci\u00f3n, estableciendo los respectivos controles con el fin de evitar y minimizar accidentes de trabajo, enfermedades laborales o lesiones personales;<\/p>\n\t<p><strong>Hiperbaric debe su existencia a sus Clientes<\/strong>, por lo que nuestro objetivo principal consiste en ofrecerles tecnolog\u00edas de altas presiones con la m\u00e1s absoluta calidad, ganando y conservando con ello su respeto y lealtad. Las expectativas de nuestros clientes deben conocerse en toda la empresa y analizarse para avanzar hacia su plena satisfacci\u00f3n.<\/p>\n\t<p><strong>El equipo humano que integra Hiperbaric reconoce que el conjunto de la sociedad tiene derecho a disfrutar de un medioambiente en perfecto estado de conservaci\u00f3n<\/strong>, por ello contempla en el desarrollo de sus actividades la afecci\u00f3n al medioambiente; analizando las alternativas que permitan minimizar la carga ambiental generada.<\/p>\n\t<p><strong>Hiperbaric basa su competitividad en el valor a\u00f1adido que ofrece el proceso de I+D+i,<\/strong> gestionado para obtener productos de alta tecnolog\u00eda enfocados a <strong>garantizar la fiabilidad de m\u00e1quina<\/strong>, caracter\u00edstica base de su diferenciaci\u00f3n; e innovadores m\u00e9todos productivos y organizativos con la digitalizaci\u00f3n de sus procesos, en un camino ya iniciado y tendente a la transformaci\u00f3n digital de su modelo de negocio.<\/p>\n\t<a href=\"https:\/\/www.hiperbaric.com\/wp-content\/uploads\/2021\/11\/Politica-de-Gestion-Integrada-Hiperbaric.pdf\" target=\"_blank\" role=\"button\" rel=\"noopener noreferrer\">\n\t\t\t\t\tDescargar Pol\u00edtica de Gesti\u00f3n Integrada\n\t<\/a>\n\t<p>Nuestra estrategia alinea el dise\u00f1o y fabricaci\u00f3n de tecnolog\u00eda innovadora de calidad en el campo de las altas presiones con el respeto constante hacia nuestros trabajadores y al medioambiente, contribuyendo as\u00ed a la <strong>satisfacci\u00f3n de las partes interesadas<\/strong>, integrando la <strong>mejora continua<\/strong> y el <strong>cumplimiento de todos los requisitos aplicables<\/strong>, incluidos los derivados de las <strong>normas UNE-EN-ISO 9.001, UNE-EN-ISO 14.001 e ISO 45001<\/strong> en las que se basa nuestro sistema integrado de gesti\u00f3n.<\/p>\n\t\t\t\t<img decoding=\"async\" loading=\"lazy\" src=\"https:\/\/www.hiperbaric.com\/wp-content\/uploads\/2021\/11\/concept-of-business-strategy-2021-08-26-15-29-32-utc-min.jpg\" alt=\"concept-of-business-strategy-2021-08-26-15-29-32-utc-min\" itemprop=\"image\" height=\"466\" width=\"700\" title=\"concept-of-business-strategy-2021-08-26-15-29-32-utc-min\" onerror=\"this.style.display='none'\"  \/>\n\t\t\t\t<img decoding=\"async\" loading=\"lazy\" src=\"https:\/\/www.hiperbaric.com\/wp-content\/uploads\/2021\/11\/concept-of-business-strategy-2021-08-26-15-29-32-utc-min-300x200.jpg\" alt=\"concept-of-business-strategy-2021-08-26-15-29-32-utc-min\" itemprop=\"image\" height=\"200\" width=\"300\" title=\"concept-of-business-strategy-2021-08-26-15-29-32-utc-min\" onerror=\"this.style.display='none'\"  \/>\n\t<p>Nuestra estrategia alinea el dise\u00f1o y fabricaci\u00f3n de tecnolog\u00eda innovadora de calidad en el campo de las altas presiones con el respeto constante hacia nuestros trabajadores y al medioambiente, contribuyendo as\u00ed a la <strong>satisfacci\u00f3n de las partes interesadas<\/strong>, integrando la <strong>mejora continua<\/strong> y el <strong>cumplimiento de todos los requisitos aplicables<\/strong>, incluidos los derivados de las <strong>normas UNE-EN-ISO 9.001, UNE-EN-ISO 14.001 e ISO 45001<\/strong> en las que se basa nuestro sistema integrado de gesti\u00f3n.<\/p>\n\t\t\t\t<img decoding=\"async\" loading=\"lazy\" src=\"https:\/\/www.hiperbaric.com\/wp-content\/uploads\/2022\/01\/1_Desempeno-Ambiental-Hiperbaric.jpg\" alt=\"1_Desempe\u00f1o Ambiental Hiperbaric\" itemprop=\"image\" height=\"919\" width=\"1377\" title=\"1_Desempe\u00f1o Ambiental Hiperbaric\" onerror=\"this.style.display='none'\"  \/>\n\t<h4><strong>DESEMPE\u00d1O AMBIENTAL<\/strong><\/h4>\n\t<p><strong>El sistema de gesti\u00f3n ambiental<\/strong> de Hiperbaric implantado en nuestra planta de producci\u00f3n se caracteriza por ser un sistema completamente integrado, abarcando la totalidad del proceso de producci\u00f3n. Los procedimientos desarrollados tienen como prioridad la<strong> protecci\u00f3n de la atm\u00f3sfera, las aguas y el suelo<\/strong>, el uso racional de los recursos naturales, la minimizaci\u00f3n y correcta gesti\u00f3n de los residuos, y el ahorro de energ\u00eda y materias primas.<\/p>\n\t<a href=\"https:\/\/www.hiperbaric.com\/es\/sobre-nosotros\/quienes-somos\/politica-gestion-integrada\/desempeno-ambiental\/\" target=\"_blank\" role=\"button\" rel=\"noopener noreferrer\">\n\t\t\t\t\tVer Desempe\u00f1o Ambiental  \n\t<\/a>\n\t\t\t\t<img decoding=\"async\" loading=\"lazy\" src=\"https:\/\/www.hiperbaric.com\/wp-content\/uploads\/2022\/01\/1_Desempeno-Ambiental-Hiperbaric-300x200.jpg\" alt=\"1_Desempe\u00f1o Ambiental Hiperbaric\" itemprop=\"image\" height=\"200\" width=\"300\" title=\"1_Desempe\u00f1o Ambiental Hiperbaric\" onerror=\"this.style.display='none'\"  \/>\n\t<h4><strong>DESEMPE\u00d1O AMBIENTAL<\/strong><\/h4>\n\t<p><strong>El sistema de gesti\u00f3n ambiental<\/strong> de Hiperbaric implantado en nuestra planta de producci\u00f3n se caracteriza por ser un sistema completamente integrado, abarcando la totalidad del proceso de producci\u00f3n. Los procedimientos desarrollados tienen como prioridad la<strong> protecci\u00f3n de la atm\u00f3sfera, las aguas y el suelo<\/strong>, el uso racional de los recursos naturales, la minimizaci\u00f3n y correcta gesti\u00f3n de los residuos, y el ahorro de energ\u00eda y materias primas.<\/p>\n\t<a href=\"https:\/\/www.hiperbaric.com\/es\/sobre-nosotros\/quienes-somos\/politica-gestion-integrada\/desempeno-ambiental\/\" target=\"_blank\" role=\"button\" rel=\"noopener noreferrer\">\n\t\t\t\t\tVer Desempe\u00f1o Ambiental  \n\t<\/a>\n","protected":false},"excerpt":{"rendered":"<p>La Pol\u00edtica de Gesti\u00f3n Integrada de Hiperbaric establece los compromisos definidos e impulsados desde la Alta Direcci\u00f3n; para garantizar la orientaci\u00f3n de las actividades de la organizaci\u00f3n hacia la mejora continua, la satisfacci\u00f3n de sus trabajadores y clientes, la sostenibilidad ambiental y la innovaci\u00f3n. Principios que constituyen la Pol\u00edtica de Gesti\u00f3n Integrada de Hiperbaric Hiperbaric&#8230;<\/p>\n","protected":false},"author":1,"featured_media":0,"parent":17909,"menu_order":0,"comment_status":"closed","ping_status":"closed","template":"","meta":{"om_disable_all_campaigns":false,"inline_featured_image":false,"_monsterinsights_skip_tracking":false,"_monsterinsights_sitenote_active":false,"_monsterinsights_sitenote_note":"","_monsterinsights_sitenote_category":0,"footnotes":"","_wp_rev_ctl_limit":""},"acf":[],"yoast_head":"<!-- This site is optimized with the Yoast SEO plugin v22.4 - https:\/\/yoast.com\/wordpress\/plugins\/seo\/ -->\n<title>Pol\u00edtica de Gesti\u00f3n Integrada - Compromiso por la mejora continua<\/title>\n<meta name=\"description\" content=\"La Pol\u00edtica de Gesti\u00f3n Integrada de Hiperbaric establece los compromisos definidos e impulsados desde la Alta Direcci\u00f3n.\" \/>\n<meta name=\"robots\" content=\"index, follow, max-snippet:-1, max-image-preview:large, max-video-preview:-1\" \/>\n<link rel=\"canonical\" href=\"https:\/\/www.hiperbaric.com\/es\/sobre-nosotros__trashed\/quienes-somos\/politica-gestion-integrada\/\" \/>\n<meta property=\"og:locale\" content=\"es_ES\" \/>\n<meta property=\"og:type\" content=\"article\" \/>\n<meta property=\"og:title\" content=\"Pol\u00edtica de Gesti\u00f3n Integrada - Compromiso por la mejora continua\" \/>\n<meta property=\"og:description\" content=\"La Pol\u00edtica de Gesti\u00f3n Integrada de Hiperbaric establece los compromisos definidos e impulsados desde la Alta Direcci\u00f3n.\" \/>\n<meta property=\"og:url\" content=\"https:\/\/www.hiperbaric.com\/es\/sobre-nosotros__trashed\/quienes-somos\/politica-gestion-integrada\/\" \/>\n<meta property=\"og:site_name\" content=\"Hiperbaric\" \/>\n<meta property=\"article:modified_time\" content=\"2022-02-08T15:27:16+00:00\" \/>\n<meta property=\"og:image\" content=\"https:\/\/www.hiperbaric.com\/wp-content\/uploads\/2021\/11\/Todos_Espanol-1024x286.png\" \/>\n<meta name=\"twitter:card\" content=\"summary_large_image\" \/>\n<meta name=\"twitter:label1\" content=\"Tiempo de lectura\" \/>\n\t<meta name=\"twitter:data1\" content=\"3 minutos\" \/>\n<script type=\"application\/ld+json\" class=\"yoast-schema-graph\">{\"@context\":\"https:\/\/schema.org\",\"@graph\":[{\"@type\":\"WebPage\",\"@id\":\"https:\/\/www.hiperbaric.com\/es\/sobre-nosotros__trashed\/quienes-somos\/politica-gestion-integrada\/\",\"url\":\"https:\/\/www.hiperbaric.com\/es\/sobre-nosotros__trashed\/quienes-somos\/politica-gestion-integrada\/\",\"name\":\"Pol\u00edtica de Gesti\u00f3n Integrada - Compromiso por la mejora continua\",\"isPartOf\":{\"@id\":\"https:\/\/www.hiperbaric.com\/en\/#website\"},\"primaryImageOfPage\":{\"@id\":\"https:\/\/www.hiperbaric.com\/es\/sobre-nosotros__trashed\/quienes-somos\/politica-gestion-integrada\/#primaryimage\"},\"image\":{\"@id\":\"https:\/\/www.hiperbaric.com\/es\/sobre-nosotros__trashed\/quienes-somos\/politica-gestion-integrada\/#primaryimage\"},\"thumbnailUrl\":\"https:\/\/www.hiperbaric.com\/wp-content\/uploads\/2021\/11\/Todos_Espanol-1024x286.png\",\"datePublished\":\"2021-11-10T12:58:28+00:00\",\"dateModified\":\"2022-02-08T15:27:16+00:00\",\"description\":\"La Pol\u00edtica de Gesti\u00f3n Integrada de Hiperbaric establece los compromisos definidos e impulsados desde la Alta Direcci\u00f3n.\",\"breadcrumb\":{\"@id\":\"https:\/\/www.hiperbaric.com\/es\/sobre-nosotros__trashed\/quienes-somos\/politica-gestion-integrada\/#breadcrumb\"},\"inLanguage\":\"es\",\"potentialAction\":[{\"@type\":\"ReadAction\",\"target\":[\"https:\/\/www.hiperbaric.com\/es\/sobre-nosotros__trashed\/quienes-somos\/politica-gestion-integrada\/\"]}]},{\"@type\":\"ImageObject\",\"inLanguage\":\"es\",\"@id\":\"https:\/\/www.hiperbaric.com\/es\/sobre-nosotros__trashed\/quienes-somos\/politica-gestion-integrada\/#primaryimage\",\"url\":\"https:\/\/www.hiperbaric.com\/wp-content\/uploads\/2021\/11\/Todos_Espanol-1024x286.png\",\"contentUrl\":\"https:\/\/www.hiperbaric.com\/wp-content\/uploads\/2021\/11\/Todos_Espanol-1024x286.png\"},{\"@type\":\"BreadcrumbList\",\"@id\":\"https:\/\/www.hiperbaric.com\/es\/sobre-nosotros__trashed\/quienes-somos\/politica-gestion-integrada\/#breadcrumb\",\"itemListElement\":[{\"@type\":\"ListItem\",\"position\":1,\"name\":\"Home\",\"item\":\"https:\/\/www.hiperbaric.com\/es\/\"},{\"@type\":\"ListItem\",\"position\":2,\"name\":\"Qui\u00e9nes somos\",\"item\":\"https:\/\/www.hiperbaric.com\/es\/sobre-nosotros__trashed\/quienes-somos\/\"},{\"@type\":\"ListItem\",\"position\":3,\"name\":\"Pol\u00edtica de Gesti\u00f3n Integrada\"}]},{\"@type\":\"WebSite\",\"@id\":\"https:\/\/www.hiperbaric.com\/en\/#website\",\"url\":\"https:\/\/www.hiperbaric.com\/en\/\",\"name\":\"Hiperbaric\",\"description\":\"Procesado para la conservaci\u00f3n de alimentos\",\"publisher\":{\"@id\":\"https:\/\/www.hiperbaric.com\/en\/#organization\"},\"potentialAction\":[{\"@type\":\"SearchAction\",\"target\":{\"@type\":\"EntryPoint\",\"urlTemplate\":\"https:\/\/www.hiperbaric.com\/en\/?s={search_term_string}\"},\"query-input\":\"required name=search_term_string\"}],\"inLanguage\":\"es\"},{\"@type\":\"Organization\",\"@id\":\"https:\/\/www.hiperbaric.com\/en\/#organization\",\"name\":\"Hiperbaric\",\"url\":\"https:\/\/www.hiperbaric.com\/en\/\",\"logo\":{\"@type\":\"ImageObject\",\"inLanguage\":\"es\",\"@id\":\"https:\/\/www.hiperbaric.com\/en\/#\/schema\/logo\/image\/\",\"url\":\"https:\/\/www.hiperbaric.com\/wp-content\/uploads\/2026\/01\/cropped-hiperbaric-logotipo-1-2.png\",\"contentUrl\":\"https:\/\/www.hiperbaric.com\/wp-content\/uploads\/2026\/01\/cropped-hiperbaric-logotipo-1-2.png\",\"width\":340,\"height\":72,\"caption\":\"Hiperbaric\"},\"image\":{\"@id\":\"https:\/\/www.hiperbaric.com\/en\/#\/schema\/logo\/image\/\"}}]}<\/script>\n<!-- \/ Yoast SEO plugin. -->","yoast_head_json":{"title":"Pol\u00edtica de Gesti\u00f3n Integrada - Compromiso por la mejora continua","description":"La Pol\u00edtica de Gesti\u00f3n Integrada de Hiperbaric establece los compromisos definidos e impulsados desde la Alta Direcci\u00f3n.","robots":{"index":"index","follow":"follow","max-snippet":"max-snippet:-1","max-image-preview":"max-image-preview:large","max-video-preview":"max-video-preview:-1"},"canonical":"https:\/\/www.hiperbaric.com\/es\/sobre-nosotros__trashed\/quienes-somos\/politica-gestion-integrada\/","og_locale":"es_ES","og_type":"article","og_title":"Pol\u00edtica de Gesti\u00f3n Integrada - Compromiso por la mejora continua","og_description":"La Pol\u00edtica de Gesti\u00f3n Integrada de Hiperbaric establece los compromisos definidos e impulsados desde la Alta Direcci\u00f3n.","og_url":"https:\/\/www.hiperbaric.com\/es\/sobre-nosotros__trashed\/quienes-somos\/politica-gestion-integrada\/","og_site_name":"Hiperbaric","article_modified_time":"2022-02-08T15:27:16+00:00","og_image":[{"url":"https:\/\/www.hiperbaric.com\/wp-content\/uploads\/2021\/11\/Todos_Espanol-1024x286.png"}],"twitter_card":"summary_large_image","twitter_misc":{"Tiempo de lectura":"3 minutos"},"schema":{"@context":"https:\/\/schema.org","@graph":[{"@type":"WebPage","@id":"https:\/\/www.hiperbaric.com\/es\/sobre-nosotros__trashed\/quienes-somos\/politica-gestion-integrada\/","url":"https:\/\/www.hiperbaric.com\/es\/sobre-nosotros__trashed\/quienes-somos\/politica-gestion-integrada\/","name":"Pol\u00edtica de Gesti\u00f3n Integrada - Compromiso por la mejora continua","isPartOf":{"@id":"https:\/\/www.hiperbaric.com\/en\/#website"},"primaryImageOfPage":{"@id":"https:\/\/www.hiperbaric.com\/es\/sobre-nosotros__trashed\/quienes-somos\/politica-gestion-integrada\/#primaryimage"},"image":{"@id":"https:\/\/www.hiperbaric.com\/es\/sobre-nosotros__trashed\/quienes-somos\/politica-gestion-integrada\/#primaryimage"},"thumbnailUrl":"https:\/\/www.hiperbaric.com\/wp-content\/uploads\/2021\/11\/Todos_Espanol-1024x286.png","datePublished":"2021-11-10T12:58:28+00:00","dateModified":"2022-02-08T15:27:16+00:00","description":"La Pol\u00edtica de Gesti\u00f3n Integrada de Hiperbaric establece los compromisos definidos e impulsados desde la Alta Direcci\u00f3n.","breadcrumb":{"@id":"https:\/\/www.hiperbaric.com\/es\/sobre-nosotros__trashed\/quienes-somos\/politica-gestion-integrada\/#breadcrumb"},"inLanguage":"es","potentialAction":[{"@type":"ReadAction","target":["https:\/\/www.hiperbaric.com\/es\/sobre-nosotros__trashed\/quienes-somos\/politica-gestion-integrada\/"]}]},{"@type":"ImageObject","inLanguage":"es","@id":"https:\/\/www.hiperbaric.com\/es\/sobre-nosotros__trashed\/quienes-somos\/politica-gestion-integrada\/#primaryimage","url":"https:\/\/www.hiperbaric.com\/wp-content\/uploads\/2021\/11\/Todos_Espanol-1024x286.png","contentUrl":"https:\/\/www.hiperbaric.com\/wp-content\/uploads\/2021\/11\/Todos_Espanol-1024x286.png"},{"@type":"BreadcrumbList","@id":"https:\/\/www.hiperbaric.com\/es\/sobre-nosotros__trashed\/quienes-somos\/politica-gestion-integrada\/#breadcrumb","itemListElement":[{"@type":"ListItem","position":1,"name":"Home","item":"https:\/\/www.hiperbaric.com\/es\/"},{"@type":"ListItem","position":2,"name":"Qui\u00e9nes somos","item":"https:\/\/www.hiperbaric.com\/es\/sobre-nosotros__trashed\/quienes-somos\/"},{"@type":"ListItem","position":3,"name":"Pol\u00edtica de Gesti\u00f3n Integrada"}]},{"@type":"WebSite","@id":"https:\/\/www.hiperbaric.com\/en\/#website","url":"https:\/\/www.hiperbaric.com\/en\/","name":"Hiperbaric","description":"Procesado para la conservaci\u00f3n de alimentos","publisher":{"@id":"https:\/\/www.hiperbaric.com\/en\/#organization"},"potentialAction":[{"@type":"SearchAction","target":{"@type":"EntryPoint","urlTemplate":"https:\/\/www.hiperbaric.com\/en\/?s={search_term_string}"},"query-input":"required name=search_term_string"}],"inLanguage":"es"},{"@type":"Organization","@id":"https:\/\/www.hiperbaric.com\/en\/#organization","name":"Hiperbaric","url":"https:\/\/www.hiperbaric.com\/en\/","logo":{"@type":"ImageObject","inLanguage":"es","@id":"https:\/\/www.hiperbaric.com\/en\/#\/schema\/logo\/image\/","url":"https:\/\/www.hiperbaric.com\/wp-content\/uploads\/2026\/01\/cropped-hiperbaric-logotipo-1-2.png","contentUrl":"https:\/\/www.hiperbaric.com\/wp-content\/uploads\/2026\/01\/cropped-hiperbaric-logotipo-1-2.png","width":340,"height":72,"caption":"Hiperbaric"},"image":{"@id":"https:\/\/www.hiperbaric.com\/en\/#\/schema\/logo\/image\/"}}]}},"_links":{"self":[{"href":"https:\/\/www.hiperbaric.com\/es\/wp-json\/wp\/v2\/pages\/33667"}],"collection":[{"href":"https:\/\/www.hiperbaric.com\/es\/wp-json\/wp\/v2\/pages"}],"about":[{"href":"https:\/\/www.hiperbaric.com\/es\/wp-json\/wp\/v2\/types\/page"}],"author":[{"embeddable":true,"href":"https:\/\/www.hiperbaric.com\/es\/wp-json\/wp\/v2\/users\/1"}],"replies":[{"embeddable":true,"href":"https:\/\/www.hiperbaric.com\/es\/wp-json\/wp\/v2\/comments?post=33667"}],"version-history":[{"count":0,"href":"https:\/\/www.hiperbaric.com\/es\/wp-json\/wp\/v2\/pages\/33667\/revisions"}],"up":[{"embeddable":true,"href":"https:\/\/www.hiperbaric.com\/es\/wp-json\/wp\/v2\/pages\/17909"}],"wp:attachment":[{"href":"https:\/\/www.hiperbaric.com\/es\/wp-json\/wp\/v2\/media?parent=33667"}],"curies":[{"name":"wp","href":"https:\/\/api.w.org\/{rel}","templated":true}]}}