{"id":33497,"date":"2021-11-04T09:53:43","date_gmt":"2021-11-04T08:53:43","guid":{"rendered":"https:\/\/www.hiperbaric.com\/?page_id=33497"},"modified":"2021-12-20T12:12:43","modified_gmt":"2021-12-20T11:12:43","slug":"webinar-hpp-academia-network-id-al-servicio-de-la-innovacion-alimentaria","status":"publish","type":"page","link":"https:\/\/www.hiperbaric.com\/es\/tecnologia-hpp\/recursos-hpp\/webinars\/webinar-hpp-academia-network-id-al-servicio-de-la-innovacion-alimentaria\/","title":{"rendered":"WEBINAR | HPP Academia Network: I+D al servicio de la innovaci\u00f3n alimentaria"},"content":{"rendered":"\n\t<p>Hiperbaric cuenta con una red de colaboradores (HPP Academia Network) que se compone de universidades, centros de I + D y centros de pruebas de laboratorio. Muchos de ellos suponen un recurso multidisciplinario para la industria alimentaria, proporcionando una combinaci\u00f3n de servicios de consultor\u00eda educativos y t\u00e9cnicos.<\/p>\n<p>Los colaboradores del HPP Academia Network ofrecen pruebas de procesado por alta presi\u00f3n (HPP), validaci\u00f3n de productos, incluidos estudios de desaf\u00edos y vida \u00fatil, cocinas privadas o compartidas, planta piloto, espacio de trabajo y reuniones, servicios did\u00e1cticos como clases y talleres. Asimismo, ofrecen asesoramiento personalizado por parte de expertos en la tecnolog\u00eda HPP para cumplir con las regulaciones y pueden facilitar referencias a servicios externos, como fabricaci\u00f3n bajo demanda, envasado o distribuci\u00f3n.<\/p>\n<p>En resumen, nuestro HPP Academia Network, se trata de una red global que puede ayudar a personas y empresas a realizar investigaciones, desarrollar nuevos productos y descubrir nuevas oportunidades dentro de la industria alimentaria aplicando la tecnolog\u00eda HPP.<\/p>\n<p><strong>En este webinar aprender\u00e1s sobre:<\/strong><\/p>\n<ul>\n<li>Presentaci\u00f3n del HPP Academia Network<\/li>\n<li>Descripci\u00f3n general de los estudios de validaci\u00f3n y vida \u00fatil de productos procesados por alta presi\u00f3n<\/li>\n<li>Breve presentaci\u00f3n de tres de nuestros colaboradores dentro del HPP Academia Network<\/li>\n<li>Mesa redonda En la que participar\u00e1n todos los expertos invitados.<\/li>\n<li>Preguntas y respuestas.<\/li>\n<\/ul>\n<p><strong>Idioma:<\/strong> espa\u00f1ol <img loading=\"lazy\" decoding=\"async\" src=\"https:\/\/www.hiperbaric.com\/wp-content\/uploads\/2020\/08\/espana-300x300.png\" alt=\"\" width=\"50\" height=\"50\" \/><\/p>\n\t\t<h3>\u00a1Reg\u00edstrate gratis!<\/h3>\t\t\n\t\t\t<p>Todos los registrados recibir\u00e1n la grabaci\u00f3n completa de la sesi\u00f3n<\/p>\t\t\n\t<iframe loading=\"lazy\" src=\"https:\/\/forms.marketing.hiperbaric.com\/l\/881883\/2020-08-24\/d1h?Language=Spanish&#038;URL=ixS3WWn7FcQ&#038;Business_line=HPP&#038;Source_text=HPP%20Academia%20Webinar%20Recording\" type=\"text\/html\" allowtransparency=\"true\" width=\"100%\" height=\"500\" frameborder=\"0\"><\/iframe> \n<h3>\n\tPonentes\n\t<\/h3>\n\t<p><img loading=\"lazy\" decoding=\"async\" src=\"https:\/\/www.hiperbaric.com\/wp-content\/uploads\/2021\/12\/Carole_LoRes-300x300.jpg\" alt=\"\" width=\"300\" height=\"300\" \/><\/p>\n\t<strong>Dra. Carole Tonello-Samson<br \/>\n<\/strong>Directora de Aplicaciones\n\t<p><img loading=\"lazy\" decoding=\"async\" src=\"https:\/\/www.hiperbaric.com\/wp-content\/uploads\/2021\/12\/hhighpressureprocessing-300x68.png\" alt=\"\" width=\"300\" height=\"68\" \/><\/p>\n\t<p><img loading=\"lazy\" decoding=\"async\" src=\"https:\/\/www.hiperbaric.com\/wp-content\/uploads\/2021\/12\/Olga_LoRes-300x300.jpg\" alt=\"\" width=\"300\" height=\"300\" \/><\/p>\n\t<strong>Dra. Olga Padilla-Zakour<\/strong><br \/>\nProfesora\n\t<p><img loading=\"lazy\" decoding=\"async\" src=\"https:\/\/www.hiperbaric.com\/wp-content\/uploads\/2021\/12\/cornell_logo_zf9-300x77.png\" alt=\"\" width=\"300\" height=\"77\" \/><\/p>\n\t<p><img loading=\"lazy\" decoding=\"async\" src=\"https:\/\/www.hiperbaric.com\/wp-content\/uploads\/2021\/12\/Anna_LoRes-300x300.jpg\" alt=\"\" width=\"300\" height=\"300\" \/><\/p>\n\n\t<strong>Dra. Anna Jofr\u00e9<\/strong><br \/>\nInvestigadora\n\n\t<p><img loading=\"lazy\" decoding=\"async\" src=\"https:\/\/www.hiperbaric.com\/wp-content\/uploads\/2021\/12\/Logo_IRTA-300x130.jpg\" alt=\"\" width=\"150\" height=\"65\" \/><\/p>\n\n\t<p><img loading=\"lazy\" decoding=\"async\" src=\"https:\/\/www.hiperbaric.com\/wp-content\/uploads\/2021\/12\/Zamantha_LoRes-300x300.jpg\" alt=\"\" width=\"300\" height=\"300\" \/><\/p>\n\t<strong>Dra. Zamantha Escobedo<\/strong><br \/>\nProfesora\n\t<p><img loading=\"lazy\" decoding=\"async\" src=\"https:\/\/www.hiperbaric.com\/wp-content\/uploads\/2021\/12\/logotipo_horizontal_azul_sin_fondo-300x85.jpg\" alt=\"\" width=\"300\" height=\"85\" \/><\/p>\n","protected":false},"excerpt":{"rendered":"<p>Hiperbaric cuenta con una red de colaboradores (HPP Academia Network) que se compone de universidades, centros de I + D y centros de pruebas de laboratorio. Muchos de ellos suponen un recurso multidisciplinario para la industria alimentaria, proporcionando una combinaci\u00f3n de servicios de consultor\u00eda educativos y t\u00e9cnicos. Los colaboradores del HPP Academia Network ofrecen pruebas&#8230;<\/p>\n","protected":false},"author":6,"featured_media":0,"parent":20866,"menu_order":0,"comment_status":"closed","ping_status":"closed","template":"","meta":{"_acf_changed":false,"om_disable_all_campaigns":false,"inline_featured_image":false,"_monsterinsights_skip_tracking":false,"_monsterinsights_sitenote_active":false,"_monsterinsights_sitenote_note":"","_monsterinsights_sitenote_category":0,"footnotes":"","_wp_rev_ctl_limit":""},"class_list":["post-33497","page","type-page","status-publish","hentry"],"acf":[],"yoast_head":"<!-- This site is optimized with the Yoast SEO plugin v22.4 - https:\/\/yoast.com\/wordpress\/plugins\/seo\/ -->\n<title>WEBINAR | HPP Academia Network: I+D al servicio de la innovaci\u00f3n alimentaria - Hiperbaric<\/title>\n<meta name=\"robots\" content=\"index, follow, max-snippet:-1, max-image-preview:large, max-video-preview:-1\" \/>\n<link rel=\"canonical\" href=\"https:\/\/www.hiperbaric.com\/es\/tecnologia-hpp\/recursos-hpp\/webinars\/webinar-hpp-academia-network-id-al-servicio-de-la-innovacion-alimentaria\/\" \/>\n<meta property=\"og:locale\" content=\"es_ES\" \/>\n<meta property=\"og:type\" content=\"article\" \/>\n<meta property=\"og:title\" content=\"WEBINAR | HPP Academia Network: I+D al servicio de la innovaci\u00f3n alimentaria - Hiperbaric\" \/>\n<meta property=\"og:description\" content=\"Hiperbaric cuenta con una red de colaboradores (HPP Academia Network) que se compone de universidades, centros de I + D y centros de pruebas de laboratorio. Muchos de ellos suponen un recurso multidisciplinario para la industria alimentaria, proporcionando una combinaci\u00f3n de servicios de consultor\u00eda educativos y t\u00e9cnicos. Los colaboradores del HPP Academia Network ofrecen pruebas...\" \/>\n<meta property=\"og:url\" content=\"https:\/\/www.hiperbaric.com\/es\/tecnologia-hpp\/recursos-hpp\/webinars\/webinar-hpp-academia-network-id-al-servicio-de-la-innovacion-alimentaria\/\" \/>\n<meta property=\"og:site_name\" content=\"Hiperbaric\" \/>\n<meta property=\"article:modified_time\" content=\"2021-12-20T11:12:43+00:00\" \/>\n<meta property=\"og:image\" content=\"https:\/\/www.hiperbaric.com\/wp-content\/uploads\/2020\/08\/espana-300x300.png\" \/>\n<meta name=\"twitter:card\" content=\"summary_large_image\" \/>\n<meta name=\"twitter:label1\" content=\"Tiempo de lectura\" \/>\n\t<meta name=\"twitter:data1\" content=\"1 minuto\" \/>\n<script type=\"application\/ld+json\" class=\"yoast-schema-graph\">{\"@context\":\"https:\/\/schema.org\",\"@graph\":[{\"@type\":\"WebPage\",\"@id\":\"https:\/\/www.hiperbaric.com\/es\/tecnologia-hpp\/recursos-hpp\/webinars\/webinar-hpp-academia-network-id-al-servicio-de-la-innovacion-alimentaria\/\",\"url\":\"https:\/\/www.hiperbaric.com\/es\/tecnologia-hpp\/recursos-hpp\/webinars\/webinar-hpp-academia-network-id-al-servicio-de-la-innovacion-alimentaria\/\",\"name\":\"WEBINAR | HPP Academia Network: I+D al servicio de la innovaci\u00f3n alimentaria - Hiperbaric\",\"isPartOf\":{\"@id\":\"https:\/\/www.hiperbaric.com\/en\/#website\"},\"primaryImageOfPage\":{\"@id\":\"https:\/\/www.hiperbaric.com\/es\/tecnologia-hpp\/recursos-hpp\/webinars\/webinar-hpp-academia-network-id-al-servicio-de-la-innovacion-alimentaria\/#primaryimage\"},\"image\":{\"@id\":\"https:\/\/www.hiperbaric.com\/es\/tecnologia-hpp\/recursos-hpp\/webinars\/webinar-hpp-academia-network-id-al-servicio-de-la-innovacion-alimentaria\/#primaryimage\"},\"thumbnailUrl\":\"https:\/\/www.hiperbaric.com\/wp-content\/uploads\/2020\/08\/espana-300x300.png\",\"datePublished\":\"2021-11-04T08:53:43+00:00\",\"dateModified\":\"2021-12-20T11:12:43+00:00\",\"breadcrumb\":{\"@id\":\"https:\/\/www.hiperbaric.com\/es\/tecnologia-hpp\/recursos-hpp\/webinars\/webinar-hpp-academia-network-id-al-servicio-de-la-innovacion-alimentaria\/#breadcrumb\"},\"inLanguage\":\"es\",\"potentialAction\":[{\"@type\":\"ReadAction\",\"target\":[\"https:\/\/www.hiperbaric.com\/es\/tecnologia-hpp\/recursos-hpp\/webinars\/webinar-hpp-academia-network-id-al-servicio-de-la-innovacion-alimentaria\/\"]}]},{\"@type\":\"ImageObject\",\"inLanguage\":\"es\",\"@id\":\"https:\/\/www.hiperbaric.com\/es\/tecnologia-hpp\/recursos-hpp\/webinars\/webinar-hpp-academia-network-id-al-servicio-de-la-innovacion-alimentaria\/#primaryimage\",\"url\":\"https:\/\/www.hiperbaric.com\/wp-content\/uploads\/2020\/08\/espana-300x300.png\",\"contentUrl\":\"https:\/\/www.hiperbaric.com\/wp-content\/uploads\/2020\/08\/espana-300x300.png\"},{\"@type\":\"BreadcrumbList\",\"@id\":\"https:\/\/www.hiperbaric.com\/es\/tecnologia-hpp\/recursos-hpp\/webinars\/webinar-hpp-academia-network-id-al-servicio-de-la-innovacion-alimentaria\/#breadcrumb\",\"itemListElement\":[{\"@type\":\"ListItem\",\"position\":1,\"name\":\"Home\",\"item\":\"https:\/\/www.hiperbaric.com\/es\/\"},{\"@type\":\"ListItem\",\"position\":2,\"name\":\"Tecnolog\u00eda HPP\",\"item\":\"https:\/\/www.hiperbaric.com\/es\/tecnologia-hpp\/\"},{\"@type\":\"ListItem\",\"position\":3,\"name\":\"Recursos Tecnolog\u00eda HPP\",\"item\":\"https:\/\/www.hiperbaric.com\/es\/tecnologia-hpp\/recursos-hpp\/\"},{\"@type\":\"ListItem\",\"position\":4,\"name\":\"Webinars\",\"item\":\"https:\/\/www.hiperbaric.com\/es\/tecnologia-hpp\/recursos-hpp\/webinars\/\"},{\"@type\":\"ListItem\",\"position\":5,\"name\":\"WEBINAR | HPP Academia Network: I+D al servicio de la innovaci\u00f3n alimentaria\"}]},{\"@type\":\"WebSite\",\"@id\":\"https:\/\/www.hiperbaric.com\/en\/#website\",\"url\":\"https:\/\/www.hiperbaric.com\/en\/\",\"name\":\"Hiperbaric\",\"description\":\"Procesado para la conservaci\u00f3n de alimentos\",\"publisher\":{\"@id\":\"https:\/\/www.hiperbaric.com\/en\/#organization\"},\"potentialAction\":[{\"@type\":\"SearchAction\",\"target\":{\"@type\":\"EntryPoint\",\"urlTemplate\":\"https:\/\/www.hiperbaric.com\/en\/?s={search_term_string}\"},\"query-input\":\"required name=search_term_string\"}],\"inLanguage\":\"es\"},{\"@type\":\"Organization\",\"@id\":\"https:\/\/www.hiperbaric.com\/en\/#organization\",\"name\":\"Hiperbaric\",\"url\":\"https:\/\/www.hiperbaric.com\/en\/\",\"logo\":{\"@type\":\"ImageObject\",\"inLanguage\":\"es\",\"@id\":\"https:\/\/www.hiperbaric.com\/en\/#\/schema\/logo\/image\/\",\"url\":\"https:\/\/www.hiperbaric.com\/wp-content\/uploads\/2026\/01\/cropped-hiperbaric-logotipo-1-2.png\",\"contentUrl\":\"https:\/\/www.hiperbaric.com\/wp-content\/uploads\/2026\/01\/cropped-hiperbaric-logotipo-1-2.png\",\"width\":340,\"height\":72,\"caption\":\"Hiperbaric\"},\"image\":{\"@id\":\"https:\/\/www.hiperbaric.com\/en\/#\/schema\/logo\/image\/\"}}]}<\/script>\n<!-- \/ Yoast SEO plugin. -->","yoast_head_json":{"title":"WEBINAR | HPP Academia Network: I+D al servicio de la innovaci\u00f3n alimentaria - Hiperbaric","robots":{"index":"index","follow":"follow","max-snippet":"max-snippet:-1","max-image-preview":"max-image-preview:large","max-video-preview":"max-video-preview:-1"},"canonical":"https:\/\/www.hiperbaric.com\/es\/tecnologia-hpp\/recursos-hpp\/webinars\/webinar-hpp-academia-network-id-al-servicio-de-la-innovacion-alimentaria\/","og_locale":"es_ES","og_type":"article","og_title":"WEBINAR | HPP Academia Network: I+D al servicio de la innovaci\u00f3n alimentaria - Hiperbaric","og_description":"Hiperbaric cuenta con una red de colaboradores (HPP Academia Network) que se compone de universidades, centros de I + D y centros de pruebas de laboratorio. Muchos de ellos suponen un recurso multidisciplinario para la industria alimentaria, proporcionando una combinaci\u00f3n de servicios de consultor\u00eda educativos y t\u00e9cnicos. Los colaboradores del HPP Academia Network ofrecen pruebas...","og_url":"https:\/\/www.hiperbaric.com\/es\/tecnologia-hpp\/recursos-hpp\/webinars\/webinar-hpp-academia-network-id-al-servicio-de-la-innovacion-alimentaria\/","og_site_name":"Hiperbaric","article_modified_time":"2021-12-20T11:12:43+00:00","og_image":[{"url":"https:\/\/www.hiperbaric.com\/wp-content\/uploads\/2020\/08\/espana-300x300.png"}],"twitter_card":"summary_large_image","twitter_misc":{"Tiempo de lectura":"1 minuto"},"schema":{"@context":"https:\/\/schema.org","@graph":[{"@type":"WebPage","@id":"https:\/\/www.hiperbaric.com\/es\/tecnologia-hpp\/recursos-hpp\/webinars\/webinar-hpp-academia-network-id-al-servicio-de-la-innovacion-alimentaria\/","url":"https:\/\/www.hiperbaric.com\/es\/tecnologia-hpp\/recursos-hpp\/webinars\/webinar-hpp-academia-network-id-al-servicio-de-la-innovacion-alimentaria\/","name":"WEBINAR | HPP Academia Network: I+D al servicio de la innovaci\u00f3n alimentaria - Hiperbaric","isPartOf":{"@id":"https:\/\/www.hiperbaric.com\/en\/#website"},"primaryImageOfPage":{"@id":"https:\/\/www.hiperbaric.com\/es\/tecnologia-hpp\/recursos-hpp\/webinars\/webinar-hpp-academia-network-id-al-servicio-de-la-innovacion-alimentaria\/#primaryimage"},"image":{"@id":"https:\/\/www.hiperbaric.com\/es\/tecnologia-hpp\/recursos-hpp\/webinars\/webinar-hpp-academia-network-id-al-servicio-de-la-innovacion-alimentaria\/#primaryimage"},"thumbnailUrl":"https:\/\/www.hiperbaric.com\/wp-content\/uploads\/2020\/08\/espana-300x300.png","datePublished":"2021-11-04T08:53:43+00:00","dateModified":"2021-12-20T11:12:43+00:00","breadcrumb":{"@id":"https:\/\/www.hiperbaric.com\/es\/tecnologia-hpp\/recursos-hpp\/webinars\/webinar-hpp-academia-network-id-al-servicio-de-la-innovacion-alimentaria\/#breadcrumb"},"inLanguage":"es","potentialAction":[{"@type":"ReadAction","target":["https:\/\/www.hiperbaric.com\/es\/tecnologia-hpp\/recursos-hpp\/webinars\/webinar-hpp-academia-network-id-al-servicio-de-la-innovacion-alimentaria\/"]}]},{"@type":"ImageObject","inLanguage":"es","@id":"https:\/\/www.hiperbaric.com\/es\/tecnologia-hpp\/recursos-hpp\/webinars\/webinar-hpp-academia-network-id-al-servicio-de-la-innovacion-alimentaria\/#primaryimage","url":"https:\/\/www.hiperbaric.com\/wp-content\/uploads\/2020\/08\/espana-300x300.png","contentUrl":"https:\/\/www.hiperbaric.com\/wp-content\/uploads\/2020\/08\/espana-300x300.png"},{"@type":"BreadcrumbList","@id":"https:\/\/www.hiperbaric.com\/es\/tecnologia-hpp\/recursos-hpp\/webinars\/webinar-hpp-academia-network-id-al-servicio-de-la-innovacion-alimentaria\/#breadcrumb","itemListElement":[{"@type":"ListItem","position":1,"name":"Home","item":"https:\/\/www.hiperbaric.com\/es\/"},{"@type":"ListItem","position":2,"name":"Tecnolog\u00eda HPP","item":"https:\/\/www.hiperbaric.com\/es\/tecnologia-hpp\/"},{"@type":"ListItem","position":3,"name":"Recursos Tecnolog\u00eda HPP","item":"https:\/\/www.hiperbaric.com\/es\/tecnologia-hpp\/recursos-hpp\/"},{"@type":"ListItem","position":4,"name":"Webinars","item":"https:\/\/www.hiperbaric.com\/es\/tecnologia-hpp\/recursos-hpp\/webinars\/"},{"@type":"ListItem","position":5,"name":"WEBINAR | HPP Academia Network: I+D al servicio de la innovaci\u00f3n alimentaria"}]},{"@type":"WebSite","@id":"https:\/\/www.hiperbaric.com\/en\/#website","url":"https:\/\/www.hiperbaric.com\/en\/","name":"Hiperbaric","description":"Procesado para la conservaci\u00f3n de alimentos","publisher":{"@id":"https:\/\/www.hiperbaric.com\/en\/#organization"},"potentialAction":[{"@type":"SearchAction","target":{"@type":"EntryPoint","urlTemplate":"https:\/\/www.hiperbaric.com\/en\/?s={search_term_string}"},"query-input":"required name=search_term_string"}],"inLanguage":"es"},{"@type":"Organization","@id":"https:\/\/www.hiperbaric.com\/en\/#organization","name":"Hiperbaric","url":"https:\/\/www.hiperbaric.com\/en\/","logo":{"@type":"ImageObject","inLanguage":"es","@id":"https:\/\/www.hiperbaric.com\/en\/#\/schema\/logo\/image\/","url":"https:\/\/www.hiperbaric.com\/wp-content\/uploads\/2026\/01\/cropped-hiperbaric-logotipo-1-2.png","contentUrl":"https:\/\/www.hiperbaric.com\/wp-content\/uploads\/2026\/01\/cropped-hiperbaric-logotipo-1-2.png","width":340,"height":72,"caption":"Hiperbaric"},"image":{"@id":"https:\/\/www.hiperbaric.com\/en\/#\/schema\/logo\/image\/"}}]}},"_links":{"self":[{"href":"https:\/\/www.hiperbaric.com\/es\/wp-json\/wp\/v2\/pages\/33497","targetHints":{"allow":["GET"]}}],"collection":[{"href":"https:\/\/www.hiperbaric.com\/es\/wp-json\/wp\/v2\/pages"}],"about":[{"href":"https:\/\/www.hiperbaric.com\/es\/wp-json\/wp\/v2\/types\/page"}],"author":[{"embeddable":true,"href":"https:\/\/www.hiperbaric.com\/es\/wp-json\/wp\/v2\/users\/6"}],"replies":[{"embeddable":true,"href":"https:\/\/www.hiperbaric.com\/es\/wp-json\/wp\/v2\/comments?post=33497"}],"version-history":[{"count":0,"href":"https:\/\/www.hiperbaric.com\/es\/wp-json\/wp\/v2\/pages\/33497\/revisions"}],"up":[{"embeddable":true,"href":"https:\/\/www.hiperbaric.com\/es\/wp-json\/wp\/v2\/pages\/20866"}],"wp:attachment":[{"href":"https:\/\/www.hiperbaric.com\/es\/wp-json\/wp\/v2\/media?parent=33497"}],"curies":[{"name":"wp","href":"https:\/\/api.w.org\/{rel}","templated":true}]}}