{"id":33310,"date":"2021-10-15T09:58:25","date_gmt":"2021-10-15T07:58:25","guid":{"rendered":"https:\/\/www.hiperbaric.com\/?page_id=33310"},"modified":"2026-03-04T13:19:23","modified_gmt":"2026-03-04T12:19:23","slug":"hiperbaric-1ks-95","status":"publish","type":"page","link":"https:\/\/www.hiperbaric.com\/es\/compresion-h2\/equipo-de-compresion\/hiperbaric-1ks-95\/","title":{"rendered":"Hiperbaric 1KS 95"},"content":{"rendered":"\n<h1>\n\tHiperbaric 1KS 95\n\t<\/h1>\n\t<p>Hiperbaric ofrece una soluci\u00f3n completa Plug &amp; Play para estaciones de repostaje de hidr\u00f3geno o almacenamiento de H<sub>2<\/sub>, con un grupo compresor fiable, compacto y seguro. El concepto modular y escalable de nuestros compresores se adapta a los niveles de producci\u00f3n y demanda m\u00e1s exigentes.<\/p>\n\t<blockquote style='border-left: 5px solid #3aaa35!important;'>El Grupo Compresor Hiperbaric 1KS 95 cuenta con una presi\u00f3n de admisi\u00f3n de Hidr\u00f3geno de 20-40 bar y una presi\u00f3n de salida de H<sub>2<\/sub> de hasta 950 bar<\/blockquote>\n<h3>\n\tSistemas del grupo compresor\n\t<\/h3>\n\t<p>&nbsp;<\/p>\n<style>.comm_relative{position:relative;}<\/style>\n<p>&nbsp;<\/p>\n<h2>1KS 95<\/h2>\n<p>El grupo compresor Hiperbaric 1KS 95 se compone de elementos espec\u00edficamente dise\u00f1ados para la compresi\u00f3n de hidr\u00f3geno, lo que lo convierten en una tecnolog\u00eda segura, escalable y eficiente:\u00a0<\/p>\n<ul>\n<li>Cilindro multiplicador en dos etapas<\/li>\n<li>Sistema hidr\u00e1ulico<\/li>\n<li>Sistema de refrigeraci\u00f3n<\/li>\n<li>Circuito de venteo<\/li>\n<li>Instrumentaci\u00f3n y panel de control<\/li>\n<li>Circuito neum\u00e1tico<\/li>\n<\/ul>\n<h3>\n\tCilindro Multiplicador\n\t<\/h3>\n\t<p>El componente m\u00e1s importante del grupo compresor es el multiplicador o los multiplicadores de alta presi\u00f3n. La tecnolog\u00eda de Hiperbaric se basa en multiplicadores de doble etapa con una elevada eficiencia tanto hidr\u00e1ulica como de refrigeraci\u00f3n.<\/p>\n<img decoding=\"async\" loading=\"lazy\" src=\"https:\/\/www.hiperbaric.com\/..\/..\/..\/..\/..\/..\/wp-content\/uploads\/2019\/07\/throughput_icon.png\" alt=\"\" width=\"24\" height=\"24\" \/>\n<p>Presi\u00f3n de entrada<\/p>\n40 a 200 bar<br \/>\n4 a 20 MPa\n<img decoding=\"async\" loading=\"lazy\" src=\"\/wp-content\/uploads\/2019\/07\/capacity_icon.png\" width=\"24\" height=\"24\" \/>\n<p>Presi\u00f3n m\u00e1xima de salida<\/p>\n950 bar<br \/>\n95 MPa\n   <section>\n      <img decoding=\"async\" src=\"\/wp-content\/uploads\/2021\/10\/Multiplicador-blanco-2-min-1.png\"\/>\n      <img decoding=\"async\" src=\"\/wp-content\/uploads\/2021\/10\/Multiplicador-blanco-1-min-1.png\"\/>\n   <\/section>\n<img decoding=\"async\" loading=\"lazy\" src=\"https:\/\/www.hiperbaric.com\/..\/..\/wp-content\/uploads\/2019\/07\/diameter_icon.png\" alt=\"\" width=\"24\" height=\"24\" \/>\n<p>Caudal m\u00ednimo<\/p>\n<p>125m3N\/h &#8211; 10Kg\/h<\/p>\n<img decoding=\"async\" loading=\"lazy\" src=\"https:\/\/www.hiperbaric.com\/..\/..\/wp-content\/uploads\/2019\/07\/footprint_icon.png\" alt=\"\" width=\"24\" height=\"24\" \/>\n<p>Caudal m\u00e1ximo<\/p>\n<p>550m3N\/h &#8211; 50Kg\/h<\/p>\n<h3>\n\tCaracter\u00edsticas principales de Hiperbaric 1 KS 95\n\t<\/h3>\n\t<ul>\n<li><strong>Alta pureza del hidr\u00f3geno<\/strong> por el concepto \u00abOil Free\u00bb<\/li>\n<li><strong>Mejor enfriamiento<\/strong> gracias al dise\u00f1o innovador de las camisas de los multiplicadores.<\/li>\n<li><strong>Mayor eficiencia<\/strong> en la compresi\u00f3n requiriendo menos energ\u00eda.<\/li>\n<li><strong>Dise\u00f1o modular<\/strong> que incluye uno o dos multiplicadores en funci\u00f3n del caudal de hidr\u00f3geno.<\/li>\n<li><strong>Soluci\u00f3n segura y fiable<\/strong>, gracias al sistema de venteo.<\/li>\n<\/ul>\n\t    <a href=\"#\" target=\"_self\" role=\"button\" rel=\"noopener\">DESCARGAR FLYER GRUPOS COMPRESORES DE H2 > <\/a>\n<h3>\n\tRealiza tu consulta\n\t<\/h3>\n\t<p><iframe src=\"https:\/\/forms.marketing.hiperbaric.com\/l\/881883\/2021-03-17\/3h4yr?Language=Spanish&#038;Business_line=H2&#038;Source_text=Form%20Hiperbaric%201KS%2095\" height=\"680\" frameborder=\"0\" scrolling=\"no\"><\/iframe><\/p>\n\t<h3><strong>Normativa <\/strong><\/h3>\n<p>Los compresores de hidr\u00f3geno de Hiperbaric est\u00e1n dise\u00f1ados y fabricados de acuerdo con las directivas y est\u00e1ndares internacionales m\u00e1s rigurosos. Estos equipos de alta presi\u00f3n pueden ser instalados en cualquier pa\u00eds del mundo. Las normativas bajo las que est\u00e1n dise\u00f1adas son:<\/p>\n<ul>\n<li>DIRECTIVA 1999\/92\/EC Riesgos por atm\u00f3sferas explosivas<\/li>\n<li>DIRECTIVA 2014\/34\/EU Aparatos y sistemas de protecci\u00f3n para uso en atm\u00f3sferas potencialmente explosivas<\/li>\n<\/ul>\n\n","protected":false},"excerpt":{"rendered":"<p>Hiperbaric 1KS 95 Hiperbaric ofrece una soluci\u00f3n completa Plug &amp; Play para estaciones de repostaje de hidr\u00f3geno o almacenamiento de H2, con un grupo compresor fiable, compacto y seguro. El concepto modular y escalable de nuestros compresores se adapta a los niveles de producci\u00f3n y demanda m\u00e1s exigentes. El Grupo Compresor Hiperbaric 1KS 95 cuenta&#8230;<\/p>\n","protected":false},"author":1,"featured_media":0,"parent":33277,"menu_order":0,"comment_status":"closed","ping_status":"closed","template":"","meta":{"om_disable_all_campaigns":false,"inline_featured_image":false,"_monsterinsights_skip_tracking":false,"_monsterinsights_sitenote_active":false,"_monsterinsights_sitenote_note":"","_monsterinsights_sitenote_category":0,"footnotes":"","_wp_rev_ctl_limit":""},"acf":[],"yoast_head":"<!-- This site is optimized with the Yoast SEO plugin v22.4 - https:\/\/yoast.com\/wordpress\/plugins\/seo\/ -->\n<title>Hiperbaric 1KS 95 - Hiperbaric<\/title>\n<meta name=\"robots\" content=\"index, follow, max-snippet:-1, max-image-preview:large, max-video-preview:-1\" \/>\n<link rel=\"canonical\" href=\"https:\/\/www.hiperbaric.com\/es\/compresion-h2\/equipo-de-compresion\/hiperbaric-1ks-95\/\" \/>\n<meta property=\"og:locale\" content=\"es_ES\" \/>\n<meta property=\"og:type\" content=\"article\" \/>\n<meta property=\"og:title\" content=\"Hiperbaric 1KS 95 - Hiperbaric\" \/>\n<meta property=\"og:description\" content=\"Hiperbaric 1KS 95 Hiperbaric ofrece una soluci\u00f3n completa Plug &amp; Play para estaciones de repostaje de hidr\u00f3geno o almacenamiento de H2, con un grupo compresor fiable, compacto y seguro. El concepto modular y escalable de nuestros compresores se adapta a los niveles de producci\u00f3n y demanda m\u00e1s exigentes. El Grupo Compresor Hiperbaric 1KS 95 cuenta...\" \/>\n<meta property=\"og:url\" content=\"https:\/\/www.hiperbaric.com\/es\/compresion-h2\/equipo-de-compresion\/hiperbaric-1ks-95\/\" \/>\n<meta property=\"og:site_name\" content=\"Hiperbaric\" \/>\n<meta property=\"article:modified_time\" content=\"2026-03-04T12:19:23+00:00\" \/>\n<meta property=\"og:image\" content=\"https:\/\/www.hiperbaric.com\/..\/..\/..\/..\/..\/..\/wp-content\/uploads\/2019\/07\/throughput_icon.png\" \/>\n<meta name=\"twitter:card\" content=\"summary_large_image\" \/>\n<meta name=\"twitter:label1\" content=\"Tiempo de lectura\" \/>\n\t<meta name=\"twitter:data1\" content=\"2 minutos\" \/>\n<script type=\"application\/ld+json\" class=\"yoast-schema-graph\">{\"@context\":\"https:\/\/schema.org\",\"@graph\":[{\"@type\":\"WebPage\",\"@id\":\"https:\/\/www.hiperbaric.com\/es\/compresion-h2\/equipo-de-compresion\/hiperbaric-1ks-95\/\",\"url\":\"https:\/\/www.hiperbaric.com\/es\/compresion-h2\/equipo-de-compresion\/hiperbaric-1ks-95\/\",\"name\":\"Hiperbaric 1KS 95 - Hiperbaric\",\"isPartOf\":{\"@id\":\"https:\/\/www.hiperbaric.com\/en\/#website\"},\"primaryImageOfPage\":{\"@id\":\"https:\/\/www.hiperbaric.com\/es\/compresion-h2\/equipo-de-compresion\/hiperbaric-1ks-95\/#primaryimage\"},\"image\":{\"@id\":\"https:\/\/www.hiperbaric.com\/es\/compresion-h2\/equipo-de-compresion\/hiperbaric-1ks-95\/#primaryimage\"},\"thumbnailUrl\":\"https:\/\/www.hiperbaric.com\/..\/..\/..\/..\/..\/..\/wp-content\/uploads\/2019\/07\/throughput_icon.png\",\"datePublished\":\"2021-10-15T07:58:25+00:00\",\"dateModified\":\"2026-03-04T12:19:23+00:00\",\"breadcrumb\":{\"@id\":\"https:\/\/www.hiperbaric.com\/es\/compresion-h2\/equipo-de-compresion\/hiperbaric-1ks-95\/#breadcrumb\"},\"inLanguage\":\"es\",\"potentialAction\":[{\"@type\":\"ReadAction\",\"target\":[\"https:\/\/www.hiperbaric.com\/es\/compresion-h2\/equipo-de-compresion\/hiperbaric-1ks-95\/\"]}]},{\"@type\":\"ImageObject\",\"inLanguage\":\"es\",\"@id\":\"https:\/\/www.hiperbaric.com\/es\/compresion-h2\/equipo-de-compresion\/hiperbaric-1ks-95\/#primaryimage\",\"url\":\"https:\/\/www.hiperbaric.com\/..\/..\/..\/..\/..\/..\/wp-content\/uploads\/2019\/07\/throughput_icon.png\",\"contentUrl\":\"https:\/\/www.hiperbaric.com\/..\/..\/..\/..\/..\/..\/wp-content\/uploads\/2019\/07\/throughput_icon.png\"},{\"@type\":\"BreadcrumbList\",\"@id\":\"https:\/\/www.hiperbaric.com\/es\/compresion-h2\/equipo-de-compresion\/hiperbaric-1ks-95\/#breadcrumb\",\"itemListElement\":[{\"@type\":\"ListItem\",\"position\":1,\"name\":\"Home\",\"item\":\"https:\/\/www.hiperbaric.com\/es\/\"},{\"@type\":\"ListItem\",\"position\":2,\"name\":\"Compresi\u00f3n H2\",\"item\":\"https:\/\/www.hiperbaric.com\/es\/compresion-h2\/\"},{\"@type\":\"ListItem\",\"position\":3,\"name\":\"Equipos\",\"item\":\"https:\/\/www.hiperbaric.com\/es\/compresion-h2\/equipo-de-compresion\/\"},{\"@type\":\"ListItem\",\"position\":4,\"name\":\"Hiperbaric 1KS 95\"}]},{\"@type\":\"WebSite\",\"@id\":\"https:\/\/www.hiperbaric.com\/en\/#website\",\"url\":\"https:\/\/www.hiperbaric.com\/en\/\",\"name\":\"Hiperbaric\",\"description\":\"Procesado para la conservaci\u00f3n de alimentos\",\"publisher\":{\"@id\":\"https:\/\/www.hiperbaric.com\/en\/#organization\"},\"potentialAction\":[{\"@type\":\"SearchAction\",\"target\":{\"@type\":\"EntryPoint\",\"urlTemplate\":\"https:\/\/www.hiperbaric.com\/en\/?s={search_term_string}\"},\"query-input\":\"required name=search_term_string\"}],\"inLanguage\":\"es\"},{\"@type\":\"Organization\",\"@id\":\"https:\/\/www.hiperbaric.com\/en\/#organization\",\"name\":\"Hiperbaric\",\"url\":\"https:\/\/www.hiperbaric.com\/en\/\",\"logo\":{\"@type\":\"ImageObject\",\"inLanguage\":\"es\",\"@id\":\"https:\/\/www.hiperbaric.com\/en\/#\/schema\/logo\/image\/\",\"url\":\"https:\/\/www.hiperbaric.com\/wp-content\/uploads\/2026\/01\/cropped-hiperbaric-logotipo-1-2.png\",\"contentUrl\":\"https:\/\/www.hiperbaric.com\/wp-content\/uploads\/2026\/01\/cropped-hiperbaric-logotipo-1-2.png\",\"width\":340,\"height\":72,\"caption\":\"Hiperbaric\"},\"image\":{\"@id\":\"https:\/\/www.hiperbaric.com\/en\/#\/schema\/logo\/image\/\"}}]}<\/script>\n<!-- \/ Yoast SEO plugin. -->","yoast_head_json":{"title":"Hiperbaric 1KS 95 - Hiperbaric","robots":{"index":"index","follow":"follow","max-snippet":"max-snippet:-1","max-image-preview":"max-image-preview:large","max-video-preview":"max-video-preview:-1"},"canonical":"https:\/\/www.hiperbaric.com\/es\/compresion-h2\/equipo-de-compresion\/hiperbaric-1ks-95\/","og_locale":"es_ES","og_type":"article","og_title":"Hiperbaric 1KS 95 - Hiperbaric","og_description":"Hiperbaric 1KS 95 Hiperbaric ofrece una soluci\u00f3n completa Plug &amp; Play para estaciones de repostaje de hidr\u00f3geno o almacenamiento de H2, con un grupo compresor fiable, compacto y seguro. El concepto modular y escalable de nuestros compresores se adapta a los niveles de producci\u00f3n y demanda m\u00e1s exigentes. El Grupo Compresor Hiperbaric 1KS 95 cuenta...","og_url":"https:\/\/www.hiperbaric.com\/es\/compresion-h2\/equipo-de-compresion\/hiperbaric-1ks-95\/","og_site_name":"Hiperbaric","article_modified_time":"2026-03-04T12:19:23+00:00","og_image":[{"url":"https:\/\/www.hiperbaric.com\/..\/..\/..\/..\/..\/..\/wp-content\/uploads\/2019\/07\/throughput_icon.png"}],"twitter_card":"summary_large_image","twitter_misc":{"Tiempo de lectura":"2 minutos"},"schema":{"@context":"https:\/\/schema.org","@graph":[{"@type":"WebPage","@id":"https:\/\/www.hiperbaric.com\/es\/compresion-h2\/equipo-de-compresion\/hiperbaric-1ks-95\/","url":"https:\/\/www.hiperbaric.com\/es\/compresion-h2\/equipo-de-compresion\/hiperbaric-1ks-95\/","name":"Hiperbaric 1KS 95 - Hiperbaric","isPartOf":{"@id":"https:\/\/www.hiperbaric.com\/en\/#website"},"primaryImageOfPage":{"@id":"https:\/\/www.hiperbaric.com\/es\/compresion-h2\/equipo-de-compresion\/hiperbaric-1ks-95\/#primaryimage"},"image":{"@id":"https:\/\/www.hiperbaric.com\/es\/compresion-h2\/equipo-de-compresion\/hiperbaric-1ks-95\/#primaryimage"},"thumbnailUrl":"https:\/\/www.hiperbaric.com\/..\/..\/..\/..\/..\/..\/wp-content\/uploads\/2019\/07\/throughput_icon.png","datePublished":"2021-10-15T07:58:25+00:00","dateModified":"2026-03-04T12:19:23+00:00","breadcrumb":{"@id":"https:\/\/www.hiperbaric.com\/es\/compresion-h2\/equipo-de-compresion\/hiperbaric-1ks-95\/#breadcrumb"},"inLanguage":"es","potentialAction":[{"@type":"ReadAction","target":["https:\/\/www.hiperbaric.com\/es\/compresion-h2\/equipo-de-compresion\/hiperbaric-1ks-95\/"]}]},{"@type":"ImageObject","inLanguage":"es","@id":"https:\/\/www.hiperbaric.com\/es\/compresion-h2\/equipo-de-compresion\/hiperbaric-1ks-95\/#primaryimage","url":"https:\/\/www.hiperbaric.com\/..\/..\/..\/..\/..\/..\/wp-content\/uploads\/2019\/07\/throughput_icon.png","contentUrl":"https:\/\/www.hiperbaric.com\/..\/..\/..\/..\/..\/..\/wp-content\/uploads\/2019\/07\/throughput_icon.png"},{"@type":"BreadcrumbList","@id":"https:\/\/www.hiperbaric.com\/es\/compresion-h2\/equipo-de-compresion\/hiperbaric-1ks-95\/#breadcrumb","itemListElement":[{"@type":"ListItem","position":1,"name":"Home","item":"https:\/\/www.hiperbaric.com\/es\/"},{"@type":"ListItem","position":2,"name":"Compresi\u00f3n H2","item":"https:\/\/www.hiperbaric.com\/es\/compresion-h2\/"},{"@type":"ListItem","position":3,"name":"Equipos","item":"https:\/\/www.hiperbaric.com\/es\/compresion-h2\/equipo-de-compresion\/"},{"@type":"ListItem","position":4,"name":"Hiperbaric 1KS 95"}]},{"@type":"WebSite","@id":"https:\/\/www.hiperbaric.com\/en\/#website","url":"https:\/\/www.hiperbaric.com\/en\/","name":"Hiperbaric","description":"Procesado para la conservaci\u00f3n de alimentos","publisher":{"@id":"https:\/\/www.hiperbaric.com\/en\/#organization"},"potentialAction":[{"@type":"SearchAction","target":{"@type":"EntryPoint","urlTemplate":"https:\/\/www.hiperbaric.com\/en\/?s={search_term_string}"},"query-input":"required name=search_term_string"}],"inLanguage":"es"},{"@type":"Organization","@id":"https:\/\/www.hiperbaric.com\/en\/#organization","name":"Hiperbaric","url":"https:\/\/www.hiperbaric.com\/en\/","logo":{"@type":"ImageObject","inLanguage":"es","@id":"https:\/\/www.hiperbaric.com\/en\/#\/schema\/logo\/image\/","url":"https:\/\/www.hiperbaric.com\/wp-content\/uploads\/2026\/01\/cropped-hiperbaric-logotipo-1-2.png","contentUrl":"https:\/\/www.hiperbaric.com\/wp-content\/uploads\/2026\/01\/cropped-hiperbaric-logotipo-1-2.png","width":340,"height":72,"caption":"Hiperbaric"},"image":{"@id":"https:\/\/www.hiperbaric.com\/en\/#\/schema\/logo\/image\/"}}]}},"_links":{"self":[{"href":"https:\/\/www.hiperbaric.com\/es\/wp-json\/wp\/v2\/pages\/33310"}],"collection":[{"href":"https:\/\/www.hiperbaric.com\/es\/wp-json\/wp\/v2\/pages"}],"about":[{"href":"https:\/\/www.hiperbaric.com\/es\/wp-json\/wp\/v2\/types\/page"}],"author":[{"embeddable":true,"href":"https:\/\/www.hiperbaric.com\/es\/wp-json\/wp\/v2\/users\/1"}],"replies":[{"embeddable":true,"href":"https:\/\/www.hiperbaric.com\/es\/wp-json\/wp\/v2\/comments?post=33310"}],"version-history":[{"count":1,"href":"https:\/\/www.hiperbaric.com\/es\/wp-json\/wp\/v2\/pages\/33310\/revisions"}],"predecessor-version":[{"id":67139,"href":"https:\/\/www.hiperbaric.com\/es\/wp-json\/wp\/v2\/pages\/33310\/revisions\/67139"}],"up":[{"embeddable":true,"href":"https:\/\/www.hiperbaric.com\/es\/wp-json\/wp\/v2\/pages\/33277"}],"wp:attachment":[{"href":"https:\/\/www.hiperbaric.com\/es\/wp-json\/wp\/v2\/media?parent=33310"}],"curies":[{"name":"wp","href":"https:\/\/api.w.org\/{rel}","templated":true}]}}