{"id":33287,"date":"2021-10-15T09:31:33","date_gmt":"2021-10-15T07:31:33","guid":{"rendered":"https:\/\/www.hiperbaric.com\/?page_id=33287"},"modified":"2026-03-04T13:18:48","modified_gmt":"2026-03-04T12:18:48","slug":"hiperbaric-1ks-50","status":"publish","type":"page","link":"https:\/\/www.hiperbaric.com\/es\/compresion-h2\/equipo-de-compresion\/hiperbaric-1ks-50\/","title":{"rendered":"Hiperbaric 1KS 50"},"content":{"rendered":"\t\t<div data-elementor-type=\"wp-page\" data-elementor-id=\"33287\" class=\"elementor elementor-33287 elementor-33569\">\n\t\t\t\t\t\t\t\t\t<section class=\"elementor-section elementor-top-section elementor-element elementor-element-72613e02 elementor-section-boxed elementor-section-height-default elementor-section-height-default\" data-id=\"72613e02\" data-element_type=\"section\">\n\t\t\t\t\t\t<div class=\"elementor-container elementor-column-gap-default\">\n\t\t\t\t\t<div class=\"elementor-column elementor-col-100 elementor-top-column elementor-element elementor-element-1c33fddd\" data-id=\"1c33fddd\" data-element_type=\"column\">\n\t\t\t<div class=\"elementor-widget-wrap elementor-element-populated\">\n\t\t\t\t\t\t\t\t<div class=\"elementor-element elementor-element-13058499 elementor-widget elementor-widget-text-editor\" data-id=\"13058499\" data-element_type=\"widget\" data-widget_type=\"text-editor.default\">\n\t\t\t\t<div class=\"elementor-widget-container\">\n\t\t\t<style>\/*! elementor - v3.7.1 - 14-08-2022 *\/\n.elementor-widget-text-editor.elementor-drop-cap-view-stacked .elementor-drop-cap{background-color:#818a91;color:#fff}.elementor-widget-text-editor.elementor-drop-cap-view-framed .elementor-drop-cap{color:#818a91;border:3px solid;background-color:transparent}.elementor-widget-text-editor:not(.elementor-drop-cap-view-default) .elementor-drop-cap{margin-top:8px}.elementor-widget-text-editor:not(.elementor-drop-cap-view-default) .elementor-drop-cap-letter{width:1em;height:1em}.elementor-widget-text-editor .elementor-drop-cap{float:left;text-align:center;line-height:1;font-size:50px}.elementor-widget-text-editor .elementor-drop-cap-letter{display:inline-block}<\/style>\t\t\t\t<p><\/p>\n<h1>\n\tHiperbaric 1KS 50<br>\n\t<\/h1>\n<p>Hiperbaric ofrece una soluci\u00f3n completa Plug &amp; Play para estaciones de repostaje de hidr\u00f3geno o almacenamiento de H2, con un grupo compresor compacto y seguro. El concepto modular y escalable de nuestros compresores se adapta a los niveles de producci\u00f3n y demanda m\u00e1s exigentes.<\/p>\n<blockquote style=\"border-left: 5px solid #3aaa35!important;\"><p>El Grupo Compresor Hiperbaric 1KS 50 cuenta con una presi\u00f3n de admisi\u00f3n de H2 de 20-40 bar y una presi\u00f3n de salida de H2 de hasta 500 bar<\/p><\/blockquote>\n<p>Los distintos sistemas que componen el grupo compresor Hiperbaric 1KS 50 son:<\/p>\n<h3 style=\"background:#3aaa35; color:#ffff; padding:20px\"> SISTEMA DEL GRUPO COMPRESOR<\/h3>\n<ul>\n<li>Cilindro multiplicador en dos etapas<\/li>\n<li>Sistema hidr\u00e1ulico<\/li>\n<li>Sistema de refrigeraci\u00f3n<\/li>\n<li>Circuito de venteo<\/li>\n<li>Instrumentaci\u00f3n y panel de control<\/li>\n<li>Circuito neum\u00e1tico<\/li>\n<\/ul><div><font face=\"Gotham Rounded Book\"><br><\/font><\/div><div><font face=\"Gotham Rounded Book\"><br><\/font><\/div>\n<p>\t\t\t\t<img decoding=\"async\" loading=\"lazy\" src=\"https:\/\/www.hiperbaric.com\/wp-content\/uploads\/2021\/10\/ImagH2.png\" alt=\"ImagH2\" itemprop=\"image\" height=\"425\" width=\"425\" title=\"ImagH2\" onerror=\"this.style.display='none'\"><\/p>\n<p>El componente m\u00e1s importante del grupo compresor es el multiplicador o los multiplicadores de alta presi\u00f3n. La tecnolog\u00eda de Hiperbaric se basa en multiplicadores de doble etapa con una elevada eficiencia tanto hidr\u00e1ulica como de refrigeraci\u00f3n.<\/p>\n<p><img decoding=\"async\" loading=\"lazy\" src=\"https:\/\/www.hiperbaric.com\/..\/..\/..\/..\/..\/..\/wp-content\/uploads\/2019\/07\/throughput_icon.png\" alt=\"\" width=\"24\" height=\"24\"><\/p>\n<p>Presi\u00f3n de entrada<\/p>\n<p>40 a 200 bar<\/p>\n<p><img decoding=\"async\" loading=\"lazy\" src=\"\/wp-content\/uploads\/2019\/07\/capacity_icon.png\" width=\"24\" height=\"24\"><\/p>\n<p>Presi\u00f3n m\u00e1xima de salida<\/p>\n<p>900 bar<\/p>\n<section>\n      <img decoding=\"async\" src=\"\/wp-content\/uploads\/2021\/10\/Multiplicador-blanco-2-min-1.png\"><br>\n      <img decoding=\"async\" src=\"\/wp-content\/uploads\/2021\/10\/Multiplicador-blanco-1-min-1.png\"><br>\n   <\/section>\n<p><img decoding=\"async\" loading=\"lazy\" src=\"https:\/\/www.hiperbaric.com\/..\/..\/wp-content\/uploads\/2019\/07\/diameter_icon.png\" alt=\"\" width=\"24\" height=\"24\"><\/p>\n<p>Caudal m\u00ednimo<\/p>\n<p>125m4N-10Kg\/h<\/p>\n<p><img decoding=\"async\" loading=\"lazy\" src=\"https:\/\/www.hiperbaric.com\/..\/..\/wp-content\/uploads\/2019\/07\/footprint_icon.png\" alt=\"\" width=\"24\" height=\"24\"><\/p>\n<p>Caudal m\u00e1ximo<\/p>\n<p>250m3N-20Kg\/h<\/p>\n<h3>\n\tCaracter\u00edsticas principales de Hiperbaric 1 KS 50<br>\n\t<\/h3>\n<ul>\n<li>Alta pureza del hidr\u00f3geno por el concepto \u201cOil Free\u201d<\/li>\n<li>Mejor enfriamiento gracias al dise\u00f1o innovador de las camisas de los multiplicadores.<\/li>\n<li>Mayor eficiencia en la compresi\u00f3n requiriendo menos energ\u00eda.<\/li>\n<li>Dise\u00f1o modular que incluye uno o dos multiplicadores en funci\u00f3n del caudal de hidr\u00f3geno.<\/li>\n<li>Soluci\u00f3n segura y fiable, gracias al sistema de venteo.<\/li>\n<\/ul>\n<p>\t    <a href=\"#\" target=\"_self\" role=\"button\" rel=\"noopener noreferrer\">DESCARGAR FLYER GRUPOS COMPRESORES DE H2 &gt; <\/a><\/p>\n<h3>\n\tRealiza tu consulta<br>\n\t<\/h3>\n<p><iframe src=\"https:\/\/forms.marketing.hiperbaric.com\/l\/881883\/2020-08-24\/d2k?Language=Spanish&amp;Business_line=HIP&amp;Source_text=Form%20Hiperbaric%2042%20HIP \" height=\"680\" frameborder=\"0\" scrolling=\"no\"><\/iframe><\/p>\n<h3><strong>Normativa <\/strong><\/h3>\n<p>Los compresores de hidr\u00f3geno de Hiperbaric est\u00e1n dise\u00f1ados y fabricados de acuerdo con las directivas y est\u00e1ndares internacionales m\u00e1s rigurosos. Estos equipos de alta presi\u00f3n pueden ser instalados en cualquier pa\u00eds del mundo. Las normativas bajo las que est\u00e1n dise\u00f1adas son:<\/p>\n<ul>\n<li>DIRECTIVA 1999\/92\/EC Riesgos por atm\u00f3sferas explosivas<\/li>\n<li>DIRECTIVA 2014\/34\/EU Aparatos y sistemas de protecci\u00f3n para uso en atm\u00f3sferas potencialmente explosivas<\/li>\n<\/ul>\n<p><\/p>\t\t\t\t\t\t<\/div>\n\t\t\t\t<\/div>\n\t\t\t\t\t<\/div>\n\t\t<\/div>\n\t\t\t\t\t\t\t<\/div>\n\t\t<\/section>\n\t\t\t\t\t\t\t<\/div>\n\t\t","protected":false},"excerpt":{"rendered":"<p>Hiperbaric 1KS 50 Hiperbaric ofrece una soluci\u00f3n completa Plug &amp; Play para estaciones de repostaje de hidr\u00f3geno o almacenamiento de H2, con un grupo compresor fiable, compacto y seguro. El concepto modular y escalable de nuestros compresores se adapta a los niveles de producci\u00f3n y demanda m\u00e1s exigentes. El Grupo Compresor Hiperbaric 1KS 50 cuenta&#8230;<\/p>\n","protected":false},"author":1,"featured_media":0,"parent":33277,"menu_order":0,"comment_status":"closed","ping_status":"closed","template":"","meta":{"om_disable_all_campaigns":false,"inline_featured_image":false,"_monsterinsights_skip_tracking":false,"_monsterinsights_sitenote_active":false,"_monsterinsights_sitenote_note":"","_monsterinsights_sitenote_category":0,"footnotes":"","_wp_rev_ctl_limit":""},"acf":[],"yoast_head":"<!-- This site is optimized with the Yoast SEO plugin v22.4 - https:\/\/yoast.com\/wordpress\/plugins\/seo\/ -->\n<title>Hiperbaric 1KS 50 - Hiperbaric<\/title>\n<meta name=\"robots\" content=\"index, follow, max-snippet:-1, max-image-preview:large, max-video-preview:-1\" \/>\n<link rel=\"canonical\" href=\"https:\/\/www.hiperbaric.com\/es\/compresion-h2\/equipo-de-compresion\/hiperbaric-1ks-50\/\" \/>\n<meta property=\"og:locale\" content=\"es_ES\" \/>\n<meta property=\"og:type\" content=\"article\" \/>\n<meta property=\"og:title\" content=\"Hiperbaric 1KS 50 - Hiperbaric\" \/>\n<meta property=\"og:description\" content=\"Hiperbaric 1KS 50 Hiperbaric ofrece una soluci\u00f3n completa Plug &amp; Play para estaciones de repostaje de hidr\u00f3geno o almacenamiento de H2, con un grupo compresor fiable, compacto y seguro. El concepto modular y escalable de nuestros compresores se adapta a los niveles de producci\u00f3n y demanda m\u00e1s exigentes. El Grupo Compresor Hiperbaric 1KS 50 cuenta...\" \/>\n<meta property=\"og:url\" content=\"https:\/\/www.hiperbaric.com\/es\/compresion-h2\/equipo-de-compresion\/hiperbaric-1ks-50\/\" \/>\n<meta property=\"og:site_name\" content=\"Hiperbaric\" \/>\n<meta property=\"article:modified_time\" content=\"2026-03-04T12:18:48+00:00\" \/>\n<meta property=\"og:image\" content=\"https:\/\/www.hiperbaric.com\/..\/..\/..\/..\/..\/..\/wp-content\/uploads\/2019\/07\/throughput_icon.png\" \/>\n<meta name=\"twitter:card\" content=\"summary_large_image\" \/>\n<meta name=\"twitter:label1\" content=\"Tiempo de lectura\" \/>\n\t<meta name=\"twitter:data1\" content=\"2 minutos\" \/>\n<script type=\"application\/ld+json\" class=\"yoast-schema-graph\">{\"@context\":\"https:\/\/schema.org\",\"@graph\":[{\"@type\":\"WebPage\",\"@id\":\"https:\/\/www.hiperbaric.com\/es\/compresion-h2\/equipo-de-compresion\/hiperbaric-1ks-50\/\",\"url\":\"https:\/\/www.hiperbaric.com\/es\/compresion-h2\/equipo-de-compresion\/hiperbaric-1ks-50\/\",\"name\":\"Hiperbaric 1KS 50 - Hiperbaric\",\"isPartOf\":{\"@id\":\"https:\/\/www.hiperbaric.com\/en\/#website\"},\"primaryImageOfPage\":{\"@id\":\"https:\/\/www.hiperbaric.com\/es\/compresion-h2\/equipo-de-compresion\/hiperbaric-1ks-50\/#primaryimage\"},\"image\":{\"@id\":\"https:\/\/www.hiperbaric.com\/es\/compresion-h2\/equipo-de-compresion\/hiperbaric-1ks-50\/#primaryimage\"},\"thumbnailUrl\":\"https:\/\/www.hiperbaric.com\/..\/..\/..\/..\/..\/..\/wp-content\/uploads\/2019\/07\/throughput_icon.png\",\"datePublished\":\"2021-10-15T07:31:33+00:00\",\"dateModified\":\"2026-03-04T12:18:48+00:00\",\"breadcrumb\":{\"@id\":\"https:\/\/www.hiperbaric.com\/es\/compresion-h2\/equipo-de-compresion\/hiperbaric-1ks-50\/#breadcrumb\"},\"inLanguage\":\"es\",\"potentialAction\":[{\"@type\":\"ReadAction\",\"target\":[\"https:\/\/www.hiperbaric.com\/es\/compresion-h2\/equipo-de-compresion\/hiperbaric-1ks-50\/\"]}]},{\"@type\":\"ImageObject\",\"inLanguage\":\"es\",\"@id\":\"https:\/\/www.hiperbaric.com\/es\/compresion-h2\/equipo-de-compresion\/hiperbaric-1ks-50\/#primaryimage\",\"url\":\"https:\/\/www.hiperbaric.com\/..\/..\/..\/..\/..\/..\/wp-content\/uploads\/2019\/07\/throughput_icon.png\",\"contentUrl\":\"https:\/\/www.hiperbaric.com\/..\/..\/..\/..\/..\/..\/wp-content\/uploads\/2019\/07\/throughput_icon.png\"},{\"@type\":\"BreadcrumbList\",\"@id\":\"https:\/\/www.hiperbaric.com\/es\/compresion-h2\/equipo-de-compresion\/hiperbaric-1ks-50\/#breadcrumb\",\"itemListElement\":[{\"@type\":\"ListItem\",\"position\":1,\"name\":\"Home\",\"item\":\"https:\/\/www.hiperbaric.com\/es\/\"},{\"@type\":\"ListItem\",\"position\":2,\"name\":\"Compresi\u00f3n H2\",\"item\":\"https:\/\/www.hiperbaric.com\/es\/compresion-h2\/\"},{\"@type\":\"ListItem\",\"position\":3,\"name\":\"Equipos\",\"item\":\"https:\/\/www.hiperbaric.com\/es\/compresion-h2\/equipo-de-compresion\/\"},{\"@type\":\"ListItem\",\"position\":4,\"name\":\"Hiperbaric 1KS 50\"}]},{\"@type\":\"WebSite\",\"@id\":\"https:\/\/www.hiperbaric.com\/en\/#website\",\"url\":\"https:\/\/www.hiperbaric.com\/en\/\",\"name\":\"Hiperbaric\",\"description\":\"Procesado para la conservaci\u00f3n de alimentos\",\"publisher\":{\"@id\":\"https:\/\/www.hiperbaric.com\/en\/#organization\"},\"potentialAction\":[{\"@type\":\"SearchAction\",\"target\":{\"@type\":\"EntryPoint\",\"urlTemplate\":\"https:\/\/www.hiperbaric.com\/en\/?s={search_term_string}\"},\"query-input\":\"required name=search_term_string\"}],\"inLanguage\":\"es\"},{\"@type\":\"Organization\",\"@id\":\"https:\/\/www.hiperbaric.com\/en\/#organization\",\"name\":\"Hiperbaric\",\"url\":\"https:\/\/www.hiperbaric.com\/en\/\",\"logo\":{\"@type\":\"ImageObject\",\"inLanguage\":\"es\",\"@id\":\"https:\/\/www.hiperbaric.com\/en\/#\/schema\/logo\/image\/\",\"url\":\"https:\/\/www.hiperbaric.com\/wp-content\/uploads\/2026\/01\/cropped-hiperbaric-logotipo-1-2.png\",\"contentUrl\":\"https:\/\/www.hiperbaric.com\/wp-content\/uploads\/2026\/01\/cropped-hiperbaric-logotipo-1-2.png\",\"width\":340,\"height\":72,\"caption\":\"Hiperbaric\"},\"image\":{\"@id\":\"https:\/\/www.hiperbaric.com\/en\/#\/schema\/logo\/image\/\"}}]}<\/script>\n<!-- \/ Yoast SEO plugin. -->","yoast_head_json":{"title":"Hiperbaric 1KS 50 - Hiperbaric","robots":{"index":"index","follow":"follow","max-snippet":"max-snippet:-1","max-image-preview":"max-image-preview:large","max-video-preview":"max-video-preview:-1"},"canonical":"https:\/\/www.hiperbaric.com\/es\/compresion-h2\/equipo-de-compresion\/hiperbaric-1ks-50\/","og_locale":"es_ES","og_type":"article","og_title":"Hiperbaric 1KS 50 - Hiperbaric","og_description":"Hiperbaric 1KS 50 Hiperbaric ofrece una soluci\u00f3n completa Plug &amp; Play para estaciones de repostaje de hidr\u00f3geno o almacenamiento de H2, con un grupo compresor fiable, compacto y seguro. El concepto modular y escalable de nuestros compresores se adapta a los niveles de producci\u00f3n y demanda m\u00e1s exigentes. El Grupo Compresor Hiperbaric 1KS 50 cuenta...","og_url":"https:\/\/www.hiperbaric.com\/es\/compresion-h2\/equipo-de-compresion\/hiperbaric-1ks-50\/","og_site_name":"Hiperbaric","article_modified_time":"2026-03-04T12:18:48+00:00","og_image":[{"url":"https:\/\/www.hiperbaric.com\/..\/..\/..\/..\/..\/..\/wp-content\/uploads\/2019\/07\/throughput_icon.png"}],"twitter_card":"summary_large_image","twitter_misc":{"Tiempo de lectura":"2 minutos"},"schema":{"@context":"https:\/\/schema.org","@graph":[{"@type":"WebPage","@id":"https:\/\/www.hiperbaric.com\/es\/compresion-h2\/equipo-de-compresion\/hiperbaric-1ks-50\/","url":"https:\/\/www.hiperbaric.com\/es\/compresion-h2\/equipo-de-compresion\/hiperbaric-1ks-50\/","name":"Hiperbaric 1KS 50 - Hiperbaric","isPartOf":{"@id":"https:\/\/www.hiperbaric.com\/en\/#website"},"primaryImageOfPage":{"@id":"https:\/\/www.hiperbaric.com\/es\/compresion-h2\/equipo-de-compresion\/hiperbaric-1ks-50\/#primaryimage"},"image":{"@id":"https:\/\/www.hiperbaric.com\/es\/compresion-h2\/equipo-de-compresion\/hiperbaric-1ks-50\/#primaryimage"},"thumbnailUrl":"https:\/\/www.hiperbaric.com\/..\/..\/..\/..\/..\/..\/wp-content\/uploads\/2019\/07\/throughput_icon.png","datePublished":"2021-10-15T07:31:33+00:00","dateModified":"2026-03-04T12:18:48+00:00","breadcrumb":{"@id":"https:\/\/www.hiperbaric.com\/es\/compresion-h2\/equipo-de-compresion\/hiperbaric-1ks-50\/#breadcrumb"},"inLanguage":"es","potentialAction":[{"@type":"ReadAction","target":["https:\/\/www.hiperbaric.com\/es\/compresion-h2\/equipo-de-compresion\/hiperbaric-1ks-50\/"]}]},{"@type":"ImageObject","inLanguage":"es","@id":"https:\/\/www.hiperbaric.com\/es\/compresion-h2\/equipo-de-compresion\/hiperbaric-1ks-50\/#primaryimage","url":"https:\/\/www.hiperbaric.com\/..\/..\/..\/..\/..\/..\/wp-content\/uploads\/2019\/07\/throughput_icon.png","contentUrl":"https:\/\/www.hiperbaric.com\/..\/..\/..\/..\/..\/..\/wp-content\/uploads\/2019\/07\/throughput_icon.png"},{"@type":"BreadcrumbList","@id":"https:\/\/www.hiperbaric.com\/es\/compresion-h2\/equipo-de-compresion\/hiperbaric-1ks-50\/#breadcrumb","itemListElement":[{"@type":"ListItem","position":1,"name":"Home","item":"https:\/\/www.hiperbaric.com\/es\/"},{"@type":"ListItem","position":2,"name":"Compresi\u00f3n H2","item":"https:\/\/www.hiperbaric.com\/es\/compresion-h2\/"},{"@type":"ListItem","position":3,"name":"Equipos","item":"https:\/\/www.hiperbaric.com\/es\/compresion-h2\/equipo-de-compresion\/"},{"@type":"ListItem","position":4,"name":"Hiperbaric 1KS 50"}]},{"@type":"WebSite","@id":"https:\/\/www.hiperbaric.com\/en\/#website","url":"https:\/\/www.hiperbaric.com\/en\/","name":"Hiperbaric","description":"Procesado para la conservaci\u00f3n de alimentos","publisher":{"@id":"https:\/\/www.hiperbaric.com\/en\/#organization"},"potentialAction":[{"@type":"SearchAction","target":{"@type":"EntryPoint","urlTemplate":"https:\/\/www.hiperbaric.com\/en\/?s={search_term_string}"},"query-input":"required name=search_term_string"}],"inLanguage":"es"},{"@type":"Organization","@id":"https:\/\/www.hiperbaric.com\/en\/#organization","name":"Hiperbaric","url":"https:\/\/www.hiperbaric.com\/en\/","logo":{"@type":"ImageObject","inLanguage":"es","@id":"https:\/\/www.hiperbaric.com\/en\/#\/schema\/logo\/image\/","url":"https:\/\/www.hiperbaric.com\/wp-content\/uploads\/2026\/01\/cropped-hiperbaric-logotipo-1-2.png","contentUrl":"https:\/\/www.hiperbaric.com\/wp-content\/uploads\/2026\/01\/cropped-hiperbaric-logotipo-1-2.png","width":340,"height":72,"caption":"Hiperbaric"},"image":{"@id":"https:\/\/www.hiperbaric.com\/en\/#\/schema\/logo\/image\/"}}]}},"_links":{"self":[{"href":"https:\/\/www.hiperbaric.com\/es\/wp-json\/wp\/v2\/pages\/33287"}],"collection":[{"href":"https:\/\/www.hiperbaric.com\/es\/wp-json\/wp\/v2\/pages"}],"about":[{"href":"https:\/\/www.hiperbaric.com\/es\/wp-json\/wp\/v2\/types\/page"}],"author":[{"embeddable":true,"href":"https:\/\/www.hiperbaric.com\/es\/wp-json\/wp\/v2\/users\/1"}],"replies":[{"embeddable":true,"href":"https:\/\/www.hiperbaric.com\/es\/wp-json\/wp\/v2\/comments?post=33287"}],"version-history":[{"count":1,"href":"https:\/\/www.hiperbaric.com\/es\/wp-json\/wp\/v2\/pages\/33287\/revisions"}],"predecessor-version":[{"id":67138,"href":"https:\/\/www.hiperbaric.com\/es\/wp-json\/wp\/v2\/pages\/33287\/revisions\/67138"}],"up":[{"embeddable":true,"href":"https:\/\/www.hiperbaric.com\/es\/wp-json\/wp\/v2\/pages\/33277"}],"wp:attachment":[{"href":"https:\/\/www.hiperbaric.com\/es\/wp-json\/wp\/v2\/media?parent=33287"}],"curies":[{"name":"wp","href":"https:\/\/api.w.org\/{rel}","templated":true}]}}