{"id":33277,"date":"2021-10-15T09:17:19","date_gmt":"2021-10-15T07:17:19","guid":{"rendered":"https:\/\/www.hiperbaric.com\/?page_id=33277"},"modified":"2026-01-23T12:11:14","modified_gmt":"2026-01-23T11:11:14","slug":"equipo-de-compresion","status":"publish","type":"page","link":"https:\/\/www.hiperbaric.com\/es\/compresion-h2\/equipo-de-compresion\/","title":{"rendered":"Equipos"},"content":{"rendered":"\r\n\r\n\t<p>La tecnolog\u00eda de compresi\u00f3n de hidr\u00f3geno de Hiperbaric se compone de una gama de grupos compresores que ofrecen una soluci\u00f3n completa Plug&amp;Play, para dispensar H<sub>2<\/sub> comprimido a altas presiones de forma segura, eficiente y fiable.<\/p>\r\n<p>Se trata de equipos compresores adaptables a cualquier nivel de producci\u00f3n y demanda, y a diferentes presiones de aspiraci\u00f3n y descarga. Las soluciones de tecnolog\u00eda de compresi\u00f3n de Hiperbaric est\u00e1n dise\u00f1adas con componentes de alta calidad, resistentes y fiables, en los que se utilizan materiales con propiedades avanzadas para obtener la m\u00e1xima resistencia y un funcionamiento seguro.<\/p>\r\n\t<iframe loading=\"lazy\" width=\"560\" height=\"315\" src=\"https:\/\/www.youtube.com\/embed\/r_lMBlv2ph4?si=6Nt69Sp78qHAgSRg\" title=\"YouTube video player\" frameborder=\"0\" allow=\"accelerometer; autoplay; clipboard-write; encrypted-media; gyroscope; picture-in-picture; web-share\" referrerpolicy=\"strict-origin-when-cross-origin\" allowfullscreen><\/iframe>\r\n\t<blockquote><p>La compresi\u00f3n de hidr\u00f3geno se realiza con un rango de presi\u00f3n de entrada desde 20 bar a una presi\u00f3n de salida hasta 500 o 950 bar. <\/p><\/blockquote>\r\n\t    <a href=\"#\" target=\"_self\" role=\"button\" rel=\"noopener\">DESCARGAR FLYER HIPERBARIC H2 > <\/a>\r\n<h3>\r\n\tDescubre nuestra gama de Grupos Compresores\r\n\t<\/h3>\r\n\t\t\t\t<img decoding=\"async\" loading=\"lazy\" src=\"https:\/\/www.hiperbaric.com\/wp-content\/uploads\/2025\/11\/Hiperbaric-H2-compressor-Group-SIN-PUERTAS.png\" alt=\"Hiperbaric H2 compressor Group SIN PUERTAS\" itemprop=\"image\" height=\"1263\" width=\"2560\" title=\"Hiperbaric H2 compressor Group SIN PUERTAS\" onerror=\"this.style.display='none'\"  \/>\r\n<h3>\r\n\tHIPERBARIC 1KS 50\r\n\t<\/h3>\r\n\t<p>Grupo compresor de H<sub>2<\/sub> de hasta 500 bar de presi\u00f3n<\/p>\r\n\t    <a href=\"https:\/\/www.hiperbaric.com\/es\/compresion-h2\/equipo-de-compresion\/hiperbaric-1ks-50\/\" target=\"_self\" role=\"button\" rel=\"noopener\">SABER M\u00c1S > <\/a>\r\n\t\t\t\t<img decoding=\"async\" loading=\"lazy\" src=\"https:\/\/www.hiperbaric.com\/wp-content\/uploads\/2025\/11\/Hiperbaric-H2-compressor-Group-SIN-PUERTAS.png\" alt=\"Hiperbaric H2 compressor Group SIN PUERTAS\" itemprop=\"image\" height=\"1263\" width=\"2560\" title=\"Hiperbaric H2 compressor Group SIN PUERTAS\" onerror=\"this.style.display='none'\"  \/>\r\n<h3>\r\n\tHIPERBARIC 1KS 95 \r\n\t<\/h3>\r\n\t<p>Grupo compresor de H<sub>2<\/sub> de hasta 950 bar de presi\u00f3n<\/p>\r\n\t    <a href=\"https:\/\/www.hiperbaric.com\/es\/compresion-h2\/equipo-de-compresion\/hiperbaric-1ks-95\/\" target=\"_self\" role=\"button\" rel=\"noopener\">SABER M\u00c1S > <\/a>\r\n\r\n","protected":false},"excerpt":{"rendered":"<p>La tecnolog\u00eda de compresi\u00f3n de hidr\u00f3geno de Hiperbaric se compone de una gama de grupos compresores que ofrecen una soluci\u00f3n completa Plug&amp;Play, para dispensar H2 comprimido a altas presiones de forma segura, eficiente y fiable. Se trata de equipos compresores adaptables a cualquier nivel de producci\u00f3n y demanda, y a diferentes presiones de aspiraci\u00f3n y&#8230;<\/p>\n","protected":false},"author":1,"featured_media":0,"parent":28367,"menu_order":0,"comment_status":"closed","ping_status":"closed","template":"","meta":{"om_disable_all_campaigns":false,"inline_featured_image":false,"_monsterinsights_skip_tracking":false,"_monsterinsights_sitenote_active":false,"_monsterinsights_sitenote_note":"","_monsterinsights_sitenote_category":0,"footnotes":"","_wp_rev_ctl_limit":""},"acf":[],"yoast_head":"<!-- This site is optimized with the Yoast SEO plugin v22.4 - https:\/\/yoast.com\/wordpress\/plugins\/seo\/ -->\n<title>Grupos compresores de hidr\u00f3geno modulares y escalables - Hiperbaric<\/title>\n<meta name=\"description\" content=\"La tecnolog\u00eda de compresi\u00f3n de hidr\u00f3geno se compone de una gama de grupos compresores que ofrecen una soluci\u00f3n completa Plug&amp;Play, para dispensar H2 comprimido a altas presiones de forma segura, eficiente y fiable.\" \/>\n<meta name=\"robots\" content=\"index, follow, max-snippet:-1, max-image-preview:large, max-video-preview:-1\" \/>\n<link rel=\"canonical\" href=\"https:\/\/www.hiperbaric.com\/es\/compresion-h2\/equipo-de-compresion\/\" \/>\n<meta property=\"og:locale\" content=\"es_ES\" \/>\n<meta property=\"og:type\" content=\"article\" \/>\n<meta property=\"og:title\" content=\"Grupos compresores de hidr\u00f3geno modulares y escalables - Hiperbaric\" \/>\n<meta property=\"og:description\" content=\"La tecnolog\u00eda de compresi\u00f3n de hidr\u00f3geno se compone de una gama de grupos compresores que ofrecen una soluci\u00f3n completa Plug&amp;Play, para dispensar H2 comprimido a altas presiones de forma segura, eficiente y fiable.\" \/>\n<meta property=\"og:url\" content=\"https:\/\/www.hiperbaric.com\/es\/compresion-h2\/equipo-de-compresion\/\" \/>\n<meta property=\"og:site_name\" content=\"Hiperbaric\" \/>\n<meta property=\"article:modified_time\" content=\"2026-01-23T11:11:14+00:00\" \/>\n<meta property=\"og:image\" content=\"https:\/\/www.hiperbaric.com\/wp-content\/uploads\/2025\/11\/Hiperbaric-H2-compressor-Group-SIN-PUERTAS.png\" \/>\n<meta name=\"twitter:card\" content=\"summary_large_image\" \/>\n<meta name=\"twitter:label1\" content=\"Tiempo de lectura\" \/>\n\t<meta name=\"twitter:data1\" content=\"2 minutos\" \/>\n<script type=\"application\/ld+json\" class=\"yoast-schema-graph\">{\"@context\":\"https:\/\/schema.org\",\"@graph\":[{\"@type\":\"WebPage\",\"@id\":\"https:\/\/www.hiperbaric.com\/es\/compresion-h2\/equipo-de-compresion\/\",\"url\":\"https:\/\/www.hiperbaric.com\/es\/compresion-h2\/equipo-de-compresion\/\",\"name\":\"Grupos compresores de hidr\u00f3geno modulares y escalables - Hiperbaric\",\"isPartOf\":{\"@id\":\"https:\/\/www.hiperbaric.com\/en\/#website\"},\"primaryImageOfPage\":{\"@id\":\"https:\/\/www.hiperbaric.com\/es\/compresion-h2\/equipo-de-compresion\/#primaryimage\"},\"image\":{\"@id\":\"https:\/\/www.hiperbaric.com\/es\/compresion-h2\/equipo-de-compresion\/#primaryimage\"},\"thumbnailUrl\":\"https:\/\/www.hiperbaric.com\/wp-content\/uploads\/2025\/11\/Hiperbaric-H2-compressor-Group-SIN-PUERTAS.png\",\"datePublished\":\"2021-10-15T07:17:19+00:00\",\"dateModified\":\"2026-01-23T11:11:14+00:00\",\"description\":\"La tecnolog\u00eda de compresi\u00f3n de hidr\u00f3geno se compone de una gama de grupos compresores que ofrecen una soluci\u00f3n completa Plug&Play, para dispensar H2 comprimido a altas presiones de forma segura, eficiente y fiable.\",\"breadcrumb\":{\"@id\":\"https:\/\/www.hiperbaric.com\/es\/compresion-h2\/equipo-de-compresion\/#breadcrumb\"},\"inLanguage\":\"es\",\"potentialAction\":[{\"@type\":\"ReadAction\",\"target\":[\"https:\/\/www.hiperbaric.com\/es\/compresion-h2\/equipo-de-compresion\/\"]}]},{\"@type\":\"ImageObject\",\"inLanguage\":\"es\",\"@id\":\"https:\/\/www.hiperbaric.com\/es\/compresion-h2\/equipo-de-compresion\/#primaryimage\",\"url\":\"https:\/\/www.hiperbaric.com\/wp-content\/uploads\/2025\/11\/Hiperbaric-H2-compressor-Group-SIN-PUERTAS.png\",\"contentUrl\":\"https:\/\/www.hiperbaric.com\/wp-content\/uploads\/2025\/11\/Hiperbaric-H2-compressor-Group-SIN-PUERTAS.png\"},{\"@type\":\"BreadcrumbList\",\"@id\":\"https:\/\/www.hiperbaric.com\/es\/compresion-h2\/equipo-de-compresion\/#breadcrumb\",\"itemListElement\":[{\"@type\":\"ListItem\",\"position\":1,\"name\":\"Home\",\"item\":\"https:\/\/www.hiperbaric.com\/es\/\"},{\"@type\":\"ListItem\",\"position\":2,\"name\":\"Compresi\u00f3n H2\",\"item\":\"https:\/\/www.hiperbaric.com\/es\/compresion-h2\/\"},{\"@type\":\"ListItem\",\"position\":3,\"name\":\"Equipos\"}]},{\"@type\":\"WebSite\",\"@id\":\"https:\/\/www.hiperbaric.com\/en\/#website\",\"url\":\"https:\/\/www.hiperbaric.com\/en\/\",\"name\":\"Hiperbaric\",\"description\":\"Procesado para la conservaci\u00f3n de alimentos\",\"publisher\":{\"@id\":\"https:\/\/www.hiperbaric.com\/en\/#organization\"},\"potentialAction\":[{\"@type\":\"SearchAction\",\"target\":{\"@type\":\"EntryPoint\",\"urlTemplate\":\"https:\/\/www.hiperbaric.com\/en\/?s={search_term_string}\"},\"query-input\":\"required name=search_term_string\"}],\"inLanguage\":\"es\"},{\"@type\":\"Organization\",\"@id\":\"https:\/\/www.hiperbaric.com\/en\/#organization\",\"name\":\"Hiperbaric\",\"url\":\"https:\/\/www.hiperbaric.com\/en\/\",\"logo\":{\"@type\":\"ImageObject\",\"inLanguage\":\"es\",\"@id\":\"https:\/\/www.hiperbaric.com\/en\/#\/schema\/logo\/image\/\",\"url\":\"https:\/\/www.hiperbaric.com\/wp-content\/uploads\/2026\/01\/cropped-hiperbaric-logotipo-1-2.png\",\"contentUrl\":\"https:\/\/www.hiperbaric.com\/wp-content\/uploads\/2026\/01\/cropped-hiperbaric-logotipo-1-2.png\",\"width\":340,\"height\":72,\"caption\":\"Hiperbaric\"},\"image\":{\"@id\":\"https:\/\/www.hiperbaric.com\/en\/#\/schema\/logo\/image\/\"}}]}<\/script>\n<!-- \/ Yoast SEO plugin. -->","yoast_head_json":{"title":"Grupos compresores de hidr\u00f3geno modulares y escalables - Hiperbaric","description":"La tecnolog\u00eda de compresi\u00f3n de hidr\u00f3geno se compone de una gama de grupos compresores que ofrecen una soluci\u00f3n completa Plug&Play, para dispensar H2 comprimido a altas presiones de forma segura, eficiente y fiable.","robots":{"index":"index","follow":"follow","max-snippet":"max-snippet:-1","max-image-preview":"max-image-preview:large","max-video-preview":"max-video-preview:-1"},"canonical":"https:\/\/www.hiperbaric.com\/es\/compresion-h2\/equipo-de-compresion\/","og_locale":"es_ES","og_type":"article","og_title":"Grupos compresores de hidr\u00f3geno modulares y escalables - Hiperbaric","og_description":"La tecnolog\u00eda de compresi\u00f3n de hidr\u00f3geno se compone de una gama de grupos compresores que ofrecen una soluci\u00f3n completa Plug&Play, para dispensar H2 comprimido a altas presiones de forma segura, eficiente y fiable.","og_url":"https:\/\/www.hiperbaric.com\/es\/compresion-h2\/equipo-de-compresion\/","og_site_name":"Hiperbaric","article_modified_time":"2026-01-23T11:11:14+00:00","og_image":[{"url":"https:\/\/www.hiperbaric.com\/wp-content\/uploads\/2025\/11\/Hiperbaric-H2-compressor-Group-SIN-PUERTAS.png"}],"twitter_card":"summary_large_image","twitter_misc":{"Tiempo de lectura":"2 minutos"},"schema":{"@context":"https:\/\/schema.org","@graph":[{"@type":"WebPage","@id":"https:\/\/www.hiperbaric.com\/es\/compresion-h2\/equipo-de-compresion\/","url":"https:\/\/www.hiperbaric.com\/es\/compresion-h2\/equipo-de-compresion\/","name":"Grupos compresores de hidr\u00f3geno modulares y escalables - Hiperbaric","isPartOf":{"@id":"https:\/\/www.hiperbaric.com\/en\/#website"},"primaryImageOfPage":{"@id":"https:\/\/www.hiperbaric.com\/es\/compresion-h2\/equipo-de-compresion\/#primaryimage"},"image":{"@id":"https:\/\/www.hiperbaric.com\/es\/compresion-h2\/equipo-de-compresion\/#primaryimage"},"thumbnailUrl":"https:\/\/www.hiperbaric.com\/wp-content\/uploads\/2025\/11\/Hiperbaric-H2-compressor-Group-SIN-PUERTAS.png","datePublished":"2021-10-15T07:17:19+00:00","dateModified":"2026-01-23T11:11:14+00:00","description":"La tecnolog\u00eda de compresi\u00f3n de hidr\u00f3geno se compone de una gama de grupos compresores que ofrecen una soluci\u00f3n completa Plug&Play, para dispensar H2 comprimido a altas presiones de forma segura, eficiente y fiable.","breadcrumb":{"@id":"https:\/\/www.hiperbaric.com\/es\/compresion-h2\/equipo-de-compresion\/#breadcrumb"},"inLanguage":"es","potentialAction":[{"@type":"ReadAction","target":["https:\/\/www.hiperbaric.com\/es\/compresion-h2\/equipo-de-compresion\/"]}]},{"@type":"ImageObject","inLanguage":"es","@id":"https:\/\/www.hiperbaric.com\/es\/compresion-h2\/equipo-de-compresion\/#primaryimage","url":"https:\/\/www.hiperbaric.com\/wp-content\/uploads\/2025\/11\/Hiperbaric-H2-compressor-Group-SIN-PUERTAS.png","contentUrl":"https:\/\/www.hiperbaric.com\/wp-content\/uploads\/2025\/11\/Hiperbaric-H2-compressor-Group-SIN-PUERTAS.png"},{"@type":"BreadcrumbList","@id":"https:\/\/www.hiperbaric.com\/es\/compresion-h2\/equipo-de-compresion\/#breadcrumb","itemListElement":[{"@type":"ListItem","position":1,"name":"Home","item":"https:\/\/www.hiperbaric.com\/es\/"},{"@type":"ListItem","position":2,"name":"Compresi\u00f3n H2","item":"https:\/\/www.hiperbaric.com\/es\/compresion-h2\/"},{"@type":"ListItem","position":3,"name":"Equipos"}]},{"@type":"WebSite","@id":"https:\/\/www.hiperbaric.com\/en\/#website","url":"https:\/\/www.hiperbaric.com\/en\/","name":"Hiperbaric","description":"Procesado para la conservaci\u00f3n de alimentos","publisher":{"@id":"https:\/\/www.hiperbaric.com\/en\/#organization"},"potentialAction":[{"@type":"SearchAction","target":{"@type":"EntryPoint","urlTemplate":"https:\/\/www.hiperbaric.com\/en\/?s={search_term_string}"},"query-input":"required name=search_term_string"}],"inLanguage":"es"},{"@type":"Organization","@id":"https:\/\/www.hiperbaric.com\/en\/#organization","name":"Hiperbaric","url":"https:\/\/www.hiperbaric.com\/en\/","logo":{"@type":"ImageObject","inLanguage":"es","@id":"https:\/\/www.hiperbaric.com\/en\/#\/schema\/logo\/image\/","url":"https:\/\/www.hiperbaric.com\/wp-content\/uploads\/2026\/01\/cropped-hiperbaric-logotipo-1-2.png","contentUrl":"https:\/\/www.hiperbaric.com\/wp-content\/uploads\/2026\/01\/cropped-hiperbaric-logotipo-1-2.png","width":340,"height":72,"caption":"Hiperbaric"},"image":{"@id":"https:\/\/www.hiperbaric.com\/en\/#\/schema\/logo\/image\/"}}]}},"_links":{"self":[{"href":"https:\/\/www.hiperbaric.com\/es\/wp-json\/wp\/v2\/pages\/33277"}],"collection":[{"href":"https:\/\/www.hiperbaric.com\/es\/wp-json\/wp\/v2\/pages"}],"about":[{"href":"https:\/\/www.hiperbaric.com\/es\/wp-json\/wp\/v2\/types\/page"}],"author":[{"embeddable":true,"href":"https:\/\/www.hiperbaric.com\/es\/wp-json\/wp\/v2\/users\/1"}],"replies":[{"embeddable":true,"href":"https:\/\/www.hiperbaric.com\/es\/wp-json\/wp\/v2\/comments?post=33277"}],"version-history":[{"count":3,"href":"https:\/\/www.hiperbaric.com\/es\/wp-json\/wp\/v2\/pages\/33277\/revisions"}],"predecessor-version":[{"id":66553,"href":"https:\/\/www.hiperbaric.com\/es\/wp-json\/wp\/v2\/pages\/33277\/revisions\/66553"}],"up":[{"embeddable":true,"href":"https:\/\/www.hiperbaric.com\/es\/wp-json\/wp\/v2\/pages\/28367"}],"wp:attachment":[{"href":"https:\/\/www.hiperbaric.com\/es\/wp-json\/wp\/v2\/media?parent=33277"}],"curies":[{"name":"wp","href":"https:\/\/api.w.org\/{rel}","templated":true}]}}