{"id":32960,"date":"2021-10-08T10:05:24","date_gmt":"2021-10-08T08:05:24","guid":{"rendered":"https:\/\/www.hiperbaric.com\/?page_id=32960"},"modified":"2021-10-08T12:10:22","modified_gmt":"2021-10-08T10:10:22","slug":"webinar-innovating-pharma-and-cosmetic-products-using-hpp","status":"publish","type":"page","link":"https:\/\/www.hiperbaric.com\/es\/tecnologia-hpp\/recursos-hpp\/webinars\/webinar-innovating-pharma-and-cosmetic-products-using-hpp\/","title":{"rendered":"WEBINAR | Innovating Pharma &#038; Cosmetic Products Using HPP"},"content":{"rendered":"\n\t<p>La industria farmac\u00e9utica est\u00e1 empezando a beneficiarse de las ventajas que ofrece la tecnolog\u00eda HPP. En los \u00faltimos a\u00f1os ha aumentado el inter\u00e9s por le procesado por altas presiones para el desarrollo y conservaci\u00f3n de productos farmac\u00e9uticos, as\u00ed como la investigaci\u00f3n de nuevas vacunas y f\u00e1rmacos. Esta tecnolog\u00eda puede ayudar a aumentar a\u00fan m\u00e1s la seguridad de los productos farmac\u00e9uticos ya est\u00e9riles, gracias a un paso de inactivaci\u00f3n microbiol\u00f3gica adicional despu\u00e9s del envasado. Otra aplicaci\u00f3n potencial tras la inactivaci\u00f3n microbiol\u00f3gica proporcionada por HPP, incluye el desarrollo de nuevas vacunas con pat\u00f3genos inactivados por presi\u00f3n, pero conservando o incluso mejorando su inmunogenicidad.<\/p>\n<p>En productos cosm\u00e9ticos, HPP ofrece la posibilidad de desarrollar productos con ingredientes naturales, org\u00e1nicos y ecol\u00f3gicos. La principal ventaja de HPP para esta aplicaci\u00f3n es que mantiene el color y la textura, permitiendo el desarrollo de f\u00f3rmulas libres de aditivos qu\u00edmicos. Gracias a la inactivaci\u00f3n de pat\u00f3genos proporcionada por HPP, es posible desarrollar productos cosm\u00e9ticos microbiol\u00f3gicamente seguros con una vida \u00fatil m\u00e1s larga, preservando la funcionalidad y actividad de sus mol\u00e9culas.<\/p>\n<p>Este webinar brinda una gran oportunidad para escuchar a dos empresas que ya utilizan la tecnolog\u00eda para productos cosm\u00e9ticos y farmac\u00e9uticos, y a un profesor de universidad inmerso en numerosos proyectos de investigaci\u00f3n relacionados con HPP que explicar\u00e1 los diferentes usos de esta tecnolog\u00eda para inactivar bacterias o virus manteniendo su inmunogenicidad para nuevas vacunas.<\/p>\n<p><strong>En este webinar aprender\u00e1s sobre:<\/strong><\/p>\n<ul>\n<li>Introducci\u00f3n al procesado por alta presi\u00f3n (HPP) para productos farmac\u00e9uticos y cosm\u00e9ticos<\/li>\n<li>Caso de \u00e9xito presentado por Lycolab, una empresa espa\u00f1ola que ofrece biocol\u00e1geno HPP<\/li>\n<li>Caso de \u00e9xito presentado por Bioluz, un laboratorio farmac\u00e9utico franc\u00e9s que aplica HPP a sus productos<\/li>\n<li>\u00daltimos avances en el desarrollo de nuevas vacunas explicados por el Dr. Saraiva de la Universidad de Aveiro<\/li>\n<\/ul>\n<p><strong>Idioma: <\/strong>English <img decoding=\"async\" loading=\"lazy\" src=\"https:\/\/www.hiperbaric.com\/wp-content\/uploads\/2020\/08\/icono-ingl\u00e9s-webinars-276x300.jpg\" alt=\"\" width=\"65\" height=\"71\" \/><\/p>\n\t\t<h3>\u00a1Reg\u00edstrate gratis!<\/h3>\t\t\n\t\t\t<p>Todos los registrados recibir\u00e1n la grabaci\u00f3n del webinar en su email\u00a0<\/p>\t\t\n\t<iframe loading=\"lazy\" src=\"https:\/\/forms.marketing.hiperbaric.com\/l\/881883\/2020-08-24\/d1h?Language=Spanish&#038;URL=uDdtsFpUx6g&#038;Business_line=HPP&#038;Source_text=Pharma%20Cosmetics%20Webinar%20Recording\" type=\"text\/html\" allowtransparency=\"true\" width=\"100%\" height=\"500\" frameborder=\"0\"><\/iframe> \n<h3>\n\tPonentes\n\t<\/h3>\n\t\t\t\t<img decoding=\"async\" loading=\"lazy\" src=\"https:\/\/www.hiperbaric.com\/wp-content\/uploads\/2021\/10\/Carole-Tonello.png\" alt=\"Carole Tonello\" itemprop=\"image\" height=\"1080\" width=\"1080\" title=\"Carole Tonello\" onerror=\"this.style.display='none'\"  \/>\n\t<strong>Dra. Carole Tonello<br \/>\n<\/strong>VP of Business Development\n\t<p><img decoding=\"async\" loading=\"lazy\" src=\"https:\/\/www.hiperbaric.com\/wp-content\/uploads\/2021\/08\/H-HighPressureProcessing-300x104.png\" alt=\"\" width=\"300\" height=\"104\" \/><\/p>\n\t\t\t\t<img decoding=\"async\" loading=\"lazy\" src=\"https:\/\/www.hiperbaric.com\/wp-content\/uploads\/2021\/10\/Iker-portugal-grey-bg.png\" alt=\"Iker portugal lycolab grey bg\" itemprop=\"image\" height=\"1080\" width=\"1080\" title=\"Iker portugal lycolab grey bg\" onerror=\"this.style.display='none'\"  \/>\n\t<strong>Iker Portugal<\/strong><br \/>\nCo-Fundador<br \/>\n\n\t<p><img decoding=\"async\" loading=\"lazy\" src=\"https:\/\/www.hiperbaric.com\/wp-content\/uploads\/2021\/10\/lycolab-logo-recortado-1-300x110.png\" alt=\"\" width=\"200\" height=\"73\" \/><\/p>\n\t\t\t\t<img decoding=\"async\" loading=\"lazy\" src=\"https:\/\/www.hiperbaric.com\/wp-content\/uploads\/2021\/10\/pierre-combroux-grey-bg.png\" alt=\"pierre combroux bioluz grey bg\" itemprop=\"image\" height=\"1080\" width=\"1080\" title=\"pierre combroux bioluz grey bg\" onerror=\"this.style.display='none'\"  \/>\n\t<strong>Pierre Combroux<br \/>\n<\/strong>CEO\n\t<p><img decoding=\"async\" loading=\"lazy\" src=\"https:\/\/www.hiperbaric.com\/wp-content\/uploads\/2021\/08\/logobioluz1621517719162151771916215177341621517734.png\" alt=\"\" width=\"200\" height=\"56\" \/><\/p>\n\n\t\t\t\t<img decoding=\"async\" loading=\"lazy\" src=\"https:\/\/www.hiperbaric.com\/wp-content\/uploads\/2021\/10\/Jorge-Saraiva-grey-bg.png\" alt=\"Jorge Saraiva grey bg\" itemprop=\"image\" height=\"1080\" width=\"1080\" title=\"Jorge Saraiva grey bg\" onerror=\"this.style.display='none'\"  \/>\n\t<strong>Dr. Jorge Saraiva<br \/>\n<\/strong>Profesor Asociado\n\t<p><img decoding=\"async\" loading=\"lazy\" src=\"https:\/\/www.hiperbaric.com\/wp-content\/uploads\/2021\/10\/UA-logo-recortado-300x104.png\" alt=\"\" width=\"200\" height=\"70\" \/><\/p>\n","protected":false},"excerpt":{"rendered":"<p>La industria farmac\u00e9utica est\u00e1 empezando a beneficiarse de las ventajas que ofrece la tecnolog\u00eda HPP. En los \u00faltimos a\u00f1os ha aumentado el inter\u00e9s por le procesado por altas presiones para el desarrollo y conservaci\u00f3n de productos farmac\u00e9uticos, as\u00ed como la investigaci\u00f3n de nuevas vacunas y f\u00e1rmacos. Esta tecnolog\u00eda puede ayudar a aumentar a\u00fan m\u00e1s la&#8230;<\/p>\n","protected":false},"author":6,"featured_media":0,"parent":20866,"menu_order":0,"comment_status":"closed","ping_status":"closed","template":"","meta":{"om_disable_all_campaigns":false,"inline_featured_image":false,"_monsterinsights_skip_tracking":false,"_monsterinsights_sitenote_active":false,"_monsterinsights_sitenote_note":"","_monsterinsights_sitenote_category":0,"footnotes":"","_wp_rev_ctl_limit":""},"acf":[],"yoast_head":"<!-- This site is optimized with the Yoast SEO plugin v22.4 - https:\/\/yoast.com\/wordpress\/plugins\/seo\/ -->\n<title>WEBINAR | Innovating Pharma &amp; Cosmetic Products Using HPP - Hiperbaric<\/title>\n<meta name=\"robots\" content=\"index, follow, max-snippet:-1, max-image-preview:large, max-video-preview:-1\" \/>\n<link rel=\"canonical\" href=\"https:\/\/www.hiperbaric.com\/es\/tecnologia-hpp\/recursos-hpp\/webinars\/webinar-innovating-pharma-and-cosmetic-products-using-hpp\/\" \/>\n<meta property=\"og:locale\" content=\"es_ES\" \/>\n<meta property=\"og:type\" content=\"article\" \/>\n<meta property=\"og:title\" content=\"WEBINAR | Innovating Pharma &amp; Cosmetic Products Using HPP - Hiperbaric\" \/>\n<meta property=\"og:description\" content=\"La industria farmac\u00e9utica est\u00e1 empezando a beneficiarse de las ventajas que ofrece la tecnolog\u00eda HPP. En los \u00faltimos a\u00f1os ha aumentado el inter\u00e9s por le procesado por altas presiones para el desarrollo y conservaci\u00f3n de productos farmac\u00e9uticos, as\u00ed como la investigaci\u00f3n de nuevas vacunas y f\u00e1rmacos. Esta tecnolog\u00eda puede ayudar a aumentar a\u00fan m\u00e1s la...\" \/>\n<meta property=\"og:url\" content=\"https:\/\/www.hiperbaric.com\/es\/tecnologia-hpp\/recursos-hpp\/webinars\/webinar-innovating-pharma-and-cosmetic-products-using-hpp\/\" \/>\n<meta property=\"og:site_name\" content=\"Hiperbaric\" \/>\n<meta property=\"article:modified_time\" content=\"2021-10-08T10:10:22+00:00\" \/>\n<meta property=\"og:image\" content=\"https:\/\/www.hiperbaric.com\/wp-content\/uploads\/2021\/10\/Carole-Tonello.png\" \/>\n<meta name=\"twitter:card\" content=\"summary_large_image\" \/>\n<meta name=\"twitter:label1\" content=\"Tiempo de lectura\" \/>\n\t<meta name=\"twitter:data1\" content=\"2 minutos\" \/>\n<script type=\"application\/ld+json\" class=\"yoast-schema-graph\">{\"@context\":\"https:\/\/schema.org\",\"@graph\":[{\"@type\":\"WebPage\",\"@id\":\"https:\/\/www.hiperbaric.com\/es\/tecnologia-hpp\/recursos-hpp\/webinars\/webinar-innovating-pharma-and-cosmetic-products-using-hpp\/\",\"url\":\"https:\/\/www.hiperbaric.com\/es\/tecnologia-hpp\/recursos-hpp\/webinars\/webinar-innovating-pharma-and-cosmetic-products-using-hpp\/\",\"name\":\"WEBINAR | Innovating Pharma & Cosmetic Products Using HPP - Hiperbaric\",\"isPartOf\":{\"@id\":\"https:\/\/www.hiperbaric.com\/en\/#website\"},\"primaryImageOfPage\":{\"@id\":\"https:\/\/www.hiperbaric.com\/es\/tecnologia-hpp\/recursos-hpp\/webinars\/webinar-innovating-pharma-and-cosmetic-products-using-hpp\/#primaryimage\"},\"image\":{\"@id\":\"https:\/\/www.hiperbaric.com\/es\/tecnologia-hpp\/recursos-hpp\/webinars\/webinar-innovating-pharma-and-cosmetic-products-using-hpp\/#primaryimage\"},\"thumbnailUrl\":\"https:\/\/www.hiperbaric.com\/wp-content\/uploads\/2021\/10\/Carole-Tonello.png\",\"datePublished\":\"2021-10-08T08:05:24+00:00\",\"dateModified\":\"2021-10-08T10:10:22+00:00\",\"breadcrumb\":{\"@id\":\"https:\/\/www.hiperbaric.com\/es\/tecnologia-hpp\/recursos-hpp\/webinars\/webinar-innovating-pharma-and-cosmetic-products-using-hpp\/#breadcrumb\"},\"inLanguage\":\"es\",\"potentialAction\":[{\"@type\":\"ReadAction\",\"target\":[\"https:\/\/www.hiperbaric.com\/es\/tecnologia-hpp\/recursos-hpp\/webinars\/webinar-innovating-pharma-and-cosmetic-products-using-hpp\/\"]}]},{\"@type\":\"ImageObject\",\"inLanguage\":\"es\",\"@id\":\"https:\/\/www.hiperbaric.com\/es\/tecnologia-hpp\/recursos-hpp\/webinars\/webinar-innovating-pharma-and-cosmetic-products-using-hpp\/#primaryimage\",\"url\":\"https:\/\/www.hiperbaric.com\/wp-content\/uploads\/2021\/10\/Carole-Tonello.png\",\"contentUrl\":\"https:\/\/www.hiperbaric.com\/wp-content\/uploads\/2021\/10\/Carole-Tonello.png\"},{\"@type\":\"BreadcrumbList\",\"@id\":\"https:\/\/www.hiperbaric.com\/es\/tecnologia-hpp\/recursos-hpp\/webinars\/webinar-innovating-pharma-and-cosmetic-products-using-hpp\/#breadcrumb\",\"itemListElement\":[{\"@type\":\"ListItem\",\"position\":1,\"name\":\"Home\",\"item\":\"https:\/\/www.hiperbaric.com\/es\/\"},{\"@type\":\"ListItem\",\"position\":2,\"name\":\"Tecnolog\u00eda HPP\",\"item\":\"https:\/\/www.hiperbaric.com\/es\/tecnologia-hpp\/\"},{\"@type\":\"ListItem\",\"position\":3,\"name\":\"Recursos Tecnolog\u00eda HPP\",\"item\":\"https:\/\/www.hiperbaric.com\/es\/tecnologia-hpp\/recursos-hpp\/\"},{\"@type\":\"ListItem\",\"position\":4,\"name\":\"Webinars\",\"item\":\"https:\/\/www.hiperbaric.com\/es\/tecnologia-hpp\/recursos-hpp\/webinars\/\"},{\"@type\":\"ListItem\",\"position\":5,\"name\":\"WEBINAR | Innovating Pharma &#038; Cosmetic Products Using HPP\"}]},{\"@type\":\"WebSite\",\"@id\":\"https:\/\/www.hiperbaric.com\/en\/#website\",\"url\":\"https:\/\/www.hiperbaric.com\/en\/\",\"name\":\"Hiperbaric\",\"description\":\"Procesado para la conservaci\u00f3n de alimentos\",\"publisher\":{\"@id\":\"https:\/\/www.hiperbaric.com\/en\/#organization\"},\"potentialAction\":[{\"@type\":\"SearchAction\",\"target\":{\"@type\":\"EntryPoint\",\"urlTemplate\":\"https:\/\/www.hiperbaric.com\/en\/?s={search_term_string}\"},\"query-input\":\"required name=search_term_string\"}],\"inLanguage\":\"es\"},{\"@type\":\"Organization\",\"@id\":\"https:\/\/www.hiperbaric.com\/en\/#organization\",\"name\":\"Hiperbaric\",\"url\":\"https:\/\/www.hiperbaric.com\/en\/\",\"logo\":{\"@type\":\"ImageObject\",\"inLanguage\":\"es\",\"@id\":\"https:\/\/www.hiperbaric.com\/en\/#\/schema\/logo\/image\/\",\"url\":\"https:\/\/www.hiperbaric.com\/wp-content\/uploads\/2026\/01\/cropped-hiperbaric-logotipo-1-2.png\",\"contentUrl\":\"https:\/\/www.hiperbaric.com\/wp-content\/uploads\/2026\/01\/cropped-hiperbaric-logotipo-1-2.png\",\"width\":340,\"height\":72,\"caption\":\"Hiperbaric\"},\"image\":{\"@id\":\"https:\/\/www.hiperbaric.com\/en\/#\/schema\/logo\/image\/\"}}]}<\/script>\n<!-- \/ Yoast SEO plugin. -->","yoast_head_json":{"title":"WEBINAR | Innovating Pharma & Cosmetic Products Using HPP - Hiperbaric","robots":{"index":"index","follow":"follow","max-snippet":"max-snippet:-1","max-image-preview":"max-image-preview:large","max-video-preview":"max-video-preview:-1"},"canonical":"https:\/\/www.hiperbaric.com\/es\/tecnologia-hpp\/recursos-hpp\/webinars\/webinar-innovating-pharma-and-cosmetic-products-using-hpp\/","og_locale":"es_ES","og_type":"article","og_title":"WEBINAR | Innovating Pharma & Cosmetic Products Using HPP - Hiperbaric","og_description":"La industria farmac\u00e9utica est\u00e1 empezando a beneficiarse de las ventajas que ofrece la tecnolog\u00eda HPP. En los \u00faltimos a\u00f1os ha aumentado el inter\u00e9s por le procesado por altas presiones para el desarrollo y conservaci\u00f3n de productos farmac\u00e9uticos, as\u00ed como la investigaci\u00f3n de nuevas vacunas y f\u00e1rmacos. Esta tecnolog\u00eda puede ayudar a aumentar a\u00fan m\u00e1s la...","og_url":"https:\/\/www.hiperbaric.com\/es\/tecnologia-hpp\/recursos-hpp\/webinars\/webinar-innovating-pharma-and-cosmetic-products-using-hpp\/","og_site_name":"Hiperbaric","article_modified_time":"2021-10-08T10:10:22+00:00","og_image":[{"url":"https:\/\/www.hiperbaric.com\/wp-content\/uploads\/2021\/10\/Carole-Tonello.png"}],"twitter_card":"summary_large_image","twitter_misc":{"Tiempo de lectura":"2 minutos"},"schema":{"@context":"https:\/\/schema.org","@graph":[{"@type":"WebPage","@id":"https:\/\/www.hiperbaric.com\/es\/tecnologia-hpp\/recursos-hpp\/webinars\/webinar-innovating-pharma-and-cosmetic-products-using-hpp\/","url":"https:\/\/www.hiperbaric.com\/es\/tecnologia-hpp\/recursos-hpp\/webinars\/webinar-innovating-pharma-and-cosmetic-products-using-hpp\/","name":"WEBINAR | Innovating Pharma & Cosmetic Products Using HPP - Hiperbaric","isPartOf":{"@id":"https:\/\/www.hiperbaric.com\/en\/#website"},"primaryImageOfPage":{"@id":"https:\/\/www.hiperbaric.com\/es\/tecnologia-hpp\/recursos-hpp\/webinars\/webinar-innovating-pharma-and-cosmetic-products-using-hpp\/#primaryimage"},"image":{"@id":"https:\/\/www.hiperbaric.com\/es\/tecnologia-hpp\/recursos-hpp\/webinars\/webinar-innovating-pharma-and-cosmetic-products-using-hpp\/#primaryimage"},"thumbnailUrl":"https:\/\/www.hiperbaric.com\/wp-content\/uploads\/2021\/10\/Carole-Tonello.png","datePublished":"2021-10-08T08:05:24+00:00","dateModified":"2021-10-08T10:10:22+00:00","breadcrumb":{"@id":"https:\/\/www.hiperbaric.com\/es\/tecnologia-hpp\/recursos-hpp\/webinars\/webinar-innovating-pharma-and-cosmetic-products-using-hpp\/#breadcrumb"},"inLanguage":"es","potentialAction":[{"@type":"ReadAction","target":["https:\/\/www.hiperbaric.com\/es\/tecnologia-hpp\/recursos-hpp\/webinars\/webinar-innovating-pharma-and-cosmetic-products-using-hpp\/"]}]},{"@type":"ImageObject","inLanguage":"es","@id":"https:\/\/www.hiperbaric.com\/es\/tecnologia-hpp\/recursos-hpp\/webinars\/webinar-innovating-pharma-and-cosmetic-products-using-hpp\/#primaryimage","url":"https:\/\/www.hiperbaric.com\/wp-content\/uploads\/2021\/10\/Carole-Tonello.png","contentUrl":"https:\/\/www.hiperbaric.com\/wp-content\/uploads\/2021\/10\/Carole-Tonello.png"},{"@type":"BreadcrumbList","@id":"https:\/\/www.hiperbaric.com\/es\/tecnologia-hpp\/recursos-hpp\/webinars\/webinar-innovating-pharma-and-cosmetic-products-using-hpp\/#breadcrumb","itemListElement":[{"@type":"ListItem","position":1,"name":"Home","item":"https:\/\/www.hiperbaric.com\/es\/"},{"@type":"ListItem","position":2,"name":"Tecnolog\u00eda HPP","item":"https:\/\/www.hiperbaric.com\/es\/tecnologia-hpp\/"},{"@type":"ListItem","position":3,"name":"Recursos Tecnolog\u00eda HPP","item":"https:\/\/www.hiperbaric.com\/es\/tecnologia-hpp\/recursos-hpp\/"},{"@type":"ListItem","position":4,"name":"Webinars","item":"https:\/\/www.hiperbaric.com\/es\/tecnologia-hpp\/recursos-hpp\/webinars\/"},{"@type":"ListItem","position":5,"name":"WEBINAR | Innovating Pharma &#038; Cosmetic Products Using HPP"}]},{"@type":"WebSite","@id":"https:\/\/www.hiperbaric.com\/en\/#website","url":"https:\/\/www.hiperbaric.com\/en\/","name":"Hiperbaric","description":"Procesado para la conservaci\u00f3n de alimentos","publisher":{"@id":"https:\/\/www.hiperbaric.com\/en\/#organization"},"potentialAction":[{"@type":"SearchAction","target":{"@type":"EntryPoint","urlTemplate":"https:\/\/www.hiperbaric.com\/en\/?s={search_term_string}"},"query-input":"required name=search_term_string"}],"inLanguage":"es"},{"@type":"Organization","@id":"https:\/\/www.hiperbaric.com\/en\/#organization","name":"Hiperbaric","url":"https:\/\/www.hiperbaric.com\/en\/","logo":{"@type":"ImageObject","inLanguage":"es","@id":"https:\/\/www.hiperbaric.com\/en\/#\/schema\/logo\/image\/","url":"https:\/\/www.hiperbaric.com\/wp-content\/uploads\/2026\/01\/cropped-hiperbaric-logotipo-1-2.png","contentUrl":"https:\/\/www.hiperbaric.com\/wp-content\/uploads\/2026\/01\/cropped-hiperbaric-logotipo-1-2.png","width":340,"height":72,"caption":"Hiperbaric"},"image":{"@id":"https:\/\/www.hiperbaric.com\/en\/#\/schema\/logo\/image\/"}}]}},"_links":{"self":[{"href":"https:\/\/www.hiperbaric.com\/es\/wp-json\/wp\/v2\/pages\/32960"}],"collection":[{"href":"https:\/\/www.hiperbaric.com\/es\/wp-json\/wp\/v2\/pages"}],"about":[{"href":"https:\/\/www.hiperbaric.com\/es\/wp-json\/wp\/v2\/types\/page"}],"author":[{"embeddable":true,"href":"https:\/\/www.hiperbaric.com\/es\/wp-json\/wp\/v2\/users\/6"}],"replies":[{"embeddable":true,"href":"https:\/\/www.hiperbaric.com\/es\/wp-json\/wp\/v2\/comments?post=32960"}],"version-history":[{"count":0,"href":"https:\/\/www.hiperbaric.com\/es\/wp-json\/wp\/v2\/pages\/32960\/revisions"}],"up":[{"embeddable":true,"href":"https:\/\/www.hiperbaric.com\/es\/wp-json\/wp\/v2\/pages\/20866"}],"wp:attachment":[{"href":"https:\/\/www.hiperbaric.com\/es\/wp-json\/wp\/v2\/media?parent=32960"}],"curies":[{"name":"wp","href":"https:\/\/api.w.org\/{rel}","templated":true}]}}