{"id":32777,"date":"2021-09-15T10:28:45","date_gmt":"2021-09-15T08:28:45","guid":{"rendered":"https:\/\/www.hiperbaric.com\/?page_id=32777"},"modified":"2021-09-15T11:46:39","modified_gmt":"2021-09-15T09:46:39","slug":"sala-de-prensa","status":"publish","type":"page","link":"https:\/\/www.hiperbaric.com\/es\/compresion-h2\/recursos-tecnologia-h2\/sala-de-prensa\/","title":{"rendered":"Sala de prensa"},"content":{"rendered":"\n\t<p><strong>NOTAS DE PRENSA<\/strong><\/p>\n\t<div class = \"section__prensa\"> <div class=\"row\"><div class=\"col-md-4 section__prensa-square\"><div class=\"section__prensa-square-inner\"><div class=\"section__prensa-img\"><a href=\"https:\/\/www.hiperbaric.com\/es\/hiperbaric-impulsa-la-infraestructura-del-hidrogeno-verde-en-hyvolution-paris-2026-con-tecnologia-de-compresion-de-hasta-1-000-bar\/\"><img src=\"https:\/\/www.hiperbaric.com\/wp-content\/uploads\/2026\/01\/Hyvolution-Hiperbaric.png\"><\/a><\/div><div class=\"row\"><div class=\"col-12 section__prensa-info\"><a href=\"https:\/\/www.hiperbaric.com\/es\/hiperbaric-impulsa-la-infraestructura-del-hidrogeno-verde-en-hyvolution-paris-2026-con-tecnologia-de-compresion-de-hasta-1-000-bar\/\" class=\"section__prensa-title\">Hiperbaric impulsa la infraestructura del hidr\u00f3geno verde e...<\/a>\n                    <p class=\"section__prensa-date\">16 Ene 2026<\/p>\n                    <p class=\"section__prensa-description\">La multinacional espa\u00f1ola, l\u00edder en tecnolog\u00edas de altas presiones, presenta sus soluciones avanzadas para movilidad ...<\/p>\n                    <div class=\"section__prensa-more\"><a href=\"https:\/\/www.hiperbaric.com\/es\/hiperbaric-impulsa-la-infraestructura-del-hidrogeno-verde-en-hyvolution-paris-2026-con-tecnologia-de-compresion-de-hasta-1-000-bar\/\">Leer m\u00e1s &gt;<\/a><\/div><\/div><\/div><\/div><\/div><div class=\"col-md-4 section__prensa-square\"><div class=\"section__prensa-square-inner\"><div class=\"section__prensa-img\"><a href=\"https:\/\/www.hiperbaric.com\/es\/hiperbaric-preve-crecer-un-12-en-2025-y-alcanzar-record-de-ventas\/\"><img src=\"https:\/\/www.hiperbaric.com\/wp-content\/uploads\/2026\/01\/Sede-de-Hiperbaric-en-Burgos-Espana_lowres.jpg\"><\/a><\/div><div class=\"row\"><div class=\"col-12 section__prensa-info\"><a href=\"https:\/\/www.hiperbaric.com\/es\/hiperbaric-preve-crecer-un-12-en-2025-y-alcanzar-record-de-ventas\/\" class=\"section__prensa-title\">Hiperbaric prev\u00e9 crecer un 12% en 2025 y alcanzar r\u00e9cord d...<\/a>\n                    <p class=\"section__prensa-date\">28 Dic 2025<\/p>\n                    <p class=\"section__prensa-description\">La compa\u00f1\u00eda tiene previsto facturar 86 millones de euros por la buena marcha del negocio frente a los 77 millones de 2...<\/p>\n                    <div class=\"section__prensa-more\"><a href=\"https:\/\/www.hiperbaric.com\/es\/hiperbaric-preve-crecer-un-12-en-2025-y-alcanzar-record-de-ventas\/\">Leer m\u00e1s &gt;<\/a><\/div><\/div><\/div><\/div><\/div><div class=\"col-md-4 section__prensa-square\"><div class=\"section__prensa-square-inner\"><div class=\"section__prensa-img\"><a href=\"https:\/\/www.hiperbaric.com\/es\/hiperbaric-obtiene-el-sello-calculo-y-reduzco-del-miteco-por-la-reduccion-de-sus-emisiones\/\"><img src=\"https:\/\/www.hiperbaric.com\/wp-content\/uploads\/2025\/12\/Miniatura-Blog-post-4.jpg\"><\/a><\/div><div class=\"row\"><div class=\"col-12 section__prensa-info\"><a href=\"https:\/\/www.hiperbaric.com\/es\/hiperbaric-obtiene-el-sello-calculo-y-reduzco-del-miteco-por-la-reduccion-de-sus-emisiones\/\" class=\"section__prensa-title\">Hiperbaric obtiene el Sello Calculo y Reduzco del Miteco por...<\/a>\n                    <p class=\"section__prensa-date\">16 Dic 2025<\/p>\n                    <p class=\"section__prensa-description\">La compa\u00f1\u00eda burgalesa disminuye un 23,2 % su intensidad de emisi\u00f3n media en el trienio 2022-2024, validando su estrat...<\/p>\n                    <div class=\"section__prensa-more\"><a href=\"https:\/\/www.hiperbaric.com\/es\/hiperbaric-obtiene-el-sello-calculo-y-reduzco-del-miteco-por-la-reduccion-de-sus-emisiones\/\">Leer m\u00e1s &gt;<\/a><\/div><\/div><\/div><\/div><\/div><\/div><\/div>\n\tPARA CONTACTAR CON EL DEPARTAMENTO DE COMUNICACI\u00d3N, PUEDE ESCRIBIRNOS A:<br \/>\n<a href=\"mailto:marketing@hiperbaric.com\">marketing@hiperbaric.com<\/a><br \/>\n\n\t<p><strong>HABLAN DE NOSOTROS<\/strong><\/p>\nPuedes descubrir a Hiperbaric en estos medios de comunicaci\u00f3n:<br \/>\n\n\t\t\t\t<a href=\"#\" target=\"_self\" itemprop=\"url\" rel=\"noopener noreferrer\">\n\t\t\t\t<img decoding=\"async\" loading=\"lazy\" src=\"https:\/\/www.hiperbaric.com\/wp-content\/uploads\/2020\/07\/foodsafety.png\" alt=\"foodsafety\" itemprop=\"image\" height=\"85\" width=\"294\" title=\"foodsafety\" onerror=\"this.style.display='none'\"  \/>\n\t\t\t\t\t\t<\/a>\n\t\t\t\t<a href=\"#\" target=\"_self\" itemprop=\"url\" rel=\"noopener noreferrer\">\n\t\t\t\t<img decoding=\"async\" loading=\"lazy\" src=\"https:\/\/www.hiperbaric.com\/wp-content\/uploads\/2020\/07\/foodworld.png\" alt=\"foodworld\" itemprop=\"image\" height=\"93\" width=\"248\" title=\"foodworld\" onerror=\"this.style.display='none'\"  \/>\n\t\t\t\t\t\t<\/a>\n\t\t\t\t<a href=\"#\" target=\"_self\" itemprop=\"url\" rel=\"noopener noreferrer\">\n\t\t\t\t<img decoding=\"async\" loading=\"lazy\" src=\"https:\/\/www.hiperbaric.com\/wp-content\/uploads\/2020\/07\/petfood.png\" alt=\"petfood\" itemprop=\"image\" height=\"129\" width=\"306\" title=\"petfood\" onerror=\"this.style.display='none'\"  \/>\n\t\t\t\t\t\t<\/a>\n\t\t\t\t<a href=\"#\" target=\"_self\" itemprop=\"url\" rel=\"noopener noreferrer\">\n\t\t\t\t<img decoding=\"async\" loading=\"lazy\" src=\"https:\/\/www.hiperbaric.com\/wp-content\/uploads\/2020\/07\/beverageindustry.png\" alt=\"beverageindustry\" itemprop=\"image\" height=\"129\" width=\"192\" title=\"beverageindustry\" onerror=\"this.style.display='none'\"  \/>\n\t\t\t\t\t\t<\/a>\n\t\t\t\t<a href=\"#\" target=\"_self\" itemprop=\"url\" rel=\"noopener noreferrer\">\n\t\t\t\t<img decoding=\"async\" loading=\"lazy\" src=\"https:\/\/www.hiperbaric.com\/wp-content\/uploads\/2020\/07\/foodsafetystrategies.png\" alt=\"foodsafetystrategies\" itemprop=\"image\" height=\"135\" width=\"279\" title=\"foodsafetystrategies\" onerror=\"this.style.display='none'\"  \/>\n\t\t\t\t\t\t<\/a>\n\t\t\t\t<a href=\"#\" target=\"_self\" itemprop=\"url\" rel=\"noopener noreferrer\">\n\t\t\t\t<img decoding=\"async\" loading=\"lazy\" src=\"https:\/\/www.hiperbaric.com\/wp-content\/uploads\/2020\/07\/tecnifood.png\" alt=\"tecnifood\" itemprop=\"image\" height=\"70\" width=\"211\" title=\"tecnifood\" onerror=\"this.style.display='none'\"  \/>\n\t\t\t\t\t\t<\/a>\n\t<strong>ENCU\u00c9NTRANOS EN REDES SOCIALES<br \/>\n<\/strong>\nEstas son las redes sociales en las que podemos conversar. \u00bfNos sigues?<br \/>\n\n\t\t\t\t<img decoding=\"async\" loading=\"lazy\" src=\"https:\/\/www.hiperbaric.com\/wp-content\/uploads\/2020\/07\/tablet-2.png\" alt=\"tablet\" itemprop=\"image\" height=\"819\" width=\"885\" title=\"tablet\" onerror=\"this.style.display='none'\"  \/>\n\t\t\t\t<a href=\"https:\/\/www.linkedin.com\/company\/hiperbaric\/\" target=\"_blank\" rel=\"noopener noreferrer\" itemprop=\"url\">\n\t\t\t\t<img decoding=\"async\" loading=\"lazy\" src=\"https:\/\/www.hiperbaric.com\/wp-content\/uploads\/2020\/07\/linkedin.png\" alt=\"linkedin\" itemprop=\"image\" height=\"230\" width=\"186\" title=\"linkedin\" onerror=\"this.style.display='none'\"  \/>\n\t\t\t\t\t\t<\/a>\n\t\t\t\t<a href=\"https:\/\/www.youtube.com\/user\/HiperbaricHPP\/\" target=\"_blank\" rel=\"noopener noreferrer\" itemprop=\"url\">\n\t\t\t\t<img decoding=\"async\" loading=\"lazy\" src=\"https:\/\/www.hiperbaric.com\/wp-content\/uploads\/2020\/07\/youtube.png\" alt=\"youtube\" itemprop=\"image\" height=\"231\" width=\"186\" title=\"youtube\" onerror=\"this.style.display='none'\"  \/>\n\t\t\t\t\t\t<\/a>\n\t\t\t\t<a href=\"https:\/\/www.instagram.com\/hiperbaric\/?hl=es\" target=\"_blank\" rel=\"noopener noreferrer\" itemprop=\"url\">\n\t\t\t\t<img decoding=\"async\" loading=\"lazy\" src=\"https:\/\/www.hiperbaric.com\/wp-content\/uploads\/2020\/07\/instagram.png\" alt=\"instagram\" itemprop=\"image\" height=\"236\" width=\"186\" title=\"instagram\" onerror=\"this.style.display='none'\"  \/>\n\t\t\t\t\t\t<\/a>\n\t\t\t\t<a href=\"https:\/\/es-es.facebook.com\/HiperbaricHPP\/\" target=\"_blank\" rel=\"noopener noreferrer\" itemprop=\"url\">\n\t\t\t\t<img decoding=\"async\" loading=\"lazy\" src=\"https:\/\/www.hiperbaric.com\/wp-content\/uploads\/2020\/07\/facebook.png\" alt=\"facebook\" itemprop=\"image\" height=\"236\" width=\"186\" title=\"facebook\" onerror=\"this.style.display='none'\"  \/>\n\t\t\t\t\t\t<\/a>\n\t\t\t\t<a href=\"https:\/\/twitter.com\/hiperbarichpp\" target=\"_blank\" rel=\"noopener noreferrer\" itemprop=\"url\">\n\t\t\t\t<img decoding=\"async\" loading=\"lazy\" src=\"https:\/\/www.hiperbaric.com\/wp-content\/uploads\/2020\/07\/twitter.png\" alt=\"twitter\" itemprop=\"image\" height=\"231\" width=\"186\" title=\"twitter\" onerror=\"this.style.display='none'\"  \/>\n\t\t\t\t\t\t<\/a>\n","protected":false},"excerpt":{"rendered":"<p>La compa\u00f1\u00eda burgalesa disminuye un 23,2 % su intensidad de emisi\u00f3n media en el trienio 2022-2024, validando su estrategia de descarbonizaci\u00f3n y eficiencia energ\u00e9tica. El reconocimiento, otorgado por la Oficina Espa\u00f1ola de Cambio Clim\u00e1tico (OECC), certifica la transparencia y el rigor en la gesti\u00f3n de la huella de carbono en sus instalaciones de Burgos. Hiperbaric,&#8230;<\/p>\n","protected":false},"author":1,"featured_media":0,"parent":32763,"menu_order":0,"comment_status":"closed","ping_status":"closed","template":"","meta":{"om_disable_all_campaigns":false,"inline_featured_image":false,"_monsterinsights_skip_tracking":false,"_monsterinsights_sitenote_active":false,"_monsterinsights_sitenote_note":"","_monsterinsights_sitenote_category":0,"footnotes":"","_wp_rev_ctl_limit":""},"acf":[],"yoast_head":"<!-- This site is optimized with the Yoast SEO plugin v22.4 - https:\/\/yoast.com\/wordpress\/plugins\/seo\/ -->\n<title>Sala de prensa - Hiperbaric<\/title>\n<meta name=\"robots\" content=\"index, follow, max-snippet:-1, max-image-preview:large, max-video-preview:-1\" \/>\n<link rel=\"canonical\" href=\"https:\/\/www.hiperbaric.com\/es\/compresion-h2\/recursos-tecnologia-h2\/sala-de-prensa\/\" \/>\n<meta property=\"og:locale\" content=\"es_ES\" \/>\n<meta property=\"og:type\" content=\"article\" \/>\n<meta property=\"og:title\" content=\"Sala de prensa - Hiperbaric\" \/>\n<meta property=\"og:description\" content=\"NOTAS DE PRENSA PARA CONTACTAR CON EL DEPARTAMENTO DE COMUNICACI\u00d3N, PUEDE ESCRIBIRNOS A: marketing@hiperbaric.com HABLAN DE NOSOTROS Puedes descubrir a Hiperbaric en estos medios de comunicaci\u00f3n: ENCU\u00c9NTRANOS EN REDES SOCIALES Estas son las redes sociales en las que podemos conversar. \u00bfNos sigues?\" \/>\n<meta property=\"og:url\" content=\"https:\/\/www.hiperbaric.com\/es\/compresion-h2\/recursos-tecnologia-h2\/sala-de-prensa\/\" \/>\n<meta property=\"og:site_name\" content=\"Hiperbaric\" \/>\n<meta property=\"article:modified_time\" content=\"2021-09-15T09:46:39+00:00\" \/>\n<meta property=\"og:image\" content=\"https:\/\/www.hiperbaric.com\/wp-content\/uploads\/2020\/07\/foodsafety.png\" \/>\n<meta name=\"twitter:card\" content=\"summary_large_image\" \/>\n<script type=\"application\/ld+json\" class=\"yoast-schema-graph\">{\"@context\":\"https:\/\/schema.org\",\"@graph\":[{\"@type\":\"WebPage\",\"@id\":\"https:\/\/www.hiperbaric.com\/es\/compresion-h2\/recursos-tecnologia-h2\/sala-de-prensa\/\",\"url\":\"https:\/\/www.hiperbaric.com\/es\/compresion-h2\/recursos-tecnologia-h2\/sala-de-prensa\/\",\"name\":\"Sala de prensa - Hiperbaric\",\"isPartOf\":{\"@id\":\"https:\/\/www.hiperbaric.com\/en\/#website\"},\"primaryImageOfPage\":{\"@id\":\"https:\/\/www.hiperbaric.com\/es\/compresion-h2\/recursos-tecnologia-h2\/sala-de-prensa\/#primaryimage\"},\"image\":{\"@id\":\"https:\/\/www.hiperbaric.com\/es\/compresion-h2\/recursos-tecnologia-h2\/sala-de-prensa\/#primaryimage\"},\"thumbnailUrl\":\"https:\/\/www.hiperbaric.com\/wp-content\/uploads\/2020\/07\/foodsafety.png\",\"datePublished\":\"2021-09-15T08:28:45+00:00\",\"dateModified\":\"2021-09-15T09:46:39+00:00\",\"breadcrumb\":{\"@id\":\"https:\/\/www.hiperbaric.com\/es\/compresion-h2\/recursos-tecnologia-h2\/sala-de-prensa\/#breadcrumb\"},\"inLanguage\":\"es\",\"potentialAction\":[{\"@type\":\"ReadAction\",\"target\":[\"https:\/\/www.hiperbaric.com\/es\/compresion-h2\/recursos-tecnologia-h2\/sala-de-prensa\/\"]}]},{\"@type\":\"ImageObject\",\"inLanguage\":\"es\",\"@id\":\"https:\/\/www.hiperbaric.com\/es\/compresion-h2\/recursos-tecnologia-h2\/sala-de-prensa\/#primaryimage\",\"url\":\"https:\/\/www.hiperbaric.com\/wp-content\/uploads\/2020\/07\/foodsafety.png\",\"contentUrl\":\"https:\/\/www.hiperbaric.com\/wp-content\/uploads\/2020\/07\/foodsafety.png\"},{\"@type\":\"BreadcrumbList\",\"@id\":\"https:\/\/www.hiperbaric.com\/es\/compresion-h2\/recursos-tecnologia-h2\/sala-de-prensa\/#breadcrumb\",\"itemListElement\":[{\"@type\":\"ListItem\",\"position\":1,\"name\":\"Home\",\"item\":\"https:\/\/www.hiperbaric.com\/es\/\"},{\"@type\":\"ListItem\",\"position\":2,\"name\":\"Compresi\u00f3n H2\",\"item\":\"https:\/\/www.hiperbaric.com\/es\/compresion-h2\/\"},{\"@type\":\"ListItem\",\"position\":3,\"name\":\"Recursos H2\",\"item\":\"https:\/\/www.hiperbaric.com\/es\/compresion-h2\/recursos-tecnologia-h2\/\"},{\"@type\":\"ListItem\",\"position\":4,\"name\":\"Sala de prensa\"}]},{\"@type\":\"WebSite\",\"@id\":\"https:\/\/www.hiperbaric.com\/en\/#website\",\"url\":\"https:\/\/www.hiperbaric.com\/en\/\",\"name\":\"Hiperbaric\",\"description\":\"Procesado para la conservaci\u00f3n de alimentos\",\"publisher\":{\"@id\":\"https:\/\/www.hiperbaric.com\/en\/#organization\"},\"potentialAction\":[{\"@type\":\"SearchAction\",\"target\":{\"@type\":\"EntryPoint\",\"urlTemplate\":\"https:\/\/www.hiperbaric.com\/en\/?s={search_term_string}\"},\"query-input\":\"required name=search_term_string\"}],\"inLanguage\":\"es\"},{\"@type\":\"Organization\",\"@id\":\"https:\/\/www.hiperbaric.com\/en\/#organization\",\"name\":\"Hiperbaric\",\"url\":\"https:\/\/www.hiperbaric.com\/en\/\",\"logo\":{\"@type\":\"ImageObject\",\"inLanguage\":\"es\",\"@id\":\"https:\/\/www.hiperbaric.com\/en\/#\/schema\/logo\/image\/\",\"url\":\"https:\/\/www.hiperbaric.com\/wp-content\/uploads\/2026\/01\/cropped-hiperbaric-logotipo-1-2.png\",\"contentUrl\":\"https:\/\/www.hiperbaric.com\/wp-content\/uploads\/2026\/01\/cropped-hiperbaric-logotipo-1-2.png\",\"width\":340,\"height\":72,\"caption\":\"Hiperbaric\"},\"image\":{\"@id\":\"https:\/\/www.hiperbaric.com\/en\/#\/schema\/logo\/image\/\"}}]}<\/script>\n<!-- \/ Yoast SEO plugin. -->","yoast_head_json":{"title":"Sala de prensa - Hiperbaric","robots":{"index":"index","follow":"follow","max-snippet":"max-snippet:-1","max-image-preview":"max-image-preview:large","max-video-preview":"max-video-preview:-1"},"canonical":"https:\/\/www.hiperbaric.com\/es\/compresion-h2\/recursos-tecnologia-h2\/sala-de-prensa\/","og_locale":"es_ES","og_type":"article","og_title":"Sala de prensa - Hiperbaric","og_description":"NOTAS DE PRENSA PARA CONTACTAR CON EL DEPARTAMENTO DE COMUNICACI\u00d3N, PUEDE ESCRIBIRNOS A: marketing@hiperbaric.com HABLAN DE NOSOTROS Puedes descubrir a Hiperbaric en estos medios de comunicaci\u00f3n: ENCU\u00c9NTRANOS EN REDES SOCIALES Estas son las redes sociales en las que podemos conversar. \u00bfNos sigues?","og_url":"https:\/\/www.hiperbaric.com\/es\/compresion-h2\/recursos-tecnologia-h2\/sala-de-prensa\/","og_site_name":"Hiperbaric","article_modified_time":"2021-09-15T09:46:39+00:00","og_image":[{"url":"https:\/\/www.hiperbaric.com\/wp-content\/uploads\/2020\/07\/foodsafety.png"}],"twitter_card":"summary_large_image","schema":{"@context":"https:\/\/schema.org","@graph":[{"@type":"WebPage","@id":"https:\/\/www.hiperbaric.com\/es\/compresion-h2\/recursos-tecnologia-h2\/sala-de-prensa\/","url":"https:\/\/www.hiperbaric.com\/es\/compresion-h2\/recursos-tecnologia-h2\/sala-de-prensa\/","name":"Sala de prensa - Hiperbaric","isPartOf":{"@id":"https:\/\/www.hiperbaric.com\/en\/#website"},"primaryImageOfPage":{"@id":"https:\/\/www.hiperbaric.com\/es\/compresion-h2\/recursos-tecnologia-h2\/sala-de-prensa\/#primaryimage"},"image":{"@id":"https:\/\/www.hiperbaric.com\/es\/compresion-h2\/recursos-tecnologia-h2\/sala-de-prensa\/#primaryimage"},"thumbnailUrl":"https:\/\/www.hiperbaric.com\/wp-content\/uploads\/2020\/07\/foodsafety.png","datePublished":"2021-09-15T08:28:45+00:00","dateModified":"2021-09-15T09:46:39+00:00","breadcrumb":{"@id":"https:\/\/www.hiperbaric.com\/es\/compresion-h2\/recursos-tecnologia-h2\/sala-de-prensa\/#breadcrumb"},"inLanguage":"es","potentialAction":[{"@type":"ReadAction","target":["https:\/\/www.hiperbaric.com\/es\/compresion-h2\/recursos-tecnologia-h2\/sala-de-prensa\/"]}]},{"@type":"ImageObject","inLanguage":"es","@id":"https:\/\/www.hiperbaric.com\/es\/compresion-h2\/recursos-tecnologia-h2\/sala-de-prensa\/#primaryimage","url":"https:\/\/www.hiperbaric.com\/wp-content\/uploads\/2020\/07\/foodsafety.png","contentUrl":"https:\/\/www.hiperbaric.com\/wp-content\/uploads\/2020\/07\/foodsafety.png"},{"@type":"BreadcrumbList","@id":"https:\/\/www.hiperbaric.com\/es\/compresion-h2\/recursos-tecnologia-h2\/sala-de-prensa\/#breadcrumb","itemListElement":[{"@type":"ListItem","position":1,"name":"Home","item":"https:\/\/www.hiperbaric.com\/es\/"},{"@type":"ListItem","position":2,"name":"Compresi\u00f3n H2","item":"https:\/\/www.hiperbaric.com\/es\/compresion-h2\/"},{"@type":"ListItem","position":3,"name":"Recursos H2","item":"https:\/\/www.hiperbaric.com\/es\/compresion-h2\/recursos-tecnologia-h2\/"},{"@type":"ListItem","position":4,"name":"Sala de prensa"}]},{"@type":"WebSite","@id":"https:\/\/www.hiperbaric.com\/en\/#website","url":"https:\/\/www.hiperbaric.com\/en\/","name":"Hiperbaric","description":"Procesado para la conservaci\u00f3n de alimentos","publisher":{"@id":"https:\/\/www.hiperbaric.com\/en\/#organization"},"potentialAction":[{"@type":"SearchAction","target":{"@type":"EntryPoint","urlTemplate":"https:\/\/www.hiperbaric.com\/en\/?s={search_term_string}"},"query-input":"required name=search_term_string"}],"inLanguage":"es"},{"@type":"Organization","@id":"https:\/\/www.hiperbaric.com\/en\/#organization","name":"Hiperbaric","url":"https:\/\/www.hiperbaric.com\/en\/","logo":{"@type":"ImageObject","inLanguage":"es","@id":"https:\/\/www.hiperbaric.com\/en\/#\/schema\/logo\/image\/","url":"https:\/\/www.hiperbaric.com\/wp-content\/uploads\/2026\/01\/cropped-hiperbaric-logotipo-1-2.png","contentUrl":"https:\/\/www.hiperbaric.com\/wp-content\/uploads\/2026\/01\/cropped-hiperbaric-logotipo-1-2.png","width":340,"height":72,"caption":"Hiperbaric"},"image":{"@id":"https:\/\/www.hiperbaric.com\/en\/#\/schema\/logo\/image\/"}}]}},"_links":{"self":[{"href":"https:\/\/www.hiperbaric.com\/es\/wp-json\/wp\/v2\/pages\/32777"}],"collection":[{"href":"https:\/\/www.hiperbaric.com\/es\/wp-json\/wp\/v2\/pages"}],"about":[{"href":"https:\/\/www.hiperbaric.com\/es\/wp-json\/wp\/v2\/types\/page"}],"author":[{"embeddable":true,"href":"https:\/\/www.hiperbaric.com\/es\/wp-json\/wp\/v2\/users\/1"}],"replies":[{"embeddable":true,"href":"https:\/\/www.hiperbaric.com\/es\/wp-json\/wp\/v2\/comments?post=32777"}],"version-history":[{"count":0,"href":"https:\/\/www.hiperbaric.com\/es\/wp-json\/wp\/v2\/pages\/32777\/revisions"}],"up":[{"embeddable":true,"href":"https:\/\/www.hiperbaric.com\/es\/wp-json\/wp\/v2\/pages\/32763"}],"wp:attachment":[{"href":"https:\/\/www.hiperbaric.com\/es\/wp-json\/wp\/v2\/media?parent=32777"}],"curies":[{"name":"wp","href":"https:\/\/api.w.org\/{rel}","templated":true}]}}