{"id":32774,"date":"2021-09-15T10:27:41","date_gmt":"2021-09-15T08:27:41","guid":{"rendered":"https:\/\/www.hiperbaric.com\/?page_id=32774"},"modified":"2026-03-04T16:06:20","modified_gmt":"2026-03-04T15:06:20","slug":"eventos","status":"publish","type":"page","link":"https:\/\/www.hiperbaric.com\/es\/compresion-h2\/recursos-tecnologia-h2\/eventos\/","title":{"rendered":"Eventos"},"content":{"rendered":"\r\n<p><div class = \"section__eventos\"> <div class=\"row\"><div class=\"col-md-6 section__eventos-square\"><div class=\"row\"><div class=\"col-8\"><div class=\"section__eventos-border\"><p class=\"section__eventos-date\">Enero 2026<\/p>\n                    <p class=\"section__eventos-title\">HYVOLUTION<\/p><\/div>\n                    <div class=\"section__eventos-noborder\"><p class=\"section__eventos-description collapse\" id=\"eventCollapse-0\" aria-expanded=\"false\">Descubre las \u00faltimas innovaciones del mercado del hidr\u00f3geno, mantente al d\u00eda de las noticias m\u00e1s recientes y participe en debates con los actores clave del sector del hidr\u00f3geno, y establezca contactos de calidad en el evento europeo m\u00e1s destacado del \u00e1mbito del hidr\u00f3geno. Hyvolution tendr\u00e1 lugar los d\u00edas 27 a 29 de enero en Par\u00eds (Francia).\u00a0Para m\u00e1s informaci\u00f3n sobre el evento, <a href=\"https:\/\/paris.hyvolution.com\/en\">pincha aqu\u00ed.<\/a><\/p>\n                    <a class=\"section__eventos-more\" role=\"button\" data-toggle=\"collapse\" href=\"#eventCollapse-0\" aria-expanded=\"false\" aria-controls=\"eventCollapse-0\">Leer m\u00e1s &gt;<\/a><\/div><\/div><div class=\"col-4 section__eventos-img\"><div class=\"vamtam-responsive-wrapper\"><img width=\"400\" height=\"250\" src=\"https:\/\/www.hiperbaric.com\/wp-content\/uploads\/2022\/12\/1-1.png\" class=\"attachment-post-thumbnail size-post-thumbnail wp-post-image\" alt=\"\" decoding=\"async\" srcset=\"data:image\/svg+xml;utf8,&lt;svg%20xmlns=&quot;http:\/\/www.w3.org\/2000\/svg&quot;%20viewBox=&quot;0%200%20400%20250&quot;%20height=&quot;250px&quot;%20width=&quot;400px&quot;\/&gt;\" data-srcset=\"https:\/\/www.hiperbaric.com\/wp-content\/uploads\/2022\/12\/1-1.png 400w, https:\/\/www.hiperbaric.com\/wp-content\/uploads\/2022\/12\/1-1-300x188.png 300w, https:\/\/www.hiperbaric.com\/wp-content\/uploads\/2022\/12\/1-1-315x197.png 315w\" sizes=\"(max-width: 400px) 100vw, 400px\" \/><\/div><\/div><\/div><\/div><div class=\"col-md-6 section__eventos-square\"><div class=\"row\"><div class=\"col-8\"><div class=\"section__eventos-border\"><p class=\"section__eventos-date\">Marzo 2026<\/p>\n                    <p class=\"section__eventos-title\">EHEC 2026<\/p><\/div>\n                    <div class=\"section__eventos-noborder\"><p class=\"section__eventos-description collapse\" id=\"eventCollapse-1\" aria-expanded=\"false\">EHEC 2026 ofrece una visi\u00f3n general completa de la industria del hidr\u00f3geno a trav\u00e9s de sesiones plenarias y paralelas. Podr\u00e1 centrarse en \u00e1reas espec\u00edficas de inter\u00e9s o explorar toda la cadena de valor de la industria, desde las grandes corporaciones hasta la investigaci\u00f3n cient\u00edfica de vanguardia. Para saber m\u00e1s de la feria, <a href=\"https:\/\/ehec.info\/\">pincha aqu\u00ed.<\/a><\/p>\n                    <a class=\"section__eventos-more\" role=\"button\" data-toggle=\"collapse\" href=\"#eventCollapse-1\" aria-expanded=\"false\" aria-controls=\"eventCollapse-1\">Leer m\u00e1s &gt;<\/a><\/div><\/div><div class=\"col-4 section__eventos-img\"><div class=\"vamtam-responsive-wrapper\"><img width=\"400\" height=\"250\" src=\"https:\/\/www.hiperbaric.com\/wp-content\/uploads\/2022\/12\/logos-ferias-apartado-web-7.jpg\" class=\"attachment-post-thumbnail size-post-thumbnail wp-post-image\" alt=\"\" decoding=\"async\" srcset=\"data:image\/svg+xml;utf8,&lt;svg%20xmlns=&quot;http:\/\/www.w3.org\/2000\/svg&quot;%20viewBox=&quot;0%200%20400%20250&quot;%20height=&quot;250px&quot;%20width=&quot;400px&quot;\/&gt;\" data-srcset=\"https:\/\/www.hiperbaric.com\/wp-content\/uploads\/2022\/12\/logos-ferias-apartado-web-7.jpg 400w, https:\/\/www.hiperbaric.com\/wp-content\/uploads\/2022\/12\/logos-ferias-apartado-web-7-300x188.jpg 300w, https:\/\/www.hiperbaric.com\/wp-content\/uploads\/2022\/12\/logos-ferias-apartado-web-7-315x197.jpg 315w\" sizes=\"(max-width: 400px) 100vw, 400px\" \/><\/div><\/div><\/div><\/div><\/div><div class=\"row\"><div class=\"col-md-6 section__eventos-square\"><div class=\"row\"><div class=\"col-8\"><div class=\"section__eventos-border\"><p class=\"section__eventos-date\">Marzo 2026<\/p>\n                    <p class=\"section__eventos-title\">ENERGYON SUMMIT AND H2 POLAND 2026<\/p><\/div>\n                    <div class=\"section__eventos-noborder\"><p class=\"section__eventos-description collapse\" id=\"eventCollapse-2\" aria-expanded=\"false\"><span style=\"color: var(--vamtam-primary-font-color);\">La cumbre EnergyON y H2POLAND 2026 se celebrar\u00e1n en Pozna\u0144, Polonia, del 25 al 26 de marzo de 2026. Organizado por MTP, este evento se centra en la transici\u00f3n energ\u00e9tica y la descarbonizaci\u00f3n industrial, y contar\u00e1 con debates clave sobre el almacenamiento de energ\u00eda, la producci\u00f3n de hidr\u00f3geno y la pol\u00edtica energ\u00e9tica. Para m\u00e1s informaci\u00f3n sobre el evento, <\/span><a href=\"https:\/\/energyonsummit.pl\/en?utm_source=netzerocompare.com&amp;utm_medium=referral\">pincha aqu\u00ed.<\/a><\/p>\n                    <a class=\"section__eventos-more\" role=\"button\" data-toggle=\"collapse\" href=\"#eventCollapse-2\" aria-expanded=\"false\" aria-controls=\"eventCollapse-2\">Leer m\u00e1s &gt;<\/a><\/div><\/div><div class=\"col-4 section__eventos-img\"><div class=\"vamtam-responsive-wrapper\"><img width=\"400\" height=\"250\" src=\"https:\/\/www.hiperbaric.com\/wp-content\/uploads\/2022\/12\/logos-ferias-apartado-web-8.jpg\" class=\"attachment-post-thumbnail size-post-thumbnail wp-post-image\" alt=\"\" decoding=\"async\" srcset=\"data:image\/svg+xml;utf8,&lt;svg%20xmlns=&quot;http:\/\/www.w3.org\/2000\/svg&quot;%20viewBox=&quot;0%200%20400%20250&quot;%20height=&quot;250px&quot;%20width=&quot;400px&quot;\/&gt;\" data-srcset=\"https:\/\/www.hiperbaric.com\/wp-content\/uploads\/2022\/12\/logos-ferias-apartado-web-8.jpg 400w, https:\/\/www.hiperbaric.com\/wp-content\/uploads\/2022\/12\/logos-ferias-apartado-web-8-300x188.jpg 300w, https:\/\/www.hiperbaric.com\/wp-content\/uploads\/2022\/12\/logos-ferias-apartado-web-8-315x197.jpg 315w\" sizes=\"(max-width: 400px) 100vw, 400px\" \/><\/div><\/div><\/div><\/div><div class=\"col-md-6 section__eventos-square\"><div class=\"row\"><div class=\"col-8\"><div class=\"section__eventos-border\"><p class=\"section__eventos-date\">Octubre 2026<\/p>\n                    <p class=\"section__eventos-title\">Hydrogen Technology Expo Europe 2026<\/p><\/div>\n                    <div class=\"section__eventos-noborder\"><p class=\"section__eventos-description collapse\" id=\"eventCollapse-3\" aria-expanded=\"false\">Los d\u00edas 20 a 22 de octubre se celebrar\u00e1 en Hamburgo (Alemania) la feria Hydrogen Technology Expo Europe, en la que se debatir\u00e1 el desarrollo de nuevas tecnolog\u00edas para superar los retos t\u00e9cnicos e impulsar la econom\u00eda del hidr\u00f3geno. Para m\u00e1s informaci\u00f3n, <a href=\"https:\/\/www.hydrogen-worldexpo.com\/\">pulsa aqu\u00ed.<\/a><\/p>\n                    <a class=\"section__eventos-more\" role=\"button\" data-toggle=\"collapse\" href=\"#eventCollapse-3\" aria-expanded=\"false\" aria-controls=\"eventCollapse-3\">Leer m\u00e1s &gt;<\/a><\/div><\/div><div class=\"col-4 section__eventos-img\"><div class=\"vamtam-responsive-wrapper\"><img width=\"400\" height=\"250\" src=\"https:\/\/www.hiperbaric.com\/wp-content\/uploads\/2022\/12\/14.png\" class=\"attachment-post-thumbnail size-post-thumbnail wp-post-image\" alt=\"\" decoding=\"async\" srcset=\"data:image\/svg+xml;utf8,&lt;svg%20xmlns=&quot;http:\/\/www.w3.org\/2000\/svg&quot;%20viewBox=&quot;0%200%20400%20250&quot;%20height=&quot;250px&quot;%20width=&quot;400px&quot;\/&gt;\" data-srcset=\"https:\/\/www.hiperbaric.com\/wp-content\/uploads\/2022\/12\/14.png 400w, https:\/\/www.hiperbaric.com\/wp-content\/uploads\/2022\/12\/14-300x188.png 300w, https:\/\/www.hiperbaric.com\/wp-content\/uploads\/2022\/12\/14-315x197.png 315w\" sizes=\"(max-width: 400px) 100vw, 400px\" \/><\/div><\/div><\/div><\/div><\/div><\/div> PARA CONTACTAR CON EL DEPARTAMENTO DE COMUNICACI\u00d3N, PUEDE ESCRIBIRNOS A:<br \/><a href=\"mailto:marketing@hiperbaric.com\">marketing@hiperbaric.com<\/a><\/p>\r\n","protected":false},"excerpt":{"rendered":"<p>Los d\u00edas 20 a 22 de octubre se celebrar\u00e1 en Hamburgo (Alemania) la feria Hydrogen Technology Expo Europe, en la que se debatir\u00e1 el desarrollo de nuevas tecnolog\u00edas para superar los retos t\u00e9cnicos e impulsar la econom\u00eda del hidr\u00f3geno. Para m\u00e1s informaci\u00f3n, pulsa aqu\u00ed.<\/p>\n","protected":false},"author":1,"featured_media":0,"parent":32763,"menu_order":0,"comment_status":"closed","ping_status":"closed","template":"","meta":{"om_disable_all_campaigns":false,"inline_featured_image":false,"_monsterinsights_skip_tracking":false,"_monsterinsights_sitenote_active":false,"_monsterinsights_sitenote_note":"","_monsterinsights_sitenote_category":0,"footnotes":"","_wp_rev_ctl_limit":""},"acf":[],"yoast_head":"<!-- This site is optimized with the Yoast SEO plugin v22.4 - https:\/\/yoast.com\/wordpress\/plugins\/seo\/ -->\n<title>Eventos - Hiperbaric<\/title>\n<meta name=\"robots\" content=\"index, follow, max-snippet:-1, max-image-preview:large, max-video-preview:-1\" \/>\n<link rel=\"canonical\" href=\"https:\/\/www.hiperbaric.com\/es\/compresion-h2\/recursos-tecnologia-h2\/eventos\/\" \/>\n<meta property=\"og:locale\" content=\"es_ES\" \/>\n<meta property=\"og:type\" content=\"article\" \/>\n<meta property=\"og:title\" content=\"Eventos - Hiperbaric\" \/>\n<meta property=\"og:description\" content=\"PARA CONTACTAR CON EL DEPARTAMENTO DE COMUNICACI\u00d3N, PUEDE ESCRIBIRNOS A:marketing@hiperbaric.com\" \/>\n<meta property=\"og:url\" content=\"https:\/\/www.hiperbaric.com\/es\/compresion-h2\/recursos-tecnologia-h2\/eventos\/\" \/>\n<meta property=\"og:site_name\" content=\"Hiperbaric\" \/>\n<meta property=\"article:modified_time\" content=\"2026-03-04T15:06:20+00:00\" \/>\n<meta name=\"twitter:card\" content=\"summary_large_image\" \/>\n<meta name=\"twitter:label1\" content=\"Tiempo de lectura\" \/>\n\t<meta name=\"twitter:data1\" content=\"3 minutos\" \/>\n<script type=\"application\/ld+json\" class=\"yoast-schema-graph\">{\"@context\":\"https:\/\/schema.org\",\"@graph\":[{\"@type\":\"WebPage\",\"@id\":\"https:\/\/www.hiperbaric.com\/es\/compresion-h2\/recursos-tecnologia-h2\/eventos\/\",\"url\":\"https:\/\/www.hiperbaric.com\/es\/compresion-h2\/recursos-tecnologia-h2\/eventos\/\",\"name\":\"Eventos - Hiperbaric\",\"isPartOf\":{\"@id\":\"https:\/\/www.hiperbaric.com\/en\/#website\"},\"datePublished\":\"2021-09-15T08:27:41+00:00\",\"dateModified\":\"2026-03-04T15:06:20+00:00\",\"breadcrumb\":{\"@id\":\"https:\/\/www.hiperbaric.com\/es\/compresion-h2\/recursos-tecnologia-h2\/eventos\/#breadcrumb\"},\"inLanguage\":\"es\",\"potentialAction\":[{\"@type\":\"ReadAction\",\"target\":[\"https:\/\/www.hiperbaric.com\/es\/compresion-h2\/recursos-tecnologia-h2\/eventos\/\"]}]},{\"@type\":\"BreadcrumbList\",\"@id\":\"https:\/\/www.hiperbaric.com\/es\/compresion-h2\/recursos-tecnologia-h2\/eventos\/#breadcrumb\",\"itemListElement\":[{\"@type\":\"ListItem\",\"position\":1,\"name\":\"Home\",\"item\":\"https:\/\/www.hiperbaric.com\/es\/\"},{\"@type\":\"ListItem\",\"position\":2,\"name\":\"Compresi\u00f3n H2\",\"item\":\"https:\/\/www.hiperbaric.com\/es\/compresion-h2\/\"},{\"@type\":\"ListItem\",\"position\":3,\"name\":\"Recursos H2\",\"item\":\"https:\/\/www.hiperbaric.com\/es\/compresion-h2\/recursos-tecnologia-h2\/\"},{\"@type\":\"ListItem\",\"position\":4,\"name\":\"Eventos\"}]},{\"@type\":\"WebSite\",\"@id\":\"https:\/\/www.hiperbaric.com\/en\/#website\",\"url\":\"https:\/\/www.hiperbaric.com\/en\/\",\"name\":\"Hiperbaric\",\"description\":\"Procesado para la conservaci\u00f3n de alimentos\",\"publisher\":{\"@id\":\"https:\/\/www.hiperbaric.com\/en\/#organization\"},\"potentialAction\":[{\"@type\":\"SearchAction\",\"target\":{\"@type\":\"EntryPoint\",\"urlTemplate\":\"https:\/\/www.hiperbaric.com\/en\/?s={search_term_string}\"},\"query-input\":\"required name=search_term_string\"}],\"inLanguage\":\"es\"},{\"@type\":\"Organization\",\"@id\":\"https:\/\/www.hiperbaric.com\/en\/#organization\",\"name\":\"Hiperbaric\",\"url\":\"https:\/\/www.hiperbaric.com\/en\/\",\"logo\":{\"@type\":\"ImageObject\",\"inLanguage\":\"es\",\"@id\":\"https:\/\/www.hiperbaric.com\/en\/#\/schema\/logo\/image\/\",\"url\":\"https:\/\/www.hiperbaric.com\/wp-content\/uploads\/2026\/01\/cropped-hiperbaric-logotipo-1-2.png\",\"contentUrl\":\"https:\/\/www.hiperbaric.com\/wp-content\/uploads\/2026\/01\/cropped-hiperbaric-logotipo-1-2.png\",\"width\":340,\"height\":72,\"caption\":\"Hiperbaric\"},\"image\":{\"@id\":\"https:\/\/www.hiperbaric.com\/en\/#\/schema\/logo\/image\/\"}}]}<\/script>\n<!-- \/ Yoast SEO plugin. -->","yoast_head_json":{"title":"Eventos - Hiperbaric","robots":{"index":"index","follow":"follow","max-snippet":"max-snippet:-1","max-image-preview":"max-image-preview:large","max-video-preview":"max-video-preview:-1"},"canonical":"https:\/\/www.hiperbaric.com\/es\/compresion-h2\/recursos-tecnologia-h2\/eventos\/","og_locale":"es_ES","og_type":"article","og_title":"Eventos - Hiperbaric","og_description":"PARA CONTACTAR CON EL DEPARTAMENTO DE COMUNICACI\u00d3N, PUEDE ESCRIBIRNOS A:marketing@hiperbaric.com","og_url":"https:\/\/www.hiperbaric.com\/es\/compresion-h2\/recursos-tecnologia-h2\/eventos\/","og_site_name":"Hiperbaric","article_modified_time":"2026-03-04T15:06:20+00:00","twitter_card":"summary_large_image","twitter_misc":{"Tiempo de lectura":"3 minutos"},"schema":{"@context":"https:\/\/schema.org","@graph":[{"@type":"WebPage","@id":"https:\/\/www.hiperbaric.com\/es\/compresion-h2\/recursos-tecnologia-h2\/eventos\/","url":"https:\/\/www.hiperbaric.com\/es\/compresion-h2\/recursos-tecnologia-h2\/eventos\/","name":"Eventos - Hiperbaric","isPartOf":{"@id":"https:\/\/www.hiperbaric.com\/en\/#website"},"datePublished":"2021-09-15T08:27:41+00:00","dateModified":"2026-03-04T15:06:20+00:00","breadcrumb":{"@id":"https:\/\/www.hiperbaric.com\/es\/compresion-h2\/recursos-tecnologia-h2\/eventos\/#breadcrumb"},"inLanguage":"es","potentialAction":[{"@type":"ReadAction","target":["https:\/\/www.hiperbaric.com\/es\/compresion-h2\/recursos-tecnologia-h2\/eventos\/"]}]},{"@type":"BreadcrumbList","@id":"https:\/\/www.hiperbaric.com\/es\/compresion-h2\/recursos-tecnologia-h2\/eventos\/#breadcrumb","itemListElement":[{"@type":"ListItem","position":1,"name":"Home","item":"https:\/\/www.hiperbaric.com\/es\/"},{"@type":"ListItem","position":2,"name":"Compresi\u00f3n H2","item":"https:\/\/www.hiperbaric.com\/es\/compresion-h2\/"},{"@type":"ListItem","position":3,"name":"Recursos H2","item":"https:\/\/www.hiperbaric.com\/es\/compresion-h2\/recursos-tecnologia-h2\/"},{"@type":"ListItem","position":4,"name":"Eventos"}]},{"@type":"WebSite","@id":"https:\/\/www.hiperbaric.com\/en\/#website","url":"https:\/\/www.hiperbaric.com\/en\/","name":"Hiperbaric","description":"Procesado para la conservaci\u00f3n de alimentos","publisher":{"@id":"https:\/\/www.hiperbaric.com\/en\/#organization"},"potentialAction":[{"@type":"SearchAction","target":{"@type":"EntryPoint","urlTemplate":"https:\/\/www.hiperbaric.com\/en\/?s={search_term_string}"},"query-input":"required name=search_term_string"}],"inLanguage":"es"},{"@type":"Organization","@id":"https:\/\/www.hiperbaric.com\/en\/#organization","name":"Hiperbaric","url":"https:\/\/www.hiperbaric.com\/en\/","logo":{"@type":"ImageObject","inLanguage":"es","@id":"https:\/\/www.hiperbaric.com\/en\/#\/schema\/logo\/image\/","url":"https:\/\/www.hiperbaric.com\/wp-content\/uploads\/2026\/01\/cropped-hiperbaric-logotipo-1-2.png","contentUrl":"https:\/\/www.hiperbaric.com\/wp-content\/uploads\/2026\/01\/cropped-hiperbaric-logotipo-1-2.png","width":340,"height":72,"caption":"Hiperbaric"},"image":{"@id":"https:\/\/www.hiperbaric.com\/en\/#\/schema\/logo\/image\/"}}]}},"_links":{"self":[{"href":"https:\/\/www.hiperbaric.com\/es\/wp-json\/wp\/v2\/pages\/32774"}],"collection":[{"href":"https:\/\/www.hiperbaric.com\/es\/wp-json\/wp\/v2\/pages"}],"about":[{"href":"https:\/\/www.hiperbaric.com\/es\/wp-json\/wp\/v2\/types\/page"}],"author":[{"embeddable":true,"href":"https:\/\/www.hiperbaric.com\/es\/wp-json\/wp\/v2\/users\/1"}],"replies":[{"embeddable":true,"href":"https:\/\/www.hiperbaric.com\/es\/wp-json\/wp\/v2\/comments?post=32774"}],"version-history":[{"count":1,"href":"https:\/\/www.hiperbaric.com\/es\/wp-json\/wp\/v2\/pages\/32774\/revisions"}],"predecessor-version":[{"id":67152,"href":"https:\/\/www.hiperbaric.com\/es\/wp-json\/wp\/v2\/pages\/32774\/revisions\/67152"}],"up":[{"embeddable":true,"href":"https:\/\/www.hiperbaric.com\/es\/wp-json\/wp\/v2\/pages\/32763"}],"wp:attachment":[{"href":"https:\/\/www.hiperbaric.com\/es\/wp-json\/wp\/v2\/media?parent=32774"}],"curies":[{"name":"wp","href":"https:\/\/api.w.org\/{rel}","templated":true}]}}