{"id":32771,"date":"2021-09-15T10:26:17","date_gmt":"2021-09-15T08:26:17","guid":{"rendered":"https:\/\/www.hiperbaric.com\/?page_id=32771"},"modified":"2021-09-15T11:36:20","modified_gmt":"2021-09-15T09:36:20","slug":"videos","status":"publish","type":"page","link":"https:\/\/www.hiperbaric.com\/es\/compresion-h2\/recursos-tecnologia-h2\/videos\/","title":{"rendered":"V\u00eddeos"},"content":{"rendered":"\n<ul class=\"nav nav-pills media\">\n    <li><a class=\"active\" id=\"activartodos\" data-toggle=\"pill\" href=\"#todos\">Todo<\/a><\/li><li><a id=\"normaltab\" class=\"normaltab\" data-toggle=\"pill\" href=\"#corporativo-3\">Corporativo<\/a><\/li><li><a id=\"normaltab\" class=\"normaltab\" data-toggle=\"pill\" href=\"#tecnologia-h2-y-servicios-de-hiperbaric\">Tecnolog\u00eda H2 y Servicios de Hiperbaric<\/a><\/li><\/ul><div class=\"tab-content\"><div id=\"corporativo-3\" class=\"tab-pane fade active show\"><div class=\"media__title\"><h2>Corporativo<\/h2><\/div><div class=\"media__description\"><p><\/p><\/div><div class = \"section__tabs\" id=\"videos\"> <div class=\"row\"><div class=\"col-xl-4 section__tabs-square\"><div class=\"img-shine__container\"><img src=\"\/wp-content\/uploads\/2023\/02\/play-video.svg\" class=\"play\" width=\"60\" height=\"60\"\/><a rel=\"wp-video-lightbox\" href=\"https:\/\/www.youtube.com\/watch?v=l_iNV5Ptreo&list=PLz-HeIvoO8yDQG4K5YzNnilroahN0Ilc0&index=2\"><div class=\"vamtam-responsive-wrapper\"><img width=\"1920\" height=\"1080\" src=\"https:\/\/www.hiperbaric.com\/wp-content\/uploads\/2020\/07\/miniatura-Coporativo-ESP.jpg\" class=\"attachment-post-thumbnail size-post-thumbnail wp-post-image\" alt=\"\" decoding=\"async\" srcset=\"data:image\/svg+xml;utf8,&lt;svg%20xmlns=&quot;http:\/\/www.w3.org\/2000\/svg&quot;%20viewBox=&quot;0%200%201920%201080&quot;%20height=&quot;1080px&quot;%20width=&quot;1920px&quot;\/&gt;\" data-srcset=\"https:\/\/www.hiperbaric.com\/wp-content\/uploads\/2020\/07\/miniatura-Coporativo-ESP.jpg 1920w, https:\/\/www.hiperbaric.com\/wp-content\/uploads\/2020\/07\/miniatura-Coporativo-ESP-300x169.jpg 300w, https:\/\/www.hiperbaric.com\/wp-content\/uploads\/2020\/07\/miniatura-Coporativo-ESP-1024x576.jpg 1024w, https:\/\/www.hiperbaric.com\/wp-content\/uploads\/2020\/07\/miniatura-Coporativo-ESP-768x432.jpg 768w, https:\/\/www.hiperbaric.com\/wp-content\/uploads\/2020\/07\/miniatura-Coporativo-ESP-1536x864.jpg 1536w, https:\/\/www.hiperbaric.com\/wp-content\/uploads\/2020\/07\/miniatura-Coporativo-ESP-1260x709.jpg 1260w, https:\/\/www.hiperbaric.com\/wp-content\/uploads\/2020\/07\/miniatura-Coporativo-ESP-630x354.jpg 630w, https:\/\/www.hiperbaric.com\/wp-content\/uploads\/2020\/07\/miniatura-Coporativo-ESP-420x236.jpg 420w, https:\/\/www.hiperbaric.com\/wp-content\/uploads\/2020\/07\/miniatura-Coporativo-ESP-840x473.jpg 840w, https:\/\/www.hiperbaric.com\/wp-content\/uploads\/2020\/07\/miniatura-Coporativo-ESP-315x177.jpg 315w\" sizes=\"(max-width: 1920px) 100vw, 1920px\" \/><\/div><span class=\"img-shine\"><\/span><\/a><\/div>\n                    <a rel=\"wp-video-lightbox\" class=\"section__tabs-title\" href=\"https:\/\/www.youtube.com\/watch?v=l_iNV5Ptreo&list=PLz-HeIvoO8yDQG4K5YzNnilroahN0Ilc0&index=2\">Hiperbaric, l\u00edder mundial en HPP<\/a><p class=\"section__tabs-description\"><p>20 a\u00f1os como l\u00edderes mundiales en el dise\u00f1o, desarrollo, producci\u00f3n y comercializaci\u00f3n de equipos de procesado por altas presiones (HPP) para la industria alimentaria.<\/p>\n<\/p><\/div><div class=\"col-xl-4 section__tabs-square\"><div class=\"img-shine__container\"><img src=\"\/wp-content\/uploads\/2023\/02\/play-video.svg\" class=\"play\" width=\"60\" height=\"60\"\/><a rel=\"wp-video-lightbox\" href=\"https:\/\/www.youtube.com\/watch?v=sWG3e8VZtM4&list=PLz-HeIvoO8yDQG4K5YzNnilroahN0Ilc0&index=3\"><div class=\"vamtam-responsive-wrapper\"><img width=\"1920\" height=\"1080\" src=\"https:\/\/www.hiperbaric.com\/wp-content\/uploads\/2020\/07\/miniatura-XXANIV.jpg\" class=\"attachment-post-thumbnail size-post-thumbnail wp-post-image\" alt=\"\" decoding=\"async\" srcset=\"data:image\/svg+xml;utf8,&lt;svg%20xmlns=&quot;http:\/\/www.w3.org\/2000\/svg&quot;%20viewBox=&quot;0%200%201920%201080&quot;%20height=&quot;1080px&quot;%20width=&quot;1920px&quot;\/&gt;\" data-srcset=\"https:\/\/www.hiperbaric.com\/wp-content\/uploads\/2020\/07\/miniatura-XXANIV.jpg 1920w, https:\/\/www.hiperbaric.com\/wp-content\/uploads\/2020\/07\/miniatura-XXANIV-300x169.jpg 300w, https:\/\/www.hiperbaric.com\/wp-content\/uploads\/2020\/07\/miniatura-XXANIV-1024x576.jpg 1024w, https:\/\/www.hiperbaric.com\/wp-content\/uploads\/2020\/07\/miniatura-XXANIV-768x432.jpg 768w, https:\/\/www.hiperbaric.com\/wp-content\/uploads\/2020\/07\/miniatura-XXANIV-1536x864.jpg 1536w, https:\/\/www.hiperbaric.com\/wp-content\/uploads\/2020\/07\/miniatura-XXANIV-1260x709.jpg 1260w, https:\/\/www.hiperbaric.com\/wp-content\/uploads\/2020\/07\/miniatura-XXANIV-630x354.jpg 630w, https:\/\/www.hiperbaric.com\/wp-content\/uploads\/2020\/07\/miniatura-XXANIV-420x236.jpg 420w, https:\/\/www.hiperbaric.com\/wp-content\/uploads\/2020\/07\/miniatura-XXANIV-840x473.jpg 840w, https:\/\/www.hiperbaric.com\/wp-content\/uploads\/2020\/07\/miniatura-XXANIV-315x177.jpg 315w\" sizes=\"(max-width: 1920px) 100vw, 1920px\" \/><\/div><span class=\"img-shine\"><\/span><\/a><\/div>\n                    <a rel=\"wp-video-lightbox\" class=\"section__tabs-title\" href=\"https:\/\/www.youtube.com\/watch?v=sWG3e8VZtM4&list=PLz-HeIvoO8yDQG4K5YzNnilroahN0Ilc0&index=3\">Evento 20 aniversario de Hiperbaric<\/a><p class=\"section__tabs-description\">El 6 de Noviembre de 2019 celebramos el XX aniversario de Hiperbaric. Un evento multitudinario con asistentes de m\u00e1s de 15 nacionalidades.<\/p><\/div><\/div><\/div><\/div><div id=\"tecnologia-h2-y-servicios-de-hiperbaric\" class=\"tab-pane fade active show\"><div class=\"media__title\"><h2>Tecnolog\u00eda H2 y Servicios de Hiperbaric<\/h2><\/div><div class=\"media__description\"><p><\/p><\/div><div class = \"section__tabs\" id=\"videos\"> <div class=\"row\"><div class=\"col-xl-4 section__tabs-square\"><div class=\"img-shine__container\"><img src=\"\/wp-content\/uploads\/2023\/02\/play-video.svg\" class=\"play\" width=\"60\" height=\"60\"\/><a rel=\"wp-video-lightbox\" href=\"https:\/\/youtu.be\/yxdLVWZYFO8?si=nkO890mwzqbXUl5p\"><div class=\"vamtam-responsive-wrapper\"><img width=\"2560\" height=\"1440\" src=\"https:\/\/www.hiperbaric.com\/wp-content\/uploads\/2024\/10\/GRUPO-COMPRESION-DE-HIDROGENO-HIPERBARIC-scaled.jpg\" class=\"attachment-post-thumbnail size-post-thumbnail wp-post-image\" alt=\"\" decoding=\"async\" srcset=\"data:image\/svg+xml;utf8,&lt;svg%20xmlns=&quot;http:\/\/www.w3.org\/2000\/svg&quot;%20viewBox=&quot;0%200%202560%201440&quot;%20height=&quot;1440px&quot;%20width=&quot;2560px&quot;\/&gt;\" data-srcset=\"https:\/\/www.hiperbaric.com\/wp-content\/uploads\/2024\/10\/GRUPO-COMPRESION-DE-HIDROGENO-HIPERBARIC-scaled.jpg 2560w, https:\/\/www.hiperbaric.com\/wp-content\/uploads\/2024\/10\/GRUPO-COMPRESION-DE-HIDROGENO-HIPERBARIC-300x169.jpg 300w, https:\/\/www.hiperbaric.com\/wp-content\/uploads\/2024\/10\/GRUPO-COMPRESION-DE-HIDROGENO-HIPERBARIC-1024x576.jpg 1024w, https:\/\/www.hiperbaric.com\/wp-content\/uploads\/2024\/10\/GRUPO-COMPRESION-DE-HIDROGENO-HIPERBARIC-768x432.jpg 768w, https:\/\/www.hiperbaric.com\/wp-content\/uploads\/2024\/10\/GRUPO-COMPRESION-DE-HIDROGENO-HIPERBARIC-1536x864.jpg 1536w, https:\/\/www.hiperbaric.com\/wp-content\/uploads\/2024\/10\/GRUPO-COMPRESION-DE-HIDROGENO-HIPERBARIC-2048x1152.jpg 2048w, https:\/\/www.hiperbaric.com\/wp-content\/uploads\/2024\/10\/GRUPO-COMPRESION-DE-HIDROGENO-HIPERBARIC-1260x709.jpg 1260w, https:\/\/www.hiperbaric.com\/wp-content\/uploads\/2024\/10\/GRUPO-COMPRESION-DE-HIDROGENO-HIPERBARIC-630x354.jpg 630w, https:\/\/www.hiperbaric.com\/wp-content\/uploads\/2024\/10\/GRUPO-COMPRESION-DE-HIDROGENO-HIPERBARIC-420x236.jpg 420w, https:\/\/www.hiperbaric.com\/wp-content\/uploads\/2024\/10\/GRUPO-COMPRESION-DE-HIDROGENO-HIPERBARIC-840x473.jpg 840w, https:\/\/www.hiperbaric.com\/wp-content\/uploads\/2024\/10\/GRUPO-COMPRESION-DE-HIDROGENO-HIPERBARIC-315x177.jpg 315w\" sizes=\"(max-width: 2560px) 100vw, 2560px\" \/><\/div><span class=\"img-shine\"><\/span><\/a><\/div>\n                    <a rel=\"wp-video-lightbox\" class=\"section__tabs-title\" href=\"https:\/\/youtu.be\/yxdLVWZYFO8?si=nkO890mwzqbXUl5p\">Dise\u00f1o, fabricaci\u00f3n y montaje de Unidades de Compresi\u00f3n de Hidr\u00f3geno, por Hiperbaric<\/a><p class=\"section__tabs-description\"><\/p><\/div><div class=\"col-xl-4 section__tabs-square\"><div class=\"img-shine__container\"><img src=\"\/wp-content\/uploads\/2023\/02\/play-video.svg\" class=\"play\" width=\"60\" height=\"60\"\/><a rel=\"wp-video-lightbox\" href=\"https:\/\/youtu.be\/_80x3cdAyH0\"><div class=\"vamtam-responsive-wrapper\"><img width=\"1920\" height=\"1080\" src=\"https:\/\/www.hiperbaric.com\/wp-content\/uploads\/2021\/11\/miniatura-VIDEO-PRESENTACION-GRUPO-COMPRESOR_esp.jpg\" class=\"attachment-post-thumbnail size-post-thumbnail wp-post-image\" alt=\"\" decoding=\"async\" srcset=\"data:image\/svg+xml;utf8,&lt;svg%20xmlns=&quot;http:\/\/www.w3.org\/2000\/svg&quot;%20viewBox=&quot;0%200%201920%201080&quot;%20height=&quot;1080px&quot;%20width=&quot;1920px&quot;\/&gt;\" data-srcset=\"https:\/\/www.hiperbaric.com\/wp-content\/uploads\/2021\/11\/miniatura-VIDEO-PRESENTACION-GRUPO-COMPRESOR_esp.jpg 1920w, https:\/\/www.hiperbaric.com\/wp-content\/uploads\/2021\/11\/miniatura-VIDEO-PRESENTACION-GRUPO-COMPRESOR_esp-300x169.jpg 300w, https:\/\/www.hiperbaric.com\/wp-content\/uploads\/2021\/11\/miniatura-VIDEO-PRESENTACION-GRUPO-COMPRESOR_esp-1024x576.jpg 1024w, https:\/\/www.hiperbaric.com\/wp-content\/uploads\/2021\/11\/miniatura-VIDEO-PRESENTACION-GRUPO-COMPRESOR_esp-768x432.jpg 768w, https:\/\/www.hiperbaric.com\/wp-content\/uploads\/2021\/11\/miniatura-VIDEO-PRESENTACION-GRUPO-COMPRESOR_esp-1536x864.jpg 1536w, https:\/\/www.hiperbaric.com\/wp-content\/uploads\/2021\/11\/miniatura-VIDEO-PRESENTACION-GRUPO-COMPRESOR_esp-1260x709.jpg 1260w, https:\/\/www.hiperbaric.com\/wp-content\/uploads\/2021\/11\/miniatura-VIDEO-PRESENTACION-GRUPO-COMPRESOR_esp-630x354.jpg 630w, https:\/\/www.hiperbaric.com\/wp-content\/uploads\/2021\/11\/miniatura-VIDEO-PRESENTACION-GRUPO-COMPRESOR_esp-420x236.jpg 420w, https:\/\/www.hiperbaric.com\/wp-content\/uploads\/2021\/11\/miniatura-VIDEO-PRESENTACION-GRUPO-COMPRESOR_esp-840x473.jpg 840w, https:\/\/www.hiperbaric.com\/wp-content\/uploads\/2021\/11\/miniatura-VIDEO-PRESENTACION-GRUPO-COMPRESOR_esp-315x177.jpg 315w\" sizes=\"(max-width: 1920px) 100vw, 1920px\" \/><\/div><span class=\"img-shine\"><\/span><\/a><\/div>\n                    <a rel=\"wp-video-lightbox\" class=\"section__tabs-title\" href=\"https:\/\/youtu.be\/_80x3cdAyH0\">Hiperbaric: Tecnolog\u00eda de compresi\u00f3n de hidr\u00f3geno a altas presiones<\/a><p class=\"section__tabs-description\"><\/p><\/div><div class=\"col-xl-4 section__tabs-square\"><div class=\"img-shine__container\"><img src=\"\/wp-content\/uploads\/2023\/02\/play-video.svg\" class=\"play\" width=\"60\" height=\"60\"\/><a rel=\"wp-video-lightbox\" href=\"https:\/\/www.youtube.com\/watch?v=MDF3hqjqdIM&t=8s\"><div class=\"vamtam-responsive-wrapper\"><img width=\"1920\" height=\"1080\" src=\"https:\/\/www.hiperbaric.com\/wp-content\/uploads\/2021\/09\/miniatura-ENTREGA-DE-GRUPO-H2-2.jpg\" class=\"attachment-post-thumbnail size-post-thumbnail wp-post-image\" alt=\"\" decoding=\"async\" srcset=\"data:image\/svg+xml;utf8,&lt;svg%20xmlns=&quot;http:\/\/www.w3.org\/2000\/svg&quot;%20viewBox=&quot;0%200%201920%201080&quot;%20height=&quot;1080px&quot;%20width=&quot;1920px&quot;\/&gt;\" data-srcset=\"https:\/\/www.hiperbaric.com\/wp-content\/uploads\/2021\/09\/miniatura-ENTREGA-DE-GRUPO-H2-2.jpg 1920w, https:\/\/www.hiperbaric.com\/wp-content\/uploads\/2021\/09\/miniatura-ENTREGA-DE-GRUPO-H2-2-300x169.jpg 300w, https:\/\/www.hiperbaric.com\/wp-content\/uploads\/2021\/09\/miniatura-ENTREGA-DE-GRUPO-H2-2-1024x576.jpg 1024w, https:\/\/www.hiperbaric.com\/wp-content\/uploads\/2021\/09\/miniatura-ENTREGA-DE-GRUPO-H2-2-768x432.jpg 768w, https:\/\/www.hiperbaric.com\/wp-content\/uploads\/2021\/09\/miniatura-ENTREGA-DE-GRUPO-H2-2-1536x864.jpg 1536w, https:\/\/www.hiperbaric.com\/wp-content\/uploads\/2021\/09\/miniatura-ENTREGA-DE-GRUPO-H2-2-1260x709.jpg 1260w, https:\/\/www.hiperbaric.com\/wp-content\/uploads\/2021\/09\/miniatura-ENTREGA-DE-GRUPO-H2-2-630x354.jpg 630w, https:\/\/www.hiperbaric.com\/wp-content\/uploads\/2021\/09\/miniatura-ENTREGA-DE-GRUPO-H2-2-420x236.jpg 420w, https:\/\/www.hiperbaric.com\/wp-content\/uploads\/2021\/09\/miniatura-ENTREGA-DE-GRUPO-H2-2-840x473.jpg 840w, https:\/\/www.hiperbaric.com\/wp-content\/uploads\/2021\/09\/miniatura-ENTREGA-DE-GRUPO-H2-2-315x177.jpg 315w\" sizes=\"(max-width: 1920px) 100vw, 1920px\" \/><\/div><span class=\"img-shine\"><\/span><\/a><\/div>\n                    <a rel=\"wp-video-lightbox\" class=\"section__tabs-title\" href=\"https:\/\/www.youtube.com\/watch?v=MDF3hqjqdIM&t=8s\">RTVE: Hiperbaric entrega el primer compresor de Hidr\u00f3geno al Centro Nacional del Hidr\u00f3geno<\/a><p class=\"section__tabs-description\"><\/p><\/div><\/div><div class=\"row\"><div class=\"col-xl-4 section__tabs-square\"><div class=\"img-shine__container\"><img src=\"\/wp-content\/uploads\/2023\/02\/play-video.svg\" class=\"play\" width=\"60\" height=\"60\"\/><a rel=\"wp-video-lightbox\" href=\"https:\/\/www.youtube.com\/watch?v=uNEXfIA9TBQ&t=1s\"><div class=\"vamtam-responsive-wrapper\"><img width=\"1920\" height=\"1080\" src=\"https:\/\/www.hiperbaric.com\/wp-content\/uploads\/2021\/09\/miniatura-HIPERBARIC-H2.jpg\" class=\"attachment-post-thumbnail size-post-thumbnail wp-post-image\" alt=\"\" decoding=\"async\" srcset=\"data:image\/svg+xml;utf8,&lt;svg%20xmlns=&quot;http:\/\/www.w3.org\/2000\/svg&quot;%20viewBox=&quot;0%200%201920%201080&quot;%20height=&quot;1080px&quot;%20width=&quot;1920px&quot;\/&gt;\" data-srcset=\"https:\/\/www.hiperbaric.com\/wp-content\/uploads\/2021\/09\/miniatura-HIPERBARIC-H2.jpg 1920w, https:\/\/www.hiperbaric.com\/wp-content\/uploads\/2021\/09\/miniatura-HIPERBARIC-H2-300x169.jpg 300w, https:\/\/www.hiperbaric.com\/wp-content\/uploads\/2021\/09\/miniatura-HIPERBARIC-H2-1024x576.jpg 1024w, https:\/\/www.hiperbaric.com\/wp-content\/uploads\/2021\/09\/miniatura-HIPERBARIC-H2-768x432.jpg 768w, https:\/\/www.hiperbaric.com\/wp-content\/uploads\/2021\/09\/miniatura-HIPERBARIC-H2-1536x864.jpg 1536w, https:\/\/www.hiperbaric.com\/wp-content\/uploads\/2021\/09\/miniatura-HIPERBARIC-H2-1260x709.jpg 1260w, https:\/\/www.hiperbaric.com\/wp-content\/uploads\/2021\/09\/miniatura-HIPERBARIC-H2-630x354.jpg 630w, https:\/\/www.hiperbaric.com\/wp-content\/uploads\/2021\/09\/miniatura-HIPERBARIC-H2-420x236.jpg 420w, https:\/\/www.hiperbaric.com\/wp-content\/uploads\/2021\/09\/miniatura-HIPERBARIC-H2-840x473.jpg 840w, https:\/\/www.hiperbaric.com\/wp-content\/uploads\/2021\/09\/miniatura-HIPERBARIC-H2-315x177.jpg 315w\" sizes=\"(max-width: 1920px) 100vw, 1920px\" \/><\/div><span class=\"img-shine\"><\/span><\/a><\/div>\n                    <a rel=\"wp-video-lightbox\" class=\"section__tabs-title\" href=\"https:\/\/www.youtube.com\/watch?v=uNEXfIA9TBQ&t=1s\">Hiperbaric, primer fabricante espa\u00f1ol de compresores de hidr\u00f3geno a alta presi\u00f3n<\/a><p class=\"section__tabs-description\"><\/p><\/div><\/div><\/div><\/div><\/div>\n","protected":false},"excerpt":{"rendered":"","protected":false},"author":1,"featured_media":0,"parent":32763,"menu_order":0,"comment_status":"closed","ping_status":"closed","template":"","meta":{"om_disable_all_campaigns":false,"inline_featured_image":false,"_monsterinsights_skip_tracking":false,"_monsterinsights_sitenote_active":false,"_monsterinsights_sitenote_note":"","_monsterinsights_sitenote_category":0,"footnotes":"","_wp_rev_ctl_limit":""},"acf":[],"yoast_head":"<!-- This site is optimized with the Yoast SEO plugin v22.4 - https:\/\/yoast.com\/wordpress\/plugins\/seo\/ -->\n<title>V\u00eddeos - Hiperbaric<\/title>\n<meta name=\"robots\" content=\"index, follow, max-snippet:-1, max-image-preview:large, max-video-preview:-1\" \/>\n<link rel=\"canonical\" href=\"https:\/\/www.hiperbaric.com\/es\/compresion-h2\/recursos-tecnologia-h2\/videos\/\" \/>\n<meta property=\"og:locale\" content=\"es_ES\" \/>\n<meta property=\"og:type\" content=\"article\" \/>\n<meta property=\"og:title\" content=\"V\u00eddeos - Hiperbaric\" \/>\n<meta property=\"og:url\" content=\"https:\/\/www.hiperbaric.com\/es\/compresion-h2\/recursos-tecnologia-h2\/videos\/\" \/>\n<meta property=\"og:site_name\" content=\"Hiperbaric\" \/>\n<meta property=\"article:modified_time\" content=\"2021-09-15T09:36:20+00:00\" \/>\n<meta name=\"twitter:card\" content=\"summary_large_image\" \/>\n<script type=\"application\/ld+json\" class=\"yoast-schema-graph\">{\"@context\":\"https:\/\/schema.org\",\"@graph\":[{\"@type\":\"WebPage\",\"@id\":\"https:\/\/www.hiperbaric.com\/es\/compresion-h2\/recursos-tecnologia-h2\/videos\/\",\"url\":\"https:\/\/www.hiperbaric.com\/es\/compresion-h2\/recursos-tecnologia-h2\/videos\/\",\"name\":\"V\u00eddeos - Hiperbaric\",\"isPartOf\":{\"@id\":\"https:\/\/www.hiperbaric.com\/en\/#website\"},\"datePublished\":\"2021-09-15T08:26:17+00:00\",\"dateModified\":\"2021-09-15T09:36:20+00:00\",\"breadcrumb\":{\"@id\":\"https:\/\/www.hiperbaric.com\/es\/compresion-h2\/recursos-tecnologia-h2\/videos\/#breadcrumb\"},\"inLanguage\":\"es\",\"potentialAction\":[{\"@type\":\"ReadAction\",\"target\":[\"https:\/\/www.hiperbaric.com\/es\/compresion-h2\/recursos-tecnologia-h2\/videos\/\"]}]},{\"@type\":\"BreadcrumbList\",\"@id\":\"https:\/\/www.hiperbaric.com\/es\/compresion-h2\/recursos-tecnologia-h2\/videos\/#breadcrumb\",\"itemListElement\":[{\"@type\":\"ListItem\",\"position\":1,\"name\":\"Home\",\"item\":\"https:\/\/www.hiperbaric.com\/es\/\"},{\"@type\":\"ListItem\",\"position\":2,\"name\":\"Compresi\u00f3n H2\",\"item\":\"https:\/\/www.hiperbaric.com\/es\/compresion-h2\/\"},{\"@type\":\"ListItem\",\"position\":3,\"name\":\"Recursos H2\",\"item\":\"https:\/\/www.hiperbaric.com\/es\/compresion-h2\/recursos-tecnologia-h2\/\"},{\"@type\":\"ListItem\",\"position\":4,\"name\":\"V\u00eddeos\"}]},{\"@type\":\"WebSite\",\"@id\":\"https:\/\/www.hiperbaric.com\/en\/#website\",\"url\":\"https:\/\/www.hiperbaric.com\/en\/\",\"name\":\"Hiperbaric\",\"description\":\"Procesado para la conservaci\u00f3n de alimentos\",\"publisher\":{\"@id\":\"https:\/\/www.hiperbaric.com\/en\/#organization\"},\"potentialAction\":[{\"@type\":\"SearchAction\",\"target\":{\"@type\":\"EntryPoint\",\"urlTemplate\":\"https:\/\/www.hiperbaric.com\/en\/?s={search_term_string}\"},\"query-input\":\"required name=search_term_string\"}],\"inLanguage\":\"es\"},{\"@type\":\"Organization\",\"@id\":\"https:\/\/www.hiperbaric.com\/en\/#organization\",\"name\":\"Hiperbaric\",\"url\":\"https:\/\/www.hiperbaric.com\/en\/\",\"logo\":{\"@type\":\"ImageObject\",\"inLanguage\":\"es\",\"@id\":\"https:\/\/www.hiperbaric.com\/en\/#\/schema\/logo\/image\/\",\"url\":\"https:\/\/www.hiperbaric.com\/wp-content\/uploads\/2026\/01\/cropped-hiperbaric-logotipo-1-2.png\",\"contentUrl\":\"https:\/\/www.hiperbaric.com\/wp-content\/uploads\/2026\/01\/cropped-hiperbaric-logotipo-1-2.png\",\"width\":340,\"height\":72,\"caption\":\"Hiperbaric\"},\"image\":{\"@id\":\"https:\/\/www.hiperbaric.com\/en\/#\/schema\/logo\/image\/\"}}]}<\/script>\n<!-- \/ Yoast SEO plugin. -->","yoast_head_json":{"title":"V\u00eddeos - Hiperbaric","robots":{"index":"index","follow":"follow","max-snippet":"max-snippet:-1","max-image-preview":"max-image-preview:large","max-video-preview":"max-video-preview:-1"},"canonical":"https:\/\/www.hiperbaric.com\/es\/compresion-h2\/recursos-tecnologia-h2\/videos\/","og_locale":"es_ES","og_type":"article","og_title":"V\u00eddeos - Hiperbaric","og_url":"https:\/\/www.hiperbaric.com\/es\/compresion-h2\/recursos-tecnologia-h2\/videos\/","og_site_name":"Hiperbaric","article_modified_time":"2021-09-15T09:36:20+00:00","twitter_card":"summary_large_image","schema":{"@context":"https:\/\/schema.org","@graph":[{"@type":"WebPage","@id":"https:\/\/www.hiperbaric.com\/es\/compresion-h2\/recursos-tecnologia-h2\/videos\/","url":"https:\/\/www.hiperbaric.com\/es\/compresion-h2\/recursos-tecnologia-h2\/videos\/","name":"V\u00eddeos - Hiperbaric","isPartOf":{"@id":"https:\/\/www.hiperbaric.com\/en\/#website"},"datePublished":"2021-09-15T08:26:17+00:00","dateModified":"2021-09-15T09:36:20+00:00","breadcrumb":{"@id":"https:\/\/www.hiperbaric.com\/es\/compresion-h2\/recursos-tecnologia-h2\/videos\/#breadcrumb"},"inLanguage":"es","potentialAction":[{"@type":"ReadAction","target":["https:\/\/www.hiperbaric.com\/es\/compresion-h2\/recursos-tecnologia-h2\/videos\/"]}]},{"@type":"BreadcrumbList","@id":"https:\/\/www.hiperbaric.com\/es\/compresion-h2\/recursos-tecnologia-h2\/videos\/#breadcrumb","itemListElement":[{"@type":"ListItem","position":1,"name":"Home","item":"https:\/\/www.hiperbaric.com\/es\/"},{"@type":"ListItem","position":2,"name":"Compresi\u00f3n H2","item":"https:\/\/www.hiperbaric.com\/es\/compresion-h2\/"},{"@type":"ListItem","position":3,"name":"Recursos H2","item":"https:\/\/www.hiperbaric.com\/es\/compresion-h2\/recursos-tecnologia-h2\/"},{"@type":"ListItem","position":4,"name":"V\u00eddeos"}]},{"@type":"WebSite","@id":"https:\/\/www.hiperbaric.com\/en\/#website","url":"https:\/\/www.hiperbaric.com\/en\/","name":"Hiperbaric","description":"Procesado para la conservaci\u00f3n de alimentos","publisher":{"@id":"https:\/\/www.hiperbaric.com\/en\/#organization"},"potentialAction":[{"@type":"SearchAction","target":{"@type":"EntryPoint","urlTemplate":"https:\/\/www.hiperbaric.com\/en\/?s={search_term_string}"},"query-input":"required name=search_term_string"}],"inLanguage":"es"},{"@type":"Organization","@id":"https:\/\/www.hiperbaric.com\/en\/#organization","name":"Hiperbaric","url":"https:\/\/www.hiperbaric.com\/en\/","logo":{"@type":"ImageObject","inLanguage":"es","@id":"https:\/\/www.hiperbaric.com\/en\/#\/schema\/logo\/image\/","url":"https:\/\/www.hiperbaric.com\/wp-content\/uploads\/2026\/01\/cropped-hiperbaric-logotipo-1-2.png","contentUrl":"https:\/\/www.hiperbaric.com\/wp-content\/uploads\/2026\/01\/cropped-hiperbaric-logotipo-1-2.png","width":340,"height":72,"caption":"Hiperbaric"},"image":{"@id":"https:\/\/www.hiperbaric.com\/en\/#\/schema\/logo\/image\/"}}]}},"_links":{"self":[{"href":"https:\/\/www.hiperbaric.com\/es\/wp-json\/wp\/v2\/pages\/32771"}],"collection":[{"href":"https:\/\/www.hiperbaric.com\/es\/wp-json\/wp\/v2\/pages"}],"about":[{"href":"https:\/\/www.hiperbaric.com\/es\/wp-json\/wp\/v2\/types\/page"}],"author":[{"embeddable":true,"href":"https:\/\/www.hiperbaric.com\/es\/wp-json\/wp\/v2\/users\/1"}],"replies":[{"embeddable":true,"href":"https:\/\/www.hiperbaric.com\/es\/wp-json\/wp\/v2\/comments?post=32771"}],"version-history":[{"count":0,"href":"https:\/\/www.hiperbaric.com\/es\/wp-json\/wp\/v2\/pages\/32771\/revisions"}],"up":[{"embeddable":true,"href":"https:\/\/www.hiperbaric.com\/es\/wp-json\/wp\/v2\/pages\/32763"}],"wp:attachment":[{"href":"https:\/\/www.hiperbaric.com\/es\/wp-json\/wp\/v2\/media?parent=32771"}],"curies":[{"name":"wp","href":"https:\/\/api.w.org\/{rel}","templated":true}]}}