{"id":32763,"date":"2021-09-15T10:13:03","date_gmt":"2021-09-15T08:13:03","guid":{"rendered":"https:\/\/www.hiperbaric.com\/?page_id=32763"},"modified":"2021-09-15T12:15:12","modified_gmt":"2021-09-15T10:15:12","slug":"recursos-tecnologia-h2","status":"publish","type":"page","link":"https:\/\/www.hiperbaric.com\/es\/compresion-h2\/recursos-tecnologia-h2\/","title":{"rendered":"Recursos H2"},"content":{"rendered":"\n\t\t\t\t<a href=\"\/compresion-h2\/recursos-tecnologia-h2\/videos\" target=\"_self\" itemprop=\"url\" rel=\"noopener noreferrer\">\n\t\t\t\t<img decoding=\"async\" loading=\"lazy\" src=\"https:\/\/www.hiperbaric.com\/wp-content\/uploads\/2020\/08\/VIDEOS-HIP.jpg\" alt=\"VIDEOS\" itemprop=\"image\" height=\"370\" width=\"550\" onerror=\"this.style.display='none'\"  \/>\n\t\t\t\t\t\t<\/a>\n    <h3>Eventos<\/h3>\n    <a href=\"#\">EXPLORAR ><\/a>\n\t\t\t\t<a href=\"\/compresion-h2\/recursos-tecnologia-h2\/eventos\" target=\"_self\" itemprop=\"url\" rel=\"noopener noreferrer\">\n\t\t\t\t<img decoding=\"async\" loading=\"lazy\" src=\"https:\/\/www.hiperbaric.com\/wp-content\/uploads\/2020\/08\/EVENTOS-HIP.jpg\" alt=\"EVENTOS\" itemprop=\"image\" height=\"370\" width=\"550\" onerror=\"this.style.display='none'\"  \/>\n\t\t\t\t\t\t<\/a>\n\t\t\t\t<a href=\"\/compresion-h2\/recursos-tecnologia-h2\/sala-de-prensa\/\" target=\"_self\" itemprop=\"url\" rel=\"noopener noreferrer\">\n\t\t\t\t<img decoding=\"async\" loading=\"lazy\" src=\"https:\/\/www.hiperbaric.com\/wp-content\/uploads\/2020\/08\/sala-de-prensa-1.jpg\" alt=\"SALA DE PRENSA\" itemprop=\"image\" height=\"370\" width=\"550\" onerror=\"this.style.display='none'\"  \/>\n\t\t\t\t\t\t<\/a>\n    <h3>HPP<\/h3>\n    <a href=\"\/tecnologia-hpp\/blog-hpp\/\">EXPLORAR ><\/a>\n\t<h2 data-element-id=\"hmap-4\"><strong>V\u00eddeos<\/strong><\/h2>\n\tVisualiza los v\u00eddeos sobre la tecnolog\u00eda y servicios H2 de Hiperbaric, clientes y presencia corporativa de Hiperbaric.<br \/>\n\n\t<a href=\"\/compresion-h2\/recursos-tecnologia-h2\/videos\/\">VER VIDEOS ><\/a>\n\t<h2 data-element-id=\"hmap-4\"><strong>Eventos<\/strong><\/h2>\n\tDescubre en qu\u00e9 eventos, conferencias y ferias comerciales alrededor de todo el mundo puedes encontrarnos.<br \/>\n\n\t<a href=\"\/compresion-h2\/recursos-tecnologia-h2\/eventos\/\">VER EVENTOS ><\/a>\n\t<h2 data-element-id=\"hmap-4\"><strong>Sala de prensa<br \/>\n<\/strong><\/h2>\n\tConsulta y descarga toda la informaci\u00f3n actualizada sobre la compa\u00f1\u00eda: noticias, notas de prensa, fotograf\u00edas y material.<br \/>\n\n\t<a href=\"\/compresion-h2\/recursos-tecnologia-h2\/sala-de-prensa\/\">VER SALA DE PRENSA ><\/a>\n\t\t\t\t<a href=\"\/compresion-h2\/blog-h2\/\" target=\"_self\" itemprop=\"url\" rel=\"noopener noreferrer\">\n\t\t\t\t<img decoding=\"async\" loading=\"lazy\" src=\"https:\/\/www.hiperbaric.com\/wp-content\/uploads\/2020\/08\/blog-hip.jpg\" alt=\"BLOG\" itemprop=\"image\" height=\"370\" width=\"550\" onerror=\"this.style.display='none'\"  \/>\n\t\t\t\t\t\t<\/a>\n    <h3>V\u00eddeos<\/h3>\n    <a href=\"#\">EXPLORAR ><\/a>\n\t<h2 data-element-id=\"hmap-4\"><strong>Blog<\/strong><\/h2>\n\tEncuentra los posts m\u00e1s interesantes sobre tecnolog\u00eda H2y sus m\u00faltiples aplicaciones y t\u00e9cnicas de fabricaci\u00f3n.<br \/>\n\n\t<a href=\"\/compresion-h2\/blog-h2\/\">VER BLOG ><\/a>\n","protected":false},"excerpt":{"rendered":"<p>Eventos EXPLORAR > HPP EXPLORAR > V\u00eddeos Visualiza los v\u00eddeos sobre la tecnolog\u00eda y servicios H2 de Hiperbaric, clientes y presencia corporativa de Hiperbaric. VER VIDEOS > Eventos Descubre en qu\u00e9 eventos, conferencias y ferias comerciales alrededor de todo el mundo puedes encontrarnos. VER EVENTOS > Sala de prensa Consulta y descarga toda la informaci\u00f3n&#8230;<\/p>\n","protected":false},"author":1,"featured_media":0,"parent":28367,"menu_order":0,"comment_status":"closed","ping_status":"closed","template":"","meta":{"om_disable_all_campaigns":false,"inline_featured_image":false,"_monsterinsights_skip_tracking":false,"_monsterinsights_sitenote_active":false,"_monsterinsights_sitenote_note":"","_monsterinsights_sitenote_category":0,"footnotes":"","_wp_rev_ctl_limit":""},"acf":[],"yoast_head":"<!-- This site is optimized with the Yoast SEO plugin v22.4 - https:\/\/yoast.com\/wordpress\/plugins\/seo\/ -->\n<title>Recursos H2 - Hiperbaric<\/title>\n<meta name=\"robots\" content=\"index, follow, max-snippet:-1, max-image-preview:large, max-video-preview:-1\" \/>\n<link rel=\"canonical\" href=\"https:\/\/www.hiperbaric.com\/es\/compresion-h2\/recursos-tecnologia-h2\/\" \/>\n<meta property=\"og:locale\" content=\"es_ES\" \/>\n<meta property=\"og:type\" content=\"article\" \/>\n<meta property=\"og:title\" content=\"Recursos H2 - Hiperbaric\" \/>\n<meta property=\"og:description\" content=\"Eventos EXPLORAR &gt; HPP EXPLORAR &gt; V\u00eddeos Visualiza los v\u00eddeos sobre la tecnolog\u00eda y servicios H2 de Hiperbaric, clientes y presencia corporativa de Hiperbaric. VER VIDEOS &gt; Eventos Descubre en qu\u00e9 eventos, conferencias y ferias comerciales alrededor de todo el mundo puedes encontrarnos. VER EVENTOS &gt; Sala de prensa Consulta y descarga toda la informaci\u00f3n...\" \/>\n<meta property=\"og:url\" content=\"https:\/\/www.hiperbaric.com\/es\/compresion-h2\/recursos-tecnologia-h2\/\" \/>\n<meta property=\"og:site_name\" content=\"Hiperbaric\" \/>\n<meta property=\"article:modified_time\" content=\"2021-09-15T10:15:12+00:00\" \/>\n<meta property=\"og:image\" content=\"https:\/\/www.hiperbaric.com\/wp-content\/uploads\/2020\/08\/VIDEOS-HIP.jpg\" \/>\n<meta name=\"twitter:card\" content=\"summary_large_image\" \/>\n<script type=\"application\/ld+json\" class=\"yoast-schema-graph\">{\"@context\":\"https:\/\/schema.org\",\"@graph\":[{\"@type\":\"WebPage\",\"@id\":\"https:\/\/www.hiperbaric.com\/es\/compresion-h2\/recursos-tecnologia-h2\/\",\"url\":\"https:\/\/www.hiperbaric.com\/es\/compresion-h2\/recursos-tecnologia-h2\/\",\"name\":\"Recursos H2 - Hiperbaric\",\"isPartOf\":{\"@id\":\"https:\/\/www.hiperbaric.com\/en\/#website\"},\"primaryImageOfPage\":{\"@id\":\"https:\/\/www.hiperbaric.com\/es\/compresion-h2\/recursos-tecnologia-h2\/#primaryimage\"},\"image\":{\"@id\":\"https:\/\/www.hiperbaric.com\/es\/compresion-h2\/recursos-tecnologia-h2\/#primaryimage\"},\"thumbnailUrl\":\"https:\/\/www.hiperbaric.com\/wp-content\/uploads\/2020\/08\/VIDEOS-HIP.jpg\",\"datePublished\":\"2021-09-15T08:13:03+00:00\",\"dateModified\":\"2021-09-15T10:15:12+00:00\",\"breadcrumb\":{\"@id\":\"https:\/\/www.hiperbaric.com\/es\/compresion-h2\/recursos-tecnologia-h2\/#breadcrumb\"},\"inLanguage\":\"es\",\"potentialAction\":[{\"@type\":\"ReadAction\",\"target\":[\"https:\/\/www.hiperbaric.com\/es\/compresion-h2\/recursos-tecnologia-h2\/\"]}]},{\"@type\":\"ImageObject\",\"inLanguage\":\"es\",\"@id\":\"https:\/\/www.hiperbaric.com\/es\/compresion-h2\/recursos-tecnologia-h2\/#primaryimage\",\"url\":\"https:\/\/www.hiperbaric.com\/wp-content\/uploads\/2020\/08\/VIDEOS-HIP.jpg\",\"contentUrl\":\"https:\/\/www.hiperbaric.com\/wp-content\/uploads\/2020\/08\/VIDEOS-HIP.jpg\"},{\"@type\":\"BreadcrumbList\",\"@id\":\"https:\/\/www.hiperbaric.com\/es\/compresion-h2\/recursos-tecnologia-h2\/#breadcrumb\",\"itemListElement\":[{\"@type\":\"ListItem\",\"position\":1,\"name\":\"Home\",\"item\":\"https:\/\/www.hiperbaric.com\/es\/\"},{\"@type\":\"ListItem\",\"position\":2,\"name\":\"Compresi\u00f3n H2\",\"item\":\"https:\/\/www.hiperbaric.com\/es\/compresion-h2\/\"},{\"@type\":\"ListItem\",\"position\":3,\"name\":\"Recursos H2\"}]},{\"@type\":\"WebSite\",\"@id\":\"https:\/\/www.hiperbaric.com\/en\/#website\",\"url\":\"https:\/\/www.hiperbaric.com\/en\/\",\"name\":\"Hiperbaric\",\"description\":\"Procesado para la conservaci\u00f3n de alimentos\",\"publisher\":{\"@id\":\"https:\/\/www.hiperbaric.com\/en\/#organization\"},\"potentialAction\":[{\"@type\":\"SearchAction\",\"target\":{\"@type\":\"EntryPoint\",\"urlTemplate\":\"https:\/\/www.hiperbaric.com\/en\/?s={search_term_string}\"},\"query-input\":\"required name=search_term_string\"}],\"inLanguage\":\"es\"},{\"@type\":\"Organization\",\"@id\":\"https:\/\/www.hiperbaric.com\/en\/#organization\",\"name\":\"Hiperbaric\",\"url\":\"https:\/\/www.hiperbaric.com\/en\/\",\"logo\":{\"@type\":\"ImageObject\",\"inLanguage\":\"es\",\"@id\":\"https:\/\/www.hiperbaric.com\/en\/#\/schema\/logo\/image\/\",\"url\":\"https:\/\/www.hiperbaric.com\/wp-content\/uploads\/2026\/01\/cropped-hiperbaric-logotipo-1-2.png\",\"contentUrl\":\"https:\/\/www.hiperbaric.com\/wp-content\/uploads\/2026\/01\/cropped-hiperbaric-logotipo-1-2.png\",\"width\":340,\"height\":72,\"caption\":\"Hiperbaric\"},\"image\":{\"@id\":\"https:\/\/www.hiperbaric.com\/en\/#\/schema\/logo\/image\/\"}}]}<\/script>\n<!-- \/ Yoast SEO plugin. -->","yoast_head_json":{"title":"Recursos H2 - Hiperbaric","robots":{"index":"index","follow":"follow","max-snippet":"max-snippet:-1","max-image-preview":"max-image-preview:large","max-video-preview":"max-video-preview:-1"},"canonical":"https:\/\/www.hiperbaric.com\/es\/compresion-h2\/recursos-tecnologia-h2\/","og_locale":"es_ES","og_type":"article","og_title":"Recursos H2 - Hiperbaric","og_description":"Eventos EXPLORAR > HPP EXPLORAR > V\u00eddeos Visualiza los v\u00eddeos sobre la tecnolog\u00eda y servicios H2 de Hiperbaric, clientes y presencia corporativa de Hiperbaric. VER VIDEOS > Eventos Descubre en qu\u00e9 eventos, conferencias y ferias comerciales alrededor de todo el mundo puedes encontrarnos. VER EVENTOS > Sala de prensa Consulta y descarga toda la informaci\u00f3n...","og_url":"https:\/\/www.hiperbaric.com\/es\/compresion-h2\/recursos-tecnologia-h2\/","og_site_name":"Hiperbaric","article_modified_time":"2021-09-15T10:15:12+00:00","og_image":[{"url":"https:\/\/www.hiperbaric.com\/wp-content\/uploads\/2020\/08\/VIDEOS-HIP.jpg"}],"twitter_card":"summary_large_image","schema":{"@context":"https:\/\/schema.org","@graph":[{"@type":"WebPage","@id":"https:\/\/www.hiperbaric.com\/es\/compresion-h2\/recursos-tecnologia-h2\/","url":"https:\/\/www.hiperbaric.com\/es\/compresion-h2\/recursos-tecnologia-h2\/","name":"Recursos H2 - Hiperbaric","isPartOf":{"@id":"https:\/\/www.hiperbaric.com\/en\/#website"},"primaryImageOfPage":{"@id":"https:\/\/www.hiperbaric.com\/es\/compresion-h2\/recursos-tecnologia-h2\/#primaryimage"},"image":{"@id":"https:\/\/www.hiperbaric.com\/es\/compresion-h2\/recursos-tecnologia-h2\/#primaryimage"},"thumbnailUrl":"https:\/\/www.hiperbaric.com\/wp-content\/uploads\/2020\/08\/VIDEOS-HIP.jpg","datePublished":"2021-09-15T08:13:03+00:00","dateModified":"2021-09-15T10:15:12+00:00","breadcrumb":{"@id":"https:\/\/www.hiperbaric.com\/es\/compresion-h2\/recursos-tecnologia-h2\/#breadcrumb"},"inLanguage":"es","potentialAction":[{"@type":"ReadAction","target":["https:\/\/www.hiperbaric.com\/es\/compresion-h2\/recursos-tecnologia-h2\/"]}]},{"@type":"ImageObject","inLanguage":"es","@id":"https:\/\/www.hiperbaric.com\/es\/compresion-h2\/recursos-tecnologia-h2\/#primaryimage","url":"https:\/\/www.hiperbaric.com\/wp-content\/uploads\/2020\/08\/VIDEOS-HIP.jpg","contentUrl":"https:\/\/www.hiperbaric.com\/wp-content\/uploads\/2020\/08\/VIDEOS-HIP.jpg"},{"@type":"BreadcrumbList","@id":"https:\/\/www.hiperbaric.com\/es\/compresion-h2\/recursos-tecnologia-h2\/#breadcrumb","itemListElement":[{"@type":"ListItem","position":1,"name":"Home","item":"https:\/\/www.hiperbaric.com\/es\/"},{"@type":"ListItem","position":2,"name":"Compresi\u00f3n H2","item":"https:\/\/www.hiperbaric.com\/es\/compresion-h2\/"},{"@type":"ListItem","position":3,"name":"Recursos H2"}]},{"@type":"WebSite","@id":"https:\/\/www.hiperbaric.com\/en\/#website","url":"https:\/\/www.hiperbaric.com\/en\/","name":"Hiperbaric","description":"Procesado para la conservaci\u00f3n de alimentos","publisher":{"@id":"https:\/\/www.hiperbaric.com\/en\/#organization"},"potentialAction":[{"@type":"SearchAction","target":{"@type":"EntryPoint","urlTemplate":"https:\/\/www.hiperbaric.com\/en\/?s={search_term_string}"},"query-input":"required name=search_term_string"}],"inLanguage":"es"},{"@type":"Organization","@id":"https:\/\/www.hiperbaric.com\/en\/#organization","name":"Hiperbaric","url":"https:\/\/www.hiperbaric.com\/en\/","logo":{"@type":"ImageObject","inLanguage":"es","@id":"https:\/\/www.hiperbaric.com\/en\/#\/schema\/logo\/image\/","url":"https:\/\/www.hiperbaric.com\/wp-content\/uploads\/2026\/01\/cropped-hiperbaric-logotipo-1-2.png","contentUrl":"https:\/\/www.hiperbaric.com\/wp-content\/uploads\/2026\/01\/cropped-hiperbaric-logotipo-1-2.png","width":340,"height":72,"caption":"Hiperbaric"},"image":{"@id":"https:\/\/www.hiperbaric.com\/en\/#\/schema\/logo\/image\/"}}]}},"_links":{"self":[{"href":"https:\/\/www.hiperbaric.com\/es\/wp-json\/wp\/v2\/pages\/32763"}],"collection":[{"href":"https:\/\/www.hiperbaric.com\/es\/wp-json\/wp\/v2\/pages"}],"about":[{"href":"https:\/\/www.hiperbaric.com\/es\/wp-json\/wp\/v2\/types\/page"}],"author":[{"embeddable":true,"href":"https:\/\/www.hiperbaric.com\/es\/wp-json\/wp\/v2\/users\/1"}],"replies":[{"embeddable":true,"href":"https:\/\/www.hiperbaric.com\/es\/wp-json\/wp\/v2\/comments?post=32763"}],"version-history":[{"count":0,"href":"https:\/\/www.hiperbaric.com\/es\/wp-json\/wp\/v2\/pages\/32763\/revisions"}],"up":[{"embeddable":true,"href":"https:\/\/www.hiperbaric.com\/es\/wp-json\/wp\/v2\/pages\/28367"}],"wp:attachment":[{"href":"https:\/\/www.hiperbaric.com\/es\/wp-json\/wp\/v2\/media?parent=32763"}],"curies":[{"name":"wp","href":"https:\/\/api.w.org\/{rel}","templated":true}]}}