{"id":32383,"date":"2021-09-07T11:16:54","date_gmt":"2021-09-07T09:16:54","guid":{"rendered":"https:\/\/www.hiperbaric.com\/?page_id=32383"},"modified":"2025-11-20T09:56:07","modified_gmt":"2025-11-20T08:56:07","slug":"hiperbaric-10-20-hip","status":"publish","type":"page","link":"https:\/\/www.hiperbaric.com\/es\/tecnologia-hip\/equipos\/hiperbaric-10-20-hip\/","title":{"rendered":"Hiperbaric 20 HIP"},"content":{"rendered":"\r\n<h1>Hiperbaric 10-20 HIP<\/h1>\r\n<p><strong>Presi\u00f3n de operaci\u00f3n<\/strong><\/p>\r\n<p><img decoding=\"async\" loading=\"lazy\" title=\"ICONOS HIP WEB-PRESI\u00d3N-10\" src=\"https:\/\/www.hiperbaric.com\/wp-content\/uploads\/2025\/11\/ICONOS-HIP-WEB-PRESION-10.png\" alt=\"ICONOS HIP WEB-PRESI\u00d3N-10\" width=\"337\" height=\"47\" \/> <img decoding=\"async\" loading=\"lazy\" title=\"ICONOS HIP WEB-PRESI\u00d3N-20\" src=\"https:\/\/www.hiperbaric.com\/wp-content\/uploads\/2023\/11\/ICONOS-HIP-WEB-PRESION-20.png\" alt=\"ICONOS HIP WEB-PRESI\u00d3N-20\" width=\"1405\" height=\"193\" \/><\/p>\r\n<p><strong>Carga m\u00e1xima (Molibdeno \/ Grafito)<\/strong><\/p>\r\n<p><img decoding=\"async\" loading=\"lazy\" title=\"ICONOS HIP WEB_CARGA M\u00c1XIMA-10\" src=\"https:\/\/www.hiperbaric.com\/wp-content\/uploads\/2025\/11\/ICONOS-HIP-WEB_CARGA-MAXIMA-10.png\" alt=\"ICONOS HIP WEB_CARGA M\u00c1XIMA-10\" width=\"1014\" height=\"193\" \/> <img decoding=\"async\" loading=\"lazy\" title=\"ICONOS HIP WEB_CARGA M\u00c1XIMA-20\" src=\"https:\/\/www.hiperbaric.com\/wp-content\/uploads\/2023\/11\/ICONOS-HIP-WEB_CARGA-MAXIMA-20.png\" alt=\"ICONOS HIP WEB_CARGA M\u00c1XIMA-20\" width=\"1115\" height=\"193\" \/> <img decoding=\"async\" loading=\"lazy\" title=\"hiperbaric-hip-20\" src=\"https:\/\/www.hiperbaric.com\/wp-content\/uploads\/2023\/11\/hiperbaric-hip-20.png\" alt=\"hiperbaric-hip-20\" width=\"500\" height=\"366\" \/><\/p>\r\n<p><strong>Temp. de operaci\u00f3n (Molibdeno \/ Grafito)<\/strong><\/p>\r\n<p><img decoding=\"async\" loading=\"lazy\" title=\"ICONOS HIP WEB_TEMPERATURA-10, 20\" src=\"https:\/\/www.hiperbaric.com\/wp-content\/uploads\/2025\/11\/ICONOS-HIP-WEB_TEMPERATURA-10-20.png\" alt=\"ICONOS HIP WEB_TEMPERATURA-10, 20\" width=\"489\" height=\"47\" \/><\/p>\r\n<p><strong>Di\u00e1metro de zona caliente<\/strong><\/p>\r\n<p><img decoding=\"async\" loading=\"lazy\" title=\"ICONOS HIP WEB_DI\u00c1METRO-10\" src=\"https:\/\/www.hiperbaric.com\/wp-content\/uploads\/2025\/11\/ICONOS-HIP-WEB_DIAMETRO-10.png\" alt=\"ICONOS HIP WEB_DI\u00c1METRO-10\" width=\"1174\" height=\"193\" \/> <img decoding=\"async\" loading=\"lazy\" title=\"ICONOS HIP WEB_DI\u00c1METRO-20\" src=\"https:\/\/www.hiperbaric.com\/wp-content\/uploads\/2023\/11\/ICONOS-HIP-WEB_DIAMETRO-20.png\" alt=\"ICONOS HIP WEB_DI\u00c1METRO-20\" width=\"1175\" height=\"193\" \/> <a role=\"button\" href=\"#\" target=\"_self\" rel=\"noopener\">DESCARGAR FLYER HIPERBARIC HIP &gt; <\/a><\/p>\r\n<h3>Hiperbaric 10-20 HIP<\/h3>\r\n<p>Las prensas Hiperbaric 10-20 HIP son nuestras prensas m\u00e1s peque\u00f1as para prensado isost\u00e1tico en caliente (HIP) para el procesamiento y posprocesamiento de metales y otros componentes. Han sido dise\u00f1ados con un enfoque innovador y vers\u00e1til ya que permite varias configuraciones y modos de funcionamiento en una sola m\u00e1quina.<\/p>\r\n<p>Estas valiosas caracter\u00edsticas convierten a estas prensas en una excelente opci\u00f3n para empresas interesadas en integrar el proceso HIP para crear sus piezas sin tener que depender de fuentes externas en este proceso.<\/p>\r\n<h3>A qui\u00e9n va dirigida<\/h3>\r\n<p>Son equipos ideales para fines de I + D tanto en centros de investigaci\u00f3n como en empresas con un enfoque hacia el desarrollo de materiales y la innovaci\u00f3n. Gracias a su dise\u00f1o compacto, la instalaci\u00f3n de una Hiperbaric 10-20 HIP es un proceso \u00abplug &amp; play\u00bb, el cual requiere conectar los diferentes suministros para poner la m\u00e1quina en funcionamiento, lo que convierte a estos modelos en los equipos perfectos de entrada al uso de la tecnolog\u00eda HIP.<\/p>\r\n<h3>Caracter\u00edsticas Principales de Hiperbaric 10-20 HIP<\/h3>\r\n<p>El dise\u00f1o compacto, as\u00ed como el alto rendimiento de calentamiento y enfriamiento del las Hiperbaric HIP 10-20, brinda los tratamientos t\u00e9rmicos combinados m\u00e1s r\u00e1pidos hasta una presi\u00f3n de 2.000 bar\/200MPa y 2.000 \u00baC \/ 3.600 \u00baF, lo que permite producciones de peque\u00f1o tama\u00f1o, as\u00ed como trabajos de investigaci\u00f3n y desarrollo.<\/p>\r\n<p><iframe loading=\"lazy\" title=\"YouTube video player\" src=\"https:\/\/www.youtube.com\/embed\/xHSn3PkiN8c?si=XtemeKCTwLWM3oEP\" width=\"560\" height=\"315\" frameborder=\"0\" allowfullscreen=\"allowfullscreen\"><\/iframe><\/p>\r\n<blockquote>\r\n<p>Las prensas Hiperbaric 10-20 HIP son unas propuestas de valor competitivas y fiables. Su versatilidad permite combinarlas sin\u00e9rgicamente con una amplia variedad de t\u00e9cnicas de fabricaci\u00f3n para desarrollar materiales y componentes vanguardistas.\u00a0<\/p>\r\n<\/blockquote>\r\n<h3>Realiza tu consulta<\/h3>\r\n<p><iframe src=\"https:\/\/forms.marketing.hiperbaric.com\/l\/881883\/2020-08-24\/d2k?Language=Spanish&amp;Business_line=HIP&amp;Source_text=Form%20Hiperbaric%2042%20HIP  \" height=\"680\" frameborder=\"0\" scrolling=\"no\"><\/iframe><\/p>\r\n","protected":false},"excerpt":{"rendered":"<p>Hiperbaric 10-20 HIP Presi\u00f3n de operaci\u00f3n Carga m\u00e1xima (Molibdeno \/ Grafito) Temp. de operaci\u00f3n (Molibdeno \/ Grafito) Di\u00e1metro de zona caliente DESCARGAR FLYER HIPERBARIC HIP &gt; Hiperbaric 10-20 HIP Las prensas Hiperbaric 10-20 HIP son nuestras prensas m\u00e1s peque\u00f1as para prensado isost\u00e1tico en caliente (HIP) para el procesamiento y posprocesamiento de metales y otros componentes&#8230;.<\/p>\n","protected":false},"author":1,"featured_media":0,"parent":21498,"menu_order":0,"comment_status":"closed","ping_status":"closed","template":"","meta":{"om_disable_all_campaigns":false,"inline_featured_image":false,"_monsterinsights_skip_tracking":false,"_monsterinsights_sitenote_active":false,"_monsterinsights_sitenote_note":"","_monsterinsights_sitenote_category":0,"footnotes":"","_wp_rev_ctl_limit":""},"acf":[],"yoast_head":"<!-- This site is optimized with the Yoast SEO plugin v22.4 - https:\/\/yoast.com\/wordpress\/plugins\/seo\/ -->\n<title>Hiperbaric 20 HIP - Hiperbaric<\/title>\n<meta name=\"robots\" content=\"index, follow, max-snippet:-1, max-image-preview:large, max-video-preview:-1\" \/>\n<link rel=\"canonical\" href=\"https:\/\/www.hiperbaric.com\/es\/tecnologia-hip\/equipos\/hiperbaric-10-20-hip\/\" \/>\n<meta property=\"og:locale\" content=\"es_ES\" \/>\n<meta property=\"og:type\" content=\"article\" \/>\n<meta property=\"og:title\" content=\"Hiperbaric 20 HIP - Hiperbaric\" \/>\n<meta property=\"og:description\" content=\"Hiperbaric 10-20 HIP Presi\u00f3n de operaci\u00f3n Carga m\u00e1xima (Molibdeno \/ Grafito) Temp. de operaci\u00f3n (Molibdeno \/ Grafito) Di\u00e1metro de zona caliente DESCARGAR FLYER HIPERBARIC HIP &gt; Hiperbaric 10-20 HIP Las prensas Hiperbaric 10-20 HIP son nuestras prensas m\u00e1s peque\u00f1as para prensado isost\u00e1tico en caliente (HIP) para el procesamiento y posprocesamiento de metales y otros componentes....\" \/>\n<meta property=\"og:url\" content=\"https:\/\/www.hiperbaric.com\/es\/tecnologia-hip\/equipos\/hiperbaric-10-20-hip\/\" \/>\n<meta property=\"og:site_name\" content=\"Hiperbaric\" \/>\n<meta property=\"article:modified_time\" content=\"2025-11-20T08:56:07+00:00\" \/>\n<meta property=\"og:image\" content=\"https:\/\/www.hiperbaric.com\/wp-content\/uploads\/2025\/11\/ICONOS-HIP-WEB-PRESION-10.png\" \/>\n<meta name=\"twitter:card\" content=\"summary_large_image\" \/>\n<meta name=\"twitter:label1\" content=\"Tiempo de lectura\" \/>\n\t<meta name=\"twitter:data1\" content=\"3 minutos\" \/>\n<script type=\"application\/ld+json\" class=\"yoast-schema-graph\">{\"@context\":\"https:\/\/schema.org\",\"@graph\":[{\"@type\":\"WebPage\",\"@id\":\"https:\/\/www.hiperbaric.com\/es\/tecnologia-hip\/equipos\/hiperbaric-10-20-hip\/\",\"url\":\"https:\/\/www.hiperbaric.com\/es\/tecnologia-hip\/equipos\/hiperbaric-10-20-hip\/\",\"name\":\"Hiperbaric 20 HIP - Hiperbaric\",\"isPartOf\":{\"@id\":\"https:\/\/www.hiperbaric.com\/en\/#website\"},\"primaryImageOfPage\":{\"@id\":\"https:\/\/www.hiperbaric.com\/es\/tecnologia-hip\/equipos\/hiperbaric-10-20-hip\/#primaryimage\"},\"image\":{\"@id\":\"https:\/\/www.hiperbaric.com\/es\/tecnologia-hip\/equipos\/hiperbaric-10-20-hip\/#primaryimage\"},\"thumbnailUrl\":\"https:\/\/www.hiperbaric.com\/wp-content\/uploads\/2025\/11\/ICONOS-HIP-WEB-PRESION-10.png\",\"datePublished\":\"2021-09-07T09:16:54+00:00\",\"dateModified\":\"2025-11-20T08:56:07+00:00\",\"breadcrumb\":{\"@id\":\"https:\/\/www.hiperbaric.com\/es\/tecnologia-hip\/equipos\/hiperbaric-10-20-hip\/#breadcrumb\"},\"inLanguage\":\"es\",\"potentialAction\":[{\"@type\":\"ReadAction\",\"target\":[\"https:\/\/www.hiperbaric.com\/es\/tecnologia-hip\/equipos\/hiperbaric-10-20-hip\/\"]}]},{\"@type\":\"ImageObject\",\"inLanguage\":\"es\",\"@id\":\"https:\/\/www.hiperbaric.com\/es\/tecnologia-hip\/equipos\/hiperbaric-10-20-hip\/#primaryimage\",\"url\":\"https:\/\/www.hiperbaric.com\/wp-content\/uploads\/2025\/11\/ICONOS-HIP-WEB-PRESION-10.png\",\"contentUrl\":\"https:\/\/www.hiperbaric.com\/wp-content\/uploads\/2025\/11\/ICONOS-HIP-WEB-PRESION-10.png\"},{\"@type\":\"BreadcrumbList\",\"@id\":\"https:\/\/www.hiperbaric.com\/es\/tecnologia-hip\/equipos\/hiperbaric-10-20-hip\/#breadcrumb\",\"itemListElement\":[{\"@type\":\"ListItem\",\"position\":1,\"name\":\"Home\",\"item\":\"https:\/\/www.hiperbaric.com\/es\/\"},{\"@type\":\"ListItem\",\"position\":2,\"name\":\"Tecnolog\u00eda HIP\",\"item\":\"https:\/\/www.hiperbaric.com\/es\/tecnologia-hip\/\"},{\"@type\":\"ListItem\",\"position\":3,\"name\":\"Equipos\",\"item\":\"https:\/\/www.hiperbaric.com\/es\/tecnologia-hip\/equipos\/\"},{\"@type\":\"ListItem\",\"position\":4,\"name\":\"Hiperbaric 20 HIP\"}]},{\"@type\":\"WebSite\",\"@id\":\"https:\/\/www.hiperbaric.com\/en\/#website\",\"url\":\"https:\/\/www.hiperbaric.com\/en\/\",\"name\":\"Hiperbaric\",\"description\":\"Procesado para la conservaci\u00f3n de alimentos\",\"publisher\":{\"@id\":\"https:\/\/www.hiperbaric.com\/en\/#organization\"},\"potentialAction\":[{\"@type\":\"SearchAction\",\"target\":{\"@type\":\"EntryPoint\",\"urlTemplate\":\"https:\/\/www.hiperbaric.com\/en\/?s={search_term_string}\"},\"query-input\":\"required name=search_term_string\"}],\"inLanguage\":\"es\"},{\"@type\":\"Organization\",\"@id\":\"https:\/\/www.hiperbaric.com\/en\/#organization\",\"name\":\"Hiperbaric\",\"url\":\"https:\/\/www.hiperbaric.com\/en\/\",\"logo\":{\"@type\":\"ImageObject\",\"inLanguage\":\"es\",\"@id\":\"https:\/\/www.hiperbaric.com\/en\/#\/schema\/logo\/image\/\",\"url\":\"https:\/\/www.hiperbaric.com\/wp-content\/uploads\/2026\/01\/cropped-hiperbaric-logotipo-1-2.png\",\"contentUrl\":\"https:\/\/www.hiperbaric.com\/wp-content\/uploads\/2026\/01\/cropped-hiperbaric-logotipo-1-2.png\",\"width\":340,\"height\":72,\"caption\":\"Hiperbaric\"},\"image\":{\"@id\":\"https:\/\/www.hiperbaric.com\/en\/#\/schema\/logo\/image\/\"}}]}<\/script>\n<!-- \/ Yoast SEO plugin. -->","yoast_head_json":{"title":"Hiperbaric 20 HIP - Hiperbaric","robots":{"index":"index","follow":"follow","max-snippet":"max-snippet:-1","max-image-preview":"max-image-preview:large","max-video-preview":"max-video-preview:-1"},"canonical":"https:\/\/www.hiperbaric.com\/es\/tecnologia-hip\/equipos\/hiperbaric-10-20-hip\/","og_locale":"es_ES","og_type":"article","og_title":"Hiperbaric 20 HIP - Hiperbaric","og_description":"Hiperbaric 10-20 HIP Presi\u00f3n de operaci\u00f3n Carga m\u00e1xima (Molibdeno \/ Grafito) Temp. de operaci\u00f3n (Molibdeno \/ Grafito) Di\u00e1metro de zona caliente DESCARGAR FLYER HIPERBARIC HIP &gt; Hiperbaric 10-20 HIP Las prensas Hiperbaric 10-20 HIP son nuestras prensas m\u00e1s peque\u00f1as para prensado isost\u00e1tico en caliente (HIP) para el procesamiento y posprocesamiento de metales y otros componentes....","og_url":"https:\/\/www.hiperbaric.com\/es\/tecnologia-hip\/equipos\/hiperbaric-10-20-hip\/","og_site_name":"Hiperbaric","article_modified_time":"2025-11-20T08:56:07+00:00","og_image":[{"url":"https:\/\/www.hiperbaric.com\/wp-content\/uploads\/2025\/11\/ICONOS-HIP-WEB-PRESION-10.png"}],"twitter_card":"summary_large_image","twitter_misc":{"Tiempo de lectura":"3 minutos"},"schema":{"@context":"https:\/\/schema.org","@graph":[{"@type":"WebPage","@id":"https:\/\/www.hiperbaric.com\/es\/tecnologia-hip\/equipos\/hiperbaric-10-20-hip\/","url":"https:\/\/www.hiperbaric.com\/es\/tecnologia-hip\/equipos\/hiperbaric-10-20-hip\/","name":"Hiperbaric 20 HIP - Hiperbaric","isPartOf":{"@id":"https:\/\/www.hiperbaric.com\/en\/#website"},"primaryImageOfPage":{"@id":"https:\/\/www.hiperbaric.com\/es\/tecnologia-hip\/equipos\/hiperbaric-10-20-hip\/#primaryimage"},"image":{"@id":"https:\/\/www.hiperbaric.com\/es\/tecnologia-hip\/equipos\/hiperbaric-10-20-hip\/#primaryimage"},"thumbnailUrl":"https:\/\/www.hiperbaric.com\/wp-content\/uploads\/2025\/11\/ICONOS-HIP-WEB-PRESION-10.png","datePublished":"2021-09-07T09:16:54+00:00","dateModified":"2025-11-20T08:56:07+00:00","breadcrumb":{"@id":"https:\/\/www.hiperbaric.com\/es\/tecnologia-hip\/equipos\/hiperbaric-10-20-hip\/#breadcrumb"},"inLanguage":"es","potentialAction":[{"@type":"ReadAction","target":["https:\/\/www.hiperbaric.com\/es\/tecnologia-hip\/equipos\/hiperbaric-10-20-hip\/"]}]},{"@type":"ImageObject","inLanguage":"es","@id":"https:\/\/www.hiperbaric.com\/es\/tecnologia-hip\/equipos\/hiperbaric-10-20-hip\/#primaryimage","url":"https:\/\/www.hiperbaric.com\/wp-content\/uploads\/2025\/11\/ICONOS-HIP-WEB-PRESION-10.png","contentUrl":"https:\/\/www.hiperbaric.com\/wp-content\/uploads\/2025\/11\/ICONOS-HIP-WEB-PRESION-10.png"},{"@type":"BreadcrumbList","@id":"https:\/\/www.hiperbaric.com\/es\/tecnologia-hip\/equipos\/hiperbaric-10-20-hip\/#breadcrumb","itemListElement":[{"@type":"ListItem","position":1,"name":"Home","item":"https:\/\/www.hiperbaric.com\/es\/"},{"@type":"ListItem","position":2,"name":"Tecnolog\u00eda HIP","item":"https:\/\/www.hiperbaric.com\/es\/tecnologia-hip\/"},{"@type":"ListItem","position":3,"name":"Equipos","item":"https:\/\/www.hiperbaric.com\/es\/tecnologia-hip\/equipos\/"},{"@type":"ListItem","position":4,"name":"Hiperbaric 20 HIP"}]},{"@type":"WebSite","@id":"https:\/\/www.hiperbaric.com\/en\/#website","url":"https:\/\/www.hiperbaric.com\/en\/","name":"Hiperbaric","description":"Procesado para la conservaci\u00f3n de alimentos","publisher":{"@id":"https:\/\/www.hiperbaric.com\/en\/#organization"},"potentialAction":[{"@type":"SearchAction","target":{"@type":"EntryPoint","urlTemplate":"https:\/\/www.hiperbaric.com\/en\/?s={search_term_string}"},"query-input":"required name=search_term_string"}],"inLanguage":"es"},{"@type":"Organization","@id":"https:\/\/www.hiperbaric.com\/en\/#organization","name":"Hiperbaric","url":"https:\/\/www.hiperbaric.com\/en\/","logo":{"@type":"ImageObject","inLanguage":"es","@id":"https:\/\/www.hiperbaric.com\/en\/#\/schema\/logo\/image\/","url":"https:\/\/www.hiperbaric.com\/wp-content\/uploads\/2026\/01\/cropped-hiperbaric-logotipo-1-2.png","contentUrl":"https:\/\/www.hiperbaric.com\/wp-content\/uploads\/2026\/01\/cropped-hiperbaric-logotipo-1-2.png","width":340,"height":72,"caption":"Hiperbaric"},"image":{"@id":"https:\/\/www.hiperbaric.com\/en\/#\/schema\/logo\/image\/"}}]}},"_links":{"self":[{"href":"https:\/\/www.hiperbaric.com\/es\/wp-json\/wp\/v2\/pages\/32383"}],"collection":[{"href":"https:\/\/www.hiperbaric.com\/es\/wp-json\/wp\/v2\/pages"}],"about":[{"href":"https:\/\/www.hiperbaric.com\/es\/wp-json\/wp\/v2\/types\/page"}],"author":[{"embeddable":true,"href":"https:\/\/www.hiperbaric.com\/es\/wp-json\/wp\/v2\/users\/1"}],"replies":[{"embeddable":true,"href":"https:\/\/www.hiperbaric.com\/es\/wp-json\/wp\/v2\/comments?post=32383"}],"version-history":[{"count":5,"href":"https:\/\/www.hiperbaric.com\/es\/wp-json\/wp\/v2\/pages\/32383\/revisions"}],"predecessor-version":[{"id":65822,"href":"https:\/\/www.hiperbaric.com\/es\/wp-json\/wp\/v2\/pages\/32383\/revisions\/65822"}],"up":[{"embeddable":true,"href":"https:\/\/www.hiperbaric.com\/es\/wp-json\/wp\/v2\/pages\/21498"}],"wp:attachment":[{"href":"https:\/\/www.hiperbaric.com\/es\/wp-json\/wp\/v2\/media?parent=32383"}],"curies":[{"name":"wp","href":"https:\/\/api.w.org\/{rel}","templated":true}]}}