{"id":30759,"date":"2021-07-30T12:02:37","date_gmt":"2021-07-30T10:02:37","guid":{"rendered":"https:\/\/www.hiperbaric.com\/?page_id=30759"},"modified":"2021-08-04T10:59:19","modified_gmt":"2021-08-04T08:59:19","slug":"newsletter-hpp","status":"publish","type":"page","link":"https:\/\/www.hiperbaric.com\/es\/newsletter-hpp\/","title":{"rendered":"Newsletter HPP"},"content":{"rendered":"\n\t\t\t\t<img decoding=\"async\" loading=\"lazy\" src=\"https:\/\/www.hiperbaric.com\/wp-content\/uploads\/2021\/07\/hiperbaric_HIGH_PRESSURE_PROCESSING_colorida-1.png\" alt=\"hiperbaric_HIGH_PRESSURE_PROCESSING_colorida\" itemprop=\"image\" height=\"135\" width=\"637\" title=\"hiperbaric_HIGH_PRESSURE_PROCESSING_colorida\" onerror=\"this.style.display='none'\"  \/>\n\t<h1><strong>NEWSLETTER<\/strong><\/h1>\n<h1><strong>MENSUAL HPP<\/strong><\/h1>\n\t<a href='#' class='enlace-newsletter'>\n            <img src='\/wp-content\/uploads\/2021\/07\/dadadadada.png' \/>\n                <h6>SUSCR\u00cdBETE<\/h6>\n<\/a>\n\t\t\t\t<img decoding=\"async\" loading=\"lazy\" src=\"https:\/\/www.hiperbaric.com\/wp-content\/uploads\/2021\/07\/mockup2.2-min-1.png\" alt=\"mockup2.2-min\" itemprop=\"image\" height=\"1300\" width=\"2000\" title=\"mockup2.2-min\" onerror=\"this.style.display='none'\"  \/>\n\t\t\t\t<img decoding=\"async\" loading=\"lazy\" src=\"https:\/\/www.hiperbaric.com\/wp-content\/uploads\/2021\/07\/mockup_tablet-1.png\" alt=\"mockup_tablet (1)\" itemprop=\"image\" height=\"2055\" width=\"3016\" title=\"mockup_tablet (1)\" onerror=\"this.style.display='none'\"  \/>\n\t<h1><strong>S\u00c9 EL PRIMERO EN ENTERARTE<\/strong><\/h1>\n        <img src='\/wp-content\/uploads\/2021\/07\/Icon-awesome-newspaper.png' \/>\n            <h6>Noticias<\/h6>\n            <p>Las noticias m\u00e1s importantes sobre HPP<\/p>\n        <img src='\/wp-content\/uploads\/2021\/07\/Icon-material-pages.png' \/>\n            <h6>Eventos<\/h6>\n            <p>Descubre d\u00f3nde y cu\u00e1ndo van a tener lugar<\/p>\n        <img src='\/wp-content\/uploads\/2021\/07\/Icon-awesome-play-circle.png' \/>\n            <h6>Webinars<\/h6>\n            <p>Grabaciones de webinars mensuales sobre HPP<\/p>\n        <img src='\/wp-content\/uploads\/2021\/07\/Icon-material-chat.png' \/>\n            <h6>Entrevistas<\/h6>\n            <p>Entrevistas exclusivas en torno a HPP<\/p>\n        <img src='\/wp-content\/uploads\/2021\/07\/Icon-zocial-email.png' \/>\n            <h6>Art\u00edculos sobre la industria<\/h6>\n            <p>Lee sobre HPP y seguridad alimentaria<\/p>\n        <img src='\/wp-content\/uploads\/2021\/07\/Icon-feather-paperclip.png' \/>\n            <h6>Blogs<\/h6>\n            <p>Escritos por nuestro equipo de aplicaciones<\/p>\n\t\t\t\t<img decoding=\"async\" src=\"https:\/\/www.hiperbaric.com\/wp-content\/plugins\/beaver-builder-lite-version\/img\/pixel.png\" alt=\"\" itemprop=\"image\" onerror=\"this.style.display='none'\"  \/>\n\t\t\t\t<img decoding=\"async\" loading=\"lazy\" src=\"https:\/\/www.hiperbaric.com\/wp-content\/uploads\/2021\/08\/dcsafsdfsd.png\" alt=\"dcsafsdfsd\" itemprop=\"image\" height=\"462\" width=\"495\" title=\"dcsafsdfsd\" onerror=\"this.style.display='none'\"  \/>\n\t<h1>BENEFICIOS DE LA TECNOLOG\u00cdA HPP<\/h1>\n\t<p>LA SOLUCI\u00d3N PARA ALCANZAR UN PRODUCTO FRESCO, SEGURO Y M\u00cdNIMAMENTE PROCESADO<\/p>\n\t<p><strong>HPP es un m\u00e9todo de conservaci\u00f3n no t\u00e9rmico (5\u00baC-20\u00baC) para la industria de alimentaci\u00f3n y\u00a0 bebidas que utiliza agua y altas presiones (6000 bar\/600MPa\/87000 psi).<\/strong><\/p>\n<p><strong>Esta presi\u00f3n es transmitida de manera uniforme e instant\u00e1nea a todo el producto, logrando un efecto equivalente a la pasteurizaci\u00f3n, pero sin aplicar calor.<\/strong><\/p>\n\t<a href='#' class='enlace-newsletter'>\n            <img src='\/wp-content\/uploads\/2021\/07\/Icon-zocial-email.png' \/>\n                <h6>SUSCR\u00cdBETE<\/h6>\n<\/a>\n\t\t\t\t<img decoding=\"async\" loading=\"lazy\" src=\"https:\/\/www.hiperbaric.com\/wp-content\/uploads\/2021\/07\/Sin-nombre-1.png\" alt=\"Sin-nombre\" itemprop=\"image\" height=\"608\" width=\"1012\" title=\"Sin-nombre\" onerror=\"this.style.display='none'\"  \/>\n\t\t\t\t<img decoding=\"async\" src=\"https:\/\/www.hiperbaric.com\/wp-content\/plugins\/beaver-builder-lite-version\/img\/pixel.png\" alt=\"\" itemprop=\"image\" onerror=\"this.style.display='none'\"  \/>\n\t<h1>MANTENTE AL D\u00cdA<\/h1>\n\t<p><strong>Con las \u00faltimas noticias y eventos de la industria HPP. Una fuente de informaci\u00f3n excelente para mantenerse al d\u00eda y conocer las \u00faltimas innovaciones y tendencias.<\/strong><\/p>\n\t<a href='#' class='enlace-newsletter'>\n            <img src='\/wp-content\/uploads\/2021\/07\/Icon-zocial-email.png' \/>\n                <h6>SUSCR\u00cdBETE<\/h6>\n<\/a>\n","protected":false},"excerpt":{"rendered":"<p>NEWSLETTER MENSUAL HPP SUSCR\u00cdBETE S\u00c9 EL PRIMERO EN ENTERARTE Noticias Las noticias m\u00e1s importantes sobre HPP Eventos Descubre d\u00f3nde y cu\u00e1ndo van a tener lugar Webinars Grabaciones de webinars mensuales sobre HPP Entrevistas Entrevistas exclusivas en torno a HPP Art\u00edculos sobre la industria Lee sobre HPP y seguridad alimentaria Blogs Escritos por nuestro equipo de&#8230;<\/p>\n","protected":false},"author":1,"featured_media":30762,"parent":0,"menu_order":0,"comment_status":"closed","ping_status":"closed","template":"","meta":{"om_disable_all_campaigns":false,"inline_featured_image":false,"_monsterinsights_skip_tracking":false,"_monsterinsights_sitenote_active":false,"_monsterinsights_sitenote_note":"","_monsterinsights_sitenote_category":0,"footnotes":"","_wp_rev_ctl_limit":""},"acf":[],"yoast_head":"<!-- This site is optimized with the Yoast SEO plugin v22.4 - https:\/\/yoast.com\/wordpress\/plugins\/seo\/ -->\n<title>HPP Newsletter - Stay up-to-date with the latest HPP news<\/title>\n<meta name=\"description\" content=\"Our monthly HPP newsletter will keep you informed of the latest HPP innovations and trends. This includes news, events, webinars, blogs, and more.\" \/>\n<meta name=\"robots\" content=\"index, follow, max-snippet:-1, max-image-preview:large, max-video-preview:-1\" \/>\n<link rel=\"canonical\" href=\"https:\/\/www.hiperbaric.com\/es\/newsletter-hpp\/\" \/>\n<meta property=\"og:locale\" content=\"es_ES\" \/>\n<meta property=\"og:type\" content=\"article\" \/>\n<meta property=\"og:title\" content=\"HPP Newsletter - Stay up-to-date with the latest HPP news\" \/>\n<meta property=\"og:description\" content=\"Our monthly HPP newsletter will keep you informed of the latest HPP innovations and trends. This includes news, events, webinars, blogs, and more.\" \/>\n<meta property=\"og:url\" content=\"https:\/\/www.hiperbaric.com\/es\/newsletter-hpp\/\" \/>\n<meta property=\"og:site_name\" content=\"Hiperbaric\" \/>\n<meta property=\"article:modified_time\" content=\"2021-08-04T08:59:19+00:00\" \/>\n<meta property=\"og:image\" content=\"https:\/\/www.hiperbaric.com\/wp-content\/uploads\/2021\/07\/HPP-APPS-4.png\" \/>\n\t<meta property=\"og:image:width\" content=\"1200\" \/>\n\t<meta property=\"og:image:height\" content=\"627\" \/>\n\t<meta property=\"og:image:type\" content=\"image\/png\" \/>\n<meta name=\"twitter:card\" content=\"summary_large_image\" \/>\n<meta name=\"twitter:label1\" content=\"Tiempo de lectura\" \/>\n\t<meta name=\"twitter:data1\" content=\"1 minuto\" \/>\n<script type=\"application\/ld+json\" class=\"yoast-schema-graph\">{\"@context\":\"https:\/\/schema.org\",\"@graph\":[{\"@type\":\"WebPage\",\"@id\":\"https:\/\/www.hiperbaric.com\/es\/newsletter-hpp\/\",\"url\":\"https:\/\/www.hiperbaric.com\/es\/newsletter-hpp\/\",\"name\":\"HPP Newsletter - Stay up-to-date with the latest HPP news\",\"isPartOf\":{\"@id\":\"https:\/\/www.hiperbaric.com\/en\/#website\"},\"primaryImageOfPage\":{\"@id\":\"https:\/\/www.hiperbaric.com\/es\/newsletter-hpp\/#primaryimage\"},\"image\":{\"@id\":\"https:\/\/www.hiperbaric.com\/es\/newsletter-hpp\/#primaryimage\"},\"thumbnailUrl\":\"https:\/\/www.hiperbaric.com\/wp-content\/uploads\/2021\/07\/HPP-APPS-4.png\",\"datePublished\":\"2021-07-30T10:02:37+00:00\",\"dateModified\":\"2021-08-04T08:59:19+00:00\",\"description\":\"Our monthly HPP newsletter will keep you informed of the latest HPP innovations and trends. This includes news, events, webinars, blogs, and more.\",\"breadcrumb\":{\"@id\":\"https:\/\/www.hiperbaric.com\/es\/newsletter-hpp\/#breadcrumb\"},\"inLanguage\":\"es\",\"potentialAction\":[{\"@type\":\"ReadAction\",\"target\":[\"https:\/\/www.hiperbaric.com\/es\/newsletter-hpp\/\"]}]},{\"@type\":\"ImageObject\",\"inLanguage\":\"es\",\"@id\":\"https:\/\/www.hiperbaric.com\/es\/newsletter-hpp\/#primaryimage\",\"url\":\"https:\/\/www.hiperbaric.com\/wp-content\/uploads\/2021\/07\/HPP-APPS-4.png\",\"contentUrl\":\"https:\/\/www.hiperbaric.com\/wp-content\/uploads\/2021\/07\/HPP-APPS-4.png\",\"width\":1200,\"height\":627},{\"@type\":\"BreadcrumbList\",\"@id\":\"https:\/\/www.hiperbaric.com\/es\/newsletter-hpp\/#breadcrumb\",\"itemListElement\":[{\"@type\":\"ListItem\",\"position\":1,\"name\":\"Home\",\"item\":\"https:\/\/www.hiperbaric.com\/es\/\"},{\"@type\":\"ListItem\",\"position\":2,\"name\":\"Newsletter HPP\"}]},{\"@type\":\"WebSite\",\"@id\":\"https:\/\/www.hiperbaric.com\/en\/#website\",\"url\":\"https:\/\/www.hiperbaric.com\/en\/\",\"name\":\"Hiperbaric\",\"description\":\"Procesado para la conservaci\u00f3n de alimentos\",\"publisher\":{\"@id\":\"https:\/\/www.hiperbaric.com\/en\/#organization\"},\"potentialAction\":[{\"@type\":\"SearchAction\",\"target\":{\"@type\":\"EntryPoint\",\"urlTemplate\":\"https:\/\/www.hiperbaric.com\/en\/?s={search_term_string}\"},\"query-input\":\"required name=search_term_string\"}],\"inLanguage\":\"es\"},{\"@type\":\"Organization\",\"@id\":\"https:\/\/www.hiperbaric.com\/en\/#organization\",\"name\":\"Hiperbaric\",\"url\":\"https:\/\/www.hiperbaric.com\/en\/\",\"logo\":{\"@type\":\"ImageObject\",\"inLanguage\":\"es\",\"@id\":\"https:\/\/www.hiperbaric.com\/en\/#\/schema\/logo\/image\/\",\"url\":\"https:\/\/www.hiperbaric.com\/wp-content\/uploads\/2026\/01\/cropped-hiperbaric-logotipo-1-2.png\",\"contentUrl\":\"https:\/\/www.hiperbaric.com\/wp-content\/uploads\/2026\/01\/cropped-hiperbaric-logotipo-1-2.png\",\"width\":340,\"height\":72,\"caption\":\"Hiperbaric\"},\"image\":{\"@id\":\"https:\/\/www.hiperbaric.com\/en\/#\/schema\/logo\/image\/\"}}]}<\/script>\n<!-- \/ Yoast SEO plugin. -->","yoast_head_json":{"title":"HPP Newsletter - Stay up-to-date with the latest HPP news","description":"Our monthly HPP newsletter will keep you informed of the latest HPP innovations and trends. This includes news, events, webinars, blogs, and more.","robots":{"index":"index","follow":"follow","max-snippet":"max-snippet:-1","max-image-preview":"max-image-preview:large","max-video-preview":"max-video-preview:-1"},"canonical":"https:\/\/www.hiperbaric.com\/es\/newsletter-hpp\/","og_locale":"es_ES","og_type":"article","og_title":"HPP Newsletter - Stay up-to-date with the latest HPP news","og_description":"Our monthly HPP newsletter will keep you informed of the latest HPP innovations and trends. This includes news, events, webinars, blogs, and more.","og_url":"https:\/\/www.hiperbaric.com\/es\/newsletter-hpp\/","og_site_name":"Hiperbaric","article_modified_time":"2021-08-04T08:59:19+00:00","og_image":[{"width":1200,"height":627,"url":"https:\/\/www.hiperbaric.com\/wp-content\/uploads\/2021\/07\/HPP-APPS-4.png","type":"image\/png"}],"twitter_card":"summary_large_image","twitter_misc":{"Tiempo de lectura":"1 minuto"},"schema":{"@context":"https:\/\/schema.org","@graph":[{"@type":"WebPage","@id":"https:\/\/www.hiperbaric.com\/es\/newsletter-hpp\/","url":"https:\/\/www.hiperbaric.com\/es\/newsletter-hpp\/","name":"HPP Newsletter - Stay up-to-date with the latest HPP news","isPartOf":{"@id":"https:\/\/www.hiperbaric.com\/en\/#website"},"primaryImageOfPage":{"@id":"https:\/\/www.hiperbaric.com\/es\/newsletter-hpp\/#primaryimage"},"image":{"@id":"https:\/\/www.hiperbaric.com\/es\/newsletter-hpp\/#primaryimage"},"thumbnailUrl":"https:\/\/www.hiperbaric.com\/wp-content\/uploads\/2021\/07\/HPP-APPS-4.png","datePublished":"2021-07-30T10:02:37+00:00","dateModified":"2021-08-04T08:59:19+00:00","description":"Our monthly HPP newsletter will keep you informed of the latest HPP innovations and trends. This includes news, events, webinars, blogs, and more.","breadcrumb":{"@id":"https:\/\/www.hiperbaric.com\/es\/newsletter-hpp\/#breadcrumb"},"inLanguage":"es","potentialAction":[{"@type":"ReadAction","target":["https:\/\/www.hiperbaric.com\/es\/newsletter-hpp\/"]}]},{"@type":"ImageObject","inLanguage":"es","@id":"https:\/\/www.hiperbaric.com\/es\/newsletter-hpp\/#primaryimage","url":"https:\/\/www.hiperbaric.com\/wp-content\/uploads\/2021\/07\/HPP-APPS-4.png","contentUrl":"https:\/\/www.hiperbaric.com\/wp-content\/uploads\/2021\/07\/HPP-APPS-4.png","width":1200,"height":627},{"@type":"BreadcrumbList","@id":"https:\/\/www.hiperbaric.com\/es\/newsletter-hpp\/#breadcrumb","itemListElement":[{"@type":"ListItem","position":1,"name":"Home","item":"https:\/\/www.hiperbaric.com\/es\/"},{"@type":"ListItem","position":2,"name":"Newsletter HPP"}]},{"@type":"WebSite","@id":"https:\/\/www.hiperbaric.com\/en\/#website","url":"https:\/\/www.hiperbaric.com\/en\/","name":"Hiperbaric","description":"Procesado para la conservaci\u00f3n de alimentos","publisher":{"@id":"https:\/\/www.hiperbaric.com\/en\/#organization"},"potentialAction":[{"@type":"SearchAction","target":{"@type":"EntryPoint","urlTemplate":"https:\/\/www.hiperbaric.com\/en\/?s={search_term_string}"},"query-input":"required name=search_term_string"}],"inLanguage":"es"},{"@type":"Organization","@id":"https:\/\/www.hiperbaric.com\/en\/#organization","name":"Hiperbaric","url":"https:\/\/www.hiperbaric.com\/en\/","logo":{"@type":"ImageObject","inLanguage":"es","@id":"https:\/\/www.hiperbaric.com\/en\/#\/schema\/logo\/image\/","url":"https:\/\/www.hiperbaric.com\/wp-content\/uploads\/2026\/01\/cropped-hiperbaric-logotipo-1-2.png","contentUrl":"https:\/\/www.hiperbaric.com\/wp-content\/uploads\/2026\/01\/cropped-hiperbaric-logotipo-1-2.png","width":340,"height":72,"caption":"Hiperbaric"},"image":{"@id":"https:\/\/www.hiperbaric.com\/en\/#\/schema\/logo\/image\/"}}]}},"_links":{"self":[{"href":"https:\/\/www.hiperbaric.com\/es\/wp-json\/wp\/v2\/pages\/30759"}],"collection":[{"href":"https:\/\/www.hiperbaric.com\/es\/wp-json\/wp\/v2\/pages"}],"about":[{"href":"https:\/\/www.hiperbaric.com\/es\/wp-json\/wp\/v2\/types\/page"}],"author":[{"embeddable":true,"href":"https:\/\/www.hiperbaric.com\/es\/wp-json\/wp\/v2\/users\/1"}],"replies":[{"embeddable":true,"href":"https:\/\/www.hiperbaric.com\/es\/wp-json\/wp\/v2\/comments?post=30759"}],"version-history":[{"count":0,"href":"https:\/\/www.hiperbaric.com\/es\/wp-json\/wp\/v2\/pages\/30759\/revisions"}],"wp:featuredmedia":[{"embeddable":true,"href":"https:\/\/www.hiperbaric.com\/es\/wp-json\/wp\/v2\/media\/30762"}],"wp:attachment":[{"href":"https:\/\/www.hiperbaric.com\/es\/wp-json\/wp\/v2\/media?parent=30759"}],"curies":[{"name":"wp","href":"https:\/\/api.w.org\/{rel}","templated":true}]}}