{"id":29746,"date":"2021-04-12T09:37:51","date_gmt":"2021-04-12T07:37:51","guid":{"rendered":"https:\/\/www.hiperbaric.com\/?page_id=29746"},"modified":"2022-10-19T14:28:40","modified_gmt":"2022-10-19T12:28:40","slug":"politica-de-seguridad","status":"publish","type":"page","link":"https:\/\/www.hiperbaric.com\/es\/politica-de-seguridad\/","title":{"rendered":"Pol\u00edtica de Seguridad de la Informaci\u00f3n"},"content":{"rendered":"\r\n<p>Como respuesta a un nuevo entorno tecnol\u00f3gico donde la convergencia entre la inform\u00e1tica y las comunicaciones est\u00e1n facilitando un nuevo paradigma de productividad para las empresas, HIPERBARIC est\u00e1 altamente comprometida con mantener un servicio competitivo ofreciendo sus servicios de Informaci\u00f3n as\u00ed como la creaci\u00f3n de bases de datos de Informaci\u00f3n econ\u00f3mica, financiera y de marketing de empresas y empresarios en un entorno de calidad, donde el uso de buenas pr\u00e1cticas en seguridad es fundamental para conseguir los objetivos de confidencialidad, integridad, disponibilidad y legalidad de toda la Informaci\u00f3n gestionada.<\/p>\r\n<p>En consecuencia, HIPERBARIC ha definido las siguientes directrices a tener en cuenta en el marco de la aplicaci\u00f3n del Sistema de Gesti\u00f3n de Seguridad de la Informaci\u00f3n (SGSI):<\/p>\r\n<ul>\r\n<li><strong>Confidencialidad<\/strong>: La Informaci\u00f3n tratada por HIPERBARIC ser\u00e1 conocida exclusivamente por las personas autorizadas, previa identificaci\u00f3n, en el momento y por los medios habilitados.<\/li>\r\n<\/ul>\r\n<p>&nbsp;<\/p>\r\n<ul>\r\n<li><strong>Integridad<\/strong>: La Informaci\u00f3n tratada por HIPERBARIC ser\u00e1 completa, exacta y v\u00e1lida.<\/li>\r\n<\/ul>\r\n<p>&nbsp;<\/p>\r\n<ul>\r\n<li><strong>Disponibilidad<\/strong>: La Informaci\u00f3n tratada por HIPERBARIC estar\u00e1 accesible y utilizada por los usuarios autorizados e identificados en todo momento, quedando garantizada su propia permanencia ante cualquier eventualidad.<\/li>\r\n<\/ul>\r\n<p>&nbsp;<\/p>\r\n<ul>\r\n<li><strong>Legalidad<\/strong>: HIPERBARIC garantizar\u00e1 el cumplimiento de toda legislaci\u00f3n que le sea de aplicaci\u00f3n. Y, en concreto, la normativa en vigor relacionada con el tratamiento de datos de car\u00e1cter personal.<\/li>\r\n<\/ul>\r\n<p>&nbsp;<\/p>\r\n<p>Mediante esta pol\u00edtica, la Direcci\u00f3n General asume la responsabilidad de apoyar y promover el establecimiento de las medidas organizativas, t\u00e9cnicas y de control necesarias para el cumplimiento de las directrices de seguridad aqu\u00ed descritas.<\/p>\r\n<p>Asimismo, todas las pol\u00edticas y procedimientos incluidos en el SGSI ser\u00e1n revisados, aprobados e impulsados por la Direcci\u00f3n General de HIPERBARIC.<\/p>\r\n<p>Esta Pol\u00edtica de Seguridad ser\u00e1 mantenida, actualizada y adecuada a los fines de la organizaci\u00f3n, aline\u00e1ndose con el contexto de gesti\u00f3n de riesgos estrat\u00e9gica de la organizaci\u00f3n. A este efecto se revisar\u00e1 a intervalos planificados o siempre que se produzcan cambios significativos, a fin de asegurar que se mantenga su idoneidad, adecuaci\u00f3n y eficacia. Asimismo, para gestionar los riesgos que afronta HIPERBARIC se define un procedimiento de evaluaci\u00f3n de riesgos formalmente definido.<\/p>\r\n","protected":false},"excerpt":{"rendered":"<p>Como respuesta a un nuevo entorno tecnol\u00f3gico donde la convergencia entre la inform\u00e1tica y las comunicaciones est\u00e1n facilitando un nuevo paradigma de productividad para las empresas, HIPERBARIC est\u00e1 altamente comprometida con mantener un servicio competitivo ofreciendo sus servicios de Informaci\u00f3n as\u00ed como la creaci\u00f3n de bases de datos de Informaci\u00f3n econ\u00f3mica, financiera y de marketing&#8230;<\/p>\n","protected":false},"author":1,"featured_media":0,"parent":0,"menu_order":0,"comment_status":"closed","ping_status":"closed","template":"","meta":{"om_disable_all_campaigns":false,"inline_featured_image":false,"_monsterinsights_skip_tracking":false,"_monsterinsights_sitenote_active":false,"_monsterinsights_sitenote_note":"","_monsterinsights_sitenote_category":0,"footnotes":"","_wp_rev_ctl_limit":""},"acf":[],"yoast_head":"<!-- This site is optimized with the Yoast SEO plugin v22.4 - https:\/\/yoast.com\/wordpress\/plugins\/seo\/ -->\n<title>Pol\u00edtica de Seguridad de la Informaci\u00f3n - Hiperbaric<\/title>\n<meta name=\"robots\" content=\"index, follow, max-snippet:-1, max-image-preview:large, max-video-preview:-1\" \/>\n<link rel=\"canonical\" href=\"https:\/\/www.hiperbaric.com\/es\/politica-de-seguridad\/\" \/>\n<meta property=\"og:locale\" content=\"es_ES\" \/>\n<meta property=\"og:type\" content=\"article\" \/>\n<meta property=\"og:title\" content=\"Pol\u00edtica de Seguridad de la Informaci\u00f3n - Hiperbaric\" \/>\n<meta property=\"og:description\" content=\"Como respuesta a un nuevo entorno tecnol\u00f3gico donde la convergencia entre la inform\u00e1tica y las comunicaciones est\u00e1n facilitando un nuevo paradigma de productividad para las empresas, HIPERBARIC est\u00e1 altamente comprometida con mantener un servicio competitivo ofreciendo sus servicios de Informaci\u00f3n as\u00ed como la creaci\u00f3n de bases de datos de Informaci\u00f3n econ\u00f3mica, financiera y de marketing...\" \/>\n<meta property=\"og:url\" content=\"https:\/\/www.hiperbaric.com\/es\/politica-de-seguridad\/\" \/>\n<meta property=\"og:site_name\" content=\"Hiperbaric\" \/>\n<meta property=\"article:modified_time\" content=\"2022-10-19T12:28:40+00:00\" \/>\n<meta name=\"twitter:card\" content=\"summary_large_image\" \/>\n<meta name=\"twitter:label1\" content=\"Tiempo de lectura\" \/>\n\t<meta name=\"twitter:data1\" content=\"2 minutos\" \/>\n<script type=\"application\/ld+json\" class=\"yoast-schema-graph\">{\"@context\":\"https:\/\/schema.org\",\"@graph\":[{\"@type\":\"WebPage\",\"@id\":\"https:\/\/www.hiperbaric.com\/es\/politica-de-seguridad\/\",\"url\":\"https:\/\/www.hiperbaric.com\/es\/politica-de-seguridad\/\",\"name\":\"Pol\u00edtica de Seguridad de la Informaci\u00f3n - Hiperbaric\",\"isPartOf\":{\"@id\":\"https:\/\/www.hiperbaric.com\/en\/#website\"},\"datePublished\":\"2021-04-12T07:37:51+00:00\",\"dateModified\":\"2022-10-19T12:28:40+00:00\",\"breadcrumb\":{\"@id\":\"https:\/\/www.hiperbaric.com\/es\/politica-de-seguridad\/#breadcrumb\"},\"inLanguage\":\"es\",\"potentialAction\":[{\"@type\":\"ReadAction\",\"target\":[\"https:\/\/www.hiperbaric.com\/es\/politica-de-seguridad\/\"]}]},{\"@type\":\"BreadcrumbList\",\"@id\":\"https:\/\/www.hiperbaric.com\/es\/politica-de-seguridad\/#breadcrumb\",\"itemListElement\":[{\"@type\":\"ListItem\",\"position\":1,\"name\":\"Home\",\"item\":\"https:\/\/www.hiperbaric.com\/es\/\"},{\"@type\":\"ListItem\",\"position\":2,\"name\":\"Pol\u00edtica de Seguridad de la Informaci\u00f3n\"}]},{\"@type\":\"WebSite\",\"@id\":\"https:\/\/www.hiperbaric.com\/en\/#website\",\"url\":\"https:\/\/www.hiperbaric.com\/en\/\",\"name\":\"Hiperbaric\",\"description\":\"Procesado para la conservaci\u00f3n de alimentos\",\"publisher\":{\"@id\":\"https:\/\/www.hiperbaric.com\/en\/#organization\"},\"potentialAction\":[{\"@type\":\"SearchAction\",\"target\":{\"@type\":\"EntryPoint\",\"urlTemplate\":\"https:\/\/www.hiperbaric.com\/en\/?s={search_term_string}\"},\"query-input\":\"required name=search_term_string\"}],\"inLanguage\":\"es\"},{\"@type\":\"Organization\",\"@id\":\"https:\/\/www.hiperbaric.com\/en\/#organization\",\"name\":\"Hiperbaric\",\"url\":\"https:\/\/www.hiperbaric.com\/en\/\",\"logo\":{\"@type\":\"ImageObject\",\"inLanguage\":\"es\",\"@id\":\"https:\/\/www.hiperbaric.com\/en\/#\/schema\/logo\/image\/\",\"url\":\"https:\/\/www.hiperbaric.com\/wp-content\/uploads\/2026\/01\/cropped-hiperbaric-logotipo-1-2.png\",\"contentUrl\":\"https:\/\/www.hiperbaric.com\/wp-content\/uploads\/2026\/01\/cropped-hiperbaric-logotipo-1-2.png\",\"width\":340,\"height\":72,\"caption\":\"Hiperbaric\"},\"image\":{\"@id\":\"https:\/\/www.hiperbaric.com\/en\/#\/schema\/logo\/image\/\"}}]}<\/script>\n<!-- \/ Yoast SEO plugin. -->","yoast_head_json":{"title":"Pol\u00edtica de Seguridad de la Informaci\u00f3n - Hiperbaric","robots":{"index":"index","follow":"follow","max-snippet":"max-snippet:-1","max-image-preview":"max-image-preview:large","max-video-preview":"max-video-preview:-1"},"canonical":"https:\/\/www.hiperbaric.com\/es\/politica-de-seguridad\/","og_locale":"es_ES","og_type":"article","og_title":"Pol\u00edtica de Seguridad de la Informaci\u00f3n - Hiperbaric","og_description":"Como respuesta a un nuevo entorno tecnol\u00f3gico donde la convergencia entre la inform\u00e1tica y las comunicaciones est\u00e1n facilitando un nuevo paradigma de productividad para las empresas, HIPERBARIC est\u00e1 altamente comprometida con mantener un servicio competitivo ofreciendo sus servicios de Informaci\u00f3n as\u00ed como la creaci\u00f3n de bases de datos de Informaci\u00f3n econ\u00f3mica, financiera y de marketing...","og_url":"https:\/\/www.hiperbaric.com\/es\/politica-de-seguridad\/","og_site_name":"Hiperbaric","article_modified_time":"2022-10-19T12:28:40+00:00","twitter_card":"summary_large_image","twitter_misc":{"Tiempo de lectura":"2 minutos"},"schema":{"@context":"https:\/\/schema.org","@graph":[{"@type":"WebPage","@id":"https:\/\/www.hiperbaric.com\/es\/politica-de-seguridad\/","url":"https:\/\/www.hiperbaric.com\/es\/politica-de-seguridad\/","name":"Pol\u00edtica de Seguridad de la Informaci\u00f3n - Hiperbaric","isPartOf":{"@id":"https:\/\/www.hiperbaric.com\/en\/#website"},"datePublished":"2021-04-12T07:37:51+00:00","dateModified":"2022-10-19T12:28:40+00:00","breadcrumb":{"@id":"https:\/\/www.hiperbaric.com\/es\/politica-de-seguridad\/#breadcrumb"},"inLanguage":"es","potentialAction":[{"@type":"ReadAction","target":["https:\/\/www.hiperbaric.com\/es\/politica-de-seguridad\/"]}]},{"@type":"BreadcrumbList","@id":"https:\/\/www.hiperbaric.com\/es\/politica-de-seguridad\/#breadcrumb","itemListElement":[{"@type":"ListItem","position":1,"name":"Home","item":"https:\/\/www.hiperbaric.com\/es\/"},{"@type":"ListItem","position":2,"name":"Pol\u00edtica de Seguridad de la Informaci\u00f3n"}]},{"@type":"WebSite","@id":"https:\/\/www.hiperbaric.com\/en\/#website","url":"https:\/\/www.hiperbaric.com\/en\/","name":"Hiperbaric","description":"Procesado para la conservaci\u00f3n de alimentos","publisher":{"@id":"https:\/\/www.hiperbaric.com\/en\/#organization"},"potentialAction":[{"@type":"SearchAction","target":{"@type":"EntryPoint","urlTemplate":"https:\/\/www.hiperbaric.com\/en\/?s={search_term_string}"},"query-input":"required name=search_term_string"}],"inLanguage":"es"},{"@type":"Organization","@id":"https:\/\/www.hiperbaric.com\/en\/#organization","name":"Hiperbaric","url":"https:\/\/www.hiperbaric.com\/en\/","logo":{"@type":"ImageObject","inLanguage":"es","@id":"https:\/\/www.hiperbaric.com\/en\/#\/schema\/logo\/image\/","url":"https:\/\/www.hiperbaric.com\/wp-content\/uploads\/2026\/01\/cropped-hiperbaric-logotipo-1-2.png","contentUrl":"https:\/\/www.hiperbaric.com\/wp-content\/uploads\/2026\/01\/cropped-hiperbaric-logotipo-1-2.png","width":340,"height":72,"caption":"Hiperbaric"},"image":{"@id":"https:\/\/www.hiperbaric.com\/en\/#\/schema\/logo\/image\/"}}]}},"_links":{"self":[{"href":"https:\/\/www.hiperbaric.com\/es\/wp-json\/wp\/v2\/pages\/29746"}],"collection":[{"href":"https:\/\/www.hiperbaric.com\/es\/wp-json\/wp\/v2\/pages"}],"about":[{"href":"https:\/\/www.hiperbaric.com\/es\/wp-json\/wp\/v2\/types\/page"}],"author":[{"embeddable":true,"href":"https:\/\/www.hiperbaric.com\/es\/wp-json\/wp\/v2\/users\/1"}],"replies":[{"embeddable":true,"href":"https:\/\/www.hiperbaric.com\/es\/wp-json\/wp\/v2\/comments?post=29746"}],"version-history":[{"count":1,"href":"https:\/\/www.hiperbaric.com\/es\/wp-json\/wp\/v2\/pages\/29746\/revisions"}],"predecessor-version":[{"id":41164,"href":"https:\/\/www.hiperbaric.com\/es\/wp-json\/wp\/v2\/pages\/29746\/revisions\/41164"}],"wp:attachment":[{"href":"https:\/\/www.hiperbaric.com\/es\/wp-json\/wp\/v2\/media?parent=29746"}],"curies":[{"name":"wp","href":"https:\/\/api.w.org\/{rel}","templated":true}]}}