{"id":29218,"date":"2021-03-17T13:48:01","date_gmt":"2021-03-17T12:48:01","guid":{"rendered":"https:\/\/www.hiperbaric.com\/?page_id=29218"},"modified":"2025-11-20T09:53:53","modified_gmt":"2025-11-20T08:53:53","slug":"cadena-de-valor","status":"publish","type":"page","link":"https:\/\/www.hiperbaric.com\/es\/compresion-h2\/cadena-de-valor\/","title":{"rendered":"Cadena de Valor"},"content":{"rendered":"\n<h3>\n\tHiperbaric, l\u00edder en tecnolog\u00edas de altas presiones\n\t<\/h3>\n\t<p>Hiperbaric, la compa\u00f1\u00eda l\u00edder mundial especializada en el dise\u00f1o, fabricaci\u00f3n y comercializaci\u00f3n de equipos industriales de Tecnolog\u00edas por Altas Presiones con m\u00e1s de 20 a\u00f1os de experiencia, profundiza en el dise\u00f1o y desarrollo de compresores de hidr\u00f3geno a muy alta presi\u00f3n.<\/p>\n<p>Nuestra trayectoria ha estado siempre marcada por la innovaci\u00f3n, haciendo posibles el lanzamiento de novedades disruptivas en el mercado, el desarrollo de nuevas tecnolog\u00edas y el dise\u00f1o de soluciones fiables, duraderas y seguras.<\/p>\n<p>Un buen ejemplo de ello lo representa la l\u00ednea de equipos HPP, con la que hemos alcanzado el liderazgo en ese sector. Para su funcionamiento requieren de uno o varios compresores de agua, que integran tecnolog\u00eda propia de Hiperbaric. Trabajan subiendo la presi\u00f3n desde nivel atmosf\u00e9rico hasta 6.000 bar de forma eficiente, f\u00e1cil mantenimiento y total conectividad.<\/p>\n<p>A las tecnolog\u00edas de compresi\u00f3n de agua (equipo HPP y compresor con agua a 6.000 bar) le siguieron las de compresi\u00f3n de gas arg\u00f3n a alta temperatura (equipo HIP con arg\u00f3n a 2.000 bar y 1.450\u00baC) y actualmente la nueva l\u00ednea de compresores de hidr\u00f3geno totalmente innovadores, vers\u00e1tiles y f\u00e1cilmente adaptables a cualquier tipo de aplicaci\u00f3n.<\/p>\n\t<blockquote>Hiperbaric optimiza y mejora las tecnolog\u00edas de compresi\u00f3n de hidr\u00f3geno reduciendo los costes mediante el uso de materiales probados y mejorados, con los dise\u00f1os de ingenier\u00eda m\u00e1s eficientes y desarrollando sistemas altamente fiables.<br \/>\n<\/blockquote>\n\t<p>El amplio rango de presiones de admisi\u00f3n (entre 20 y 400 bar) y la posibilidad de alcanzar los 1.000 bar de descarga les hacen especialmente adecuados para su uso en estaciones de recarga (hidrogeneras), por una movilidad sostenible siendo aptos para la recarga de veh\u00edculos a 350 o 700 bar en un breve espacio de tiempo.<\/p>\n<h3>\n\tHiperbaric, miembro de algunas de las Asociaciones m\u00e1s prestigiosas\n\t<\/h3>\n\t<p><img decoding=\"async\" loading=\"lazy\" src=\"https:\/\/www.hiperbaric.com\/wp-content\/uploads\/2021\/05\/Logo_AeH2_transparente-1024x527.png\" alt=\"\" width=\"228\" height=\"117\" \/><\/p>\n<p>La <a href=\"https:\/\/www.aeh2.org\/\" target=\"_blank\" rel=\"noopener\">Asociaci\u00f3n Espa\u00f1ola del Hidr\u00f3geno (AeH2)<\/a> es la voz del sector del hidr\u00f3geno en Espa\u00f1a. Posicionada como agente de referencia del sector del hidr\u00f3geno, trabaja desde su fundaci\u00f3n, en el a\u00f1o 2002, para fomentar, promover e impulsar el desarrollo tecnol\u00f3gico e industrial de las tecnolog\u00edas del hidr\u00f3geno en nuestro pa\u00eds, y que su impacto positivo revierta en la sociedad y econom\u00eda espa\u00f1olas. Representa a m\u00e1s de 200 socios de toda la cadena de valor del hidr\u00f3geno, incluyendo promotores de renovables, fabricantes de equipos y componentes, ingenier\u00edas y EPC, Oil &amp; Gas, gases industriales, transporte, organizaciones ligadas al sector, etc.<\/p>\n\t<p><img decoding=\"async\" loading=\"lazy\" src=\"https:\/\/www.hiperbaric.com\/wp-content\/uploads\/2021\/06\/European-Clean-Hydrogen-Alliance.jpg\" alt=\"\" width=\"303\" height=\"122\" \/><\/p>\n<p>La <a href=\"https:\/\/ec.europa.eu\/growth\/industry\/policy\/european-clean-hydrogen-alliance_en\">Alianza Europea para el Hidr\u00f3geno Limpio<\/a> tiene como objetivo un ambicioso despliegue de las tecnolog\u00edas del hidr\u00f3geno de aqu\u00ed a 2030, reuniendo la producci\u00f3n de hidr\u00f3geno renovable y con bajas emisiones de carbono, la demanda en la industria, la movilidad y otros sectores, y la transmisi\u00f3n y distribuci\u00f3n de hidr\u00f3geno. La Alianza Europea para el Hidr\u00f3geno Limpio se anunci\u00f3 como parte de la nueva estrategia industrial para Europa en marzo de 2020.<\/p>\n\t<p><img decoding=\"async\" loading=\"lazy\" src=\"https:\/\/www.hiperbaric.com\/wp-content\/uploads\/2023\/03\/logo_pteh2_v1-300x108.jpg\" alt=\"\" width=\"253\" height=\"91\" \/>La <a href=\"http:\/\/www.ptehpc.org\/\" target=\"_blank\" rel=\"noopener\">Plataforma Tecnol\u00f3gica Espa\u00f1ola del Hidr\u00f3geno y de las Pilas de Combustible (PTE-HPC)<\/a> es una iniciativa promovida por la Asociaci\u00f3n Espa\u00f1ola del Hidr\u00f3geno y amparada por el Ministerio de Ciencia e Innovaci\u00f3n. En la Plataforma participan numerosas entidades del panorama nacional cuyas actividades guardan alg\u00fan tipo de relaci\u00f3n con las tecnolog\u00edas del Hidr\u00f3geno y las Pilas de Combustible. El principal objetivo de la PTEHPC es facilitar y acelerar el desarrollo y la utilizaci\u00f3n en Espa\u00f1a de sistemas basados en pilas de combustible e hidr\u00f3geno.<\/p>\n\n","protected":false},"excerpt":{"rendered":"<p>Hiperbaric, l\u00edder en tecnolog\u00edas de altas presiones Hiperbaric, la compa\u00f1\u00eda l\u00edder mundial especializada en el dise\u00f1o, fabricaci\u00f3n y comercializaci\u00f3n de equipos industriales de Tecnolog\u00edas por Altas Presiones con m\u00e1s de 20 a\u00f1os de experiencia, profundiza en el dise\u00f1o y desarrollo de compresores de hidr\u00f3geno a muy alta presi\u00f3n. Nuestra trayectoria ha estado siempre marcada por&#8230;<\/p>\n","protected":false},"author":1,"featured_media":0,"parent":28367,"menu_order":0,"comment_status":"closed","ping_status":"closed","template":"","meta":{"om_disable_all_campaigns":false,"inline_featured_image":false,"_monsterinsights_skip_tracking":false,"_monsterinsights_sitenote_active":false,"_monsterinsights_sitenote_note":"","_monsterinsights_sitenote_category":0,"footnotes":"","_wp_rev_ctl_limit":""},"acf":[],"yoast_head":"<!-- This site is optimized with the Yoast SEO plugin v22.4 - https:\/\/yoast.com\/wordpress\/plugins\/seo\/ -->\n<title>Cadena de Valor - Hiperbaric<\/title>\n<meta name=\"robots\" content=\"index, follow, max-snippet:-1, max-image-preview:large, max-video-preview:-1\" \/>\n<link rel=\"canonical\" href=\"https:\/\/www.hiperbaric.com\/es\/compresion-h2\/cadena-de-valor\/\" \/>\n<meta property=\"og:locale\" content=\"es_ES\" \/>\n<meta property=\"og:type\" content=\"article\" \/>\n<meta property=\"og:title\" content=\"Cadena de Valor - Hiperbaric\" \/>\n<meta property=\"og:description\" content=\"Hiperbaric, l\u00edder en tecnolog\u00edas de altas presiones Hiperbaric, la compa\u00f1\u00eda l\u00edder mundial especializada en el dise\u00f1o, fabricaci\u00f3n y comercializaci\u00f3n de equipos industriales de Tecnolog\u00edas por Altas Presiones con m\u00e1s de 20 a\u00f1os de experiencia, profundiza en el dise\u00f1o y desarrollo de compresores de hidr\u00f3geno a muy alta presi\u00f3n. Nuestra trayectoria ha estado siempre marcada por...\" \/>\n<meta property=\"og:url\" content=\"https:\/\/www.hiperbaric.com\/es\/compresion-h2\/cadena-de-valor\/\" \/>\n<meta property=\"og:site_name\" content=\"Hiperbaric\" \/>\n<meta property=\"article:modified_time\" content=\"2025-11-20T08:53:53+00:00\" \/>\n<meta property=\"og:image\" content=\"https:\/\/www.hiperbaric.com\/wp-content\/uploads\/2021\/05\/Logo_AeH2_transparente-1024x527.png\" \/>\n<meta name=\"twitter:card\" content=\"summary_large_image\" \/>\n<meta name=\"twitter:label1\" content=\"Tiempo de lectura\" \/>\n\t<meta name=\"twitter:data1\" content=\"3 minutos\" \/>\n<script type=\"application\/ld+json\" class=\"yoast-schema-graph\">{\"@context\":\"https:\/\/schema.org\",\"@graph\":[{\"@type\":\"WebPage\",\"@id\":\"https:\/\/www.hiperbaric.com\/es\/compresion-h2\/cadena-de-valor\/\",\"url\":\"https:\/\/www.hiperbaric.com\/es\/compresion-h2\/cadena-de-valor\/\",\"name\":\"Cadena de Valor - Hiperbaric\",\"isPartOf\":{\"@id\":\"https:\/\/www.hiperbaric.com\/en\/#website\"},\"primaryImageOfPage\":{\"@id\":\"https:\/\/www.hiperbaric.com\/es\/compresion-h2\/cadena-de-valor\/#primaryimage\"},\"image\":{\"@id\":\"https:\/\/www.hiperbaric.com\/es\/compresion-h2\/cadena-de-valor\/#primaryimage\"},\"thumbnailUrl\":\"https:\/\/www.hiperbaric.com\/wp-content\/uploads\/2021\/05\/Logo_AeH2_transparente-1024x527.png\",\"datePublished\":\"2021-03-17T12:48:01+00:00\",\"dateModified\":\"2025-11-20T08:53:53+00:00\",\"breadcrumb\":{\"@id\":\"https:\/\/www.hiperbaric.com\/es\/compresion-h2\/cadena-de-valor\/#breadcrumb\"},\"inLanguage\":\"es\",\"potentialAction\":[{\"@type\":\"ReadAction\",\"target\":[\"https:\/\/www.hiperbaric.com\/es\/compresion-h2\/cadena-de-valor\/\"]}]},{\"@type\":\"ImageObject\",\"inLanguage\":\"es\",\"@id\":\"https:\/\/www.hiperbaric.com\/es\/compresion-h2\/cadena-de-valor\/#primaryimage\",\"url\":\"https:\/\/www.hiperbaric.com\/wp-content\/uploads\/2021\/05\/Logo_AeH2_transparente-1024x527.png\",\"contentUrl\":\"https:\/\/www.hiperbaric.com\/wp-content\/uploads\/2021\/05\/Logo_AeH2_transparente-1024x527.png\"},{\"@type\":\"BreadcrumbList\",\"@id\":\"https:\/\/www.hiperbaric.com\/es\/compresion-h2\/cadena-de-valor\/#breadcrumb\",\"itemListElement\":[{\"@type\":\"ListItem\",\"position\":1,\"name\":\"Home\",\"item\":\"https:\/\/www.hiperbaric.com\/es\/\"},{\"@type\":\"ListItem\",\"position\":2,\"name\":\"Compresi\u00f3n H2\",\"item\":\"https:\/\/www.hiperbaric.com\/es\/compresion-h2\/\"},{\"@type\":\"ListItem\",\"position\":3,\"name\":\"Cadena de Valor\"}]},{\"@type\":\"WebSite\",\"@id\":\"https:\/\/www.hiperbaric.com\/en\/#website\",\"url\":\"https:\/\/www.hiperbaric.com\/en\/\",\"name\":\"Hiperbaric\",\"description\":\"Procesado para la conservaci\u00f3n de alimentos\",\"publisher\":{\"@id\":\"https:\/\/www.hiperbaric.com\/en\/#organization\"},\"potentialAction\":[{\"@type\":\"SearchAction\",\"target\":{\"@type\":\"EntryPoint\",\"urlTemplate\":\"https:\/\/www.hiperbaric.com\/en\/?s={search_term_string}\"},\"query-input\":\"required name=search_term_string\"}],\"inLanguage\":\"es\"},{\"@type\":\"Organization\",\"@id\":\"https:\/\/www.hiperbaric.com\/en\/#organization\",\"name\":\"Hiperbaric\",\"url\":\"https:\/\/www.hiperbaric.com\/en\/\",\"logo\":{\"@type\":\"ImageObject\",\"inLanguage\":\"es\",\"@id\":\"https:\/\/www.hiperbaric.com\/en\/#\/schema\/logo\/image\/\",\"url\":\"https:\/\/www.hiperbaric.com\/wp-content\/uploads\/2026\/01\/cropped-hiperbaric-logotipo-1-2.png\",\"contentUrl\":\"https:\/\/www.hiperbaric.com\/wp-content\/uploads\/2026\/01\/cropped-hiperbaric-logotipo-1-2.png\",\"width\":340,\"height\":72,\"caption\":\"Hiperbaric\"},\"image\":{\"@id\":\"https:\/\/www.hiperbaric.com\/en\/#\/schema\/logo\/image\/\"}}]}<\/script>\n<!-- \/ Yoast SEO plugin. -->","yoast_head_json":{"title":"Cadena de Valor - Hiperbaric","robots":{"index":"index","follow":"follow","max-snippet":"max-snippet:-1","max-image-preview":"max-image-preview:large","max-video-preview":"max-video-preview:-1"},"canonical":"https:\/\/www.hiperbaric.com\/es\/compresion-h2\/cadena-de-valor\/","og_locale":"es_ES","og_type":"article","og_title":"Cadena de Valor - Hiperbaric","og_description":"Hiperbaric, l\u00edder en tecnolog\u00edas de altas presiones Hiperbaric, la compa\u00f1\u00eda l\u00edder mundial especializada en el dise\u00f1o, fabricaci\u00f3n y comercializaci\u00f3n de equipos industriales de Tecnolog\u00edas por Altas Presiones con m\u00e1s de 20 a\u00f1os de experiencia, profundiza en el dise\u00f1o y desarrollo de compresores de hidr\u00f3geno a muy alta presi\u00f3n. Nuestra trayectoria ha estado siempre marcada por...","og_url":"https:\/\/www.hiperbaric.com\/es\/compresion-h2\/cadena-de-valor\/","og_site_name":"Hiperbaric","article_modified_time":"2025-11-20T08:53:53+00:00","og_image":[{"url":"https:\/\/www.hiperbaric.com\/wp-content\/uploads\/2021\/05\/Logo_AeH2_transparente-1024x527.png"}],"twitter_card":"summary_large_image","twitter_misc":{"Tiempo de lectura":"3 minutos"},"schema":{"@context":"https:\/\/schema.org","@graph":[{"@type":"WebPage","@id":"https:\/\/www.hiperbaric.com\/es\/compresion-h2\/cadena-de-valor\/","url":"https:\/\/www.hiperbaric.com\/es\/compresion-h2\/cadena-de-valor\/","name":"Cadena de Valor - Hiperbaric","isPartOf":{"@id":"https:\/\/www.hiperbaric.com\/en\/#website"},"primaryImageOfPage":{"@id":"https:\/\/www.hiperbaric.com\/es\/compresion-h2\/cadena-de-valor\/#primaryimage"},"image":{"@id":"https:\/\/www.hiperbaric.com\/es\/compresion-h2\/cadena-de-valor\/#primaryimage"},"thumbnailUrl":"https:\/\/www.hiperbaric.com\/wp-content\/uploads\/2021\/05\/Logo_AeH2_transparente-1024x527.png","datePublished":"2021-03-17T12:48:01+00:00","dateModified":"2025-11-20T08:53:53+00:00","breadcrumb":{"@id":"https:\/\/www.hiperbaric.com\/es\/compresion-h2\/cadena-de-valor\/#breadcrumb"},"inLanguage":"es","potentialAction":[{"@type":"ReadAction","target":["https:\/\/www.hiperbaric.com\/es\/compresion-h2\/cadena-de-valor\/"]}]},{"@type":"ImageObject","inLanguage":"es","@id":"https:\/\/www.hiperbaric.com\/es\/compresion-h2\/cadena-de-valor\/#primaryimage","url":"https:\/\/www.hiperbaric.com\/wp-content\/uploads\/2021\/05\/Logo_AeH2_transparente-1024x527.png","contentUrl":"https:\/\/www.hiperbaric.com\/wp-content\/uploads\/2021\/05\/Logo_AeH2_transparente-1024x527.png"},{"@type":"BreadcrumbList","@id":"https:\/\/www.hiperbaric.com\/es\/compresion-h2\/cadena-de-valor\/#breadcrumb","itemListElement":[{"@type":"ListItem","position":1,"name":"Home","item":"https:\/\/www.hiperbaric.com\/es\/"},{"@type":"ListItem","position":2,"name":"Compresi\u00f3n H2","item":"https:\/\/www.hiperbaric.com\/es\/compresion-h2\/"},{"@type":"ListItem","position":3,"name":"Cadena de Valor"}]},{"@type":"WebSite","@id":"https:\/\/www.hiperbaric.com\/en\/#website","url":"https:\/\/www.hiperbaric.com\/en\/","name":"Hiperbaric","description":"Procesado para la conservaci\u00f3n de alimentos","publisher":{"@id":"https:\/\/www.hiperbaric.com\/en\/#organization"},"potentialAction":[{"@type":"SearchAction","target":{"@type":"EntryPoint","urlTemplate":"https:\/\/www.hiperbaric.com\/en\/?s={search_term_string}"},"query-input":"required name=search_term_string"}],"inLanguage":"es"},{"@type":"Organization","@id":"https:\/\/www.hiperbaric.com\/en\/#organization","name":"Hiperbaric","url":"https:\/\/www.hiperbaric.com\/en\/","logo":{"@type":"ImageObject","inLanguage":"es","@id":"https:\/\/www.hiperbaric.com\/en\/#\/schema\/logo\/image\/","url":"https:\/\/www.hiperbaric.com\/wp-content\/uploads\/2026\/01\/cropped-hiperbaric-logotipo-1-2.png","contentUrl":"https:\/\/www.hiperbaric.com\/wp-content\/uploads\/2026\/01\/cropped-hiperbaric-logotipo-1-2.png","width":340,"height":72,"caption":"Hiperbaric"},"image":{"@id":"https:\/\/www.hiperbaric.com\/en\/#\/schema\/logo\/image\/"}}]}},"_links":{"self":[{"href":"https:\/\/www.hiperbaric.com\/es\/wp-json\/wp\/v2\/pages\/29218"}],"collection":[{"href":"https:\/\/www.hiperbaric.com\/es\/wp-json\/wp\/v2\/pages"}],"about":[{"href":"https:\/\/www.hiperbaric.com\/es\/wp-json\/wp\/v2\/types\/page"}],"author":[{"embeddable":true,"href":"https:\/\/www.hiperbaric.com\/es\/wp-json\/wp\/v2\/users\/1"}],"replies":[{"embeddable":true,"href":"https:\/\/www.hiperbaric.com\/es\/wp-json\/wp\/v2\/comments?post=29218"}],"version-history":[{"count":4,"href":"https:\/\/www.hiperbaric.com\/es\/wp-json\/wp\/v2\/pages\/29218\/revisions"}],"predecessor-version":[{"id":65816,"href":"https:\/\/www.hiperbaric.com\/es\/wp-json\/wp\/v2\/pages\/29218\/revisions\/65816"}],"up":[{"embeddable":true,"href":"https:\/\/www.hiperbaric.com\/es\/wp-json\/wp\/v2\/pages\/28367"}],"wp:attachment":[{"href":"https:\/\/www.hiperbaric.com\/es\/wp-json\/wp\/v2\/media?parent=29218"}],"curies":[{"name":"wp","href":"https:\/\/api.w.org\/{rel}","templated":true}]}}