{"id":28681,"date":"2021-03-08T09:44:55","date_gmt":"2021-03-08T08:44:55","guid":{"rendered":"https:\/\/www.hiperbaric.com\/?page_id=28681"},"modified":"2026-04-08T15:18:43","modified_gmt":"2026-04-08T13:18:43","slug":"tecnologias-de-alta-presion-2","status":"publish","type":"page","link":"https:\/\/www.hiperbaric.com\/es\/","title":{"rendered":"Hiperbaric &#8211; Tecnolog\u00edas de Alta Presi\u00f3n"},"content":{"rendered":"\t\t<div data-elementor-type=\"wp-page\" data-elementor-id=\"28681\" class=\"elementor elementor-28681\">\n\t\t\t\t\t\t\t\t\t<section class=\"elementor-section elementor-top-section elementor-element elementor-element-466b0b0d elementor-section-boxed elementor-section-height-default elementor-section-height-default\" data-id=\"466b0b0d\" data-element_type=\"section\">\n\t\t\t\t\t\t<div class=\"elementor-container elementor-column-gap-default\">\n\t\t\t\t\t<div class=\"elementor-column elementor-col-100 elementor-top-column elementor-element elementor-element-40ed280f\" data-id=\"40ed280f\" data-element_type=\"column\">\n\t\t\t<div class=\"elementor-widget-wrap elementor-element-populated\">\n\t\t\t\t\t\t\t\t<div class=\"elementor-element elementor-element-7b2a5220 elementor-widget elementor-widget-text-editor\" data-id=\"7b2a5220\" data-element_type=\"widget\" data-widget_type=\"text-editor.default\">\n\t\t\t\t<div class=\"elementor-widget-container\">\n\t\t\t<style>\/*! elementor - v3.7.1 - 14-08-2022 *\/\n.elementor-widget-text-editor.elementor-drop-cap-view-stacked .elementor-drop-cap{background-color:#818a91;color:#fff}.elementor-widget-text-editor.elementor-drop-cap-view-framed .elementor-drop-cap{color:#818a91;border:3px solid;background-color:transparent}.elementor-widget-text-editor:not(.elementor-drop-cap-view-default) .elementor-drop-cap{margin-top:8px}.elementor-widget-text-editor:not(.elementor-drop-cap-view-default) .elementor-drop-cap-letter{width:1em;height:1em}.elementor-widget-text-editor .elementor-drop-cap{float:left;text-align:center;line-height:1;font-size:50px}.elementor-widget-text-editor .elementor-drop-cap-letter{display:inline-block}<\/style>\t\t\t\t<p><img loading=\"lazy\" decoding=\"async\" title=\"ESPECIALIZACI\u00d3N\" src=\"https:\/\/www.hiperbaric.com\/wp-content\/uploads\/2021\/03\/ESPECIALIZACION.png\" alt=\"ESPECIALIZACI\u00d3N\" width=\"90\" height=\"95\" \/><\/p>\n<p>ESPECIALIZACI\u00d3N<\/p>\n<p>Referentes internacionales en desarrollar tecnolog\u00edas de altas presiones desde hace 25 a\u00f1os<\/p>\n<p><img loading=\"lazy\" decoding=\"async\" title=\"I+D\" src=\"https:\/\/www.hiperbaric.com\/wp-content\/uploads\/2021\/03\/ID.png\" alt=\"I+D\" width=\"91\" height=\"95\" \/><\/p>\n<p>INVERSI\u00d3N EN I+D+i<\/p>\n<p>Esfuerzos continuos en innovaci\u00f3n para ofrecer<br \/>equipos m\u00e1s eficientes para nuestros clientes <img loading=\"lazy\" decoding=\"async\" title=\"SOSTENIBILIDAD\" src=\"https:\/\/www.hiperbaric.com\/wp-content\/uploads\/2021\/03\/SOSTENIBILIDAD.png\" alt=\"SOSTENIBILIDAD\" width=\"91\" height=\"95\" \/><\/p>\n<p>SOSTENIBILIDAD<\/p>\n<p>Contribuimos activamente al desarrollo econ\u00f3mico,<br \/>industrial y educativo de la sociedad<\/p>\n<h3 data-element-id=\"hmap-3\"><strong>TECNOLOG\u00cdA DE PROCESADO POR ALTAS PRESIONES <\/strong><\/h3>\n<p><a href=\"\/tecnologia-hpp\/\" target=\"_self\" rel=\"noopener\"> <img loading=\"lazy\" decoding=\"async\" title=\"Enmascarar-grupo-2-min\" src=\"https:\/\/www.hiperbaric.com\/wp-content\/uploads\/2021\/12\/Enmascarar-grupo-2-min.png\" alt=\"Enmascarar-grupo-2-min\" width=\"893\" height=\"805\" \/> <\/a> <a href=\"\/tecnologia-hpp\/\" target=\"_self\" rel=\"noopener\"> <img loading=\"lazy\" decoding=\"async\" title=\"hiperbaric_HPP_colorida\" src=\"https:\/\/www.hiperbaric.com\/wp-content\/uploads\/2020\/08\/hiperbaric_HPP_colorida.png\" alt=\"hiperbaric_HPP_colorida\" width=\"1200\" height=\"378\" \/> <\/a><\/p>\n<p>Descubre los equipos de Procesado por Altas Presiones (HPP) m\u00e1s fiables del mercado para numerosas aplicaciones para alimentaci\u00f3n y bebidas. Desde peque\u00f1as empresas hasta grandes multinacionales encuentran la maquinaria m\u00e1s acorde a sus necesidades para procesar productos naturales, seguros y listos para el consumo.<\/p>\n<p>High Pressure Processing (HPP) es una t\u00e9cnica de procesado de alimentos y bebidas en fr\u00edo basada en la aplicaci\u00f3n de altos niveles de presi\u00f3n hidrost\u00e1tica transmitida por el agua, con m\u00faltiples ventajas para empresas de alimentaci\u00f3n y bebidas.<\/p>\n<p><img loading=\"lazy\" decoding=\"async\" title=\"Grupo 534\" src=\"https:\/\/www.hiperbaric.com\/wp-content\/uploads\/2021\/03\/Grupo-534-1.png\" alt=\"Grupo 534\" width=\"797\" height=\"134\" \/> <img loading=\"lazy\" decoding=\"async\" title=\"Grupo 535\" src=\"https:\/\/www.hiperbaric.com\/wp-content\/uploads\/2021\/03\/Grupo-535-1.png\" alt=\"Grupo 535\" width=\"326\" height=\"134\" \/> <a role=\"button\" href=\"\/tecnologia-hpp\/\" target=\"_self\" rel=\"noopener\"> SABER M\u00c1S &gt; <\/a> <img loading=\"lazy\" decoding=\"async\" title=\"Grupo 535\" src=\"https:\/\/www.hiperbaric.com\/wp-content\/uploads\/2021\/03\/Grupo-535-1.png\" alt=\"Grupo 535\" width=\"326\" height=\"134\" \/> <a role=\"button\" href=\"\/tecnologia-hpp\/\" target=\"_self\" rel=\"noopener\"> SABER M\u00c1S &gt; <\/a> <img loading=\"lazy\" decoding=\"async\" title=\"HPP INNOVATION WEEK 2025\" src=\"https:\/\/www.hiperbaric.com\/wp-content\/uploads\/2025\/05\/IMAGEN-SALIDA-HPP-INNOVATION-WEEK-2025_low-res.jpg\" alt=\"HPP Innovation Week 2025\" width=\"1689\" height=\"943\" \/><\/p>\n<h2>HPP Innovation Week<\/h2>\n<p>HPP Innovation Week, el evento virtual sobre tecnolog\u00eda de alta presi\u00f3n en fr\u00edo (HPP) organizado por Hiperbaric, regresa un a\u00f1o m\u00e1s. \u00daltimas tendencias, I+D, comercializaci\u00f3n, tecnolog\u00eda, casos de \u00e9xito&#8230; son algunos de los principales temas tratados en esta edici\u00f3n. Expertos en el sector HPP compartir\u00e1n su conocimiento demostrando c\u00f3mo HPP puede tener un impacto significativo en la industria alimentaria.<\/p>\n<p><a role=\"button\" href=\"https:\/\/www.hiperbaric.com\/en\/hpp-innovation-week-2025\/\" target=\"_self\" rel=\"noopener\"> REG\u00cdSTRATE GRATIS &gt; <\/a><\/p>\n<h3 data-element-id=\"hmap-3\">VISITA NUESTRO BLOG DE HPP<\/h3>\n<p>    <div class=\"tb-blog row post blog  \" style=\"\">\n\t\t\t\t\t\t\t\t\t<div class=\"col-xs-12 col-sm-6 col-md-6 col-lg-6 full_blog_center_zzb row\">\n\t\t\t\t\t\t\t\t<div class=\"show_content_link_bl\">\n\t\t\t\t\t\t\t\t\t\t\t<article id=\"list_id\">\n\t\t\t\t\t\t\t\t\t\t\t\t<div class=\"show_meta_day_month\">\n\t\t\t\t\t\t\t\t\t\t\t\t\t<h2 class=\"the_datea\">May<\/h2>\n\t\t\t\t\t\t\t\t\t\t\t\t\t<h2 class=\"the_dateb\">06<\/h2>\n\t\t\t\t\t\t\t\t\t\t\t\t<\/div>\n\t\t\t\t\t\t\t\t\t\t\t\t<div class=\"show_text_read\">\n\t\t\t\t\t\t\t\t\t\t\t\t\t<h3 class=\"show_post_text\"><a class=\"title_asa\" href=\"https:\/\/www.hiperbaric.com\/es\/como-conservar-el-zumo-de-granada-sin-perder-sus-propiedades-beneficiosas\/\">C\u00f3mo conservar el zumo de granada sin perder sus propiedades beneficiosas<\/a><\/h3>\n\t\t\t\t\t\t\t\t\t\t\t\t\t<p class=\"show_content\"><p>Comparaci\u00f3n entre el procesamiento a alta presi\u00f3n (HPP) y los tratamientos t\u00e9rmicos en cuanto a la conservaci\u00f3n de los compuestos bioactivos, el color, la actividad antioxidante y la estabilidad microbiana en el zumo de granada refrigerado El zumo de granada resulta atractivo por una raz\u00f3n. Su color, su perfil antioxidante y sus compuestos bioactivos lo&#8230;<\/p>\n<\/p>\n\t\t\t\t\t\t\t\t\t\t\t\t\t<a class=\"reading\" href=\"https:\/\/www.hiperbaric.com\/es\/como-conservar-el-zumo-de-granada-sin-perder-sus-propiedades-beneficiosas\/\">Seguir leyendo  &nbsp;<i class=\"fa fa-long-arrow-right\"><\/i><\/a>\n\t\t\t\t\t\t\t\t\t\t\t\t<\/div>\n\t\t\t\t\t\t\t\t\t\t\t<\/article>\n\t\t\t\t\t\t\t\t\t\t<\/div>\n\t\t\t\t\t\t\t\t\t\t\t\t\t\t\t\t<div class=\"show_image_bl\">\n\t\t\t\t\t\t\t\t\t\t<div class=\"vamtam-responsive-wrapper\"><img loading=\"lazy\" decoding=\"async\" width=\"390\" height=\"213\" src=\"https:\/\/www.hiperbaric.com\/wp-content\/uploads\/2026\/05\/Miniatura-Blog-post-6.jpg\" class=\"attachment-post-thumbnail size-post-thumbnail wp-post-image\" alt=\"\" srcset=\"data:image\/svg+xml;utf8,&lt;svg%20xmlns=&quot;http:\/\/www.w3.org\/2000\/svg&quot;%20viewBox=&quot;0%200%20390%20213&quot;%20height=&quot;213px&quot;%20width=&quot;390px&quot;\/&gt;\" data-srcset=\"https:\/\/www.hiperbaric.com\/wp-content\/uploads\/2026\/05\/Miniatura-Blog-post-6.jpg 390w, https:\/\/www.hiperbaric.com\/wp-content\/uploads\/2026\/05\/Miniatura-Blog-post-6-300x164.jpg 300w, https:\/\/www.hiperbaric.com\/wp-content\/uploads\/2026\/05\/Miniatura-Blog-post-6-315x172.jpg 315w\" sizes=\"auto, (max-width: 390px) 100vw, 390px\" \/><\/div>\t\t\t\t\t\t\t\t\t<\/div>\n\n\t\t\t\t\t\t\t\t\n\n\t\t\t\t\t\t\t\t\t<\/div>\n\t\t\t\t\t\t\t\t\t\t\t\t\t\t<div class=\"col-xs-12 col-sm-6 col-md-6 col-lg-6 full_blog_center_zz row\">\t\t\t\t\t\t\t\t\t<div class=\"show_image_bl\">\n\t\t\t\t\t\t\t\t\t\t<div class=\"vamtam-responsive-wrapper\"><img loading=\"lazy\" decoding=\"async\" width=\"1600\" height=\"841\" src=\"https:\/\/www.hiperbaric.com\/wp-content\/uploads\/2026\/04\/Team-CBST.jpg\" class=\"attachment-post-thumbnail size-post-thumbnail wp-post-image\" alt=\"\" srcset=\"data:image\/svg+xml;utf8,&lt;svg%20xmlns=&quot;http:\/\/www.w3.org\/2000\/svg&quot;%20viewBox=&quot;0%200%201600%20841&quot;%20height=&quot;841px&quot;%20width=&quot;1600px&quot;\/&gt;\" data-srcset=\"https:\/\/www.hiperbaric.com\/wp-content\/uploads\/2026\/04\/Team-CBST.jpg 1600w, https:\/\/www.hiperbaric.com\/wp-content\/uploads\/2026\/04\/Team-CBST-300x158.jpg 300w, https:\/\/www.hiperbaric.com\/wp-content\/uploads\/2026\/04\/Team-CBST-1024x538.jpg 1024w, https:\/\/www.hiperbaric.com\/wp-content\/uploads\/2026\/04\/Team-CBST-768x404.jpg 768w, https:\/\/www.hiperbaric.com\/wp-content\/uploads\/2026\/04\/Team-CBST-1536x807.jpg 1536w, https:\/\/www.hiperbaric.com\/wp-content\/uploads\/2026\/04\/Team-CBST-1260x662.jpg 1260w, https:\/\/www.hiperbaric.com\/wp-content\/uploads\/2026\/04\/Team-CBST-630x331.jpg 630w, https:\/\/www.hiperbaric.com\/wp-content\/uploads\/2026\/04\/Team-CBST-420x221.jpg 420w, https:\/\/www.hiperbaric.com\/wp-content\/uploads\/2026\/04\/Team-CBST-840x442.jpg 840w, https:\/\/www.hiperbaric.com\/wp-content\/uploads\/2026\/04\/Team-CBST-315x166.jpg 315w\" sizes=\"auto, (max-width: 1600px) 100vw, 1600px\" \/><\/div>\t\t\t\t\t\t\t\t\t<\/div>\n\n\t\t\t\t\t\t\t\t\t\t\t\t\t\t\t\t\t<div class=\"show_content_link_bl\">\n\t\t\t\t\t\t\t\t\t\t\t<article id=\"list_id\">\n\t\t\t\t\t\t\t\t\t\t\t\t<div class=\"show_meta_day_month\">\n\t\t\t\t\t\t\t\t\t\t\t\t\t<h2 class=\"the_datea\">Abr<\/h2>\n\t\t\t\t\t\t\t\t\t\t\t\t\t<h2 class=\"the_dateb\">27<\/h2>\n\t\t\t\t\t\t\t\t\t\t\t\t<\/div>\n\t\t\t\t\t\t\t\t\t\t\t\t<div class=\"show_text_read\">\n\t\t\t\t\t\t\t\t\t\t\t\t\t<h3 class=\"show_post_text\"><a class=\"title_asa\" href=\"https:\/\/www.hiperbaric.com\/es\/cbst-2026-aspectos-clave-sobre-la-tecnologia-hpp-y-el-futuro-de-las-bebidas-en-china\/\">CBST 2026: Aspectos clave sobre la tecnolog\u00eda HPP y el futuro de las bebidas en China<\/a><\/h3>\n\t\t\t\t\t\t\t\t\t\t\t\t\t<p class=\"show_content\"><p>La CBST 2026 volvi\u00f3 a confirmar su posici\u00f3n como una de las ferias m\u00e1s importantes del sector de los zumos y las bebidas en China, reuniendo a fabricantes, proveedores de tecnolog\u00eda y profesionales del sector en un entorno muy din\u00e1mico centrado en la innovaci\u00f3n y el desarrollo del mercado. China\u00a0sigue siendo un mercado de referencia&#8230;<\/p>\n<\/p>\n\t\t\t\t\t\t\t\t\t\t\t\t\t<a class=\"reading\" href=\"https:\/\/www.hiperbaric.com\/es\/cbst-2026-aspectos-clave-sobre-la-tecnologia-hpp-y-el-futuro-de-las-bebidas-en-china\/\">\n\t\t\t\t\t\t\t\t\t\t\t\t\tSeguir leyendo &nbsp;<i class=\"fa fa-long-arrow-right\"><\/i><\/a>\n\t\t\t\t\t\t\t\t\t\t\t\t<\/div>\n\t\t\t\t\t\t\t\t\t\t\t<\/article>\n\t\t\t\t\t\t\t\t\t\t<\/div>\n\t\t\t\t\t\t\t\t\t<\/div>\n\t\t\t\t\t\t\t\t<\/div>\n\t\t\t\t\t\t\t\t\t<div style=\"clear: both;\"><\/div>\n            \n    <\/p>\n<h3 data-element-id=\"hmap-3\">M\u00c1S TECNOLOG\u00cdAS POR ALTAS PRESIONES<\/h3>\n<p><a href=\"\/compresion-h2\/\" target=\"_self\" rel=\"noopener\"> <img loading=\"lazy\" decoding=\"async\" title=\"Hiperbaric Home Hydrogen compression\" src=\"https:\/\/www.hiperbaric.com\/wp-content\/uploads\/2023\/01\/Imagen-H2-Home-02-scaled.jpg\" alt=\"Hiperbaric Home Hydrogen compression\" width=\"2560\" height=\"1478\" \/> <\/a><\/p>\n<h3 data-element-id=\"hmap-3\">COMPRESI\u00d3N DE HIDR\u00d3GENO<\/h3>\n<p><a href=\"\/compresion-h2\/\" target=\"_self\" rel=\"noopener\"> <img loading=\"lazy\" decoding=\"async\" title=\"LogoH2\" src=\"https:\/\/www.hiperbaric.com\/wp-content\/uploads\/2021\/03\/LogoH2.png\" alt=\"LogoH2\" width=\"522\" height=\"180\" \/> <\/a><\/p>\n<p>Conoce la tecnolog\u00eda de compresi\u00f3n de hidr\u00f3geno para movilidad sostenible con su uso en estaciones de recarga de hidr\u00f3geno<\/p>\n<p>Hiperbaric fabrica equipos para la compresi\u00f3n de<br \/>hidr\u00f3geno a altas presiones, entre los 200 y 900 bar. <img loading=\"lazy\" decoding=\"async\" title=\"Grupo 541\" src=\"https:\/\/www.hiperbaric.com\/wp-content\/uploads\/2021\/03\/Grupo-541.png\" alt=\"Grupo 541\" width=\"281\" height=\"127\" \/> <a role=\"button\" href=\"\/compresion-h2\/\" target=\"_self\" rel=\"noopener\"> SABER M\u00c1S &gt; <\/a> <img loading=\"lazy\" decoding=\"async\" title=\"Grupo 541\" src=\"https:\/\/www.hiperbaric.com\/wp-content\/uploads\/2021\/03\/Grupo-541.png\" alt=\"Grupo 541\" width=\"281\" height=\"127\" \/> <a role=\"button\" href=\"\/compresion-h2\/\" target=\"_self\" rel=\"noopener\"> SABER M\u00c1S &gt; <\/a><\/p>\n<h3 data-element-id=\"hmap-3\">PRENSADO ISOST\u00c1TICO <br \/>EN CALIENTE (HIP)<\/h3>\n<p><a href=\"\/tecnologia-hip\/\" target=\"_self\" rel=\"noopener\"> <img loading=\"lazy\" decoding=\"async\" title=\"hiperbaric_HIP_colorida\" src=\"https:\/\/www.hiperbaric.com\/wp-content\/uploads\/2020\/08\/hiperbaric_HIP_colorida.png\" alt=\"hiperbaric_HIP_colorida\" width=\"1200\" height=\"378\" \/> <\/a><\/p>\n<p>Explora \u00a0el alto rendimiento y las excelentes prestaciones de las prensas de prensado isost\u00e1tico en caliente (HIP) de Hiperbaric.<\/p>\n<p>La tecnolog\u00eda HIP procesa a alta presi\u00f3n y temperatura piezas y componentes met\u00e1licos y cer\u00e1micos, que requieren de excelentes propiedades mec\u00e1nicas.<\/p>\n<p><img loading=\"lazy\" decoding=\"async\" title=\"Grupo 542\" src=\"https:\/\/www.hiperbaric.com\/wp-content\/uploads\/2021\/03\/Grupo-542.png\" alt=\"Grupo 542\" width=\"560\" height=\"126\" \/> <a role=\"button\" href=\"\/tecnologia-hip\/\" target=\"_self\" rel=\"noopener\"> SABER M\u00c1S &gt; <\/a> <a href=\"\/tecnologia-hip\/\" target=\"_self\" rel=\"noopener\"> <img loading=\"lazy\" decoding=\"async\" title=\"Enmascarar grupo 11\" src=\"https:\/\/www.hiperbaric.com\/wp-content\/uploads\/2021\/03\/Enmascarar-grupo-11.png\" alt=\"PRENSADO ISOST\u00c1TICO \nEN CALIENTE (HIP)\" width=\"902\" height=\"517\" \/> <\/a> <img loading=\"lazy\" decoding=\"async\" title=\"Grupo 542\" src=\"https:\/\/www.hiperbaric.com\/wp-content\/uploads\/2021\/03\/Grupo-542.png\" alt=\"Grupo 542\" width=\"560\" height=\"126\" \/> <a role=\"button\" href=\"\/tecnologia-hip\/\" target=\"_self\" rel=\"noopener\"> SABER M\u00c1S &gt; <\/a><\/p>\t\t\t\t\t\t<\/div>\n\t\t\t\t<\/div>\n\t\t\t\t\t<\/div>\n\t\t<\/div>\n\t\t\t\t\t\t\t<\/div>\n\t\t<\/section>\n\t\t\t\t\t\t\t<\/div>\n\t\t","protected":false},"excerpt":{"rendered":"<p>ESPECIALIZACI\u00d3N Referentes internacionales en desarrollar tecnolog\u00edas de altas presiones desde hace 25 a\u00f1os INVERSI\u00d3N EN I+D+i Esfuerzos continuos en innovaci\u00f3n para ofrecer equipos m\u00e1s eficientes para nuestros clientes SOSTENIBILIDAD Contribuimos activamente al desarrollo econ\u00f3mico, industrial y educativo de la sociedad TECNOLOG\u00cdA DE PROCESADO POR ALTAS PRESIONES Descubre los equipos de Procesado por Altas Presiones (HPP)&#8230;<\/p>\n","protected":false},"author":1,"featured_media":23319,"parent":0,"menu_order":0,"comment_status":"closed","ping_status":"closed","template":"","meta":{"_acf_changed":false,"om_disable_all_campaigns":false,"inline_featured_image":false,"_monsterinsights_skip_tracking":false,"_monsterinsights_sitenote_active":false,"_monsterinsights_sitenote_note":"","_monsterinsights_sitenote_category":0,"footnotes":"","_wp_rev_ctl_limit":""},"class_list":["post-28681","page","type-page","status-publish","has-post-thumbnail","hentry"],"acf":[],"yoast_head":"<!-- This site is optimized with the Yoast SEO plugin v22.4 - https:\/\/yoast.com\/wordpress\/plugins\/seo\/ -->\n<title>L\u00edderes en tecnolog\u00edas de altas presiones - Hiperbaric<\/title>\n<meta name=\"description\" content=\"Procesado para la conservaci\u00f3n de alimentos por medio de alta presi\u00f3n hidrost\u00e1tica. Entra y conoce nuestra tecnolog\u00eda.\" \/>\n<meta name=\"robots\" content=\"index, follow, max-snippet:-1, max-image-preview:large, max-video-preview:-1\" \/>\n<link rel=\"canonical\" href=\"https:\/\/www.hiperbaric.com\/es\/\" \/>\n<meta property=\"og:locale\" content=\"es_ES\" \/>\n<meta property=\"og:type\" content=\"article\" \/>\n<meta property=\"og:title\" content=\"L\u00edderes en tecnolog\u00edas de altas presiones - Hiperbaric\" \/>\n<meta property=\"og:description\" content=\"Procesado para la conservaci\u00f3n de alimentos por medio de alta presi\u00f3n hidrost\u00e1tica. Entra y conoce nuestra tecnolog\u00eda.\" \/>\n<meta property=\"og:url\" content=\"https:\/\/www.hiperbaric.com\/es\/\" \/>\n<meta property=\"og:site_name\" content=\"Hiperbaric\" \/>\n<meta property=\"article:modified_time\" content=\"2026-04-08T13:18:43+00:00\" \/>\n<meta property=\"og:image\" content=\"https:\/\/www.hiperbaric.com\/wp-content\/uploads\/2020\/08\/Recurso-1-1.png\" \/>\n\t<meta property=\"og:image:width\" content=\"342\" \/>\n\t<meta property=\"og:image:height\" content=\"70\" \/>\n\t<meta property=\"og:image:type\" content=\"image\/png\" \/>\n<meta name=\"twitter:card\" content=\"summary_large_image\" \/>\n<meta name=\"twitter:label1\" content=\"Tiempo de lectura\" \/>\n\t<meta name=\"twitter:data1\" content=\"5 minutos\" \/>\n<script type=\"application\/ld+json\" class=\"yoast-schema-graph\">{\"@context\":\"https:\/\/schema.org\",\"@graph\":[{\"@type\":\"WebPage\",\"@id\":\"https:\/\/www.hiperbaric.com\/es\/\",\"url\":\"https:\/\/www.hiperbaric.com\/es\/\",\"name\":\"L\u00edderes en tecnolog\u00edas de altas presiones - Hiperbaric\",\"isPartOf\":{\"@id\":\"https:\/\/www.hiperbaric.com\/en\/#website\"},\"primaryImageOfPage\":{\"@id\":\"https:\/\/www.hiperbaric.com\/es\/#primaryimage\"},\"image\":{\"@id\":\"https:\/\/www.hiperbaric.com\/es\/#primaryimage\"},\"thumbnailUrl\":\"https:\/\/www.hiperbaric.com\/wp-content\/uploads\/2020\/08\/Recurso-1-1.png\",\"datePublished\":\"2021-03-08T08:44:55+00:00\",\"dateModified\":\"2026-04-08T13:18:43+00:00\",\"description\":\"Procesado para la conservaci\u00f3n de alimentos por medio de alta presi\u00f3n hidrost\u00e1tica. Entra y conoce nuestra tecnolog\u00eda.\",\"breadcrumb\":{\"@id\":\"https:\/\/www.hiperbaric.com\/es\/#breadcrumb\"},\"inLanguage\":\"es\",\"potentialAction\":[{\"@type\":\"ReadAction\",\"target\":[\"https:\/\/www.hiperbaric.com\/es\/\"]}]},{\"@type\":\"ImageObject\",\"inLanguage\":\"es\",\"@id\":\"https:\/\/www.hiperbaric.com\/es\/#primaryimage\",\"url\":\"https:\/\/www.hiperbaric.com\/wp-content\/uploads\/2020\/08\/Recurso-1-1.png\",\"contentUrl\":\"https:\/\/www.hiperbaric.com\/wp-content\/uploads\/2020\/08\/Recurso-1-1.png\",\"width\":342,\"height\":70,\"caption\":\"Logo Hiperbaric High Pressure Technologies\"},{\"@type\":\"BreadcrumbList\",\"@id\":\"https:\/\/www.hiperbaric.com\/es\/#breadcrumb\",\"itemListElement\":[{\"@type\":\"ListItem\",\"position\":1,\"name\":\"Home\",\"item\":\"https:\/\/www.hiperbaric.com\/es\/\"},{\"@type\":\"ListItem\",\"position\":2,\"name\":\"Hiperbaric &#8211; Tecnolog\u00edas de Alta Presi\u00f3n\"}]},{\"@type\":\"WebSite\",\"@id\":\"https:\/\/www.hiperbaric.com\/en\/#website\",\"url\":\"https:\/\/www.hiperbaric.com\/en\/\",\"name\":\"Hiperbaric\",\"description\":\"Procesado para la conservaci\u00f3n de alimentos\",\"publisher\":{\"@id\":\"https:\/\/www.hiperbaric.com\/en\/#organization\"},\"potentialAction\":[{\"@type\":\"SearchAction\",\"target\":{\"@type\":\"EntryPoint\",\"urlTemplate\":\"https:\/\/www.hiperbaric.com\/en\/?s={search_term_string}\"},\"query-input\":\"required name=search_term_string\"}],\"inLanguage\":\"es\"},{\"@type\":\"Organization\",\"@id\":\"https:\/\/www.hiperbaric.com\/en\/#organization\",\"name\":\"Hiperbaric\",\"url\":\"https:\/\/www.hiperbaric.com\/en\/\",\"logo\":{\"@type\":\"ImageObject\",\"inLanguage\":\"es\",\"@id\":\"https:\/\/www.hiperbaric.com\/en\/#\/schema\/logo\/image\/\",\"url\":\"https:\/\/www.hiperbaric.com\/wp-content\/uploads\/2026\/01\/cropped-hiperbaric-logotipo-1-2.png\",\"contentUrl\":\"https:\/\/www.hiperbaric.com\/wp-content\/uploads\/2026\/01\/cropped-hiperbaric-logotipo-1-2.png\",\"width\":340,\"height\":72,\"caption\":\"Hiperbaric\"},\"image\":{\"@id\":\"https:\/\/www.hiperbaric.com\/en\/#\/schema\/logo\/image\/\"}}]}<\/script>\n<!-- \/ Yoast SEO plugin. -->","yoast_head_json":{"title":"L\u00edderes en tecnolog\u00edas de altas presiones - Hiperbaric","description":"Procesado para la conservaci\u00f3n de alimentos por medio de alta presi\u00f3n hidrost\u00e1tica. Entra y conoce nuestra tecnolog\u00eda.","robots":{"index":"index","follow":"follow","max-snippet":"max-snippet:-1","max-image-preview":"max-image-preview:large","max-video-preview":"max-video-preview:-1"},"canonical":"https:\/\/www.hiperbaric.com\/es\/","og_locale":"es_ES","og_type":"article","og_title":"L\u00edderes en tecnolog\u00edas de altas presiones - Hiperbaric","og_description":"Procesado para la conservaci\u00f3n de alimentos por medio de alta presi\u00f3n hidrost\u00e1tica. Entra y conoce nuestra tecnolog\u00eda.","og_url":"https:\/\/www.hiperbaric.com\/es\/","og_site_name":"Hiperbaric","article_modified_time":"2026-04-08T13:18:43+00:00","og_image":[{"width":342,"height":70,"url":"https:\/\/www.hiperbaric.com\/wp-content\/uploads\/2020\/08\/Recurso-1-1.png","type":"image\/png"}],"twitter_card":"summary_large_image","twitter_misc":{"Tiempo de lectura":"5 minutos"},"schema":{"@context":"https:\/\/schema.org","@graph":[{"@type":"WebPage","@id":"https:\/\/www.hiperbaric.com\/es\/","url":"https:\/\/www.hiperbaric.com\/es\/","name":"L\u00edderes en tecnolog\u00edas de altas presiones - Hiperbaric","isPartOf":{"@id":"https:\/\/www.hiperbaric.com\/en\/#website"},"primaryImageOfPage":{"@id":"https:\/\/www.hiperbaric.com\/es\/#primaryimage"},"image":{"@id":"https:\/\/www.hiperbaric.com\/es\/#primaryimage"},"thumbnailUrl":"https:\/\/www.hiperbaric.com\/wp-content\/uploads\/2020\/08\/Recurso-1-1.png","datePublished":"2021-03-08T08:44:55+00:00","dateModified":"2026-04-08T13:18:43+00:00","description":"Procesado para la conservaci\u00f3n de alimentos por medio de alta presi\u00f3n hidrost\u00e1tica. Entra y conoce nuestra tecnolog\u00eda.","breadcrumb":{"@id":"https:\/\/www.hiperbaric.com\/es\/#breadcrumb"},"inLanguage":"es","potentialAction":[{"@type":"ReadAction","target":["https:\/\/www.hiperbaric.com\/es\/"]}]},{"@type":"ImageObject","inLanguage":"es","@id":"https:\/\/www.hiperbaric.com\/es\/#primaryimage","url":"https:\/\/www.hiperbaric.com\/wp-content\/uploads\/2020\/08\/Recurso-1-1.png","contentUrl":"https:\/\/www.hiperbaric.com\/wp-content\/uploads\/2020\/08\/Recurso-1-1.png","width":342,"height":70,"caption":"Logo Hiperbaric High Pressure Technologies"},{"@type":"BreadcrumbList","@id":"https:\/\/www.hiperbaric.com\/es\/#breadcrumb","itemListElement":[{"@type":"ListItem","position":1,"name":"Home","item":"https:\/\/www.hiperbaric.com\/es\/"},{"@type":"ListItem","position":2,"name":"Hiperbaric &#8211; Tecnolog\u00edas de Alta Presi\u00f3n"}]},{"@type":"WebSite","@id":"https:\/\/www.hiperbaric.com\/en\/#website","url":"https:\/\/www.hiperbaric.com\/en\/","name":"Hiperbaric","description":"Procesado para la conservaci\u00f3n de alimentos","publisher":{"@id":"https:\/\/www.hiperbaric.com\/en\/#organization"},"potentialAction":[{"@type":"SearchAction","target":{"@type":"EntryPoint","urlTemplate":"https:\/\/www.hiperbaric.com\/en\/?s={search_term_string}"},"query-input":"required name=search_term_string"}],"inLanguage":"es"},{"@type":"Organization","@id":"https:\/\/www.hiperbaric.com\/en\/#organization","name":"Hiperbaric","url":"https:\/\/www.hiperbaric.com\/en\/","logo":{"@type":"ImageObject","inLanguage":"es","@id":"https:\/\/www.hiperbaric.com\/en\/#\/schema\/logo\/image\/","url":"https:\/\/www.hiperbaric.com\/wp-content\/uploads\/2026\/01\/cropped-hiperbaric-logotipo-1-2.png","contentUrl":"https:\/\/www.hiperbaric.com\/wp-content\/uploads\/2026\/01\/cropped-hiperbaric-logotipo-1-2.png","width":340,"height":72,"caption":"Hiperbaric"},"image":{"@id":"https:\/\/www.hiperbaric.com\/en\/#\/schema\/logo\/image\/"}}]}},"_links":{"self":[{"href":"https:\/\/www.hiperbaric.com\/es\/wp-json\/wp\/v2\/pages\/28681","targetHints":{"allow":["GET"]}}],"collection":[{"href":"https:\/\/www.hiperbaric.com\/es\/wp-json\/wp\/v2\/pages"}],"about":[{"href":"https:\/\/www.hiperbaric.com\/es\/wp-json\/wp\/v2\/types\/page"}],"author":[{"embeddable":true,"href":"https:\/\/www.hiperbaric.com\/es\/wp-json\/wp\/v2\/users\/1"}],"replies":[{"embeddable":true,"href":"https:\/\/www.hiperbaric.com\/es\/wp-json\/wp\/v2\/comments?post=28681"}],"version-history":[{"count":5,"href":"https:\/\/www.hiperbaric.com\/es\/wp-json\/wp\/v2\/pages\/28681\/revisions"}],"predecessor-version":[{"id":67601,"href":"https:\/\/www.hiperbaric.com\/es\/wp-json\/wp\/v2\/pages\/28681\/revisions\/67601"}],"wp:featuredmedia":[{"embeddable":true,"href":"https:\/\/www.hiperbaric.com\/es\/wp-json\/wp\/v2\/media\/23319"}],"wp:attachment":[{"href":"https:\/\/www.hiperbaric.com\/es\/wp-json\/wp\/v2\/media?parent=28681"}],"curies":[{"name":"wp","href":"https:\/\/api.w.org\/{rel}","templated":true}]}}