{"id":28453,"date":"2021-02-23T09:27:11","date_gmt":"2021-02-23T08:27:11","guid":{"rendered":"https:\/\/www.hiperbaric.com\/?page_id=28453"},"modified":"2021-03-29T14:02:29","modified_gmt":"2021-03-29T12:02:29","slug":"servicios","status":"publish","type":"page","link":"https:\/\/www.hiperbaric.com\/es\/compresion-h2\/servicios\/","title":{"rendered":"Servicios"},"content":{"rendered":"\n\t<p><strong>Contacto postventa<\/strong><\/p>\n        <a href=\"mailto:service@hiperbaric.com\" ><img decoding=\"async\" src=\"\/wp-content\/uploads\/2019\/06\/opened-email-envelope.png\" width=\"52\" \/><br \/>\n        service@hiperbaric.com<\/a>\n        <a href=\"tel: +34 947 10 22 22\"><img decoding=\"async\" src=\"\/wp-content\/uploads\/2019\/08\/telephone-call.png\" width=\"52\" \/><br \/>\n        +34 947 10 22 22 (Espa\u00f1a)<\/a>\n        <a href=\"tel: +1 305 639 9723\"><img decoding=\"async\" src=\"\/wp-content\/uploads\/2019\/08\/north-america-1.png\" width=\"52\" \/><br \/>\n        +1 305 639 9723 (EE.UU)<\/a>\n\t\t\t\t<img decoding=\"async\" loading=\"lazy\" src=\"https:\/\/www.hiperbaric.com\/wp-content\/uploads\/2021\/03\/24-7_H-01.png\" alt=\"24-7_H-01\" itemprop=\"image\" height=\"827\" width=\"1299\" title=\"24-7_H-01\" onerror=\"this.style.display='none'\"  \/>\n\t<p><strong>Contacto repuestos<\/strong><\/p>\n        <a href=\"mailto:spares@hiperbaric.com\" ><img decoding=\"async\" src=\"\/wp-content\/uploads\/2019\/06\/opened-email-envelope.png\" width=\"52\" \/><br \/>\n        spares@hiperbaric.com<\/a>\n        <a href=\"tel: +34 947 47 38 74\"><img decoding=\"async\" src=\"\/wp-content\/uploads\/2019\/08\/telephone-call.png\" width=\"52\" \/><br \/>\n        +34 947 47 38 74 (Espa\u00f1a)<\/a>\n        <a href=\"tel: +1 305 639 9770\"><img decoding=\"async\" src=\"\/wp-content\/uploads\/2019\/08\/north-america-1.png\" width=\"52\" \/><br \/>\n        +1 305 639 9770 (EE.UU)<\/a>\n\t<p>La <strong>tecnolog\u00eda de<\/strong> <strong>compresi\u00f3n de hidr\u00f3geno<\/strong> de Hiperbaric se puede aplicar en diferentes \u00e1reas, especialmente a las nuevas formas de movilidad sostenible.<\/p>\n<p>Desarrollamos soluciones innovadoras sobre tecnolog\u00eda de compresi\u00f3n de hidr\u00f3geno para satisfacer las necesidades actuales y futuras de nuestros clientes en todo el mundo. Nuestro profundo conocimiento y especializaci\u00f3n sobre tecnolog\u00eda de altas presiones desde hace m\u00e1s de 20 a\u00f1os, nos permite afrontar los m\u00faltiples retos a los que se enfrenta cada sector.<\/p>\n\t<h2>Postventa<\/h2>\n\t<p>Ofrecemos una gama completa de soluciones de mantenimiento en nuestros compresores de hidr\u00f3geno, y un optimizado sistema de gesti\u00f3n para una atenci\u00f3n r\u00e1pida y eficaz.<\/p>\n\t\t\t\t<img decoding=\"async\" loading=\"lazy\" src=\"https:\/\/www.hiperbaric.com\/wp-content\/uploads\/2019\/09\/book-150x150.png\" alt=\"book\" itemprop=\"image\" height=\"150\" width=\"150\" title=\"book\" onerror=\"this.style.display='none'\"  \/>\n<h3>\n\tPuesta en marcha\n\t<\/h3>\n\t\t\t\t<img decoding=\"async\" loading=\"lazy\" src=\"https:\/\/www.hiperbaric.com\/wp-content\/uploads\/2019\/09\/tools-150x150.png\" alt=\"tools\" itemprop=\"image\" height=\"150\" width=\"150\" title=\"tools\" onerror=\"this.style.display='none'\"  \/>\n<h3>\n\tModificaciones y ajustes del software\n\t<\/h3>\n\t\t\t\t<img decoding=\"async\" loading=\"lazy\" src=\"https:\/\/www.hiperbaric.com\/wp-content\/uploads\/2019\/09\/diploma-1-1-150x150.png\" alt=\"diploma (1)\" itemprop=\"image\" height=\"150\" width=\"150\" title=\"diploma (1)\" onerror=\"this.style.display='none'\"  \/>\n<h3>\n\tFormaci\u00f3n\n\t<\/h3>\n\t\t\t\t<img decoding=\"async\" loading=\"lazy\" src=\"https:\/\/www.hiperbaric.com\/wp-content\/uploads\/2019\/09\/24-hours-phone-service-150x150.png\" alt=\"24-hours-phone-service\" itemprop=\"image\" height=\"150\" width=\"150\" title=\"24-hours-phone-service\" onerror=\"this.style.display='none'\"  \/>\n<h3>\n\tContratos de servicio\n\t<\/h3>\n\t\t\t\t<img decoding=\"async\" loading=\"lazy\" src=\"https:\/\/www.hiperbaric.com\/wp-content\/uploads\/2019\/09\/support-150x150.png\" alt=\"support\" itemprop=\"image\" height=\"150\" width=\"150\" title=\"support\" onerror=\"this.style.display='none'\"  \/>\n<h3>\n\tSoporte t\u00e9cnico\n\t<\/h3>\n\t<p>En Hiperbaric ponemos a tu disposici\u00f3n un portal web de uso exclusivo para clientes, en el que podr\u00e1s realizar tus pedidos en tiempo real con la garant\u00eda de tramitarlos en 24 horas. Cuenta con acceso a una extensa base de datos de informaci\u00f3n t\u00e9cnica como manuales, instrucciones y consultas habituales. Adem\u00e1s, permite consultar precios, descargar ofertas online y realizar b\u00fasquedas sencillas de repuestos, mediante navegaci\u00f3n 3D interactiva.<\/p>\n\t<h2>Instalaci\u00f3n<\/h2>\n\t<blockquote><p>Los contratos de suministro de cualquier equipo Hiperbaric, incluyen siempre su instalaci\u00f3n y puesta en marcha por parte de nuestros especialistas de montaje. No obstante, es responsabilidad del cliente contratar los equipos necesarios para su descarga y posicionamiento (gr\u00faa, eslingas, tanquetas, gato hidr\u00e1ulico, etc.).<\/p><\/blockquote>\n","protected":false},"excerpt":{"rendered":"<p>Contacto postventa service@hiperbaric.com +34 947 10 22 22 (Espa\u00f1a) +1 305 639 9723 (EE.UU) Contacto repuestos spares@hiperbaric.com +34 947 47 38 74 (Espa\u00f1a) +1 305 639 9770 (EE.UU) La tecnolog\u00eda de compresi\u00f3n de hidr\u00f3geno de Hiperbaric se puede aplicar en diferentes \u00e1reas, especialmente a las nuevas formas de movilidad sostenible. Desarrollamos soluciones innovadoras sobre tecnolog\u00eda&#8230;<\/p>\n","protected":false},"author":1,"featured_media":0,"parent":28367,"menu_order":0,"comment_status":"closed","ping_status":"closed","template":"","meta":{"om_disable_all_campaigns":false,"inline_featured_image":false,"_monsterinsights_skip_tracking":false,"_monsterinsights_sitenote_active":false,"_monsterinsights_sitenote_note":"","_monsterinsights_sitenote_category":0,"footnotes":"","_wp_rev_ctl_limit":""},"acf":[],"yoast_head":"<!-- This site is optimized with the Yoast SEO plugin v22.4 - https:\/\/yoast.com\/wordpress\/plugins\/seo\/ -->\n<title>Servicios - Hiperbaric<\/title>\n<meta name=\"robots\" content=\"index, follow, max-snippet:-1, max-image-preview:large, max-video-preview:-1\" \/>\n<link rel=\"canonical\" href=\"https:\/\/www.hiperbaric.com\/es\/compresion-h2\/servicios\/\" \/>\n<meta property=\"og:locale\" content=\"es_ES\" \/>\n<meta property=\"og:type\" content=\"article\" \/>\n<meta property=\"og:title\" content=\"Servicios - Hiperbaric\" \/>\n<meta property=\"og:description\" content=\"Contacto postventa service@hiperbaric.com +34 947 10 22 22 (Espa\u00f1a) +1 305 639 9723 (EE.UU) Contacto repuestos spares@hiperbaric.com +34 947 47 38 74 (Espa\u00f1a) +1 305 639 9770 (EE.UU) La tecnolog\u00eda de compresi\u00f3n de hidr\u00f3geno de Hiperbaric se puede aplicar en diferentes \u00e1reas, especialmente a las nuevas formas de movilidad sostenible. Desarrollamos soluciones innovadoras sobre tecnolog\u00eda...\" \/>\n<meta property=\"og:url\" content=\"https:\/\/www.hiperbaric.com\/es\/compresion-h2\/servicios\/\" \/>\n<meta property=\"og:site_name\" content=\"Hiperbaric\" \/>\n<meta property=\"article:modified_time\" content=\"2021-03-29T12:02:29+00:00\" \/>\n<meta property=\"og:image\" content=\"https:\/\/www.hiperbaric.com\/wp-content\/uploads\/2021\/03\/24-7_H-01.png\" \/>\n<meta name=\"twitter:card\" content=\"summary_large_image\" \/>\n<meta name=\"twitter:label1\" content=\"Tiempo de lectura\" \/>\n\t<meta name=\"twitter:data1\" content=\"1 minuto\" \/>\n<script type=\"application\/ld+json\" class=\"yoast-schema-graph\">{\"@context\":\"https:\/\/schema.org\",\"@graph\":[{\"@type\":\"WebPage\",\"@id\":\"https:\/\/www.hiperbaric.com\/es\/compresion-h2\/servicios\/\",\"url\":\"https:\/\/www.hiperbaric.com\/es\/compresion-h2\/servicios\/\",\"name\":\"Servicios - Hiperbaric\",\"isPartOf\":{\"@id\":\"https:\/\/www.hiperbaric.com\/en\/#website\"},\"primaryImageOfPage\":{\"@id\":\"https:\/\/www.hiperbaric.com\/es\/compresion-h2\/servicios\/#primaryimage\"},\"image\":{\"@id\":\"https:\/\/www.hiperbaric.com\/es\/compresion-h2\/servicios\/#primaryimage\"},\"thumbnailUrl\":\"https:\/\/www.hiperbaric.com\/wp-content\/uploads\/2021\/03\/24-7_H-01.png\",\"datePublished\":\"2021-02-23T08:27:11+00:00\",\"dateModified\":\"2021-03-29T12:02:29+00:00\",\"breadcrumb\":{\"@id\":\"https:\/\/www.hiperbaric.com\/es\/compresion-h2\/servicios\/#breadcrumb\"},\"inLanguage\":\"es\",\"potentialAction\":[{\"@type\":\"ReadAction\",\"target\":[\"https:\/\/www.hiperbaric.com\/es\/compresion-h2\/servicios\/\"]}]},{\"@type\":\"ImageObject\",\"inLanguage\":\"es\",\"@id\":\"https:\/\/www.hiperbaric.com\/es\/compresion-h2\/servicios\/#primaryimage\",\"url\":\"https:\/\/www.hiperbaric.com\/wp-content\/uploads\/2021\/03\/24-7_H-01.png\",\"contentUrl\":\"https:\/\/www.hiperbaric.com\/wp-content\/uploads\/2021\/03\/24-7_H-01.png\"},{\"@type\":\"BreadcrumbList\",\"@id\":\"https:\/\/www.hiperbaric.com\/es\/compresion-h2\/servicios\/#breadcrumb\",\"itemListElement\":[{\"@type\":\"ListItem\",\"position\":1,\"name\":\"Home\",\"item\":\"https:\/\/www.hiperbaric.com\/es\/\"},{\"@type\":\"ListItem\",\"position\":2,\"name\":\"Compresi\u00f3n H2\",\"item\":\"https:\/\/www.hiperbaric.com\/es\/compresion-h2\/\"},{\"@type\":\"ListItem\",\"position\":3,\"name\":\"Servicios\"}]},{\"@type\":\"WebSite\",\"@id\":\"https:\/\/www.hiperbaric.com\/en\/#website\",\"url\":\"https:\/\/www.hiperbaric.com\/en\/\",\"name\":\"Hiperbaric\",\"description\":\"Procesado para la conservaci\u00f3n de alimentos\",\"publisher\":{\"@id\":\"https:\/\/www.hiperbaric.com\/en\/#organization\"},\"potentialAction\":[{\"@type\":\"SearchAction\",\"target\":{\"@type\":\"EntryPoint\",\"urlTemplate\":\"https:\/\/www.hiperbaric.com\/en\/?s={search_term_string}\"},\"query-input\":\"required name=search_term_string\"}],\"inLanguage\":\"es\"},{\"@type\":\"Organization\",\"@id\":\"https:\/\/www.hiperbaric.com\/en\/#organization\",\"name\":\"Hiperbaric\",\"url\":\"https:\/\/www.hiperbaric.com\/en\/\",\"logo\":{\"@type\":\"ImageObject\",\"inLanguage\":\"es\",\"@id\":\"https:\/\/www.hiperbaric.com\/en\/#\/schema\/logo\/image\/\",\"url\":\"https:\/\/www.hiperbaric.com\/wp-content\/uploads\/2026\/01\/cropped-hiperbaric-logotipo-1-2.png\",\"contentUrl\":\"https:\/\/www.hiperbaric.com\/wp-content\/uploads\/2026\/01\/cropped-hiperbaric-logotipo-1-2.png\",\"width\":340,\"height\":72,\"caption\":\"Hiperbaric\"},\"image\":{\"@id\":\"https:\/\/www.hiperbaric.com\/en\/#\/schema\/logo\/image\/\"}}]}<\/script>\n<!-- \/ Yoast SEO plugin. -->","yoast_head_json":{"title":"Servicios - Hiperbaric","robots":{"index":"index","follow":"follow","max-snippet":"max-snippet:-1","max-image-preview":"max-image-preview:large","max-video-preview":"max-video-preview:-1"},"canonical":"https:\/\/www.hiperbaric.com\/es\/compresion-h2\/servicios\/","og_locale":"es_ES","og_type":"article","og_title":"Servicios - Hiperbaric","og_description":"Contacto postventa service@hiperbaric.com +34 947 10 22 22 (Espa\u00f1a) +1 305 639 9723 (EE.UU) Contacto repuestos spares@hiperbaric.com +34 947 47 38 74 (Espa\u00f1a) +1 305 639 9770 (EE.UU) La tecnolog\u00eda de compresi\u00f3n de hidr\u00f3geno de Hiperbaric se puede aplicar en diferentes \u00e1reas, especialmente a las nuevas formas de movilidad sostenible. Desarrollamos soluciones innovadoras sobre tecnolog\u00eda...","og_url":"https:\/\/www.hiperbaric.com\/es\/compresion-h2\/servicios\/","og_site_name":"Hiperbaric","article_modified_time":"2021-03-29T12:02:29+00:00","og_image":[{"url":"https:\/\/www.hiperbaric.com\/wp-content\/uploads\/2021\/03\/24-7_H-01.png"}],"twitter_card":"summary_large_image","twitter_misc":{"Tiempo de lectura":"1 minuto"},"schema":{"@context":"https:\/\/schema.org","@graph":[{"@type":"WebPage","@id":"https:\/\/www.hiperbaric.com\/es\/compresion-h2\/servicios\/","url":"https:\/\/www.hiperbaric.com\/es\/compresion-h2\/servicios\/","name":"Servicios - Hiperbaric","isPartOf":{"@id":"https:\/\/www.hiperbaric.com\/en\/#website"},"primaryImageOfPage":{"@id":"https:\/\/www.hiperbaric.com\/es\/compresion-h2\/servicios\/#primaryimage"},"image":{"@id":"https:\/\/www.hiperbaric.com\/es\/compresion-h2\/servicios\/#primaryimage"},"thumbnailUrl":"https:\/\/www.hiperbaric.com\/wp-content\/uploads\/2021\/03\/24-7_H-01.png","datePublished":"2021-02-23T08:27:11+00:00","dateModified":"2021-03-29T12:02:29+00:00","breadcrumb":{"@id":"https:\/\/www.hiperbaric.com\/es\/compresion-h2\/servicios\/#breadcrumb"},"inLanguage":"es","potentialAction":[{"@type":"ReadAction","target":["https:\/\/www.hiperbaric.com\/es\/compresion-h2\/servicios\/"]}]},{"@type":"ImageObject","inLanguage":"es","@id":"https:\/\/www.hiperbaric.com\/es\/compresion-h2\/servicios\/#primaryimage","url":"https:\/\/www.hiperbaric.com\/wp-content\/uploads\/2021\/03\/24-7_H-01.png","contentUrl":"https:\/\/www.hiperbaric.com\/wp-content\/uploads\/2021\/03\/24-7_H-01.png"},{"@type":"BreadcrumbList","@id":"https:\/\/www.hiperbaric.com\/es\/compresion-h2\/servicios\/#breadcrumb","itemListElement":[{"@type":"ListItem","position":1,"name":"Home","item":"https:\/\/www.hiperbaric.com\/es\/"},{"@type":"ListItem","position":2,"name":"Compresi\u00f3n H2","item":"https:\/\/www.hiperbaric.com\/es\/compresion-h2\/"},{"@type":"ListItem","position":3,"name":"Servicios"}]},{"@type":"WebSite","@id":"https:\/\/www.hiperbaric.com\/en\/#website","url":"https:\/\/www.hiperbaric.com\/en\/","name":"Hiperbaric","description":"Procesado para la conservaci\u00f3n de alimentos","publisher":{"@id":"https:\/\/www.hiperbaric.com\/en\/#organization"},"potentialAction":[{"@type":"SearchAction","target":{"@type":"EntryPoint","urlTemplate":"https:\/\/www.hiperbaric.com\/en\/?s={search_term_string}"},"query-input":"required name=search_term_string"}],"inLanguage":"es"},{"@type":"Organization","@id":"https:\/\/www.hiperbaric.com\/en\/#organization","name":"Hiperbaric","url":"https:\/\/www.hiperbaric.com\/en\/","logo":{"@type":"ImageObject","inLanguage":"es","@id":"https:\/\/www.hiperbaric.com\/en\/#\/schema\/logo\/image\/","url":"https:\/\/www.hiperbaric.com\/wp-content\/uploads\/2026\/01\/cropped-hiperbaric-logotipo-1-2.png","contentUrl":"https:\/\/www.hiperbaric.com\/wp-content\/uploads\/2026\/01\/cropped-hiperbaric-logotipo-1-2.png","width":340,"height":72,"caption":"Hiperbaric"},"image":{"@id":"https:\/\/www.hiperbaric.com\/en\/#\/schema\/logo\/image\/"}}]}},"_links":{"self":[{"href":"https:\/\/www.hiperbaric.com\/es\/wp-json\/wp\/v2\/pages\/28453"}],"collection":[{"href":"https:\/\/www.hiperbaric.com\/es\/wp-json\/wp\/v2\/pages"}],"about":[{"href":"https:\/\/www.hiperbaric.com\/es\/wp-json\/wp\/v2\/types\/page"}],"author":[{"embeddable":true,"href":"https:\/\/www.hiperbaric.com\/es\/wp-json\/wp\/v2\/users\/1"}],"replies":[{"embeddable":true,"href":"https:\/\/www.hiperbaric.com\/es\/wp-json\/wp\/v2\/comments?post=28453"}],"version-history":[{"count":0,"href":"https:\/\/www.hiperbaric.com\/es\/wp-json\/wp\/v2\/pages\/28453\/revisions"}],"up":[{"embeddable":true,"href":"https:\/\/www.hiperbaric.com\/es\/wp-json\/wp\/v2\/pages\/28367"}],"wp:attachment":[{"href":"https:\/\/www.hiperbaric.com\/es\/wp-json\/wp\/v2\/media?parent=28453"}],"curies":[{"name":"wp","href":"https:\/\/api.w.org\/{rel}","templated":true}]}}