{"id":28415,"date":"2021-02-22T09:56:31","date_gmt":"2021-02-22T08:56:31","guid":{"rendered":"https:\/\/www.hiperbaric.com\/?page_id=28415"},"modified":"2024-01-12T11:43:38","modified_gmt":"2024-01-12T10:43:38","slug":"que-es-la-compresion-h2","status":"publish","type":"page","link":"https:\/\/www.hiperbaric.com\/es\/compresion-h2\/que-es-la-compresion-h2\/","title":{"rendered":"Qu\u00e9 es la compresi\u00f3n de hidr\u00f3geno"},"content":{"rendered":"\t\t<div data-elementor-type=\"wp-page\" data-elementor-id=\"28415\" class=\"elementor elementor-28415\">\n\t\t\t\t\t\t\t\t\t<section class=\"elementor-section elementor-top-section elementor-element elementor-element-5819f5e3 elementor-section-boxed elementor-section-height-default elementor-section-height-default\" data-id=\"5819f5e3\" data-element_type=\"section\">\n\t\t\t\t\t\t<div class=\"elementor-container elementor-column-gap-default\">\n\t\t\t\t\t<div class=\"elementor-column elementor-col-100 elementor-top-column elementor-element elementor-element-6bd06b\" data-id=\"6bd06b\" data-element_type=\"column\">\n\t\t\t<div class=\"elementor-widget-wrap elementor-element-populated\">\n\t\t\t\t\t\t\t\t<div class=\"elementor-element elementor-element-ba07a12 elementor-widget elementor-widget-text-editor\" data-id=\"ba07a12\" data-element_type=\"widget\" data-widget_type=\"text-editor.default\">\n\t\t\t\t<div class=\"elementor-widget-container\">\n\t\t\t<style>\/*! elementor - v3.7.1 - 14-08-2022 *\/\n.elementor-widget-text-editor.elementor-drop-cap-view-stacked .elementor-drop-cap{background-color:#818a91;color:#fff}.elementor-widget-text-editor.elementor-drop-cap-view-framed .elementor-drop-cap{color:#818a91;border:3px solid;background-color:transparent}.elementor-widget-text-editor:not(.elementor-drop-cap-view-default) .elementor-drop-cap{margin-top:8px}.elementor-widget-text-editor:not(.elementor-drop-cap-view-default) .elementor-drop-cap-letter{width:1em;height:1em}.elementor-widget-text-editor .elementor-drop-cap{float:left;text-align:center;line-height:1;font-size:50px}.elementor-widget-text-editor .elementor-drop-cap-letter{display:inline-block}<\/style>\t\t\t\tEl hidr\u00f3geno (H<sub>2<\/sub>) es un gas ampliamente utilizado (a baja presi\u00f3n) como combustible y como materia prima en las industrias qu\u00edmicas desde hace decenas de a\u00f1os. Hasta ahora en su mayor parte proviene de energ\u00edas f\u00f3siles. Sin embargo, tambi\u00e9n se puede obtener a partir de diferentes recursos naturales renovables como la energ\u00eda solar o e\u00f3lica. Si se consigue a partir de estas fuentes limpias, sin contaminaci\u00f3n del medio ambiente ni liberaci\u00f3n de CO<sub>2<\/sub>, se denomina Hidr\u00f3geno Renovable o Verde.\n<blockquote>Hiperbaric desarrolla la tecnolog\u00eda de compresi\u00f3n hidr\u00f3geno de altas presiones como vector energ\u00e9tico para la transici\u00f3n hacia el uso de energ\u00edas renovables y ayudar as\u00ed a frenar el cambio clim\u00e1tico.<\/blockquote>\nEn la coyuntura actual de b\u00fasqueda de fuentes alternativas al uso de combustibles f\u00f3siles en movilidad, el hidr\u00f3geno se posiciona como vector energ\u00e9tico para frenar el cambio clim\u00e1tico. No obstante, su uso presenta algunos retos de almacenamiento. El hidr\u00f3geno posee una densidad muy baja (unas 13 veces inferior a la del aire) y a temperatura ambiente ocupa un gran volumen, por lo que su almacenaje resulta complicado. Para ello, la forma m\u00e1s econ\u00f3mica de densificar este gas es comprimirlo a muy altas presiones (entre 350 y 900 bar) para su almacenaje, de forma previa a su uso.\n\n<img decoding=\"async\" loading=\"lazy\" title=\"ESP-rosco_editado-def\" src=\"https:\/\/www.hiperbaric.com\/wp-content\/uploads\/2021\/03\/ESP-rosco_editado-def.png\" alt=\"ESP-rosco_editado-def\" width=\"1380\" height=\"1380\" \/>\n\nLa tecnolog\u00eda de compresi\u00f3n desarrollada por Hiperbaric permite alcanzar una compresi\u00f3n de hasta 1.000 bar, lo que le hace v\u00e1lido para comprimir gas para su almacenaje o bien para su uso en hidr\u00f3generas, donde permitir\u00eda llenar tanques de 50 &#8211; 100 L de veh\u00edculos con varios kg de H<sub>2<\/sub> a presiones de 350 bar (camiones, autobuses,\u2026) y 700 bar (nuevos veh\u00edculos con pila de combustible de \u00faltima generaci\u00f3n).\n\nCon su innovadora tecnolog\u00eda de compresi\u00f3n de gases a muy alta presi\u00f3n, Hiperbaric pretende ser uno de los grandes actores en el sector de la movilidad con hidr\u00f3geno (H<sub>2<\/sub>) proveniente de fuentes renovables, para contribuir al reto de descarbonizaci\u00f3n de los transportes.\n<h3>Ventajas de la Compresi\u00f3n de Hidr\u00f3geno para movilidad<\/h3>\n<img decoding=\"async\" loading=\"lazy\" src=\"https:\/\/www.hiperbaric.com\/wp-content\/uploads\/2021\/03\/0-150x150.png\" alt=\"\" width=\"150\" height=\"150\" \/>\n\n<b>H<sub>2<\/sub> para movilidad sostenible. <\/b> El hidr\u00f3geno es un vector energ\u00e9tico; un producto manufacturado que es capaz de almacenar energ\u00eda para, posteriormente, ser liberada de forma gradual. En el caso de que se empleen energ\u00edas renovables en su fabricaci\u00f3n, se denomina hidr\u00f3geno verde o renovable.\n\n<img decoding=\"async\" loading=\"lazy\" title=\"3\" src=\"https:\/\/www.hiperbaric.com\/wp-content\/uploads\/2021\/03\/3-150x150.png\" alt=\"3\" width=\"150\" height=\"150\" \/>\n\n<b>Comprimir y almacenar H<sub>2<\/sub>.<\/b> Debido a su baja densidad, el hidr\u00f3geno necesita comprimirse para poder ser almacenado y la forma m\u00e1s econ\u00f3mica de densificar este gas es comprimirlo a muy altas presiones (entre 350 y 900 bar) para su almacenaje.\n\n<img decoding=\"async\" loading=\"lazy\" title=\"1\" src=\"https:\/\/www.hiperbaric.com\/wp-content\/uploads\/2021\/03\/1-150x150.png\" alt=\"1\" width=\"150\" height=\"150\" \/>\n\n<strong>Energ\u00eda ub\u00edcua. <\/strong>El hidr\u00f3geno es el elemento m\u00e1s ligero, m\u00e1s b\u00e1sico y m\u00e1s ubicuo del universo. Est\u00e1 presente en cualquier lugar, por ello puede manufacturarse pr\u00e1cticamente en cualquier punto geogr\u00e1fico.\n\n<img decoding=\"async\" loading=\"lazy\" title=\"4\" src=\"https:\/\/www.hiperbaric.com\/wp-content\/uploads\/2021\/03\/4-150x150.png\" alt=\"4\" width=\"150\" height=\"150\" \/>\n\n<strong>Repostaje r\u00e1pidos.<\/strong> El repostaje de hidr\u00f3geno permite repostar en muy pocos minutos, apenas 5, en comparaci\u00f3n con el tiempo necesario para recargar una bater\u00eda de coche o cami\u00f3n el\u00e9ctrico, que se puede extender hasta dos horas.\n\n<img decoding=\"async\" loading=\"lazy\" title=\"5\" src=\"https:\/\/www.hiperbaric.com\/wp-content\/uploads\/2021\/03\/5-150x150.png\" alt=\"5\" width=\"150\" height=\"150\" \/>\n\n<strong>Amplia autonom\u00eda.<\/strong> La autonom\u00eda de este tipo de veh\u00edculos es similar a los propulsados por combustibles f\u00f3siles convencionales. Sus dep\u00f3sitos permiten recorrer hasta 800 kil\u00f3metros sin repostar.\n\n<img decoding=\"async\" loading=\"lazy\" title=\"2\" src=\"https:\/\/www.hiperbaric.com\/wp-content\/uploads\/2021\/03\/2-150x150.png\" alt=\"2\" width=\"150\" height=\"150\" \/>\n\n<strong>Cero emisiones contaminantes. <\/strong>El hidr\u00f3geno se combina con el ox\u00edgeno del aire en la pila de combustible, produciendo electricidad, agua y calor como producto. La electricidad y el calor se aprovechan, siendo la \u00fanica emisi\u00f3n asociada el vapor de agua que el veh\u00edculo emite por el tubo de escape. Al emplear energ\u00edas renovables para separar el hidr\u00f3geno, el proceso en su conjunto est\u00e1 totalmente libre de emisiones.\n<h3>Miembros de algunas de las Asociaciones e Instituciones m\u00e1s prestigiosas del mundo<\/h3>\n<section><img decoding=\"async\" src=\"\/wp-content\/uploads\/2023\/08\/AEH2.jpg\" \/> <img decoding=\"async\" src=\"\/wp-content\/uploads\/2023\/08\/ech2a.jpg\" \/> <img decoding=\"async\" src=\"&quot;\/wp-content\/uploads\/2023\/08\/PTEH2-scaled.jpg\" \/><\/section>\t\t\t\t\t\t<\/div>\n\t\t\t\t<\/div>\n\t\t\t\t\t<\/div>\n\t\t<\/div>\n\t\t\t\t\t\t\t<\/div>\n\t\t<\/section>\n\t\t\t\t\t\t\t<\/div>\n\t\t","protected":false},"excerpt":{"rendered":"<p>El hidr\u00f3geno (H2) es un gas ampliamente utilizado (a baja presi\u00f3n) como combustible y como materia prima en las industrias qu\u00edmicas desde hace decenas de a\u00f1os. Hasta ahora en su mayor parte proviene de energ\u00edas f\u00f3siles. Sin embargo, tambi\u00e9n se puede obtener a partir de diferentes recursos naturales renovables como la energ\u00eda solar o e\u00f3lica&#8230;.<\/p>\n","protected":false},"author":1,"featured_media":0,"parent":28367,"menu_order":0,"comment_status":"closed","ping_status":"closed","template":"","meta":{"om_disable_all_campaigns":false,"inline_featured_image":false,"_monsterinsights_skip_tracking":false,"_monsterinsights_sitenote_active":false,"_monsterinsights_sitenote_note":"","_monsterinsights_sitenote_category":0,"footnotes":"","_wp_rev_ctl_limit":""},"acf":[],"yoast_head":"<!-- This site is optimized with the Yoast SEO plugin v22.4 - https:\/\/yoast.com\/wordpress\/plugins\/seo\/ -->\n<title>Qu\u00e9 es la compresi\u00f3n de hidr\u00f3geno - Hiperbaric<\/title>\n<meta name=\"robots\" content=\"index, follow, max-snippet:-1, max-image-preview:large, max-video-preview:-1\" \/>\n<link rel=\"canonical\" href=\"https:\/\/www.hiperbaric.com\/es\/compresion-h2\/que-es-la-compresion-h2\/\" \/>\n<meta property=\"og:locale\" content=\"es_ES\" \/>\n<meta property=\"og:type\" content=\"article\" \/>\n<meta property=\"og:title\" content=\"Qu\u00e9 es la compresi\u00f3n de hidr\u00f3geno - Hiperbaric\" \/>\n<meta property=\"og:description\" content=\"El hidr\u00f3geno (H2) es un gas ampliamente utilizado (a baja presi\u00f3n) como combustible y como materia prima en las industrias qu\u00edmicas desde hace decenas de a\u00f1os. Hasta ahora en su mayor parte proviene de energ\u00edas f\u00f3siles. Sin embargo, tambi\u00e9n se puede obtener a partir de diferentes recursos naturales renovables como la energ\u00eda solar o e\u00f3lica....\" \/>\n<meta property=\"og:url\" content=\"https:\/\/www.hiperbaric.com\/es\/compresion-h2\/que-es-la-compresion-h2\/\" \/>\n<meta property=\"og:site_name\" content=\"Hiperbaric\" \/>\n<meta property=\"article:modified_time\" content=\"2024-01-12T10:43:38+00:00\" \/>\n<meta property=\"og:image\" content=\"https:\/\/www.hiperbaric.com\/wp-content\/uploads\/2021\/03\/ESP-rosco_editado-def.png\" \/>\n<meta name=\"twitter:card\" content=\"summary_large_image\" \/>\n<meta name=\"twitter:label1\" content=\"Tiempo de lectura\" \/>\n\t<meta name=\"twitter:data1\" content=\"5 minutos\" \/>\n<script type=\"application\/ld+json\" class=\"yoast-schema-graph\">{\"@context\":\"https:\/\/schema.org\",\"@graph\":[{\"@type\":\"WebPage\",\"@id\":\"https:\/\/www.hiperbaric.com\/es\/compresion-h2\/que-es-la-compresion-h2\/\",\"url\":\"https:\/\/www.hiperbaric.com\/es\/compresion-h2\/que-es-la-compresion-h2\/\",\"name\":\"Qu\u00e9 es la compresi\u00f3n de hidr\u00f3geno - Hiperbaric\",\"isPartOf\":{\"@id\":\"https:\/\/www.hiperbaric.com\/en\/#website\"},\"primaryImageOfPage\":{\"@id\":\"https:\/\/www.hiperbaric.com\/es\/compresion-h2\/que-es-la-compresion-h2\/#primaryimage\"},\"image\":{\"@id\":\"https:\/\/www.hiperbaric.com\/es\/compresion-h2\/que-es-la-compresion-h2\/#primaryimage\"},\"thumbnailUrl\":\"https:\/\/www.hiperbaric.com\/wp-content\/uploads\/2021\/03\/ESP-rosco_editado-def.png\",\"datePublished\":\"2021-02-22T08:56:31+00:00\",\"dateModified\":\"2024-01-12T10:43:38+00:00\",\"breadcrumb\":{\"@id\":\"https:\/\/www.hiperbaric.com\/es\/compresion-h2\/que-es-la-compresion-h2\/#breadcrumb\"},\"inLanguage\":\"es\",\"potentialAction\":[{\"@type\":\"ReadAction\",\"target\":[\"https:\/\/www.hiperbaric.com\/es\/compresion-h2\/que-es-la-compresion-h2\/\"]}]},{\"@type\":\"ImageObject\",\"inLanguage\":\"es\",\"@id\":\"https:\/\/www.hiperbaric.com\/es\/compresion-h2\/que-es-la-compresion-h2\/#primaryimage\",\"url\":\"https:\/\/www.hiperbaric.com\/wp-content\/uploads\/2021\/03\/ESP-rosco_editado-def.png\",\"contentUrl\":\"https:\/\/www.hiperbaric.com\/wp-content\/uploads\/2021\/03\/ESP-rosco_editado-def.png\"},{\"@type\":\"BreadcrumbList\",\"@id\":\"https:\/\/www.hiperbaric.com\/es\/compresion-h2\/que-es-la-compresion-h2\/#breadcrumb\",\"itemListElement\":[{\"@type\":\"ListItem\",\"position\":1,\"name\":\"Home\",\"item\":\"https:\/\/www.hiperbaric.com\/es\/\"},{\"@type\":\"ListItem\",\"position\":2,\"name\":\"Compresi\u00f3n H2\",\"item\":\"https:\/\/www.hiperbaric.com\/es\/compresion-h2\/\"},{\"@type\":\"ListItem\",\"position\":3,\"name\":\"Qu\u00e9 es la compresi\u00f3n de hidr\u00f3geno\"}]},{\"@type\":\"WebSite\",\"@id\":\"https:\/\/www.hiperbaric.com\/en\/#website\",\"url\":\"https:\/\/www.hiperbaric.com\/en\/\",\"name\":\"Hiperbaric\",\"description\":\"Procesado para la conservaci\u00f3n de alimentos\",\"publisher\":{\"@id\":\"https:\/\/www.hiperbaric.com\/en\/#organization\"},\"potentialAction\":[{\"@type\":\"SearchAction\",\"target\":{\"@type\":\"EntryPoint\",\"urlTemplate\":\"https:\/\/www.hiperbaric.com\/en\/?s={search_term_string}\"},\"query-input\":\"required name=search_term_string\"}],\"inLanguage\":\"es\"},{\"@type\":\"Organization\",\"@id\":\"https:\/\/www.hiperbaric.com\/en\/#organization\",\"name\":\"Hiperbaric\",\"url\":\"https:\/\/www.hiperbaric.com\/en\/\",\"logo\":{\"@type\":\"ImageObject\",\"inLanguage\":\"es\",\"@id\":\"https:\/\/www.hiperbaric.com\/en\/#\/schema\/logo\/image\/\",\"url\":\"https:\/\/www.hiperbaric.com\/wp-content\/uploads\/2026\/01\/cropped-hiperbaric-logotipo-1-2.png\",\"contentUrl\":\"https:\/\/www.hiperbaric.com\/wp-content\/uploads\/2026\/01\/cropped-hiperbaric-logotipo-1-2.png\",\"width\":340,\"height\":72,\"caption\":\"Hiperbaric\"},\"image\":{\"@id\":\"https:\/\/www.hiperbaric.com\/en\/#\/schema\/logo\/image\/\"}}]}<\/script>\n<!-- \/ Yoast SEO plugin. -->","yoast_head_json":{"title":"Qu\u00e9 es la compresi\u00f3n de hidr\u00f3geno - Hiperbaric","robots":{"index":"index","follow":"follow","max-snippet":"max-snippet:-1","max-image-preview":"max-image-preview:large","max-video-preview":"max-video-preview:-1"},"canonical":"https:\/\/www.hiperbaric.com\/es\/compresion-h2\/que-es-la-compresion-h2\/","og_locale":"es_ES","og_type":"article","og_title":"Qu\u00e9 es la compresi\u00f3n de hidr\u00f3geno - Hiperbaric","og_description":"El hidr\u00f3geno (H2) es un gas ampliamente utilizado (a baja presi\u00f3n) como combustible y como materia prima en las industrias qu\u00edmicas desde hace decenas de a\u00f1os. Hasta ahora en su mayor parte proviene de energ\u00edas f\u00f3siles. Sin embargo, tambi\u00e9n se puede obtener a partir de diferentes recursos naturales renovables como la energ\u00eda solar o e\u00f3lica....","og_url":"https:\/\/www.hiperbaric.com\/es\/compresion-h2\/que-es-la-compresion-h2\/","og_site_name":"Hiperbaric","article_modified_time":"2024-01-12T10:43:38+00:00","og_image":[{"url":"https:\/\/www.hiperbaric.com\/wp-content\/uploads\/2021\/03\/ESP-rosco_editado-def.png"}],"twitter_card":"summary_large_image","twitter_misc":{"Tiempo de lectura":"5 minutos"},"schema":{"@context":"https:\/\/schema.org","@graph":[{"@type":"WebPage","@id":"https:\/\/www.hiperbaric.com\/es\/compresion-h2\/que-es-la-compresion-h2\/","url":"https:\/\/www.hiperbaric.com\/es\/compresion-h2\/que-es-la-compresion-h2\/","name":"Qu\u00e9 es la compresi\u00f3n de hidr\u00f3geno - Hiperbaric","isPartOf":{"@id":"https:\/\/www.hiperbaric.com\/en\/#website"},"primaryImageOfPage":{"@id":"https:\/\/www.hiperbaric.com\/es\/compresion-h2\/que-es-la-compresion-h2\/#primaryimage"},"image":{"@id":"https:\/\/www.hiperbaric.com\/es\/compresion-h2\/que-es-la-compresion-h2\/#primaryimage"},"thumbnailUrl":"https:\/\/www.hiperbaric.com\/wp-content\/uploads\/2021\/03\/ESP-rosco_editado-def.png","datePublished":"2021-02-22T08:56:31+00:00","dateModified":"2024-01-12T10:43:38+00:00","breadcrumb":{"@id":"https:\/\/www.hiperbaric.com\/es\/compresion-h2\/que-es-la-compresion-h2\/#breadcrumb"},"inLanguage":"es","potentialAction":[{"@type":"ReadAction","target":["https:\/\/www.hiperbaric.com\/es\/compresion-h2\/que-es-la-compresion-h2\/"]}]},{"@type":"ImageObject","inLanguage":"es","@id":"https:\/\/www.hiperbaric.com\/es\/compresion-h2\/que-es-la-compresion-h2\/#primaryimage","url":"https:\/\/www.hiperbaric.com\/wp-content\/uploads\/2021\/03\/ESP-rosco_editado-def.png","contentUrl":"https:\/\/www.hiperbaric.com\/wp-content\/uploads\/2021\/03\/ESP-rosco_editado-def.png"},{"@type":"BreadcrumbList","@id":"https:\/\/www.hiperbaric.com\/es\/compresion-h2\/que-es-la-compresion-h2\/#breadcrumb","itemListElement":[{"@type":"ListItem","position":1,"name":"Home","item":"https:\/\/www.hiperbaric.com\/es\/"},{"@type":"ListItem","position":2,"name":"Compresi\u00f3n H2","item":"https:\/\/www.hiperbaric.com\/es\/compresion-h2\/"},{"@type":"ListItem","position":3,"name":"Qu\u00e9 es la compresi\u00f3n de hidr\u00f3geno"}]},{"@type":"WebSite","@id":"https:\/\/www.hiperbaric.com\/en\/#website","url":"https:\/\/www.hiperbaric.com\/en\/","name":"Hiperbaric","description":"Procesado para la conservaci\u00f3n de alimentos","publisher":{"@id":"https:\/\/www.hiperbaric.com\/en\/#organization"},"potentialAction":[{"@type":"SearchAction","target":{"@type":"EntryPoint","urlTemplate":"https:\/\/www.hiperbaric.com\/en\/?s={search_term_string}"},"query-input":"required name=search_term_string"}],"inLanguage":"es"},{"@type":"Organization","@id":"https:\/\/www.hiperbaric.com\/en\/#organization","name":"Hiperbaric","url":"https:\/\/www.hiperbaric.com\/en\/","logo":{"@type":"ImageObject","inLanguage":"es","@id":"https:\/\/www.hiperbaric.com\/en\/#\/schema\/logo\/image\/","url":"https:\/\/www.hiperbaric.com\/wp-content\/uploads\/2026\/01\/cropped-hiperbaric-logotipo-1-2.png","contentUrl":"https:\/\/www.hiperbaric.com\/wp-content\/uploads\/2026\/01\/cropped-hiperbaric-logotipo-1-2.png","width":340,"height":72,"caption":"Hiperbaric"},"image":{"@id":"https:\/\/www.hiperbaric.com\/en\/#\/schema\/logo\/image\/"}}]}},"_links":{"self":[{"href":"https:\/\/www.hiperbaric.com\/es\/wp-json\/wp\/v2\/pages\/28415"}],"collection":[{"href":"https:\/\/www.hiperbaric.com\/es\/wp-json\/wp\/v2\/pages"}],"about":[{"href":"https:\/\/www.hiperbaric.com\/es\/wp-json\/wp\/v2\/types\/page"}],"author":[{"embeddable":true,"href":"https:\/\/www.hiperbaric.com\/es\/wp-json\/wp\/v2\/users\/1"}],"replies":[{"embeddable":true,"href":"https:\/\/www.hiperbaric.com\/es\/wp-json\/wp\/v2\/comments?post=28415"}],"version-history":[{"count":11,"href":"https:\/\/www.hiperbaric.com\/es\/wp-json\/wp\/v2\/pages\/28415\/revisions"}],"predecessor-version":[{"id":52460,"href":"https:\/\/www.hiperbaric.com\/es\/wp-json\/wp\/v2\/pages\/28415\/revisions\/52460"}],"up":[{"embeddable":true,"href":"https:\/\/www.hiperbaric.com\/es\/wp-json\/wp\/v2\/pages\/28367"}],"wp:attachment":[{"href":"https:\/\/www.hiperbaric.com\/es\/wp-json\/wp\/v2\/media?parent=28415"}],"curies":[{"name":"wp","href":"https:\/\/api.w.org\/{rel}","templated":true}]}}