{"id":28367,"date":"2021-02-19T09:41:44","date_gmt":"2021-02-19T08:41:44","guid":{"rendered":"https:\/\/www.hiperbaric.com\/?page_id=28367"},"modified":"2025-11-21T10:50:25","modified_gmt":"2025-11-21T09:50:25","slug":"compresion-h2","status":"publish","type":"page","link":"https:\/\/www.hiperbaric.com\/es\/compresion-h2\/","title":{"rendered":"Compresi\u00f3n H2"},"content":{"rendered":"\n\n\t\t\t\t<img decoding=\"async\" loading=\"lazy\" src=\"https:\/\/www.hiperbaric.com\/wp-content\/uploads\/2021\/02\/Icon-5.png\" alt=\"Icon (5)\" itemprop=\"image\" height=\"70\" width=\"70\" title=\"Icon (5)\" onerror=\"this.style.display='none'\"  \/>\n<h3>\n\t\u00bfQu\u00e9 es la compresi\u00f3n de H<sub>2<\/sub>?\n\t<\/h3>\n\t<p>Es la forma m\u00e1s econ\u00f3mica de almacenaje de H2. El hidr\u00f3geno se tiene que comprimir a muy altas presiones, entre 200 y 950 bar y mediante innovadoras tecnolog\u00edas, para poder dispensarse en un veh\u00edculo de pila de combustible.<\/p>\n\t<a href=\"\/es\/compresion-h2\/que-es-la-compresion-h2\/\" target=\"_self\" role=\"button\" rel=\"noopener\">\n\t\t\t\t\tSABER M\u00c1S >\n\t<\/a>\n\t\t\t\t<img decoding=\"async\" loading=\"lazy\" src=\"https:\/\/www.hiperbaric.com\/wp-content\/uploads\/2021\/02\/Icon-6.png\" alt=\"Icon (6)\" itemprop=\"image\" height=\"70\" width=\"70\" title=\"Icon (6)\" onerror=\"this.style.display='none'\"  \/>\n<h3>\n\t\u00bfPor qu\u00e9 se usa el H<sub>2<\/sub> para la movilidad?\n\t<\/h3>\n\t<p>El hidr\u00f3geno est\u00e1 impulsando una revoluci\u00f3n en el mundo de la automoci\u00f3n por tratarse de una energ\u00eda limpia y segura. La expansi\u00f3n de la infraestructura de estaciones de repostaje, o hidrogeneras, ser\u00e1 una realidad.<\/p>\n\t<a href=\"\/es\/compresion-h2\/aplicaciones-compresion-h2\/\" target=\"_self\" role=\"button\" rel=\"noopener\">\n\t\t\t\t\tSABER M\u00c1S >\n\t<\/a>\n\t\t\t\t<img decoding=\"async\" loading=\"lazy\" src=\"https:\/\/www.hiperbaric.com\/wp-content\/uploads\/2021\/02\/Icon-7.png\" alt=\"Icon (7)\" itemprop=\"image\" height=\"70\" width=\"70\" title=\"Icon (7)\" onerror=\"this.style.display='none'\"  \/>\n<h3>\n\t\u00bfQu\u00e9 aporta Hiperbaric en la cadena de valor del H<sub>2<\/sub>?\n\t<\/h3>\n\t<p>Nuestra experiencia de m\u00e1s de 20 a\u00f1os en el manejo de l\u00edquidos y gases a muy alta presi\u00f3n, nos permite suministrar combustible de forma eficiente y fiable para su uso en hidrogeneras.<\/p>\n\t<a href=\"\/es\/compresion-h2\/cadena-de-valor\/\" target=\"_self\" role=\"button\" rel=\"noopener\">\n\t\t\t\t\tSABER M\u00c1S >\n\t<\/a>\n\t<!-- <h2>COMPRESORDEHIDR\u00d3GENO<\/h2> -->\n<h2>COMPRESOR DE<br \/> HIDR\u00d3GENO<\/h2>\nHiperbaric dise\u00f1a y desarrolla compresores de hidr\u00f3geno a alta presi\u00f3n, entre los 200 y 950 bares, modulares, compactos y fiables, para equipos que procesan con los m\u00e1s exigentes niveles de compresi\u00f3n, seguridad y demanda. \n\t<a href=\"\/compresion-h2\/equipo-de-compresion\/\" target=\"_self\" role=\"button\" rel=\"noopener\">\n\t\t\t\t\tSABER M\u00c1S >\n\t<\/a>\n\t<h2>APLICACIONES DE LOS COMPRESORES DE HIDR\u00d3GENO<\/h2>\n\t<!--<h2>H2 PARA LA MOVILIDAD DEL FUTURO<\/h2>-->\n<h2>MOVILIDAD Y ESTACIONES DE RECARGA DE H2<\/h2>\n\t<a href=\"\/es\/compresion-h2\/aplicaciones-compresion-h2\/\" target=\"_self\" role=\"button\" rel=\"noopener\">\n\t\t\t\t\tSABER M\u00c1S >\n\t<\/a>\n\t\t\t\t<img decoding=\"async\" loading=\"lazy\" src=\"https:\/\/www.hiperbaric.com\/wp-content\/uploads\/2021\/02\/Icon-9.png\" alt=\"Icon (9)\" itemprop=\"image\" height=\"190\" width=\"188\" title=\"Icon (9)\" onerror=\"this.style.display='none'\"  \/>\n\t<!--<h2>ESTACIONES DE RECARGA DE HIDR\u00d3GENO<\/h2> --> \n<h2>ALMACENAMIENTO DE H2<br \/><\/h2>\n\t<a href=\"\/es\/compresion-h2\/aplicaciones-compresion-h2\/\" target=\"_self\" role=\"button\" rel=\"noopener\">\n\t\t\t\t\tSABER M\u00c1S >\n\t<\/a>\n\t\t\t\t<img decoding=\"async\" loading=\"lazy\" src=\"https:\/\/www.hiperbaric.com\/wp-content\/uploads\/2021\/03\/IconGreen-1.png\" alt=\"IconGreen (1)\" itemprop=\"image\" height=\"190\" width=\"188\" title=\"IconGreen (1)\" onerror=\"this.style.display='none'\"  \/>\n\t<h2>INVESTIGACI\u00d3N Y DESARROLLO EN H2<\/h2>\n\t<a href=\"\/es\/compresion-h2\/aplicaciones-compresion-h2\/\" target=\"_self\" role=\"button\" rel=\"noopener\">\n\t\t\t\t\tSABER M\u00c1S >\n\t<\/a>\n\t\t\t\t<img decoding=\"async\" loading=\"lazy\" src=\"https:\/\/www.hiperbaric.com\/wp-content\/uploads\/2021\/02\/Icon-8.png\" alt=\"Icon (8)\" itemprop=\"image\" height=\"190\" width=\"188\" title=\"Icon (8)\" onerror=\"this.style.display='none'\"  \/>\n\t<h2>NUESTROS CLIENTES<br \/>\n<\/h2>\n   <section>\n        <img decoding=\"async\" src=\"\/wp-content\/uploads\/2022\/10\/LHYFE.png\"\/>\n      <img decoding=\"async\" src=\"\/wp-content\/uploads\/2022\/10\/FRAMATOME.png\"\/>\n      <img decoding=\"async\" src=\"\/wp-content\/uploads\/2022\/10\/GREEN_HYSLAND.png\"\/>\n      <img decoding=\"async\" src=\"\/wp-content\/uploads\/2022\/10\/ENAGAS.png\"\/>\n      <img decoding=\"async\" src=\"\/wp-content\/uploads\/2022\/10\/ACCIONA.png\"\/>\n      <img decoding=\"async\" src=\"\/wp-content\/uploads\/2022\/10\/CNH2-1.png\"\/>\n   <\/section>\n\t<a href=\"\/es\/compresion-h2\/clientes\/\" target=\"_self\" role=\"button\" rel=\"noopener\">\n\t\t\t\t\tVER PROYECTOS >\n\t<\/a>\n\t<h2>\u00daLTIMAS NOTICIAS<br \/>\n<\/h2>\n\t\t\t\t<img decoding=\"async\" loading=\"lazy\" src=\"https:\/\/www.hiperbaric.com\/wp-content\/uploads\/2021\/12\/Hiperbaric_32-scaled.jpg\" alt=\"Hiperbaric_32\" itemprop=\"image\" height=\"1660\" width=\"2560\" title=\"Hiperbaric_32\" onerror=\"this.style.display='none'\"  \/>\n<h2>\n\tHidr\u00f3geno como vector energ\u00e9tico\n\t<\/h2>\n\t<p>Bajo el titulo &#8216;Hidr\u00f3geno como vector de sostenibilidad en la transici\u00f3n energ\u00e9tica de los territorios&#8217;, Hiperbaric ha reunido en una interesante jornada a diferentes expertos del \u00e1mbito p\u00fablico y empresarial para exponer las capacidades de este vector energe\u0301tico, asi\u0301 como distintos proyectos y oportunidades en torno a la Tecnologi\u0301a de Compresio\u0301n de Hidro\u0301geno y la cadena de valor del Hidro\u0301geno Verde.<\/p>\n\t<a href=\"https:\/\/www.hiperbaric.com\/es\/compresion-h2\/jornada-hidrogeno-hiperbaric\/\" target=\"_self\" role=\"button\" rel=\"noopener\">\n\t\t\t\t\tVER ONLINE >\n\t<\/a>\n\n","protected":false},"excerpt":{"rendered":"<p>\u00bfQu\u00e9 es la compresi\u00f3n de H2? Es la forma m\u00e1s econ\u00f3mica de almacenaje de H2. El hidr\u00f3geno se tiene que comprimir a muy altas presiones, entre 200 y 950 bar y mediante innovadoras tecnolog\u00edas, para poder dispensarse en un veh\u00edculo de pila de combustible. SABER M\u00c1S > \u00bfPor qu\u00e9 se usa el H2 para la&#8230;<\/p>\n","protected":false},"author":1,"featured_media":0,"parent":0,"menu_order":0,"comment_status":"closed","ping_status":"closed","template":"","meta":{"om_disable_all_campaigns":false,"inline_featured_image":false,"_monsterinsights_skip_tracking":false,"_monsterinsights_sitenote_active":false,"_monsterinsights_sitenote_note":"","_monsterinsights_sitenote_category":0,"footnotes":"","_wp_rev_ctl_limit":""},"acf":[],"yoast_head":"<!-- This site is optimized with the Yoast SEO plugin v22.4 - https:\/\/yoast.com\/wordpress\/plugins\/seo\/ -->\n<title>Compresi\u00f3n H2 - Compresores de hidr\u00f3geno de alta presi\u00f3n<\/title>\n<meta name=\"description\" content=\"Hiperbaric dise\u00f1a y desarrolla compresores de hidr\u00f3geno de alta presi\u00f3n, entre los 200 y 900 bares, modulares, compactos y fiables.\" \/>\n<meta name=\"robots\" content=\"index, follow, max-snippet:-1, max-image-preview:large, max-video-preview:-1\" \/>\n<link rel=\"canonical\" href=\"https:\/\/www.hiperbaric.com\/es\/compresion-h2\/\" \/>\n<meta property=\"og:locale\" content=\"es_ES\" \/>\n<meta property=\"og:type\" content=\"article\" \/>\n<meta property=\"og:title\" content=\"Compresi\u00f3n H2 - Compresores de hidr\u00f3geno de alta presi\u00f3n\" \/>\n<meta property=\"og:description\" content=\"Hiperbaric dise\u00f1a y desarrolla compresores de hidr\u00f3geno de alta presi\u00f3n, entre los 200 y 900 bares, modulares, compactos y fiables.\" \/>\n<meta property=\"og:url\" content=\"https:\/\/www.hiperbaric.com\/es\/compresion-h2\/\" \/>\n<meta property=\"og:site_name\" content=\"Hiperbaric\" \/>\n<meta property=\"article:modified_time\" content=\"2025-11-21T09:50:25+00:00\" \/>\n<meta property=\"og:image\" content=\"https:\/\/www.hiperbaric.com\/wp-content\/uploads\/2021\/02\/Icon-5.png\" \/>\n<meta name=\"twitter:card\" content=\"summary_large_image\" \/>\n<meta name=\"twitter:label1\" content=\"Tiempo de lectura\" \/>\n\t<meta name=\"twitter:data1\" content=\"2 minutos\" \/>\n<script type=\"application\/ld+json\" class=\"yoast-schema-graph\">{\"@context\":\"https:\/\/schema.org\",\"@graph\":[{\"@type\":\"WebPage\",\"@id\":\"https:\/\/www.hiperbaric.com\/es\/compresion-h2\/\",\"url\":\"https:\/\/www.hiperbaric.com\/es\/compresion-h2\/\",\"name\":\"Compresi\u00f3n H2 - Compresores de hidr\u00f3geno de alta presi\u00f3n\",\"isPartOf\":{\"@id\":\"https:\/\/www.hiperbaric.com\/en\/#website\"},\"primaryImageOfPage\":{\"@id\":\"https:\/\/www.hiperbaric.com\/es\/compresion-h2\/#primaryimage\"},\"image\":{\"@id\":\"https:\/\/www.hiperbaric.com\/es\/compresion-h2\/#primaryimage\"},\"thumbnailUrl\":\"https:\/\/www.hiperbaric.com\/wp-content\/uploads\/2021\/02\/Icon-5.png\",\"datePublished\":\"2021-02-19T08:41:44+00:00\",\"dateModified\":\"2025-11-21T09:50:25+00:00\",\"description\":\"Hiperbaric dise\u00f1a y desarrolla compresores de hidr\u00f3geno de alta presi\u00f3n, entre los 200 y 900 bares, modulares, compactos y fiables.\",\"breadcrumb\":{\"@id\":\"https:\/\/www.hiperbaric.com\/es\/compresion-h2\/#breadcrumb\"},\"inLanguage\":\"es\",\"potentialAction\":[{\"@type\":\"ReadAction\",\"target\":[\"https:\/\/www.hiperbaric.com\/es\/compresion-h2\/\"]}]},{\"@type\":\"ImageObject\",\"inLanguage\":\"es\",\"@id\":\"https:\/\/www.hiperbaric.com\/es\/compresion-h2\/#primaryimage\",\"url\":\"https:\/\/www.hiperbaric.com\/wp-content\/uploads\/2021\/02\/Icon-5.png\",\"contentUrl\":\"https:\/\/www.hiperbaric.com\/wp-content\/uploads\/2021\/02\/Icon-5.png\"},{\"@type\":\"BreadcrumbList\",\"@id\":\"https:\/\/www.hiperbaric.com\/es\/compresion-h2\/#breadcrumb\",\"itemListElement\":[{\"@type\":\"ListItem\",\"position\":1,\"name\":\"Home\",\"item\":\"https:\/\/www.hiperbaric.com\/es\/\"},{\"@type\":\"ListItem\",\"position\":2,\"name\":\"Compresi\u00f3n H2\"}]},{\"@type\":\"WebSite\",\"@id\":\"https:\/\/www.hiperbaric.com\/en\/#website\",\"url\":\"https:\/\/www.hiperbaric.com\/en\/\",\"name\":\"Hiperbaric\",\"description\":\"Procesado para la conservaci\u00f3n de alimentos\",\"publisher\":{\"@id\":\"https:\/\/www.hiperbaric.com\/en\/#organization\"},\"potentialAction\":[{\"@type\":\"SearchAction\",\"target\":{\"@type\":\"EntryPoint\",\"urlTemplate\":\"https:\/\/www.hiperbaric.com\/en\/?s={search_term_string}\"},\"query-input\":\"required name=search_term_string\"}],\"inLanguage\":\"es\"},{\"@type\":\"Organization\",\"@id\":\"https:\/\/www.hiperbaric.com\/en\/#organization\",\"name\":\"Hiperbaric\",\"url\":\"https:\/\/www.hiperbaric.com\/en\/\",\"logo\":{\"@type\":\"ImageObject\",\"inLanguage\":\"es\",\"@id\":\"https:\/\/www.hiperbaric.com\/en\/#\/schema\/logo\/image\/\",\"url\":\"https:\/\/www.hiperbaric.com\/wp-content\/uploads\/2026\/01\/cropped-hiperbaric-logotipo-1-2.png\",\"contentUrl\":\"https:\/\/www.hiperbaric.com\/wp-content\/uploads\/2026\/01\/cropped-hiperbaric-logotipo-1-2.png\",\"width\":340,\"height\":72,\"caption\":\"Hiperbaric\"},\"image\":{\"@id\":\"https:\/\/www.hiperbaric.com\/en\/#\/schema\/logo\/image\/\"}}]}<\/script>\n<!-- \/ Yoast SEO plugin. -->","yoast_head_json":{"title":"Compresi\u00f3n H2 - Compresores de hidr\u00f3geno de alta presi\u00f3n","description":"Hiperbaric dise\u00f1a y desarrolla compresores de hidr\u00f3geno de alta presi\u00f3n, entre los 200 y 900 bares, modulares, compactos y fiables.","robots":{"index":"index","follow":"follow","max-snippet":"max-snippet:-1","max-image-preview":"max-image-preview:large","max-video-preview":"max-video-preview:-1"},"canonical":"https:\/\/www.hiperbaric.com\/es\/compresion-h2\/","og_locale":"es_ES","og_type":"article","og_title":"Compresi\u00f3n H2 - Compresores de hidr\u00f3geno de alta presi\u00f3n","og_description":"Hiperbaric dise\u00f1a y desarrolla compresores de hidr\u00f3geno de alta presi\u00f3n, entre los 200 y 900 bares, modulares, compactos y fiables.","og_url":"https:\/\/www.hiperbaric.com\/es\/compresion-h2\/","og_site_name":"Hiperbaric","article_modified_time":"2025-11-21T09:50:25+00:00","og_image":[{"url":"https:\/\/www.hiperbaric.com\/wp-content\/uploads\/2021\/02\/Icon-5.png"}],"twitter_card":"summary_large_image","twitter_misc":{"Tiempo de lectura":"2 minutos"},"schema":{"@context":"https:\/\/schema.org","@graph":[{"@type":"WebPage","@id":"https:\/\/www.hiperbaric.com\/es\/compresion-h2\/","url":"https:\/\/www.hiperbaric.com\/es\/compresion-h2\/","name":"Compresi\u00f3n H2 - Compresores de hidr\u00f3geno de alta presi\u00f3n","isPartOf":{"@id":"https:\/\/www.hiperbaric.com\/en\/#website"},"primaryImageOfPage":{"@id":"https:\/\/www.hiperbaric.com\/es\/compresion-h2\/#primaryimage"},"image":{"@id":"https:\/\/www.hiperbaric.com\/es\/compresion-h2\/#primaryimage"},"thumbnailUrl":"https:\/\/www.hiperbaric.com\/wp-content\/uploads\/2021\/02\/Icon-5.png","datePublished":"2021-02-19T08:41:44+00:00","dateModified":"2025-11-21T09:50:25+00:00","description":"Hiperbaric dise\u00f1a y desarrolla compresores de hidr\u00f3geno de alta presi\u00f3n, entre los 200 y 900 bares, modulares, compactos y fiables.","breadcrumb":{"@id":"https:\/\/www.hiperbaric.com\/es\/compresion-h2\/#breadcrumb"},"inLanguage":"es","potentialAction":[{"@type":"ReadAction","target":["https:\/\/www.hiperbaric.com\/es\/compresion-h2\/"]}]},{"@type":"ImageObject","inLanguage":"es","@id":"https:\/\/www.hiperbaric.com\/es\/compresion-h2\/#primaryimage","url":"https:\/\/www.hiperbaric.com\/wp-content\/uploads\/2021\/02\/Icon-5.png","contentUrl":"https:\/\/www.hiperbaric.com\/wp-content\/uploads\/2021\/02\/Icon-5.png"},{"@type":"BreadcrumbList","@id":"https:\/\/www.hiperbaric.com\/es\/compresion-h2\/#breadcrumb","itemListElement":[{"@type":"ListItem","position":1,"name":"Home","item":"https:\/\/www.hiperbaric.com\/es\/"},{"@type":"ListItem","position":2,"name":"Compresi\u00f3n H2"}]},{"@type":"WebSite","@id":"https:\/\/www.hiperbaric.com\/en\/#website","url":"https:\/\/www.hiperbaric.com\/en\/","name":"Hiperbaric","description":"Procesado para la conservaci\u00f3n de alimentos","publisher":{"@id":"https:\/\/www.hiperbaric.com\/en\/#organization"},"potentialAction":[{"@type":"SearchAction","target":{"@type":"EntryPoint","urlTemplate":"https:\/\/www.hiperbaric.com\/en\/?s={search_term_string}"},"query-input":"required name=search_term_string"}],"inLanguage":"es"},{"@type":"Organization","@id":"https:\/\/www.hiperbaric.com\/en\/#organization","name":"Hiperbaric","url":"https:\/\/www.hiperbaric.com\/en\/","logo":{"@type":"ImageObject","inLanguage":"es","@id":"https:\/\/www.hiperbaric.com\/en\/#\/schema\/logo\/image\/","url":"https:\/\/www.hiperbaric.com\/wp-content\/uploads\/2026\/01\/cropped-hiperbaric-logotipo-1-2.png","contentUrl":"https:\/\/www.hiperbaric.com\/wp-content\/uploads\/2026\/01\/cropped-hiperbaric-logotipo-1-2.png","width":340,"height":72,"caption":"Hiperbaric"},"image":{"@id":"https:\/\/www.hiperbaric.com\/en\/#\/schema\/logo\/image\/"}}]}},"_links":{"self":[{"href":"https:\/\/www.hiperbaric.com\/es\/wp-json\/wp\/v2\/pages\/28367"}],"collection":[{"href":"https:\/\/www.hiperbaric.com\/es\/wp-json\/wp\/v2\/pages"}],"about":[{"href":"https:\/\/www.hiperbaric.com\/es\/wp-json\/wp\/v2\/types\/page"}],"author":[{"embeddable":true,"href":"https:\/\/www.hiperbaric.com\/es\/wp-json\/wp\/v2\/users\/1"}],"replies":[{"embeddable":true,"href":"https:\/\/www.hiperbaric.com\/es\/wp-json\/wp\/v2\/comments?post=28367"}],"version-history":[{"count":6,"href":"https:\/\/www.hiperbaric.com\/es\/wp-json\/wp\/v2\/pages\/28367\/revisions"}],"predecessor-version":[{"id":65879,"href":"https:\/\/www.hiperbaric.com\/es\/wp-json\/wp\/v2\/pages\/28367\/revisions\/65879"}],"wp:attachment":[{"href":"https:\/\/www.hiperbaric.com\/es\/wp-json\/wp\/v2\/media?parent=28367"}],"curies":[{"name":"wp","href":"https:\/\/api.w.org\/{rel}","templated":true}]}}