{"id":28160,"date":"2021-02-05T12:06:56","date_gmt":"2021-02-05T11:06:56","guid":{"rendered":"https:\/\/www.hiperbaric.com\/?page_id=28160"},"modified":"2021-02-26T14:46:38","modified_gmt":"2021-02-26T13:46:38","slug":"little-human-big-appetite-hpp-offers-fresh-safe-and-healthy-baby-food","status":"publish","type":"page","link":"https:\/\/www.hiperbaric.com\/es\/tecnologia-hpp\/recursos-hpp\/webinars\/little-human-big-appetite-hpp-offers-fresh-safe-and-healthy-baby-food\/","title":{"rendered":"WEBINAR | Alimentos infantiles HPP: naturales, seguros y saludables"},"content":{"rendered":"\n\t<p>Cualquier padre estar\u00e1 de acuerdo en que ning\u00fan producto alimenticio para beb\u00e9s debe tener una fecha de caducidad mayor a la edad del propio beb\u00e9. Es por esta raz\u00f3n que muchos se est\u00e1n alejando de los productos ultra procesados, azucarados \u200b\u200by pasteurizados en calor que encontramos en los estantes a temperatura ambiente de los supermercados. Y, en su lugar, se dirigen al pasillo refrigerado que contiene productos prensados en fr\u00edo HPP, sin conservantes.<\/p>\n<p>El futuro de la alimentaci\u00f3n infantil es el procesado por alta presi\u00f3n (HPP). Se trata de una tecnolog\u00eda de conservaci\u00f3n no t\u00e9rmica mediante la cual los alimentos o bebidas se colocan en una c\u00e1mara de alta presi\u00f3n que se llena con agua fr\u00eda y se presuriza para inactivar pat\u00f3genos sin aplicar calor.<\/p>\n<p>Muchas marcas y fabricantes de alimentos infantiles est\u00e1n comenzando a implementar esta tecnolog\u00eda para conservar los nutrientes, el sabor y la textura de sus ingredientes frescos y de primera calidad, al mismo tiempo que ofrecen un producto 100% seguro para los m\u00e1s peque\u00f1os. Adem\u00e1s, HPP tambi\u00e9n extiende la vida \u00fatil lo suficiente como para poder asegurar la distribuci\u00f3n por todo el territorio nacional e incluso internacional.<\/p>\n<p><strong>En este webinar aprender\u00e1s sobre:<\/strong><\/p>\n<ul>\n<li>Introducci\u00f3n a la tecnolog\u00eda HPP y descripci\u00f3n general de su aplicaci\u00f3n en alimentos infantiles<\/li>\n<li>Control de microorganismos mediante HPP para garantizar la seguridad alimentaria y extender la vida \u00fatil en mezclas de frutas y verduras<\/li>\n<li>Caso de \u00e9xito de Mia &amp; Ben, fabricante de alimentos infantiles HPP con sede en el Reino Unido<\/li>\n<li>Caso de \u00e9xito de lil&#8217; gourmets fabricante de alimentos infantiles HPP con sede en EEUU<\/li>\n<li>Preguntas y respuestas.<\/li>\n<\/ul>\n<p><strong>Idioma: <\/strong>ingl\u00e9s<img decoding=\"async\" loading=\"lazy\" src=\"https:\/\/www.hiperbaric.com\/wp-content\/uploads\/2020\/08\/icono-ingl\u00e9s-webinars-276x300.jpg\" alt=\"\" width=\"49\" height=\"49\" \/><\/p>\n\t\t<h3>\u00a1Reg\u00edstrate gratis!<\/h3>\t\t\n\t\t\t<p>Recibir\u00e1s la grabaci\u00f3n del webinar directamente en tu email<\/p>\t\t\n\t<iframe loading=\"lazy\" src=\"https:\/\/forms.marketing.hiperbaric.com\/l\/881883\/2020-08-24\/d1h?Language=Spanish&#038;URL=UzD_8Q17V4A&#038;Business_line=HPP&#038;Source_text=Baby%20Food%20Webinar%20Recording\" type=\"text\/html\" allowtransparency=\"true\" width=\"100%\" height=\"500\" frameborder=\"0\"><\/iframe> \n<h3>\n\tPonentes\n\t<\/h3>\n\t\t\t\t<img decoding=\"async\" loading=\"lazy\" src=\"https:\/\/www.hiperbaric.com\/wp-content\/uploads\/2021\/02\/alejandro-1.png\" alt=\"alejandro (1)\" itemprop=\"image\" height=\"1080\" width=\"1080\" title=\"alejandro (1)\" onerror=\"this.style.display='none'\"  \/>\n\t<strong>Alejandro Blanco<br \/>\n<\/strong>Director Comercial\n\t<p><img decoding=\"async\" loading=\"lazy\" src=\"https:\/\/www.hiperbaric.com\/wp-content\/uploads\/2019\/06\/logo_Hiperbaric_RGB-small-300x86.jpg\" alt=\"\" width=\"276\" height=\"79\" \/><\/p>\n\t\t\t\t<img decoding=\"async\" loading=\"lazy\" src=\"https:\/\/www.hiperbaric.com\/wp-content\/uploads\/2021\/02\/mario.png\" alt=\"mario\" itemprop=\"image\" height=\"1080\" width=\"1080\" title=\"mario\" onerror=\"this.style.display='none'\"  \/>\n\t<strong>Mario Gonz\u00e1lez<\/strong><br \/>\nEspecialista Aplicaciones HPP<br \/>\n\n\t<p><img decoding=\"async\" loading=\"lazy\" src=\"https:\/\/www.hiperbaric.com\/wp-content\/uploads\/2019\/06\/logo_Hiperbaric_RGB-small-300x86.jpg\" alt=\"\" width=\"276\" height=\"79\" \/><\/p>\n\t\t\t\t<img decoding=\"async\" loading=\"lazy\" src=\"https:\/\/www.hiperbaric.com\/wp-content\/uploads\/2021\/02\/daniel.png\" alt=\"daniel\" itemprop=\"image\" height=\"1080\" width=\"1080\" title=\"daniel\" onerror=\"this.style.display='none'\"  \/>\n\t<strong>Daniel Auner<br \/>\n<\/strong>Fundador\n\t<p><img decoding=\"async\" loading=\"lazy\" src=\"https:\/\/www.hiperbaric.com\/wp-content\/uploads\/2021\/02\/Mia-Ben-Logos_OneLine-recortado-300x87.png\" alt=\"\" width=\"200\" height=\"58\" \/><\/p>\n\n\t\t\t\t<img decoding=\"async\" loading=\"lazy\" src=\"https:\/\/www.hiperbaric.com\/wp-content\/uploads\/2021\/02\/shibani.png\" alt=\"shibani\" itemprop=\"image\" height=\"1080\" width=\"1080\" title=\"shibani\" onerror=\"this.style.display='none'\"  \/>\n\t<strong>Shibani Baluja<br \/>\n<\/strong>Fundadora &amp; CEO\n\t<p><img decoding=\"async\" loading=\"lazy\" src=\"https:\/\/www.hiperbaric.com\/wp-content\/uploads\/2021\/02\/lilgourmets-logo_recortado-300x90.png\" alt=\"\" width=\"200\" height=\"60\" \/><\/p>\n","protected":false},"excerpt":{"rendered":"<p>Cualquier padre estar\u00e1 de acuerdo en que ning\u00fan producto alimenticio para beb\u00e9s debe tener una fecha de caducidad mayor a la edad del propio beb\u00e9. Es por esta raz\u00f3n que muchos se est\u00e1n alejando de los productos ultra procesados, azucarados \u200b\u200by pasteurizados en calor que encontramos en los estantes a temperatura ambiente de los supermercados&#8230;.<\/p>\n","protected":false},"author":6,"featured_media":0,"parent":20866,"menu_order":0,"comment_status":"closed","ping_status":"closed","template":"","meta":{"om_disable_all_campaigns":false,"inline_featured_image":false,"_monsterinsights_skip_tracking":false,"_monsterinsights_sitenote_active":false,"_monsterinsights_sitenote_note":"","_monsterinsights_sitenote_category":0,"footnotes":"","_wp_rev_ctl_limit":""},"acf":[],"yoast_head":"<!-- This site is optimized with the Yoast SEO plugin v22.4 - https:\/\/yoast.com\/wordpress\/plugins\/seo\/ -->\n<title>WEBINAR | Alimentos infantiles HPP: naturales, seguros y saludables - Hiperbaric<\/title>\n<meta name=\"robots\" content=\"index, follow, max-snippet:-1, max-image-preview:large, max-video-preview:-1\" \/>\n<link rel=\"canonical\" href=\"https:\/\/www.hiperbaric.com\/es\/tecnologia-hpp\/recursos-hpp\/webinars\/little-human-big-appetite-hpp-offers-fresh-safe-and-healthy-baby-food\/\" \/>\n<meta property=\"og:locale\" content=\"es_ES\" \/>\n<meta property=\"og:type\" content=\"article\" \/>\n<meta property=\"og:title\" content=\"WEBINAR | Alimentos infantiles HPP: naturales, seguros y saludables - Hiperbaric\" \/>\n<meta property=\"og:description\" content=\"Cualquier padre estar\u00e1 de acuerdo en que ning\u00fan producto alimenticio para beb\u00e9s debe tener una fecha de caducidad mayor a la edad del propio beb\u00e9. Es por esta raz\u00f3n que muchos se est\u00e1n alejando de los productos ultra procesados, azucarados \u200b\u200by pasteurizados en calor que encontramos en los estantes a temperatura ambiente de los supermercados....\" \/>\n<meta property=\"og:url\" content=\"https:\/\/www.hiperbaric.com\/es\/tecnologia-hpp\/recursos-hpp\/webinars\/little-human-big-appetite-hpp-offers-fresh-safe-and-healthy-baby-food\/\" \/>\n<meta property=\"og:site_name\" content=\"Hiperbaric\" \/>\n<meta property=\"article:modified_time\" content=\"2021-02-26T13:46:38+00:00\" \/>\n<meta property=\"og:image\" content=\"https:\/\/www.hiperbaric.com\/wp-content\/uploads\/2021\/02\/alejandro-1.png\" \/>\n<meta name=\"twitter:card\" content=\"summary_large_image\" \/>\n<meta name=\"twitter:label1\" content=\"Tiempo de lectura\" \/>\n\t<meta name=\"twitter:data1\" content=\"2 minutos\" \/>\n<script type=\"application\/ld+json\" class=\"yoast-schema-graph\">{\"@context\":\"https:\/\/schema.org\",\"@graph\":[{\"@type\":\"WebPage\",\"@id\":\"https:\/\/www.hiperbaric.com\/es\/tecnologia-hpp\/recursos-hpp\/webinars\/little-human-big-appetite-hpp-offers-fresh-safe-and-healthy-baby-food\/\",\"url\":\"https:\/\/www.hiperbaric.com\/es\/tecnologia-hpp\/recursos-hpp\/webinars\/little-human-big-appetite-hpp-offers-fresh-safe-and-healthy-baby-food\/\",\"name\":\"WEBINAR | Alimentos infantiles HPP: naturales, seguros y saludables - Hiperbaric\",\"isPartOf\":{\"@id\":\"https:\/\/www.hiperbaric.com\/en\/#website\"},\"primaryImageOfPage\":{\"@id\":\"https:\/\/www.hiperbaric.com\/es\/tecnologia-hpp\/recursos-hpp\/webinars\/little-human-big-appetite-hpp-offers-fresh-safe-and-healthy-baby-food\/#primaryimage\"},\"image\":{\"@id\":\"https:\/\/www.hiperbaric.com\/es\/tecnologia-hpp\/recursos-hpp\/webinars\/little-human-big-appetite-hpp-offers-fresh-safe-and-healthy-baby-food\/#primaryimage\"},\"thumbnailUrl\":\"https:\/\/www.hiperbaric.com\/wp-content\/uploads\/2021\/02\/alejandro-1.png\",\"datePublished\":\"2021-02-05T11:06:56+00:00\",\"dateModified\":\"2021-02-26T13:46:38+00:00\",\"breadcrumb\":{\"@id\":\"https:\/\/www.hiperbaric.com\/es\/tecnologia-hpp\/recursos-hpp\/webinars\/little-human-big-appetite-hpp-offers-fresh-safe-and-healthy-baby-food\/#breadcrumb\"},\"inLanguage\":\"es\",\"potentialAction\":[{\"@type\":\"ReadAction\",\"target\":[\"https:\/\/www.hiperbaric.com\/es\/tecnologia-hpp\/recursos-hpp\/webinars\/little-human-big-appetite-hpp-offers-fresh-safe-and-healthy-baby-food\/\"]}]},{\"@type\":\"ImageObject\",\"inLanguage\":\"es\",\"@id\":\"https:\/\/www.hiperbaric.com\/es\/tecnologia-hpp\/recursos-hpp\/webinars\/little-human-big-appetite-hpp-offers-fresh-safe-and-healthy-baby-food\/#primaryimage\",\"url\":\"https:\/\/www.hiperbaric.com\/wp-content\/uploads\/2021\/02\/alejandro-1.png\",\"contentUrl\":\"https:\/\/www.hiperbaric.com\/wp-content\/uploads\/2021\/02\/alejandro-1.png\"},{\"@type\":\"BreadcrumbList\",\"@id\":\"https:\/\/www.hiperbaric.com\/es\/tecnologia-hpp\/recursos-hpp\/webinars\/little-human-big-appetite-hpp-offers-fresh-safe-and-healthy-baby-food\/#breadcrumb\",\"itemListElement\":[{\"@type\":\"ListItem\",\"position\":1,\"name\":\"Home\",\"item\":\"https:\/\/www.hiperbaric.com\/es\/\"},{\"@type\":\"ListItem\",\"position\":2,\"name\":\"Tecnolog\u00eda HPP\",\"item\":\"https:\/\/www.hiperbaric.com\/es\/tecnologia-hpp\/\"},{\"@type\":\"ListItem\",\"position\":3,\"name\":\"Recursos Tecnolog\u00eda HPP\",\"item\":\"https:\/\/www.hiperbaric.com\/es\/tecnologia-hpp\/recursos-hpp\/\"},{\"@type\":\"ListItem\",\"position\":4,\"name\":\"Webinars\",\"item\":\"https:\/\/www.hiperbaric.com\/es\/tecnologia-hpp\/recursos-hpp\/webinars\/\"},{\"@type\":\"ListItem\",\"position\":5,\"name\":\"WEBINAR | Alimentos infantiles HPP: naturales, seguros y saludables\"}]},{\"@type\":\"WebSite\",\"@id\":\"https:\/\/www.hiperbaric.com\/en\/#website\",\"url\":\"https:\/\/www.hiperbaric.com\/en\/\",\"name\":\"Hiperbaric\",\"description\":\"Procesado para la conservaci\u00f3n de alimentos\",\"publisher\":{\"@id\":\"https:\/\/www.hiperbaric.com\/en\/#organization\"},\"potentialAction\":[{\"@type\":\"SearchAction\",\"target\":{\"@type\":\"EntryPoint\",\"urlTemplate\":\"https:\/\/www.hiperbaric.com\/en\/?s={search_term_string}\"},\"query-input\":\"required name=search_term_string\"}],\"inLanguage\":\"es\"},{\"@type\":\"Organization\",\"@id\":\"https:\/\/www.hiperbaric.com\/en\/#organization\",\"name\":\"Hiperbaric\",\"url\":\"https:\/\/www.hiperbaric.com\/en\/\",\"logo\":{\"@type\":\"ImageObject\",\"inLanguage\":\"es\",\"@id\":\"https:\/\/www.hiperbaric.com\/en\/#\/schema\/logo\/image\/\",\"url\":\"https:\/\/www.hiperbaric.com\/wp-content\/uploads\/2026\/01\/cropped-hiperbaric-logotipo-1-2.png\",\"contentUrl\":\"https:\/\/www.hiperbaric.com\/wp-content\/uploads\/2026\/01\/cropped-hiperbaric-logotipo-1-2.png\",\"width\":340,\"height\":72,\"caption\":\"Hiperbaric\"},\"image\":{\"@id\":\"https:\/\/www.hiperbaric.com\/en\/#\/schema\/logo\/image\/\"}}]}<\/script>\n<!-- \/ Yoast SEO plugin. -->","yoast_head_json":{"title":"WEBINAR | Alimentos infantiles HPP: naturales, seguros y saludables - Hiperbaric","robots":{"index":"index","follow":"follow","max-snippet":"max-snippet:-1","max-image-preview":"max-image-preview:large","max-video-preview":"max-video-preview:-1"},"canonical":"https:\/\/www.hiperbaric.com\/es\/tecnologia-hpp\/recursos-hpp\/webinars\/little-human-big-appetite-hpp-offers-fresh-safe-and-healthy-baby-food\/","og_locale":"es_ES","og_type":"article","og_title":"WEBINAR | Alimentos infantiles HPP: naturales, seguros y saludables - Hiperbaric","og_description":"Cualquier padre estar\u00e1 de acuerdo en que ning\u00fan producto alimenticio para beb\u00e9s debe tener una fecha de caducidad mayor a la edad del propio beb\u00e9. Es por esta raz\u00f3n que muchos se est\u00e1n alejando de los productos ultra procesados, azucarados \u200b\u200by pasteurizados en calor que encontramos en los estantes a temperatura ambiente de los supermercados....","og_url":"https:\/\/www.hiperbaric.com\/es\/tecnologia-hpp\/recursos-hpp\/webinars\/little-human-big-appetite-hpp-offers-fresh-safe-and-healthy-baby-food\/","og_site_name":"Hiperbaric","article_modified_time":"2021-02-26T13:46:38+00:00","og_image":[{"url":"https:\/\/www.hiperbaric.com\/wp-content\/uploads\/2021\/02\/alejandro-1.png"}],"twitter_card":"summary_large_image","twitter_misc":{"Tiempo de lectura":"2 minutos"},"schema":{"@context":"https:\/\/schema.org","@graph":[{"@type":"WebPage","@id":"https:\/\/www.hiperbaric.com\/es\/tecnologia-hpp\/recursos-hpp\/webinars\/little-human-big-appetite-hpp-offers-fresh-safe-and-healthy-baby-food\/","url":"https:\/\/www.hiperbaric.com\/es\/tecnologia-hpp\/recursos-hpp\/webinars\/little-human-big-appetite-hpp-offers-fresh-safe-and-healthy-baby-food\/","name":"WEBINAR | Alimentos infantiles HPP: naturales, seguros y saludables - Hiperbaric","isPartOf":{"@id":"https:\/\/www.hiperbaric.com\/en\/#website"},"primaryImageOfPage":{"@id":"https:\/\/www.hiperbaric.com\/es\/tecnologia-hpp\/recursos-hpp\/webinars\/little-human-big-appetite-hpp-offers-fresh-safe-and-healthy-baby-food\/#primaryimage"},"image":{"@id":"https:\/\/www.hiperbaric.com\/es\/tecnologia-hpp\/recursos-hpp\/webinars\/little-human-big-appetite-hpp-offers-fresh-safe-and-healthy-baby-food\/#primaryimage"},"thumbnailUrl":"https:\/\/www.hiperbaric.com\/wp-content\/uploads\/2021\/02\/alejandro-1.png","datePublished":"2021-02-05T11:06:56+00:00","dateModified":"2021-02-26T13:46:38+00:00","breadcrumb":{"@id":"https:\/\/www.hiperbaric.com\/es\/tecnologia-hpp\/recursos-hpp\/webinars\/little-human-big-appetite-hpp-offers-fresh-safe-and-healthy-baby-food\/#breadcrumb"},"inLanguage":"es","potentialAction":[{"@type":"ReadAction","target":["https:\/\/www.hiperbaric.com\/es\/tecnologia-hpp\/recursos-hpp\/webinars\/little-human-big-appetite-hpp-offers-fresh-safe-and-healthy-baby-food\/"]}]},{"@type":"ImageObject","inLanguage":"es","@id":"https:\/\/www.hiperbaric.com\/es\/tecnologia-hpp\/recursos-hpp\/webinars\/little-human-big-appetite-hpp-offers-fresh-safe-and-healthy-baby-food\/#primaryimage","url":"https:\/\/www.hiperbaric.com\/wp-content\/uploads\/2021\/02\/alejandro-1.png","contentUrl":"https:\/\/www.hiperbaric.com\/wp-content\/uploads\/2021\/02\/alejandro-1.png"},{"@type":"BreadcrumbList","@id":"https:\/\/www.hiperbaric.com\/es\/tecnologia-hpp\/recursos-hpp\/webinars\/little-human-big-appetite-hpp-offers-fresh-safe-and-healthy-baby-food\/#breadcrumb","itemListElement":[{"@type":"ListItem","position":1,"name":"Home","item":"https:\/\/www.hiperbaric.com\/es\/"},{"@type":"ListItem","position":2,"name":"Tecnolog\u00eda HPP","item":"https:\/\/www.hiperbaric.com\/es\/tecnologia-hpp\/"},{"@type":"ListItem","position":3,"name":"Recursos Tecnolog\u00eda HPP","item":"https:\/\/www.hiperbaric.com\/es\/tecnologia-hpp\/recursos-hpp\/"},{"@type":"ListItem","position":4,"name":"Webinars","item":"https:\/\/www.hiperbaric.com\/es\/tecnologia-hpp\/recursos-hpp\/webinars\/"},{"@type":"ListItem","position":5,"name":"WEBINAR | Alimentos infantiles HPP: naturales, seguros y saludables"}]},{"@type":"WebSite","@id":"https:\/\/www.hiperbaric.com\/en\/#website","url":"https:\/\/www.hiperbaric.com\/en\/","name":"Hiperbaric","description":"Procesado para la conservaci\u00f3n de alimentos","publisher":{"@id":"https:\/\/www.hiperbaric.com\/en\/#organization"},"potentialAction":[{"@type":"SearchAction","target":{"@type":"EntryPoint","urlTemplate":"https:\/\/www.hiperbaric.com\/en\/?s={search_term_string}"},"query-input":"required name=search_term_string"}],"inLanguage":"es"},{"@type":"Organization","@id":"https:\/\/www.hiperbaric.com\/en\/#organization","name":"Hiperbaric","url":"https:\/\/www.hiperbaric.com\/en\/","logo":{"@type":"ImageObject","inLanguage":"es","@id":"https:\/\/www.hiperbaric.com\/en\/#\/schema\/logo\/image\/","url":"https:\/\/www.hiperbaric.com\/wp-content\/uploads\/2026\/01\/cropped-hiperbaric-logotipo-1-2.png","contentUrl":"https:\/\/www.hiperbaric.com\/wp-content\/uploads\/2026\/01\/cropped-hiperbaric-logotipo-1-2.png","width":340,"height":72,"caption":"Hiperbaric"},"image":{"@id":"https:\/\/www.hiperbaric.com\/en\/#\/schema\/logo\/image\/"}}]}},"_links":{"self":[{"href":"https:\/\/www.hiperbaric.com\/es\/wp-json\/wp\/v2\/pages\/28160"}],"collection":[{"href":"https:\/\/www.hiperbaric.com\/es\/wp-json\/wp\/v2\/pages"}],"about":[{"href":"https:\/\/www.hiperbaric.com\/es\/wp-json\/wp\/v2\/types\/page"}],"author":[{"embeddable":true,"href":"https:\/\/www.hiperbaric.com\/es\/wp-json\/wp\/v2\/users\/6"}],"replies":[{"embeddable":true,"href":"https:\/\/www.hiperbaric.com\/es\/wp-json\/wp\/v2\/comments?post=28160"}],"version-history":[{"count":0,"href":"https:\/\/www.hiperbaric.com\/es\/wp-json\/wp\/v2\/pages\/28160\/revisions"}],"up":[{"embeddable":true,"href":"https:\/\/www.hiperbaric.com\/es\/wp-json\/wp\/v2\/pages\/20866"}],"wp:attachment":[{"href":"https:\/\/www.hiperbaric.com\/es\/wp-json\/wp\/v2\/media?parent=28160"}],"curies":[{"name":"wp","href":"https:\/\/api.w.org\/{rel}","templated":true}]}}