{"id":26299,"date":"2020-11-03T08:20:42","date_gmt":"2020-11-03T07:20:42","guid":{"rendered":"https:\/\/www.hiperbaric.com\/?page_id=26299"},"modified":"2021-03-29T12:17:45","modified_gmt":"2021-03-29T10:17:45","slug":"tecnologias-de-alta-presion","status":"publish","type":"page","link":"https:\/\/www.hiperbaric.com\/es\/tecnologias-de-alta-presion\/","title":{"rendered":"Tecnolog\u00edas de Alta Presi\u00f3n"},"content":{"rendered":"\n\t<p>Hiperbaric es la compa\u00f1\u00eda l\u00edder mundial especializada en el dise\u00f1o, fabricaci\u00f3n y comercializaci\u00f3n de equipos industriales de <strong>Tecnolog\u00edas por Altas Presiones<\/strong>. Somos el proveedor de referencia de maquinaria para el <strong>Procesado por Altas Presiones<\/strong> (High Pressure Processing, HPP) para los sectores de alimentaci\u00f3n y bebidas. Tambi\u00e9n desarrollamos maquinaria industrial para el <strong>Prensado Isost\u00e1tico en Caliente<\/strong> (Hot Isostatic Pressing, HIP) empleada para componentes met\u00e1licos cr\u00edticos en los sectores m\u00e1s exigentes. Hiperbaric: la compa\u00f1\u00eda de Tecnolog\u00eda de Altas Presiones del presente&#8230; y del futuro.<\/p>\n\t\t\t\t<img loading=\"lazy\" decoding=\"async\" src=\"https:\/\/www.hiperbaric.com\/wp-content\/uploads\/2020\/06\/1580147568_210474_1580147683_noticia_normal_recorte1.jpg\" alt=\"1580147568_210474_1580147683_noticia_normal_recorte1\" itemprop=\"image\" height=\"867\" width=\"1300\" title=\"1580147568_210474_1580147683_noticia_normal_recorte1\" onerror=\"this.style.display='none'\"  \/>\n\t<h3 data-element-id=\"hmap-3\"><strong>FIABILIDAD DE EQUIPOS HPP<\/strong><\/h3>\n\t\t\t\t<img loading=\"lazy\" decoding=\"async\" src=\"https:\/\/www.hiperbaric.com\/wp-content\/uploads\/2020\/08\/hiperbaric_HPP_colorida.png\" alt=\"hiperbaric_HPP_colorida\" itemprop=\"image\" height=\"378\" width=\"1200\" title=\"hiperbaric_HPP_colorida\" onerror=\"this.style.display='none'\"  \/>\n\t<p>Descubre los equipos de Procesado por Altas Presiones m\u00e1s fiables del mercado para numerosas aplicaciones para alimentaci\u00f3n y bebidas. Desde peque\u00f1as empresas hasta grandes multinacionales encuentran la maquinaria m\u00e1s acorde a sus necesidades para procesar productos naturales, seguros y listos para el consumo.<\/p>\n\t<a href=\"\/tecnologia-hpp\/equipos\/\" target=\"_self\" role=\"button\" rel=\"noopener noreferrer\">\n\t\t\t\t\tSABER M\u00c1S >\n\t<\/a>\n\t<h2 data-element-id=\"hmap-4\"><strong>RECURSOS TECNOLOG\u00cdA HPP<br \/>\n<\/strong><\/h2>\n\t<p>Explora la actualidad del procesado por altas presiones (HPP) para la industria de alimentaci\u00f3n y bebidas con los contenidos m\u00e1s interesantes: recursos para descargar, material audiovisual y las \u00faltimas novedades.<\/p>\n\t\t\t\t<a href=\"\/recursos-hpp\/flyers-white-papers-y-casos-de-exito\/\" target=\"_self\" itemprop=\"url\" rel=\"noopener noreferrer\">\n\t\t\t\t<img loading=\"lazy\" decoding=\"async\" src=\"https:\/\/www.hiperbaric.com\/wp-content\/uploads\/2020\/08\/FLYERS.jpg\" alt=\"Flyers, Whitepapers y casos de \u00e9xito\" itemprop=\"image\" height=\"370\" width=\"550\" title=\"FLYERS\" onerror=\"this.style.display='none'\"  \/>\n\t\t\t\tFlyers, Whitepapers y casos de \u00e9xito\n\t\t\t\t\t\t<\/a>\n\t\t\t\t<a href=\"\/tecnologia-hpp\/recursos-hpp\/videos\/\" target=\"_self\" itemprop=\"url\" rel=\"noopener noreferrer\">\n\t\t\t\t<img loading=\"lazy\" decoding=\"async\" src=\"https:\/\/www.hiperbaric.com\/wp-content\/uploads\/2020\/08\/videos-1.jpg\" alt=\"Videos\" itemprop=\"image\" height=\"370\" width=\"550\" title=\"videos\" onerror=\"this.style.display='none'\"  \/>\n\t\t\t\tVideos\n\t\t\t\t\t\t<\/a>\n\t\t\t\t<a href=\"\/tecnologia-hpp\/recursos-hpp\/eventos\/\" target=\"_self\" itemprop=\"url\" rel=\"noopener noreferrer\">\n\t\t\t\t<img loading=\"lazy\" decoding=\"async\" src=\"https:\/\/www.hiperbaric.com\/wp-content\/uploads\/2020\/08\/ferias.jpg\" alt=\"Eventos\" itemprop=\"image\" height=\"370\" width=\"550\" title=\"ferias\" onerror=\"this.style.display='none'\"  \/>\n\t\t\t\tEventos\n\t\t\t\t\t\t<\/a>\n\t\t\t\t<a href=\"\/tecnologia-hpp\/recursos-hpp\/webinars\/\" target=\"_self\" itemprop=\"url\" rel=\"noopener noreferrer\">\n\t\t\t\t<img loading=\"lazy\" decoding=\"async\" src=\"https:\/\/www.hiperbaric.com\/wp-content\/uploads\/2020\/08\/WEBINARS.jpg\" alt=\"Webinars\" itemprop=\"image\" height=\"370\" width=\"550\" title=\"WEBINARS\" onerror=\"this.style.display='none'\"  \/>\n\t\t\t\tWebinars\n\t\t\t\t\t\t<\/a>\n\t\t\t\t<a href=\"\/tecnologia-hpp\/recursos-hpp\/sala-de-prensa\/\" target=\"_self\" itemprop=\"url\" rel=\"noopener noreferrer\">\n\t\t\t\t<img loading=\"lazy\" decoding=\"async\" src=\"https:\/\/www.hiperbaric.com\/wp-content\/uploads\/2020\/08\/notas-de-prensa.jpg\" alt=\"Sala de prensa\" itemprop=\"image\" height=\"370\" width=\"550\" title=\"Sala de prensa\" onerror=\"this.style.display='none'\"  \/>\n\t\t\t\tSala de prensa\n\t\t\t\t\t\t<\/a>\n\t\t\t\t<a href=\"\/tecnologia-hpp\/blog-hpp\/\" target=\"_self\" itemprop=\"url\" rel=\"noopener noreferrer\">\n\t\t\t\t<img loading=\"lazy\" decoding=\"async\" src=\"https:\/\/www.hiperbaric.com\/wp-content\/uploads\/2020\/08\/blog-1.jpg\" alt=\"Blog\" itemprop=\"image\" height=\"370\" width=\"550\" title=\"blog\" onerror=\"this.style.display='none'\"  \/>\n\t\t\t\tBlog\n\t\t\t\t\t\t<\/a>\n\t\t\t\t<img loading=\"lazy\" decoding=\"async\" src=\"https:\/\/www.hiperbaric.com\/wp-content\/uploads\/2020\/08\/hiperbaric_HIP_colorida.png\" alt=\"hiperbaric_HIP_colorida\" itemprop=\"image\" height=\"378\" width=\"1200\" title=\"hiperbaric_HIP_colorida\" onerror=\"this.style.display='none'\"  \/>\n\t<h3 data-element-id=\"hmap-3\"><strong>ALTA TECNOLOG\u00cdA EN PRENSAS HIP<br \/>\n<\/strong><\/h3>\n\t<p>Conoce el rendimiento y las prestaciones de las prensas de Hiperbaric de prensado isost\u00e1tico en caliente (HIP). Se trata de potentes equipos industriales para procesar piezas met\u00e1licas y cer\u00e1micas para los sectores y mercados m\u00e1s exigentes, que requieren de excelentes propiedades mec\u00e1nicas.<\/p>\n\t<a href=\"\/tecnologia-hip\/equipos\/\" target=\"_self\" role=\"button\" rel=\"noopener noreferrer\">\n\t\t\t\t\tSABER M\u00c1S >\n\t<\/a>\n\t\t\t\t<img loading=\"lazy\" decoding=\"async\" src=\"https:\/\/www.hiperbaric.com\/wp-content\/uploads\/2020\/08\/Prensa-HIP-Hiperbaric-e1598869004999.jpg\" alt=\"Prensa HIP Hiperbaric\" itemprop=\"image\" height=\"861\" width=\"1300\" title=\"Prensa HIP Hiperbaric\" onerror=\"this.style.display='none'\"  \/>\n\t<h2 data-element-id=\"hmap-4\"><strong>RECURSOS TECNOLOG\u00cdA HIP<br \/>\n<\/strong><\/h2>\n\t<p>Noticias y actualidad sobre la tecnolog\u00eda HIP de Hiperbaric empleada para la producci\u00f3n de componentes met\u00e1licos de alto rendimiento: art\u00edculos de expertos, v\u00eddeos y los contenidos m\u00e1s \u00fatiles a tu alcance<\/p>\n\t\t\t\t<a href=\"\/tecnologia-hip\/recursos-hip\/videos\/\" target=\"_self\" itemprop=\"url\" rel=\"noopener noreferrer\">\n\t\t\t\t<img loading=\"lazy\" decoding=\"async\" src=\"https:\/\/www.hiperbaric.com\/wp-content\/uploads\/2020\/08\/VIDEOS-HIP.jpg\" alt=\"VIDEOS\" itemprop=\"image\" height=\"370\" width=\"550\" onerror=\"this.style.display='none'\"  \/>\n\t\t\t\tVIDEOS\n\t\t\t\t\t\t<\/a>\n\t\t\t\t<a href=\"\/tecnologia-hip\/recursos-hip\/eventos\/\" target=\"_self\" itemprop=\"url\" rel=\"noopener noreferrer\">\n\t\t\t\t<img loading=\"lazy\" decoding=\"async\" src=\"https:\/\/www.hiperbaric.com\/wp-content\/uploads\/2020\/08\/EVENTOS-HIP.jpg\" alt=\"EVENTOS\" itemprop=\"image\" height=\"370\" width=\"550\" onerror=\"this.style.display='none'\"  \/>\n\t\t\t\tEVENTOS\n\t\t\t\t\t\t<\/a>\n\t\t\t\t<a href=\"\/tecnologia-hip\/recursos-hip\/sala-de-prensa\/\" target=\"_self\" itemprop=\"url\" rel=\"noopener noreferrer\">\n\t\t\t\t<img loading=\"lazy\" decoding=\"async\" src=\"https:\/\/www.hiperbaric.com\/wp-content\/uploads\/2020\/08\/sala-de-prensa-1.jpg\" alt=\"SALA DE PRENSA\" itemprop=\"image\" height=\"370\" width=\"550\" onerror=\"this.style.display='none'\"  \/>\n\t\t\t\tSALA DE PRENSA\n\t\t\t\t\t\t<\/a>\n\t\t\t\t<a href=\"\/tecnologia-hip\/blog-hip\/\" target=\"_self\" itemprop=\"url\" rel=\"noopener noreferrer\">\n\t\t\t\t<img loading=\"lazy\" decoding=\"async\" src=\"https:\/\/www.hiperbaric.com\/wp-content\/uploads\/2020\/08\/blog-hip.jpg\" alt=\"BLOG\" itemprop=\"image\" height=\"370\" width=\"550\" onerror=\"this.style.display='none'\"  \/>\n\t\t\t\tBLOG\n\t\t\t\t\t\t<\/a>\n","protected":false},"excerpt":{"rendered":"<p>Hiperbaric es la compa\u00f1\u00eda l\u00edder mundial especializada en el dise\u00f1o, fabricaci\u00f3n y comercializaci\u00f3n de equipos industriales de Tecnolog\u00edas por Altas Presiones. Somos el proveedor de referencia de maquinaria para el Procesado por Altas Presiones (High Pressure Processing, HPP) para los sectores de alimentaci\u00f3n y bebidas. Tambi\u00e9n desarrollamos maquinaria industrial para el Prensado Isost\u00e1tico en Caliente&#8230;<\/p>\n","protected":false},"author":1,"featured_media":0,"parent":0,"menu_order":0,"comment_status":"closed","ping_status":"closed","template":"","meta":{"_acf_changed":false,"om_disable_all_campaigns":false,"inline_featured_image":false,"_monsterinsights_skip_tracking":false,"_monsterinsights_sitenote_active":false,"_monsterinsights_sitenote_note":"","_monsterinsights_sitenote_category":0,"footnotes":"","_wp_rev_ctl_limit":""},"class_list":["post-26299","page","type-page","status-publish","hentry"],"acf":[],"yoast_head":"<!-- This site is optimized with the Yoast SEO plugin v22.4 - https:\/\/yoast.com\/wordpress\/plugins\/seo\/ -->\n<title>Procesado para la conservaci\u00f3n de alimentos - Hiperbaric<\/title>\n<meta name=\"description\" content=\"Procesado para la conservaci\u00f3n de alimentos por medio de alta presi\u00f3n hidrost\u00e1tica. Entra y conoce nuestra tecnolog\u00eda.\" \/>\n<meta name=\"robots\" content=\"index, follow, max-snippet:-1, max-image-preview:large, max-video-preview:-1\" \/>\n<link rel=\"canonical\" href=\"https:\/\/www.hiperbaric.com\/es\/tecnologias-de-alta-presion\/\" \/>\n<meta property=\"og:locale\" content=\"es_ES\" \/>\n<meta property=\"og:type\" content=\"article\" \/>\n<meta property=\"og:title\" content=\"Procesado para la conservaci\u00f3n de alimentos - Hiperbaric\" \/>\n<meta property=\"og:description\" content=\"Procesado para la conservaci\u00f3n de alimentos por medio de alta presi\u00f3n hidrost\u00e1tica. Entra y conoce nuestra tecnolog\u00eda.\" \/>\n<meta property=\"og:url\" content=\"https:\/\/www.hiperbaric.com\/es\/tecnologias-de-alta-presion\/\" \/>\n<meta property=\"og:site_name\" content=\"Hiperbaric\" \/>\n<meta property=\"article:modified_time\" content=\"2021-03-29T10:17:45+00:00\" \/>\n<meta property=\"og:image\" content=\"https:\/\/www.hiperbaric.com\/wp-content\/uploads\/2020\/06\/1580147568_210474_1580147683_noticia_normal_recorte1.jpg\" \/>\n<meta name=\"twitter:card\" content=\"summary_large_image\" \/>\n<meta name=\"twitter:label1\" content=\"Tiempo de lectura\" \/>\n\t<meta name=\"twitter:data1\" content=\"2 minutos\" \/>\n<script type=\"application\/ld+json\" class=\"yoast-schema-graph\">{\"@context\":\"https:\/\/schema.org\",\"@graph\":[{\"@type\":\"WebPage\",\"@id\":\"https:\/\/www.hiperbaric.com\/es\/tecnologias-de-alta-presion\/\",\"url\":\"https:\/\/www.hiperbaric.com\/es\/tecnologias-de-alta-presion\/\",\"name\":\"Procesado para la conservaci\u00f3n de alimentos - Hiperbaric\",\"isPartOf\":{\"@id\":\"https:\/\/www.hiperbaric.com\/en\/#website\"},\"primaryImageOfPage\":{\"@id\":\"https:\/\/www.hiperbaric.com\/es\/tecnologias-de-alta-presion\/#primaryimage\"},\"image\":{\"@id\":\"https:\/\/www.hiperbaric.com\/es\/tecnologias-de-alta-presion\/#primaryimage\"},\"thumbnailUrl\":\"https:\/\/www.hiperbaric.com\/wp-content\/uploads\/2020\/06\/1580147568_210474_1580147683_noticia_normal_recorte1.jpg\",\"datePublished\":\"2020-11-03T07:20:42+00:00\",\"dateModified\":\"2021-03-29T10:17:45+00:00\",\"description\":\"Procesado para la conservaci\u00f3n de alimentos por medio de alta presi\u00f3n hidrost\u00e1tica. Entra y conoce nuestra tecnolog\u00eda.\",\"breadcrumb\":{\"@id\":\"https:\/\/www.hiperbaric.com\/es\/tecnologias-de-alta-presion\/#breadcrumb\"},\"inLanguage\":\"es\",\"potentialAction\":[{\"@type\":\"ReadAction\",\"target\":[\"https:\/\/www.hiperbaric.com\/es\/tecnologias-de-alta-presion\/\"]}]},{\"@type\":\"ImageObject\",\"inLanguage\":\"es\",\"@id\":\"https:\/\/www.hiperbaric.com\/es\/tecnologias-de-alta-presion\/#primaryimage\",\"url\":\"https:\/\/www.hiperbaric.com\/wp-content\/uploads\/2020\/06\/1580147568_210474_1580147683_noticia_normal_recorte1.jpg\",\"contentUrl\":\"https:\/\/www.hiperbaric.com\/wp-content\/uploads\/2020\/06\/1580147568_210474_1580147683_noticia_normal_recorte1.jpg\"},{\"@type\":\"BreadcrumbList\",\"@id\":\"https:\/\/www.hiperbaric.com\/es\/tecnologias-de-alta-presion\/#breadcrumb\",\"itemListElement\":[{\"@type\":\"ListItem\",\"position\":1,\"name\":\"Home\",\"item\":\"https:\/\/www.hiperbaric.com\/es\/\"},{\"@type\":\"ListItem\",\"position\":2,\"name\":\"Tecnolog\u00edas de Alta Presi\u00f3n\"}]},{\"@type\":\"WebSite\",\"@id\":\"https:\/\/www.hiperbaric.com\/en\/#website\",\"url\":\"https:\/\/www.hiperbaric.com\/en\/\",\"name\":\"Hiperbaric\",\"description\":\"Procesado para la conservaci\u00f3n de alimentos\",\"publisher\":{\"@id\":\"https:\/\/www.hiperbaric.com\/en\/#organization\"},\"potentialAction\":[{\"@type\":\"SearchAction\",\"target\":{\"@type\":\"EntryPoint\",\"urlTemplate\":\"https:\/\/www.hiperbaric.com\/en\/?s={search_term_string}\"},\"query-input\":\"required name=search_term_string\"}],\"inLanguage\":\"es\"},{\"@type\":\"Organization\",\"@id\":\"https:\/\/www.hiperbaric.com\/en\/#organization\",\"name\":\"Hiperbaric\",\"url\":\"https:\/\/www.hiperbaric.com\/en\/\",\"logo\":{\"@type\":\"ImageObject\",\"inLanguage\":\"es\",\"@id\":\"https:\/\/www.hiperbaric.com\/en\/#\/schema\/logo\/image\/\",\"url\":\"https:\/\/www.hiperbaric.com\/wp-content\/uploads\/2026\/01\/cropped-hiperbaric-logotipo-1-2.png\",\"contentUrl\":\"https:\/\/www.hiperbaric.com\/wp-content\/uploads\/2026\/01\/cropped-hiperbaric-logotipo-1-2.png\",\"width\":340,\"height\":72,\"caption\":\"Hiperbaric\"},\"image\":{\"@id\":\"https:\/\/www.hiperbaric.com\/en\/#\/schema\/logo\/image\/\"}}]}<\/script>\n<!-- \/ Yoast SEO plugin. -->","yoast_head_json":{"title":"Procesado para la conservaci\u00f3n de alimentos - Hiperbaric","description":"Procesado para la conservaci\u00f3n de alimentos por medio de alta presi\u00f3n hidrost\u00e1tica. Entra y conoce nuestra tecnolog\u00eda.","robots":{"index":"index","follow":"follow","max-snippet":"max-snippet:-1","max-image-preview":"max-image-preview:large","max-video-preview":"max-video-preview:-1"},"canonical":"https:\/\/www.hiperbaric.com\/es\/tecnologias-de-alta-presion\/","og_locale":"es_ES","og_type":"article","og_title":"Procesado para la conservaci\u00f3n de alimentos - Hiperbaric","og_description":"Procesado para la conservaci\u00f3n de alimentos por medio de alta presi\u00f3n hidrost\u00e1tica. Entra y conoce nuestra tecnolog\u00eda.","og_url":"https:\/\/www.hiperbaric.com\/es\/tecnologias-de-alta-presion\/","og_site_name":"Hiperbaric","article_modified_time":"2021-03-29T10:17:45+00:00","og_image":[{"url":"https:\/\/www.hiperbaric.com\/wp-content\/uploads\/2020\/06\/1580147568_210474_1580147683_noticia_normal_recorte1.jpg"}],"twitter_card":"summary_large_image","twitter_misc":{"Tiempo de lectura":"2 minutos"},"schema":{"@context":"https:\/\/schema.org","@graph":[{"@type":"WebPage","@id":"https:\/\/www.hiperbaric.com\/es\/tecnologias-de-alta-presion\/","url":"https:\/\/www.hiperbaric.com\/es\/tecnologias-de-alta-presion\/","name":"Procesado para la conservaci\u00f3n de alimentos - Hiperbaric","isPartOf":{"@id":"https:\/\/www.hiperbaric.com\/en\/#website"},"primaryImageOfPage":{"@id":"https:\/\/www.hiperbaric.com\/es\/tecnologias-de-alta-presion\/#primaryimage"},"image":{"@id":"https:\/\/www.hiperbaric.com\/es\/tecnologias-de-alta-presion\/#primaryimage"},"thumbnailUrl":"https:\/\/www.hiperbaric.com\/wp-content\/uploads\/2020\/06\/1580147568_210474_1580147683_noticia_normal_recorte1.jpg","datePublished":"2020-11-03T07:20:42+00:00","dateModified":"2021-03-29T10:17:45+00:00","description":"Procesado para la conservaci\u00f3n de alimentos por medio de alta presi\u00f3n hidrost\u00e1tica. Entra y conoce nuestra tecnolog\u00eda.","breadcrumb":{"@id":"https:\/\/www.hiperbaric.com\/es\/tecnologias-de-alta-presion\/#breadcrumb"},"inLanguage":"es","potentialAction":[{"@type":"ReadAction","target":["https:\/\/www.hiperbaric.com\/es\/tecnologias-de-alta-presion\/"]}]},{"@type":"ImageObject","inLanguage":"es","@id":"https:\/\/www.hiperbaric.com\/es\/tecnologias-de-alta-presion\/#primaryimage","url":"https:\/\/www.hiperbaric.com\/wp-content\/uploads\/2020\/06\/1580147568_210474_1580147683_noticia_normal_recorte1.jpg","contentUrl":"https:\/\/www.hiperbaric.com\/wp-content\/uploads\/2020\/06\/1580147568_210474_1580147683_noticia_normal_recorte1.jpg"},{"@type":"BreadcrumbList","@id":"https:\/\/www.hiperbaric.com\/es\/tecnologias-de-alta-presion\/#breadcrumb","itemListElement":[{"@type":"ListItem","position":1,"name":"Home","item":"https:\/\/www.hiperbaric.com\/es\/"},{"@type":"ListItem","position":2,"name":"Tecnolog\u00edas de Alta Presi\u00f3n"}]},{"@type":"WebSite","@id":"https:\/\/www.hiperbaric.com\/en\/#website","url":"https:\/\/www.hiperbaric.com\/en\/","name":"Hiperbaric","description":"Procesado para la conservaci\u00f3n de alimentos","publisher":{"@id":"https:\/\/www.hiperbaric.com\/en\/#organization"},"potentialAction":[{"@type":"SearchAction","target":{"@type":"EntryPoint","urlTemplate":"https:\/\/www.hiperbaric.com\/en\/?s={search_term_string}"},"query-input":"required name=search_term_string"}],"inLanguage":"es"},{"@type":"Organization","@id":"https:\/\/www.hiperbaric.com\/en\/#organization","name":"Hiperbaric","url":"https:\/\/www.hiperbaric.com\/en\/","logo":{"@type":"ImageObject","inLanguage":"es","@id":"https:\/\/www.hiperbaric.com\/en\/#\/schema\/logo\/image\/","url":"https:\/\/www.hiperbaric.com\/wp-content\/uploads\/2026\/01\/cropped-hiperbaric-logotipo-1-2.png","contentUrl":"https:\/\/www.hiperbaric.com\/wp-content\/uploads\/2026\/01\/cropped-hiperbaric-logotipo-1-2.png","width":340,"height":72,"caption":"Hiperbaric"},"image":{"@id":"https:\/\/www.hiperbaric.com\/en\/#\/schema\/logo\/image\/"}}]}},"_links":{"self":[{"href":"https:\/\/www.hiperbaric.com\/es\/wp-json\/wp\/v2\/pages\/26299","targetHints":{"allow":["GET"]}}],"collection":[{"href":"https:\/\/www.hiperbaric.com\/es\/wp-json\/wp\/v2\/pages"}],"about":[{"href":"https:\/\/www.hiperbaric.com\/es\/wp-json\/wp\/v2\/types\/page"}],"author":[{"embeddable":true,"href":"https:\/\/www.hiperbaric.com\/es\/wp-json\/wp\/v2\/users\/1"}],"replies":[{"embeddable":true,"href":"https:\/\/www.hiperbaric.com\/es\/wp-json\/wp\/v2\/comments?post=26299"}],"version-history":[{"count":0,"href":"https:\/\/www.hiperbaric.com\/es\/wp-json\/wp\/v2\/pages\/26299\/revisions"}],"wp:attachment":[{"href":"https:\/\/www.hiperbaric.com\/es\/wp-json\/wp\/v2\/media?parent=26299"}],"curies":[{"name":"wp","href":"https:\/\/api.w.org\/{rel}","templated":true}]}}