{"id":25072,"date":"2020-10-07T12:01:01","date_gmt":"2020-10-07T10:01:01","guid":{"rendered":"https:\/\/www.hiperbaric.com\/?page_id=25072"},"modified":"2020-11-10T13:00:54","modified_gmt":"2020-11-10T12:00:54","slug":"webinar-hpp-maquila-ventajas-de-hpp-accesibles-a-todas-las-empresas","status":"publish","type":"page","link":"https:\/\/www.hiperbaric.com\/es\/tecnologia-hpp\/recursos-hpp\/webinars\/webinar-hpp-maquila-ventajas-de-hpp-accesibles-a-todas-las-empresas\/","title":{"rendered":"WEBINAR: HPP Maquila: ventajas de HPP accesibles a todas las empresas"},"content":{"rendered":"\n\t<p>La tecnolog\u00eda de procesado por altas presiones (High Pressure Processing, HPP) se est\u00e1 convirtiendo en la t\u00e9cnica de conservaci\u00f3n de alimentos no t\u00e9rmica que mayor crecimiento est\u00e1 experimentado en los \u00faltimos a\u00f1os. Los motivos de este crecimiento responden a varias cuestiones cr\u00edticas tanto para fabricantes como consumidores: es una t\u00e9cnica innovadora y segura que aumenta de forma natural la\u00a0 vida \u00fatil de gran variedad de alimentos y bebidas, garantiza su seguridad alimentaria y preserva todo su sabor y frescura.<\/p>\n<p>Aunque cada vez son m\u00e1s los fabricantes y marcas que optan por sumarse al apasionante mundo HPP, no todas las empresas se sumergen de lleno en la compra de los equipos industriales, puesto que no se encuentran en el punto de realizar una inversi\u00f3n con la adquisici\u00f3n de un equipo HPP. Por ello, existe un servicio que re\u00fane las principales ventajas de contar con la tecnolog\u00eda HPP. Se trata de\u00a0<a href=\"https:\/\/www.hiperbaric.com\/es\/maquila-hpp\">Maquila (o\u00a0<em>tolling<\/em>, en ingl\u00e9s)<\/a>, un servicio que ofrecen algunos clientes de Hiperbaric que, habiendo adquirido previamente uno o varios equipos industriales HPP, ofrecen \u00a0en sus instalaciones la actividad de procesado por altas presiones a otras empresas alimentarias. Este modelo de negocio permite a cualquier compa\u00f1\u00eda proveer servicios y dar acceso a la tecnolog\u00eda HPP a empresas de cualquier tama\u00f1o.<\/p>\n<p><strong>En este webinar aprender\u00e1s sobre:<\/strong><\/p>\n<ul>\n<li>Qu\u00e9 es el procesado por altas presiones, beneficios para productores y consumidores y gama de equipos HPP de Hiperbaric.<\/li>\n<li>El servicio de tolling como introducci\u00f3n al mundo de las altas presiones, ventajas para las empresas y la red de clientes por todo el mundo.<\/li>\n<li>Mesa redonda con tres casos de \u00e9xito de empresas que ofrecen tolling para procesar todo tipo de productos alimentarios.<\/li>\n<li>Preguntas y respuestas.<\/li>\n<\/ul>\n<p><strong>Idioma<\/strong>: English <img decoding=\"async\" loading=\"lazy\" src=\"https:\/\/www.hiperbaric.com\/wp-content\/uploads\/2020\/08\/icono-ingl\u00e9s-webinars-150x150.jpg\" alt=\"\" width=\"47\" height=\"47\" \/><\/p>\n\t\t<h3>Reg\u00edstrate gratis<\/h3>\t\t\n\t\t\t<p>Recibir\u00e1s el webinar directamente en tu email\u00a0<\/p>\t\t\n\t<iframe loading=\"lazy\" src=\"https:\/\/forms.marketing.hiperbaric.com\/l\/881883\/2020-08-24\/d1h?Language=Spanish&#038;URL=JIEq_ZLcSOc&#038;Business_line=HPP&#038;Source_text=HPP%20Tolling%20Webinar%20Recording\" type=\"text\/html\" allowtransparency=\"true\" width=\"100%\" height=\"500\" frameborder=\"0\"><\/iframe> \n<h3>\n\tPonentes\n\t<\/h3>\n\t\t\t\t<img decoding=\"async\" loading=\"lazy\" src=\"https:\/\/www.hiperbaric.com\/wp-content\/uploads\/2020\/11\/Alejandro-redondo.png\" alt=\"Alejandro redondo\" itemprop=\"image\" height=\"506\" width=\"508\" title=\"Alejandro redondo\" onerror=\"this.style.display='none'\"  \/>\n\t<strong>Alejandro Blanco<br \/>\n<\/strong>Director Comercial\n\t<p><img decoding=\"async\" loading=\"lazy\" src=\"https:\/\/www.hiperbaric.com\/wp-content\/uploads\/2019\/06\/logo_Hiperbaric_RGB-small-300x86.jpg\" alt=\"\" width=\"276\" height=\"79\" \/><\/p>\n\t\t\t\t<img decoding=\"async\" loading=\"lazy\" src=\"https:\/\/www.hiperbaric.com\/wp-content\/uploads\/2020\/11\/Richard-redondo-.png\" alt=\"Richard redondo\" itemprop=\"image\" height=\"506\" width=\"508\" title=\"Richard redondo\" onerror=\"this.style.display='none'\"  \/>\n\t<strong>Richard Fratrik<\/strong><br \/>\nPlant Maintenance Manager\n\t<img decoding=\"async\" loading=\"lazy\" src=\"https:\/\/www.hiperbaric.com\/wp-content\/uploads\/2020\/11\/Lineage-300x100.jpg\" alt=\"\" width=\"300\" height=\"100\" \/><br \/>\n\n\t\t\t\t<img decoding=\"async\" loading=\"lazy\" src=\"https:\/\/www.hiperbaric.com\/wp-content\/uploads\/2020\/11\/Cristian_redondo.png\" alt=\"Cristian_redondo\" itemprop=\"image\" height=\"506\" width=\"508\" title=\"Cristian_redondo\" onerror=\"this.style.display='none'\"  \/>\n\t<strong>Cristian Shindler<br \/>\n<\/strong>CEO\n\t\n<img decoding=\"async\" loading=\"lazy\" src=\"https:\/\/www.hiperbaric.com\/wp-content\/uploads\/2020\/11\/logo-natural-safe.png\" alt=\"\" width=\"223\" height=\"68\" \/>\n\t\t\t\t<img decoding=\"async\" loading=\"lazy\" src=\"https:\/\/www.hiperbaric.com\/wp-content\/uploads\/2020\/11\/stijn-en-redondo.png\" alt=\"stijn en redondo\" itemprop=\"image\" height=\"506\" width=\"508\" title=\"stijn en redondo\" onerror=\"this.style.display='none'\"  \/>\n\t<strong>Stijn Vervisch<br \/>\n<\/strong>Founder\n\t<p><img decoding=\"async\" loading=\"lazy\" src=\"https:\/\/www.hiperbaric.com\/wp-content\/uploads\/2020\/11\/HPP-TOLLING-SERVICE-300x79.jpg\" alt=\"\" width=\"277\" height=\"73\" \/><\/p>\n","protected":false},"excerpt":{"rendered":"<p>La tecnolog\u00eda de procesado por altas presiones (High Pressure Processing, HPP) se est\u00e1 convirtiendo en la t\u00e9cnica de conservaci\u00f3n de alimentos no t\u00e9rmica que mayor crecimiento est\u00e1 experimentado en los \u00faltimos a\u00f1os. Los motivos de este crecimiento responden a varias cuestiones cr\u00edticas tanto para fabricantes como consumidores: es una t\u00e9cnica innovadora y segura que aumenta&#8230;<\/p>\n","protected":false},"author":7,"featured_media":0,"parent":20866,"menu_order":0,"comment_status":"closed","ping_status":"closed","template":"","meta":{"om_disable_all_campaigns":false,"inline_featured_image":false,"_monsterinsights_skip_tracking":false,"_monsterinsights_sitenote_active":false,"_monsterinsights_sitenote_note":"","_monsterinsights_sitenote_category":0,"footnotes":"","_wp_rev_ctl_limit":""},"acf":[],"yoast_head":"<!-- This site is optimized with the Yoast SEO plugin v22.4 - https:\/\/yoast.com\/wordpress\/plugins\/seo\/ -->\n<title>WEBINAR: HPP Maquila: ventajas de HPP accesibles a todas las empresas - Hiperbaric<\/title>\n<meta name=\"robots\" content=\"index, follow, max-snippet:-1, max-image-preview:large, max-video-preview:-1\" \/>\n<link rel=\"canonical\" href=\"https:\/\/www.hiperbaric.com\/es\/tecnologia-hpp\/recursos-hpp\/webinars\/webinar-hpp-maquila-ventajas-de-hpp-accesibles-a-todas-las-empresas\/\" \/>\n<meta property=\"og:locale\" content=\"es_ES\" \/>\n<meta property=\"og:type\" content=\"article\" \/>\n<meta property=\"og:title\" content=\"WEBINAR: HPP Maquila: ventajas de HPP accesibles a todas las empresas - Hiperbaric\" \/>\n<meta property=\"og:description\" content=\"La tecnolog\u00eda de procesado por altas presiones (High Pressure Processing, HPP) se est\u00e1 convirtiendo en la t\u00e9cnica de conservaci\u00f3n de alimentos no t\u00e9rmica que mayor crecimiento est\u00e1 experimentado en los \u00faltimos a\u00f1os. Los motivos de este crecimiento responden a varias cuestiones cr\u00edticas tanto para fabricantes como consumidores: es una t\u00e9cnica innovadora y segura que aumenta...\" \/>\n<meta property=\"og:url\" content=\"https:\/\/www.hiperbaric.com\/es\/tecnologia-hpp\/recursos-hpp\/webinars\/webinar-hpp-maquila-ventajas-de-hpp-accesibles-a-todas-las-empresas\/\" \/>\n<meta property=\"og:site_name\" content=\"Hiperbaric\" \/>\n<meta property=\"article:modified_time\" content=\"2020-11-10T12:00:54+00:00\" \/>\n<meta property=\"og:image\" content=\"https:\/\/www.hiperbaric.com\/wp-content\/uploads\/2020\/11\/Alejandro-redondo.png\" \/>\n<meta name=\"twitter:card\" content=\"summary_large_image\" \/>\n<meta name=\"twitter:label1\" content=\"Tiempo de lectura\" \/>\n\t<meta name=\"twitter:data1\" content=\"2 minutos\" \/>\n<script type=\"application\/ld+json\" class=\"yoast-schema-graph\">{\"@context\":\"https:\/\/schema.org\",\"@graph\":[{\"@type\":\"WebPage\",\"@id\":\"https:\/\/www.hiperbaric.com\/es\/tecnologia-hpp\/recursos-hpp\/webinars\/webinar-hpp-maquila-ventajas-de-hpp-accesibles-a-todas-las-empresas\/\",\"url\":\"https:\/\/www.hiperbaric.com\/es\/tecnologia-hpp\/recursos-hpp\/webinars\/webinar-hpp-maquila-ventajas-de-hpp-accesibles-a-todas-las-empresas\/\",\"name\":\"WEBINAR: HPP Maquila: ventajas de HPP accesibles a todas las empresas - Hiperbaric\",\"isPartOf\":{\"@id\":\"https:\/\/www.hiperbaric.com\/en\/#website\"},\"primaryImageOfPage\":{\"@id\":\"https:\/\/www.hiperbaric.com\/es\/tecnologia-hpp\/recursos-hpp\/webinars\/webinar-hpp-maquila-ventajas-de-hpp-accesibles-a-todas-las-empresas\/#primaryimage\"},\"image\":{\"@id\":\"https:\/\/www.hiperbaric.com\/es\/tecnologia-hpp\/recursos-hpp\/webinars\/webinar-hpp-maquila-ventajas-de-hpp-accesibles-a-todas-las-empresas\/#primaryimage\"},\"thumbnailUrl\":\"https:\/\/www.hiperbaric.com\/wp-content\/uploads\/2020\/11\/Alejandro-redondo.png\",\"datePublished\":\"2020-10-07T10:01:01+00:00\",\"dateModified\":\"2020-11-10T12:00:54+00:00\",\"breadcrumb\":{\"@id\":\"https:\/\/www.hiperbaric.com\/es\/tecnologia-hpp\/recursos-hpp\/webinars\/webinar-hpp-maquila-ventajas-de-hpp-accesibles-a-todas-las-empresas\/#breadcrumb\"},\"inLanguage\":\"es\",\"potentialAction\":[{\"@type\":\"ReadAction\",\"target\":[\"https:\/\/www.hiperbaric.com\/es\/tecnologia-hpp\/recursos-hpp\/webinars\/webinar-hpp-maquila-ventajas-de-hpp-accesibles-a-todas-las-empresas\/\"]}]},{\"@type\":\"ImageObject\",\"inLanguage\":\"es\",\"@id\":\"https:\/\/www.hiperbaric.com\/es\/tecnologia-hpp\/recursos-hpp\/webinars\/webinar-hpp-maquila-ventajas-de-hpp-accesibles-a-todas-las-empresas\/#primaryimage\",\"url\":\"https:\/\/www.hiperbaric.com\/wp-content\/uploads\/2020\/11\/Alejandro-redondo.png\",\"contentUrl\":\"https:\/\/www.hiperbaric.com\/wp-content\/uploads\/2020\/11\/Alejandro-redondo.png\"},{\"@type\":\"BreadcrumbList\",\"@id\":\"https:\/\/www.hiperbaric.com\/es\/tecnologia-hpp\/recursos-hpp\/webinars\/webinar-hpp-maquila-ventajas-de-hpp-accesibles-a-todas-las-empresas\/#breadcrumb\",\"itemListElement\":[{\"@type\":\"ListItem\",\"position\":1,\"name\":\"Home\",\"item\":\"https:\/\/www.hiperbaric.com\/es\/\"},{\"@type\":\"ListItem\",\"position\":2,\"name\":\"Tecnolog\u00eda HPP\",\"item\":\"https:\/\/www.hiperbaric.com\/es\/tecnologia-hpp\/\"},{\"@type\":\"ListItem\",\"position\":3,\"name\":\"Recursos Tecnolog\u00eda HPP\",\"item\":\"https:\/\/www.hiperbaric.com\/es\/tecnologia-hpp\/recursos-hpp\/\"},{\"@type\":\"ListItem\",\"position\":4,\"name\":\"Webinars\",\"item\":\"https:\/\/www.hiperbaric.com\/es\/tecnologia-hpp\/recursos-hpp\/webinars\/\"},{\"@type\":\"ListItem\",\"position\":5,\"name\":\"WEBINAR: HPP Maquila: ventajas de HPP accesibles a todas las empresas\"}]},{\"@type\":\"WebSite\",\"@id\":\"https:\/\/www.hiperbaric.com\/en\/#website\",\"url\":\"https:\/\/www.hiperbaric.com\/en\/\",\"name\":\"Hiperbaric\",\"description\":\"Procesado para la conservaci\u00f3n de alimentos\",\"publisher\":{\"@id\":\"https:\/\/www.hiperbaric.com\/en\/#organization\"},\"potentialAction\":[{\"@type\":\"SearchAction\",\"target\":{\"@type\":\"EntryPoint\",\"urlTemplate\":\"https:\/\/www.hiperbaric.com\/en\/?s={search_term_string}\"},\"query-input\":\"required name=search_term_string\"}],\"inLanguage\":\"es\"},{\"@type\":\"Organization\",\"@id\":\"https:\/\/www.hiperbaric.com\/en\/#organization\",\"name\":\"Hiperbaric\",\"url\":\"https:\/\/www.hiperbaric.com\/en\/\",\"logo\":{\"@type\":\"ImageObject\",\"inLanguage\":\"es\",\"@id\":\"https:\/\/www.hiperbaric.com\/en\/#\/schema\/logo\/image\/\",\"url\":\"https:\/\/www.hiperbaric.com\/wp-content\/uploads\/2026\/01\/cropped-hiperbaric-logotipo-1-2.png\",\"contentUrl\":\"https:\/\/www.hiperbaric.com\/wp-content\/uploads\/2026\/01\/cropped-hiperbaric-logotipo-1-2.png\",\"width\":340,\"height\":72,\"caption\":\"Hiperbaric\"},\"image\":{\"@id\":\"https:\/\/www.hiperbaric.com\/en\/#\/schema\/logo\/image\/\"}}]}<\/script>\n<!-- \/ Yoast SEO plugin. -->","yoast_head_json":{"title":"WEBINAR: HPP Maquila: ventajas de HPP accesibles a todas las empresas - Hiperbaric","robots":{"index":"index","follow":"follow","max-snippet":"max-snippet:-1","max-image-preview":"max-image-preview:large","max-video-preview":"max-video-preview:-1"},"canonical":"https:\/\/www.hiperbaric.com\/es\/tecnologia-hpp\/recursos-hpp\/webinars\/webinar-hpp-maquila-ventajas-de-hpp-accesibles-a-todas-las-empresas\/","og_locale":"es_ES","og_type":"article","og_title":"WEBINAR: HPP Maquila: ventajas de HPP accesibles a todas las empresas - Hiperbaric","og_description":"La tecnolog\u00eda de procesado por altas presiones (High Pressure Processing, HPP) se est\u00e1 convirtiendo en la t\u00e9cnica de conservaci\u00f3n de alimentos no t\u00e9rmica que mayor crecimiento est\u00e1 experimentado en los \u00faltimos a\u00f1os. Los motivos de este crecimiento responden a varias cuestiones cr\u00edticas tanto para fabricantes como consumidores: es una t\u00e9cnica innovadora y segura que aumenta...","og_url":"https:\/\/www.hiperbaric.com\/es\/tecnologia-hpp\/recursos-hpp\/webinars\/webinar-hpp-maquila-ventajas-de-hpp-accesibles-a-todas-las-empresas\/","og_site_name":"Hiperbaric","article_modified_time":"2020-11-10T12:00:54+00:00","og_image":[{"url":"https:\/\/www.hiperbaric.com\/wp-content\/uploads\/2020\/11\/Alejandro-redondo.png"}],"twitter_card":"summary_large_image","twitter_misc":{"Tiempo de lectura":"2 minutos"},"schema":{"@context":"https:\/\/schema.org","@graph":[{"@type":"WebPage","@id":"https:\/\/www.hiperbaric.com\/es\/tecnologia-hpp\/recursos-hpp\/webinars\/webinar-hpp-maquila-ventajas-de-hpp-accesibles-a-todas-las-empresas\/","url":"https:\/\/www.hiperbaric.com\/es\/tecnologia-hpp\/recursos-hpp\/webinars\/webinar-hpp-maquila-ventajas-de-hpp-accesibles-a-todas-las-empresas\/","name":"WEBINAR: HPP Maquila: ventajas de HPP accesibles a todas las empresas - Hiperbaric","isPartOf":{"@id":"https:\/\/www.hiperbaric.com\/en\/#website"},"primaryImageOfPage":{"@id":"https:\/\/www.hiperbaric.com\/es\/tecnologia-hpp\/recursos-hpp\/webinars\/webinar-hpp-maquila-ventajas-de-hpp-accesibles-a-todas-las-empresas\/#primaryimage"},"image":{"@id":"https:\/\/www.hiperbaric.com\/es\/tecnologia-hpp\/recursos-hpp\/webinars\/webinar-hpp-maquila-ventajas-de-hpp-accesibles-a-todas-las-empresas\/#primaryimage"},"thumbnailUrl":"https:\/\/www.hiperbaric.com\/wp-content\/uploads\/2020\/11\/Alejandro-redondo.png","datePublished":"2020-10-07T10:01:01+00:00","dateModified":"2020-11-10T12:00:54+00:00","breadcrumb":{"@id":"https:\/\/www.hiperbaric.com\/es\/tecnologia-hpp\/recursos-hpp\/webinars\/webinar-hpp-maquila-ventajas-de-hpp-accesibles-a-todas-las-empresas\/#breadcrumb"},"inLanguage":"es","potentialAction":[{"@type":"ReadAction","target":["https:\/\/www.hiperbaric.com\/es\/tecnologia-hpp\/recursos-hpp\/webinars\/webinar-hpp-maquila-ventajas-de-hpp-accesibles-a-todas-las-empresas\/"]}]},{"@type":"ImageObject","inLanguage":"es","@id":"https:\/\/www.hiperbaric.com\/es\/tecnologia-hpp\/recursos-hpp\/webinars\/webinar-hpp-maquila-ventajas-de-hpp-accesibles-a-todas-las-empresas\/#primaryimage","url":"https:\/\/www.hiperbaric.com\/wp-content\/uploads\/2020\/11\/Alejandro-redondo.png","contentUrl":"https:\/\/www.hiperbaric.com\/wp-content\/uploads\/2020\/11\/Alejandro-redondo.png"},{"@type":"BreadcrumbList","@id":"https:\/\/www.hiperbaric.com\/es\/tecnologia-hpp\/recursos-hpp\/webinars\/webinar-hpp-maquila-ventajas-de-hpp-accesibles-a-todas-las-empresas\/#breadcrumb","itemListElement":[{"@type":"ListItem","position":1,"name":"Home","item":"https:\/\/www.hiperbaric.com\/es\/"},{"@type":"ListItem","position":2,"name":"Tecnolog\u00eda HPP","item":"https:\/\/www.hiperbaric.com\/es\/tecnologia-hpp\/"},{"@type":"ListItem","position":3,"name":"Recursos Tecnolog\u00eda HPP","item":"https:\/\/www.hiperbaric.com\/es\/tecnologia-hpp\/recursos-hpp\/"},{"@type":"ListItem","position":4,"name":"Webinars","item":"https:\/\/www.hiperbaric.com\/es\/tecnologia-hpp\/recursos-hpp\/webinars\/"},{"@type":"ListItem","position":5,"name":"WEBINAR: HPP Maquila: ventajas de HPP accesibles a todas las empresas"}]},{"@type":"WebSite","@id":"https:\/\/www.hiperbaric.com\/en\/#website","url":"https:\/\/www.hiperbaric.com\/en\/","name":"Hiperbaric","description":"Procesado para la conservaci\u00f3n de alimentos","publisher":{"@id":"https:\/\/www.hiperbaric.com\/en\/#organization"},"potentialAction":[{"@type":"SearchAction","target":{"@type":"EntryPoint","urlTemplate":"https:\/\/www.hiperbaric.com\/en\/?s={search_term_string}"},"query-input":"required name=search_term_string"}],"inLanguage":"es"},{"@type":"Organization","@id":"https:\/\/www.hiperbaric.com\/en\/#organization","name":"Hiperbaric","url":"https:\/\/www.hiperbaric.com\/en\/","logo":{"@type":"ImageObject","inLanguage":"es","@id":"https:\/\/www.hiperbaric.com\/en\/#\/schema\/logo\/image\/","url":"https:\/\/www.hiperbaric.com\/wp-content\/uploads\/2026\/01\/cropped-hiperbaric-logotipo-1-2.png","contentUrl":"https:\/\/www.hiperbaric.com\/wp-content\/uploads\/2026\/01\/cropped-hiperbaric-logotipo-1-2.png","width":340,"height":72,"caption":"Hiperbaric"},"image":{"@id":"https:\/\/www.hiperbaric.com\/en\/#\/schema\/logo\/image\/"}}]}},"_links":{"self":[{"href":"https:\/\/www.hiperbaric.com\/es\/wp-json\/wp\/v2\/pages\/25072"}],"collection":[{"href":"https:\/\/www.hiperbaric.com\/es\/wp-json\/wp\/v2\/pages"}],"about":[{"href":"https:\/\/www.hiperbaric.com\/es\/wp-json\/wp\/v2\/types\/page"}],"author":[{"embeddable":true,"href":"https:\/\/www.hiperbaric.com\/es\/wp-json\/wp\/v2\/users\/7"}],"replies":[{"embeddable":true,"href":"https:\/\/www.hiperbaric.com\/es\/wp-json\/wp\/v2\/comments?post=25072"}],"version-history":[{"count":0,"href":"https:\/\/www.hiperbaric.com\/es\/wp-json\/wp\/v2\/pages\/25072\/revisions"}],"up":[{"embeddable":true,"href":"https:\/\/www.hiperbaric.com\/es\/wp-json\/wp\/v2\/pages\/20866"}],"wp:attachment":[{"href":"https:\/\/www.hiperbaric.com\/es\/wp-json\/wp\/v2\/media?parent=25072"}],"curies":[{"name":"wp","href":"https:\/\/api.w.org\/{rel}","templated":true}]}}