{"id":25044,"date":"2020-10-07T10:22:15","date_gmt":"2020-10-07T08:22:15","guid":{"rendered":"https:\/\/www.hiperbaric.com\/?page_id=25044"},"modified":"2020-11-10T13:12:31","modified_gmt":"2020-11-10T12:12:31","slug":"webinar-productos-hpp-en-el-mercado-de-asia-y-pacifico","status":"publish","type":"page","link":"https:\/\/www.hiperbaric.com\/es\/tecnologia-hpp\/recursos-hpp\/webinars\/webinar-productos-hpp-en-el-mercado-de-asia-y-pacifico\/","title":{"rendered":"WEBINAR: Productos HPP en el mercado de Asia y Pac\u00edfico"},"content":{"rendered":"\n\t<p>El inter\u00e9s por el <strong>procesado por altas presiones (del ingl\u00e9s High Pressure Processing, HPP) ha experimentado una gran evoluci\u00f3n en los mercados de Asia y Ocean\u00eda<\/strong> debido a la creciente demanda de los consumidores por productos alimentarios de <em>calidad premium.<\/em> Estas extensas \u00e1reas geogr\u00e1ficas se han convertido en un fruct\u00edfero mercado para los productos procesados por HPP y cada vez son m\u00e1s las empresas que apuestan por incorporar esta tecnolog\u00eda para procesar sus productos de forma segura.<\/p>\n<p><strong>En este webinar aprender\u00e1s sobre:\u00a0<\/strong><\/p>\n<ul>\n<li>Mercado y productos HPP en Asia y Pac\u00edfico, Jorge Marraud, Director de Hiperbaric Asia.<\/li>\n<li>Los beneficios del procesado por alta presi\u00f3n (HPP) y la gama de equipos HPP de Hiperbaric.<\/li>\n<li>Inactivaci\u00f3n de microorganismos mediante el uso de la tecnolog\u00eda HPP<\/li>\n<li>Caso de \u00e9xito de Warehouse Logistics Net Asia (WLNA), HPP-toller<\/li>\n<li>Caso de \u00e9xito de The Soup Spoon, fabricante de sopas y platos preparados HPP<\/li>\n<\/ul>\n<p><strong>Idioma:<\/strong> English\u00a0 <img decoding=\"async\" loading=\"lazy\" src=\"https:\/\/www.hiperbaric.com\/wp-content\/uploads\/2020\/08\/icono-ingl\u00e9s-webinars-150x150.jpg\" alt=\"\" width=\"37\" height=\"37\" \/><\/p>\n<p>&nbsp;<\/p>\n\t\t<h3>Reg\u00edstrate gratis<\/h3>\t\t\n\t\t\t<p>Recibir\u00e1s el webinar directamente en tu email\u00a0<\/p>\t\t\n\t<iframe loading=\"lazy\" src=\"https:\/\/forms.marketing.hiperbaric.com\/l\/881883\/2020-08-24\/d1h?Language=Spanish&#038;URL=gaR5ZDhGpUk&#038;Business_line=HPP&#038;Source_text=AsiaPacific%20Webinar%20Recording\" type=\"text\/html\" allowtransparency=\"true\" width=\"100%\" height=\"500\" frameborder=\"0\"><\/iframe>\n<h3>\n\tPonentes\n\t<\/h3>\n\t\t\t\t<img decoding=\"async\" loading=\"lazy\" src=\"https:\/\/www.hiperbaric.com\/wp-content\/uploads\/2020\/11\/jorge-redondo.jpg\" alt=\"jorge redondo\" itemprop=\"image\" height=\"506\" width=\"508\" title=\"jorge redondo\" onerror=\"this.style.display='none'\"  \/>\n\t<strong>Jorge Marraud<\/strong><br \/>\nAsia Director\n\t<p><img decoding=\"async\" loading=\"lazy\" src=\"https:\/\/www.hiperbaric.com\/wp-content\/uploads\/2019\/06\/logo_Hiperbaric_RGB-small-300x86.jpg\" alt=\"\" width=\"276\" height=\"79\" \/><\/p>\n\t\t\t\t<img decoding=\"async\" loading=\"lazy\" src=\"https:\/\/www.hiperbaric.com\/wp-content\/uploads\/2020\/11\/Rui.jpg\" alt=\"Rui Queiros\" itemprop=\"image\" height=\"506\" width=\"508\" title=\"Rui Queiros\" onerror=\"this.style.display='none'\"  \/>\n\t<strong>Rui Queir\u00f3s, Ph.D.<\/strong><br \/>\nHPP Applications Specialist\n\t<p><img decoding=\"async\" loading=\"lazy\" src=\"https:\/\/www.hiperbaric.com\/wp-content\/uploads\/2019\/06\/logo_Hiperbaric_RGB-small-300x86.jpg\" alt=\"\" width=\"276\" height=\"79\" \/><\/p>\n\t\t\t\t<img decoding=\"async\" loading=\"lazy\" src=\"https:\/\/www.hiperbaric.com\/wp-content\/uploads\/2020\/11\/Malcom-redondo.jpg\" alt=\"Malcom redondo\" itemprop=\"image\" height=\"506\" width=\"508\" title=\"Malcom redondo\" onerror=\"this.style.display='none'\"  \/>\n\t<strong>Malcom Png<\/strong><br \/>\nSenior HPP Executive\n\t<p><img decoding=\"async\" loading=\"lazy\" src=\"https:\/\/www.hiperbaric.com\/wp-content\/uploads\/2020\/11\/wlna-logo-300x100.jpg\" alt=\"\" width=\"285\" height=\"95\" \/><\/p>\n\t\t\t\t<img decoding=\"async\" loading=\"lazy\" src=\"https:\/\/www.hiperbaric.com\/wp-content\/uploads\/2020\/11\/Andrew-redondo.jpg\" alt=\"Andrew redondo\" itemprop=\"image\" height=\"506\" width=\"508\" title=\"Andrew redondo\" onerror=\"this.style.display='none'\"  \/>\n\t<strong>Andrew Chan<\/strong><br \/>\nCo-Founder &amp; Owner\n\t<p><img decoding=\"async\" loading=\"lazy\" src=\"https:\/\/www.hiperbaric.com\/wp-content\/uploads\/2020\/11\/the-soup.png\" alt=\"\" width=\"223\" height=\"90\" \/><\/p>\n","protected":false},"excerpt":{"rendered":"<p>El inter\u00e9s por el procesado por altas presiones (del ingl\u00e9s High Pressure Processing, HPP) ha experimentado una gran evoluci\u00f3n en los mercados de Asia y Ocean\u00eda debido a la creciente demanda de los consumidores por productos alimentarios de calidad premium. Estas extensas \u00e1reas geogr\u00e1ficas se han convertido en un fruct\u00edfero mercado para los productos procesados&#8230;<\/p>\n","protected":false},"author":7,"featured_media":0,"parent":20866,"menu_order":0,"comment_status":"closed","ping_status":"closed","template":"","meta":{"om_disable_all_campaigns":false,"inline_featured_image":false,"_monsterinsights_skip_tracking":false,"_monsterinsights_sitenote_active":false,"_monsterinsights_sitenote_note":"","_monsterinsights_sitenote_category":0,"footnotes":"","_wp_rev_ctl_limit":""},"acf":[],"yoast_head":"<!-- This site is optimized with the Yoast SEO plugin v22.4 - https:\/\/yoast.com\/wordpress\/plugins\/seo\/ -->\n<title>WEBINAR: Productos HPP en el mercado de Asia y Pac\u00edfico - Hiperbaric<\/title>\n<meta name=\"robots\" content=\"index, follow, max-snippet:-1, max-image-preview:large, max-video-preview:-1\" \/>\n<link rel=\"canonical\" href=\"https:\/\/www.hiperbaric.com\/es\/tecnologia-hpp\/recursos-hpp\/webinars\/webinar-productos-hpp-en-el-mercado-de-asia-y-pacifico\/\" \/>\n<meta property=\"og:locale\" content=\"es_ES\" \/>\n<meta property=\"og:type\" content=\"article\" \/>\n<meta property=\"og:title\" content=\"WEBINAR: Productos HPP en el mercado de Asia y Pac\u00edfico - Hiperbaric\" \/>\n<meta property=\"og:description\" content=\"El inter\u00e9s por el procesado por altas presiones (del ingl\u00e9s High Pressure Processing, HPP) ha experimentado una gran evoluci\u00f3n en los mercados de Asia y Ocean\u00eda debido a la creciente demanda de los consumidores por productos alimentarios de calidad premium. Estas extensas \u00e1reas geogr\u00e1ficas se han convertido en un fruct\u00edfero mercado para los productos procesados...\" \/>\n<meta property=\"og:url\" content=\"https:\/\/www.hiperbaric.com\/es\/tecnologia-hpp\/recursos-hpp\/webinars\/webinar-productos-hpp-en-el-mercado-de-asia-y-pacifico\/\" \/>\n<meta property=\"og:site_name\" content=\"Hiperbaric\" \/>\n<meta property=\"article:modified_time\" content=\"2020-11-10T12:12:31+00:00\" \/>\n<meta property=\"og:image\" content=\"https:\/\/www.hiperbaric.com\/wp-content\/uploads\/2020\/11\/jorge-redondo.jpg\" \/>\n<meta name=\"twitter:card\" content=\"summary_large_image\" \/>\n<meta name=\"twitter:label1\" content=\"Tiempo de lectura\" \/>\n\t<meta name=\"twitter:data1\" content=\"1 minuto\" \/>\n<script type=\"application\/ld+json\" class=\"yoast-schema-graph\">{\"@context\":\"https:\/\/schema.org\",\"@graph\":[{\"@type\":\"WebPage\",\"@id\":\"https:\/\/www.hiperbaric.com\/es\/tecnologia-hpp\/recursos-hpp\/webinars\/webinar-productos-hpp-en-el-mercado-de-asia-y-pacifico\/\",\"url\":\"https:\/\/www.hiperbaric.com\/es\/tecnologia-hpp\/recursos-hpp\/webinars\/webinar-productos-hpp-en-el-mercado-de-asia-y-pacifico\/\",\"name\":\"WEBINAR: Productos HPP en el mercado de Asia y Pac\u00edfico - Hiperbaric\",\"isPartOf\":{\"@id\":\"https:\/\/www.hiperbaric.com\/en\/#website\"},\"primaryImageOfPage\":{\"@id\":\"https:\/\/www.hiperbaric.com\/es\/tecnologia-hpp\/recursos-hpp\/webinars\/webinar-productos-hpp-en-el-mercado-de-asia-y-pacifico\/#primaryimage\"},\"image\":{\"@id\":\"https:\/\/www.hiperbaric.com\/es\/tecnologia-hpp\/recursos-hpp\/webinars\/webinar-productos-hpp-en-el-mercado-de-asia-y-pacifico\/#primaryimage\"},\"thumbnailUrl\":\"https:\/\/www.hiperbaric.com\/wp-content\/uploads\/2020\/11\/jorge-redondo.jpg\",\"datePublished\":\"2020-10-07T08:22:15+00:00\",\"dateModified\":\"2020-11-10T12:12:31+00:00\",\"breadcrumb\":{\"@id\":\"https:\/\/www.hiperbaric.com\/es\/tecnologia-hpp\/recursos-hpp\/webinars\/webinar-productos-hpp-en-el-mercado-de-asia-y-pacifico\/#breadcrumb\"},\"inLanguage\":\"es\",\"potentialAction\":[{\"@type\":\"ReadAction\",\"target\":[\"https:\/\/www.hiperbaric.com\/es\/tecnologia-hpp\/recursos-hpp\/webinars\/webinar-productos-hpp-en-el-mercado-de-asia-y-pacifico\/\"]}]},{\"@type\":\"ImageObject\",\"inLanguage\":\"es\",\"@id\":\"https:\/\/www.hiperbaric.com\/es\/tecnologia-hpp\/recursos-hpp\/webinars\/webinar-productos-hpp-en-el-mercado-de-asia-y-pacifico\/#primaryimage\",\"url\":\"https:\/\/www.hiperbaric.com\/wp-content\/uploads\/2020\/11\/jorge-redondo.jpg\",\"contentUrl\":\"https:\/\/www.hiperbaric.com\/wp-content\/uploads\/2020\/11\/jorge-redondo.jpg\"},{\"@type\":\"BreadcrumbList\",\"@id\":\"https:\/\/www.hiperbaric.com\/es\/tecnologia-hpp\/recursos-hpp\/webinars\/webinar-productos-hpp-en-el-mercado-de-asia-y-pacifico\/#breadcrumb\",\"itemListElement\":[{\"@type\":\"ListItem\",\"position\":1,\"name\":\"Home\",\"item\":\"https:\/\/www.hiperbaric.com\/es\/\"},{\"@type\":\"ListItem\",\"position\":2,\"name\":\"Tecnolog\u00eda HPP\",\"item\":\"https:\/\/www.hiperbaric.com\/es\/tecnologia-hpp\/\"},{\"@type\":\"ListItem\",\"position\":3,\"name\":\"Recursos Tecnolog\u00eda HPP\",\"item\":\"https:\/\/www.hiperbaric.com\/es\/tecnologia-hpp\/recursos-hpp\/\"},{\"@type\":\"ListItem\",\"position\":4,\"name\":\"Webinars\",\"item\":\"https:\/\/www.hiperbaric.com\/es\/tecnologia-hpp\/recursos-hpp\/webinars\/\"},{\"@type\":\"ListItem\",\"position\":5,\"name\":\"WEBINAR: Productos HPP en el mercado de Asia y Pac\u00edfico\"}]},{\"@type\":\"WebSite\",\"@id\":\"https:\/\/www.hiperbaric.com\/en\/#website\",\"url\":\"https:\/\/www.hiperbaric.com\/en\/\",\"name\":\"Hiperbaric\",\"description\":\"Procesado para la conservaci\u00f3n de alimentos\",\"publisher\":{\"@id\":\"https:\/\/www.hiperbaric.com\/en\/#organization\"},\"potentialAction\":[{\"@type\":\"SearchAction\",\"target\":{\"@type\":\"EntryPoint\",\"urlTemplate\":\"https:\/\/www.hiperbaric.com\/en\/?s={search_term_string}\"},\"query-input\":\"required name=search_term_string\"}],\"inLanguage\":\"es\"},{\"@type\":\"Organization\",\"@id\":\"https:\/\/www.hiperbaric.com\/en\/#organization\",\"name\":\"Hiperbaric\",\"url\":\"https:\/\/www.hiperbaric.com\/en\/\",\"logo\":{\"@type\":\"ImageObject\",\"inLanguage\":\"es\",\"@id\":\"https:\/\/www.hiperbaric.com\/en\/#\/schema\/logo\/image\/\",\"url\":\"https:\/\/www.hiperbaric.com\/wp-content\/uploads\/2026\/01\/cropped-hiperbaric-logotipo-1-2.png\",\"contentUrl\":\"https:\/\/www.hiperbaric.com\/wp-content\/uploads\/2026\/01\/cropped-hiperbaric-logotipo-1-2.png\",\"width\":340,\"height\":72,\"caption\":\"Hiperbaric\"},\"image\":{\"@id\":\"https:\/\/www.hiperbaric.com\/en\/#\/schema\/logo\/image\/\"}}]}<\/script>\n<!-- \/ Yoast SEO plugin. -->","yoast_head_json":{"title":"WEBINAR: Productos HPP en el mercado de Asia y Pac\u00edfico - Hiperbaric","robots":{"index":"index","follow":"follow","max-snippet":"max-snippet:-1","max-image-preview":"max-image-preview:large","max-video-preview":"max-video-preview:-1"},"canonical":"https:\/\/www.hiperbaric.com\/es\/tecnologia-hpp\/recursos-hpp\/webinars\/webinar-productos-hpp-en-el-mercado-de-asia-y-pacifico\/","og_locale":"es_ES","og_type":"article","og_title":"WEBINAR: Productos HPP en el mercado de Asia y Pac\u00edfico - Hiperbaric","og_description":"El inter\u00e9s por el procesado por altas presiones (del ingl\u00e9s High Pressure Processing, HPP) ha experimentado una gran evoluci\u00f3n en los mercados de Asia y Ocean\u00eda debido a la creciente demanda de los consumidores por productos alimentarios de calidad premium. Estas extensas \u00e1reas geogr\u00e1ficas se han convertido en un fruct\u00edfero mercado para los productos procesados...","og_url":"https:\/\/www.hiperbaric.com\/es\/tecnologia-hpp\/recursos-hpp\/webinars\/webinar-productos-hpp-en-el-mercado-de-asia-y-pacifico\/","og_site_name":"Hiperbaric","article_modified_time":"2020-11-10T12:12:31+00:00","og_image":[{"url":"https:\/\/www.hiperbaric.com\/wp-content\/uploads\/2020\/11\/jorge-redondo.jpg"}],"twitter_card":"summary_large_image","twitter_misc":{"Tiempo de lectura":"1 minuto"},"schema":{"@context":"https:\/\/schema.org","@graph":[{"@type":"WebPage","@id":"https:\/\/www.hiperbaric.com\/es\/tecnologia-hpp\/recursos-hpp\/webinars\/webinar-productos-hpp-en-el-mercado-de-asia-y-pacifico\/","url":"https:\/\/www.hiperbaric.com\/es\/tecnologia-hpp\/recursos-hpp\/webinars\/webinar-productos-hpp-en-el-mercado-de-asia-y-pacifico\/","name":"WEBINAR: Productos HPP en el mercado de Asia y Pac\u00edfico - Hiperbaric","isPartOf":{"@id":"https:\/\/www.hiperbaric.com\/en\/#website"},"primaryImageOfPage":{"@id":"https:\/\/www.hiperbaric.com\/es\/tecnologia-hpp\/recursos-hpp\/webinars\/webinar-productos-hpp-en-el-mercado-de-asia-y-pacifico\/#primaryimage"},"image":{"@id":"https:\/\/www.hiperbaric.com\/es\/tecnologia-hpp\/recursos-hpp\/webinars\/webinar-productos-hpp-en-el-mercado-de-asia-y-pacifico\/#primaryimage"},"thumbnailUrl":"https:\/\/www.hiperbaric.com\/wp-content\/uploads\/2020\/11\/jorge-redondo.jpg","datePublished":"2020-10-07T08:22:15+00:00","dateModified":"2020-11-10T12:12:31+00:00","breadcrumb":{"@id":"https:\/\/www.hiperbaric.com\/es\/tecnologia-hpp\/recursos-hpp\/webinars\/webinar-productos-hpp-en-el-mercado-de-asia-y-pacifico\/#breadcrumb"},"inLanguage":"es","potentialAction":[{"@type":"ReadAction","target":["https:\/\/www.hiperbaric.com\/es\/tecnologia-hpp\/recursos-hpp\/webinars\/webinar-productos-hpp-en-el-mercado-de-asia-y-pacifico\/"]}]},{"@type":"ImageObject","inLanguage":"es","@id":"https:\/\/www.hiperbaric.com\/es\/tecnologia-hpp\/recursos-hpp\/webinars\/webinar-productos-hpp-en-el-mercado-de-asia-y-pacifico\/#primaryimage","url":"https:\/\/www.hiperbaric.com\/wp-content\/uploads\/2020\/11\/jorge-redondo.jpg","contentUrl":"https:\/\/www.hiperbaric.com\/wp-content\/uploads\/2020\/11\/jorge-redondo.jpg"},{"@type":"BreadcrumbList","@id":"https:\/\/www.hiperbaric.com\/es\/tecnologia-hpp\/recursos-hpp\/webinars\/webinar-productos-hpp-en-el-mercado-de-asia-y-pacifico\/#breadcrumb","itemListElement":[{"@type":"ListItem","position":1,"name":"Home","item":"https:\/\/www.hiperbaric.com\/es\/"},{"@type":"ListItem","position":2,"name":"Tecnolog\u00eda HPP","item":"https:\/\/www.hiperbaric.com\/es\/tecnologia-hpp\/"},{"@type":"ListItem","position":3,"name":"Recursos Tecnolog\u00eda HPP","item":"https:\/\/www.hiperbaric.com\/es\/tecnologia-hpp\/recursos-hpp\/"},{"@type":"ListItem","position":4,"name":"Webinars","item":"https:\/\/www.hiperbaric.com\/es\/tecnologia-hpp\/recursos-hpp\/webinars\/"},{"@type":"ListItem","position":5,"name":"WEBINAR: Productos HPP en el mercado de Asia y Pac\u00edfico"}]},{"@type":"WebSite","@id":"https:\/\/www.hiperbaric.com\/en\/#website","url":"https:\/\/www.hiperbaric.com\/en\/","name":"Hiperbaric","description":"Procesado para la conservaci\u00f3n de alimentos","publisher":{"@id":"https:\/\/www.hiperbaric.com\/en\/#organization"},"potentialAction":[{"@type":"SearchAction","target":{"@type":"EntryPoint","urlTemplate":"https:\/\/www.hiperbaric.com\/en\/?s={search_term_string}"},"query-input":"required name=search_term_string"}],"inLanguage":"es"},{"@type":"Organization","@id":"https:\/\/www.hiperbaric.com\/en\/#organization","name":"Hiperbaric","url":"https:\/\/www.hiperbaric.com\/en\/","logo":{"@type":"ImageObject","inLanguage":"es","@id":"https:\/\/www.hiperbaric.com\/en\/#\/schema\/logo\/image\/","url":"https:\/\/www.hiperbaric.com\/wp-content\/uploads\/2026\/01\/cropped-hiperbaric-logotipo-1-2.png","contentUrl":"https:\/\/www.hiperbaric.com\/wp-content\/uploads\/2026\/01\/cropped-hiperbaric-logotipo-1-2.png","width":340,"height":72,"caption":"Hiperbaric"},"image":{"@id":"https:\/\/www.hiperbaric.com\/en\/#\/schema\/logo\/image\/"}}]}},"_links":{"self":[{"href":"https:\/\/www.hiperbaric.com\/es\/wp-json\/wp\/v2\/pages\/25044"}],"collection":[{"href":"https:\/\/www.hiperbaric.com\/es\/wp-json\/wp\/v2\/pages"}],"about":[{"href":"https:\/\/www.hiperbaric.com\/es\/wp-json\/wp\/v2\/types\/page"}],"author":[{"embeddable":true,"href":"https:\/\/www.hiperbaric.com\/es\/wp-json\/wp\/v2\/users\/7"}],"replies":[{"embeddable":true,"href":"https:\/\/www.hiperbaric.com\/es\/wp-json\/wp\/v2\/comments?post=25044"}],"version-history":[{"count":0,"href":"https:\/\/www.hiperbaric.com\/es\/wp-json\/wp\/v2\/pages\/25044\/revisions"}],"up":[{"embeddable":true,"href":"https:\/\/www.hiperbaric.com\/es\/wp-json\/wp\/v2\/pages\/20866"}],"wp:attachment":[{"href":"https:\/\/www.hiperbaric.com\/es\/wp-json\/wp\/v2\/media?parent=25044"}],"curies":[{"name":"wp","href":"https:\/\/api.w.org\/{rel}","templated":true}]}}