{"id":23648,"date":"2020-08-31T09:35:20","date_gmt":"2020-08-31T07:35:20","guid":{"rendered":"https:\/\/www.hiperbaric.com\/?page_id=23648"},"modified":"2025-03-12T09:07:38","modified_gmt":"2025-03-12T08:07:38","slug":"portal-postventa","status":"publish","type":"page","link":"https:\/\/www.hiperbaric.com\/es\/tecnologia-hpp\/servicios\/portal-postventa\/","title":{"rendered":"Uptime System"},"content":{"rendered":"\n\n\t<p><strong>Contacto postventa<\/strong><\/p>\n        <a href=\"mailto:service@hiperbaric.com\"><img decoding=\"async\" src=\"\/wp-content\/uploads\/2019\/06\/opened-email-envelope.png\" width=\"52\" \/><br \/>\n        service@hiperbaric.com<\/a>\n        <a href=\"tel: +34 947 10 22 22\"><img decoding=\"async\" src=\"\/wp-content\/uploads\/2019\/08\/telephone-call.png\" width=\"52\" \/><br \/>\n        +34 947 10 22 22 (Espa\u00f1a)<\/a>\n        <a href=\"tel: +1 305 639 9723\"><img decoding=\"async\" src=\"\/wp-content\/uploads\/2019\/08\/north-america-1.png\" width=\"52\" \/><br \/>\n        +1 305 639 9723 (EE.UU)<\/a>\n\t\t\t\t<img loading=\"lazy\" decoding=\"async\" src=\"https:\/\/www.hiperbaric.com\/wp-content\/uploads\/2022\/11\/24-7_color-300x300.png\" alt=\"24-7_color\" itemprop=\"image\" height=\"300\" width=\"300\" title=\"24-7_color\" onerror=\"this.style.display='none'\"  \/>\n\t<p><strong>Contacto repuestos<\/strong><\/p>\n        <a href=\"mailto:spares@hiperbaric.com\"><img decoding=\"async\" src=\"\/wp-content\/uploads\/2019\/06\/opened-email-envelope.png\" width=\"52\" \/><br \/>\n        spares@hiperbaric.com<\/a>\n        <a href=\"tel: +34 947 47 38 74\"><img decoding=\"async\" src=\"\/wp-content\/uploads\/2019\/08\/telephone-call.png\" width=\"52\" \/><br \/>\n        +34 947 47 38 74 (Espa\u00f1a)<\/a>\n        <a href=\"tel: +1 305 639 9770\"><img decoding=\"async\" src=\"\/wp-content\/uploads\/2019\/08\/north-america-1.png\" width=\"52\" \/><br \/>\n        +1 305 639 9770 (EE.UU)<\/a>\n\t<p>En Hiperbaric ponemos a tu disposici\u00f3n un portal web de uso exclusivo para clientes, en el que podr\u00e1s realizar tus pedidos en tiempo real con la garant\u00eda de tramitarlos en 24 horas. Cuenta con acceso a una extensa base de datos de informaci\u00f3n t\u00e9cnica como manuales, instrucciones y consultas habituales. Adem\u00e1s, permite consultar precios, descargar ofertas online y realizar b\u00fasquedas sencillas de repuestos, mediante navegaci\u00f3n 3D interactiva.<\/p>\n\t    <a href=\"https:\/\/uptime.hiperbaric.com\/PortalCliente\/\" target=\"_blank\" role=\"button\" rel=\"noopener\">UPTIME SYSTEM<\/a>\n\t\t\t\t<a href=\"https:\/\/uptime.hiperbaric.com\/PortalCliente\/formLogin.xhtml?jfwid=3cc8d\" target=\"_blank\" rel=\"noopener\" itemprop=\"url\">\n\t\t\t\t<img loading=\"lazy\" decoding=\"async\" src=\"https:\/\/www.hiperbaric.com\/wp-content\/uploads\/2023\/12\/Uptime-System-1-1024x516.jpg\" alt=\"Uptime System 1\" itemprop=\"image\" height=\"516\" width=\"1024\" title=\"Uptime System 1\" onerror=\"this.style.display='none'\"  \/>\n\t\t\t\t<\/a>\n\t<p>El servicio postventa de Hiperbaric est\u00e1 compuesto por un equipo de ingenieros, altamente cualificados, comprometidos y totalmente orientados al cliente y se caracteriza por la fiabilidad y la inmediatez. Todo ello, apoyado en un sistema de gesti\u00f3n optimizado para garantizar una atenci\u00f3n r\u00e1pida y eficaz.<\/p>\n        <a href=\"javascript:void(0);\"><img decoding=\"async\" src=\"\/wp-content\/uploads\/2019\/09\/24-hours-phone-service.png\" width=\"52\" \/><br \/>\n        Servicio 24\/7<\/a>\n        <a href=\"javascript:void(0);\"><img decoding=\"async\" src=\"\/wp-content\/uploads\/2019\/09\/book.png\" width=\"52\" \/><br \/>\n        Puesta en marcha<\/a>\n        <a href=\"javascript:void(0);\"><img decoding=\"async\" src=\"\/wp-content\/uploads\/2019\/09\/tools.png\" width=\"52\" \/><br \/>\n        Diagn\u00f3stico y monitorizaci\u00f3n<\/a>\n        <a href=\"javascript:void(0);\"><img decoding=\"async\" src=\"\/wp-content\/uploads\/2019\/09\/diploma-1-1.png\" width=\"52\" \/><br \/>\n        Formaci\u00f3n<\/a>\n        <a href=\"javascript:void(0);\"><img decoding=\"async\" src=\"\/wp-content\/uploads\/2019\/09\/support.png\" width=\"52\" \/><br \/>\n        Otros servicios<\/a>\n\t    <a href=\"https:\/\/uptime.hiperbaric.com\/PortalCliente\/\" target=\"_blank\" role=\"button\" rel=\"noopener\">UPTIME SYSTEM<\/a>\n\n","protected":false},"excerpt":{"rendered":"<p>Contacto postventa service@hiperbaric.com +34 947 10 22 22 (Espa\u00f1a) +1 305 639 9723 (EE.UU) Contacto repuestos spares@hiperbaric.com +34 947 47 38 74 (Espa\u00f1a) +1 305 639 9770 (EE.UU) En Hiperbaric ponemos a tu disposici\u00f3n un portal web de uso exclusivo para clientes, en el que podr\u00e1s realizar tus pedidos en tiempo real con la garant\u00eda&#8230;<\/p>\n","protected":false},"author":1,"featured_media":0,"parent":11683,"menu_order":0,"comment_status":"closed","ping_status":"closed","template":"","meta":{"_acf_changed":false,"om_disable_all_campaigns":false,"inline_featured_image":false,"_monsterinsights_skip_tracking":false,"_monsterinsights_sitenote_active":false,"_monsterinsights_sitenote_note":"","_monsterinsights_sitenote_category":0,"footnotes":"","_wp_rev_ctl_limit":""},"class_list":["post-23648","page","type-page","status-publish","hentry"],"acf":[],"yoast_head":"<!-- This site is optimized with the Yoast SEO plugin v22.4 - https:\/\/yoast.com\/wordpress\/plugins\/seo\/ -->\n<title>Uptime System - Hiperbaric<\/title>\n<meta name=\"robots\" content=\"index, follow, max-snippet:-1, max-image-preview:large, max-video-preview:-1\" \/>\n<link rel=\"canonical\" href=\"https:\/\/www.hiperbaric.com\/es\/tecnologia-hpp\/servicios\/portal-postventa\/\" \/>\n<meta property=\"og:locale\" content=\"es_ES\" \/>\n<meta property=\"og:type\" content=\"article\" \/>\n<meta property=\"og:title\" content=\"Uptime System - Hiperbaric\" \/>\n<meta property=\"og:description\" content=\"Contacto postventa service@hiperbaric.com +34 947 10 22 22 (Espa\u00f1a) +1 305 639 9723 (EE.UU) Contacto repuestos spares@hiperbaric.com +34 947 47 38 74 (Espa\u00f1a) +1 305 639 9770 (EE.UU) En Hiperbaric ponemos a tu disposici\u00f3n un portal web de uso exclusivo para clientes, en el que podr\u00e1s realizar tus pedidos en tiempo real con la garant\u00eda...\" \/>\n<meta property=\"og:url\" content=\"https:\/\/www.hiperbaric.com\/es\/tecnologia-hpp\/servicios\/portal-postventa\/\" \/>\n<meta property=\"og:site_name\" content=\"Hiperbaric\" \/>\n<meta property=\"article:modified_time\" content=\"2025-03-12T08:07:38+00:00\" \/>\n<meta property=\"og:image\" content=\"https:\/\/www.hiperbaric.com\/wp-content\/uploads\/2022\/11\/24-7_color-300x300.png\" \/>\n<meta name=\"twitter:card\" content=\"summary_large_image\" \/>\n<meta name=\"twitter:label1\" content=\"Tiempo de lectura\" \/>\n\t<meta name=\"twitter:data1\" content=\"4 minutos\" \/>\n<script type=\"application\/ld+json\" class=\"yoast-schema-graph\">{\"@context\":\"https:\/\/schema.org\",\"@graph\":[{\"@type\":\"WebPage\",\"@id\":\"https:\/\/www.hiperbaric.com\/es\/tecnologia-hpp\/servicios\/portal-postventa\/\",\"url\":\"https:\/\/www.hiperbaric.com\/es\/tecnologia-hpp\/servicios\/portal-postventa\/\",\"name\":\"Uptime System - Hiperbaric\",\"isPartOf\":{\"@id\":\"https:\/\/www.hiperbaric.com\/en\/#website\"},\"primaryImageOfPage\":{\"@id\":\"https:\/\/www.hiperbaric.com\/es\/tecnologia-hpp\/servicios\/portal-postventa\/#primaryimage\"},\"image\":{\"@id\":\"https:\/\/www.hiperbaric.com\/es\/tecnologia-hpp\/servicios\/portal-postventa\/#primaryimage\"},\"thumbnailUrl\":\"https:\/\/www.hiperbaric.com\/wp-content\/uploads\/2022\/11\/24-7_color-300x300.png\",\"datePublished\":\"2020-08-31T07:35:20+00:00\",\"dateModified\":\"2025-03-12T08:07:38+00:00\",\"breadcrumb\":{\"@id\":\"https:\/\/www.hiperbaric.com\/es\/tecnologia-hpp\/servicios\/portal-postventa\/#breadcrumb\"},\"inLanguage\":\"es\",\"potentialAction\":[{\"@type\":\"ReadAction\",\"target\":[\"https:\/\/www.hiperbaric.com\/es\/tecnologia-hpp\/servicios\/portal-postventa\/\"]}]},{\"@type\":\"ImageObject\",\"inLanguage\":\"es\",\"@id\":\"https:\/\/www.hiperbaric.com\/es\/tecnologia-hpp\/servicios\/portal-postventa\/#primaryimage\",\"url\":\"https:\/\/www.hiperbaric.com\/wp-content\/uploads\/2022\/11\/24-7_color-300x300.png\",\"contentUrl\":\"https:\/\/www.hiperbaric.com\/wp-content\/uploads\/2022\/11\/24-7_color-300x300.png\"},{\"@type\":\"BreadcrumbList\",\"@id\":\"https:\/\/www.hiperbaric.com\/es\/tecnologia-hpp\/servicios\/portal-postventa\/#breadcrumb\",\"itemListElement\":[{\"@type\":\"ListItem\",\"position\":1,\"name\":\"Home\",\"item\":\"https:\/\/www.hiperbaric.com\/es\/\"},{\"@type\":\"ListItem\",\"position\":2,\"name\":\"Tecnolog\u00eda HPP\",\"item\":\"https:\/\/www.hiperbaric.com\/es\/tecnologia-hpp\/\"},{\"@type\":\"ListItem\",\"position\":3,\"name\":\"Servicios\",\"item\":\"https:\/\/www.hiperbaric.com\/es\/tecnologia-hpp\/servicios\/\"},{\"@type\":\"ListItem\",\"position\":4,\"name\":\"Uptime System\"}]},{\"@type\":\"WebSite\",\"@id\":\"https:\/\/www.hiperbaric.com\/en\/#website\",\"url\":\"https:\/\/www.hiperbaric.com\/en\/\",\"name\":\"Hiperbaric\",\"description\":\"Procesado para la conservaci\u00f3n de alimentos\",\"publisher\":{\"@id\":\"https:\/\/www.hiperbaric.com\/en\/#organization\"},\"potentialAction\":[{\"@type\":\"SearchAction\",\"target\":{\"@type\":\"EntryPoint\",\"urlTemplate\":\"https:\/\/www.hiperbaric.com\/en\/?s={search_term_string}\"},\"query-input\":\"required name=search_term_string\"}],\"inLanguage\":\"es\"},{\"@type\":\"Organization\",\"@id\":\"https:\/\/www.hiperbaric.com\/en\/#organization\",\"name\":\"Hiperbaric\",\"url\":\"https:\/\/www.hiperbaric.com\/en\/\",\"logo\":{\"@type\":\"ImageObject\",\"inLanguage\":\"es\",\"@id\":\"https:\/\/www.hiperbaric.com\/en\/#\/schema\/logo\/image\/\",\"url\":\"https:\/\/www.hiperbaric.com\/wp-content\/uploads\/2026\/01\/cropped-hiperbaric-logotipo-1-2.png\",\"contentUrl\":\"https:\/\/www.hiperbaric.com\/wp-content\/uploads\/2026\/01\/cropped-hiperbaric-logotipo-1-2.png\",\"width\":340,\"height\":72,\"caption\":\"Hiperbaric\"},\"image\":{\"@id\":\"https:\/\/www.hiperbaric.com\/en\/#\/schema\/logo\/image\/\"}}]}<\/script>\n<!-- \/ Yoast SEO plugin. -->","yoast_head_json":{"title":"Uptime System - Hiperbaric","robots":{"index":"index","follow":"follow","max-snippet":"max-snippet:-1","max-image-preview":"max-image-preview:large","max-video-preview":"max-video-preview:-1"},"canonical":"https:\/\/www.hiperbaric.com\/es\/tecnologia-hpp\/servicios\/portal-postventa\/","og_locale":"es_ES","og_type":"article","og_title":"Uptime System - Hiperbaric","og_description":"Contacto postventa service@hiperbaric.com +34 947 10 22 22 (Espa\u00f1a) +1 305 639 9723 (EE.UU) Contacto repuestos spares@hiperbaric.com +34 947 47 38 74 (Espa\u00f1a) +1 305 639 9770 (EE.UU) En Hiperbaric ponemos a tu disposici\u00f3n un portal web de uso exclusivo para clientes, en el que podr\u00e1s realizar tus pedidos en tiempo real con la garant\u00eda...","og_url":"https:\/\/www.hiperbaric.com\/es\/tecnologia-hpp\/servicios\/portal-postventa\/","og_site_name":"Hiperbaric","article_modified_time":"2025-03-12T08:07:38+00:00","og_image":[{"url":"https:\/\/www.hiperbaric.com\/wp-content\/uploads\/2022\/11\/24-7_color-300x300.png"}],"twitter_card":"summary_large_image","twitter_misc":{"Tiempo de lectura":"4 minutos"},"schema":{"@context":"https:\/\/schema.org","@graph":[{"@type":"WebPage","@id":"https:\/\/www.hiperbaric.com\/es\/tecnologia-hpp\/servicios\/portal-postventa\/","url":"https:\/\/www.hiperbaric.com\/es\/tecnologia-hpp\/servicios\/portal-postventa\/","name":"Uptime System - Hiperbaric","isPartOf":{"@id":"https:\/\/www.hiperbaric.com\/en\/#website"},"primaryImageOfPage":{"@id":"https:\/\/www.hiperbaric.com\/es\/tecnologia-hpp\/servicios\/portal-postventa\/#primaryimage"},"image":{"@id":"https:\/\/www.hiperbaric.com\/es\/tecnologia-hpp\/servicios\/portal-postventa\/#primaryimage"},"thumbnailUrl":"https:\/\/www.hiperbaric.com\/wp-content\/uploads\/2022\/11\/24-7_color-300x300.png","datePublished":"2020-08-31T07:35:20+00:00","dateModified":"2025-03-12T08:07:38+00:00","breadcrumb":{"@id":"https:\/\/www.hiperbaric.com\/es\/tecnologia-hpp\/servicios\/portal-postventa\/#breadcrumb"},"inLanguage":"es","potentialAction":[{"@type":"ReadAction","target":["https:\/\/www.hiperbaric.com\/es\/tecnologia-hpp\/servicios\/portal-postventa\/"]}]},{"@type":"ImageObject","inLanguage":"es","@id":"https:\/\/www.hiperbaric.com\/es\/tecnologia-hpp\/servicios\/portal-postventa\/#primaryimage","url":"https:\/\/www.hiperbaric.com\/wp-content\/uploads\/2022\/11\/24-7_color-300x300.png","contentUrl":"https:\/\/www.hiperbaric.com\/wp-content\/uploads\/2022\/11\/24-7_color-300x300.png"},{"@type":"BreadcrumbList","@id":"https:\/\/www.hiperbaric.com\/es\/tecnologia-hpp\/servicios\/portal-postventa\/#breadcrumb","itemListElement":[{"@type":"ListItem","position":1,"name":"Home","item":"https:\/\/www.hiperbaric.com\/es\/"},{"@type":"ListItem","position":2,"name":"Tecnolog\u00eda HPP","item":"https:\/\/www.hiperbaric.com\/es\/tecnologia-hpp\/"},{"@type":"ListItem","position":3,"name":"Servicios","item":"https:\/\/www.hiperbaric.com\/es\/tecnologia-hpp\/servicios\/"},{"@type":"ListItem","position":4,"name":"Uptime System"}]},{"@type":"WebSite","@id":"https:\/\/www.hiperbaric.com\/en\/#website","url":"https:\/\/www.hiperbaric.com\/en\/","name":"Hiperbaric","description":"Procesado para la conservaci\u00f3n de alimentos","publisher":{"@id":"https:\/\/www.hiperbaric.com\/en\/#organization"},"potentialAction":[{"@type":"SearchAction","target":{"@type":"EntryPoint","urlTemplate":"https:\/\/www.hiperbaric.com\/en\/?s={search_term_string}"},"query-input":"required name=search_term_string"}],"inLanguage":"es"},{"@type":"Organization","@id":"https:\/\/www.hiperbaric.com\/en\/#organization","name":"Hiperbaric","url":"https:\/\/www.hiperbaric.com\/en\/","logo":{"@type":"ImageObject","inLanguage":"es","@id":"https:\/\/www.hiperbaric.com\/en\/#\/schema\/logo\/image\/","url":"https:\/\/www.hiperbaric.com\/wp-content\/uploads\/2026\/01\/cropped-hiperbaric-logotipo-1-2.png","contentUrl":"https:\/\/www.hiperbaric.com\/wp-content\/uploads\/2026\/01\/cropped-hiperbaric-logotipo-1-2.png","width":340,"height":72,"caption":"Hiperbaric"},"image":{"@id":"https:\/\/www.hiperbaric.com\/en\/#\/schema\/logo\/image\/"}}]}},"_links":{"self":[{"href":"https:\/\/www.hiperbaric.com\/es\/wp-json\/wp\/v2\/pages\/23648","targetHints":{"allow":["GET"]}}],"collection":[{"href":"https:\/\/www.hiperbaric.com\/es\/wp-json\/wp\/v2\/pages"}],"about":[{"href":"https:\/\/www.hiperbaric.com\/es\/wp-json\/wp\/v2\/types\/page"}],"author":[{"embeddable":true,"href":"https:\/\/www.hiperbaric.com\/es\/wp-json\/wp\/v2\/users\/1"}],"replies":[{"embeddable":true,"href":"https:\/\/www.hiperbaric.com\/es\/wp-json\/wp\/v2\/comments?post=23648"}],"version-history":[{"count":5,"href":"https:\/\/www.hiperbaric.com\/es\/wp-json\/wp\/v2\/pages\/23648\/revisions"}],"predecessor-version":[{"id":62316,"href":"https:\/\/www.hiperbaric.com\/es\/wp-json\/wp\/v2\/pages\/23648\/revisions\/62316"}],"up":[{"embeddable":true,"href":"https:\/\/www.hiperbaric.com\/es\/wp-json\/wp\/v2\/pages\/11683"}],"wp:attachment":[{"href":"https:\/\/www.hiperbaric.com\/es\/wp-json\/wp\/v2\/media?parent=23648"}],"curies":[{"name":"wp","href":"https:\/\/api.w.org\/{rel}","templated":true}]}}