{"id":23484,"date":"2020-08-22T07:45:40","date_gmt":"2020-08-22T05:45:40","guid":{"rendered":"https:\/\/www.hiperbaric.com\/?page_id=23484"},"modified":"2020-11-10T13:23:01","modified_gmt":"2020-11-10T12:23:01","slug":"webinar-hpp-productos-aguacate-guacamole","status":"publish","type":"page","link":"https:\/\/www.hiperbaric.com\/es\/tecnologia-hpp\/recursos-hpp\/webinars\/webinar-hpp-productos-aguacate-guacamole\/","title":{"rendered":"WEBINAR: HPP para productos de aguacate: mayor vida \u00fatil, etiqueta limpia y calidad premium"},"content":{"rendered":"\n\t<p>El <strong>procesado por altas presiones o tecnolog\u00eda HPP (High Pressure Processing)<\/strong> ha sido fundamental para el desarrollo de la industria del aguacate. HPP es la principal t\u00e9cnica de conservaci\u00f3n de alimentos no t\u00e9rmica que utiliza agua a temperatura ambiente (4-25 \u00b0C) para generar niveles de presi\u00f3n de hasta 6000 bar (87.000 psi \/ 600 MPa) sobre productos previamente envasados. Para los productos a base de aguacate, el procesado por altas presiones provee el delicado balance entre calidad, nutrici\u00f3n, inocuidad y conveniencia, cumpliendo con las altas expectativas de los consumidores y procesadores de aguacate que exigen etiqueta limpia, y cumpliendo con los est\u00e1ndares de regulaci\u00f3n alimentaria m\u00e1s estrictos.<\/p>\n<strong>En este webinar aprender\u00e1s sobre:<br \/>\n<\/strong><br \/>\n\u2022 Beneficios de la tecnolog\u00eda HPP para productos de aguacate<br \/>\n\u2022 Efectos HPP para el procesado de aguacate: control de microorganismos, mayor vida \u00fatil y m\u00e1xima calidad sensorial<br \/>\n\u2022 Panorama de la industria del procesado de aguacate<br \/>\n\u2022 Caso de \u00e9xito de Go Verden, en el procesado de guacamole HPP\n<p><strong>Idioma:<\/strong>\u00a0espa\u00f1ol <img loading=\"lazy\" decoding=\"async\" src=\"https:\/\/www.hiperbaric.com\/..\/..\/wp-content\/uploads\/2020\/08\/espana-150x150.png\" alt=\"\" width=\"39\" height=\"39\" \/><\/p>\n\t\t<h3>Reg\u00edstrate gratis<\/h3>\t\t\n\t\t\t<p>Recibir\u00e1s el webinar directamente en tu email\u00a0<\/p>\t\t\n\t<iframe loading=\"lazy\" src=\"https:\/\/forms.marketing.hiperbaric.com\/l\/881883\/2020-08-24\/d1h?Language=Spanish&#038;URL=_37yEJjCFEk&#038;Business_line=HPP&#038;Source_text=Avocado%20Webinar%20Recording\" type=\"text\/html\" allowtransparency=\"true\" width=\"100%\" height=\"500\" frameborder=\"0\"><\/iframe>\n<h3>\n\tPonentes\n\t<\/h3>\n\t\t\t\t<img loading=\"lazy\" decoding=\"async\" src=\"https:\/\/www.hiperbaric.com\/wp-content\/uploads\/2020\/08\/Roberto-Peregrina-redondo.png\" alt=\"Roberto-Peregrina redondo\" itemprop=\"image\" height=\"506\" width=\"508\" title=\"Roberto-Peregrina redondo\" onerror=\"this.style.display='none'\"  \/>\n\t<strong>Roberto Peregrina<\/strong><br \/>\nHiperbaric USA CST\n\t<p><img loading=\"lazy\" decoding=\"async\" src=\"https:\/\/www.hiperbaric.com\/wp-content\/uploads\/2019\/06\/logo_Hiperbaric_RGB-small-300x86.jpg\" alt=\"\" width=\"276\" height=\"79\" \/><\/p>\n\t\t\t\t<img loading=\"lazy\" decoding=\"async\" src=\"https:\/\/www.hiperbaric.com\/wp-content\/uploads\/2020\/08\/Vinicio-Serment-Moreno-Headshot-redondo.jpg.png\" alt=\"Vinicio Serment-Moreno Headshot redondo.jpg\" itemprop=\"image\" height=\"506\" width=\"508\" title=\"Vinicio Serment-Moreno Headshot redondo.jpg\" onerror=\"this.style.display='none'\"  \/>\n\t<strong>Dr. Vinicio Moreno-Serment<\/strong><br \/>\nEspecialista en Aplicaciones HPP\n\t<p><img loading=\"lazy\" decoding=\"async\" src=\"https:\/\/www.hiperbaric.com\/wp-content\/uploads\/2019\/06\/logo_Hiperbaric_RGB-small-300x86.jpg\" alt=\"\" width=\"276\" height=\"79\" \/><\/p>\n\t\t\t\t<img loading=\"lazy\" decoding=\"async\" src=\"https:\/\/www.hiperbaric.com\/wp-content\/uploads\/2020\/11\/ramon-paz-vega.jpg\" alt=\"ram\u00f3n paz vega\" itemprop=\"image\" height=\"506\" width=\"508\" title=\"ram\u00f3n paz vega\" onerror=\"this.style.display='none'\"  \/>\n\t<strong>Ram\u00f3n Paz-Vega<\/strong><br \/>\nPresidente\n\t<p><img loading=\"lazy\" decoding=\"async\" src=\"https:\/\/www.hiperbaric.com\/wp-content\/uploads\/2020\/08\/Zano-Citrofrut_Logotipo-vertical-278x300.png\" alt=\"\" width=\"90\" height=\"97\" \/><\/p>\n\t\t\t\t<img loading=\"lazy\" decoding=\"async\" src=\"https:\/\/www.hiperbaric.com\/wp-content\/uploads\/2020\/08\/adrian_c\u00edrculo-e1598885312945.jpg\" alt=\"adrian_c\u00edrculo\" itemprop=\"image\" height=\"444\" width=\"465\" title=\"adrian_c\u00edrculo\" onerror=\"this.style.display='none'\"  \/>\n\t<strong>Adri\u00e1n Iturbide<\/strong><br \/>\nPresidente y fundador de Go Verden\n\t<p><img loading=\"lazy\" decoding=\"async\" src=\"https:\/\/www.hiperbaric.com\/wp-content\/uploads\/2020\/08\/logo-goverden.png\" alt=\"\" width=\"154\" height=\"95\" \/><\/p>\n","protected":false},"excerpt":{"rendered":"<p>El procesado por altas presiones o tecnolog\u00eda HPP (High Pressure Processing) ha sido fundamental para el desarrollo de la industria del aguacate. HPP es la principal t\u00e9cnica de conservaci\u00f3n de alimentos no t\u00e9rmica que utiliza agua a temperatura ambiente (4-25 \u00b0C) para generar niveles de presi\u00f3n de hasta 6000 bar (87.000 psi \/ 600 MPa)&#8230;<\/p>\n","protected":false},"author":7,"featured_media":0,"parent":20866,"menu_order":0,"comment_status":"closed","ping_status":"closed","template":"","meta":{"_acf_changed":false,"om_disable_all_campaigns":false,"inline_featured_image":false,"_monsterinsights_skip_tracking":false,"_monsterinsights_sitenote_active":false,"_monsterinsights_sitenote_note":"","_monsterinsights_sitenote_category":0,"footnotes":"","_wp_rev_ctl_limit":""},"class_list":["post-23484","page","type-page","status-publish","hentry"],"acf":[],"yoast_head":"<!-- This site is optimized with the Yoast SEO plugin v22.4 - https:\/\/yoast.com\/wordpress\/plugins\/seo\/ -->\n<title>WEBINAR: HPP para productos de aguacate: mayor vida \u00fatil, etiqueta limpia y calidad premium - Hiperbaric<\/title>\n<meta name=\"robots\" content=\"index, follow, max-snippet:-1, max-image-preview:large, max-video-preview:-1\" \/>\n<link rel=\"canonical\" href=\"https:\/\/www.hiperbaric.com\/es\/tecnologia-hpp\/recursos-hpp\/webinars\/webinar-hpp-productos-aguacate-guacamole\/\" \/>\n<meta property=\"og:locale\" content=\"es_ES\" \/>\n<meta property=\"og:type\" content=\"article\" \/>\n<meta property=\"og:title\" content=\"WEBINAR: HPP para productos de aguacate: mayor vida \u00fatil, etiqueta limpia y calidad premium - Hiperbaric\" \/>\n<meta property=\"og:description\" content=\"El procesado por altas presiones o tecnolog\u00eda HPP (High Pressure Processing) ha sido fundamental para el desarrollo de la industria del aguacate. HPP es la principal t\u00e9cnica de conservaci\u00f3n de alimentos no t\u00e9rmica que utiliza agua a temperatura ambiente (4-25 \u00b0C) para generar niveles de presi\u00f3n de hasta 6000 bar (87.000 psi \/ 600 MPa)...\" \/>\n<meta property=\"og:url\" content=\"https:\/\/www.hiperbaric.com\/es\/tecnologia-hpp\/recursos-hpp\/webinars\/webinar-hpp-productos-aguacate-guacamole\/\" \/>\n<meta property=\"og:site_name\" content=\"Hiperbaric\" \/>\n<meta property=\"article:modified_time\" content=\"2020-11-10T12:23:01+00:00\" \/>\n<meta property=\"og:image\" content=\"https:\/\/www.hiperbaric.com\/..\/..\/wp-content\/uploads\/2020\/08\/espana-150x150.png\" \/>\n<meta name=\"twitter:card\" content=\"summary_large_image\" \/>\n<meta name=\"twitter:label1\" content=\"Tiempo de lectura\" \/>\n\t<meta name=\"twitter:data1\" content=\"1 minuto\" \/>\n<script type=\"application\/ld+json\" class=\"yoast-schema-graph\">{\"@context\":\"https:\/\/schema.org\",\"@graph\":[{\"@type\":\"WebPage\",\"@id\":\"https:\/\/www.hiperbaric.com\/es\/tecnologia-hpp\/recursos-hpp\/webinars\/webinar-hpp-productos-aguacate-guacamole\/\",\"url\":\"https:\/\/www.hiperbaric.com\/es\/tecnologia-hpp\/recursos-hpp\/webinars\/webinar-hpp-productos-aguacate-guacamole\/\",\"name\":\"WEBINAR: HPP para productos de aguacate: mayor vida \u00fatil, etiqueta limpia y calidad premium - Hiperbaric\",\"isPartOf\":{\"@id\":\"https:\/\/www.hiperbaric.com\/en\/#website\"},\"primaryImageOfPage\":{\"@id\":\"https:\/\/www.hiperbaric.com\/es\/tecnologia-hpp\/recursos-hpp\/webinars\/webinar-hpp-productos-aguacate-guacamole\/#primaryimage\"},\"image\":{\"@id\":\"https:\/\/www.hiperbaric.com\/es\/tecnologia-hpp\/recursos-hpp\/webinars\/webinar-hpp-productos-aguacate-guacamole\/#primaryimage\"},\"thumbnailUrl\":\"https:\/\/www.hiperbaric.com\/..\/..\/wp-content\/uploads\/2020\/08\/espana-150x150.png\",\"datePublished\":\"2020-08-22T05:45:40+00:00\",\"dateModified\":\"2020-11-10T12:23:01+00:00\",\"breadcrumb\":{\"@id\":\"https:\/\/www.hiperbaric.com\/es\/tecnologia-hpp\/recursos-hpp\/webinars\/webinar-hpp-productos-aguacate-guacamole\/#breadcrumb\"},\"inLanguage\":\"es\",\"potentialAction\":[{\"@type\":\"ReadAction\",\"target\":[\"https:\/\/www.hiperbaric.com\/es\/tecnologia-hpp\/recursos-hpp\/webinars\/webinar-hpp-productos-aguacate-guacamole\/\"]}]},{\"@type\":\"ImageObject\",\"inLanguage\":\"es\",\"@id\":\"https:\/\/www.hiperbaric.com\/es\/tecnologia-hpp\/recursos-hpp\/webinars\/webinar-hpp-productos-aguacate-guacamole\/#primaryimage\",\"url\":\"https:\/\/www.hiperbaric.com\/..\/..\/wp-content\/uploads\/2020\/08\/espana-150x150.png\",\"contentUrl\":\"https:\/\/www.hiperbaric.com\/..\/..\/wp-content\/uploads\/2020\/08\/espana-150x150.png\"},{\"@type\":\"BreadcrumbList\",\"@id\":\"https:\/\/www.hiperbaric.com\/es\/tecnologia-hpp\/recursos-hpp\/webinars\/webinar-hpp-productos-aguacate-guacamole\/#breadcrumb\",\"itemListElement\":[{\"@type\":\"ListItem\",\"position\":1,\"name\":\"Home\",\"item\":\"https:\/\/www.hiperbaric.com\/es\/\"},{\"@type\":\"ListItem\",\"position\":2,\"name\":\"Tecnolog\u00eda HPP\",\"item\":\"https:\/\/www.hiperbaric.com\/es\/tecnologia-hpp\/\"},{\"@type\":\"ListItem\",\"position\":3,\"name\":\"Recursos Tecnolog\u00eda HPP\",\"item\":\"https:\/\/www.hiperbaric.com\/es\/tecnologia-hpp\/recursos-hpp\/\"},{\"@type\":\"ListItem\",\"position\":4,\"name\":\"Webinars\",\"item\":\"https:\/\/www.hiperbaric.com\/es\/tecnologia-hpp\/recursos-hpp\/webinars\/\"},{\"@type\":\"ListItem\",\"position\":5,\"name\":\"WEBINAR: HPP para productos de aguacate: mayor vida \u00fatil, etiqueta limpia y calidad premium\"}]},{\"@type\":\"WebSite\",\"@id\":\"https:\/\/www.hiperbaric.com\/en\/#website\",\"url\":\"https:\/\/www.hiperbaric.com\/en\/\",\"name\":\"Hiperbaric\",\"description\":\"Procesado para la conservaci\u00f3n de alimentos\",\"publisher\":{\"@id\":\"https:\/\/www.hiperbaric.com\/en\/#organization\"},\"potentialAction\":[{\"@type\":\"SearchAction\",\"target\":{\"@type\":\"EntryPoint\",\"urlTemplate\":\"https:\/\/www.hiperbaric.com\/en\/?s={search_term_string}\"},\"query-input\":\"required name=search_term_string\"}],\"inLanguage\":\"es\"},{\"@type\":\"Organization\",\"@id\":\"https:\/\/www.hiperbaric.com\/en\/#organization\",\"name\":\"Hiperbaric\",\"url\":\"https:\/\/www.hiperbaric.com\/en\/\",\"logo\":{\"@type\":\"ImageObject\",\"inLanguage\":\"es\",\"@id\":\"https:\/\/www.hiperbaric.com\/en\/#\/schema\/logo\/image\/\",\"url\":\"https:\/\/www.hiperbaric.com\/wp-content\/uploads\/2026\/01\/cropped-hiperbaric-logotipo-1-2.png\",\"contentUrl\":\"https:\/\/www.hiperbaric.com\/wp-content\/uploads\/2026\/01\/cropped-hiperbaric-logotipo-1-2.png\",\"width\":340,\"height\":72,\"caption\":\"Hiperbaric\"},\"image\":{\"@id\":\"https:\/\/www.hiperbaric.com\/en\/#\/schema\/logo\/image\/\"}}]}<\/script>\n<!-- \/ Yoast SEO plugin. -->","yoast_head_json":{"title":"WEBINAR: HPP para productos de aguacate: mayor vida \u00fatil, etiqueta limpia y calidad premium - Hiperbaric","robots":{"index":"index","follow":"follow","max-snippet":"max-snippet:-1","max-image-preview":"max-image-preview:large","max-video-preview":"max-video-preview:-1"},"canonical":"https:\/\/www.hiperbaric.com\/es\/tecnologia-hpp\/recursos-hpp\/webinars\/webinar-hpp-productos-aguacate-guacamole\/","og_locale":"es_ES","og_type":"article","og_title":"WEBINAR: HPP para productos de aguacate: mayor vida \u00fatil, etiqueta limpia y calidad premium - Hiperbaric","og_description":"El procesado por altas presiones o tecnolog\u00eda HPP (High Pressure Processing) ha sido fundamental para el desarrollo de la industria del aguacate. HPP es la principal t\u00e9cnica de conservaci\u00f3n de alimentos no t\u00e9rmica que utiliza agua a temperatura ambiente (4-25 \u00b0C) para generar niveles de presi\u00f3n de hasta 6000 bar (87.000 psi \/ 600 MPa)...","og_url":"https:\/\/www.hiperbaric.com\/es\/tecnologia-hpp\/recursos-hpp\/webinars\/webinar-hpp-productos-aguacate-guacamole\/","og_site_name":"Hiperbaric","article_modified_time":"2020-11-10T12:23:01+00:00","og_image":[{"url":"https:\/\/www.hiperbaric.com\/..\/..\/wp-content\/uploads\/2020\/08\/espana-150x150.png"}],"twitter_card":"summary_large_image","twitter_misc":{"Tiempo de lectura":"1 minuto"},"schema":{"@context":"https:\/\/schema.org","@graph":[{"@type":"WebPage","@id":"https:\/\/www.hiperbaric.com\/es\/tecnologia-hpp\/recursos-hpp\/webinars\/webinar-hpp-productos-aguacate-guacamole\/","url":"https:\/\/www.hiperbaric.com\/es\/tecnologia-hpp\/recursos-hpp\/webinars\/webinar-hpp-productos-aguacate-guacamole\/","name":"WEBINAR: HPP para productos de aguacate: mayor vida \u00fatil, etiqueta limpia y calidad premium - Hiperbaric","isPartOf":{"@id":"https:\/\/www.hiperbaric.com\/en\/#website"},"primaryImageOfPage":{"@id":"https:\/\/www.hiperbaric.com\/es\/tecnologia-hpp\/recursos-hpp\/webinars\/webinar-hpp-productos-aguacate-guacamole\/#primaryimage"},"image":{"@id":"https:\/\/www.hiperbaric.com\/es\/tecnologia-hpp\/recursos-hpp\/webinars\/webinar-hpp-productos-aguacate-guacamole\/#primaryimage"},"thumbnailUrl":"https:\/\/www.hiperbaric.com\/..\/..\/wp-content\/uploads\/2020\/08\/espana-150x150.png","datePublished":"2020-08-22T05:45:40+00:00","dateModified":"2020-11-10T12:23:01+00:00","breadcrumb":{"@id":"https:\/\/www.hiperbaric.com\/es\/tecnologia-hpp\/recursos-hpp\/webinars\/webinar-hpp-productos-aguacate-guacamole\/#breadcrumb"},"inLanguage":"es","potentialAction":[{"@type":"ReadAction","target":["https:\/\/www.hiperbaric.com\/es\/tecnologia-hpp\/recursos-hpp\/webinars\/webinar-hpp-productos-aguacate-guacamole\/"]}]},{"@type":"ImageObject","inLanguage":"es","@id":"https:\/\/www.hiperbaric.com\/es\/tecnologia-hpp\/recursos-hpp\/webinars\/webinar-hpp-productos-aguacate-guacamole\/#primaryimage","url":"https:\/\/www.hiperbaric.com\/..\/..\/wp-content\/uploads\/2020\/08\/espana-150x150.png","contentUrl":"https:\/\/www.hiperbaric.com\/..\/..\/wp-content\/uploads\/2020\/08\/espana-150x150.png"},{"@type":"BreadcrumbList","@id":"https:\/\/www.hiperbaric.com\/es\/tecnologia-hpp\/recursos-hpp\/webinars\/webinar-hpp-productos-aguacate-guacamole\/#breadcrumb","itemListElement":[{"@type":"ListItem","position":1,"name":"Home","item":"https:\/\/www.hiperbaric.com\/es\/"},{"@type":"ListItem","position":2,"name":"Tecnolog\u00eda HPP","item":"https:\/\/www.hiperbaric.com\/es\/tecnologia-hpp\/"},{"@type":"ListItem","position":3,"name":"Recursos Tecnolog\u00eda HPP","item":"https:\/\/www.hiperbaric.com\/es\/tecnologia-hpp\/recursos-hpp\/"},{"@type":"ListItem","position":4,"name":"Webinars","item":"https:\/\/www.hiperbaric.com\/es\/tecnologia-hpp\/recursos-hpp\/webinars\/"},{"@type":"ListItem","position":5,"name":"WEBINAR: HPP para productos de aguacate: mayor vida \u00fatil, etiqueta limpia y calidad premium"}]},{"@type":"WebSite","@id":"https:\/\/www.hiperbaric.com\/en\/#website","url":"https:\/\/www.hiperbaric.com\/en\/","name":"Hiperbaric","description":"Procesado para la conservaci\u00f3n de alimentos","publisher":{"@id":"https:\/\/www.hiperbaric.com\/en\/#organization"},"potentialAction":[{"@type":"SearchAction","target":{"@type":"EntryPoint","urlTemplate":"https:\/\/www.hiperbaric.com\/en\/?s={search_term_string}"},"query-input":"required name=search_term_string"}],"inLanguage":"es"},{"@type":"Organization","@id":"https:\/\/www.hiperbaric.com\/en\/#organization","name":"Hiperbaric","url":"https:\/\/www.hiperbaric.com\/en\/","logo":{"@type":"ImageObject","inLanguage":"es","@id":"https:\/\/www.hiperbaric.com\/en\/#\/schema\/logo\/image\/","url":"https:\/\/www.hiperbaric.com\/wp-content\/uploads\/2026\/01\/cropped-hiperbaric-logotipo-1-2.png","contentUrl":"https:\/\/www.hiperbaric.com\/wp-content\/uploads\/2026\/01\/cropped-hiperbaric-logotipo-1-2.png","width":340,"height":72,"caption":"Hiperbaric"},"image":{"@id":"https:\/\/www.hiperbaric.com\/en\/#\/schema\/logo\/image\/"}}]}},"_links":{"self":[{"href":"https:\/\/www.hiperbaric.com\/es\/wp-json\/wp\/v2\/pages\/23484","targetHints":{"allow":["GET"]}}],"collection":[{"href":"https:\/\/www.hiperbaric.com\/es\/wp-json\/wp\/v2\/pages"}],"about":[{"href":"https:\/\/www.hiperbaric.com\/es\/wp-json\/wp\/v2\/types\/page"}],"author":[{"embeddable":true,"href":"https:\/\/www.hiperbaric.com\/es\/wp-json\/wp\/v2\/users\/7"}],"replies":[{"embeddable":true,"href":"https:\/\/www.hiperbaric.com\/es\/wp-json\/wp\/v2\/comments?post=23484"}],"version-history":[{"count":0,"href":"https:\/\/www.hiperbaric.com\/es\/wp-json\/wp\/v2\/pages\/23484\/revisions"}],"up":[{"embeddable":true,"href":"https:\/\/www.hiperbaric.com\/es\/wp-json\/wp\/v2\/pages\/20866"}],"wp:attachment":[{"href":"https:\/\/www.hiperbaric.com\/es\/wp-json\/wp\/v2\/media?parent=23484"}],"curies":[{"name":"wp","href":"https:\/\/api.w.org\/{rel}","templated":true}]}}