{"id":22776,"date":"2020-08-04T14:19:26","date_gmt":"2020-08-04T12:19:26","guid":{"rendered":"https:\/\/www.hiperbaric.com\/?page_id=22776"},"modified":"2020-11-10T13:37:24","modified_gmt":"2020-11-10T12:37:24","slug":"el-procesado-por-altas-presiones-hpp-el-mejor-aliado-en-seguridad-alimentaria","status":"publish","type":"page","link":"https:\/\/www.hiperbaric.com\/es\/tecnologia-hpp\/recursos-hpp\/webinars\/el-procesado-por-altas-presiones-hpp-el-mejor-aliado-en-seguridad-alimentaria\/","title":{"rendered":"WEBINAR: Procesado por Altas Presiones (HPP), el mejor aliado en seguridad alimentaria"},"content":{"rendered":"\n\t<p>La <strong>seguridad alimentaria<\/strong> se est\u00e1 convirtiendo en un reto cada vez mayor entre consumidores, productores, marcas y distribuidores de la cadena alimentaria. Para la eliminaci\u00f3n microorganismos pat\u00f3genos (bacterias, virus\u2026) transmitidos a trav\u00e9s de los alimentos, el <strong>procesado por altas presiones (HPP)<\/strong> se presenta como una de las tecnolog\u00edas m\u00e1s efectivas y eficaces del mercado. Adem\u00e1s, el consumidor no solo demanda productos seguros, si no que \u00e9stos conserven su calidad sensorial y nutricional a la vez que est\u00e9n libres de aditivos y conservantes.<\/p>\n<p><strong>En este webinar aprender\u00e1s sobre:<\/strong><\/p>\n&#8211; La tecnolog\u00eda de Procesado por Altas Presiones (HPP) de la mano de expertos internacionales en HPP y Seguridad Alimentaria.<br \/>\n&#8211; El control de los microorganismos pat\u00f3genos transmitidos por los alimentos gracias a la HPP.<br \/>\n&#8211; Conocer\u00e1s el caso de \u00e9xito empresa Noel que aplica Tecnolog\u00eda HPP para la seguridad alimentaria de sus productos.<br \/>\n&#8211; Preguntas y respuestas del p\u00fablico\n<p><strong>Idioma<\/strong>: Espa\u00f1ol\u00a0 \u00a0<img decoding=\"async\" loading=\"lazy\" src=\"https:\/\/www.hiperbaric.com\/wp-content\/uploads\/2020\/08\/icono-espa\u00f1ol-webinars-150x150.jpg\" alt=\"\" width=\"37\" height=\"37\" \/><\/p>\n\t\t<h3>Reg\u00edstrate gratis<\/h3>\t\t\n\t\t\t<p>Recibir\u00e1s el webinar directamente en tu email\u00a0<\/p>\t\t\n\t<iframe loading=\"lazy\" src=\"https:\/\/forms.marketing.hiperbaric.com\/l\/881883\/2020-08-24\/d1h?Language=Spanish&#038;URL=evCtp4S1XGE&#038;Business_line=HPP&#038;Source_text=Food%20Safety%20Webinar%20Recording\" type=\"text\/html\" allowtransparency=\"true\" width=\"100%\" height=\"500\" frameborder=\"0\"><\/iframe>\n<h3>\n\tPonentes\n\t<\/h3>\n\t\t\t\t<img decoding=\"async\" loading=\"lazy\" src=\"https:\/\/www.hiperbaric.com\/wp-content\/uploads\/2020\/08\/carol.png\" alt=\"carol\" itemprop=\"image\" height=\"506\" width=\"508\" title=\"carol\" onerror=\"this.style.display='none'\"  \/>\n\t<strong>Dra. Carole Tonello<\/strong><br \/>\nDirectora Comercial y de Aplicaciones\u00a0\n\t<p><img decoding=\"async\" loading=\"lazy\" src=\"https:\/\/www.hiperbaric.com\/wp-content\/uploads\/2019\/06\/logo_Hiperbaric_RGB-small-300x86.jpg\" alt=\"\" width=\"276\" height=\"79\" \/><\/p>\n\t\t\t\t<img decoding=\"async\" loading=\"lazy\" src=\"https:\/\/www.hiperbaric.com\/wp-content\/uploads\/2020\/08\/david-r.png\" alt=\"david r\" itemprop=\"image\" height=\"456\" width=\"463\" title=\"david r\" onerror=\"this.style.display='none'\"  \/>\n\t<strong>Profesor David Rodr\u00edguez L\u00e1zaro<\/strong><br \/>\nJefe Secci\u00f3n Microbiolog\u00eda\n\t<p><img decoding=\"async\" loading=\"lazy\" src=\"https:\/\/www.hiperbaric.com\/wp-content\/uploads\/2020\/08\/universidad-burgos-300x123.jpg\" alt=\"\" width=\"222\" height=\"91\" \/><\/p>\n\t\t\t\t<img decoding=\"async\" loading=\"lazy\" src=\"https:\/\/www.hiperbaric.com\/wp-content\/uploads\/2020\/08\/jaume.png\" alt=\"jaume\" itemprop=\"image\" height=\"452\" width=\"452\" title=\"jaume\" onerror=\"this.style.display='none'\"  \/>\n\t<strong>Jordi Planella<\/strong><br \/>\nDirector de I+D\n\t<p><img decoding=\"async\" loading=\"lazy\" src=\"https:\/\/www.hiperbaric.com\/wp-content\/uploads\/2020\/08\/Noel-alimentaria.png\" width=\"157\" height=\"89\" \/><\/p>\n","protected":false},"excerpt":{"rendered":"<p>La seguridad alimentaria se est\u00e1 convirtiendo en un reto cada vez mayor entre consumidores, productores, marcas y distribuidores de la cadena alimentaria. Para la eliminaci\u00f3n microorganismos pat\u00f3genos (bacterias, virus\u2026) transmitidos a trav\u00e9s de los alimentos, el procesado por altas presiones (HPP) se presenta como una de las tecnolog\u00edas m\u00e1s efectivas y eficaces del mercado. Adem\u00e1s,&#8230;<\/p>\n","protected":false},"author":1,"featured_media":0,"parent":20866,"menu_order":0,"comment_status":"closed","ping_status":"closed","template":"","meta":{"om_disable_all_campaigns":false,"inline_featured_image":false,"_monsterinsights_skip_tracking":false,"_monsterinsights_sitenote_active":false,"_monsterinsights_sitenote_note":"","_monsterinsights_sitenote_category":0,"footnotes":"","_wp_rev_ctl_limit":""},"acf":[],"yoast_head":"<!-- This site is optimized with the Yoast SEO plugin v22.4 - https:\/\/yoast.com\/wordpress\/plugins\/seo\/ -->\n<title>WEBINAR: Procesado por Altas Presiones (HPP), el mejor aliado en seguridad alimentaria - Hiperbaric<\/title>\n<meta name=\"robots\" content=\"index, follow, max-snippet:-1, max-image-preview:large, max-video-preview:-1\" \/>\n<link rel=\"canonical\" href=\"https:\/\/www.hiperbaric.com\/es\/tecnologia-hpp\/recursos-hpp\/webinars\/el-procesado-por-altas-presiones-hpp-el-mejor-aliado-en-seguridad-alimentaria\/\" \/>\n<meta property=\"og:locale\" content=\"es_ES\" \/>\n<meta property=\"og:type\" content=\"article\" \/>\n<meta property=\"og:title\" content=\"WEBINAR: Procesado por Altas Presiones (HPP), el mejor aliado en seguridad alimentaria - Hiperbaric\" \/>\n<meta property=\"og:description\" content=\"La seguridad alimentaria se est\u00e1 convirtiendo en un reto cada vez mayor entre consumidores, productores, marcas y distribuidores de la cadena alimentaria. Para la eliminaci\u00f3n microorganismos pat\u00f3genos (bacterias, virus\u2026) transmitidos a trav\u00e9s de los alimentos, el procesado por altas presiones (HPP) se presenta como una de las tecnolog\u00edas m\u00e1s efectivas y eficaces del mercado. Adem\u00e1s,...\" \/>\n<meta property=\"og:url\" content=\"https:\/\/www.hiperbaric.com\/es\/tecnologia-hpp\/recursos-hpp\/webinars\/el-procesado-por-altas-presiones-hpp-el-mejor-aliado-en-seguridad-alimentaria\/\" \/>\n<meta property=\"og:site_name\" content=\"Hiperbaric\" \/>\n<meta property=\"article:modified_time\" content=\"2020-11-10T12:37:24+00:00\" \/>\n<meta property=\"og:image\" content=\"https:\/\/www.hiperbaric.com\/wp-content\/uploads\/2020\/08\/carol.png\" \/>\n<meta name=\"twitter:card\" content=\"summary_large_image\" \/>\n<meta name=\"twitter:label1\" content=\"Tiempo de lectura\" \/>\n\t<meta name=\"twitter:data1\" content=\"1 minuto\" \/>\n<script type=\"application\/ld+json\" class=\"yoast-schema-graph\">{\"@context\":\"https:\/\/schema.org\",\"@graph\":[{\"@type\":\"WebPage\",\"@id\":\"https:\/\/www.hiperbaric.com\/es\/tecnologia-hpp\/recursos-hpp\/webinars\/el-procesado-por-altas-presiones-hpp-el-mejor-aliado-en-seguridad-alimentaria\/\",\"url\":\"https:\/\/www.hiperbaric.com\/es\/tecnologia-hpp\/recursos-hpp\/webinars\/el-procesado-por-altas-presiones-hpp-el-mejor-aliado-en-seguridad-alimentaria\/\",\"name\":\"WEBINAR: Procesado por Altas Presiones (HPP), el mejor aliado en seguridad alimentaria - Hiperbaric\",\"isPartOf\":{\"@id\":\"https:\/\/www.hiperbaric.com\/en\/#website\"},\"primaryImageOfPage\":{\"@id\":\"https:\/\/www.hiperbaric.com\/es\/tecnologia-hpp\/recursos-hpp\/webinars\/el-procesado-por-altas-presiones-hpp-el-mejor-aliado-en-seguridad-alimentaria\/#primaryimage\"},\"image\":{\"@id\":\"https:\/\/www.hiperbaric.com\/es\/tecnologia-hpp\/recursos-hpp\/webinars\/el-procesado-por-altas-presiones-hpp-el-mejor-aliado-en-seguridad-alimentaria\/#primaryimage\"},\"thumbnailUrl\":\"https:\/\/www.hiperbaric.com\/wp-content\/uploads\/2020\/08\/carol.png\",\"datePublished\":\"2020-08-04T12:19:26+00:00\",\"dateModified\":\"2020-11-10T12:37:24+00:00\",\"breadcrumb\":{\"@id\":\"https:\/\/www.hiperbaric.com\/es\/tecnologia-hpp\/recursos-hpp\/webinars\/el-procesado-por-altas-presiones-hpp-el-mejor-aliado-en-seguridad-alimentaria\/#breadcrumb\"},\"inLanguage\":\"es\",\"potentialAction\":[{\"@type\":\"ReadAction\",\"target\":[\"https:\/\/www.hiperbaric.com\/es\/tecnologia-hpp\/recursos-hpp\/webinars\/el-procesado-por-altas-presiones-hpp-el-mejor-aliado-en-seguridad-alimentaria\/\"]}]},{\"@type\":\"ImageObject\",\"inLanguage\":\"es\",\"@id\":\"https:\/\/www.hiperbaric.com\/es\/tecnologia-hpp\/recursos-hpp\/webinars\/el-procesado-por-altas-presiones-hpp-el-mejor-aliado-en-seguridad-alimentaria\/#primaryimage\",\"url\":\"https:\/\/www.hiperbaric.com\/wp-content\/uploads\/2020\/08\/carol.png\",\"contentUrl\":\"https:\/\/www.hiperbaric.com\/wp-content\/uploads\/2020\/08\/carol.png\"},{\"@type\":\"BreadcrumbList\",\"@id\":\"https:\/\/www.hiperbaric.com\/es\/tecnologia-hpp\/recursos-hpp\/webinars\/el-procesado-por-altas-presiones-hpp-el-mejor-aliado-en-seguridad-alimentaria\/#breadcrumb\",\"itemListElement\":[{\"@type\":\"ListItem\",\"position\":1,\"name\":\"Home\",\"item\":\"https:\/\/www.hiperbaric.com\/es\/\"},{\"@type\":\"ListItem\",\"position\":2,\"name\":\"Tecnolog\u00eda HPP\",\"item\":\"https:\/\/www.hiperbaric.com\/es\/tecnologia-hpp\/\"},{\"@type\":\"ListItem\",\"position\":3,\"name\":\"Recursos Tecnolog\u00eda HPP\",\"item\":\"https:\/\/www.hiperbaric.com\/es\/tecnologia-hpp\/recursos-hpp\/\"},{\"@type\":\"ListItem\",\"position\":4,\"name\":\"Webinars\",\"item\":\"https:\/\/www.hiperbaric.com\/es\/tecnologia-hpp\/recursos-hpp\/webinars\/\"},{\"@type\":\"ListItem\",\"position\":5,\"name\":\"WEBINAR: Procesado por Altas Presiones (HPP), el mejor aliado en seguridad alimentaria\"}]},{\"@type\":\"WebSite\",\"@id\":\"https:\/\/www.hiperbaric.com\/en\/#website\",\"url\":\"https:\/\/www.hiperbaric.com\/en\/\",\"name\":\"Hiperbaric\",\"description\":\"Procesado para la conservaci\u00f3n de alimentos\",\"publisher\":{\"@id\":\"https:\/\/www.hiperbaric.com\/en\/#organization\"},\"potentialAction\":[{\"@type\":\"SearchAction\",\"target\":{\"@type\":\"EntryPoint\",\"urlTemplate\":\"https:\/\/www.hiperbaric.com\/en\/?s={search_term_string}\"},\"query-input\":\"required name=search_term_string\"}],\"inLanguage\":\"es\"},{\"@type\":\"Organization\",\"@id\":\"https:\/\/www.hiperbaric.com\/en\/#organization\",\"name\":\"Hiperbaric\",\"url\":\"https:\/\/www.hiperbaric.com\/en\/\",\"logo\":{\"@type\":\"ImageObject\",\"inLanguage\":\"es\",\"@id\":\"https:\/\/www.hiperbaric.com\/en\/#\/schema\/logo\/image\/\",\"url\":\"https:\/\/www.hiperbaric.com\/wp-content\/uploads\/2026\/01\/cropped-hiperbaric-logotipo-1-2.png\",\"contentUrl\":\"https:\/\/www.hiperbaric.com\/wp-content\/uploads\/2026\/01\/cropped-hiperbaric-logotipo-1-2.png\",\"width\":340,\"height\":72,\"caption\":\"Hiperbaric\"},\"image\":{\"@id\":\"https:\/\/www.hiperbaric.com\/en\/#\/schema\/logo\/image\/\"}}]}<\/script>\n<!-- \/ Yoast SEO plugin. -->","yoast_head_json":{"title":"WEBINAR: Procesado por Altas Presiones (HPP), el mejor aliado en seguridad alimentaria - Hiperbaric","robots":{"index":"index","follow":"follow","max-snippet":"max-snippet:-1","max-image-preview":"max-image-preview:large","max-video-preview":"max-video-preview:-1"},"canonical":"https:\/\/www.hiperbaric.com\/es\/tecnologia-hpp\/recursos-hpp\/webinars\/el-procesado-por-altas-presiones-hpp-el-mejor-aliado-en-seguridad-alimentaria\/","og_locale":"es_ES","og_type":"article","og_title":"WEBINAR: Procesado por Altas Presiones (HPP), el mejor aliado en seguridad alimentaria - Hiperbaric","og_description":"La seguridad alimentaria se est\u00e1 convirtiendo en un reto cada vez mayor entre consumidores, productores, marcas y distribuidores de la cadena alimentaria. Para la eliminaci\u00f3n microorganismos pat\u00f3genos (bacterias, virus\u2026) transmitidos a trav\u00e9s de los alimentos, el procesado por altas presiones (HPP) se presenta como una de las tecnolog\u00edas m\u00e1s efectivas y eficaces del mercado. Adem\u00e1s,...","og_url":"https:\/\/www.hiperbaric.com\/es\/tecnologia-hpp\/recursos-hpp\/webinars\/el-procesado-por-altas-presiones-hpp-el-mejor-aliado-en-seguridad-alimentaria\/","og_site_name":"Hiperbaric","article_modified_time":"2020-11-10T12:37:24+00:00","og_image":[{"url":"https:\/\/www.hiperbaric.com\/wp-content\/uploads\/2020\/08\/carol.png"}],"twitter_card":"summary_large_image","twitter_misc":{"Tiempo de lectura":"1 minuto"},"schema":{"@context":"https:\/\/schema.org","@graph":[{"@type":"WebPage","@id":"https:\/\/www.hiperbaric.com\/es\/tecnologia-hpp\/recursos-hpp\/webinars\/el-procesado-por-altas-presiones-hpp-el-mejor-aliado-en-seguridad-alimentaria\/","url":"https:\/\/www.hiperbaric.com\/es\/tecnologia-hpp\/recursos-hpp\/webinars\/el-procesado-por-altas-presiones-hpp-el-mejor-aliado-en-seguridad-alimentaria\/","name":"WEBINAR: Procesado por Altas Presiones (HPP), el mejor aliado en seguridad alimentaria - Hiperbaric","isPartOf":{"@id":"https:\/\/www.hiperbaric.com\/en\/#website"},"primaryImageOfPage":{"@id":"https:\/\/www.hiperbaric.com\/es\/tecnologia-hpp\/recursos-hpp\/webinars\/el-procesado-por-altas-presiones-hpp-el-mejor-aliado-en-seguridad-alimentaria\/#primaryimage"},"image":{"@id":"https:\/\/www.hiperbaric.com\/es\/tecnologia-hpp\/recursos-hpp\/webinars\/el-procesado-por-altas-presiones-hpp-el-mejor-aliado-en-seguridad-alimentaria\/#primaryimage"},"thumbnailUrl":"https:\/\/www.hiperbaric.com\/wp-content\/uploads\/2020\/08\/carol.png","datePublished":"2020-08-04T12:19:26+00:00","dateModified":"2020-11-10T12:37:24+00:00","breadcrumb":{"@id":"https:\/\/www.hiperbaric.com\/es\/tecnologia-hpp\/recursos-hpp\/webinars\/el-procesado-por-altas-presiones-hpp-el-mejor-aliado-en-seguridad-alimentaria\/#breadcrumb"},"inLanguage":"es","potentialAction":[{"@type":"ReadAction","target":["https:\/\/www.hiperbaric.com\/es\/tecnologia-hpp\/recursos-hpp\/webinars\/el-procesado-por-altas-presiones-hpp-el-mejor-aliado-en-seguridad-alimentaria\/"]}]},{"@type":"ImageObject","inLanguage":"es","@id":"https:\/\/www.hiperbaric.com\/es\/tecnologia-hpp\/recursos-hpp\/webinars\/el-procesado-por-altas-presiones-hpp-el-mejor-aliado-en-seguridad-alimentaria\/#primaryimage","url":"https:\/\/www.hiperbaric.com\/wp-content\/uploads\/2020\/08\/carol.png","contentUrl":"https:\/\/www.hiperbaric.com\/wp-content\/uploads\/2020\/08\/carol.png"},{"@type":"BreadcrumbList","@id":"https:\/\/www.hiperbaric.com\/es\/tecnologia-hpp\/recursos-hpp\/webinars\/el-procesado-por-altas-presiones-hpp-el-mejor-aliado-en-seguridad-alimentaria\/#breadcrumb","itemListElement":[{"@type":"ListItem","position":1,"name":"Home","item":"https:\/\/www.hiperbaric.com\/es\/"},{"@type":"ListItem","position":2,"name":"Tecnolog\u00eda HPP","item":"https:\/\/www.hiperbaric.com\/es\/tecnologia-hpp\/"},{"@type":"ListItem","position":3,"name":"Recursos Tecnolog\u00eda HPP","item":"https:\/\/www.hiperbaric.com\/es\/tecnologia-hpp\/recursos-hpp\/"},{"@type":"ListItem","position":4,"name":"Webinars","item":"https:\/\/www.hiperbaric.com\/es\/tecnologia-hpp\/recursos-hpp\/webinars\/"},{"@type":"ListItem","position":5,"name":"WEBINAR: Procesado por Altas Presiones (HPP), el mejor aliado en seguridad alimentaria"}]},{"@type":"WebSite","@id":"https:\/\/www.hiperbaric.com\/en\/#website","url":"https:\/\/www.hiperbaric.com\/en\/","name":"Hiperbaric","description":"Procesado para la conservaci\u00f3n de alimentos","publisher":{"@id":"https:\/\/www.hiperbaric.com\/en\/#organization"},"potentialAction":[{"@type":"SearchAction","target":{"@type":"EntryPoint","urlTemplate":"https:\/\/www.hiperbaric.com\/en\/?s={search_term_string}"},"query-input":"required name=search_term_string"}],"inLanguage":"es"},{"@type":"Organization","@id":"https:\/\/www.hiperbaric.com\/en\/#organization","name":"Hiperbaric","url":"https:\/\/www.hiperbaric.com\/en\/","logo":{"@type":"ImageObject","inLanguage":"es","@id":"https:\/\/www.hiperbaric.com\/en\/#\/schema\/logo\/image\/","url":"https:\/\/www.hiperbaric.com\/wp-content\/uploads\/2026\/01\/cropped-hiperbaric-logotipo-1-2.png","contentUrl":"https:\/\/www.hiperbaric.com\/wp-content\/uploads\/2026\/01\/cropped-hiperbaric-logotipo-1-2.png","width":340,"height":72,"caption":"Hiperbaric"},"image":{"@id":"https:\/\/www.hiperbaric.com\/en\/#\/schema\/logo\/image\/"}}]}},"_links":{"self":[{"href":"https:\/\/www.hiperbaric.com\/es\/wp-json\/wp\/v2\/pages\/22776"}],"collection":[{"href":"https:\/\/www.hiperbaric.com\/es\/wp-json\/wp\/v2\/pages"}],"about":[{"href":"https:\/\/www.hiperbaric.com\/es\/wp-json\/wp\/v2\/types\/page"}],"author":[{"embeddable":true,"href":"https:\/\/www.hiperbaric.com\/es\/wp-json\/wp\/v2\/users\/1"}],"replies":[{"embeddable":true,"href":"https:\/\/www.hiperbaric.com\/es\/wp-json\/wp\/v2\/comments?post=22776"}],"version-history":[{"count":0,"href":"https:\/\/www.hiperbaric.com\/es\/wp-json\/wp\/v2\/pages\/22776\/revisions"}],"up":[{"embeddable":true,"href":"https:\/\/www.hiperbaric.com\/es\/wp-json\/wp\/v2\/pages\/20866"}],"wp:attachment":[{"href":"https:\/\/www.hiperbaric.com\/es\/wp-json\/wp\/v2\/media?parent=22776"}],"curies":[{"name":"wp","href":"https:\/\/api.w.org\/{rel}","templated":true}]}}