{"id":22708,"date":"2020-08-03T13:49:07","date_gmt":"2020-08-03T11:49:07","guid":{"rendered":"https:\/\/www.hiperbaric.com\/?page_id=22708"},"modified":"2020-08-31T17:58:02","modified_gmt":"2020-08-31T15:58:02","slug":"videos","status":"publish","type":"page","link":"https:\/\/www.hiperbaric.com\/es\/tecnologia-hip\/recursos-hip\/videos\/","title":{"rendered":"V\u00eddeos"},"content":{"rendered":"\r\n<ul class=\"nav nav-pills media\">\n    <li><a class=\"active\" id=\"activartodos\" data-toggle=\"pill\" href=\"#todos\">Todo<\/a><\/li><li><a id=\"normaltab\" class=\"normaltab\" data-toggle=\"pill\" href=\"#corporativo-2\">Corporativo<\/a><\/li><li><a id=\"normaltab\" class=\"normaltab\" data-toggle=\"pill\" href=\"#tecnologia-hip\">Tecnolog\u00eda HIP y Servicios de Hiperbaric<\/a><\/li><\/ul><div class=\"tab-content\"><div id=\"corporativo-2\" class=\"tab-pane fade active show\"><div class=\"media__title\"><h2>Corporativo<\/h2><\/div><div class=\"media__description\"><p>Descubre qui\u00e9nes somos y c\u00f3mo nos hemos convertido en l\u00edderes de la tecnolog\u00eda de altas presiones en nuestros 20 a\u00f1os de historia.<\/p><\/div><div class = \"section__tabs\" id=\"videos\"> <div class=\"row\"><div class=\"col-xl-4 section__tabs-square\"><div class=\"img-shine__container\"><img src=\"\/wp-content\/uploads\/2023\/02\/play-video.svg\" class=\"play\" width=\"60\" height=\"60\"\/><a rel=\"wp-video-lightbox\" href=\"https:\/\/www.youtube.com\/watch?v=l_iNV5Ptreo&list=PLz-HeIvoO8yDQG4K5YzNnilroahN0Ilc0&index=2\"><div class=\"vamtam-responsive-wrapper\"><img width=\"1920\" height=\"1080\" src=\"https:\/\/www.hiperbaric.com\/wp-content\/uploads\/2020\/07\/miniatura-Coporativo-ESP.jpg\" class=\"attachment-post-thumbnail size-post-thumbnail wp-post-image\" alt=\"\" decoding=\"async\" srcset=\"data:image\/svg+xml;utf8,&lt;svg%20xmlns=&quot;http:\/\/www.w3.org\/2000\/svg&quot;%20viewBox=&quot;0%200%201920%201080&quot;%20height=&quot;1080px&quot;%20width=&quot;1920px&quot;\/&gt;\" data-srcset=\"https:\/\/www.hiperbaric.com\/wp-content\/uploads\/2020\/07\/miniatura-Coporativo-ESP.jpg 1920w, https:\/\/www.hiperbaric.com\/wp-content\/uploads\/2020\/07\/miniatura-Coporativo-ESP-300x169.jpg 300w, https:\/\/www.hiperbaric.com\/wp-content\/uploads\/2020\/07\/miniatura-Coporativo-ESP-1024x576.jpg 1024w, https:\/\/www.hiperbaric.com\/wp-content\/uploads\/2020\/07\/miniatura-Coporativo-ESP-768x432.jpg 768w, https:\/\/www.hiperbaric.com\/wp-content\/uploads\/2020\/07\/miniatura-Coporativo-ESP-1536x864.jpg 1536w, https:\/\/www.hiperbaric.com\/wp-content\/uploads\/2020\/07\/miniatura-Coporativo-ESP-1260x709.jpg 1260w, https:\/\/www.hiperbaric.com\/wp-content\/uploads\/2020\/07\/miniatura-Coporativo-ESP-630x354.jpg 630w, https:\/\/www.hiperbaric.com\/wp-content\/uploads\/2020\/07\/miniatura-Coporativo-ESP-420x236.jpg 420w, https:\/\/www.hiperbaric.com\/wp-content\/uploads\/2020\/07\/miniatura-Coporativo-ESP-840x473.jpg 840w, https:\/\/www.hiperbaric.com\/wp-content\/uploads\/2020\/07\/miniatura-Coporativo-ESP-315x177.jpg 315w\" sizes=\"(max-width: 1920px) 100vw, 1920px\" \/><\/div><span class=\"img-shine\"><\/span><\/a><\/div>\n                    <a rel=\"wp-video-lightbox\" class=\"section__tabs-title\" href=\"https:\/\/www.youtube.com\/watch?v=l_iNV5Ptreo&list=PLz-HeIvoO8yDQG4K5YzNnilroahN0Ilc0&index=2\">Hiperbaric, l\u00edder mundial en HPP<\/a><p class=\"section__tabs-description\"><p>20 a\u00f1os como l\u00edderes mundiales en el dise\u00f1o, desarrollo, producci\u00f3n y comercializaci\u00f3n de equipos de procesado por altas presiones (HPP) para la industria alimentaria.<\/p>\n<\/p><\/div><div class=\"col-xl-4 section__tabs-square\"><div class=\"img-shine__container\"><img src=\"\/wp-content\/uploads\/2023\/02\/play-video.svg\" class=\"play\" width=\"60\" height=\"60\"\/><a rel=\"wp-video-lightbox\" href=\"https:\/\/www.youtube.com\/watch?v=sWG3e8VZtM4&list=PLz-HeIvoO8yDQG4K5YzNnilroahN0Ilc0&index=3\"><div class=\"vamtam-responsive-wrapper\"><img width=\"1920\" height=\"1080\" src=\"https:\/\/www.hiperbaric.com\/wp-content\/uploads\/2020\/07\/miniatura-XXANIV.jpg\" class=\"attachment-post-thumbnail size-post-thumbnail wp-post-image\" alt=\"\" decoding=\"async\" srcset=\"data:image\/svg+xml;utf8,&lt;svg%20xmlns=&quot;http:\/\/www.w3.org\/2000\/svg&quot;%20viewBox=&quot;0%200%201920%201080&quot;%20height=&quot;1080px&quot;%20width=&quot;1920px&quot;\/&gt;\" data-srcset=\"https:\/\/www.hiperbaric.com\/wp-content\/uploads\/2020\/07\/miniatura-XXANIV.jpg 1920w, https:\/\/www.hiperbaric.com\/wp-content\/uploads\/2020\/07\/miniatura-XXANIV-300x169.jpg 300w, https:\/\/www.hiperbaric.com\/wp-content\/uploads\/2020\/07\/miniatura-XXANIV-1024x576.jpg 1024w, https:\/\/www.hiperbaric.com\/wp-content\/uploads\/2020\/07\/miniatura-XXANIV-768x432.jpg 768w, https:\/\/www.hiperbaric.com\/wp-content\/uploads\/2020\/07\/miniatura-XXANIV-1536x864.jpg 1536w, https:\/\/www.hiperbaric.com\/wp-content\/uploads\/2020\/07\/miniatura-XXANIV-1260x709.jpg 1260w, https:\/\/www.hiperbaric.com\/wp-content\/uploads\/2020\/07\/miniatura-XXANIV-630x354.jpg 630w, https:\/\/www.hiperbaric.com\/wp-content\/uploads\/2020\/07\/miniatura-XXANIV-420x236.jpg 420w, https:\/\/www.hiperbaric.com\/wp-content\/uploads\/2020\/07\/miniatura-XXANIV-840x473.jpg 840w, https:\/\/www.hiperbaric.com\/wp-content\/uploads\/2020\/07\/miniatura-XXANIV-315x177.jpg 315w\" sizes=\"(max-width: 1920px) 100vw, 1920px\" \/><\/div><span class=\"img-shine\"><\/span><\/a><\/div>\n                    <a rel=\"wp-video-lightbox\" class=\"section__tabs-title\" href=\"https:\/\/www.youtube.com\/watch?v=sWG3e8VZtM4&list=PLz-HeIvoO8yDQG4K5YzNnilroahN0Ilc0&index=3\">Evento 20 aniversario de Hiperbaric<\/a><p class=\"section__tabs-description\">El 6 de Noviembre de 2019 celebramos el XX aniversario de Hiperbaric. Un evento multitudinario con asistentes de m\u00e1s de 15 nacionalidades.<\/p><\/div><\/div><\/div><\/div><div id=\"tecnologia-hip\" class=\"tab-pane fade active show\"><div class=\"media__title\"><h2>Tecnolog\u00eda HIP y Servicios de Hiperbaric<\/h2><\/div><div class=\"media__description\"><p>V\u00eddeos sobre tecnolog\u00eda HIP y caracter\u00edsticas de los equipos.<\/p><\/div><div class = \"section__tabs\" id=\"videos\"> <div class=\"row\"><div class=\"col-xl-4 section__tabs-square\"><div class=\"img-shine__container\"><img src=\"\/wp-content\/uploads\/2023\/02\/play-video.svg\" class=\"play\" width=\"60\" height=\"60\"\/><a rel=\"wp-video-lightbox\" href=\"https:\/\/www.youtube.com\/watch?v=IxG9Y8_grCc\"><div class=\"vamtam-responsive-wrapper\"><img width=\"1920\" height=\"1080\" src=\"https:\/\/www.hiperbaric.com\/wp-content\/uploads\/2021\/04\/Centro-Innovacion-HIP-Hiperbaric.jpg\" class=\"attachment-post-thumbnail size-post-thumbnail wp-post-image\" alt=\"\" decoding=\"async\" srcset=\"data:image\/svg+xml;utf8,&lt;svg%20xmlns=&quot;http:\/\/www.w3.org\/2000\/svg&quot;%20viewBox=&quot;0%200%201920%201080&quot;%20height=&quot;1080px&quot;%20width=&quot;1920px&quot;\/&gt;\" data-srcset=\"https:\/\/www.hiperbaric.com\/wp-content\/uploads\/2021\/04\/Centro-Innovacion-HIP-Hiperbaric.jpg 1920w, https:\/\/www.hiperbaric.com\/wp-content\/uploads\/2021\/04\/Centro-Innovacion-HIP-Hiperbaric-300x169.jpg 300w, https:\/\/www.hiperbaric.com\/wp-content\/uploads\/2021\/04\/Centro-Innovacion-HIP-Hiperbaric-1024x576.jpg 1024w, https:\/\/www.hiperbaric.com\/wp-content\/uploads\/2021\/04\/Centro-Innovacion-HIP-Hiperbaric-768x432.jpg 768w, https:\/\/www.hiperbaric.com\/wp-content\/uploads\/2021\/04\/Centro-Innovacion-HIP-Hiperbaric-1536x864.jpg 1536w, https:\/\/www.hiperbaric.com\/wp-content\/uploads\/2021\/04\/Centro-Innovacion-HIP-Hiperbaric-1260x709.jpg 1260w, https:\/\/www.hiperbaric.com\/wp-content\/uploads\/2021\/04\/Centro-Innovacion-HIP-Hiperbaric-630x354.jpg 630w, https:\/\/www.hiperbaric.com\/wp-content\/uploads\/2021\/04\/Centro-Innovacion-HIP-Hiperbaric-420x236.jpg 420w, https:\/\/www.hiperbaric.com\/wp-content\/uploads\/2021\/04\/Centro-Innovacion-HIP-Hiperbaric-840x473.jpg 840w, https:\/\/www.hiperbaric.com\/wp-content\/uploads\/2021\/04\/Centro-Innovacion-HIP-Hiperbaric-315x177.jpg 315w\" sizes=\"(max-width: 1920px) 100vw, 1920px\" \/><\/div><span class=\"img-shine\"><\/span><\/a><\/div>\n                    <a rel=\"wp-video-lightbox\" class=\"section__tabs-title\" href=\"https:\/\/www.youtube.com\/watch?v=IxG9Y8_grCc\">Centro de Innovaci\u00f3n HIP<\/a><p class=\"section__tabs-description\">Descubre nuestras instalaciones y equipo HIP para la realizaci\u00f3n de pruebas y el desarrollo de componentes, siempre con el asesoramiento de nuestros especialistas. En el Centro de Innovaci\u00f3n HIP nuestros expertos definen los par\u00e1metros de presi\u00f3n, tiempo y temperatura \u00f3ptimos para tu proceso. \u00a1Vis\u00edtanos!<\/p><\/div><\/div><\/div><\/div><\/div>\r\n","protected":false},"excerpt":{"rendered":"","protected":false},"author":1,"featured_media":0,"parent":22646,"menu_order":0,"comment_status":"closed","ping_status":"closed","template":"","meta":{"om_disable_all_campaigns":false,"inline_featured_image":false,"_monsterinsights_skip_tracking":false,"_monsterinsights_sitenote_active":false,"_monsterinsights_sitenote_note":"","_monsterinsights_sitenote_category":0,"footnotes":"","_wp_rev_ctl_limit":""},"acf":[],"yoast_head":"<!-- This site is optimized with the Yoast SEO plugin v22.4 - https:\/\/yoast.com\/wordpress\/plugins\/seo\/ -->\n<title>V\u00eddeos - Hiperbaric<\/title>\n<meta name=\"robots\" content=\"index, follow, max-snippet:-1, max-image-preview:large, max-video-preview:-1\" \/>\n<link rel=\"canonical\" href=\"https:\/\/www.hiperbaric.com\/es\/tecnologia-hip\/recursos-hip\/videos\/\" \/>\n<meta property=\"og:locale\" content=\"es_ES\" \/>\n<meta property=\"og:type\" content=\"article\" \/>\n<meta property=\"og:title\" content=\"V\u00eddeos - Hiperbaric\" \/>\n<meta property=\"og:url\" content=\"https:\/\/www.hiperbaric.com\/es\/tecnologia-hip\/recursos-hip\/videos\/\" \/>\n<meta property=\"og:site_name\" content=\"Hiperbaric\" \/>\n<meta property=\"article:modified_time\" content=\"2020-08-31T15:58:02+00:00\" \/>\n<meta name=\"twitter:card\" content=\"summary_large_image\" \/>\n<script type=\"application\/ld+json\" class=\"yoast-schema-graph\">{\"@context\":\"https:\/\/schema.org\",\"@graph\":[{\"@type\":\"WebPage\",\"@id\":\"https:\/\/www.hiperbaric.com\/es\/tecnologia-hip\/recursos-hip\/videos\/\",\"url\":\"https:\/\/www.hiperbaric.com\/es\/tecnologia-hip\/recursos-hip\/videos\/\",\"name\":\"V\u00eddeos - Hiperbaric\",\"isPartOf\":{\"@id\":\"https:\/\/www.hiperbaric.com\/en\/#website\"},\"datePublished\":\"2020-08-03T11:49:07+00:00\",\"dateModified\":\"2020-08-31T15:58:02+00:00\",\"breadcrumb\":{\"@id\":\"https:\/\/www.hiperbaric.com\/es\/tecnologia-hip\/recursos-hip\/videos\/#breadcrumb\"},\"inLanguage\":\"es\",\"potentialAction\":[{\"@type\":\"ReadAction\",\"target\":[\"https:\/\/www.hiperbaric.com\/es\/tecnologia-hip\/recursos-hip\/videos\/\"]}]},{\"@type\":\"BreadcrumbList\",\"@id\":\"https:\/\/www.hiperbaric.com\/es\/tecnologia-hip\/recursos-hip\/videos\/#breadcrumb\",\"itemListElement\":[{\"@type\":\"ListItem\",\"position\":1,\"name\":\"Home\",\"item\":\"https:\/\/www.hiperbaric.com\/es\/\"},{\"@type\":\"ListItem\",\"position\":2,\"name\":\"Tecnolog\u00eda HIP\",\"item\":\"https:\/\/www.hiperbaric.com\/es\/tecnologia-hip\/\"},{\"@type\":\"ListItem\",\"position\":3,\"name\":\"Recursos Tecnolog\u00eda HIP\",\"item\":\"https:\/\/www.hiperbaric.com\/es\/tecnologia-hip\/recursos-hip\/\"},{\"@type\":\"ListItem\",\"position\":4,\"name\":\"V\u00eddeos\"}]},{\"@type\":\"WebSite\",\"@id\":\"https:\/\/www.hiperbaric.com\/en\/#website\",\"url\":\"https:\/\/www.hiperbaric.com\/en\/\",\"name\":\"Hiperbaric\",\"description\":\"Procesado para la conservaci\u00f3n de alimentos\",\"publisher\":{\"@id\":\"https:\/\/www.hiperbaric.com\/en\/#organization\"},\"potentialAction\":[{\"@type\":\"SearchAction\",\"target\":{\"@type\":\"EntryPoint\",\"urlTemplate\":\"https:\/\/www.hiperbaric.com\/en\/?s={search_term_string}\"},\"query-input\":\"required name=search_term_string\"}],\"inLanguage\":\"es\"},{\"@type\":\"Organization\",\"@id\":\"https:\/\/www.hiperbaric.com\/en\/#organization\",\"name\":\"Hiperbaric\",\"url\":\"https:\/\/www.hiperbaric.com\/en\/\",\"logo\":{\"@type\":\"ImageObject\",\"inLanguage\":\"es\",\"@id\":\"https:\/\/www.hiperbaric.com\/en\/#\/schema\/logo\/image\/\",\"url\":\"https:\/\/www.hiperbaric.com\/wp-content\/uploads\/2026\/01\/cropped-hiperbaric-logotipo-1-2.png\",\"contentUrl\":\"https:\/\/www.hiperbaric.com\/wp-content\/uploads\/2026\/01\/cropped-hiperbaric-logotipo-1-2.png\",\"width\":340,\"height\":72,\"caption\":\"Hiperbaric\"},\"image\":{\"@id\":\"https:\/\/www.hiperbaric.com\/en\/#\/schema\/logo\/image\/\"}}]}<\/script>\n<!-- \/ Yoast SEO plugin. -->","yoast_head_json":{"title":"V\u00eddeos - Hiperbaric","robots":{"index":"index","follow":"follow","max-snippet":"max-snippet:-1","max-image-preview":"max-image-preview:large","max-video-preview":"max-video-preview:-1"},"canonical":"https:\/\/www.hiperbaric.com\/es\/tecnologia-hip\/recursos-hip\/videos\/","og_locale":"es_ES","og_type":"article","og_title":"V\u00eddeos - Hiperbaric","og_url":"https:\/\/www.hiperbaric.com\/es\/tecnologia-hip\/recursos-hip\/videos\/","og_site_name":"Hiperbaric","article_modified_time":"2020-08-31T15:58:02+00:00","twitter_card":"summary_large_image","schema":{"@context":"https:\/\/schema.org","@graph":[{"@type":"WebPage","@id":"https:\/\/www.hiperbaric.com\/es\/tecnologia-hip\/recursos-hip\/videos\/","url":"https:\/\/www.hiperbaric.com\/es\/tecnologia-hip\/recursos-hip\/videos\/","name":"V\u00eddeos - Hiperbaric","isPartOf":{"@id":"https:\/\/www.hiperbaric.com\/en\/#website"},"datePublished":"2020-08-03T11:49:07+00:00","dateModified":"2020-08-31T15:58:02+00:00","breadcrumb":{"@id":"https:\/\/www.hiperbaric.com\/es\/tecnologia-hip\/recursos-hip\/videos\/#breadcrumb"},"inLanguage":"es","potentialAction":[{"@type":"ReadAction","target":["https:\/\/www.hiperbaric.com\/es\/tecnologia-hip\/recursos-hip\/videos\/"]}]},{"@type":"BreadcrumbList","@id":"https:\/\/www.hiperbaric.com\/es\/tecnologia-hip\/recursos-hip\/videos\/#breadcrumb","itemListElement":[{"@type":"ListItem","position":1,"name":"Home","item":"https:\/\/www.hiperbaric.com\/es\/"},{"@type":"ListItem","position":2,"name":"Tecnolog\u00eda HIP","item":"https:\/\/www.hiperbaric.com\/es\/tecnologia-hip\/"},{"@type":"ListItem","position":3,"name":"Recursos Tecnolog\u00eda HIP","item":"https:\/\/www.hiperbaric.com\/es\/tecnologia-hip\/recursos-hip\/"},{"@type":"ListItem","position":4,"name":"V\u00eddeos"}]},{"@type":"WebSite","@id":"https:\/\/www.hiperbaric.com\/en\/#website","url":"https:\/\/www.hiperbaric.com\/en\/","name":"Hiperbaric","description":"Procesado para la conservaci\u00f3n de alimentos","publisher":{"@id":"https:\/\/www.hiperbaric.com\/en\/#organization"},"potentialAction":[{"@type":"SearchAction","target":{"@type":"EntryPoint","urlTemplate":"https:\/\/www.hiperbaric.com\/en\/?s={search_term_string}"},"query-input":"required name=search_term_string"}],"inLanguage":"es"},{"@type":"Organization","@id":"https:\/\/www.hiperbaric.com\/en\/#organization","name":"Hiperbaric","url":"https:\/\/www.hiperbaric.com\/en\/","logo":{"@type":"ImageObject","inLanguage":"es","@id":"https:\/\/www.hiperbaric.com\/en\/#\/schema\/logo\/image\/","url":"https:\/\/www.hiperbaric.com\/wp-content\/uploads\/2026\/01\/cropped-hiperbaric-logotipo-1-2.png","contentUrl":"https:\/\/www.hiperbaric.com\/wp-content\/uploads\/2026\/01\/cropped-hiperbaric-logotipo-1-2.png","width":340,"height":72,"caption":"Hiperbaric"},"image":{"@id":"https:\/\/www.hiperbaric.com\/en\/#\/schema\/logo\/image\/"}}]}},"_links":{"self":[{"href":"https:\/\/www.hiperbaric.com\/es\/wp-json\/wp\/v2\/pages\/22708"}],"collection":[{"href":"https:\/\/www.hiperbaric.com\/es\/wp-json\/wp\/v2\/pages"}],"about":[{"href":"https:\/\/www.hiperbaric.com\/es\/wp-json\/wp\/v2\/types\/page"}],"author":[{"embeddable":true,"href":"https:\/\/www.hiperbaric.com\/es\/wp-json\/wp\/v2\/users\/1"}],"replies":[{"embeddable":true,"href":"https:\/\/www.hiperbaric.com\/es\/wp-json\/wp\/v2\/comments?post=22708"}],"version-history":[{"count":0,"href":"https:\/\/www.hiperbaric.com\/es\/wp-json\/wp\/v2\/pages\/22708\/revisions"}],"up":[{"embeddable":true,"href":"https:\/\/www.hiperbaric.com\/es\/wp-json\/wp\/v2\/pages\/22646"}],"wp:attachment":[{"href":"https:\/\/www.hiperbaric.com\/es\/wp-json\/wp\/v2\/media?parent=22708"}],"curies":[{"name":"wp","href":"https:\/\/api.w.org\/{rel}","templated":true}]}}