{"id":22699,"date":"2020-08-03T13:40:08","date_gmt":"2020-08-03T11:40:08","guid":{"rendered":"https:\/\/www.hiperbaric.com\/?page_id=22699"},"modified":"2026-03-04T16:06:34","modified_gmt":"2026-03-04T15:06:34","slug":"eventos","status":"publish","type":"page","link":"https:\/\/www.hiperbaric.com\/es\/tecnologia-hip\/recursos-hip\/eventos\/","title":{"rendered":"Eventos"},"content":{"rendered":"\r\n<p><div class = \"section__eventos\"> <div class=\"row\"><div class=\"col-md-6 section__eventos-square\"><div class=\"row\"><div class=\"col-8\"><div class=\"section__eventos-border\"><p class=\"section__eventos-date\">Septiembre 2026<\/p>\n                    <p class=\"section__eventos-title\">IMTS 2026<\/p><\/div>\n                    <div class=\"section__eventos-noborder\"><p class=\"section__eventos-description collapse\" id=\"eventCollapse-0\" aria-expanded=\"false\">La\u00a0International Manufacturing Technology Show (IMTS) es una plataforma l\u00edder en el mundo de la tecnolog\u00eda de fabricaci\u00f3n y se lleva a cabo cada dos a\u00f1os en el Centro de Convenciones McCormick Place en Chicago. Se presentan diversas \u00e1reas de la feria, como el procesamiento por abrasi\u00f3n, el corte, el acabado, as\u00ed como la fabricaci\u00f3n aditiva, la automatizaci\u00f3n y la tecnolog\u00eda l\u00e1ser. Para m\u00e1s informaci\u00f3n sobre el evento haga <a href=\"https:\/\/www.imts.com\/\">clic aqu\u00ed.<\/a><\/p>\n                    <a class=\"section__eventos-more\" role=\"button\" data-toggle=\"collapse\" href=\"#eventCollapse-0\" aria-expanded=\"false\" aria-controls=\"eventCollapse-0\">Leer m\u00e1s &gt;<\/a><\/div><\/div><div class=\"col-4 section__eventos-img\"><div class=\"vamtam-responsive-wrapper\"><img width=\"400\" height=\"250\" src=\"https:\/\/www.hiperbaric.com\/wp-content\/uploads\/2022\/12\/logos-ferias-apartado-web-9.jpg\" class=\"attachment-post-thumbnail size-post-thumbnail wp-post-image\" alt=\"\" decoding=\"async\" srcset=\"data:image\/svg+xml;utf8,&lt;svg%20xmlns=&quot;http:\/\/www.w3.org\/2000\/svg&quot;%20viewBox=&quot;0%200%20400%20250&quot;%20height=&quot;250px&quot;%20width=&quot;400px&quot;\/&gt;\" data-srcset=\"https:\/\/www.hiperbaric.com\/wp-content\/uploads\/2022\/12\/logos-ferias-apartado-web-9.jpg 400w, https:\/\/www.hiperbaric.com\/wp-content\/uploads\/2022\/12\/logos-ferias-apartado-web-9-300x188.jpg 300w, https:\/\/www.hiperbaric.com\/wp-content\/uploads\/2022\/12\/logos-ferias-apartado-web-9-315x197.jpg 315w\" sizes=\"(max-width: 400px) 100vw, 400px\" \/><\/div><\/div><\/div><\/div><\/div><\/div> PARA CONTACTAR CON EL DEPARTAMENTO DE COMUNICACI\u00d3N, PUEDE ESCRIBIRNOS A:<br \/><a href=\"mailto:marketing@hiperbaric.com\">marketing@hiperbaric.com<\/a><\/p>\r\n","protected":false},"excerpt":{"rendered":"<p>La\u00a0International Manufacturing Technology Show (IMTS) es una plataforma l\u00edder en el mundo de la tecnolog\u00eda de fabricaci\u00f3n y se lleva a cabo cada dos a\u00f1os en el Centro de Convenciones McCormick Place en Chicago. Se presentan diversas \u00e1reas de la feria, como el procesamiento por abrasi\u00f3n, el corte, el acabado, as\u00ed como la fabricaci\u00f3n aditiva,&#8230;<\/p>\n","protected":false},"author":1,"featured_media":0,"parent":22646,"menu_order":0,"comment_status":"closed","ping_status":"closed","template":"","meta":{"om_disable_all_campaigns":false,"inline_featured_image":false,"_monsterinsights_skip_tracking":false,"_monsterinsights_sitenote_active":false,"_monsterinsights_sitenote_note":"","_monsterinsights_sitenote_category":0,"footnotes":"","_wp_rev_ctl_limit":""},"acf":[],"yoast_head":"<!-- This site is optimized with the Yoast SEO plugin v22.4 - https:\/\/yoast.com\/wordpress\/plugins\/seo\/ -->\n<title>Eventos - Hiperbaric<\/title>\n<meta name=\"robots\" content=\"index, follow, max-snippet:-1, max-image-preview:large, max-video-preview:-1\" \/>\n<link rel=\"canonical\" href=\"https:\/\/www.hiperbaric.com\/es\/tecnologia-hip\/recursos-hip\/eventos\/\" \/>\n<meta property=\"og:locale\" content=\"es_ES\" \/>\n<meta property=\"og:type\" content=\"article\" \/>\n<meta property=\"og:title\" content=\"Eventos - Hiperbaric\" \/>\n<meta property=\"og:description\" content=\"PARA CONTACTAR CON EL DEPARTAMENTO DE COMUNICACI\u00d3N, PUEDE ESCRIBIRNOS A:marketing@hiperbaric.com\" \/>\n<meta property=\"og:url\" content=\"https:\/\/www.hiperbaric.com\/es\/tecnologia-hip\/recursos-hip\/eventos\/\" \/>\n<meta property=\"og:site_name\" content=\"Hiperbaric\" \/>\n<meta property=\"article:modified_time\" content=\"2026-03-04T15:06:34+00:00\" \/>\n<meta name=\"twitter:card\" content=\"summary_large_image\" \/>\n<meta name=\"twitter:label1\" content=\"Tiempo de lectura\" \/>\n\t<meta name=\"twitter:data1\" content=\"1 minuto\" \/>\n<script type=\"application\/ld+json\" class=\"yoast-schema-graph\">{\"@context\":\"https:\/\/schema.org\",\"@graph\":[{\"@type\":\"WebPage\",\"@id\":\"https:\/\/www.hiperbaric.com\/es\/tecnologia-hip\/recursos-hip\/eventos\/\",\"url\":\"https:\/\/www.hiperbaric.com\/es\/tecnologia-hip\/recursos-hip\/eventos\/\",\"name\":\"Eventos - Hiperbaric\",\"isPartOf\":{\"@id\":\"https:\/\/www.hiperbaric.com\/en\/#website\"},\"datePublished\":\"2020-08-03T11:40:08+00:00\",\"dateModified\":\"2026-03-04T15:06:34+00:00\",\"breadcrumb\":{\"@id\":\"https:\/\/www.hiperbaric.com\/es\/tecnologia-hip\/recursos-hip\/eventos\/#breadcrumb\"},\"inLanguage\":\"es\",\"potentialAction\":[{\"@type\":\"ReadAction\",\"target\":[\"https:\/\/www.hiperbaric.com\/es\/tecnologia-hip\/recursos-hip\/eventos\/\"]}]},{\"@type\":\"BreadcrumbList\",\"@id\":\"https:\/\/www.hiperbaric.com\/es\/tecnologia-hip\/recursos-hip\/eventos\/#breadcrumb\",\"itemListElement\":[{\"@type\":\"ListItem\",\"position\":1,\"name\":\"Home\",\"item\":\"https:\/\/www.hiperbaric.com\/es\/\"},{\"@type\":\"ListItem\",\"position\":2,\"name\":\"Tecnolog\u00eda HIP\",\"item\":\"https:\/\/www.hiperbaric.com\/es\/tecnologia-hip\/\"},{\"@type\":\"ListItem\",\"position\":3,\"name\":\"Recursos Tecnolog\u00eda HIP\",\"item\":\"https:\/\/www.hiperbaric.com\/es\/tecnologia-hip\/recursos-hip\/\"},{\"@type\":\"ListItem\",\"position\":4,\"name\":\"Eventos\"}]},{\"@type\":\"WebSite\",\"@id\":\"https:\/\/www.hiperbaric.com\/en\/#website\",\"url\":\"https:\/\/www.hiperbaric.com\/en\/\",\"name\":\"Hiperbaric\",\"description\":\"Procesado para la conservaci\u00f3n de alimentos\",\"publisher\":{\"@id\":\"https:\/\/www.hiperbaric.com\/en\/#organization\"},\"potentialAction\":[{\"@type\":\"SearchAction\",\"target\":{\"@type\":\"EntryPoint\",\"urlTemplate\":\"https:\/\/www.hiperbaric.com\/en\/?s={search_term_string}\"},\"query-input\":\"required name=search_term_string\"}],\"inLanguage\":\"es\"},{\"@type\":\"Organization\",\"@id\":\"https:\/\/www.hiperbaric.com\/en\/#organization\",\"name\":\"Hiperbaric\",\"url\":\"https:\/\/www.hiperbaric.com\/en\/\",\"logo\":{\"@type\":\"ImageObject\",\"inLanguage\":\"es\",\"@id\":\"https:\/\/www.hiperbaric.com\/en\/#\/schema\/logo\/image\/\",\"url\":\"https:\/\/www.hiperbaric.com\/wp-content\/uploads\/2026\/01\/cropped-hiperbaric-logotipo-1-2.png\",\"contentUrl\":\"https:\/\/www.hiperbaric.com\/wp-content\/uploads\/2026\/01\/cropped-hiperbaric-logotipo-1-2.png\",\"width\":340,\"height\":72,\"caption\":\"Hiperbaric\"},\"image\":{\"@id\":\"https:\/\/www.hiperbaric.com\/en\/#\/schema\/logo\/image\/\"}}]}<\/script>\n<!-- \/ Yoast SEO plugin. -->","yoast_head_json":{"title":"Eventos - Hiperbaric","robots":{"index":"index","follow":"follow","max-snippet":"max-snippet:-1","max-image-preview":"max-image-preview:large","max-video-preview":"max-video-preview:-1"},"canonical":"https:\/\/www.hiperbaric.com\/es\/tecnologia-hip\/recursos-hip\/eventos\/","og_locale":"es_ES","og_type":"article","og_title":"Eventos - Hiperbaric","og_description":"PARA CONTACTAR CON EL DEPARTAMENTO DE COMUNICACI\u00d3N, PUEDE ESCRIBIRNOS A:marketing@hiperbaric.com","og_url":"https:\/\/www.hiperbaric.com\/es\/tecnologia-hip\/recursos-hip\/eventos\/","og_site_name":"Hiperbaric","article_modified_time":"2026-03-04T15:06:34+00:00","twitter_card":"summary_large_image","twitter_misc":{"Tiempo de lectura":"1 minuto"},"schema":{"@context":"https:\/\/schema.org","@graph":[{"@type":"WebPage","@id":"https:\/\/www.hiperbaric.com\/es\/tecnologia-hip\/recursos-hip\/eventos\/","url":"https:\/\/www.hiperbaric.com\/es\/tecnologia-hip\/recursos-hip\/eventos\/","name":"Eventos - Hiperbaric","isPartOf":{"@id":"https:\/\/www.hiperbaric.com\/en\/#website"},"datePublished":"2020-08-03T11:40:08+00:00","dateModified":"2026-03-04T15:06:34+00:00","breadcrumb":{"@id":"https:\/\/www.hiperbaric.com\/es\/tecnologia-hip\/recursos-hip\/eventos\/#breadcrumb"},"inLanguage":"es","potentialAction":[{"@type":"ReadAction","target":["https:\/\/www.hiperbaric.com\/es\/tecnologia-hip\/recursos-hip\/eventos\/"]}]},{"@type":"BreadcrumbList","@id":"https:\/\/www.hiperbaric.com\/es\/tecnologia-hip\/recursos-hip\/eventos\/#breadcrumb","itemListElement":[{"@type":"ListItem","position":1,"name":"Home","item":"https:\/\/www.hiperbaric.com\/es\/"},{"@type":"ListItem","position":2,"name":"Tecnolog\u00eda HIP","item":"https:\/\/www.hiperbaric.com\/es\/tecnologia-hip\/"},{"@type":"ListItem","position":3,"name":"Recursos Tecnolog\u00eda HIP","item":"https:\/\/www.hiperbaric.com\/es\/tecnologia-hip\/recursos-hip\/"},{"@type":"ListItem","position":4,"name":"Eventos"}]},{"@type":"WebSite","@id":"https:\/\/www.hiperbaric.com\/en\/#website","url":"https:\/\/www.hiperbaric.com\/en\/","name":"Hiperbaric","description":"Procesado para la conservaci\u00f3n de alimentos","publisher":{"@id":"https:\/\/www.hiperbaric.com\/en\/#organization"},"potentialAction":[{"@type":"SearchAction","target":{"@type":"EntryPoint","urlTemplate":"https:\/\/www.hiperbaric.com\/en\/?s={search_term_string}"},"query-input":"required name=search_term_string"}],"inLanguage":"es"},{"@type":"Organization","@id":"https:\/\/www.hiperbaric.com\/en\/#organization","name":"Hiperbaric","url":"https:\/\/www.hiperbaric.com\/en\/","logo":{"@type":"ImageObject","inLanguage":"es","@id":"https:\/\/www.hiperbaric.com\/en\/#\/schema\/logo\/image\/","url":"https:\/\/www.hiperbaric.com\/wp-content\/uploads\/2026\/01\/cropped-hiperbaric-logotipo-1-2.png","contentUrl":"https:\/\/www.hiperbaric.com\/wp-content\/uploads\/2026\/01\/cropped-hiperbaric-logotipo-1-2.png","width":340,"height":72,"caption":"Hiperbaric"},"image":{"@id":"https:\/\/www.hiperbaric.com\/en\/#\/schema\/logo\/image\/"}}]}},"_links":{"self":[{"href":"https:\/\/www.hiperbaric.com\/es\/wp-json\/wp\/v2\/pages\/22699"}],"collection":[{"href":"https:\/\/www.hiperbaric.com\/es\/wp-json\/wp\/v2\/pages"}],"about":[{"href":"https:\/\/www.hiperbaric.com\/es\/wp-json\/wp\/v2\/types\/page"}],"author":[{"embeddable":true,"href":"https:\/\/www.hiperbaric.com\/es\/wp-json\/wp\/v2\/users\/1"}],"replies":[{"embeddable":true,"href":"https:\/\/www.hiperbaric.com\/es\/wp-json\/wp\/v2\/comments?post=22699"}],"version-history":[{"count":1,"href":"https:\/\/www.hiperbaric.com\/es\/wp-json\/wp\/v2\/pages\/22699\/revisions"}],"predecessor-version":[{"id":67153,"href":"https:\/\/www.hiperbaric.com\/es\/wp-json\/wp\/v2\/pages\/22699\/revisions\/67153"}],"up":[{"embeddable":true,"href":"https:\/\/www.hiperbaric.com\/es\/wp-json\/wp\/v2\/pages\/22646"}],"wp:attachment":[{"href":"https:\/\/www.hiperbaric.com\/es\/wp-json\/wp\/v2\/media?parent=22699"}],"curies":[{"name":"wp","href":"https:\/\/api.w.org\/{rel}","templated":true}]}}