{"id":22648,"date":"2020-08-03T13:00:27","date_gmt":"2020-08-03T11:00:27","guid":{"rendered":"https:\/\/www.hiperbaric.com\/?page_id=22648"},"modified":"2021-09-15T07:50:17","modified_gmt":"2021-09-15T05:50:17","slug":"blog-hip","status":"publish","type":"page","link":"https:\/\/www.hiperbaric.com\/es\/tecnologia-hip\/blog-hip\/","title":{"rendered":"Blog HIP"},"content":{"rendered":"\n\t<p><strong><form role=\"search\" method=\"get\" class=\"searchform clearfix\" action=\"https:\/\/www.hiperbaric.com\/es\/\">\n\t<label for=\"search-text-widget\" class=\"visuallyhidden\">Search for:<\/label>\n\t<input id=\"search-text-widget\" type=\"text\" value=\"\" name=\"s\" placeholder=\"Texto a buscar\" required=\"required\" \/>\n\t<input type=\"submit\" value=\"Buscar\" \/>\n\t\t\t<input type=\"hidden\" name=\"lang\" value=\"es\"\/>\n\t<\/form>\n<\/strong><\/p>\n\t<a href=\"https:\/\/www.hiperbaric.com\/es\/newsletter-hpp\/\" target=\"_self\" role=\"button\" rel=\"noopener noreferrer\">Suscr\u00edbete a nuestra newletter<\/a>\n    <h3>Categor\u00edas<\/h3>\n    <a href=\"\/category\/hip\/hip-hiperbaric-news\/\">Actualidad Hiperbaric<\/a><br>\n    <a href=\"\/category\/hip\/aplicaciones-hip\/\">Aplicaciones HIP<\/a><br>\n    <a href=\"\/category\/hip\/sectores-hip\/\">Sectores HIP<\/a><br>\n    <a href=\"\/category\/hip\/tecnologia-hip\/\">Tecnolog\u00eda HIP<\/a><br>\n","protected":false},"excerpt":{"rendered":"<p>Suscr\u00edbete a nuestra newletter Categor\u00edas Actualidad Hiperbaric Aplicaciones HIP Sectores HIP Tecnolog\u00eda HIP<\/p>\n","protected":false},"author":1,"featured_media":0,"parent":20699,"menu_order":0,"comment_status":"open","ping_status":"closed","template":"","meta":{"om_disable_all_campaigns":false,"inline_featured_image":false,"_monsterinsights_skip_tracking":false,"_monsterinsights_sitenote_active":false,"_monsterinsights_sitenote_note":"","_monsterinsights_sitenote_category":0,"footnotes":"","_wp_rev_ctl_limit":""},"acf":[],"yoast_head":"<!-- This site is optimized with the Yoast SEO plugin v22.4 - https:\/\/yoast.com\/wordpress\/plugins\/seo\/ -->\n<title>Blog HIP - Hiperbaric<\/title>\n<meta name=\"robots\" content=\"index, follow, max-snippet:-1, max-image-preview:large, max-video-preview:-1\" \/>\n<link rel=\"canonical\" href=\"https:\/\/www.hiperbaric.com\/es\/tecnologia-hip\/blog-hip\/\" \/>\n<meta property=\"og:locale\" content=\"es_ES\" \/>\n<meta property=\"og:type\" content=\"article\" \/>\n<meta property=\"og:title\" content=\"Blog HIP - Hiperbaric\" \/>\n<meta property=\"og:description\" content=\"Suscr\u00edbete a nuestra newletter Categor\u00edas Actualidad Hiperbaric Aplicaciones HIP Sectores HIP Tecnolog\u00eda HIP\" \/>\n<meta property=\"og:url\" content=\"https:\/\/www.hiperbaric.com\/es\/tecnologia-hip\/blog-hip\/\" \/>\n<meta property=\"og:site_name\" content=\"Hiperbaric\" \/>\n<meta property=\"article:modified_time\" content=\"2021-09-15T05:50:17+00:00\" \/>\n<meta name=\"twitter:card\" content=\"summary_large_image\" \/>\n<script type=\"application\/ld+json\" class=\"yoast-schema-graph\">{\"@context\":\"https:\/\/schema.org\",\"@graph\":[{\"@type\":\"WebPage\",\"@id\":\"https:\/\/www.hiperbaric.com\/es\/tecnologia-hip\/blog-hip\/\",\"url\":\"https:\/\/www.hiperbaric.com\/es\/tecnologia-hip\/blog-hip\/\",\"name\":\"Blog HIP - Hiperbaric\",\"isPartOf\":{\"@id\":\"https:\/\/www.hiperbaric.com\/en\/#website\"},\"datePublished\":\"2020-08-03T11:00:27+00:00\",\"dateModified\":\"2021-09-15T05:50:17+00:00\",\"breadcrumb\":{\"@id\":\"https:\/\/www.hiperbaric.com\/es\/tecnologia-hip\/blog-hip\/#breadcrumb\"},\"inLanguage\":\"es\",\"potentialAction\":[{\"@type\":\"ReadAction\",\"target\":[\"https:\/\/www.hiperbaric.com\/es\/tecnologia-hip\/blog-hip\/\"]}]},{\"@type\":\"BreadcrumbList\",\"@id\":\"https:\/\/www.hiperbaric.com\/es\/tecnologia-hip\/blog-hip\/#breadcrumb\",\"itemListElement\":[{\"@type\":\"ListItem\",\"position\":1,\"name\":\"Home\",\"item\":\"https:\/\/www.hiperbaric.com\/es\/\"},{\"@type\":\"ListItem\",\"position\":2,\"name\":\"Tecnolog\u00eda HIP\",\"item\":\"https:\/\/www.hiperbaric.com\/es\/tecnologia-hip\/\"},{\"@type\":\"ListItem\",\"position\":3,\"name\":\"Blog HIP\"}]},{\"@type\":\"WebSite\",\"@id\":\"https:\/\/www.hiperbaric.com\/en\/#website\",\"url\":\"https:\/\/www.hiperbaric.com\/en\/\",\"name\":\"Hiperbaric\",\"description\":\"Procesado para la conservaci\u00f3n de alimentos\",\"publisher\":{\"@id\":\"https:\/\/www.hiperbaric.com\/en\/#organization\"},\"potentialAction\":[{\"@type\":\"SearchAction\",\"target\":{\"@type\":\"EntryPoint\",\"urlTemplate\":\"https:\/\/www.hiperbaric.com\/en\/?s={search_term_string}\"},\"query-input\":\"required name=search_term_string\"}],\"inLanguage\":\"es\"},{\"@type\":\"Organization\",\"@id\":\"https:\/\/www.hiperbaric.com\/en\/#organization\",\"name\":\"Hiperbaric\",\"url\":\"https:\/\/www.hiperbaric.com\/en\/\",\"logo\":{\"@type\":\"ImageObject\",\"inLanguage\":\"es\",\"@id\":\"https:\/\/www.hiperbaric.com\/en\/#\/schema\/logo\/image\/\",\"url\":\"https:\/\/www.hiperbaric.com\/wp-content\/uploads\/2026\/01\/cropped-hiperbaric-logotipo-1-2.png\",\"contentUrl\":\"https:\/\/www.hiperbaric.com\/wp-content\/uploads\/2026\/01\/cropped-hiperbaric-logotipo-1-2.png\",\"width\":340,\"height\":72,\"caption\":\"Hiperbaric\"},\"image\":{\"@id\":\"https:\/\/www.hiperbaric.com\/en\/#\/schema\/logo\/image\/\"}}]}<\/script>\n<!-- \/ Yoast SEO plugin. -->","yoast_head_json":{"title":"Blog HIP - Hiperbaric","robots":{"index":"index","follow":"follow","max-snippet":"max-snippet:-1","max-image-preview":"max-image-preview:large","max-video-preview":"max-video-preview:-1"},"canonical":"https:\/\/www.hiperbaric.com\/es\/tecnologia-hip\/blog-hip\/","og_locale":"es_ES","og_type":"article","og_title":"Blog HIP - Hiperbaric","og_description":"Suscr\u00edbete a nuestra newletter Categor\u00edas Actualidad Hiperbaric Aplicaciones HIP Sectores HIP Tecnolog\u00eda HIP","og_url":"https:\/\/www.hiperbaric.com\/es\/tecnologia-hip\/blog-hip\/","og_site_name":"Hiperbaric","article_modified_time":"2021-09-15T05:50:17+00:00","twitter_card":"summary_large_image","schema":{"@context":"https:\/\/schema.org","@graph":[{"@type":"WebPage","@id":"https:\/\/www.hiperbaric.com\/es\/tecnologia-hip\/blog-hip\/","url":"https:\/\/www.hiperbaric.com\/es\/tecnologia-hip\/blog-hip\/","name":"Blog HIP - Hiperbaric","isPartOf":{"@id":"https:\/\/www.hiperbaric.com\/en\/#website"},"datePublished":"2020-08-03T11:00:27+00:00","dateModified":"2021-09-15T05:50:17+00:00","breadcrumb":{"@id":"https:\/\/www.hiperbaric.com\/es\/tecnologia-hip\/blog-hip\/#breadcrumb"},"inLanguage":"es","potentialAction":[{"@type":"ReadAction","target":["https:\/\/www.hiperbaric.com\/es\/tecnologia-hip\/blog-hip\/"]}]},{"@type":"BreadcrumbList","@id":"https:\/\/www.hiperbaric.com\/es\/tecnologia-hip\/blog-hip\/#breadcrumb","itemListElement":[{"@type":"ListItem","position":1,"name":"Home","item":"https:\/\/www.hiperbaric.com\/es\/"},{"@type":"ListItem","position":2,"name":"Tecnolog\u00eda HIP","item":"https:\/\/www.hiperbaric.com\/es\/tecnologia-hip\/"},{"@type":"ListItem","position":3,"name":"Blog HIP"}]},{"@type":"WebSite","@id":"https:\/\/www.hiperbaric.com\/en\/#website","url":"https:\/\/www.hiperbaric.com\/en\/","name":"Hiperbaric","description":"Procesado para la conservaci\u00f3n de alimentos","publisher":{"@id":"https:\/\/www.hiperbaric.com\/en\/#organization"},"potentialAction":[{"@type":"SearchAction","target":{"@type":"EntryPoint","urlTemplate":"https:\/\/www.hiperbaric.com\/en\/?s={search_term_string}"},"query-input":"required name=search_term_string"}],"inLanguage":"es"},{"@type":"Organization","@id":"https:\/\/www.hiperbaric.com\/en\/#organization","name":"Hiperbaric","url":"https:\/\/www.hiperbaric.com\/en\/","logo":{"@type":"ImageObject","inLanguage":"es","@id":"https:\/\/www.hiperbaric.com\/en\/#\/schema\/logo\/image\/","url":"https:\/\/www.hiperbaric.com\/wp-content\/uploads\/2026\/01\/cropped-hiperbaric-logotipo-1-2.png","contentUrl":"https:\/\/www.hiperbaric.com\/wp-content\/uploads\/2026\/01\/cropped-hiperbaric-logotipo-1-2.png","width":340,"height":72,"caption":"Hiperbaric"},"image":{"@id":"https:\/\/www.hiperbaric.com\/en\/#\/schema\/logo\/image\/"}}]}},"_links":{"self":[{"href":"https:\/\/www.hiperbaric.com\/es\/wp-json\/wp\/v2\/pages\/22648"}],"collection":[{"href":"https:\/\/www.hiperbaric.com\/es\/wp-json\/wp\/v2\/pages"}],"about":[{"href":"https:\/\/www.hiperbaric.com\/es\/wp-json\/wp\/v2\/types\/page"}],"author":[{"embeddable":true,"href":"https:\/\/www.hiperbaric.com\/es\/wp-json\/wp\/v2\/users\/1"}],"replies":[{"embeddable":true,"href":"https:\/\/www.hiperbaric.com\/es\/wp-json\/wp\/v2\/comments?post=22648"}],"version-history":[{"count":0,"href":"https:\/\/www.hiperbaric.com\/es\/wp-json\/wp\/v2\/pages\/22648\/revisions"}],"up":[{"embeddable":true,"href":"https:\/\/www.hiperbaric.com\/es\/wp-json\/wp\/v2\/pages\/20699"}],"wp:attachment":[{"href":"https:\/\/www.hiperbaric.com\/es\/wp-json\/wp\/v2\/media?parent=22648"}],"curies":[{"name":"wp","href":"https:\/\/api.w.org\/{rel}","templated":true}]}}