{"id":21516,"date":"2020-07-29T12:49:03","date_gmt":"2020-07-29T10:49:03","guid":{"rendered":"https:\/\/www.hiperbaric.com\/?page_id=21516"},"modified":"2023-01-11T10:12:30","modified_gmt":"2023-01-11T09:12:30","slug":"servicios","status":"publish","type":"page","link":"https:\/\/www.hiperbaric.com\/es\/tecnologia-hip\/servicios\/","title":{"rendered":"Servicios"},"content":{"rendered":"\r\n<p><strong>Contacto postventa<\/strong><\/p>\r\n<p><a href=\"mailto:service@hiperbaric.com\"><img decoding=\"async\" src=\"\/wp-content\/uploads\/2019\/06\/opened-email-envelope.png\" width=\"52\" \/><br \/>service@hiperbaric.com<\/a> <a href=\"tel: +34 947 10 22 22\"><img decoding=\"async\" src=\"\/wp-content\/uploads\/2019\/08\/telephone-call.png\" width=\"52\" \/><br \/>+34 947 10 22 22 (Espa\u00f1a)<\/a> <a href=\"tel: +1 305 639 9723\"><img decoding=\"async\" src=\"\/wp-content\/uploads\/2019\/08\/north-america-1.png\" width=\"52\" \/><br \/>+1 305 639 9723 (EE.UU)<\/a> <img decoding=\"async\" loading=\"lazy\" title=\"24-7_H-01\" src=\"https:\/\/www.hiperbaric.com\/wp-content\/uploads\/2020\/09\/24-7_H-01.png\" alt=\"24-7_H-01\" width=\"1299\" height=\"827\" \/><\/p>\r\n<p><strong>Contacto repuestos<\/strong><\/p>\r\n<p><a href=\"mailto:spares@hiperbaric.com\"><img decoding=\"async\" src=\"\/wp-content\/uploads\/2019\/06\/opened-email-envelope.png\" width=\"52\" \/><br \/>spares@hiperbaric.com<\/a> <a href=\"tel: +34 947 47 38 74\"><img decoding=\"async\" src=\"\/wp-content\/uploads\/2019\/08\/telephone-call.png\" width=\"52\" \/><br \/>+34 947 47 38 74 (Espa\u00f1a)<\/a> <a href=\"tel: +1 305 639 9770\"><img decoding=\"async\" src=\"\/wp-content\/uploads\/2019\/08\/north-america-1.png\" width=\"52\" \/><br \/>+1 305 639 9770 (EE.UU)<\/a><\/p>\r\n<p>La tecnolog\u00eda Hiperbaric HIP consigue excelentes prestaciones mec\u00e1nicas en proyectos industriales de alto nivel tecnol\u00f3gico y competitivo.<\/p>\r\n<p>Desarrollamos soluciones innovadoras en materia de tecnolog\u00eda de prensado isost\u00e1tico en caliente (Hot Isostatic Pressing, HIP) para satisfacer las necesidades actuales y futuras de nuestros clientes, gracias a nuestros profundos conocimientos sobre la tecnolog\u00eda de altas presiones y el entendimiento especializado sobre los m\u00faltiples retos a los que se enfrenta cada sector.<\/p>\r\n<h2>Postventa<\/h2>\r\n<p>Ofrecemos una gama completa de soluciones de mantenimiento predictivo, preventivo y correctivo en nuestras prensas HIP, y un optimizado sistema de gesti\u00f3n para una atenci\u00f3n r\u00e1pida y eficaz.<\/p>\r\n<p><img decoding=\"async\" loading=\"lazy\" title=\"24-hours-phone-service\" src=\"https:\/\/www.hiperbaric.com\/wp-content\/uploads\/2019\/09\/24-hours-phone-service-150x150.png\" alt=\"24-hours-phone-service\" width=\"150\" height=\"150\" \/> <img decoding=\"async\" loading=\"lazy\" title=\"book\" src=\"https:\/\/www.hiperbaric.com\/wp-content\/uploads\/2019\/09\/book-150x150.png\" alt=\"book\" width=\"150\" height=\"150\" \/> <img decoding=\"async\" loading=\"lazy\" title=\"tools\" src=\"https:\/\/www.hiperbaric.com\/wp-content\/uploads\/2019\/09\/tools-150x150.png\" alt=\"tools\" width=\"150\" height=\"150\" \/> <img decoding=\"async\" loading=\"lazy\" title=\"diploma (1)\" src=\"https:\/\/www.hiperbaric.com\/wp-content\/uploads\/2019\/09\/diploma-1-1-150x150.png\" alt=\"diploma (1)\" width=\"150\" height=\"150\" \/> <img decoding=\"async\" loading=\"lazy\" title=\"support\" src=\"https:\/\/www.hiperbaric.com\/wp-content\/uploads\/2019\/09\/support-150x150.png\" alt=\"support\" width=\"150\" height=\"150\" \/><\/p>\r\n<h3>Servicio 24\/7<\/h3>\r\n<h3>Puesta en marcha<\/h3>\r\n<h3>Diagn\u00f3stico y monitorizaci\u00f3n<\/h3>\r\n<h3>Formaci\u00f3n<\/h3>\r\n<h3>Otros servicios<\/h3>\r\n<p>En Hiperbaric ponemos a tu disposici\u00f3n un portal web de uso exclusivo para clientes, en el que podr\u00e1s realizar tus pedidos en tiempo real con la garant\u00eda de tramitarlos en 24 horas. Cuenta con acceso a una extensa base de datos de informaci\u00f3n t\u00e9cnica como manuales, instrucciones y consultas habituales. Adem\u00e1s, permite consultar precios, descargar ofertas online y realizar b\u00fasquedas sencillas de repuestos, mediante navegaci\u00f3n 3D interactiva.<\/p>\r\n<h2>Repuestos<\/h2>\r\n<p>Contamos con un amplio cat\u00e1logo de piezas de repuesto de gran calidad y fiabilidad. Nuestro excelente equipo garantiza la entrega gracias a un eficiente sistema de control de stock que mantiene los repuestos en niveles \u00f3ptimos.<\/p>\r\n<blockquote>\r\n<p>Nuestro compromiso es el env\u00edo en menos de 24h a cualquier lugar del mundo<\/p>\r\n<\/blockquote>\r\n<p>Ofrecemos una asistencia 24\/7 con recambios originales y espec\u00edficos suministrados desde nuestros 4 almacenes: Espa\u00f1a, Estados Unidos, M\u00e9xico y Nueva Zelanda.<\/p>\r\n<p><img decoding=\"async\" loading=\"lazy\" title=\"repuestos Hiperbaric\" src=\"https:\/\/www.hiperbaric.com\/wp-content\/uploads\/2020\/09\/Repuestos-Spares.jpeg\" alt=\"repuestos Hiperbaric\" width=\"2500\" height=\"1562\" \/><\/p>\r\n<h2>Instalaci\u00f3n<\/h2>\r\n<p>Los contratos de suministro de cualquier equipo Hiperbaric, incluyen siempre su instalaci\u00f3n y puesta en marcha por parte de nuestros especialistas de montaje. No obstante, es responsabilidad del cliente contratar los equipos necesarios para su descarga y posicionamiento (gr\u00faa, eslingas, tanquetas, gato hidr\u00e1ulico, etc.).<\/p>\r\n<h2>Plata piloto y pruebas<\/h2>\r\n<p>En nuestras instalaciones realizamos pruebas y ensayos para valorar la tecnolog\u00eda Hiperbaric HIP. Evaluamos piezas, procesos y aplicaciones para conseguir los mejores resultados.<\/p>\r\n<p>Nuestro equipo de ingenieros altamente cualificados y nuestra red de especialistas realizan investigaciones en procesos de fabricaci\u00f3n as\u00ed como el an\u00e1lisis de las propiedades de los componentes de los materiales para obtener el mayor rendimiento de los equipos Hiperbaric HIP.<\/p>\r\n<p><img decoding=\"async\" loading=\"lazy\" title=\"PLANTA PILOTO HIP\" src=\"https:\/\/www.hiperbaric.com\/wp-content\/uploads\/2020\/08\/PLANTA-PILOTO-HIP.jpg\" alt=\"PLANTA PILOTO HIP\" width=\"300\" height=\"200\" \/><\/p>\r\n","protected":false},"excerpt":{"rendered":"<p>Contacto postventa service@hiperbaric.com +34 947 10 22 22 (Espa\u00f1a) +1 305 639 9723 (EE.UU) Contacto repuestos spares@hiperbaric.com +34 947 47 38 74 (Espa\u00f1a) +1 305 639 9770 (EE.UU) La tecnolog\u00eda Hiperbaric HIP consigue excelentes prestaciones mec\u00e1nicas en proyectos industriales de alto nivel tecnol\u00f3gico y competitivo. Desarrollamos soluciones innovadoras en materia de tecnolog\u00eda de prensado isost\u00e1tico&#8230;<\/p>\n","protected":false},"author":1,"featured_media":0,"parent":20699,"menu_order":0,"comment_status":"closed","ping_status":"closed","template":"","meta":{"om_disable_all_campaigns":false,"inline_featured_image":false,"_monsterinsights_skip_tracking":false,"_monsterinsights_sitenote_active":false,"_monsterinsights_sitenote_note":"","_monsterinsights_sitenote_category":0,"footnotes":"","_wp_rev_ctl_limit":""},"acf":[],"yoast_head":"<!-- This site is optimized with the Yoast SEO plugin v22.4 - https:\/\/yoast.com\/wordpress\/plugins\/seo\/ -->\n<title>Servicios de Hot Isostatic Pressing o tecnolog\u00eda HIP - Hiperbaric<\/title>\n<meta name=\"robots\" content=\"index, follow, max-snippet:-1, max-image-preview:large, max-video-preview:-1\" \/>\n<link rel=\"canonical\" href=\"https:\/\/www.hiperbaric.com\/es\/tecnologia-hip\/servicios\/\" \/>\n<meta property=\"og:locale\" content=\"es_ES\" \/>\n<meta property=\"og:type\" content=\"article\" \/>\n<meta property=\"og:title\" content=\"Servicios de Hot Isostatic Pressing o tecnolog\u00eda HIP - Hiperbaric\" \/>\n<meta property=\"og:description\" content=\"Contacto postventa service@hiperbaric.com +34 947 10 22 22 (Espa\u00f1a) +1 305 639 9723 (EE.UU) Contacto repuestos spares@hiperbaric.com +34 947 47 38 74 (Espa\u00f1a) +1 305 639 9770 (EE.UU) La tecnolog\u00eda Hiperbaric HIP consigue excelentes prestaciones mec\u00e1nicas en proyectos industriales de alto nivel tecnol\u00f3gico y competitivo. Desarrollamos soluciones innovadoras en materia de tecnolog\u00eda de prensado isost\u00e1tico...\" \/>\n<meta property=\"og:url\" content=\"https:\/\/www.hiperbaric.com\/es\/tecnologia-hip\/servicios\/\" \/>\n<meta property=\"og:site_name\" content=\"Hiperbaric\" \/>\n<meta property=\"article:modified_time\" content=\"2023-01-11T09:12:30+00:00\" \/>\n<meta property=\"og:image\" content=\"https:\/\/www.hiperbaric.com\/wp-content\/uploads\/2020\/09\/24-7_H-01.png\" \/>\n<meta name=\"twitter:card\" content=\"summary_large_image\" \/>\n<meta name=\"twitter:label1\" content=\"Tiempo de lectura\" \/>\n\t<meta name=\"twitter:data1\" content=\"5 minutos\" \/>\n<script type=\"application\/ld+json\" class=\"yoast-schema-graph\">{\"@context\":\"https:\/\/schema.org\",\"@graph\":[{\"@type\":\"WebPage\",\"@id\":\"https:\/\/www.hiperbaric.com\/es\/tecnologia-hip\/servicios\/\",\"url\":\"https:\/\/www.hiperbaric.com\/es\/tecnologia-hip\/servicios\/\",\"name\":\"Servicios de Hot Isostatic Pressing o tecnolog\u00eda HIP - Hiperbaric\",\"isPartOf\":{\"@id\":\"https:\/\/www.hiperbaric.com\/en\/#website\"},\"primaryImageOfPage\":{\"@id\":\"https:\/\/www.hiperbaric.com\/es\/tecnologia-hip\/servicios\/#primaryimage\"},\"image\":{\"@id\":\"https:\/\/www.hiperbaric.com\/es\/tecnologia-hip\/servicios\/#primaryimage\"},\"thumbnailUrl\":\"https:\/\/www.hiperbaric.com\/wp-content\/uploads\/2020\/09\/24-7_H-01.png\",\"datePublished\":\"2020-07-29T10:49:03+00:00\",\"dateModified\":\"2023-01-11T09:12:30+00:00\",\"breadcrumb\":{\"@id\":\"https:\/\/www.hiperbaric.com\/es\/tecnologia-hip\/servicios\/#breadcrumb\"},\"inLanguage\":\"es\",\"potentialAction\":[{\"@type\":\"ReadAction\",\"target\":[\"https:\/\/www.hiperbaric.com\/es\/tecnologia-hip\/servicios\/\"]}]},{\"@type\":\"ImageObject\",\"inLanguage\":\"es\",\"@id\":\"https:\/\/www.hiperbaric.com\/es\/tecnologia-hip\/servicios\/#primaryimage\",\"url\":\"https:\/\/www.hiperbaric.com\/wp-content\/uploads\/2020\/09\/24-7_H-01.png\",\"contentUrl\":\"https:\/\/www.hiperbaric.com\/wp-content\/uploads\/2020\/09\/24-7_H-01.png\"},{\"@type\":\"BreadcrumbList\",\"@id\":\"https:\/\/www.hiperbaric.com\/es\/tecnologia-hip\/servicios\/#breadcrumb\",\"itemListElement\":[{\"@type\":\"ListItem\",\"position\":1,\"name\":\"Home\",\"item\":\"https:\/\/www.hiperbaric.com\/es\/\"},{\"@type\":\"ListItem\",\"position\":2,\"name\":\"Tecnolog\u00eda HIP\",\"item\":\"https:\/\/www.hiperbaric.com\/es\/tecnologia-hip\/\"},{\"@type\":\"ListItem\",\"position\":3,\"name\":\"Servicios\"}]},{\"@type\":\"WebSite\",\"@id\":\"https:\/\/www.hiperbaric.com\/en\/#website\",\"url\":\"https:\/\/www.hiperbaric.com\/en\/\",\"name\":\"Hiperbaric\",\"description\":\"Procesado para la conservaci\u00f3n de alimentos\",\"publisher\":{\"@id\":\"https:\/\/www.hiperbaric.com\/en\/#organization\"},\"potentialAction\":[{\"@type\":\"SearchAction\",\"target\":{\"@type\":\"EntryPoint\",\"urlTemplate\":\"https:\/\/www.hiperbaric.com\/en\/?s={search_term_string}\"},\"query-input\":\"required name=search_term_string\"}],\"inLanguage\":\"es\"},{\"@type\":\"Organization\",\"@id\":\"https:\/\/www.hiperbaric.com\/en\/#organization\",\"name\":\"Hiperbaric\",\"url\":\"https:\/\/www.hiperbaric.com\/en\/\",\"logo\":{\"@type\":\"ImageObject\",\"inLanguage\":\"es\",\"@id\":\"https:\/\/www.hiperbaric.com\/en\/#\/schema\/logo\/image\/\",\"url\":\"https:\/\/www.hiperbaric.com\/wp-content\/uploads\/2026\/01\/cropped-hiperbaric-logotipo-1-2.png\",\"contentUrl\":\"https:\/\/www.hiperbaric.com\/wp-content\/uploads\/2026\/01\/cropped-hiperbaric-logotipo-1-2.png\",\"width\":340,\"height\":72,\"caption\":\"Hiperbaric\"},\"image\":{\"@id\":\"https:\/\/www.hiperbaric.com\/en\/#\/schema\/logo\/image\/\"}}]}<\/script>\n<!-- \/ Yoast SEO plugin. -->","yoast_head_json":{"title":"Servicios de Hot Isostatic Pressing o tecnolog\u00eda HIP - Hiperbaric","robots":{"index":"index","follow":"follow","max-snippet":"max-snippet:-1","max-image-preview":"max-image-preview:large","max-video-preview":"max-video-preview:-1"},"canonical":"https:\/\/www.hiperbaric.com\/es\/tecnologia-hip\/servicios\/","og_locale":"es_ES","og_type":"article","og_title":"Servicios de Hot Isostatic Pressing o tecnolog\u00eda HIP - Hiperbaric","og_description":"Contacto postventa service@hiperbaric.com +34 947 10 22 22 (Espa\u00f1a) +1 305 639 9723 (EE.UU) Contacto repuestos spares@hiperbaric.com +34 947 47 38 74 (Espa\u00f1a) +1 305 639 9770 (EE.UU) La tecnolog\u00eda Hiperbaric HIP consigue excelentes prestaciones mec\u00e1nicas en proyectos industriales de alto nivel tecnol\u00f3gico y competitivo. Desarrollamos soluciones innovadoras en materia de tecnolog\u00eda de prensado isost\u00e1tico...","og_url":"https:\/\/www.hiperbaric.com\/es\/tecnologia-hip\/servicios\/","og_site_name":"Hiperbaric","article_modified_time":"2023-01-11T09:12:30+00:00","og_image":[{"url":"https:\/\/www.hiperbaric.com\/wp-content\/uploads\/2020\/09\/24-7_H-01.png"}],"twitter_card":"summary_large_image","twitter_misc":{"Tiempo de lectura":"5 minutos"},"schema":{"@context":"https:\/\/schema.org","@graph":[{"@type":"WebPage","@id":"https:\/\/www.hiperbaric.com\/es\/tecnologia-hip\/servicios\/","url":"https:\/\/www.hiperbaric.com\/es\/tecnologia-hip\/servicios\/","name":"Servicios de Hot Isostatic Pressing o tecnolog\u00eda HIP - Hiperbaric","isPartOf":{"@id":"https:\/\/www.hiperbaric.com\/en\/#website"},"primaryImageOfPage":{"@id":"https:\/\/www.hiperbaric.com\/es\/tecnologia-hip\/servicios\/#primaryimage"},"image":{"@id":"https:\/\/www.hiperbaric.com\/es\/tecnologia-hip\/servicios\/#primaryimage"},"thumbnailUrl":"https:\/\/www.hiperbaric.com\/wp-content\/uploads\/2020\/09\/24-7_H-01.png","datePublished":"2020-07-29T10:49:03+00:00","dateModified":"2023-01-11T09:12:30+00:00","breadcrumb":{"@id":"https:\/\/www.hiperbaric.com\/es\/tecnologia-hip\/servicios\/#breadcrumb"},"inLanguage":"es","potentialAction":[{"@type":"ReadAction","target":["https:\/\/www.hiperbaric.com\/es\/tecnologia-hip\/servicios\/"]}]},{"@type":"ImageObject","inLanguage":"es","@id":"https:\/\/www.hiperbaric.com\/es\/tecnologia-hip\/servicios\/#primaryimage","url":"https:\/\/www.hiperbaric.com\/wp-content\/uploads\/2020\/09\/24-7_H-01.png","contentUrl":"https:\/\/www.hiperbaric.com\/wp-content\/uploads\/2020\/09\/24-7_H-01.png"},{"@type":"BreadcrumbList","@id":"https:\/\/www.hiperbaric.com\/es\/tecnologia-hip\/servicios\/#breadcrumb","itemListElement":[{"@type":"ListItem","position":1,"name":"Home","item":"https:\/\/www.hiperbaric.com\/es\/"},{"@type":"ListItem","position":2,"name":"Tecnolog\u00eda HIP","item":"https:\/\/www.hiperbaric.com\/es\/tecnologia-hip\/"},{"@type":"ListItem","position":3,"name":"Servicios"}]},{"@type":"WebSite","@id":"https:\/\/www.hiperbaric.com\/en\/#website","url":"https:\/\/www.hiperbaric.com\/en\/","name":"Hiperbaric","description":"Procesado para la conservaci\u00f3n de alimentos","publisher":{"@id":"https:\/\/www.hiperbaric.com\/en\/#organization"},"potentialAction":[{"@type":"SearchAction","target":{"@type":"EntryPoint","urlTemplate":"https:\/\/www.hiperbaric.com\/en\/?s={search_term_string}"},"query-input":"required name=search_term_string"}],"inLanguage":"es"},{"@type":"Organization","@id":"https:\/\/www.hiperbaric.com\/en\/#organization","name":"Hiperbaric","url":"https:\/\/www.hiperbaric.com\/en\/","logo":{"@type":"ImageObject","inLanguage":"es","@id":"https:\/\/www.hiperbaric.com\/en\/#\/schema\/logo\/image\/","url":"https:\/\/www.hiperbaric.com\/wp-content\/uploads\/2026\/01\/cropped-hiperbaric-logotipo-1-2.png","contentUrl":"https:\/\/www.hiperbaric.com\/wp-content\/uploads\/2026\/01\/cropped-hiperbaric-logotipo-1-2.png","width":340,"height":72,"caption":"Hiperbaric"},"image":{"@id":"https:\/\/www.hiperbaric.com\/en\/#\/schema\/logo\/image\/"}}]}},"_links":{"self":[{"href":"https:\/\/www.hiperbaric.com\/es\/wp-json\/wp\/v2\/pages\/21516"}],"collection":[{"href":"https:\/\/www.hiperbaric.com\/es\/wp-json\/wp\/v2\/pages"}],"about":[{"href":"https:\/\/www.hiperbaric.com\/es\/wp-json\/wp\/v2\/types\/page"}],"author":[{"embeddable":true,"href":"https:\/\/www.hiperbaric.com\/es\/wp-json\/wp\/v2\/users\/1"}],"replies":[{"embeddable":true,"href":"https:\/\/www.hiperbaric.com\/es\/wp-json\/wp\/v2\/comments?post=21516"}],"version-history":[{"count":1,"href":"https:\/\/www.hiperbaric.com\/es\/wp-json\/wp\/v2\/pages\/21516\/revisions"}],"predecessor-version":[{"id":42667,"href":"https:\/\/www.hiperbaric.com\/es\/wp-json\/wp\/v2\/pages\/21516\/revisions\/42667"}],"up":[{"embeddable":true,"href":"https:\/\/www.hiperbaric.com\/es\/wp-json\/wp\/v2\/pages\/20699"}],"wp:attachment":[{"href":"https:\/\/www.hiperbaric.com\/es\/wp-json\/wp\/v2\/media?parent=21516"}],"curies":[{"name":"wp","href":"https:\/\/api.w.org\/{rel}","templated":true}]}}