{"id":21505,"date":"2020-07-29T10:51:21","date_gmt":"2020-07-29T08:51:21","guid":{"rendered":"https:\/\/www.hiperbaric.com\/?page_id=21505"},"modified":"2025-11-24T10:59:01","modified_gmt":"2025-11-24T09:59:01","slug":"hiperbaric-67-107-hip","status":"publish","type":"page","link":"https:\/\/www.hiperbaric.com\/es\/tecnologia-hip\/equipos\/hiperbaric-67-107-hip\/","title":{"rendered":"Hiperbaric 67-107 HIP"},"content":{"rendered":"\n<h1>\n\tHiperbaric 67-93-107 HIP\n\t<\/h1>\n\t<p><strong>Presi\u00f3n de operaci\u00f3n<\/strong><\/p>\n\t\t\t\t<img decoding=\"async\" loading=\"lazy\" src=\"https:\/\/www.hiperbaric.com\/wp-content\/uploads\/2025\/11\/ICONOS-HIP-WEB-PRESION-67-93-107.png\" alt=\"ICONOS HIP WEB-PRESI\u00d3N-67, 93, 107\" itemprop=\"image\" height=\"193\" width=\"1612\" title=\"ICONOS HIP WEB-PRESI\u00d3N-67, 93, 107\" onerror=\"this.style.display='none'\"  \/>\n\t<p><strong>Carga m\u00e1xima (Molibdeno \/ Grafito)<\/strong><\/p>\n\t\t\t\t<img decoding=\"async\" loading=\"lazy\" src=\"https:\/\/www.hiperbaric.com\/wp-content\/uploads\/2025\/11\/ICONOS-HIP-WEB_CARGA-MAXIMA-67.png\" alt=\"ICONOS HIP WEB_CARGA M\u00c1XIMA-67\" itemprop=\"image\" height=\"186\" width=\"1017\" title=\"ICONOS HIP WEB_CARGA M\u00c1XIMA-67\" onerror=\"this.style.display='none'\"  \/>\n\t\t\t\t<img decoding=\"async\" loading=\"lazy\" src=\"https:\/\/www.hiperbaric.com\/wp-content\/uploads\/2025\/11\/ICONOS-HIP-WEB_CARGA-MAXIMA-93.png\" alt=\"ICONOS HIP WEB_CARGA M\u00c1XIMA-93\" itemprop=\"image\" height=\"193\" width=\"1014\" title=\"ICONOS HIP WEB_CARGA M\u00c1XIMA-93\" onerror=\"this.style.display='none'\"  \/>\n\t\t\t\t<img decoding=\"async\" loading=\"lazy\" src=\"https:\/\/www.hiperbaric.com\/wp-content\/uploads\/2025\/11\/ICONOS-HIP-WEB_CARGA-MAXIMA-107.png\" alt=\"ICONOS HIP WEB_CARGA M\u00c1XIMA-107\" itemprop=\"image\" height=\"193\" width=\"1014\" title=\"ICONOS HIP WEB_CARGA M\u00c1XIMA-107\" onerror=\"this.style.display='none'\"  \/>\n\t\t\t\t<img decoding=\"async\" loading=\"lazy\" src=\"https:\/\/www.hiperbaric.com\/wp-content\/uploads\/2024\/11\/HIPERBARIC-HIP-107_v4-1024x540.png\" alt=\"Hiperbaric HIP 107\" itemprop=\"image\" height=\"540\" width=\"1024\" title=\"Hiperbaric HIP 107\" onerror=\"this.style.display='none'\"  \/>\n\t<p><strong>Temp. de operaci\u00f3n (Molibdeno \/ Grafito)<\/strong><\/p>\n\t\t\t\t<img decoding=\"async\" loading=\"lazy\" src=\"https:\/\/www.hiperbaric.com\/wp-content\/uploads\/2025\/11\/ICONOS-HIP-WEB_TEMPERATURA-6793107.png\" alt=\"ICONOS HIP WEB_TEMPERATURA-67,93,107\" itemprop=\"image\" height=\"193\" width=\"2160\" title=\"ICONOS HIP WEB_TEMPERATURA-67,93,107\" onerror=\"this.style.display='none'\"  \/>\n\t<p><strong>Di\u00e1metro de zona caliente<\/strong><\/p>\n\t\t\t\t<img decoding=\"async\" loading=\"lazy\" src=\"https:\/\/www.hiperbaric.com\/wp-content\/uploads\/2023\/11\/ICONOS-HIP-WEB_DIAMETRO-67.png\" alt=\"ICONOS HIP WEB_DI\u00c1METRO-67\" itemprop=\"image\" height=\"193\" width=\"1226\" title=\"ICONOS HIP WEB_DI\u00c1METRO-67\" onerror=\"this.style.display='none'\"  \/>\n\t\t\t\t<img decoding=\"async\" loading=\"lazy\" src=\"https:\/\/www.hiperbaric.com\/wp-content\/uploads\/2025\/11\/ICONOS-HIP-WEB_DIAMETRO-93.png\" alt=\"ICONOS HIP WEB_DI\u00c1METRO-93\" itemprop=\"image\" height=\"193\" width=\"1199\" title=\"ICONOS HIP WEB_DI\u00c1METRO-93\" onerror=\"this.style.display='none'\"  \/>\n\t\t\t\t<img decoding=\"async\" loading=\"lazy\" src=\"https:\/\/www.hiperbaric.com\/wp-content\/uploads\/2024\/11\/ICONOS-HIP-WEB_DIAMETRO-107.png\" alt=\"ICONOS HIP WEB_DI\u00c1METRO-107\" itemprop=\"image\" height=\"193\" width=\"1225\" title=\"ICONOS HIP WEB_DI\u00c1METRO-107\" onerror=\"this.style.display='none'\"  \/>\n\t    <a href=\"#\" target=\"_self\" role=\"button\" rel=\"noopener\">DESCARGAR FLYER HIPERBARIC HIP > <\/a>\n<h3>\n\tHiperbaric 67-93-107 HIP\n\t<\/h3>\n\t<p>Las unidades Hiperbaric 67 y 107 HIP son las unidades m\u00e1s grande de la gama de prensado isost\u00e1tico en caliente (HIP). Con sus 675-1.075 mm de di\u00e1metro y 1.800-2.600 mm de altura, estas unidades han sido dise\u00f1adas para cubrir piezas de gran tama\u00f1o procesadas con tecnolog\u00eda HIP en una completa soluci\u00f3n plug and play proporcionada por Hiperbaric.<\/p>\n<h3>\n\tA qui\u00e9n va dirigida\n\t<\/h3>\n\t<p>Pensado para aquellas empresas decididas a apostar por una tecnolog\u00eda que presenta sinergias con una gran cantidad de procesos de fabricaci\u00f3n en los sectores m\u00e1s exigentes como el aeroespacial, petr\u00f3leo &amp; gas, implantes m\u00e9dicos, nuclear, defensa, industria o automoci\u00f3n. Las dimensiones y prestaciones de las prensas Hiperbaric 67, 93 y 107 HIP las hacen adecuadas para su instalaci\u00f3n en empresas con capacidades medias de producci\u00f3n, que necesitan implantar la tecnolog\u00eda HIP en su proceso de producci\u00f3n, dot\u00e1ndolo de valor a\u00f1adido y fiabilidad.<\/p>\n<h3>\n\tCaracter\u00edsticas Principales de Hiperbaric 67-93-107 HIP\n\t<\/h3>\n\t<p>La versatilidad del dise\u00f1o de las prensas Hiperbaric 67, 93 y 107 HIP, las permite trabajar en un amplio rango de condiciones de operaci\u00f3n, e incluso llevar a cabo la realizaci\u00f3n combinada de tratamientos t\u00e9rmicos, ahorrando tiempo y maximizando la eficiencia de los procesos. Tambi\u00e9n es posible incorporar las opciones Fast Cooling y Ultra Fast Cooling, necesarias para el tratamiento adecuado de ciertos materiales o para mejorar sus propiedades.<\/p>\n\t<blockquote><p>La prensas Hiperbaric 67-107 HIP son propuestas de valor competitivas y fiables. Su versatilidad permite combinarlas sin\u00e9rgicamente con una amplia variedad de t\u00e9cnicas de fabricaci\u00f3n para desarrollar materiales y componentes vanguardistas.\u00a0<\/p><\/blockquote>\n<h3>\n\tRealiza tu consulta\n\t<\/h3>\n\t<p><iframe src=\"https:\/\/forms.marketing.hiperbaric.com\/l\/881883\/2020-08-24\/d2k?Language=Spanish&#038;Business_line=HIP&#038;Source_text=Form%20Hiperbaric%2042%20HIP  \" height=\"680\" frameborder=\"0\" scrolling=\"no\"><\/iframe><\/p>\n\n","protected":false},"excerpt":{"rendered":"<p>Hiperbaric 67-93-107 HIP Presi\u00f3n de operaci\u00f3n Carga m\u00e1xima (Molibdeno \/ Grafito) Temp. de operaci\u00f3n (Molibdeno \/ Grafito) Di\u00e1metro de zona caliente DESCARGAR FLYER HIPERBARIC HIP > Hiperbaric 67-93-107 HIP Las unidades Hiperbaric 67 y 107 HIP son las unidades m\u00e1s grande de la gama de prensado isost\u00e1tico en caliente (HIP). Con sus 675-1.075 mm de&#8230;<\/p>\n","protected":false},"author":1,"featured_media":0,"parent":21498,"menu_order":0,"comment_status":"closed","ping_status":"closed","template":"","meta":{"om_disable_all_campaigns":false,"inline_featured_image":false,"_monsterinsights_skip_tracking":false,"_monsterinsights_sitenote_active":false,"_monsterinsights_sitenote_note":"","_monsterinsights_sitenote_category":0,"footnotes":"","_wp_rev_ctl_limit":""},"acf":[],"yoast_head":"<!-- This site is optimized with the Yoast SEO plugin v22.4 - https:\/\/yoast.com\/wordpress\/plugins\/seo\/ -->\n<title>Hiperbaric 67-107 HIP - Hiperbaric<\/title>\n<meta name=\"robots\" content=\"index, follow, max-snippet:-1, max-image-preview:large, max-video-preview:-1\" \/>\n<link rel=\"canonical\" href=\"https:\/\/www.hiperbaric.com\/es\/tecnologia-hip\/equipos\/hiperbaric-67-107-hip\/\" \/>\n<meta property=\"og:locale\" content=\"es_ES\" \/>\n<meta property=\"og:type\" content=\"article\" \/>\n<meta property=\"og:title\" content=\"Hiperbaric 67-107 HIP - Hiperbaric\" \/>\n<meta property=\"og:description\" content=\"Hiperbaric 67-93-107 HIP Presi\u00f3n de operaci\u00f3n Carga m\u00e1xima (Molibdeno \/ Grafito) Temp. de operaci\u00f3n (Molibdeno \/ Grafito) Di\u00e1metro de zona caliente DESCARGAR FLYER HIPERBARIC HIP &gt; Hiperbaric 67-93-107 HIP Las unidades Hiperbaric 67 y 107 HIP son las unidades m\u00e1s grande de la gama de prensado isost\u00e1tico en caliente (HIP). Con sus 675-1.075 mm de...\" \/>\n<meta property=\"og:url\" content=\"https:\/\/www.hiperbaric.com\/es\/tecnologia-hip\/equipos\/hiperbaric-67-107-hip\/\" \/>\n<meta property=\"og:site_name\" content=\"Hiperbaric\" \/>\n<meta property=\"article:modified_time\" content=\"2025-11-24T09:59:01+00:00\" \/>\n<meta property=\"og:image\" content=\"https:\/\/www.hiperbaric.com\/wp-content\/uploads\/2025\/11\/ICONOS-HIP-WEB-PRESION-67-93-107.png\" \/>\n<meta name=\"twitter:card\" content=\"summary_large_image\" \/>\n<meta name=\"twitter:label1\" content=\"Tiempo de lectura\" \/>\n\t<meta name=\"twitter:data1\" content=\"3 minutos\" \/>\n<script type=\"application\/ld+json\" class=\"yoast-schema-graph\">{\"@context\":\"https:\/\/schema.org\",\"@graph\":[{\"@type\":\"WebPage\",\"@id\":\"https:\/\/www.hiperbaric.com\/es\/tecnologia-hip\/equipos\/hiperbaric-67-107-hip\/\",\"url\":\"https:\/\/www.hiperbaric.com\/es\/tecnologia-hip\/equipos\/hiperbaric-67-107-hip\/\",\"name\":\"Hiperbaric 67-107 HIP - Hiperbaric\",\"isPartOf\":{\"@id\":\"https:\/\/www.hiperbaric.com\/en\/#website\"},\"primaryImageOfPage\":{\"@id\":\"https:\/\/www.hiperbaric.com\/es\/tecnologia-hip\/equipos\/hiperbaric-67-107-hip\/#primaryimage\"},\"image\":{\"@id\":\"https:\/\/www.hiperbaric.com\/es\/tecnologia-hip\/equipos\/hiperbaric-67-107-hip\/#primaryimage\"},\"thumbnailUrl\":\"https:\/\/www.hiperbaric.com\/wp-content\/uploads\/2025\/11\/ICONOS-HIP-WEB-PRESION-67-93-107.png\",\"datePublished\":\"2020-07-29T08:51:21+00:00\",\"dateModified\":\"2025-11-24T09:59:01+00:00\",\"breadcrumb\":{\"@id\":\"https:\/\/www.hiperbaric.com\/es\/tecnologia-hip\/equipos\/hiperbaric-67-107-hip\/#breadcrumb\"},\"inLanguage\":\"es\",\"potentialAction\":[{\"@type\":\"ReadAction\",\"target\":[\"https:\/\/www.hiperbaric.com\/es\/tecnologia-hip\/equipos\/hiperbaric-67-107-hip\/\"]}]},{\"@type\":\"ImageObject\",\"inLanguage\":\"es\",\"@id\":\"https:\/\/www.hiperbaric.com\/es\/tecnologia-hip\/equipos\/hiperbaric-67-107-hip\/#primaryimage\",\"url\":\"https:\/\/www.hiperbaric.com\/wp-content\/uploads\/2025\/11\/ICONOS-HIP-WEB-PRESION-67-93-107.png\",\"contentUrl\":\"https:\/\/www.hiperbaric.com\/wp-content\/uploads\/2025\/11\/ICONOS-HIP-WEB-PRESION-67-93-107.png\"},{\"@type\":\"BreadcrumbList\",\"@id\":\"https:\/\/www.hiperbaric.com\/es\/tecnologia-hip\/equipos\/hiperbaric-67-107-hip\/#breadcrumb\",\"itemListElement\":[{\"@type\":\"ListItem\",\"position\":1,\"name\":\"Home\",\"item\":\"https:\/\/www.hiperbaric.com\/es\/\"},{\"@type\":\"ListItem\",\"position\":2,\"name\":\"Tecnolog\u00eda HIP\",\"item\":\"https:\/\/www.hiperbaric.com\/es\/tecnologia-hip\/\"},{\"@type\":\"ListItem\",\"position\":3,\"name\":\"Equipos\",\"item\":\"https:\/\/www.hiperbaric.com\/es\/tecnologia-hip\/equipos\/\"},{\"@type\":\"ListItem\",\"position\":4,\"name\":\"Hiperbaric 67-107 HIP\"}]},{\"@type\":\"WebSite\",\"@id\":\"https:\/\/www.hiperbaric.com\/en\/#website\",\"url\":\"https:\/\/www.hiperbaric.com\/en\/\",\"name\":\"Hiperbaric\",\"description\":\"Procesado para la conservaci\u00f3n de alimentos\",\"publisher\":{\"@id\":\"https:\/\/www.hiperbaric.com\/en\/#organization\"},\"potentialAction\":[{\"@type\":\"SearchAction\",\"target\":{\"@type\":\"EntryPoint\",\"urlTemplate\":\"https:\/\/www.hiperbaric.com\/en\/?s={search_term_string}\"},\"query-input\":\"required name=search_term_string\"}],\"inLanguage\":\"es\"},{\"@type\":\"Organization\",\"@id\":\"https:\/\/www.hiperbaric.com\/en\/#organization\",\"name\":\"Hiperbaric\",\"url\":\"https:\/\/www.hiperbaric.com\/en\/\",\"logo\":{\"@type\":\"ImageObject\",\"inLanguage\":\"es\",\"@id\":\"https:\/\/www.hiperbaric.com\/en\/#\/schema\/logo\/image\/\",\"url\":\"https:\/\/www.hiperbaric.com\/wp-content\/uploads\/2026\/01\/cropped-hiperbaric-logotipo-1-2.png\",\"contentUrl\":\"https:\/\/www.hiperbaric.com\/wp-content\/uploads\/2026\/01\/cropped-hiperbaric-logotipo-1-2.png\",\"width\":340,\"height\":72,\"caption\":\"Hiperbaric\"},\"image\":{\"@id\":\"https:\/\/www.hiperbaric.com\/en\/#\/schema\/logo\/image\/\"}}]}<\/script>\n<!-- \/ Yoast SEO plugin. -->","yoast_head_json":{"title":"Hiperbaric 67-107 HIP - Hiperbaric","robots":{"index":"index","follow":"follow","max-snippet":"max-snippet:-1","max-image-preview":"max-image-preview:large","max-video-preview":"max-video-preview:-1"},"canonical":"https:\/\/www.hiperbaric.com\/es\/tecnologia-hip\/equipos\/hiperbaric-67-107-hip\/","og_locale":"es_ES","og_type":"article","og_title":"Hiperbaric 67-107 HIP - Hiperbaric","og_description":"Hiperbaric 67-93-107 HIP Presi\u00f3n de operaci\u00f3n Carga m\u00e1xima (Molibdeno \/ Grafito) Temp. de operaci\u00f3n (Molibdeno \/ Grafito) Di\u00e1metro de zona caliente DESCARGAR FLYER HIPERBARIC HIP > Hiperbaric 67-93-107 HIP Las unidades Hiperbaric 67 y 107 HIP son las unidades m\u00e1s grande de la gama de prensado isost\u00e1tico en caliente (HIP). Con sus 675-1.075 mm de...","og_url":"https:\/\/www.hiperbaric.com\/es\/tecnologia-hip\/equipos\/hiperbaric-67-107-hip\/","og_site_name":"Hiperbaric","article_modified_time":"2025-11-24T09:59:01+00:00","og_image":[{"url":"https:\/\/www.hiperbaric.com\/wp-content\/uploads\/2025\/11\/ICONOS-HIP-WEB-PRESION-67-93-107.png"}],"twitter_card":"summary_large_image","twitter_misc":{"Tiempo de lectura":"3 minutos"},"schema":{"@context":"https:\/\/schema.org","@graph":[{"@type":"WebPage","@id":"https:\/\/www.hiperbaric.com\/es\/tecnologia-hip\/equipos\/hiperbaric-67-107-hip\/","url":"https:\/\/www.hiperbaric.com\/es\/tecnologia-hip\/equipos\/hiperbaric-67-107-hip\/","name":"Hiperbaric 67-107 HIP - Hiperbaric","isPartOf":{"@id":"https:\/\/www.hiperbaric.com\/en\/#website"},"primaryImageOfPage":{"@id":"https:\/\/www.hiperbaric.com\/es\/tecnologia-hip\/equipos\/hiperbaric-67-107-hip\/#primaryimage"},"image":{"@id":"https:\/\/www.hiperbaric.com\/es\/tecnologia-hip\/equipos\/hiperbaric-67-107-hip\/#primaryimage"},"thumbnailUrl":"https:\/\/www.hiperbaric.com\/wp-content\/uploads\/2025\/11\/ICONOS-HIP-WEB-PRESION-67-93-107.png","datePublished":"2020-07-29T08:51:21+00:00","dateModified":"2025-11-24T09:59:01+00:00","breadcrumb":{"@id":"https:\/\/www.hiperbaric.com\/es\/tecnologia-hip\/equipos\/hiperbaric-67-107-hip\/#breadcrumb"},"inLanguage":"es","potentialAction":[{"@type":"ReadAction","target":["https:\/\/www.hiperbaric.com\/es\/tecnologia-hip\/equipos\/hiperbaric-67-107-hip\/"]}]},{"@type":"ImageObject","inLanguage":"es","@id":"https:\/\/www.hiperbaric.com\/es\/tecnologia-hip\/equipos\/hiperbaric-67-107-hip\/#primaryimage","url":"https:\/\/www.hiperbaric.com\/wp-content\/uploads\/2025\/11\/ICONOS-HIP-WEB-PRESION-67-93-107.png","contentUrl":"https:\/\/www.hiperbaric.com\/wp-content\/uploads\/2025\/11\/ICONOS-HIP-WEB-PRESION-67-93-107.png"},{"@type":"BreadcrumbList","@id":"https:\/\/www.hiperbaric.com\/es\/tecnologia-hip\/equipos\/hiperbaric-67-107-hip\/#breadcrumb","itemListElement":[{"@type":"ListItem","position":1,"name":"Home","item":"https:\/\/www.hiperbaric.com\/es\/"},{"@type":"ListItem","position":2,"name":"Tecnolog\u00eda HIP","item":"https:\/\/www.hiperbaric.com\/es\/tecnologia-hip\/"},{"@type":"ListItem","position":3,"name":"Equipos","item":"https:\/\/www.hiperbaric.com\/es\/tecnologia-hip\/equipos\/"},{"@type":"ListItem","position":4,"name":"Hiperbaric 67-107 HIP"}]},{"@type":"WebSite","@id":"https:\/\/www.hiperbaric.com\/en\/#website","url":"https:\/\/www.hiperbaric.com\/en\/","name":"Hiperbaric","description":"Procesado para la conservaci\u00f3n de alimentos","publisher":{"@id":"https:\/\/www.hiperbaric.com\/en\/#organization"},"potentialAction":[{"@type":"SearchAction","target":{"@type":"EntryPoint","urlTemplate":"https:\/\/www.hiperbaric.com\/en\/?s={search_term_string}"},"query-input":"required name=search_term_string"}],"inLanguage":"es"},{"@type":"Organization","@id":"https:\/\/www.hiperbaric.com\/en\/#organization","name":"Hiperbaric","url":"https:\/\/www.hiperbaric.com\/en\/","logo":{"@type":"ImageObject","inLanguage":"es","@id":"https:\/\/www.hiperbaric.com\/en\/#\/schema\/logo\/image\/","url":"https:\/\/www.hiperbaric.com\/wp-content\/uploads\/2026\/01\/cropped-hiperbaric-logotipo-1-2.png","contentUrl":"https:\/\/www.hiperbaric.com\/wp-content\/uploads\/2026\/01\/cropped-hiperbaric-logotipo-1-2.png","width":340,"height":72,"caption":"Hiperbaric"},"image":{"@id":"https:\/\/www.hiperbaric.com\/en\/#\/schema\/logo\/image\/"}}]}},"_links":{"self":[{"href":"https:\/\/www.hiperbaric.com\/es\/wp-json\/wp\/v2\/pages\/21505"}],"collection":[{"href":"https:\/\/www.hiperbaric.com\/es\/wp-json\/wp\/v2\/pages"}],"about":[{"href":"https:\/\/www.hiperbaric.com\/es\/wp-json\/wp\/v2\/types\/page"}],"author":[{"embeddable":true,"href":"https:\/\/www.hiperbaric.com\/es\/wp-json\/wp\/v2\/users\/1"}],"replies":[{"embeddable":true,"href":"https:\/\/www.hiperbaric.com\/es\/wp-json\/wp\/v2\/comments?post=21505"}],"version-history":[{"count":5,"href":"https:\/\/www.hiperbaric.com\/es\/wp-json\/wp\/v2\/pages\/21505\/revisions"}],"predecessor-version":[{"id":65910,"href":"https:\/\/www.hiperbaric.com\/es\/wp-json\/wp\/v2\/pages\/21505\/revisions\/65910"}],"up":[{"embeddable":true,"href":"https:\/\/www.hiperbaric.com\/es\/wp-json\/wp\/v2\/pages\/21498"}],"wp:attachment":[{"href":"https:\/\/www.hiperbaric.com\/es\/wp-json\/wp\/v2\/media?parent=21505"}],"curies":[{"name":"wp","href":"https:\/\/api.w.org\/{rel}","templated":true}]}}