{"id":21498,"date":"2020-07-29T07:41:07","date_gmt":"2020-07-29T05:41:07","guid":{"rendered":"https:\/\/www.hiperbaric.com\/?page_id=21498"},"modified":"2026-04-01T13:02:26","modified_gmt":"2026-04-01T11:02:26","slug":"equipos","status":"publish","type":"page","link":"https:\/\/www.hiperbaric.com\/es\/tecnologia-hip\/equipos\/","title":{"rendered":"Equipos"},"content":{"rendered":"\n\n\t<p>La gama de prensas HIP de Hiperbaric ofrece al mercado equipos compactos, vers\u00e1tiles y eficientes sin comprometer la seguridad ni el rendimiento. Permite a nuestros clientes acercarse a mercados altamente exigentes que requieren excelentes propiedades mec\u00e1nicas de los componentes o materiales.<\/p>\n<p>Los equipos HIP de Hiperbaric est\u00e1n dise\u00f1ados en base a los principios de eficiencia. Cuentan con excelentes prestaciones y un precio competitivo. Las prensas est\u00e1n equipadas con una vasija bobinada, cuya tecnolog\u00eda est\u00e1 avalada por m\u00e1s de 20 a\u00f1os de experiencia de Hiperbaric en el campo de las altas presiones. En el sector agroalimentario, la compa\u00f1\u00eda ha instalado m\u00e1s de 300 equipos industriales en todo el mundo, que incorporan este dise\u00f1o de vasija bobinada.<\/p>\n<p>Gracias a la vasija bobinada, nuestras prensas pueden realizar tratamientos t\u00e9rmicos combinados con el proceso HIP, gracias a nuestra <strong>tecnolog\u00eda de enfriamiento r\u00e1pido (Fast Cooling)<\/strong>. El <strong>dise\u00f1o fuga antes de ruptura (leak\u00a0 before burst)<\/strong> garantiza una operaci\u00f3n segura en el recipiente de presi\u00f3n.<\/p>\n<p>Los certificados nacionales e internacionales de los equipos HIP son prueba de que el trabajo realizado por Hiperbaric cumple con los m\u00e1s exigentes est\u00e1ndares de calidad.<\/p>\n<h4>\n\t\tFuncionamiento de la tecnolog\u00eda HIP\n\t<\/h4>\n\t<iframe loading=\"lazy\" width=\"560\" height=\"315\" src=\"https:\/\/www.youtube.com\/embed\/28cFAlFpLiI?si=7ZKKhvjxMQYpayeW\" title=\"YouTube video player\" frameborder=\"0\" allow=\"accelerometer; autoplay; clipboard-write; encrypted-media; gyroscope; picture-in-picture; web-share\" referrerpolicy=\"strict-origin-when-cross-origin\" allowfullscreen><\/iframe>\n\t    <a href=\"#\" target=\"_self\" role=\"button\" rel=\"noopener\">DESCARGAR FLYER HIPERBARIC HIP > <\/a>\n\t\t\t\t<img decoding=\"async\" loading=\"lazy\" src=\"https:\/\/www.hiperbaric.com\/wp-content\/uploads\/2023\/11\/hiprebaric-20-hip.png\" alt=\"hiprebaric-20-hip\" itemprop=\"image\" height=\"742\" width=\"671\" title=\"hiprebaric-20-hip\" onerror=\"this.style.display='none'\"  \/>\n<h3>\n\tHiperbaric 10-20 HIP\n\t<\/h3>\n\t<p>Vers\u00e1til y f\u00e1cil de instalar, est\u00e1 ideada para cubrir peque\u00f1os vol\u00famenes de piezas procesadas con tecnolog\u00eda HIP, as\u00ed como de I+D.<\/p>\n\t    <a href=\"\/tecnologia-hip\/equipos\/hiperbaric-10-20-hip\/\" target=\"_self\" role=\"button\" rel=\"noopener\">SABER M\u00c1S > <\/a>\n\t\t\t\t<img decoding=\"async\" loading=\"lazy\" src=\"https:\/\/www.hiperbaric.com\/wp-content\/uploads\/2025\/10\/HIP-38-web-equipos-1.jpg\" alt=\"HIP-38-web-equipos-1\" itemprop=\"image\" height=\"742\" width=\"671\" title=\"HIP-38-web-equipos-1\" onerror=\"this.style.display='none'\"  \/>\n<h3>\n\tHiperbaric 30-38-42 HIP\n\t<\/h3>\n\t<p>Dise\u00f1adas para cubrir los vol\u00famenes de producci\u00f3n de los fabricantes de componentes AM modernos y para empresas que buscan ofrecer el proceso HIP a otras.<\/p>\n\t    <a href=\"\/tecnologia-hip\/equipos\/hiperbaric-30-38-42-hip\/\" target=\"_self\" role=\"button\" rel=\"noopener\">SABER M\u00c1S > <\/a>\n\t\t\t\t<img decoding=\"async\" loading=\"lazy\" src=\"https:\/\/www.hiperbaric.com\/wp-content\/uploads\/2024\/11\/HIP-107-web-equipos-1.jpg\" alt=\"HIP 107 (web equipos)\" itemprop=\"image\" height=\"742\" width=\"671\" title=\"HIP 107 (web equipos)\" onerror=\"this.style.display='none'\"  \/>\n<h3>\n\tHiperbaric 67-93-107 HIP\n\t<\/h3>\n\t<p>Estas unidades han sido creadas para cubrir piezas procesadas con tecnolog\u00eda HIP de gran tama\u00f1o en una completa soluci\u00f3n Plug &#038; Play. <\/p>\n\t    <a href=\"\/tecnologia-hip\/equipos\/hiperbaric-67-107-hip\/\" target=\"_self\" role=\"button\" rel=\"noopener\">SABER M\u00c1S > <\/a>\n\n","protected":false},"excerpt":{"rendered":"<p>La gama de prensas HIP de Hiperbaric ofrece al mercado equipos compactos, vers\u00e1tiles y eficientes sin comprometer la seguridad ni el rendimiento. Permite a nuestros clientes acercarse a mercados altamente exigentes que requieren excelentes propiedades mec\u00e1nicas de los componentes o materiales. Los equipos HIP de Hiperbaric est\u00e1n dise\u00f1ados en base a los principios de eficiencia&#8230;.<\/p>\n","protected":false},"author":1,"featured_media":0,"parent":20699,"menu_order":0,"comment_status":"closed","ping_status":"closed","template":"","meta":{"om_disable_all_campaigns":false,"inline_featured_image":false,"_monsterinsights_skip_tracking":false,"_monsterinsights_sitenote_active":false,"_monsterinsights_sitenote_note":"","_monsterinsights_sitenote_category":0,"footnotes":"","_wp_rev_ctl_limit":""},"acf":[],"yoast_head":"<!-- This site is optimized with the Yoast SEO plugin v22.4 - https:\/\/yoast.com\/wordpress\/plugins\/seo\/ -->\n<title>Prensas HIP - Equipos - Hiperbaric<\/title>\n<meta name=\"description\" content=\"La gama de prensas HIP de Hiperbaric ofrece al mercado equipos compactos, vers\u00e1tiles y eficientes sin comprometer ni seguridad ni rendimiento.\" \/>\n<meta name=\"robots\" content=\"index, follow, max-snippet:-1, max-image-preview:large, max-video-preview:-1\" \/>\n<link rel=\"canonical\" href=\"https:\/\/www.hiperbaric.com\/es\/tecnologia-hip\/equipos\/\" \/>\n<meta property=\"og:locale\" content=\"es_ES\" \/>\n<meta property=\"og:type\" content=\"article\" \/>\n<meta property=\"og:title\" content=\"Prensas HIP - Equipos - Hiperbaric\" \/>\n<meta property=\"og:description\" content=\"La gama de prensas HIP de Hiperbaric ofrece al mercado equipos compactos, vers\u00e1tiles y eficientes sin comprometer ni seguridad ni rendimiento.\" \/>\n<meta property=\"og:url\" content=\"https:\/\/www.hiperbaric.com\/es\/tecnologia-hip\/equipos\/\" \/>\n<meta property=\"og:site_name\" content=\"Hiperbaric\" \/>\n<meta property=\"article:modified_time\" content=\"2026-04-01T11:02:26+00:00\" \/>\n<meta property=\"og:image\" content=\"https:\/\/www.hiperbaric.com\/wp-content\/uploads\/2023\/11\/hiprebaric-20-hip.png\" \/>\n<meta name=\"twitter:card\" content=\"summary_large_image\" \/>\n<meta name=\"twitter:label1\" content=\"Tiempo de lectura\" \/>\n\t<meta name=\"twitter:data1\" content=\"2 minutos\" \/>\n<script type=\"application\/ld+json\" class=\"yoast-schema-graph\">{\"@context\":\"https:\/\/schema.org\",\"@graph\":[{\"@type\":\"WebPage\",\"@id\":\"https:\/\/www.hiperbaric.com\/es\/tecnologia-hip\/equipos\/\",\"url\":\"https:\/\/www.hiperbaric.com\/es\/tecnologia-hip\/equipos\/\",\"name\":\"Prensas HIP - Equipos - Hiperbaric\",\"isPartOf\":{\"@id\":\"https:\/\/www.hiperbaric.com\/en\/#website\"},\"primaryImageOfPage\":{\"@id\":\"https:\/\/www.hiperbaric.com\/es\/tecnologia-hip\/equipos\/#primaryimage\"},\"image\":{\"@id\":\"https:\/\/www.hiperbaric.com\/es\/tecnologia-hip\/equipos\/#primaryimage\"},\"thumbnailUrl\":\"https:\/\/www.hiperbaric.com\/wp-content\/uploads\/2023\/11\/hiprebaric-20-hip.png\",\"datePublished\":\"2020-07-29T05:41:07+00:00\",\"dateModified\":\"2026-04-01T11:02:26+00:00\",\"description\":\"La gama de prensas HIP de Hiperbaric ofrece al mercado equipos compactos, vers\u00e1tiles y eficientes sin comprometer ni seguridad ni rendimiento.\",\"breadcrumb\":{\"@id\":\"https:\/\/www.hiperbaric.com\/es\/tecnologia-hip\/equipos\/#breadcrumb\"},\"inLanguage\":\"es\",\"potentialAction\":[{\"@type\":\"ReadAction\",\"target\":[\"https:\/\/www.hiperbaric.com\/es\/tecnologia-hip\/equipos\/\"]}]},{\"@type\":\"ImageObject\",\"inLanguage\":\"es\",\"@id\":\"https:\/\/www.hiperbaric.com\/es\/tecnologia-hip\/equipos\/#primaryimage\",\"url\":\"https:\/\/www.hiperbaric.com\/wp-content\/uploads\/2023\/11\/hiprebaric-20-hip.png\",\"contentUrl\":\"https:\/\/www.hiperbaric.com\/wp-content\/uploads\/2023\/11\/hiprebaric-20-hip.png\"},{\"@type\":\"BreadcrumbList\",\"@id\":\"https:\/\/www.hiperbaric.com\/es\/tecnologia-hip\/equipos\/#breadcrumb\",\"itemListElement\":[{\"@type\":\"ListItem\",\"position\":1,\"name\":\"Home\",\"item\":\"https:\/\/www.hiperbaric.com\/es\/\"},{\"@type\":\"ListItem\",\"position\":2,\"name\":\"Tecnolog\u00eda HIP\",\"item\":\"https:\/\/www.hiperbaric.com\/es\/tecnologia-hip\/\"},{\"@type\":\"ListItem\",\"position\":3,\"name\":\"Equipos\"}]},{\"@type\":\"WebSite\",\"@id\":\"https:\/\/www.hiperbaric.com\/en\/#website\",\"url\":\"https:\/\/www.hiperbaric.com\/en\/\",\"name\":\"Hiperbaric\",\"description\":\"Procesado para la conservaci\u00f3n de alimentos\",\"publisher\":{\"@id\":\"https:\/\/www.hiperbaric.com\/en\/#organization\"},\"potentialAction\":[{\"@type\":\"SearchAction\",\"target\":{\"@type\":\"EntryPoint\",\"urlTemplate\":\"https:\/\/www.hiperbaric.com\/en\/?s={search_term_string}\"},\"query-input\":\"required name=search_term_string\"}],\"inLanguage\":\"es\"},{\"@type\":\"Organization\",\"@id\":\"https:\/\/www.hiperbaric.com\/en\/#organization\",\"name\":\"Hiperbaric\",\"url\":\"https:\/\/www.hiperbaric.com\/en\/\",\"logo\":{\"@type\":\"ImageObject\",\"inLanguage\":\"es\",\"@id\":\"https:\/\/www.hiperbaric.com\/en\/#\/schema\/logo\/image\/\",\"url\":\"https:\/\/www.hiperbaric.com\/wp-content\/uploads\/2026\/01\/cropped-hiperbaric-logotipo-1-2.png\",\"contentUrl\":\"https:\/\/www.hiperbaric.com\/wp-content\/uploads\/2026\/01\/cropped-hiperbaric-logotipo-1-2.png\",\"width\":340,\"height\":72,\"caption\":\"Hiperbaric\"},\"image\":{\"@id\":\"https:\/\/www.hiperbaric.com\/en\/#\/schema\/logo\/image\/\"}}]}<\/script>\n<!-- \/ Yoast SEO plugin. -->","yoast_head_json":{"title":"Prensas HIP - Equipos - Hiperbaric","description":"La gama de prensas HIP de Hiperbaric ofrece al mercado equipos compactos, vers\u00e1tiles y eficientes sin comprometer ni seguridad ni rendimiento.","robots":{"index":"index","follow":"follow","max-snippet":"max-snippet:-1","max-image-preview":"max-image-preview:large","max-video-preview":"max-video-preview:-1"},"canonical":"https:\/\/www.hiperbaric.com\/es\/tecnologia-hip\/equipos\/","og_locale":"es_ES","og_type":"article","og_title":"Prensas HIP - Equipos - Hiperbaric","og_description":"La gama de prensas HIP de Hiperbaric ofrece al mercado equipos compactos, vers\u00e1tiles y eficientes sin comprometer ni seguridad ni rendimiento.","og_url":"https:\/\/www.hiperbaric.com\/es\/tecnologia-hip\/equipos\/","og_site_name":"Hiperbaric","article_modified_time":"2026-04-01T11:02:26+00:00","og_image":[{"url":"https:\/\/www.hiperbaric.com\/wp-content\/uploads\/2023\/11\/hiprebaric-20-hip.png"}],"twitter_card":"summary_large_image","twitter_misc":{"Tiempo de lectura":"2 minutos"},"schema":{"@context":"https:\/\/schema.org","@graph":[{"@type":"WebPage","@id":"https:\/\/www.hiperbaric.com\/es\/tecnologia-hip\/equipos\/","url":"https:\/\/www.hiperbaric.com\/es\/tecnologia-hip\/equipos\/","name":"Prensas HIP - Equipos - Hiperbaric","isPartOf":{"@id":"https:\/\/www.hiperbaric.com\/en\/#website"},"primaryImageOfPage":{"@id":"https:\/\/www.hiperbaric.com\/es\/tecnologia-hip\/equipos\/#primaryimage"},"image":{"@id":"https:\/\/www.hiperbaric.com\/es\/tecnologia-hip\/equipos\/#primaryimage"},"thumbnailUrl":"https:\/\/www.hiperbaric.com\/wp-content\/uploads\/2023\/11\/hiprebaric-20-hip.png","datePublished":"2020-07-29T05:41:07+00:00","dateModified":"2026-04-01T11:02:26+00:00","description":"La gama de prensas HIP de Hiperbaric ofrece al mercado equipos compactos, vers\u00e1tiles y eficientes sin comprometer ni seguridad ni rendimiento.","breadcrumb":{"@id":"https:\/\/www.hiperbaric.com\/es\/tecnologia-hip\/equipos\/#breadcrumb"},"inLanguage":"es","potentialAction":[{"@type":"ReadAction","target":["https:\/\/www.hiperbaric.com\/es\/tecnologia-hip\/equipos\/"]}]},{"@type":"ImageObject","inLanguage":"es","@id":"https:\/\/www.hiperbaric.com\/es\/tecnologia-hip\/equipos\/#primaryimage","url":"https:\/\/www.hiperbaric.com\/wp-content\/uploads\/2023\/11\/hiprebaric-20-hip.png","contentUrl":"https:\/\/www.hiperbaric.com\/wp-content\/uploads\/2023\/11\/hiprebaric-20-hip.png"},{"@type":"BreadcrumbList","@id":"https:\/\/www.hiperbaric.com\/es\/tecnologia-hip\/equipos\/#breadcrumb","itemListElement":[{"@type":"ListItem","position":1,"name":"Home","item":"https:\/\/www.hiperbaric.com\/es\/"},{"@type":"ListItem","position":2,"name":"Tecnolog\u00eda HIP","item":"https:\/\/www.hiperbaric.com\/es\/tecnologia-hip\/"},{"@type":"ListItem","position":3,"name":"Equipos"}]},{"@type":"WebSite","@id":"https:\/\/www.hiperbaric.com\/en\/#website","url":"https:\/\/www.hiperbaric.com\/en\/","name":"Hiperbaric","description":"Procesado para la conservaci\u00f3n de alimentos","publisher":{"@id":"https:\/\/www.hiperbaric.com\/en\/#organization"},"potentialAction":[{"@type":"SearchAction","target":{"@type":"EntryPoint","urlTemplate":"https:\/\/www.hiperbaric.com\/en\/?s={search_term_string}"},"query-input":"required name=search_term_string"}],"inLanguage":"es"},{"@type":"Organization","@id":"https:\/\/www.hiperbaric.com\/en\/#organization","name":"Hiperbaric","url":"https:\/\/www.hiperbaric.com\/en\/","logo":{"@type":"ImageObject","inLanguage":"es","@id":"https:\/\/www.hiperbaric.com\/en\/#\/schema\/logo\/image\/","url":"https:\/\/www.hiperbaric.com\/wp-content\/uploads\/2026\/01\/cropped-hiperbaric-logotipo-1-2.png","contentUrl":"https:\/\/www.hiperbaric.com\/wp-content\/uploads\/2026\/01\/cropped-hiperbaric-logotipo-1-2.png","width":340,"height":72,"caption":"Hiperbaric"},"image":{"@id":"https:\/\/www.hiperbaric.com\/en\/#\/schema\/logo\/image\/"}}]}},"_links":{"self":[{"href":"https:\/\/www.hiperbaric.com\/es\/wp-json\/wp\/v2\/pages\/21498"}],"collection":[{"href":"https:\/\/www.hiperbaric.com\/es\/wp-json\/wp\/v2\/pages"}],"about":[{"href":"https:\/\/www.hiperbaric.com\/es\/wp-json\/wp\/v2\/types\/page"}],"author":[{"embeddable":true,"href":"https:\/\/www.hiperbaric.com\/es\/wp-json\/wp\/v2\/users\/1"}],"replies":[{"embeddable":true,"href":"https:\/\/www.hiperbaric.com\/es\/wp-json\/wp\/v2\/comments?post=21498"}],"version-history":[{"count":5,"href":"https:\/\/www.hiperbaric.com\/es\/wp-json\/wp\/v2\/pages\/21498\/revisions"}],"predecessor-version":[{"id":67543,"href":"https:\/\/www.hiperbaric.com\/es\/wp-json\/wp\/v2\/pages\/21498\/revisions\/67543"}],"up":[{"embeddable":true,"href":"https:\/\/www.hiperbaric.com\/es\/wp-json\/wp\/v2\/pages\/20699"}],"wp:attachment":[{"href":"https:\/\/www.hiperbaric.com\/es\/wp-json\/wp\/v2\/media?parent=21498"}],"curies":[{"name":"wp","href":"https:\/\/api.w.org\/{rel}","templated":true}]}}