{"id":21431,"date":"2020-07-27T14:17:24","date_gmt":"2020-07-27T12:17:24","guid":{"rendered":"https:\/\/www.hiperbaric.com\/?page_id=21431"},"modified":"2022-10-19T11:18:01","modified_gmt":"2022-10-19T09:18:01","slug":"fabricacion-aditiva","status":"publish","type":"page","link":"https:\/\/www.hiperbaric.com\/es\/tecnologia-hip\/tecnicas-de-fabricacion-hip\/fabricacion-aditiva\/","title":{"rendered":"Fabricaci\u00f3n aditiva"},"content":{"rendered":"\n\n\t<h1>Fabricaci\u00f3n aditiva (AM)<\/h1>\n<p>La fabricaci\u00f3n aditiva (Additive Manufacturing, AM) es un proceso de fabricaci\u00f3n que engloba diversas t\u00e9cnicas que tienen en com\u00fan la producci\u00f3n de componentes tridimensionales a partir de un dise\u00f1o CAD previo, a base de la adici\u00f3n de capas o elementos bidimensionales. Esta forma de fabricaci\u00f3n permite mayor libertad de dise\u00f1o al no estar limitada por las t\u00e9cnicas de fabricaci\u00f3n convencionales. La fabricaci\u00f3n aditiva tambi\u00e9n se conoce como impresi\u00f3n 3D o prototipado r\u00e1pido.<\/p>\n<p>La tecnolog\u00eda de prensado isost\u00e1tico en caliente (Hot Isostatic Pressing, HIP) de Hiperbaric mejora las propiedades de las piezas met\u00e1licas fabricadas por distintos procesos AM, aport\u00e1ndoles mayor valor a\u00f1adido y haci\u00e9ndolas aptas para un mayor n\u00famero de aplicaciones dot\u00e1ndoles de las funcionalidades requeridas.<\/p>\n<a role=\"button\" data-toggle=\"collapse\" href=\"#aplicacionCollapse\" aria-expanded=\"false\" aria-controls=\"aplicacionCollapse\">Leer m\u00e1s &gt;<\/a>\n<iframe loading=\"lazy\" width=\"560\" height=\"315\" src=\"https:\/\/www.youtube.com\/embed\/n9ExkwHBWRk\" title=\"YouTube video player\" frameborder=\"0\" allow=\"accelerometer; autoplay; clipboard-write; encrypted-media; gyroscope; picture-in-picture\" allowfullscreen=\"\"><\/iframe>\n   <section>\n      <img decoding=\"async\" src=\"\/wp-content\/uploads\/2020\/07\/Portada-de-fabricaci\u00f3n-aditiva.jpeg\"\/>\n      <img decoding=\"async\" src=\"\/wp-content\/uploads\/2020\/07\/Fusi\u00f3n-de-cama-de-polvo.jpeg\"\/>\n      <img decoding=\"async\" src=\"\/wp-content\/uploads\/2020\/07\/BINDER-JETTING.jpg\"\/>\n      <img decoding=\"async\" src=\"\/wp-content\/uploads\/2020\/07\/deposici\u00f3n-de-energ\u00eda-dirigida.jpeg\"\/>\n      <img decoding=\"async\" src=\"\/wp-content\/uploads\/2020\/07\/WAAM.jpg\"\/>\n      <img decoding=\"async\" src=\"\/wp-content\/uploads\/2020\/07\/Extrusi\u00f3n-de-material.jpeg\"\/>\n      <img decoding=\"async\" src=\"\/wp-content\/uploads\/2020\/07\/MATERIAL-JETTING.jpg\"\/>\n   <\/section>\n    <section>\n      <img decoding=\"async\" src=\"\/wp-content\/uploads\/2020\/07\/Portada-de-fabricaci\u00f3n-aditiva.jpeg\"\/>\n      <img decoding=\"async\" src=\"\/wp-content\/uploads\/2020\/07\/Fusi\u00f3n-de-cama-de-polvo.jpeg\"\/>\n      <img decoding=\"async\" src=\"\/wp-content\/uploads\/2020\/07\/BINDER-JETTING.jpg\"\/>\n      <img decoding=\"async\" src=\"\/wp-content\/uploads\/2020\/07\/deposici\u00f3n-de-energ\u00eda-dirigida.jpeg\"\/>\n      <img decoding=\"async\" src=\"\/wp-content\/uploads\/2020\/07\/WAAM.jpg\"\/>\n      <img decoding=\"async\" src=\"\/wp-content\/uploads\/2020\/07\/Extrusi\u00f3n-de-material.jpeg\"\/>\n      <img decoding=\"async\" src=\"\/wp-content\/uploads\/2020\/07\/MATERIAL-JETTING.jpg\"\/>\n   <\/section>\n\t<h2 data-element-id=\"hmap-4\"><strong>SINERGIAS Y BENEFICIOS DE LA FABRICACI\u00d3N ADITIVA CON LA APLICACI\u00d3N DE HIP<br \/>\n<\/strong><\/h2>\n\t<p>Actualmente, conforme las diferentes t\u00e9cnicas de AM alcanzan mayor fiabilidad y robustez, esta forma de fabricaci\u00f3n se aleja de los prototipos de validaci\u00f3n, donde ten\u00eda cabida hasta ahora, para pasar a ser una forma de fabricar componentes en lotes de manera viable. De forma paralela a este crecimiento, la tecnolog\u00eda HIP se ha ido consolidando como un postprocesado clave para garantizar la calidad de estos componentes, ya que su aplicaci\u00f3n tiene numerosos beneficios:<\/p>\n<ul>\n<li>Eliminaci\u00f3n de la porosidad y densificaci\u00f3n del material.<\/li>\n<li>Posibilidad de tratamiento t\u00e9rmico combinado con HIP, ahorrando tiempo y costes.<\/li>\n<li>Mejora de propiedades mec\u00e1nicas como ductilidad, resiliencia y vida a fatiga.<\/li>\n<li>Reparaci\u00f3n de defectos y por tanto reducci\u00f3n del n\u00famero de no conformidades.<\/li>\n<li>Reducci\u00f3n de costes al disminuir el n\u00famero de ensayos no destructivos necesarios.<\/li>\n<\/ul>\n<p>&nbsp;<\/p>\n<p><strong>Ejemplos comunes de combinaci\u00f3n de HIP y AM:<\/strong><\/p>\n<p>A medida que las t\u00e9cnicas de fabricaci\u00f3n aditiva evolucionan y aumenta el n\u00famero de estudios que avalan los beneficios de su combinaci\u00f3n con procesos de prensado isost\u00e1tico en caliente, los ejemplos de combinaci\u00f3n de ambas tecnolog\u00edas aumentan continuamente. Entre algunos de los ejemplos m\u00e1s conocidos se encuentran:<\/p>\n<ul>\n<li>En el sector aeroespacial inyectores de combustible y otros componentes de CoCr fabricados por L-PBF (Laser &#8211; Powder Bed Fusion).<\/li>\n<li>Tambi\u00e9n en el sector aeroespacial, \u00e1labes de turbina en motores de avi\u00f3n, fabricados utilizando superaleaciones de n\u00edquel utilizando la t\u00e9cnica L-PBF.<\/li>\n<li>En el sector de implantes m\u00e9dicos, pr\u00f3tesis de cadera y de rodilla fabricadas por L-PBF y EBM (Electron Beam Melting) en aleaciones de titanio.<\/li>\n<li>En el sector de la automoci\u00f3n, gracias al HIP, los prototipos y piezas fabricadas por Fabricaci\u00f3n Aditiva (AM) pueden ser utilizados con total garant\u00eda al obtenerse mayor fiabilidad y mejores propiedades<\/li>\n<\/ul>\n<p>&nbsp;<\/p>\n\t<h2 data-element-id=\"hmap-4\"><strong>T\u00c9CNICAS DE FABRICACI\u00d3N ADITIVA MET\u00c1LICA<br \/>\n<\/strong><\/h2>\n\t<p>Las distintas t\u00e9cnicas de fabricaci\u00f3n aditiva se diferencian por la forma en que se crea la capa bidimensional y la forma en que cada capa se adhiere a las capas previas. Esto define la precisi\u00f3n, materiales y pos procesos necesarios as\u00ed como tiempos y costes de cada m\u00e9todo de AM haciendo unos m\u00e1s adecuados que otros en funci\u00f3n de la aplicaci\u00f3n.<\/p>\n\t<p><strong>Fabricaci\u00f3n aditiva &#8211; Fusi\u00f3n de cama de polvo (Powder Bed Fusion, PBF)<\/strong><\/p>\n<p>Selective Laser Melting (SLM), tambi\u00e9n conocido como Sinterizado selectivo por l\u00e1ser (SLS) o DSL o EBM (Electrom Beam Meling)<\/p>\n<p>Es una de las t\u00e9cnicas de AM m\u00e1s consolidadas. La pieza es creada a base de capas de polvo met\u00e1lico esparcido homog\u00e9neamente y soldado por una fuente energ\u00e9tica a la capa previa. La fuente energ\u00e9tica puede ser Laser L-PBF\/SLM o un haz de electrones E-PBF\/EBM. As\u00ed capa a capa se genera la pieza. Debido a que es un proceso de naturaleza de soldadura puntual los defectos y porosidades son m\u00e1s o menos frecuentes en funci\u00f3n del material y par\u00e1metros de procesado. La tecnolog\u00eda HIP ayuda a reparar estos defectos.<\/p>\n<p>&nbsp;<\/p>\n\t\t\t\t<img decoding=\"async\" src=\"https:\/\/www.hiperbaric.com\/wp-content\/uploads\/2020\/07\/Fusi\u00f3n-de-cama-de-polvo.jpeg\" alt=\"3D printer printing metal. Laser sintering machine for metal. Metal is sintered under the action of laser into shape. DMLS, SLM, SLS. Modern additive technologies 4.0 industrial revolution. Sparks\" itemprop=\"image\" title=\"3D printer printing metal. Laser sintering machine for metal.\" onerror=\"this.style.display='none'\"  \/>\n\t\t\t\t<img decoding=\"async\" loading=\"lazy\" src=\"https:\/\/www.hiperbaric.com\/wp-content\/uploads\/2020\/07\/BINDER-JETTING.jpg\" alt=\"BINDER JETTING\" itemprop=\"image\" height=\"1080\" width=\"1920\" title=\"BINDER JETTING\" onerror=\"this.style.display='none'\"  \/>\n\t<p><strong>Fabricaci\u00f3n Aditiva &#8211; Binder Jetting<\/strong><\/p>\n<p>La tecnolog\u00eda Binder Jetting nace a partir de una patente del MIT (Massachusetts Institute of Technology). En ella, tras la aplicaci\u00f3n de una capa de material en polvo, posteriormente se depositan gotas de binder (adhesivo l\u00edquido) que mantienen las part\u00edculas de polvo unidas entre s\u00ed y a la capa previa. Debido a la naturaleza del proceso se obtiene una pieza unida por binder, llamada \u00aben verde\u00bb, que debe ser sinterizada para poder utilizarse. Durante la etapa de sinterizado posterior el binder se elimina (tambi\u00e9n se podr\u00eda eliminar en una etapa previa).<\/p>\n<p>El proceso de sinterizado une las part\u00edculas de polvo por reducci\u00f3n de energ\u00eda superficial. La densificaci\u00f3n total no se alcanza tras el sinterizado, por esta raz\u00f3n, para componentes que requieren propiedades mec\u00e1nicas elevadas y densidad completa se aplica la tecnolog\u00eda HIP.<\/p>\n<p>&nbsp;<\/p>\n\t<p><strong>Fabricaci\u00f3n Aditiva &#8211; Deposici\u00f3n de Energ\u00eda Dirigida (Directed Energy Deposition)<\/strong><\/p>\n<p>Este proceso de fabricaci\u00f3n aditiva aplica una fuente de energ\u00eda a la vez que a\u00f1ade el material que forma parte de la pieza. Al igual que en los procesos de lecho en polvo (Bed Fusion) la fuente de energ\u00eda puede ser un l\u00e1ser o un haz de electrones. As\u00ed mismo, el material a\u00f1adido puede ser suministrado en forma de polvo o de hilo, a trav\u00e9s de un cono conc\u00e9ntrico a la fuente de energ\u00eda.<\/p>\n<p>Este proceso de AM tiene una producci\u00f3n muy elevada pero menor precisi\u00f3n geom\u00e9trica y se destina a reparaciones, recubrimientos o piezas grandes. El prensado de estas piezas por HIP mejora de forma sustancial sus prestaciones.<\/p>\n<p>&nbsp;<\/p>\n\t\t\t\t<img decoding=\"async\" src=\"https:\/\/www.hiperbaric.com\/wp-content\/uploads\/2020\/07\/deposici\u00f3n-de-energ\u00eda-dirigida.jpeg\" alt=\"3D metal printer produces a steel part. Revolutionary additive technology for sintering metal parts. Soft focus.\" itemprop=\"image\" title=\"3D metal printer produces a steel part.\" onerror=\"this.style.display='none'\"  \/>\n\t\t\t\t<img decoding=\"async\" loading=\"lazy\" src=\"https:\/\/www.hiperbaric.com\/wp-content\/uploads\/2020\/07\/WAAM.jpg\" alt=\"WAAM\" itemprop=\"image\" height=\"960\" width=\"1440\" title=\"WAAM\" onerror=\"this.style.display='none'\"  \/>\n\t<p><strong>Fabricaci\u00f3n Aditiva &#8211; Wire Arc Additive Manufacturing (WAAM)<\/strong><\/p>\n<p>Esta t\u00e9cnica guarda similitudes con DED en la medida en que el material y la fuente energ\u00e9tica act\u00faan a la vez para a\u00f1adir material. El proceso es en esencia la soldadura por hilo MIG\/MAG. Un hilo de material met\u00e1lico adem\u00e1s de servir de material de aporte hace de electrodo.<\/p>\n<p>El material se depositada (sprayed) sobre el ba\u00f1o de fusi\u00f3n de la soldadura. Este proceso de AM tienen una producci\u00f3n muy elevada y baja calidad geom\u00e9trica est\u00e1 destinado a reparaciones, recubrimientos o piezas grandes.<\/p>\n<p>&nbsp;<\/p>\n\t<p><strong>Fabricaci\u00f3n Aditiva &#8211; Extrusi\u00f3n de material (Material Extrusion)<\/strong><\/p>\n<p>Es una t\u00e9cnica de fabricaci\u00f3n aditiva que se basa en la extrusi\u00f3n de un material pl\u00e1stico que fluye y se adhiere al sustrato sobre el que se deposita. El material extruido puede ser una mezcla de Binder pl\u00e1stico y part\u00edculas met\u00e1licas.<\/p>\n<p>Tras la impresi\u00f3n se obtienen una pieza en verde que posteriormente se sinterizada para alcanzar cierta densidad y consistencia. Al igual que con el binder jetting estas piezas pueden ser sometidas a HIP para alcanzar la densidad te\u00f3rica m\u00e1xima.<\/p>\n<p>&nbsp;<\/p>\n<p>&nbsp;<\/p>\n\t\t\t\t<img decoding=\"async\" src=\"https:\/\/www.hiperbaric.com\/wp-content\/uploads\/2020\/07\/Extrusi\u00f3n-de-material.jpeg\" alt=\"Electronic three dimensional plastic printer during work , 3D printer, 3D printing\" itemprop=\"image\" title=\"Electronic three dimensional plastic printer during work , 3D , printing.\" onerror=\"this.style.display='none'\"  \/>\n\t\t\t\t<img decoding=\"async\" loading=\"lazy\" src=\"https:\/\/www.hiperbaric.com\/wp-content\/uploads\/2020\/07\/MATERIAL-JETTING_mini.jpg\" alt=\"MATERIAL JETTING_mini\" itemprop=\"image\" height=\"190\" width=\"290\" title=\"MATERIAL JETTING_mini\" onerror=\"this.style.display='none'\"  \/>\n\t<p><strong>Fabricaci\u00f3n Aditiva &#8211; Material Jetting (MJ)<\/strong><\/p>\n<p>La evoluci\u00f3n de la industria de impresi\u00f3n convencional para llegar a la fabricaci\u00f3n aditiva ha llevado a que se desarrolle la tecnolog\u00eda de Material Jetting (MJ). Es una tecnolog\u00eda en la que cabezales similares a los de impresi\u00f3n de tinta inyectan material sobre un sustrato previo creando, capa a capa, la impresi\u00f3n 3D. En sus inicios esta tecnolog\u00eda estaba limitada a materiales tipo cera.<\/p>\n<p>M\u00e1s recientemente algunos fabricantes han desarrollado una tecnolog\u00eda por la que se inyecta un binder l\u00edquido que porta nano part\u00edculas met\u00e1licas, creando una pieza en verde que es posteriormente sinterizada y cuyas propiedades pueden verse mejoradas con el uso de HIP.<\/p>\n<p>&nbsp;<\/p>\n<p>&nbsp;<\/p>\n\t<h2 data-element-id=\"hmap-4\"><strong>Otras t\u00e9cnicas de fabricaci\u00f3n HIP<br \/>\n<\/strong><\/h2>\n   <section>\n\t\t\t\t\t\t\t\t\t<a href=\"\/tecnologia-hip\/tecnicas-de-fabricacion-hip\/fundicion\/\" target=\"_self\" itemprop=\"url\" rel=\"noopener\">\n\t\t\t\t\t\t\t\t\t\t\t<img decoding=\"async\" loading=\"lazy\" data-attachment-id=\"17868\" src=\"\/wp-content\/uploads\/2020\/07\/Fundici\u00f3n.jpg\" itemprop=\"image\" height=\"180\" width=\"170\"\/>\n\t\t\t\t\t\t\t\t\t\t\tFundici\u00f3n\n\t\t\t\t\t\t\t\t\t\t<\/a>\n\t\t\t\t\t\t\t\t\t<a href=\"\/tecnologia-hip\/tecnicas-de-fabricacion-hip\/moldeado-por-inyeccion-de-metal\/\" target=\"_self\" itemprop=\"url\" rel=\"noopener\">\n\t\t\t\t\t\t\t\t\t\t\t<img decoding=\"async\" loading=\"lazy\" data-attachment-id=\"17868\" src=\"\/wp-content\/uploads\/2020\/07\/Moldeado-por-inyecci\u00f3n-de-metal-MIM.jpg\" itemprop=\"image\" height=\"180\" width=\"170\"\/>\n\t\t\t\t\t\t\t\t\t\t\tMoldeado por inyecci\u00f3n de metal (MIM)\n\t\t\t\t\t\t\t\t\t\t<\/a>\n\t\t\t\t\t\t\t\t\t<a href=\"\/tecnologia-hip\/tecnicas-de-fabricacion-hip\/pulvimetalurgia\/\" target=\"_self\" itemprop=\"url\" rel=\"noopener\">\n\t\t\t\t\t\t\t\t\t\t\t<img decoding=\"async\" loading=\"lazy\" data-attachment-id=\"17868\" src=\"\/wp-content\/uploads\/2020\/07\/Powder-Metallurgy-PM.jpg\" itemprop=\"image\" height=\"180\" width=\"170\"\/>\n\t\t\t\t\t\t\t\t\t\t\tPulvimetalurgia\n\t\t\t\t\t\t\t\t\t\t<\/a>\n\t\t\t\t\t\t\t\t\t<a href=\"\/tecnologia-hip\/tecnicas-de-fabricacion-hip\/union-por-difusion\/\" target=\"_self\" itemprop=\"url\" rel=\"noopener\">\n\t\t\t\t\t\t\t\t\t\t\t<img decoding=\"async\" loading=\"lazy\" data-attachment-id=\"17868\" src=\"\/wp-content\/uploads\/2020\/07\/diffusion-bonding.jpg\" itemprop=\"image\" height=\"180\" width=\"170\"\/>\n\t\t\t\t\t\t\t\t\t\t\tUni\u00f3n por difusi\u00f3n\n\t\t\t\t\t\t\t\t\t\t<\/a>\n   <\/section>\n\n","protected":false},"excerpt":{"rendered":"<p>Fabricaci\u00f3n aditiva (AM) La fabricaci\u00f3n aditiva (Additive Manufacturing, AM) es un proceso de fabricaci\u00f3n que engloba diversas t\u00e9cnicas que tienen en com\u00fan la producci\u00f3n de componentes tridimensionales a partir de un dise\u00f1o CAD previo, a base de la adici\u00f3n de capas o elementos bidimensionales. Esta forma de fabricaci\u00f3n permite mayor libertad de dise\u00f1o al no&#8230;<\/p>\n","protected":false},"author":1,"featured_media":0,"parent":23310,"menu_order":0,"comment_status":"closed","ping_status":"closed","template":"","meta":{"om_disable_all_campaigns":false,"inline_featured_image":false,"_monsterinsights_skip_tracking":false,"_monsterinsights_sitenote_active":false,"_monsterinsights_sitenote_note":"","_monsterinsights_sitenote_category":0,"footnotes":"","_wp_rev_ctl_limit":""},"acf":[],"yoast_head":"<!-- This site is optimized with the Yoast SEO plugin v22.4 - https:\/\/yoast.com\/wordpress\/plugins\/seo\/ -->\n<title>Fabricaci\u00f3n aditiva - Hiperbaric<\/title>\n<meta name=\"robots\" content=\"index, follow, max-snippet:-1, max-image-preview:large, max-video-preview:-1\" \/>\n<link rel=\"canonical\" href=\"https:\/\/www.hiperbaric.com\/es\/tecnologia-hip\/tecnicas-de-fabricacion-hip\/fabricacion-aditiva\/\" \/>\n<meta property=\"og:locale\" content=\"es_ES\" \/>\n<meta property=\"og:type\" content=\"article\" \/>\n<meta property=\"og:title\" content=\"Fabricaci\u00f3n aditiva - Hiperbaric\" \/>\n<meta property=\"og:description\" content=\"Fabricaci\u00f3n aditiva (AM) La fabricaci\u00f3n aditiva (Additive Manufacturing, AM) es un proceso de fabricaci\u00f3n que engloba diversas t\u00e9cnicas que tienen en com\u00fan la producci\u00f3n de componentes tridimensionales a partir de un dise\u00f1o CAD previo, a base de la adici\u00f3n de capas o elementos bidimensionales. Esta forma de fabricaci\u00f3n permite mayor libertad de dise\u00f1o al no...\" \/>\n<meta property=\"og:url\" content=\"https:\/\/www.hiperbaric.com\/es\/tecnologia-hip\/tecnicas-de-fabricacion-hip\/fabricacion-aditiva\/\" \/>\n<meta property=\"og:site_name\" content=\"Hiperbaric\" \/>\n<meta property=\"article:modified_time\" content=\"2022-10-19T09:18:01+00:00\" \/>\n<meta property=\"og:image\" content=\"https:\/\/www.hiperbaric.com\/wp-content\/uploads\/2020\/07\/BINDER-JETTING.jpg\" \/>\n<meta name=\"twitter:card\" content=\"summary_large_image\" \/>\n<meta name=\"twitter:label1\" content=\"Tiempo de lectura\" \/>\n\t<meta name=\"twitter:data1\" content=\"11 minutos\" \/>\n<script type=\"application\/ld+json\" class=\"yoast-schema-graph\">{\"@context\":\"https:\/\/schema.org\",\"@graph\":[{\"@type\":\"WebPage\",\"@id\":\"https:\/\/www.hiperbaric.com\/es\/tecnologia-hip\/tecnicas-de-fabricacion-hip\/fabricacion-aditiva\/\",\"url\":\"https:\/\/www.hiperbaric.com\/es\/tecnologia-hip\/tecnicas-de-fabricacion-hip\/fabricacion-aditiva\/\",\"name\":\"Fabricaci\u00f3n aditiva - Hiperbaric\",\"isPartOf\":{\"@id\":\"https:\/\/www.hiperbaric.com\/en\/#website\"},\"primaryImageOfPage\":{\"@id\":\"https:\/\/www.hiperbaric.com\/es\/tecnologia-hip\/tecnicas-de-fabricacion-hip\/fabricacion-aditiva\/#primaryimage\"},\"image\":{\"@id\":\"https:\/\/www.hiperbaric.com\/es\/tecnologia-hip\/tecnicas-de-fabricacion-hip\/fabricacion-aditiva\/#primaryimage\"},\"thumbnailUrl\":\"https:\/\/www.hiperbaric.com\/wp-content\/uploads\/2020\/07\/BINDER-JETTING.jpg\",\"datePublished\":\"2020-07-27T12:17:24+00:00\",\"dateModified\":\"2022-10-19T09:18:01+00:00\",\"breadcrumb\":{\"@id\":\"https:\/\/www.hiperbaric.com\/es\/tecnologia-hip\/tecnicas-de-fabricacion-hip\/fabricacion-aditiva\/#breadcrumb\"},\"inLanguage\":\"es\",\"potentialAction\":[{\"@type\":\"ReadAction\",\"target\":[\"https:\/\/www.hiperbaric.com\/es\/tecnologia-hip\/tecnicas-de-fabricacion-hip\/fabricacion-aditiva\/\"]}]},{\"@type\":\"ImageObject\",\"inLanguage\":\"es\",\"@id\":\"https:\/\/www.hiperbaric.com\/es\/tecnologia-hip\/tecnicas-de-fabricacion-hip\/fabricacion-aditiva\/#primaryimage\",\"url\":\"https:\/\/www.hiperbaric.com\/wp-content\/uploads\/2020\/07\/BINDER-JETTING.jpg\",\"contentUrl\":\"https:\/\/www.hiperbaric.com\/wp-content\/uploads\/2020\/07\/BINDER-JETTING.jpg\"},{\"@type\":\"BreadcrumbList\",\"@id\":\"https:\/\/www.hiperbaric.com\/es\/tecnologia-hip\/tecnicas-de-fabricacion-hip\/fabricacion-aditiva\/#breadcrumb\",\"itemListElement\":[{\"@type\":\"ListItem\",\"position\":1,\"name\":\"Home\",\"item\":\"https:\/\/www.hiperbaric.com\/es\/\"},{\"@type\":\"ListItem\",\"position\":2,\"name\":\"Tecnolog\u00eda HIP\",\"item\":\"https:\/\/www.hiperbaric.com\/es\/tecnologia-hip\/\"},{\"@type\":\"ListItem\",\"position\":3,\"name\":\"T\u00e9cnicas de Fabricaci\u00f3n HIP\",\"item\":\"https:\/\/www.hiperbaric.com\/es\/tecnologia-hip\/tecnicas-de-fabricacion-hip\/\"},{\"@type\":\"ListItem\",\"position\":4,\"name\":\"Fabricaci\u00f3n aditiva\"}]},{\"@type\":\"WebSite\",\"@id\":\"https:\/\/www.hiperbaric.com\/en\/#website\",\"url\":\"https:\/\/www.hiperbaric.com\/en\/\",\"name\":\"Hiperbaric\",\"description\":\"Procesado para la conservaci\u00f3n de alimentos\",\"publisher\":{\"@id\":\"https:\/\/www.hiperbaric.com\/en\/#organization\"},\"potentialAction\":[{\"@type\":\"SearchAction\",\"target\":{\"@type\":\"EntryPoint\",\"urlTemplate\":\"https:\/\/www.hiperbaric.com\/en\/?s={search_term_string}\"},\"query-input\":\"required name=search_term_string\"}],\"inLanguage\":\"es\"},{\"@type\":\"Organization\",\"@id\":\"https:\/\/www.hiperbaric.com\/en\/#organization\",\"name\":\"Hiperbaric\",\"url\":\"https:\/\/www.hiperbaric.com\/en\/\",\"logo\":{\"@type\":\"ImageObject\",\"inLanguage\":\"es\",\"@id\":\"https:\/\/www.hiperbaric.com\/en\/#\/schema\/logo\/image\/\",\"url\":\"https:\/\/www.hiperbaric.com\/wp-content\/uploads\/2026\/01\/cropped-hiperbaric-logotipo-1-2.png\",\"contentUrl\":\"https:\/\/www.hiperbaric.com\/wp-content\/uploads\/2026\/01\/cropped-hiperbaric-logotipo-1-2.png\",\"width\":340,\"height\":72,\"caption\":\"Hiperbaric\"},\"image\":{\"@id\":\"https:\/\/www.hiperbaric.com\/en\/#\/schema\/logo\/image\/\"}}]}<\/script>\n<!-- \/ Yoast SEO plugin. -->","yoast_head_json":{"title":"Fabricaci\u00f3n aditiva - Hiperbaric","robots":{"index":"index","follow":"follow","max-snippet":"max-snippet:-1","max-image-preview":"max-image-preview:large","max-video-preview":"max-video-preview:-1"},"canonical":"https:\/\/www.hiperbaric.com\/es\/tecnologia-hip\/tecnicas-de-fabricacion-hip\/fabricacion-aditiva\/","og_locale":"es_ES","og_type":"article","og_title":"Fabricaci\u00f3n aditiva - Hiperbaric","og_description":"Fabricaci\u00f3n aditiva (AM) La fabricaci\u00f3n aditiva (Additive Manufacturing, AM) es un proceso de fabricaci\u00f3n que engloba diversas t\u00e9cnicas que tienen en com\u00fan la producci\u00f3n de componentes tridimensionales a partir de un dise\u00f1o CAD previo, a base de la adici\u00f3n de capas o elementos bidimensionales. Esta forma de fabricaci\u00f3n permite mayor libertad de dise\u00f1o al no...","og_url":"https:\/\/www.hiperbaric.com\/es\/tecnologia-hip\/tecnicas-de-fabricacion-hip\/fabricacion-aditiva\/","og_site_name":"Hiperbaric","article_modified_time":"2022-10-19T09:18:01+00:00","og_image":[{"url":"https:\/\/www.hiperbaric.com\/wp-content\/uploads\/2020\/07\/BINDER-JETTING.jpg"}],"twitter_card":"summary_large_image","twitter_misc":{"Tiempo de lectura":"11 minutos"},"schema":{"@context":"https:\/\/schema.org","@graph":[{"@type":"WebPage","@id":"https:\/\/www.hiperbaric.com\/es\/tecnologia-hip\/tecnicas-de-fabricacion-hip\/fabricacion-aditiva\/","url":"https:\/\/www.hiperbaric.com\/es\/tecnologia-hip\/tecnicas-de-fabricacion-hip\/fabricacion-aditiva\/","name":"Fabricaci\u00f3n aditiva - Hiperbaric","isPartOf":{"@id":"https:\/\/www.hiperbaric.com\/en\/#website"},"primaryImageOfPage":{"@id":"https:\/\/www.hiperbaric.com\/es\/tecnologia-hip\/tecnicas-de-fabricacion-hip\/fabricacion-aditiva\/#primaryimage"},"image":{"@id":"https:\/\/www.hiperbaric.com\/es\/tecnologia-hip\/tecnicas-de-fabricacion-hip\/fabricacion-aditiva\/#primaryimage"},"thumbnailUrl":"https:\/\/www.hiperbaric.com\/wp-content\/uploads\/2020\/07\/BINDER-JETTING.jpg","datePublished":"2020-07-27T12:17:24+00:00","dateModified":"2022-10-19T09:18:01+00:00","breadcrumb":{"@id":"https:\/\/www.hiperbaric.com\/es\/tecnologia-hip\/tecnicas-de-fabricacion-hip\/fabricacion-aditiva\/#breadcrumb"},"inLanguage":"es","potentialAction":[{"@type":"ReadAction","target":["https:\/\/www.hiperbaric.com\/es\/tecnologia-hip\/tecnicas-de-fabricacion-hip\/fabricacion-aditiva\/"]}]},{"@type":"ImageObject","inLanguage":"es","@id":"https:\/\/www.hiperbaric.com\/es\/tecnologia-hip\/tecnicas-de-fabricacion-hip\/fabricacion-aditiva\/#primaryimage","url":"https:\/\/www.hiperbaric.com\/wp-content\/uploads\/2020\/07\/BINDER-JETTING.jpg","contentUrl":"https:\/\/www.hiperbaric.com\/wp-content\/uploads\/2020\/07\/BINDER-JETTING.jpg"},{"@type":"BreadcrumbList","@id":"https:\/\/www.hiperbaric.com\/es\/tecnologia-hip\/tecnicas-de-fabricacion-hip\/fabricacion-aditiva\/#breadcrumb","itemListElement":[{"@type":"ListItem","position":1,"name":"Home","item":"https:\/\/www.hiperbaric.com\/es\/"},{"@type":"ListItem","position":2,"name":"Tecnolog\u00eda HIP","item":"https:\/\/www.hiperbaric.com\/es\/tecnologia-hip\/"},{"@type":"ListItem","position":3,"name":"T\u00e9cnicas de Fabricaci\u00f3n HIP","item":"https:\/\/www.hiperbaric.com\/es\/tecnologia-hip\/tecnicas-de-fabricacion-hip\/"},{"@type":"ListItem","position":4,"name":"Fabricaci\u00f3n aditiva"}]},{"@type":"WebSite","@id":"https:\/\/www.hiperbaric.com\/en\/#website","url":"https:\/\/www.hiperbaric.com\/en\/","name":"Hiperbaric","description":"Procesado para la conservaci\u00f3n de alimentos","publisher":{"@id":"https:\/\/www.hiperbaric.com\/en\/#organization"},"potentialAction":[{"@type":"SearchAction","target":{"@type":"EntryPoint","urlTemplate":"https:\/\/www.hiperbaric.com\/en\/?s={search_term_string}"},"query-input":"required name=search_term_string"}],"inLanguage":"es"},{"@type":"Organization","@id":"https:\/\/www.hiperbaric.com\/en\/#organization","name":"Hiperbaric","url":"https:\/\/www.hiperbaric.com\/en\/","logo":{"@type":"ImageObject","inLanguage":"es","@id":"https:\/\/www.hiperbaric.com\/en\/#\/schema\/logo\/image\/","url":"https:\/\/www.hiperbaric.com\/wp-content\/uploads\/2026\/01\/cropped-hiperbaric-logotipo-1-2.png","contentUrl":"https:\/\/www.hiperbaric.com\/wp-content\/uploads\/2026\/01\/cropped-hiperbaric-logotipo-1-2.png","width":340,"height":72,"caption":"Hiperbaric"},"image":{"@id":"https:\/\/www.hiperbaric.com\/en\/#\/schema\/logo\/image\/"}}]}},"_links":{"self":[{"href":"https:\/\/www.hiperbaric.com\/es\/wp-json\/wp\/v2\/pages\/21431"}],"collection":[{"href":"https:\/\/www.hiperbaric.com\/es\/wp-json\/wp\/v2\/pages"}],"about":[{"href":"https:\/\/www.hiperbaric.com\/es\/wp-json\/wp\/v2\/types\/page"}],"author":[{"embeddable":true,"href":"https:\/\/www.hiperbaric.com\/es\/wp-json\/wp\/v2\/users\/1"}],"replies":[{"embeddable":true,"href":"https:\/\/www.hiperbaric.com\/es\/wp-json\/wp\/v2\/comments?post=21431"}],"version-history":[{"count":10,"href":"https:\/\/www.hiperbaric.com\/es\/wp-json\/wp\/v2\/pages\/21431\/revisions"}],"predecessor-version":[{"id":41168,"href":"https:\/\/www.hiperbaric.com\/es\/wp-json\/wp\/v2\/pages\/21431\/revisions\/41168"}],"up":[{"embeddable":true,"href":"https:\/\/www.hiperbaric.com\/es\/wp-json\/wp\/v2\/pages\/23310"}],"wp:attachment":[{"href":"https:\/\/www.hiperbaric.com\/es\/wp-json\/wp\/v2\/media?parent=21431"}],"curies":[{"name":"wp","href":"https:\/\/api.w.org\/{rel}","templated":true}]}}