{"id":21426,"date":"2020-07-27T14:09:34","date_gmt":"2020-07-27T12:09:34","guid":{"rendered":"https:\/\/www.hiperbaric.com\/?page_id=21426"},"modified":"2020-10-26T10:41:14","modified_gmt":"2020-10-26T09:41:14","slug":"pulvimetalurgia","status":"publish","type":"page","link":"https:\/\/www.hiperbaric.com\/es\/tecnologia-hip\/tecnicas-de-fabricacion-hip\/pulvimetalurgia\/","title":{"rendered":"Pulvimetalurgia"},"content":{"rendered":"\n\t<h1>Pulvimetalurgia (PM)<br \/>\n<\/h1>\n<p>El conformado pr\u00f3ximo a la pieza final (Near Net Shape, NNS) es un proceso de fabricaci\u00f3n pulvimetal\u00fargico en el que se parte de material en polvo que se introduce en un canister (recipiente) fabricado previamente mediante chapa soldada. Una vez introducido el polvo met\u00e1lico con la composici\u00f3n deseada, se hace vac\u00edo y se sella el canister. A continuaci\u00f3n, se introduce en la prensa HIP donde el canister se deforma de manera predecible y el polvo interior se densifica. Finalmente, el canister se elimina obteniendo una pieza con tolerancia pr\u00f3xima a la pieza final.<\/p>\n\t<h2 data-element-id=\"hmap-4\"><strong>SINERGIAS Y BENEFICIOS DE LA APLICACI\u00d3N DE HIP<br \/>\n<\/strong><\/h2>\n\t<p>La tecnolog\u00eda HIP es indispensable en el proceso de fabricaci\u00f3n NNS. Varias industrias se apoyan en esta forma de fabricaci\u00f3n para producir componentes voluminosos pr\u00f3ximos a la forma final. Las propiedades mec\u00e1nicas son homog\u00e9neas y equivalentes a las del material forjado gracias a una microestructura homog\u00e9nea y de grano fino.<\/p>\n<p>El dise\u00f1o de componentes NNS permite combinar elementos (por ejemplo aletas en cuerpos de v\u00e1lvula) que en caso contrario deber\u00edan ir soldados aumentando el riesgo de no conformidad de la pieza y elevando el coste.<\/p>\n<p>Los productos obtenidos por NNS son f\u00e1cilmente inspeccionables por UT-NDT (ensayos no destructivos por ultrasonidos) garantizando que la calidad del componente sea la adecuada de manera sencilla.<\/p>\n<p>&nbsp;<\/p>\n<p><strong>Ejemplos comunes de combinaci\u00f3n de HIP, PM y NNS:<\/strong><\/p>\n<p>Componente fabricado por NNS y posterior mecanizado.<\/p>\n<p>&nbsp;<\/p>\n\t\t\t\t<img loading=\"lazy\" decoding=\"async\" src=\"https:\/\/www.hiperbaric.com\/wp-content\/uploads\/2020\/07\/PM.jpg\" alt=\"PM\" itemprop=\"image\" height=\"195\" width=\"258\" title=\"PM\" onerror=\"this.style.display='none'\"  \/>\n\t<h2 data-element-id=\"hmap-4\"><strong>Otras t\u00e9cnicas de fabricaci\u00f3n HIP<br \/>\n<\/strong><\/h2>\n   <section>\n\t\t\t\t\t\t\t\t\t<a href=\"\/tecnologia-hip\/tecnicas-de-fabricacion-hip\/fundicion\/\" target=\"_self\" itemprop=\"url\" rel=\"noopener noreferrer\">\n\t\t\t\t\t\t\t\t\t\t\t<img loading=\"lazy\" decoding=\"async\" data-attachment-id=\"17868\" src=\"\/wp-content\/uploads\/2020\/07\/Fundici\u00f3n.jpg\" itemprop=\"image\" height=\"180\" width=\"170\">\n\t\t\t\t\t\t\t\t\t\t\tFundici\u00f3n\n\t\t\t\t\t\t\t\t\t\t<\/a>\n\t\t\t\t\t\t\t\t\t<a href=\"\/tecnologia-hip\/tecnicas-de-fabricacion-hip\/moldeado-por-inyeccion-de-metal\/\" target=\"_self\" itemprop=\"url\" rel=\"noopener noreferrer\">\n\t\t\t\t\t\t\t\t\t\t\t<img loading=\"lazy\" decoding=\"async\" data-attachment-id=\"17868\" src=\"\/wp-content\/uploads\/2020\/07\/Moldeado-por-inyecci\u00f3n-de-metal-MIM.jpg\" itemprop=\"image\" height=\"180\" width=\"170\">\n\t\t\t\t\t\t\t\t\t\t\tMoldeado por inyecci\u00f3n de metal (MIM)\n\t\t\t\t\t\t\t\t\t\t<\/a>\n\t\t\t\t\t\t\t\t\t<a href=\"\/tecnologia-hip\/tecnicas-de-fabricacion-hip\/fabricacion-aditiva\/\" target=\"_self\" itemprop=\"url\" rel=\"noopener noreferrer\">\n\t\t\t\t\t\t\t\t\t\t\t<img loading=\"lazy\" decoding=\"async\" data-attachment-id=\"17868\" src=\"\/wp-content\/uploads\/2020\/07\/Fabricaci\u00f3n-aditiva.jpg\" itemprop=\"image\" height=\"180\" width=\"170\">\n\t\t\t\t\t\t\t\t\t\t\tFabricaci\u00f3n aditiva\n\t\t\t\t\t\t\t\t\t\t<\/a>\n\t\t\t\t\t\t\t\t\t<a href=\"\/tecnologia-hip\/tecnicas-de-fabricacion-hip\/union-por-difusion\/\" target=\"_self\" itemprop=\"url\" rel=\"noopener noreferrer\">\n\t\t\t\t\t\t\t\t\t\t\t<img loading=\"lazy\" decoding=\"async\" data-attachment-id=\"17868\" src=\"\/wp-content\/uploads\/2020\/07\/diffusion-bonding.jpg\" itemprop=\"image\" height=\"180\" width=\"170\">\n\t\t\t\t\t\t\t\t\t\t\tUni\u00f3n por difusi\u00f3n\n\t\t\t\t\t\t\t\t\t\t<\/a>\n   <\/section>\n","protected":false},"excerpt":{"rendered":"<p>Pulvimetalurgia (PM) El conformado pr\u00f3ximo a la pieza final (Near Net Shape, NNS) es un proceso de fabricaci\u00f3n pulvimetal\u00fargico en el que se parte de material en polvo que se introduce en un canister (recipiente) fabricado previamente mediante chapa soldada. Una vez introducido el polvo met\u00e1lico con la composici\u00f3n deseada, se hace vac\u00edo y se&#8230;<\/p>\n","protected":false},"author":1,"featured_media":0,"parent":23310,"menu_order":0,"comment_status":"closed","ping_status":"closed","template":"","meta":{"_acf_changed":false,"om_disable_all_campaigns":false,"inline_featured_image":false,"_monsterinsights_skip_tracking":false,"_monsterinsights_sitenote_active":false,"_monsterinsights_sitenote_note":"","_monsterinsights_sitenote_category":0,"footnotes":"","_wp_rev_ctl_limit":""},"class_list":["post-21426","page","type-page","status-publish","hentry"],"acf":[],"yoast_head":"<!-- This site is optimized with the Yoast SEO plugin v22.4 - https:\/\/yoast.com\/wordpress\/plugins\/seo\/ -->\n<title>Pulvimetalurgia - Hiperbaric<\/title>\n<meta name=\"robots\" content=\"index, follow, max-snippet:-1, max-image-preview:large, max-video-preview:-1\" \/>\n<link rel=\"canonical\" href=\"https:\/\/www.hiperbaric.com\/es\/tecnologia-hip\/tecnicas-de-fabricacion-hip\/pulvimetalurgia\/\" \/>\n<meta property=\"og:locale\" content=\"es_ES\" \/>\n<meta property=\"og:type\" content=\"article\" \/>\n<meta property=\"og:title\" content=\"Pulvimetalurgia - Hiperbaric\" \/>\n<meta property=\"og:description\" content=\"Pulvimetalurgia (PM) El conformado pr\u00f3ximo a la pieza final (Near Net Shape, NNS) es un proceso de fabricaci\u00f3n pulvimetal\u00fargico en el que se parte de material en polvo que se introduce en un canister (recipiente) fabricado previamente mediante chapa soldada. Una vez introducido el polvo met\u00e1lico con la composici\u00f3n deseada, se hace vac\u00edo y se...\" \/>\n<meta property=\"og:url\" content=\"https:\/\/www.hiperbaric.com\/es\/tecnologia-hip\/tecnicas-de-fabricacion-hip\/pulvimetalurgia\/\" \/>\n<meta property=\"og:site_name\" content=\"Hiperbaric\" \/>\n<meta property=\"article:modified_time\" content=\"2020-10-26T09:41:14+00:00\" \/>\n<meta property=\"og:image\" content=\"https:\/\/www.hiperbaric.com\/wp-content\/uploads\/2020\/07\/PM.jpg\" \/>\n<meta name=\"twitter:card\" content=\"summary_large_image\" \/>\n<meta name=\"twitter:label1\" content=\"Tiempo de lectura\" \/>\n\t<meta name=\"twitter:data1\" content=\"1 minuto\" \/>\n<script type=\"application\/ld+json\" class=\"yoast-schema-graph\">{\"@context\":\"https:\/\/schema.org\",\"@graph\":[{\"@type\":\"WebPage\",\"@id\":\"https:\/\/www.hiperbaric.com\/es\/tecnologia-hip\/tecnicas-de-fabricacion-hip\/pulvimetalurgia\/\",\"url\":\"https:\/\/www.hiperbaric.com\/es\/tecnologia-hip\/tecnicas-de-fabricacion-hip\/pulvimetalurgia\/\",\"name\":\"Pulvimetalurgia - Hiperbaric\",\"isPartOf\":{\"@id\":\"https:\/\/www.hiperbaric.com\/en\/#website\"},\"primaryImageOfPage\":{\"@id\":\"https:\/\/www.hiperbaric.com\/es\/tecnologia-hip\/tecnicas-de-fabricacion-hip\/pulvimetalurgia\/#primaryimage\"},\"image\":{\"@id\":\"https:\/\/www.hiperbaric.com\/es\/tecnologia-hip\/tecnicas-de-fabricacion-hip\/pulvimetalurgia\/#primaryimage\"},\"thumbnailUrl\":\"https:\/\/www.hiperbaric.com\/wp-content\/uploads\/2020\/07\/PM.jpg\",\"datePublished\":\"2020-07-27T12:09:34+00:00\",\"dateModified\":\"2020-10-26T09:41:14+00:00\",\"breadcrumb\":{\"@id\":\"https:\/\/www.hiperbaric.com\/es\/tecnologia-hip\/tecnicas-de-fabricacion-hip\/pulvimetalurgia\/#breadcrumb\"},\"inLanguage\":\"es\",\"potentialAction\":[{\"@type\":\"ReadAction\",\"target\":[\"https:\/\/www.hiperbaric.com\/es\/tecnologia-hip\/tecnicas-de-fabricacion-hip\/pulvimetalurgia\/\"]}]},{\"@type\":\"ImageObject\",\"inLanguage\":\"es\",\"@id\":\"https:\/\/www.hiperbaric.com\/es\/tecnologia-hip\/tecnicas-de-fabricacion-hip\/pulvimetalurgia\/#primaryimage\",\"url\":\"https:\/\/www.hiperbaric.com\/wp-content\/uploads\/2020\/07\/PM.jpg\",\"contentUrl\":\"https:\/\/www.hiperbaric.com\/wp-content\/uploads\/2020\/07\/PM.jpg\"},{\"@type\":\"BreadcrumbList\",\"@id\":\"https:\/\/www.hiperbaric.com\/es\/tecnologia-hip\/tecnicas-de-fabricacion-hip\/pulvimetalurgia\/#breadcrumb\",\"itemListElement\":[{\"@type\":\"ListItem\",\"position\":1,\"name\":\"Home\",\"item\":\"https:\/\/www.hiperbaric.com\/es\/\"},{\"@type\":\"ListItem\",\"position\":2,\"name\":\"Tecnolog\u00eda HIP\",\"item\":\"https:\/\/www.hiperbaric.com\/es\/tecnologia-hip\/\"},{\"@type\":\"ListItem\",\"position\":3,\"name\":\"T\u00e9cnicas de Fabricaci\u00f3n HIP\",\"item\":\"https:\/\/www.hiperbaric.com\/es\/tecnologia-hip\/tecnicas-de-fabricacion-hip\/\"},{\"@type\":\"ListItem\",\"position\":4,\"name\":\"Pulvimetalurgia\"}]},{\"@type\":\"WebSite\",\"@id\":\"https:\/\/www.hiperbaric.com\/en\/#website\",\"url\":\"https:\/\/www.hiperbaric.com\/en\/\",\"name\":\"Hiperbaric\",\"description\":\"Procesado para la conservaci\u00f3n de alimentos\",\"publisher\":{\"@id\":\"https:\/\/www.hiperbaric.com\/en\/#organization\"},\"potentialAction\":[{\"@type\":\"SearchAction\",\"target\":{\"@type\":\"EntryPoint\",\"urlTemplate\":\"https:\/\/www.hiperbaric.com\/en\/?s={search_term_string}\"},\"query-input\":\"required name=search_term_string\"}],\"inLanguage\":\"es\"},{\"@type\":\"Organization\",\"@id\":\"https:\/\/www.hiperbaric.com\/en\/#organization\",\"name\":\"Hiperbaric\",\"url\":\"https:\/\/www.hiperbaric.com\/en\/\",\"logo\":{\"@type\":\"ImageObject\",\"inLanguage\":\"es\",\"@id\":\"https:\/\/www.hiperbaric.com\/en\/#\/schema\/logo\/image\/\",\"url\":\"https:\/\/www.hiperbaric.com\/wp-content\/uploads\/2026\/01\/cropped-hiperbaric-logotipo-1-2.png\",\"contentUrl\":\"https:\/\/www.hiperbaric.com\/wp-content\/uploads\/2026\/01\/cropped-hiperbaric-logotipo-1-2.png\",\"width\":340,\"height\":72,\"caption\":\"Hiperbaric\"},\"image\":{\"@id\":\"https:\/\/www.hiperbaric.com\/en\/#\/schema\/logo\/image\/\"}}]}<\/script>\n<!-- \/ Yoast SEO plugin. -->","yoast_head_json":{"title":"Pulvimetalurgia - Hiperbaric","robots":{"index":"index","follow":"follow","max-snippet":"max-snippet:-1","max-image-preview":"max-image-preview:large","max-video-preview":"max-video-preview:-1"},"canonical":"https:\/\/www.hiperbaric.com\/es\/tecnologia-hip\/tecnicas-de-fabricacion-hip\/pulvimetalurgia\/","og_locale":"es_ES","og_type":"article","og_title":"Pulvimetalurgia - Hiperbaric","og_description":"Pulvimetalurgia (PM) El conformado pr\u00f3ximo a la pieza final (Near Net Shape, NNS) es un proceso de fabricaci\u00f3n pulvimetal\u00fargico en el que se parte de material en polvo que se introduce en un canister (recipiente) fabricado previamente mediante chapa soldada. Una vez introducido el polvo met\u00e1lico con la composici\u00f3n deseada, se hace vac\u00edo y se...","og_url":"https:\/\/www.hiperbaric.com\/es\/tecnologia-hip\/tecnicas-de-fabricacion-hip\/pulvimetalurgia\/","og_site_name":"Hiperbaric","article_modified_time":"2020-10-26T09:41:14+00:00","og_image":[{"url":"https:\/\/www.hiperbaric.com\/wp-content\/uploads\/2020\/07\/PM.jpg"}],"twitter_card":"summary_large_image","twitter_misc":{"Tiempo de lectura":"1 minuto"},"schema":{"@context":"https:\/\/schema.org","@graph":[{"@type":"WebPage","@id":"https:\/\/www.hiperbaric.com\/es\/tecnologia-hip\/tecnicas-de-fabricacion-hip\/pulvimetalurgia\/","url":"https:\/\/www.hiperbaric.com\/es\/tecnologia-hip\/tecnicas-de-fabricacion-hip\/pulvimetalurgia\/","name":"Pulvimetalurgia - Hiperbaric","isPartOf":{"@id":"https:\/\/www.hiperbaric.com\/en\/#website"},"primaryImageOfPage":{"@id":"https:\/\/www.hiperbaric.com\/es\/tecnologia-hip\/tecnicas-de-fabricacion-hip\/pulvimetalurgia\/#primaryimage"},"image":{"@id":"https:\/\/www.hiperbaric.com\/es\/tecnologia-hip\/tecnicas-de-fabricacion-hip\/pulvimetalurgia\/#primaryimage"},"thumbnailUrl":"https:\/\/www.hiperbaric.com\/wp-content\/uploads\/2020\/07\/PM.jpg","datePublished":"2020-07-27T12:09:34+00:00","dateModified":"2020-10-26T09:41:14+00:00","breadcrumb":{"@id":"https:\/\/www.hiperbaric.com\/es\/tecnologia-hip\/tecnicas-de-fabricacion-hip\/pulvimetalurgia\/#breadcrumb"},"inLanguage":"es","potentialAction":[{"@type":"ReadAction","target":["https:\/\/www.hiperbaric.com\/es\/tecnologia-hip\/tecnicas-de-fabricacion-hip\/pulvimetalurgia\/"]}]},{"@type":"ImageObject","inLanguage":"es","@id":"https:\/\/www.hiperbaric.com\/es\/tecnologia-hip\/tecnicas-de-fabricacion-hip\/pulvimetalurgia\/#primaryimage","url":"https:\/\/www.hiperbaric.com\/wp-content\/uploads\/2020\/07\/PM.jpg","contentUrl":"https:\/\/www.hiperbaric.com\/wp-content\/uploads\/2020\/07\/PM.jpg"},{"@type":"BreadcrumbList","@id":"https:\/\/www.hiperbaric.com\/es\/tecnologia-hip\/tecnicas-de-fabricacion-hip\/pulvimetalurgia\/#breadcrumb","itemListElement":[{"@type":"ListItem","position":1,"name":"Home","item":"https:\/\/www.hiperbaric.com\/es\/"},{"@type":"ListItem","position":2,"name":"Tecnolog\u00eda HIP","item":"https:\/\/www.hiperbaric.com\/es\/tecnologia-hip\/"},{"@type":"ListItem","position":3,"name":"T\u00e9cnicas de Fabricaci\u00f3n HIP","item":"https:\/\/www.hiperbaric.com\/es\/tecnologia-hip\/tecnicas-de-fabricacion-hip\/"},{"@type":"ListItem","position":4,"name":"Pulvimetalurgia"}]},{"@type":"WebSite","@id":"https:\/\/www.hiperbaric.com\/en\/#website","url":"https:\/\/www.hiperbaric.com\/en\/","name":"Hiperbaric","description":"Procesado para la conservaci\u00f3n de alimentos","publisher":{"@id":"https:\/\/www.hiperbaric.com\/en\/#organization"},"potentialAction":[{"@type":"SearchAction","target":{"@type":"EntryPoint","urlTemplate":"https:\/\/www.hiperbaric.com\/en\/?s={search_term_string}"},"query-input":"required name=search_term_string"}],"inLanguage":"es"},{"@type":"Organization","@id":"https:\/\/www.hiperbaric.com\/en\/#organization","name":"Hiperbaric","url":"https:\/\/www.hiperbaric.com\/en\/","logo":{"@type":"ImageObject","inLanguage":"es","@id":"https:\/\/www.hiperbaric.com\/en\/#\/schema\/logo\/image\/","url":"https:\/\/www.hiperbaric.com\/wp-content\/uploads\/2026\/01\/cropped-hiperbaric-logotipo-1-2.png","contentUrl":"https:\/\/www.hiperbaric.com\/wp-content\/uploads\/2026\/01\/cropped-hiperbaric-logotipo-1-2.png","width":340,"height":72,"caption":"Hiperbaric"},"image":{"@id":"https:\/\/www.hiperbaric.com\/en\/#\/schema\/logo\/image\/"}}]}},"_links":{"self":[{"href":"https:\/\/www.hiperbaric.com\/es\/wp-json\/wp\/v2\/pages\/21426","targetHints":{"allow":["GET"]}}],"collection":[{"href":"https:\/\/www.hiperbaric.com\/es\/wp-json\/wp\/v2\/pages"}],"about":[{"href":"https:\/\/www.hiperbaric.com\/es\/wp-json\/wp\/v2\/types\/page"}],"author":[{"embeddable":true,"href":"https:\/\/www.hiperbaric.com\/es\/wp-json\/wp\/v2\/users\/1"}],"replies":[{"embeddable":true,"href":"https:\/\/www.hiperbaric.com\/es\/wp-json\/wp\/v2\/comments?post=21426"}],"version-history":[{"count":0,"href":"https:\/\/www.hiperbaric.com\/es\/wp-json\/wp\/v2\/pages\/21426\/revisions"}],"up":[{"embeddable":true,"href":"https:\/\/www.hiperbaric.com\/es\/wp-json\/wp\/v2\/pages\/23310"}],"wp:attachment":[{"href":"https:\/\/www.hiperbaric.com\/es\/wp-json\/wp\/v2\/media?parent=21426"}],"curies":[{"name":"wp","href":"https:\/\/api.w.org\/{rel}","templated":true}]}}