{"id":21422,"date":"2020-07-27T14:04:42","date_gmt":"2020-07-27T12:04:42","guid":{"rendered":"https:\/\/www.hiperbaric.com\/?page_id=21422"},"modified":"2020-10-26T10:42:15","modified_gmt":"2020-10-26T09:42:15","slug":"union-por-difusion","status":"publish","type":"page","link":"https:\/\/www.hiperbaric.com\/es\/tecnologia-hip\/tecnicas-de-fabricacion-hip\/union-por-difusion\/","title":{"rendered":"Uni\u00f3n por difusi\u00f3n"},"content":{"rendered":"\n\t<h1>Uni\u00f3n por difusi\u00f3n (DB)<br \/>\n<\/h1>\n<p>La uni\u00f3n por difusi\u00f3n (Diffusion Bonding, DB) se considera una extensi\u00f3n del proceso de soldadura por presi\u00f3n a temperatura elevada y larga duraci\u00f3n. La aplicaci\u00f3n de materiales con propiedades espec\u00edficas sobre un sustrato de otro material hace posible combinar dichas propiedades con un coste limitado. Por ejemplo, a\u00f1adiendo un material de alta resistencia a la corrosi\u00f3n pero costoso sobre un material base m\u00e1s asequible (frecuente en industria nuclear).<\/p>\n<p>Esta t\u00e9cnica, conocida como cladding, puede ser aplicada por soldadura del material al sustrato con los problemas que la soldadura conlleva pero tambi\u00e9n puede ser aplicado por HIP. La fusi\u00f3n de materiales gracias al HIP se realiza siempre en estado s\u00f3lido.<\/p>\n<p>Utilizando las t\u00e9cnicas de encapsulado adecuado es posible unir s\u00f3lido sobre s\u00f3lido, polvo sobre s\u00f3lido o polvo con polvo.<\/p>\n<a role=\"button\" data-toggle=\"collapse\" href=\"#aplicacionCollapse\" aria-expanded=\"false\" aria-controls=\"aplicacionCollapse\">Leer m\u00e1s &gt;<\/a>\n   <section>\n      <img decoding=\"async\" src=\"\/wp-content\/uploads\/2020\/07\/Ejemplo-de-Diffusion-Bonding.jpg\">\n      <img decoding=\"async\" src=\"\/wp-content\/uploads\/2020\/07\/Ejemplo-2-de-Diffusion-Bonding.jpg\">\n   <\/section>\n    <section>\n      <img decoding=\"async\" src=\"\/wp-content\/uploads\/2020\/07\/Ejemplo-de-Diffusion-Bonding.jpg\">\n      <img decoding=\"async\" src=\"\/wp-content\/uploads\/2020\/07\/Ejemplo-2-de-Diffusion-Bonding.jpg\">\n   <\/section>\n\t<h2 data-element-id=\"hmap-4\"><strong>SINERGIAS Y BENEFICIOS DE LA APLICACI\u00d3N DE HIP<br \/>\n<\/strong><\/h2>\n\t<p>Algunos de los principales beneficios de la combinaci\u00f3n de las t\u00e9cnicas de uni\u00f3n por difusi\u00f3n y HIP son:<\/p>\n<ul>\n<li>Uni\u00f3n en estado s\u00f3lido, como alternativa a la soldadura con sus problemas de zonas t\u00e9rmicamente afectadas (ZAT) y defectos.<\/li>\n<li>Difusi\u00f3n sin fisuras de materiales similares y\/o dis\u00edmiles con diferentes temperaturas de fusi\u00f3n.<\/li>\n<li>Ahorro de costes gracias a la aplicaci\u00f3n localizada del material con propiedades espec\u00edficas.<\/li>\n<li>Amplio rango de combinaciones de materiales posible, evitando en muchos casos aplicar intercapas (buttering).<\/li>\n<\/ul>\n<p>&nbsp;<\/p>\n<p><strong>Ejemplos comunes de combinaci\u00f3n de HIP y uni\u00f3n por difusi\u00f3n:<\/strong><\/p>\n<p>Esta t\u00e9cnica se utiliza para crear formas complejas para las industrias electr\u00f3nica, aeroespacial y nuclear\u00a0para piezas como fuselajes, accesorios de actuadores, mu\u00f1ones de tren de aterrizaje, armazones de g\u00f3ndola y barras de control nuclear.<\/p>\n<p>Los materiales que t\u00edpicamente pueden ser empleados por uni\u00f3n por difusi\u00f3n (Diffusion Bonding) y HIP son composites; materiales de revestimiento duro; materiales para soldadura fuerte y soldadura blanda; s\u00faper aleaciones; aceros inoxidables, materiales resistentes a la corrosi\u00f3n y aleaciones de titanio y de aluminio.<\/p>\n\t<h2 data-element-id=\"hmap-4\"><strong>Otras t\u00e9cnicas de fabricaci\u00f3n HIP<br \/>\n<\/strong><\/h2>\n   <section>\n\t\t\t\t\t\t\t\t\t<a href=\"\/tecnologia-hip\/tecnicas-de-fabricacion-hip\/fundicion\/\" target=\"_self\" itemprop=\"url\" rel=\"noopener noreferrer\">\n\t\t\t\t\t\t\t\t\t\t\t<img decoding=\"async\" loading=\"lazy\" data-attachment-id=\"17868\" src=\"\/wp-content\/uploads\/2020\/07\/Fundici\u00f3n.jpg\" itemprop=\"image\" height=\"180\" width=\"170\">\n\t\t\t\t\t\t\t\t\t\t\tFundici\u00f3n\n\t\t\t\t\t\t\t\t\t\t<\/a>\n\t\t\t\t\t\t\t\t\t<a href=\"\/tecnologia-hip\/tecnicas-de-fabricacion-hip\/moldeado-por-inyeccion-de-metal\/\" target=\"_self\" itemprop=\"url\" rel=\"noopener noreferrer\">\n\t\t\t\t\t\t\t\t\t\t\t<img decoding=\"async\" loading=\"lazy\" data-attachment-id=\"17868\" src=\"\/wp-content\/uploads\/2020\/07\/Moldeado-por-inyecci\u00f3n-de-metal-MIM.jpg\" itemprop=\"image\" height=\"180\" width=\"170\">\n\t\t\t\t\t\t\t\t\t\t\tMoldeado por inyecci\u00f3n de metal (MIM)\n\t\t\t\t\t\t\t\t\t\t<\/a>\n\t\t\t\t\t\t\t\t\t<a href=\"\/tecnologia-hip\/tecnicas-de-fabricacion-hip\/pulvimetalurgia\/\" target=\"_self\" itemprop=\"url\" rel=\"noopener noreferrer\">\n\t\t\t\t\t\t\t\t\t\t\t<img decoding=\"async\" loading=\"lazy\" data-attachment-id=\"17868\" src=\"\/wp-content\/uploads\/2020\/07\/Powder-Metallurgy-PM.jpg\" itemprop=\"image\" height=\"180\" width=\"170\">\n\t\t\t\t\t\t\t\t\t\t\tPulvimetalurgia\n\t\t\t\t\t\t\t\t\t\t<\/a>\n\t\t\t\t\t\t\t\t\t<a href=\"\/tecnologia-hip\/tecnicas-de-fabricacion-hip\/fabricacion-aditiva\/\" target=\"_self\" itemprop=\"url\" rel=\"noopener noreferrer\">\n\t\t\t\t\t\t\t\t\t\t\t<img decoding=\"async\" loading=\"lazy\" data-attachment-id=\"17868\" src=\"\/wp-content\/uploads\/2020\/07\/Fabricaci\u00f3n-aditiva.jpg\" itemprop=\"image\" height=\"180\" width=\"170\">\n\t\t\t\t\t\t\t\t\t\t\tFabricaci\u00f3n aditiva\n\t\t\t\t\t\t\t\t\t\t<\/a>\n   <\/section>\n","protected":false},"excerpt":{"rendered":"<p>Uni\u00f3n por difusi\u00f3n (DB) La uni\u00f3n por difusi\u00f3n (Diffusion Bonding, DB) se considera una extensi\u00f3n del proceso de soldadura por presi\u00f3n a temperatura elevada y larga duraci\u00f3n. La aplicaci\u00f3n de materiales con propiedades espec\u00edficas sobre un sustrato de otro material hace posible combinar dichas propiedades con un coste limitado. Por ejemplo, a\u00f1adiendo un material de&#8230;<\/p>\n","protected":false},"author":1,"featured_media":0,"parent":23310,"menu_order":0,"comment_status":"closed","ping_status":"closed","template":"","meta":{"om_disable_all_campaigns":false,"inline_featured_image":false,"_monsterinsights_skip_tracking":false,"_monsterinsights_sitenote_active":false,"_monsterinsights_sitenote_note":"","_monsterinsights_sitenote_category":0,"footnotes":"","_wp_rev_ctl_limit":""},"acf":[],"yoast_head":"<!-- This site is optimized with the Yoast SEO plugin v22.4 - https:\/\/yoast.com\/wordpress\/plugins\/seo\/ -->\n<title>Uni\u00f3n por difusi\u00f3n - Hiperbaric<\/title>\n<meta name=\"robots\" content=\"index, follow, max-snippet:-1, max-image-preview:large, max-video-preview:-1\" \/>\n<link rel=\"canonical\" href=\"https:\/\/www.hiperbaric.com\/es\/tecnologia-hip\/tecnicas-de-fabricacion-hip\/union-por-difusion\/\" \/>\n<meta property=\"og:locale\" content=\"es_ES\" \/>\n<meta property=\"og:type\" content=\"article\" \/>\n<meta property=\"og:title\" content=\"Uni\u00f3n por difusi\u00f3n - Hiperbaric\" \/>\n<meta property=\"og:description\" content=\"Uni\u00f3n por difusi\u00f3n (DB) La uni\u00f3n por difusi\u00f3n (Diffusion Bonding, DB) se considera una extensi\u00f3n del proceso de soldadura por presi\u00f3n a temperatura elevada y larga duraci\u00f3n. La aplicaci\u00f3n de materiales con propiedades espec\u00edficas sobre un sustrato de otro material hace posible combinar dichas propiedades con un coste limitado. Por ejemplo, a\u00f1adiendo un material de...\" \/>\n<meta property=\"og:url\" content=\"https:\/\/www.hiperbaric.com\/es\/tecnologia-hip\/tecnicas-de-fabricacion-hip\/union-por-difusion\/\" \/>\n<meta property=\"og:site_name\" content=\"Hiperbaric\" \/>\n<meta property=\"article:modified_time\" content=\"2020-10-26T09:42:15+00:00\" \/>\n<meta name=\"twitter:card\" content=\"summary_large_image\" \/>\n<meta name=\"twitter:label1\" content=\"Tiempo de lectura\" \/>\n\t<meta name=\"twitter:data1\" content=\"2 minutos\" \/>\n<script type=\"application\/ld+json\" class=\"yoast-schema-graph\">{\"@context\":\"https:\/\/schema.org\",\"@graph\":[{\"@type\":\"WebPage\",\"@id\":\"https:\/\/www.hiperbaric.com\/es\/tecnologia-hip\/tecnicas-de-fabricacion-hip\/union-por-difusion\/\",\"url\":\"https:\/\/www.hiperbaric.com\/es\/tecnologia-hip\/tecnicas-de-fabricacion-hip\/union-por-difusion\/\",\"name\":\"Uni\u00f3n por difusi\u00f3n - Hiperbaric\",\"isPartOf\":{\"@id\":\"https:\/\/www.hiperbaric.com\/en\/#website\"},\"datePublished\":\"2020-07-27T12:04:42+00:00\",\"dateModified\":\"2020-10-26T09:42:15+00:00\",\"breadcrumb\":{\"@id\":\"https:\/\/www.hiperbaric.com\/es\/tecnologia-hip\/tecnicas-de-fabricacion-hip\/union-por-difusion\/#breadcrumb\"},\"inLanguage\":\"es\",\"potentialAction\":[{\"@type\":\"ReadAction\",\"target\":[\"https:\/\/www.hiperbaric.com\/es\/tecnologia-hip\/tecnicas-de-fabricacion-hip\/union-por-difusion\/\"]}]},{\"@type\":\"BreadcrumbList\",\"@id\":\"https:\/\/www.hiperbaric.com\/es\/tecnologia-hip\/tecnicas-de-fabricacion-hip\/union-por-difusion\/#breadcrumb\",\"itemListElement\":[{\"@type\":\"ListItem\",\"position\":1,\"name\":\"Home\",\"item\":\"https:\/\/www.hiperbaric.com\/es\/\"},{\"@type\":\"ListItem\",\"position\":2,\"name\":\"Tecnolog\u00eda HIP\",\"item\":\"https:\/\/www.hiperbaric.com\/es\/tecnologia-hip\/\"},{\"@type\":\"ListItem\",\"position\":3,\"name\":\"T\u00e9cnicas de Fabricaci\u00f3n HIP\",\"item\":\"https:\/\/www.hiperbaric.com\/es\/tecnologia-hip\/tecnicas-de-fabricacion-hip\/\"},{\"@type\":\"ListItem\",\"position\":4,\"name\":\"Uni\u00f3n por difusi\u00f3n\"}]},{\"@type\":\"WebSite\",\"@id\":\"https:\/\/www.hiperbaric.com\/en\/#website\",\"url\":\"https:\/\/www.hiperbaric.com\/en\/\",\"name\":\"Hiperbaric\",\"description\":\"Procesado para la conservaci\u00f3n de alimentos\",\"publisher\":{\"@id\":\"https:\/\/www.hiperbaric.com\/en\/#organization\"},\"potentialAction\":[{\"@type\":\"SearchAction\",\"target\":{\"@type\":\"EntryPoint\",\"urlTemplate\":\"https:\/\/www.hiperbaric.com\/en\/?s={search_term_string}\"},\"query-input\":\"required name=search_term_string\"}],\"inLanguage\":\"es\"},{\"@type\":\"Organization\",\"@id\":\"https:\/\/www.hiperbaric.com\/en\/#organization\",\"name\":\"Hiperbaric\",\"url\":\"https:\/\/www.hiperbaric.com\/en\/\",\"logo\":{\"@type\":\"ImageObject\",\"inLanguage\":\"es\",\"@id\":\"https:\/\/www.hiperbaric.com\/en\/#\/schema\/logo\/image\/\",\"url\":\"https:\/\/www.hiperbaric.com\/wp-content\/uploads\/2026\/01\/cropped-hiperbaric-logotipo-1-2.png\",\"contentUrl\":\"https:\/\/www.hiperbaric.com\/wp-content\/uploads\/2026\/01\/cropped-hiperbaric-logotipo-1-2.png\",\"width\":340,\"height\":72,\"caption\":\"Hiperbaric\"},\"image\":{\"@id\":\"https:\/\/www.hiperbaric.com\/en\/#\/schema\/logo\/image\/\"}}]}<\/script>\n<!-- \/ Yoast SEO plugin. -->","yoast_head_json":{"title":"Uni\u00f3n por difusi\u00f3n - Hiperbaric","robots":{"index":"index","follow":"follow","max-snippet":"max-snippet:-1","max-image-preview":"max-image-preview:large","max-video-preview":"max-video-preview:-1"},"canonical":"https:\/\/www.hiperbaric.com\/es\/tecnologia-hip\/tecnicas-de-fabricacion-hip\/union-por-difusion\/","og_locale":"es_ES","og_type":"article","og_title":"Uni\u00f3n por difusi\u00f3n - Hiperbaric","og_description":"Uni\u00f3n por difusi\u00f3n (DB) La uni\u00f3n por difusi\u00f3n (Diffusion Bonding, DB) se considera una extensi\u00f3n del proceso de soldadura por presi\u00f3n a temperatura elevada y larga duraci\u00f3n. La aplicaci\u00f3n de materiales con propiedades espec\u00edficas sobre un sustrato de otro material hace posible combinar dichas propiedades con un coste limitado. Por ejemplo, a\u00f1adiendo un material de...","og_url":"https:\/\/www.hiperbaric.com\/es\/tecnologia-hip\/tecnicas-de-fabricacion-hip\/union-por-difusion\/","og_site_name":"Hiperbaric","article_modified_time":"2020-10-26T09:42:15+00:00","twitter_card":"summary_large_image","twitter_misc":{"Tiempo de lectura":"2 minutos"},"schema":{"@context":"https:\/\/schema.org","@graph":[{"@type":"WebPage","@id":"https:\/\/www.hiperbaric.com\/es\/tecnologia-hip\/tecnicas-de-fabricacion-hip\/union-por-difusion\/","url":"https:\/\/www.hiperbaric.com\/es\/tecnologia-hip\/tecnicas-de-fabricacion-hip\/union-por-difusion\/","name":"Uni\u00f3n por difusi\u00f3n - Hiperbaric","isPartOf":{"@id":"https:\/\/www.hiperbaric.com\/en\/#website"},"datePublished":"2020-07-27T12:04:42+00:00","dateModified":"2020-10-26T09:42:15+00:00","breadcrumb":{"@id":"https:\/\/www.hiperbaric.com\/es\/tecnologia-hip\/tecnicas-de-fabricacion-hip\/union-por-difusion\/#breadcrumb"},"inLanguage":"es","potentialAction":[{"@type":"ReadAction","target":["https:\/\/www.hiperbaric.com\/es\/tecnologia-hip\/tecnicas-de-fabricacion-hip\/union-por-difusion\/"]}]},{"@type":"BreadcrumbList","@id":"https:\/\/www.hiperbaric.com\/es\/tecnologia-hip\/tecnicas-de-fabricacion-hip\/union-por-difusion\/#breadcrumb","itemListElement":[{"@type":"ListItem","position":1,"name":"Home","item":"https:\/\/www.hiperbaric.com\/es\/"},{"@type":"ListItem","position":2,"name":"Tecnolog\u00eda HIP","item":"https:\/\/www.hiperbaric.com\/es\/tecnologia-hip\/"},{"@type":"ListItem","position":3,"name":"T\u00e9cnicas de Fabricaci\u00f3n HIP","item":"https:\/\/www.hiperbaric.com\/es\/tecnologia-hip\/tecnicas-de-fabricacion-hip\/"},{"@type":"ListItem","position":4,"name":"Uni\u00f3n por difusi\u00f3n"}]},{"@type":"WebSite","@id":"https:\/\/www.hiperbaric.com\/en\/#website","url":"https:\/\/www.hiperbaric.com\/en\/","name":"Hiperbaric","description":"Procesado para la conservaci\u00f3n de alimentos","publisher":{"@id":"https:\/\/www.hiperbaric.com\/en\/#organization"},"potentialAction":[{"@type":"SearchAction","target":{"@type":"EntryPoint","urlTemplate":"https:\/\/www.hiperbaric.com\/en\/?s={search_term_string}"},"query-input":"required name=search_term_string"}],"inLanguage":"es"},{"@type":"Organization","@id":"https:\/\/www.hiperbaric.com\/en\/#organization","name":"Hiperbaric","url":"https:\/\/www.hiperbaric.com\/en\/","logo":{"@type":"ImageObject","inLanguage":"es","@id":"https:\/\/www.hiperbaric.com\/en\/#\/schema\/logo\/image\/","url":"https:\/\/www.hiperbaric.com\/wp-content\/uploads\/2026\/01\/cropped-hiperbaric-logotipo-1-2.png","contentUrl":"https:\/\/www.hiperbaric.com\/wp-content\/uploads\/2026\/01\/cropped-hiperbaric-logotipo-1-2.png","width":340,"height":72,"caption":"Hiperbaric"},"image":{"@id":"https:\/\/www.hiperbaric.com\/en\/#\/schema\/logo\/image\/"}}]}},"_links":{"self":[{"href":"https:\/\/www.hiperbaric.com\/es\/wp-json\/wp\/v2\/pages\/21422"}],"collection":[{"href":"https:\/\/www.hiperbaric.com\/es\/wp-json\/wp\/v2\/pages"}],"about":[{"href":"https:\/\/www.hiperbaric.com\/es\/wp-json\/wp\/v2\/types\/page"}],"author":[{"embeddable":true,"href":"https:\/\/www.hiperbaric.com\/es\/wp-json\/wp\/v2\/users\/1"}],"replies":[{"embeddable":true,"href":"https:\/\/www.hiperbaric.com\/es\/wp-json\/wp\/v2\/comments?post=21422"}],"version-history":[{"count":0,"href":"https:\/\/www.hiperbaric.com\/es\/wp-json\/wp\/v2\/pages\/21422\/revisions"}],"up":[{"embeddable":true,"href":"https:\/\/www.hiperbaric.com\/es\/wp-json\/wp\/v2\/pages\/23310"}],"wp:attachment":[{"href":"https:\/\/www.hiperbaric.com\/es\/wp-json\/wp\/v2\/media?parent=21422"}],"curies":[{"name":"wp","href":"https:\/\/api.w.org\/{rel}","templated":true}]}}