{"id":21407,"date":"2020-07-27T13:49:05","date_gmt":"2020-07-27T11:49:05","guid":{"rendered":"https:\/\/www.hiperbaric.com\/?page_id=21407"},"modified":"2020-10-26T10:40:52","modified_gmt":"2020-10-26T09:40:52","slug":"moldeado-por-inyeccion-de-metal","status":"publish","type":"page","link":"https:\/\/www.hiperbaric.com\/es\/tecnologia-hip\/tecnicas-de-fabricacion-hip\/moldeado-por-inyeccion-de-metal\/","title":{"rendered":"Moldeado por Inyecci\u00f3n de Metal (MIM)"},"content":{"rendered":"\n\t<h1>Moldeado por inyecci\u00f3n de metal (MIM)<br \/>\n<\/h1>\n<p>El moldeado por inyecci\u00f3n de metal (Metal Injection Molding, MIM) es una t\u00e9cnica de fabricaci\u00f3n pulvimetal\u00fargica que inyecta binder y polvo met\u00e1lico en un molde o cavidad obteniendo la pieza en verde con la forma del producto final. Esta pieza en verde debe ser sinterizada despu\u00e9s para obtener una densidad de entorno al 95-98% dependiendo del proceso y material.<\/p>\n<p>El molde o cavidad en el que se inyecta la materia prima puede ser de geometr\u00eda muy compleja, esto hace del MIM un proceso interesante para productos peque\u00f1os y complejos que se fabriquen en grandes lotes.<\/p>\n<a role=\"button\" data-toggle=\"collapse\" href=\"#aplicacionCollapse\" aria-expanded=\"false\" aria-controls=\"aplicacionCollapse\">Leer m\u00e1s &gt;<\/a>\n   <section>\n      <img decoding=\"async\" src=\"\/wp-content\/uploads\/2020\/07\/MIM-PORTADA.jpeg\">\n      <img decoding=\"async\" src=\"\/wp-content\/uploads\/2020\/07\/EJEMPLO-3_MIM.jpeg\">\n      <img decoding=\"async\" src=\"\/wp-content\/uploads\/2020\/07\/EMEPLO-2_MIM.jpg\">\n      <img decoding=\"async\" src=\"\/wp-content\/uploads\/2020\/07\/EJEMPLO1_MIM.jpg\">\n   <\/section>\n    <section>\n      <img decoding=\"async\" src=\"\/wp-content\/uploads\/2020\/07\/MIM-PORTADA.jpeg\">\n      <img decoding=\"async\" src=\"\/wp-content\/uploads\/2020\/07\/EJEMPLO-3_MIM.jpeg\">\n      <img decoding=\"async\" src=\"\/wp-content\/uploads\/2020\/07\/EMEPLO-2_MIM.jpg\">\n      <img decoding=\"async\" src=\"\/wp-content\/uploads\/2020\/07\/EJEMPLO1_MIM.jpg\">\n   <\/section>\n\t<h2 data-element-id=\"hmap-4\"><strong>SINERGIAS Y BENEFICIOS DE LA APLICACI\u00d3N DE HIP<br \/>\n<\/strong><\/h2>\n\t<p>La tecnolog\u00eda de prensado isost\u00e1tico en caliente (Hot Isostatic Pressing, HIP) es capaz de mejorar las propiedades mec\u00e1nicas las piezas fabricadas por MIM y alcanzar el 100% de la densidad te\u00f3rica.<\/p>\n<p>A\u00f1adir un tratamiento de HIP a las piezas fabricadas por MIM permite alcanzar nuevos mercados con mayores requerimientos mec\u00e1nicos, reducir el n\u00famero de piezas rechazadas y relajar los l\u00edmites de las variables de proceso MIM pudiendo lograrse mejores tiempos de procesado.<\/p>\n<p>En otras ocasiones lo que se busca al aplicar HIP a piezas fabricadas por MIM es mejorar propiedades espec\u00edficas como la respuesta al pulido ya que la eliminaci\u00f3n de porosidades internas permite mejorar el acabado superficial final.<\/p>\n<p>Adem\u00e1s, en funci\u00f3n del material, se pueden combinar los tratamientos t\u00e9rmicos que requiera el componente con el HIP.<\/p>\n<p><strong>Ejemplos comunes de combinaci\u00f3n de HIP y MIM:<\/strong><\/p>\n<p>En el campo de la joyer\u00eda y relojer\u00eda, piezas fabricadas por MIM son tratadas por HIP para mejorar la su respuesta al pulido. La disminuci\u00f3n de la porosidad del metal (despu\u00e9s del HIP) permite conseguir un pulido de calidad excepcional. Una de las aplicaciones m\u00e1s comunes es la caja del reloj.<\/p>\n<p>En armament\u00edstica, algunos componentes de armas que son fabricados por MIM necesitan ser tratados posteriormente por HIP, que les confiere las propiedades mec\u00e1nicas que se le exigen al material.<\/p>\n<p>&nbsp;<\/p>\n\t<h2 data-element-id=\"hmap-4\"><strong>Otras t\u00e9cnicas de fabricaci\u00f3n HIP<br \/>\n<\/strong><\/h2>\n   <section>\n\t\t\t\t\t\t\t\t\t<a href=\"\/tecnologia-hip\/tecnicas-de-fabricacion-hip\/fundicion\/\" target=\"_self\" itemprop=\"url\" rel=\"noopener noreferrer\">\n\t\t\t\t\t\t\t\t\t\t\t<img loading=\"lazy\" decoding=\"async\" data-attachment-id=\"17868\" src=\"\/wp-content\/uploads\/2020\/07\/Fundici\u00f3n.jpg\" itemprop=\"image\" height=\"180\" width=\"170\">\n\t\t\t\t\t\t\t\t\t\t\tFundici\u00f3n\n\t\t\t\t\t\t\t\t\t\t<\/a>\n\t\t\t\t\t\t\t\t\t<a href=\"\/tecnologia-hip\/tecnicas-de-fabricacion-hip\/pulvimetalurgia\/\" target=\"_self\" itemprop=\"url\" rel=\"noopener noreferrer\">\n\t\t\t\t\t\t\t\t\t\t\t<img loading=\"lazy\" decoding=\"async\" data-attachment-id=\"17868\" src=\"\/wp-content\/uploads\/2020\/07\/Powder-Metallurgy-PM.jpg\" itemprop=\"image\" height=\"180\" width=\"170\">\n\t\t\t\t\t\t\t\t\t\t\tPulvimetalurgia\n\t\t\t\t\t\t\t\t\t\t<\/a>\n\t\t\t\t\t\t\t\t\t<a href=\"\/tecnologia-hip\/tecnicas-de-fabricacion-hip\/fabricacion-aditiva\/\" target=\"_self\" itemprop=\"url\" rel=\"noopener noreferrer\">\n\t\t\t\t\t\t\t\t\t\t\t<img loading=\"lazy\" decoding=\"async\" data-attachment-id=\"17868\" src=\"\/wp-content\/uploads\/2020\/07\/Fabricaci\u00f3n-aditiva.jpg\" itemprop=\"image\" height=\"180\" width=\"170\">\n\t\t\t\t\t\t\t\t\t\t\tFabricaci\u00f3n aditiva\n\t\t\t\t\t\t\t\t\t\t<\/a>\n\t\t\t\t\t\t\t\t\t<a href=\"\/tecnologia-hip\/tecnicas-de-fabricacion-hip\/union-por-difusion\/\" target=\"_self\" itemprop=\"url\" rel=\"noopener noreferrer\">\n\t\t\t\t\t\t\t\t\t\t\t<img loading=\"lazy\" decoding=\"async\" data-attachment-id=\"17868\" src=\"\/wp-content\/uploads\/2020\/07\/diffusion-bonding.jpg\" itemprop=\"image\" height=\"180\" width=\"170\">\n\t\t\t\t\t\t\t\t\t\t\tUni\u00f3n por difusi\u00f3n\n\t\t\t\t\t\t\t\t\t\t<\/a>\n   <\/section>\n","protected":false},"excerpt":{"rendered":"<p>Moldeado por inyecci\u00f3n de metal (MIM) El moldeado por inyecci\u00f3n de metal (Metal Injection Molding, MIM) es una t\u00e9cnica de fabricaci\u00f3n pulvimetal\u00fargica que inyecta binder y polvo met\u00e1lico en un molde o cavidad obteniendo la pieza en verde con la forma del producto final. Esta pieza en verde debe ser sinterizada despu\u00e9s para obtener una&#8230;<\/p>\n","protected":false},"author":1,"featured_media":0,"parent":23310,"menu_order":0,"comment_status":"closed","ping_status":"closed","template":"","meta":{"_acf_changed":false,"om_disable_all_campaigns":false,"inline_featured_image":false,"_monsterinsights_skip_tracking":false,"_monsterinsights_sitenote_active":false,"_monsterinsights_sitenote_note":"","_monsterinsights_sitenote_category":0,"footnotes":"","_wp_rev_ctl_limit":""},"class_list":["post-21407","page","type-page","status-publish","hentry"],"acf":[],"yoast_head":"<!-- This site is optimized with the Yoast SEO plugin v22.4 - https:\/\/yoast.com\/wordpress\/plugins\/seo\/ -->\n<title>Moldeado por Inyecci\u00f3n de Metal (MIM) - Hiperbaric<\/title>\n<meta name=\"robots\" content=\"index, follow, max-snippet:-1, max-image-preview:large, max-video-preview:-1\" \/>\n<link rel=\"canonical\" href=\"https:\/\/www.hiperbaric.com\/es\/tecnologia-hip\/tecnicas-de-fabricacion-hip\/moldeado-por-inyeccion-de-metal\/\" \/>\n<meta property=\"og:locale\" content=\"es_ES\" \/>\n<meta property=\"og:type\" content=\"article\" \/>\n<meta property=\"og:title\" content=\"Moldeado por Inyecci\u00f3n de Metal (MIM) - Hiperbaric\" \/>\n<meta property=\"og:description\" content=\"Moldeado por inyecci\u00f3n de metal (MIM) El moldeado por inyecci\u00f3n de metal (Metal Injection Molding, MIM) es una t\u00e9cnica de fabricaci\u00f3n pulvimetal\u00fargica que inyecta binder y polvo met\u00e1lico en un molde o cavidad obteniendo la pieza en verde con la forma del producto final. Esta pieza en verde debe ser sinterizada despu\u00e9s para obtener una...\" \/>\n<meta property=\"og:url\" content=\"https:\/\/www.hiperbaric.com\/es\/tecnologia-hip\/tecnicas-de-fabricacion-hip\/moldeado-por-inyeccion-de-metal\/\" \/>\n<meta property=\"og:site_name\" content=\"Hiperbaric\" \/>\n<meta property=\"article:modified_time\" content=\"2020-10-26T09:40:52+00:00\" \/>\n<meta name=\"twitter:card\" content=\"summary_large_image\" \/>\n<meta name=\"twitter:label1\" content=\"Tiempo de lectura\" \/>\n\t<meta name=\"twitter:data1\" content=\"2 minutos\" \/>\n<script type=\"application\/ld+json\" class=\"yoast-schema-graph\">{\"@context\":\"https:\/\/schema.org\",\"@graph\":[{\"@type\":\"WebPage\",\"@id\":\"https:\/\/www.hiperbaric.com\/es\/tecnologia-hip\/tecnicas-de-fabricacion-hip\/moldeado-por-inyeccion-de-metal\/\",\"url\":\"https:\/\/www.hiperbaric.com\/es\/tecnologia-hip\/tecnicas-de-fabricacion-hip\/moldeado-por-inyeccion-de-metal\/\",\"name\":\"Moldeado por Inyecci\u00f3n de Metal (MIM) - Hiperbaric\",\"isPartOf\":{\"@id\":\"https:\/\/www.hiperbaric.com\/en\/#website\"},\"datePublished\":\"2020-07-27T11:49:05+00:00\",\"dateModified\":\"2020-10-26T09:40:52+00:00\",\"breadcrumb\":{\"@id\":\"https:\/\/www.hiperbaric.com\/es\/tecnologia-hip\/tecnicas-de-fabricacion-hip\/moldeado-por-inyeccion-de-metal\/#breadcrumb\"},\"inLanguage\":\"es\",\"potentialAction\":[{\"@type\":\"ReadAction\",\"target\":[\"https:\/\/www.hiperbaric.com\/es\/tecnologia-hip\/tecnicas-de-fabricacion-hip\/moldeado-por-inyeccion-de-metal\/\"]}]},{\"@type\":\"BreadcrumbList\",\"@id\":\"https:\/\/www.hiperbaric.com\/es\/tecnologia-hip\/tecnicas-de-fabricacion-hip\/moldeado-por-inyeccion-de-metal\/#breadcrumb\",\"itemListElement\":[{\"@type\":\"ListItem\",\"position\":1,\"name\":\"Home\",\"item\":\"https:\/\/www.hiperbaric.com\/es\/\"},{\"@type\":\"ListItem\",\"position\":2,\"name\":\"Tecnolog\u00eda HIP\",\"item\":\"https:\/\/www.hiperbaric.com\/es\/tecnologia-hip\/\"},{\"@type\":\"ListItem\",\"position\":3,\"name\":\"T\u00e9cnicas de Fabricaci\u00f3n HIP\",\"item\":\"https:\/\/www.hiperbaric.com\/es\/tecnologia-hip\/tecnicas-de-fabricacion-hip\/\"},{\"@type\":\"ListItem\",\"position\":4,\"name\":\"Moldeado por Inyecci\u00f3n de Metal (MIM)\"}]},{\"@type\":\"WebSite\",\"@id\":\"https:\/\/www.hiperbaric.com\/en\/#website\",\"url\":\"https:\/\/www.hiperbaric.com\/en\/\",\"name\":\"Hiperbaric\",\"description\":\"Procesado para la conservaci\u00f3n de alimentos\",\"publisher\":{\"@id\":\"https:\/\/www.hiperbaric.com\/en\/#organization\"},\"potentialAction\":[{\"@type\":\"SearchAction\",\"target\":{\"@type\":\"EntryPoint\",\"urlTemplate\":\"https:\/\/www.hiperbaric.com\/en\/?s={search_term_string}\"},\"query-input\":\"required name=search_term_string\"}],\"inLanguage\":\"es\"},{\"@type\":\"Organization\",\"@id\":\"https:\/\/www.hiperbaric.com\/en\/#organization\",\"name\":\"Hiperbaric\",\"url\":\"https:\/\/www.hiperbaric.com\/en\/\",\"logo\":{\"@type\":\"ImageObject\",\"inLanguage\":\"es\",\"@id\":\"https:\/\/www.hiperbaric.com\/en\/#\/schema\/logo\/image\/\",\"url\":\"https:\/\/www.hiperbaric.com\/wp-content\/uploads\/2026\/01\/cropped-hiperbaric-logotipo-1-2.png\",\"contentUrl\":\"https:\/\/www.hiperbaric.com\/wp-content\/uploads\/2026\/01\/cropped-hiperbaric-logotipo-1-2.png\",\"width\":340,\"height\":72,\"caption\":\"Hiperbaric\"},\"image\":{\"@id\":\"https:\/\/www.hiperbaric.com\/en\/#\/schema\/logo\/image\/\"}}]}<\/script>\n<!-- \/ Yoast SEO plugin. -->","yoast_head_json":{"title":"Moldeado por Inyecci\u00f3n de Metal (MIM) - Hiperbaric","robots":{"index":"index","follow":"follow","max-snippet":"max-snippet:-1","max-image-preview":"max-image-preview:large","max-video-preview":"max-video-preview:-1"},"canonical":"https:\/\/www.hiperbaric.com\/es\/tecnologia-hip\/tecnicas-de-fabricacion-hip\/moldeado-por-inyeccion-de-metal\/","og_locale":"es_ES","og_type":"article","og_title":"Moldeado por Inyecci\u00f3n de Metal (MIM) - Hiperbaric","og_description":"Moldeado por inyecci\u00f3n de metal (MIM) El moldeado por inyecci\u00f3n de metal (Metal Injection Molding, MIM) es una t\u00e9cnica de fabricaci\u00f3n pulvimetal\u00fargica que inyecta binder y polvo met\u00e1lico en un molde o cavidad obteniendo la pieza en verde con la forma del producto final. Esta pieza en verde debe ser sinterizada despu\u00e9s para obtener una...","og_url":"https:\/\/www.hiperbaric.com\/es\/tecnologia-hip\/tecnicas-de-fabricacion-hip\/moldeado-por-inyeccion-de-metal\/","og_site_name":"Hiperbaric","article_modified_time":"2020-10-26T09:40:52+00:00","twitter_card":"summary_large_image","twitter_misc":{"Tiempo de lectura":"2 minutos"},"schema":{"@context":"https:\/\/schema.org","@graph":[{"@type":"WebPage","@id":"https:\/\/www.hiperbaric.com\/es\/tecnologia-hip\/tecnicas-de-fabricacion-hip\/moldeado-por-inyeccion-de-metal\/","url":"https:\/\/www.hiperbaric.com\/es\/tecnologia-hip\/tecnicas-de-fabricacion-hip\/moldeado-por-inyeccion-de-metal\/","name":"Moldeado por Inyecci\u00f3n de Metal (MIM) - Hiperbaric","isPartOf":{"@id":"https:\/\/www.hiperbaric.com\/en\/#website"},"datePublished":"2020-07-27T11:49:05+00:00","dateModified":"2020-10-26T09:40:52+00:00","breadcrumb":{"@id":"https:\/\/www.hiperbaric.com\/es\/tecnologia-hip\/tecnicas-de-fabricacion-hip\/moldeado-por-inyeccion-de-metal\/#breadcrumb"},"inLanguage":"es","potentialAction":[{"@type":"ReadAction","target":["https:\/\/www.hiperbaric.com\/es\/tecnologia-hip\/tecnicas-de-fabricacion-hip\/moldeado-por-inyeccion-de-metal\/"]}]},{"@type":"BreadcrumbList","@id":"https:\/\/www.hiperbaric.com\/es\/tecnologia-hip\/tecnicas-de-fabricacion-hip\/moldeado-por-inyeccion-de-metal\/#breadcrumb","itemListElement":[{"@type":"ListItem","position":1,"name":"Home","item":"https:\/\/www.hiperbaric.com\/es\/"},{"@type":"ListItem","position":2,"name":"Tecnolog\u00eda HIP","item":"https:\/\/www.hiperbaric.com\/es\/tecnologia-hip\/"},{"@type":"ListItem","position":3,"name":"T\u00e9cnicas de Fabricaci\u00f3n HIP","item":"https:\/\/www.hiperbaric.com\/es\/tecnologia-hip\/tecnicas-de-fabricacion-hip\/"},{"@type":"ListItem","position":4,"name":"Moldeado por Inyecci\u00f3n de Metal (MIM)"}]},{"@type":"WebSite","@id":"https:\/\/www.hiperbaric.com\/en\/#website","url":"https:\/\/www.hiperbaric.com\/en\/","name":"Hiperbaric","description":"Procesado para la conservaci\u00f3n de alimentos","publisher":{"@id":"https:\/\/www.hiperbaric.com\/en\/#organization"},"potentialAction":[{"@type":"SearchAction","target":{"@type":"EntryPoint","urlTemplate":"https:\/\/www.hiperbaric.com\/en\/?s={search_term_string}"},"query-input":"required name=search_term_string"}],"inLanguage":"es"},{"@type":"Organization","@id":"https:\/\/www.hiperbaric.com\/en\/#organization","name":"Hiperbaric","url":"https:\/\/www.hiperbaric.com\/en\/","logo":{"@type":"ImageObject","inLanguage":"es","@id":"https:\/\/www.hiperbaric.com\/en\/#\/schema\/logo\/image\/","url":"https:\/\/www.hiperbaric.com\/wp-content\/uploads\/2026\/01\/cropped-hiperbaric-logotipo-1-2.png","contentUrl":"https:\/\/www.hiperbaric.com\/wp-content\/uploads\/2026\/01\/cropped-hiperbaric-logotipo-1-2.png","width":340,"height":72,"caption":"Hiperbaric"},"image":{"@id":"https:\/\/www.hiperbaric.com\/en\/#\/schema\/logo\/image\/"}}]}},"_links":{"self":[{"href":"https:\/\/www.hiperbaric.com\/es\/wp-json\/wp\/v2\/pages\/21407","targetHints":{"allow":["GET"]}}],"collection":[{"href":"https:\/\/www.hiperbaric.com\/es\/wp-json\/wp\/v2\/pages"}],"about":[{"href":"https:\/\/www.hiperbaric.com\/es\/wp-json\/wp\/v2\/types\/page"}],"author":[{"embeddable":true,"href":"https:\/\/www.hiperbaric.com\/es\/wp-json\/wp\/v2\/users\/1"}],"replies":[{"embeddable":true,"href":"https:\/\/www.hiperbaric.com\/es\/wp-json\/wp\/v2\/comments?post=21407"}],"version-history":[{"count":0,"href":"https:\/\/www.hiperbaric.com\/es\/wp-json\/wp\/v2\/pages\/21407\/revisions"}],"up":[{"embeddable":true,"href":"https:\/\/www.hiperbaric.com\/es\/wp-json\/wp\/v2\/pages\/23310"}],"wp:attachment":[{"href":"https:\/\/www.hiperbaric.com\/es\/wp-json\/wp\/v2\/media?parent=21407"}],"curies":[{"name":"wp","href":"https:\/\/api.w.org\/{rel}","templated":true}]}}