{"id":21370,"date":"2020-07-27T12:40:34","date_gmt":"2020-07-27T10:40:34","guid":{"rendered":"https:\/\/www.hiperbaric.com\/?page_id=21370"},"modified":"2025-10-16T17:43:43","modified_gmt":"2025-10-16T15:43:43","slug":"industria","status":"publish","type":"page","link":"https:\/\/www.hiperbaric.com\/es\/tecnologia-hip\/sectores-hip\/industria\/","title":{"rendered":"Industria"},"content":{"rendered":"\r\n\t<h1>Industria<br \/>\r\n<\/h1>\r\n<p>La industria necesita, cada vez con m\u00e1s frecuencia, materiales y procesos productivos m\u00e1s eficientes para hacer frente a los retos de fabricaci\u00f3n de la actualidad. <\/p>\r\n<p>Con la incorporaci\u00f3n de recientes t\u00e9cnicas de fabricaci\u00f3n aditiva (Additive Manufacturing, AM) se est\u00e1n desarrollando sinergias con la tecnolog\u00eda HIP con el resultado de conseguir piezas de mayor complejidad, mejores propiedades mec\u00e1nicas y mayor fiabilidad y durabilidad.<\/p>\r\n<p>Soluciones efectivas en la fabricaci\u00f3n avanzada y en el dise\u00f1o e ingenier\u00eda de precisi\u00f3n.<\/p>\r\n<p>En este panorama, las empresas requieren soluciones con piezas que cumplan requisitos t\u00e9cnicos muy exigentes, materiales de mecanizado complejo y especificaciones de gran precisi\u00f3n.<\/p>\r\n<p>Industrias de muy distinta \u00edndole utilizan actualmente la tecnolog\u00eda de prensado isost\u00e1tico en caliente  (Hot Isostatic Pressing, HIP) en alg\u00fan punto de su cadena de producci\u00f3n buscando aportar valor a sus productos mejorando su calidad y prestaciones.<\/p>\r\n<p><strong>Aplicaciones y principales ventajas HIP en diferentes sectores industriales<\/strong><br>Las aplicaciones industriales del prensado isost\u00e1tico en caliente (HIP) abarcan una amplia gama de industrias y productos.<\/p>\r\n<p>En el desarrollo de materiales herramientas, el HIP elimina la porosidad cuando est\u00e1n fabricadas con carburo de tungsteno sinterizado y en las herramientas de diamante mejora la adhesi\u00f3n de los diamantes al metal base.<\/p>\r\n<a role=\"button\" data-toggle=\"collapse\" href=\"#aplicacionCollapse\" aria-expanded=\"false\" aria-controls=\"aplicacionCollapse\">Leer m\u00e1s &gt;<\/a>\r\n   <section>\r\n      <img decoding=\"async\" src=\"\/wp-content\/uploads\/2020\/07\/PORTADA_AdobeStock_219100685.jpeg\">\r\n      <img decoding=\"async\" src=\"\/wp-content\/uploads\/2020\/07\/LINGOTE_AdobeStock_106815746.jpeg\">\r\n      <img decoding=\"async\" src=\"\/wp-content\/uploads\/2020\/07\/TUBERIAS_AdobeStock_305588375.jpeg\">\r\n      <img decoding=\"async\" src=\"\/wp-content\/uploads\/2020\/07\/versamelt-page-layout_09.jpg\">\r\n   <\/section>\r\n    <section>\r\n      <img decoding=\"async\" src=\"\/wp-content\/uploads\/2020\/07\/PORTADA_AdobeStock_219100685.jpeg\">\r\n      <img decoding=\"async\" src=\"\/wp-content\/uploads\/2020\/07\/LINGOTE_AdobeStock_106815746.jpeg\">\r\n      <img decoding=\"async\" src=\"\/wp-content\/uploads\/2020\/07\/TUBERIAS_AdobeStock_305588375.jpeg\">\r\n      <img decoding=\"async\" src=\"\/wp-content\/uploads\/2020\/07\/versamelt-page-layout_09.jpg\">\r\n   <\/section>\r\n\t\t\t\t<img decoding=\"async\" loading=\"lazy\" src=\"https:\/\/www.hiperbaric.com\/wp-content\/uploads\/2020\/07\/BROCA_AdobeStock_302264244.jpeg\" alt=\"metal drill bit make holes in steel billet on industrial drilling machine with shavings. Metal work industry. multi cutting tool and end mill.\" itemprop=\"image\" height=\"3667\" width=\"5500\" title=\"metal drill bit make holes in steel billet on industrial drilling machine with shavings. Metal work industry. multi cutting tool and end mill.\" onerror=\"this.style.display='none'\"  \/>\r\n\t<h2 data-element-id=\"hmap-4\"><strong>PRINCIPALES BENEFICIOS DE LA UTILIZACI\u00d3N DE HIP EN EL SECTOR INDUSTRIAL<br \/>\r\n<\/strong><\/h2>\r\n\t<p><strong>Las principales ventajas de la utilizaci\u00f3n de HIP en el sector de herramientas son:<\/strong><\/p>\r\n<ul>\r\n<li>Posibilidad de obtener aleaciones a partir de Pulvimetalurgia.<\/li>\r\n<li>Mejorar las propiedades mec\u00e1nicas de los materiales utilizados en herramientas. Principalmente la tenacidad gracias a la mejora de la adhesi\u00f3n entre la matriz y el disperso.<\/li>\r\n<li>Posibilidad de aplicar recubrimientos y que estos tengan una buena adhesi\u00f3n a la base gracias a la t\u00e9cnica uni\u00f3n por difusi\u00f3n (Diffusion Bonding, DB).<\/li>\r\n<li>Obtener un material con una combinaci\u00f3n de dureza y tenacidad muy elevada<\/li>\r\n<li>Posibilidad de alear por pulvimetalurgia<\/li>\r\n<\/ul>\r\n<p>En la industria del agua, los impulsores y carcasas fundidos para aplicaciones de bombeo cr\u00edticas se someten a HIP para mejorar la integridad eliminando la porosidad.<\/p>\r\n<p><strong>Las principales ventajas de la utilizaci\u00f3n de HIP en aplicaciones hidr\u00e1ulicas son:<\/strong><\/p>\r\n<ul>\r\n<li>Mejora de las propiedades de los componentes de fundici\u00f3n utilizados en diversos componentes hidr\u00e1ulicos.<\/li>\r\n<li>Posibilidad de aplicaci\u00f3n de recubrimientos que mejoren propiedades espec\u00edficas como el desgaste a erosi\u00f3n o cavitaci\u00f3n sobre los materiales base por medio de Diffusion Bonding (DB).<\/li>\r\n<\/ul>\r\n<p>En el mundo de la siderurgia, conforme la industria ha demandado materiales que rindan en aplicaciones m\u00e1s exigentes, los fabricantes de los mismos han tenido que ir mejorando sus productos. Una de las t\u00e9cnicas que permite obtener aceros de calidades muy superiores son los aceros pulvimetalurgicos, habituales en aceros de herramientas para trabajo en caliente y matricer\u00eda. Estos aceros pulvimetal\u00fargicos conf\u00edan en el HIP para consolidar el material de polvo a s\u00f3lido. La posibilidad de fabricar estos materiales sin obtenci\u00f3n ni engrosamiento de carburos primarios permite microestructuras de grano fino y sin las segregaciones habituales en aceros con alto porcentaje de aleaci\u00f3n hace de la industria sider\u00fargica una de las que m\u00e1s procesa por HIP.<\/p>\r\n\t<p><strong>Las principales ventajas de la utilizaci\u00f3n de HIP en siderurgia:<\/strong><\/p>\r\n<ul>\r\n<li>La fabricaci\u00f3n de grados pulvimetal\u00fargicos evita la formaci\u00f3n de carburos primarios que comprometen la tenacidad. Se consigue una mejora de la resistencia al desgaste al tener carburos finos y muy distribuidos. Se obtiene una microestructura fina e is\u00f3tropa con la que comenzar los procesos de forja tras el HIP.<\/li>\r\n<li>Una de las aplicaciones mayoritaria, en cuanto a toneladas de material procesado por HIP anualmente, es la de ciertos fabricantes de acero de herramientas, que fabrican blanks (\u201ctochos\u201d) con un proceso similar al NNS (la forma del tocho no importa), en el que el objetivo es obtener un lingote de acero de herramientas de grano fino y evitar la formaci\u00f3n de carburos primarios grandes que comprometen la tenacidad del material.<\/li>\r\n<\/ul>\r\n<p>En joyer\u00eda, la tecnolog\u00eda HIP se utiliza como post procesado para la densificaci\u00f3n de piezas elaboradas por fundici\u00f3n, por ejemplo en aleaciones de platino. Con el objetivo de eliminar la porosidad que aparecer\u00eda en el pulido de la joya.<\/p>\r\n\t<h2 data-element-id=\"hmap-4\"><strong>Otros sectores HIP<br \/>\r\n<\/strong><\/h2>\r\n   <section>\r\n\t\t\t\t\t\t\t\t\t<a href=\"\/tecnologia-hip\/sectores-hip\/aeroespacial\/\" target=\"_self\" itemprop=\"url\" rel=\"noopener noreferrer\">\r\n\t\t\t\t\t\t\t\t\t\t\t<img decoding=\"async\" loading=\"lazy\" data-attachment-id=\"17868\" src=\"\/wp-content\/uploads\/2020\/07\/Aeroespacial-1.jpg\" itemprop=\"image\" height=\"180\" width=\"170\">\r\n\t\t\t\t\t\t\t\t\t\t\tAeroespacial\r\n\t\t\t\t\t\t\t\t\t\t<\/a>\r\n\t\t\t\t\t\t\t\t\t<a href=\"\/tecnologia-hip\/sectores-hip\/petroleo-y-gas\/\" target=\"_self\" itemprop=\"url\" rel=\"noopener noreferrer\">\r\n\t\t\t\t\t\t\t\t\t\t\t<img decoding=\"async\" loading=\"lazy\" data-attachment-id=\"17868\" src=\"\/wp-content\/uploads\/2020\/07\/petroleo-y-gas.jpg\" itemprop=\"image\" height=\"180\" width=\"170\">\r\n\t\t\t\t\t\t\t\t\t\t\tPetr\u00f3leo y Gas\r\n\t\t\t\t\t\t\t\t\t\t<\/a>\r\n\t\t\t\t\t\t\t\t\t<a href=\"\/tecnologia-hip\/sectores-hip\/implantes-medicos\/\" target=\"_self\" itemprop=\"url\" rel=\"noopener noreferrer\">\r\n\t\t\t\t\t\t\t\t\t\t\t<img decoding=\"async\" loading=\"lazy\" data-attachment-id=\"17868\" src=\"\/wp-content\/uploads\/2020\/07\/implante-m\u00e9dico.jpg\" itemprop=\"image\" height=\"180\" width=\"170\">\r\n\t\t\t\t\t\t\t\t\t\t\tImplantes M\u00e9dicos\r\n\t\t\t\t\t\t\t\t\t\t<\/a>\r\n\t\t\t\t\t\t\t\t\t<a href=\"\/tecnologia-hip\/sectores-hip\/nuclear\/\" target=\"_self\" itemprop=\"url\" rel=\"noopener noreferrer\">\r\n\t\t\t\t\t\t\t\t\t\t\t<img decoding=\"async\" loading=\"lazy\" data-attachment-id=\"17868\" src=\"\/wp-content\/uploads\/2020\/07\/Nuclear.jpg\" itemprop=\"image\" height=\"180\" width=\"170\">\r\n\t\t\t\t\t\t\t\t\t\t\tNuclear\r\n\t\t\t\t\t\t\t\t\t\t<\/a>\r\n\t\t\t\t\t\t\t\t\t<a href=\"\/tecnologia-hip\/sectores-hip\/defensa\/\" target=\"_self\" itemprop=\"url\" rel=\"noopener noreferrer\">\r\n\t\t\t\t\t\t\t\t\t\t\t<img decoding=\"async\" loading=\"lazy\" data-attachment-id=\"17868\" src=\"\/wp-content\/uploads\/2020\/07\/Defensa.jpg\" itemprop=\"image\" height=\"180\" width=\"170\">\r\n\t\t\t\t\t\t\t\t\t\t\tDefensa\r\n\t\t\t\t\t\t\t\t\t\t<\/a>\r\n\t\t\t\t\t\t\t\t\t<a href=\"\/tecnologia-hip\/sectores-hip\/automocion\/\" target=\"_self\" itemprop=\"url\" rel=\"noopener noreferrer\">\r\n\t\t\t\t\t\t\t\t\t\t\t<img decoding=\"async\" loading=\"lazy\" data-attachment-id=\"17868\" src=\"\/wp-content\/uploads\/2020\/07\/automoci\u00f3n.jpg\" itemprop=\"image\" height=\"180\" width=\"170\">\r\n\t\t\t\t\t\t\t\t\t\t\tAutomoci\u00f3n\r\n\t\t\t\t\t\t\t\t\t\t<\/a>\r\n   <\/section>\r\n","protected":false},"excerpt":{"rendered":"<p>Industria La industria necesita, cada vez con m\u00e1s frecuencia, materiales y procesos productivos m\u00e1s eficientes para hacer frente a los retos de fabricaci\u00f3n de la actualidad. Con la incorporaci\u00f3n de recientes t\u00e9cnicas de fabricaci\u00f3n aditiva (Additive Manufacturing, AM) se est\u00e1n desarrollando sinergias con la tecnolog\u00eda HIP con el resultado de conseguir piezas de mayor complejidad,&#8230;<\/p>\n","protected":false},"author":1,"featured_media":0,"parent":21288,"menu_order":0,"comment_status":"closed","ping_status":"closed","template":"","meta":{"om_disable_all_campaigns":false,"inline_featured_image":false,"_monsterinsights_skip_tracking":false,"_monsterinsights_sitenote_active":false,"_monsterinsights_sitenote_note":"","_monsterinsights_sitenote_category":0,"footnotes":"","_wp_rev_ctl_limit":""},"acf":[],"yoast_head":"<!-- This site is optimized with the Yoast SEO plugin v22.4 - https:\/\/yoast.com\/wordpress\/plugins\/seo\/ -->\n<title>Tecnolog\u00eda HIP en sector industrial - Hiperbaric<\/title>\n<meta name=\"robots\" content=\"index, follow, max-snippet:-1, max-image-preview:large, max-video-preview:-1\" \/>\n<link rel=\"canonical\" href=\"https:\/\/www.hiperbaric.com\/es\/tecnologia-hip\/sectores-hip\/industria\/\" \/>\n<meta property=\"og:locale\" content=\"es_ES\" \/>\n<meta property=\"og:type\" content=\"article\" \/>\n<meta property=\"og:title\" content=\"Tecnolog\u00eda HIP en sector industrial - Hiperbaric\" \/>\n<meta property=\"og:description\" content=\"Industria La industria necesita, cada vez con m\u00e1s frecuencia, materiales y procesos productivos m\u00e1s eficientes para hacer frente a los retos de fabricaci\u00f3n de la actualidad. Con la incorporaci\u00f3n de recientes t\u00e9cnicas de fabricaci\u00f3n aditiva (Additive Manufacturing, AM) se est\u00e1n desarrollando sinergias con la tecnolog\u00eda HIP con el resultado de conseguir piezas de mayor complejidad,...\" \/>\n<meta property=\"og:url\" content=\"https:\/\/www.hiperbaric.com\/es\/tecnologia-hip\/sectores-hip\/industria\/\" \/>\n<meta property=\"og:site_name\" content=\"Hiperbaric\" \/>\n<meta property=\"article:modified_time\" content=\"2025-10-16T15:43:43+00:00\" \/>\n<meta property=\"og:image\" content=\"https:\/\/www.hiperbaric.com\/wp-content\/uploads\/2020\/07\/BROCA_AdobeStock_302264244.jpeg\" \/>\n<meta name=\"twitter:card\" content=\"summary_large_image\" \/>\n<meta name=\"twitter:label1\" content=\"Tiempo de lectura\" \/>\n\t<meta name=\"twitter:data1\" content=\"7 minutos\" \/>\n<script type=\"application\/ld+json\" class=\"yoast-schema-graph\">{\"@context\":\"https:\/\/schema.org\",\"@graph\":[{\"@type\":\"WebPage\",\"@id\":\"https:\/\/www.hiperbaric.com\/es\/tecnologia-hip\/sectores-hip\/industria\/\",\"url\":\"https:\/\/www.hiperbaric.com\/es\/tecnologia-hip\/sectores-hip\/industria\/\",\"name\":\"Tecnolog\u00eda HIP en sector industrial - Hiperbaric\",\"isPartOf\":{\"@id\":\"https:\/\/www.hiperbaric.com\/en\/#website\"},\"primaryImageOfPage\":{\"@id\":\"https:\/\/www.hiperbaric.com\/es\/tecnologia-hip\/sectores-hip\/industria\/#primaryimage\"},\"image\":{\"@id\":\"https:\/\/www.hiperbaric.com\/es\/tecnologia-hip\/sectores-hip\/industria\/#primaryimage\"},\"thumbnailUrl\":\"https:\/\/www.hiperbaric.com\/wp-content\/uploads\/2020\/07\/BROCA_AdobeStock_302264244.jpeg\",\"datePublished\":\"2020-07-27T10:40:34+00:00\",\"dateModified\":\"2025-10-16T15:43:43+00:00\",\"breadcrumb\":{\"@id\":\"https:\/\/www.hiperbaric.com\/es\/tecnologia-hip\/sectores-hip\/industria\/#breadcrumb\"},\"inLanguage\":\"es\",\"potentialAction\":[{\"@type\":\"ReadAction\",\"target\":[\"https:\/\/www.hiperbaric.com\/es\/tecnologia-hip\/sectores-hip\/industria\/\"]}]},{\"@type\":\"ImageObject\",\"inLanguage\":\"es\",\"@id\":\"https:\/\/www.hiperbaric.com\/es\/tecnologia-hip\/sectores-hip\/industria\/#primaryimage\",\"url\":\"https:\/\/www.hiperbaric.com\/wp-content\/uploads\/2020\/07\/BROCA_AdobeStock_302264244.jpeg\",\"contentUrl\":\"https:\/\/www.hiperbaric.com\/wp-content\/uploads\/2020\/07\/BROCA_AdobeStock_302264244.jpeg\"},{\"@type\":\"BreadcrumbList\",\"@id\":\"https:\/\/www.hiperbaric.com\/es\/tecnologia-hip\/sectores-hip\/industria\/#breadcrumb\",\"itemListElement\":[{\"@type\":\"ListItem\",\"position\":1,\"name\":\"Home\",\"item\":\"https:\/\/www.hiperbaric.com\/es\/\"},{\"@type\":\"ListItem\",\"position\":2,\"name\":\"Tecnolog\u00eda HIP\",\"item\":\"https:\/\/www.hiperbaric.com\/es\/tecnologia-hip\/\"},{\"@type\":\"ListItem\",\"position\":3,\"name\":\"Sectores HIP\",\"item\":\"https:\/\/www.hiperbaric.com\/es\/tecnologia-hip\/sectores-hip\/\"},{\"@type\":\"ListItem\",\"position\":4,\"name\":\"Industria\"}]},{\"@type\":\"WebSite\",\"@id\":\"https:\/\/www.hiperbaric.com\/en\/#website\",\"url\":\"https:\/\/www.hiperbaric.com\/en\/\",\"name\":\"Hiperbaric\",\"description\":\"Procesado para la conservaci\u00f3n de alimentos\",\"publisher\":{\"@id\":\"https:\/\/www.hiperbaric.com\/en\/#organization\"},\"potentialAction\":[{\"@type\":\"SearchAction\",\"target\":{\"@type\":\"EntryPoint\",\"urlTemplate\":\"https:\/\/www.hiperbaric.com\/en\/?s={search_term_string}\"},\"query-input\":\"required name=search_term_string\"}],\"inLanguage\":\"es\"},{\"@type\":\"Organization\",\"@id\":\"https:\/\/www.hiperbaric.com\/en\/#organization\",\"name\":\"Hiperbaric\",\"url\":\"https:\/\/www.hiperbaric.com\/en\/\",\"logo\":{\"@type\":\"ImageObject\",\"inLanguage\":\"es\",\"@id\":\"https:\/\/www.hiperbaric.com\/en\/#\/schema\/logo\/image\/\",\"url\":\"https:\/\/www.hiperbaric.com\/wp-content\/uploads\/2026\/01\/cropped-hiperbaric-logotipo-1-2.png\",\"contentUrl\":\"https:\/\/www.hiperbaric.com\/wp-content\/uploads\/2026\/01\/cropped-hiperbaric-logotipo-1-2.png\",\"width\":340,\"height\":72,\"caption\":\"Hiperbaric\"},\"image\":{\"@id\":\"https:\/\/www.hiperbaric.com\/en\/#\/schema\/logo\/image\/\"}}]}<\/script>\n<!-- \/ Yoast SEO plugin. -->","yoast_head_json":{"title":"Tecnolog\u00eda HIP en sector industrial - Hiperbaric","robots":{"index":"index","follow":"follow","max-snippet":"max-snippet:-1","max-image-preview":"max-image-preview:large","max-video-preview":"max-video-preview:-1"},"canonical":"https:\/\/www.hiperbaric.com\/es\/tecnologia-hip\/sectores-hip\/industria\/","og_locale":"es_ES","og_type":"article","og_title":"Tecnolog\u00eda HIP en sector industrial - Hiperbaric","og_description":"Industria La industria necesita, cada vez con m\u00e1s frecuencia, materiales y procesos productivos m\u00e1s eficientes para hacer frente a los retos de fabricaci\u00f3n de la actualidad. Con la incorporaci\u00f3n de recientes t\u00e9cnicas de fabricaci\u00f3n aditiva (Additive Manufacturing, AM) se est\u00e1n desarrollando sinergias con la tecnolog\u00eda HIP con el resultado de conseguir piezas de mayor complejidad,...","og_url":"https:\/\/www.hiperbaric.com\/es\/tecnologia-hip\/sectores-hip\/industria\/","og_site_name":"Hiperbaric","article_modified_time":"2025-10-16T15:43:43+00:00","og_image":[{"url":"https:\/\/www.hiperbaric.com\/wp-content\/uploads\/2020\/07\/BROCA_AdobeStock_302264244.jpeg"}],"twitter_card":"summary_large_image","twitter_misc":{"Tiempo de lectura":"7 minutos"},"schema":{"@context":"https:\/\/schema.org","@graph":[{"@type":"WebPage","@id":"https:\/\/www.hiperbaric.com\/es\/tecnologia-hip\/sectores-hip\/industria\/","url":"https:\/\/www.hiperbaric.com\/es\/tecnologia-hip\/sectores-hip\/industria\/","name":"Tecnolog\u00eda HIP en sector industrial - Hiperbaric","isPartOf":{"@id":"https:\/\/www.hiperbaric.com\/en\/#website"},"primaryImageOfPage":{"@id":"https:\/\/www.hiperbaric.com\/es\/tecnologia-hip\/sectores-hip\/industria\/#primaryimage"},"image":{"@id":"https:\/\/www.hiperbaric.com\/es\/tecnologia-hip\/sectores-hip\/industria\/#primaryimage"},"thumbnailUrl":"https:\/\/www.hiperbaric.com\/wp-content\/uploads\/2020\/07\/BROCA_AdobeStock_302264244.jpeg","datePublished":"2020-07-27T10:40:34+00:00","dateModified":"2025-10-16T15:43:43+00:00","breadcrumb":{"@id":"https:\/\/www.hiperbaric.com\/es\/tecnologia-hip\/sectores-hip\/industria\/#breadcrumb"},"inLanguage":"es","potentialAction":[{"@type":"ReadAction","target":["https:\/\/www.hiperbaric.com\/es\/tecnologia-hip\/sectores-hip\/industria\/"]}]},{"@type":"ImageObject","inLanguage":"es","@id":"https:\/\/www.hiperbaric.com\/es\/tecnologia-hip\/sectores-hip\/industria\/#primaryimage","url":"https:\/\/www.hiperbaric.com\/wp-content\/uploads\/2020\/07\/BROCA_AdobeStock_302264244.jpeg","contentUrl":"https:\/\/www.hiperbaric.com\/wp-content\/uploads\/2020\/07\/BROCA_AdobeStock_302264244.jpeg"},{"@type":"BreadcrumbList","@id":"https:\/\/www.hiperbaric.com\/es\/tecnologia-hip\/sectores-hip\/industria\/#breadcrumb","itemListElement":[{"@type":"ListItem","position":1,"name":"Home","item":"https:\/\/www.hiperbaric.com\/es\/"},{"@type":"ListItem","position":2,"name":"Tecnolog\u00eda HIP","item":"https:\/\/www.hiperbaric.com\/es\/tecnologia-hip\/"},{"@type":"ListItem","position":3,"name":"Sectores HIP","item":"https:\/\/www.hiperbaric.com\/es\/tecnologia-hip\/sectores-hip\/"},{"@type":"ListItem","position":4,"name":"Industria"}]},{"@type":"WebSite","@id":"https:\/\/www.hiperbaric.com\/en\/#website","url":"https:\/\/www.hiperbaric.com\/en\/","name":"Hiperbaric","description":"Procesado para la conservaci\u00f3n de alimentos","publisher":{"@id":"https:\/\/www.hiperbaric.com\/en\/#organization"},"potentialAction":[{"@type":"SearchAction","target":{"@type":"EntryPoint","urlTemplate":"https:\/\/www.hiperbaric.com\/en\/?s={search_term_string}"},"query-input":"required name=search_term_string"}],"inLanguage":"es"},{"@type":"Organization","@id":"https:\/\/www.hiperbaric.com\/en\/#organization","name":"Hiperbaric","url":"https:\/\/www.hiperbaric.com\/en\/","logo":{"@type":"ImageObject","inLanguage":"es","@id":"https:\/\/www.hiperbaric.com\/en\/#\/schema\/logo\/image\/","url":"https:\/\/www.hiperbaric.com\/wp-content\/uploads\/2026\/01\/cropped-hiperbaric-logotipo-1-2.png","contentUrl":"https:\/\/www.hiperbaric.com\/wp-content\/uploads\/2026\/01\/cropped-hiperbaric-logotipo-1-2.png","width":340,"height":72,"caption":"Hiperbaric"},"image":{"@id":"https:\/\/www.hiperbaric.com\/en\/#\/schema\/logo\/image\/"}}]}},"_links":{"self":[{"href":"https:\/\/www.hiperbaric.com\/es\/wp-json\/wp\/v2\/pages\/21370"}],"collection":[{"href":"https:\/\/www.hiperbaric.com\/es\/wp-json\/wp\/v2\/pages"}],"about":[{"href":"https:\/\/www.hiperbaric.com\/es\/wp-json\/wp\/v2\/types\/page"}],"author":[{"embeddable":true,"href":"https:\/\/www.hiperbaric.com\/es\/wp-json\/wp\/v2\/users\/1"}],"replies":[{"embeddable":true,"href":"https:\/\/www.hiperbaric.com\/es\/wp-json\/wp\/v2\/comments?post=21370"}],"version-history":[{"count":1,"href":"https:\/\/www.hiperbaric.com\/es\/wp-json\/wp\/v2\/pages\/21370\/revisions"}],"predecessor-version":[{"id":65510,"href":"https:\/\/www.hiperbaric.com\/es\/wp-json\/wp\/v2\/pages\/21370\/revisions\/65510"}],"up":[{"embeddable":true,"href":"https:\/\/www.hiperbaric.com\/es\/wp-json\/wp\/v2\/pages\/21288"}],"wp:attachment":[{"href":"https:\/\/www.hiperbaric.com\/es\/wp-json\/wp\/v2\/media?parent=21370"}],"curies":[{"name":"wp","href":"https:\/\/api.w.org\/{rel}","templated":true}]}}