{"id":21363,"date":"2020-07-27T12:20:47","date_gmt":"2020-07-27T10:20:47","guid":{"rendered":"https:\/\/www.hiperbaric.com\/?page_id=21363"},"modified":"2025-10-16T17:35:45","modified_gmt":"2025-10-16T15:35:45","slug":"petroleo-y-gas","status":"publish","type":"page","link":"https:\/\/www.hiperbaric.com\/es\/tecnologia-hip\/sectores-hip\/petroleo-y-gas\/","title":{"rendered":"Petr\u00f3leo y Gas"},"content":{"rendered":"\r\n\t<h1>Petr\u00f3leo y gas<br \/>\r\n<\/h1>\r\n<p>La industria del petr\u00f3leo y gas (Oil&amp;Gas) juega un papel fundamental para el abastecimiento de las necesidades energ\u00e9ticas mundiales a partir de la extracci\u00f3n de combustibles f\u00f3siles, como el crudo y el gas natural. Es un sector guiado por patrones de eficiencia, precisi\u00f3n y fiabilidad, en un entorno a menudo hostil y sometido a condiciones de operaci\u00f3n extremas.<\/p>\r\n<p>Es por ello que los materiales utilizados para la fabricaci\u00f3n de las piezas y elementos cr\u00edticos de las instalaciones y equipos de las plantas de extracci\u00f3n deben ser de alta calidad, tanto para garantizar la fiabilidad de las operaciones de extracci\u00f3n como para preservar el medio ambiente.<\/p>\r\n<p>La incorporaci\u00f3n de la tecnolog\u00eda HIP en el proceso de fabricaci\u00f3n de los componentes permite mejorar las prestaciones de los componentes y aumentar su vida \u00fatil, a la par que abaratar los costes de fabricaci\u00f3n y ofrecer una gran flexibilidad a la hora de fabricar piezas con geometr\u00edas complejas y, en ocasiones, de gran tama\u00f1o.<\/p>\r\n<p><strong>Aplicaciones HIP en Petr\u00f3leo y Gas: piezas, materiales y t\u00e9cnicas<\/strong><br>La tecnolog\u00eda de prensado isost\u00e1tico en caliente (Hot Isostatic Pressing, HIP) se ha utilizado durante muchos a\u00f1os en la industria del petr\u00f3leo y el gas, fundamentalmente con el objetivo de compactar piezas fabricadas en los procesos de <strong>pulvimetalurgia de componentes cercanos a su forma final, (Near Net Shaping, NNS)<\/strong>, permitiendo reducir costes (respecto al empleo de otras t\u00e9cnicas tradicionales como el mecanizado), y ampliar las opciones de dise\u00f1o. Su uso permite trabajar de forma m\u00e1s eficiente con aceros inoxidables d\u00faplex como el 22Cr o el 25Cr, los superduplex u otras aleaciones de base n\u00edquel.<\/p>\r\n<p>La combinaci\u00f3n de pulvimetalurgia y HIP confiere a los materiales una mayor resistencia a la corrosi\u00f3n y al agrietamiento por tensi\u00f3n inducida por hidr\u00f3geno (HISC), una microestructura sin anisotrop\u00eda y de grano fino, garantizando el cumplimiento de los m\u00e1s estrictos est\u00e1ndares de calidad de la industria offshore.<\/p>\r\n<p>A este sector, con altas exigencias en integridad y calidad, le apremian otros factores como son la econom\u00eda de las soluciones que adopta y la versatilidad a la hora de afrontar nuevos retos y alcanzar nuevos entornos con la m\u00e1xima fiabilidad. Es por ello que esta industria, de forma paralela al sector aeroespacial, est\u00e1 incorporando elementos producidos mediante <strong>fabricaci\u00f3n aditiva (Additive Manufacturing, AM)<\/strong>. En el momento actual, a\u00fan incipiente, la incorporaci\u00f3n de esta tecnolog\u00eda est\u00e1 enfocada al mantenimiento predictivo de los equipos en producci\u00f3n, \u201cimprimiendo\u201d las piezas justo antes de que sea necesario remplazarlas, reduciendo as\u00ed los tiempos de parada. Hay que tener en cuenta que algunas instalaciones tienen ya bastantes a\u00f1os y no existen piezas en stock para remplazar las que fallan.<\/p>\r\n<p>En el caso de piezas realizadas por fabricaci\u00f3n aditiva, que son despu\u00e9s tratadas por HIP para mejorar su microestructura, queda a\u00fan mucho margen de mejora, ya que de momento se est\u00e1n aplicando a estas piezas los mismos est\u00e1ndares de calidad e id\u00e9nticas condiciones de tratamiento que a las piezas pulvimetal\u00fargicas \u201ctradicionales\u201d, mientras que las posibilidades en este sector son muy amplias, tanto desde el punto de vista de los materiales como de las condiciones de proceso. Por ello se est\u00e1 realizando una importante apuesta e inversi\u00f3n en I+D y est\u00e1n surgiendo ya las primeras iniciativas interesantes.<\/p>\r\n<p>Algunos de los componentes m\u00e1s habitualmente utilizados en la industria del petr\u00f3leo y el gas son colectores (manifolds), v\u00e1lvulas, uniones submarinas o componentes de bombas. Los materiales utilizados son diversos, pero las mejores opciones para este tipo de entornos son aceros inoxidables d\u00faplex y s\u00faper d\u00faplex, aceros inoxidables austen\u00edticos o aleaciones de n\u00edquel.<\/p>\r\n<a role=\"button\" data-toggle=\"collapse\" href=\"#aplicacionCollapse\" aria-expanded=\"false\" aria-controls=\"aplicacionCollapse\">Leer m\u00e1s &gt;<\/a>\r\n   <section>\r\n      <img decoding=\"async\" src=\"\/wp-content\/uploads\/2020\/07\/TRABAJADORES_AdobeStock_189171677.jpeg\">\r\n      <img decoding=\"async\" src=\"\/wp-content\/uploads\/2020\/07\/OLEODUCTO_AdobeStock_240871959.jpeg\">\r\n      <img decoding=\"async\" src=\"\/wp-content\/uploads\/2020\/07\/V\u00c1LVULA_AdobeStock_327801714.jpeg\">\r\n      <img decoding=\"async\" src=\"\/wp-content\/uploads\/2020\/07\/CENTRAL_AdobeStock_179518080.jpeg\">\r\n   <\/section>\r\n    <section>\r\n      <img decoding=\"async\" src=\"\/wp-content\/uploads\/2020\/07\/TRABAJADORES_AdobeStock_189171677.jpeg\">\r\n      <img decoding=\"async\" src=\"\/wp-content\/uploads\/2020\/07\/OLEODUCTO_AdobeStock_240871959.jpeg\">\r\n      <img decoding=\"async\" src=\"\/wp-content\/uploads\/2020\/07\/V\u00c1LVULA_AdobeStock_327801714.jpeg\">\r\n      <img decoding=\"async\" src=\"\/wp-content\/uploads\/2020\/07\/CENTRAL_AdobeStock_179518080.jpeg\">\r\n   <\/section>\r\n\t<h2 data-element-id=\"hmap-4\"><strong>PRINCIPALES BENEFICIOS DE LA UTILIZACI\u00d3N DE HIP EN EL SECTOR DE PETR\u00d3LEO Y GAS<br \/>\r\n<\/strong><\/h2>\r\n\t<p>El empleo de tecnolog\u00eda HIP para el procesado de piezas dise\u00f1adas por distintos procesos de fabricaci\u00f3n para la industria del petr\u00f3leo y el gas\u00a0 aporta los siguientes beneficios:<\/p>\r\n<p><strong>Mejora las propiedades y el rendimiento de los materiales: <\/strong><\/p>\r\n<ul>\r\n<li>Alta resistencia a la corrosi\u00f3n y al agrietamiento por tensi\u00f3n inducida por hidr\u00f3geno (HISC) que aporta al material.<\/li>\r\n<li>Mejora de las opciones (versatilidad) y rendimiento de los procesos de fabricaci\u00f3n de componentes puesto que en muchos casos permite aligerar el peso de la pieza.<\/li>\r\n<li>Hace posible dise\u00f1ar piezas grandes con geometr\u00edas complejas.<\/li>\r\n<\/ul>\r\n<p><strong>Producci\u00f3n m\u00e1s eficiente en los procesos de fabricaci\u00f3n: <\/strong><\/p>\r\n<ul>\r\n<li>Minimiza la necesidad de soldadura.<\/li>\r\n<li>Mejora el aprovechamiento de material.<\/li>\r\n<li>Reduce las operaciones de mecanizado al m\u00ednimo.<\/li>\r\n<\/ul>\r\n<p><strong>Ahorro de costes: <\/strong><\/p>\r\n<ul>\r\n<li>Abarata los costes de fabricaci\u00f3n.<\/li>\r\n<\/ul>\r\n<p>El HIP se revela como una tecnolog\u00eda a d\u00eda de hoy imprescindible para este sector, que juega un papel vital para satisfacer la necesidad energ\u00e9tica global, representando casi la mitad de la combinaci\u00f3n de energ\u00eda primaria en 2040.<\/p>\r\n\t<h2 data-element-id=\"hmap-4\"><strong>Certificados<br \/>\r\n<\/strong><\/h2>\r\n\t<p>Todos los materiales y componentes utilizados en la industria del petr\u00f3leo y el gas deben cumplir los m\u00e1s estrictos controles de calidad, atendiendo a una gran variedad de requisitos que les permitan cumplir con sus funcionalidades y cualidades. Entre ellos, destacan los siguientes est\u00e1ndares de fabricaci\u00f3n y control.<\/p>\r\n<ul>\r\n<li>NACE MR 0175 ISO 15156 (NACE &#8211; National Association of Corrosion Engineers). Dirigido a materiales para su uso en ambientes con alta presencia de sulfuro de hidr\u00f3geno.<\/li>\r\n<li>NORSOK M-650, Rev. 3. Cualificaci\u00f3n para fabricantes de materiales especiales, como son aquellos de la industria petrol\u00edfera.<\/li>\r\n<li>ASTM A 988\/A988 M, ASTM A 989, ASTM B 834 (ASTM \u2013 American Society for Testing and Materials). Est\u00e1ndares a los que se deben someterse aquellos componentes (bridas, v\u00e1lvulas, piecer\u00edo de acero inoxidable) procesados por HIP que presten servicio a alta temperatura.<\/li>\r\n<\/ul>\r\n\t<h2 data-element-id=\"hmap-4\"><strong>Otros sectores HIP<br \/>\r\n<\/strong><\/h2>\r\n   <section>\r\n\t\t\t\t\t\t\t\t\t<a href=\"\/tecnologia-hip\/sectores-hip\/aeroespacial\/\" target=\"_self\" itemprop=\"url\" rel=\"noopener noreferrer\">\r\n\t\t\t\t\t\t\t\t\t\t\t<img decoding=\"async\" loading=\"lazy\" data-attachment-id=\"17868\" src=\"\/wp-content\/uploads\/2020\/07\/Aeroespacial-1.jpg\" itemprop=\"image\" height=\"180\" width=\"170\">\r\n\t\t\t\t\t\t\t\t\t\t\tAeroespacial\r\n\t\t\t\t\t\t\t\t\t\t<\/a>\r\n\t\t\t\t\t\t\t\t\t<a href=\"\/tecnologia-hip\/sectores-hip\/implantes-medicos\/\" target=\"_self\" itemprop=\"url\" rel=\"noopener noreferrer\">\r\n\t\t\t\t\t\t\t\t\t\t\t<img decoding=\"async\" loading=\"lazy\" data-attachment-id=\"17868\" src=\"\/wp-content\/uploads\/2020\/07\/implante-m\u00e9dico.jpg\" itemprop=\"image\" height=\"180\" width=\"170\">\r\n\t\t\t\t\t\t\t\t\t\t\tImplantes M\u00e9dicos\r\n\t\t\t\t\t\t\t\t\t\t<\/a>\r\n\t\t\t\t\t\t\t\t\t<a href=\"\/tecnologia-hip\/sectores-hip\/nuclear\/\" target=\"_self\" itemprop=\"url\" rel=\"noopener noreferrer\">\r\n\t\t\t\t\t\t\t\t\t\t\t<img decoding=\"async\" loading=\"lazy\" data-attachment-id=\"17868\" src=\"\/wp-content\/uploads\/2020\/07\/Nuclear.jpg\" itemprop=\"image\" height=\"180\" width=\"170\">\r\n\t\t\t\t\t\t\t\t\t\t\tNuclear\r\n\t\t\t\t\t\t\t\t\t\t<\/a>\r\n\t\t\t\t\t\t\t\t\t<a href=\"\/tecnologia-hip\/sectores-hip\/defensa\/\" target=\"_self\" itemprop=\"url\" rel=\"noopener noreferrer\">\r\n\t\t\t\t\t\t\t\t\t\t\t<img decoding=\"async\" loading=\"lazy\" data-attachment-id=\"17868\" src=\"\/wp-content\/uploads\/2020\/07\/Defensa.jpg\" itemprop=\"image\" height=\"180\" width=\"170\">\r\n\t\t\t\t\t\t\t\t\t\t\tDefensa\r\n\t\t\t\t\t\t\t\t\t\t<\/a>\r\n\t\t\t\t\t\t\t\t\t<a href=\"\/tecnologia-hip\/sectores-hip\/industria\/\" target=\"_self\" itemprop=\"url\" rel=\"noopener noreferrer\">\r\n\t\t\t\t\t\t\t\t\t\t\t<img decoding=\"async\" loading=\"lazy\" data-attachment-id=\"17868\" src=\"\/wp-content\/uploads\/2020\/07\/Industria.jpg\" itemprop=\"image\" height=\"180\" width=\"170\">\r\n\t\t\t\t\t\t\t\t\t\t\tIndustria\r\n\t\t\t\t\t\t\t\t\t\t<\/a>\r\n\t\t\t\t\t\t\t\t\t<a href=\"\/tecnologia-hip\/sectores-hip\/automocion\/\" target=\"_self\" itemprop=\"url\" rel=\"noopener noreferrer\">\r\n\t\t\t\t\t\t\t\t\t\t\t<img decoding=\"async\" loading=\"lazy\" data-attachment-id=\"17868\" src=\"\/wp-content\/uploads\/2020\/07\/automoci\u00f3n.jpg\" itemprop=\"image\" height=\"180\" width=\"170\">\r\n\t\t\t\t\t\t\t\t\t\t\tAutomoci\u00f3n\r\n\t\t\t\t\t\t\t\t\t\t<\/a>\r\n   <\/section>\r\n","protected":false},"excerpt":{"rendered":"<p>Petr\u00f3leo y gas La industria del petr\u00f3leo y gas (Oil&amp;Gas) juega un papel fundamental para el abastecimiento de las necesidades energ\u00e9ticas mundiales a partir de la extracci\u00f3n de combustibles f\u00f3siles, como el crudo y el gas natural. Es un sector guiado por patrones de eficiencia, precisi\u00f3n y fiabilidad, en un entorno a menudo hostil y&#8230;<\/p>\n","protected":false},"author":1,"featured_media":0,"parent":21288,"menu_order":0,"comment_status":"closed","ping_status":"closed","template":"","meta":{"om_disable_all_campaigns":false,"inline_featured_image":false,"_monsterinsights_skip_tracking":false,"_monsterinsights_sitenote_active":false,"_monsterinsights_sitenote_note":"","_monsterinsights_sitenote_category":0,"footnotes":"","_wp_rev_ctl_limit":""},"acf":[],"yoast_head":"<!-- This site is optimized with the Yoast SEO plugin v22.4 - https:\/\/yoast.com\/wordpress\/plugins\/seo\/ -->\n<title>Tecnolog\u00eda HIP en industria Petr\u00f3leo y Gas - Hiperbaric<\/title>\n<meta name=\"robots\" content=\"index, follow, max-snippet:-1, max-image-preview:large, max-video-preview:-1\" \/>\n<link rel=\"canonical\" href=\"https:\/\/www.hiperbaric.com\/es\/tecnologia-hip\/sectores-hip\/petroleo-y-gas\/\" \/>\n<meta property=\"og:locale\" content=\"es_ES\" \/>\n<meta property=\"og:type\" content=\"article\" \/>\n<meta property=\"og:title\" content=\"Tecnolog\u00eda HIP en industria Petr\u00f3leo y Gas - Hiperbaric\" \/>\n<meta property=\"og:description\" content=\"Petr\u00f3leo y gas La industria del petr\u00f3leo y gas (Oil&amp;Gas) juega un papel fundamental para el abastecimiento de las necesidades energ\u00e9ticas mundiales a partir de la extracci\u00f3n de combustibles f\u00f3siles, como el crudo y el gas natural. Es un sector guiado por patrones de eficiencia, precisi\u00f3n y fiabilidad, en un entorno a menudo hostil y...\" \/>\n<meta property=\"og:url\" content=\"https:\/\/www.hiperbaric.com\/es\/tecnologia-hip\/sectores-hip\/petroleo-y-gas\/\" \/>\n<meta property=\"og:site_name\" content=\"Hiperbaric\" \/>\n<meta property=\"article:modified_time\" content=\"2025-10-16T15:35:45+00:00\" \/>\n<meta name=\"twitter:card\" content=\"summary_large_image\" \/>\n<meta name=\"twitter:label1\" content=\"Tiempo de lectura\" \/>\n\t<meta name=\"twitter:data1\" content=\"7 minutos\" \/>\n<script type=\"application\/ld+json\" class=\"yoast-schema-graph\">{\"@context\":\"https:\/\/schema.org\",\"@graph\":[{\"@type\":\"WebPage\",\"@id\":\"https:\/\/www.hiperbaric.com\/es\/tecnologia-hip\/sectores-hip\/petroleo-y-gas\/\",\"url\":\"https:\/\/www.hiperbaric.com\/es\/tecnologia-hip\/sectores-hip\/petroleo-y-gas\/\",\"name\":\"Tecnolog\u00eda HIP en industria Petr\u00f3leo y Gas - Hiperbaric\",\"isPartOf\":{\"@id\":\"https:\/\/www.hiperbaric.com\/en\/#website\"},\"datePublished\":\"2020-07-27T10:20:47+00:00\",\"dateModified\":\"2025-10-16T15:35:45+00:00\",\"breadcrumb\":{\"@id\":\"https:\/\/www.hiperbaric.com\/es\/tecnologia-hip\/sectores-hip\/petroleo-y-gas\/#breadcrumb\"},\"inLanguage\":\"es\",\"potentialAction\":[{\"@type\":\"ReadAction\",\"target\":[\"https:\/\/www.hiperbaric.com\/es\/tecnologia-hip\/sectores-hip\/petroleo-y-gas\/\"]}]},{\"@type\":\"BreadcrumbList\",\"@id\":\"https:\/\/www.hiperbaric.com\/es\/tecnologia-hip\/sectores-hip\/petroleo-y-gas\/#breadcrumb\",\"itemListElement\":[{\"@type\":\"ListItem\",\"position\":1,\"name\":\"Home\",\"item\":\"https:\/\/www.hiperbaric.com\/es\/\"},{\"@type\":\"ListItem\",\"position\":2,\"name\":\"Tecnolog\u00eda HIP\",\"item\":\"https:\/\/www.hiperbaric.com\/es\/tecnologia-hip\/\"},{\"@type\":\"ListItem\",\"position\":3,\"name\":\"Sectores HIP\",\"item\":\"https:\/\/www.hiperbaric.com\/es\/tecnologia-hip\/sectores-hip\/\"},{\"@type\":\"ListItem\",\"position\":4,\"name\":\"Petr\u00f3leo y Gas\"}]},{\"@type\":\"WebSite\",\"@id\":\"https:\/\/www.hiperbaric.com\/en\/#website\",\"url\":\"https:\/\/www.hiperbaric.com\/en\/\",\"name\":\"Hiperbaric\",\"description\":\"Procesado para la conservaci\u00f3n de alimentos\",\"publisher\":{\"@id\":\"https:\/\/www.hiperbaric.com\/en\/#organization\"},\"potentialAction\":[{\"@type\":\"SearchAction\",\"target\":{\"@type\":\"EntryPoint\",\"urlTemplate\":\"https:\/\/www.hiperbaric.com\/en\/?s={search_term_string}\"},\"query-input\":\"required name=search_term_string\"}],\"inLanguage\":\"es\"},{\"@type\":\"Organization\",\"@id\":\"https:\/\/www.hiperbaric.com\/en\/#organization\",\"name\":\"Hiperbaric\",\"url\":\"https:\/\/www.hiperbaric.com\/en\/\",\"logo\":{\"@type\":\"ImageObject\",\"inLanguage\":\"es\",\"@id\":\"https:\/\/www.hiperbaric.com\/en\/#\/schema\/logo\/image\/\",\"url\":\"https:\/\/www.hiperbaric.com\/wp-content\/uploads\/2026\/01\/cropped-hiperbaric-logotipo-1-2.png\",\"contentUrl\":\"https:\/\/www.hiperbaric.com\/wp-content\/uploads\/2026\/01\/cropped-hiperbaric-logotipo-1-2.png\",\"width\":340,\"height\":72,\"caption\":\"Hiperbaric\"},\"image\":{\"@id\":\"https:\/\/www.hiperbaric.com\/en\/#\/schema\/logo\/image\/\"}}]}<\/script>\n<!-- \/ Yoast SEO plugin. -->","yoast_head_json":{"title":"Tecnolog\u00eda HIP en industria Petr\u00f3leo y Gas - Hiperbaric","robots":{"index":"index","follow":"follow","max-snippet":"max-snippet:-1","max-image-preview":"max-image-preview:large","max-video-preview":"max-video-preview:-1"},"canonical":"https:\/\/www.hiperbaric.com\/es\/tecnologia-hip\/sectores-hip\/petroleo-y-gas\/","og_locale":"es_ES","og_type":"article","og_title":"Tecnolog\u00eda HIP en industria Petr\u00f3leo y Gas - Hiperbaric","og_description":"Petr\u00f3leo y gas La industria del petr\u00f3leo y gas (Oil&amp;Gas) juega un papel fundamental para el abastecimiento de las necesidades energ\u00e9ticas mundiales a partir de la extracci\u00f3n de combustibles f\u00f3siles, como el crudo y el gas natural. Es un sector guiado por patrones de eficiencia, precisi\u00f3n y fiabilidad, en un entorno a menudo hostil y...","og_url":"https:\/\/www.hiperbaric.com\/es\/tecnologia-hip\/sectores-hip\/petroleo-y-gas\/","og_site_name":"Hiperbaric","article_modified_time":"2025-10-16T15:35:45+00:00","twitter_card":"summary_large_image","twitter_misc":{"Tiempo de lectura":"7 minutos"},"schema":{"@context":"https:\/\/schema.org","@graph":[{"@type":"WebPage","@id":"https:\/\/www.hiperbaric.com\/es\/tecnologia-hip\/sectores-hip\/petroleo-y-gas\/","url":"https:\/\/www.hiperbaric.com\/es\/tecnologia-hip\/sectores-hip\/petroleo-y-gas\/","name":"Tecnolog\u00eda HIP en industria Petr\u00f3leo y Gas - Hiperbaric","isPartOf":{"@id":"https:\/\/www.hiperbaric.com\/en\/#website"},"datePublished":"2020-07-27T10:20:47+00:00","dateModified":"2025-10-16T15:35:45+00:00","breadcrumb":{"@id":"https:\/\/www.hiperbaric.com\/es\/tecnologia-hip\/sectores-hip\/petroleo-y-gas\/#breadcrumb"},"inLanguage":"es","potentialAction":[{"@type":"ReadAction","target":["https:\/\/www.hiperbaric.com\/es\/tecnologia-hip\/sectores-hip\/petroleo-y-gas\/"]}]},{"@type":"BreadcrumbList","@id":"https:\/\/www.hiperbaric.com\/es\/tecnologia-hip\/sectores-hip\/petroleo-y-gas\/#breadcrumb","itemListElement":[{"@type":"ListItem","position":1,"name":"Home","item":"https:\/\/www.hiperbaric.com\/es\/"},{"@type":"ListItem","position":2,"name":"Tecnolog\u00eda HIP","item":"https:\/\/www.hiperbaric.com\/es\/tecnologia-hip\/"},{"@type":"ListItem","position":3,"name":"Sectores HIP","item":"https:\/\/www.hiperbaric.com\/es\/tecnologia-hip\/sectores-hip\/"},{"@type":"ListItem","position":4,"name":"Petr\u00f3leo y Gas"}]},{"@type":"WebSite","@id":"https:\/\/www.hiperbaric.com\/en\/#website","url":"https:\/\/www.hiperbaric.com\/en\/","name":"Hiperbaric","description":"Procesado para la conservaci\u00f3n de alimentos","publisher":{"@id":"https:\/\/www.hiperbaric.com\/en\/#organization"},"potentialAction":[{"@type":"SearchAction","target":{"@type":"EntryPoint","urlTemplate":"https:\/\/www.hiperbaric.com\/en\/?s={search_term_string}"},"query-input":"required name=search_term_string"}],"inLanguage":"es"},{"@type":"Organization","@id":"https:\/\/www.hiperbaric.com\/en\/#organization","name":"Hiperbaric","url":"https:\/\/www.hiperbaric.com\/en\/","logo":{"@type":"ImageObject","inLanguage":"es","@id":"https:\/\/www.hiperbaric.com\/en\/#\/schema\/logo\/image\/","url":"https:\/\/www.hiperbaric.com\/wp-content\/uploads\/2026\/01\/cropped-hiperbaric-logotipo-1-2.png","contentUrl":"https:\/\/www.hiperbaric.com\/wp-content\/uploads\/2026\/01\/cropped-hiperbaric-logotipo-1-2.png","width":340,"height":72,"caption":"Hiperbaric"},"image":{"@id":"https:\/\/www.hiperbaric.com\/en\/#\/schema\/logo\/image\/"}}]}},"_links":{"self":[{"href":"https:\/\/www.hiperbaric.com\/es\/wp-json\/wp\/v2\/pages\/21363"}],"collection":[{"href":"https:\/\/www.hiperbaric.com\/es\/wp-json\/wp\/v2\/pages"}],"about":[{"href":"https:\/\/www.hiperbaric.com\/es\/wp-json\/wp\/v2\/types\/page"}],"author":[{"embeddable":true,"href":"https:\/\/www.hiperbaric.com\/es\/wp-json\/wp\/v2\/users\/1"}],"replies":[{"embeddable":true,"href":"https:\/\/www.hiperbaric.com\/es\/wp-json\/wp\/v2\/comments?post=21363"}],"version-history":[{"count":2,"href":"https:\/\/www.hiperbaric.com\/es\/wp-json\/wp\/v2\/pages\/21363\/revisions"}],"predecessor-version":[{"id":65506,"href":"https:\/\/www.hiperbaric.com\/es\/wp-json\/wp\/v2\/pages\/21363\/revisions\/65506"}],"up":[{"embeddable":true,"href":"https:\/\/www.hiperbaric.com\/es\/wp-json\/wp\/v2\/pages\/21288"}],"wp:attachment":[{"href":"https:\/\/www.hiperbaric.com\/es\/wp-json\/wp\/v2\/media?parent=21363"}],"curies":[{"name":"wp","href":"https:\/\/api.w.org\/{rel}","templated":true}]}}