{"id":21354,"date":"2020-07-27T12:00:47","date_gmt":"2020-07-27T10:00:47","guid":{"rendered":"https:\/\/www.hiperbaric.com\/?page_id=21354"},"modified":"2025-10-16T17:37:25","modified_gmt":"2025-10-16T15:37:25","slug":"nuclear","status":"publish","type":"page","link":"https:\/\/www.hiperbaric.com\/es\/tecnologia-hip\/sectores-hip\/nuclear\/","title":{"rendered":"Nuclear"},"content":{"rendered":"\r\n\t<h1>Nuclear<\/h1>\r\n<p>La industria nuclear es uno de los sectores estrat\u00e9gicos en todo el mundo. Los m\u00e1s de 450 reactores actualmente en operaci\u00f3n producen alrededor del 11,5% de la electricidad mundial, seg\u00fan el Organismo Internacional de Energ\u00eda At\u00f3mica (OIEA).<\/p>\r\n<p>Los componentes que se utilizan en el sector nuclear deben ser robustos, fiables y resistentes a altas temperaturas. La tecnolog\u00eda HIP es un proceso para el tratamiento de piezas de alto rendimiento y se postula como la soluci\u00f3n id\u00f3nea para el post-procesado de este tipo de piezas sometidas a altos niveles de exigencia. Las grandes similitudes con la industria petrol\u00edfera, permitir\u00e1n la aplicaci\u00f3n de todo el conocimiento adquirido en la misma en el desarrollo de soluciones para la industria nuclear.<\/p>\r\n<p>La tecnolog\u00eda HIP (Hot Isostatic Pressing)  tambi\u00e9n ha demostrado su eficacia para el tratamiento de residuos nucleares de forma segura. En este sentido, el HIP minimiza y reduce el riesgo generado por residuos radiactivos, mejora su almacenamiento seguro en el largo plazo y elimina residuos de nivel intermedio (ILW) y de nivel bajo (LLW) de las centrales nucleares.<\/p>\r\n<p><strong>Aplicaciones HIP en sector: piezas, materiales, t\u00e9cnicas<\/strong><br>El desarrollo y la proliferaci\u00f3n de peque\u00f1os reactores nucleares han supuesto una gran oportunidad para fabricar por tecnolog\u00eda HIP piezas de peque\u00f1o tama\u00f1o, a diferencia de las piezas de gran volumen que emplea normalmente el sector nuclear. La experiencia adquirida en distintos campos industriales en el uso de componentes HIP, permite ahora enfocar el uso del mismo tipo de componentes al \u00e1mbito de aplicaciones nucleares. Por ejemplo, algunos de los componentes m\u00e1s habitualmente utilizados en la industria nuclear (susceptibles de ser tratados por HIP) son similares a los utilizados en industrias petrol\u00edferas o gas\u00edsticas. Estos componentes cumplen los est\u00e1ndares m\u00e1s exigentes, normativas y requisitos requeridos por las centrales nucleares.<\/p>\r\n<p>Para el tratamiento de residuos radiactivos, \u00e9stos se sellan dentro de un recipiente especialmente dise\u00f1ado antes del tratamiento HIP. A medida que la temperatura y la presi\u00f3n dentro del recipiente aumentan, los materiales colocados en el recipiente reaccionan y se densifican para producir formas de residuos estables y de volumen reducido.<\/p>\r\n<p>La fabricaci\u00f3n aditiva met\u00e1lica (Additive Manufacturing, AM) se postula como una de las t\u00e9cnicas empleadas para la fabricaci\u00f3n de materiales que se mejor ajustan a las demandas de la industria nuclear. Esta t\u00e9cnica permite fabricar geometr\u00edas muy complejas y proporcionar piezas de repuesto de forma r\u00e1pida.<\/p>\r\n<p>En el sector de la energ\u00eda nuclear, hay dos factores claros para ello: la capacidad de fabricar geometr\u00edas muy complejas y la posibilidad de fabricar piezas de repuesto seg\u00fan pedido. La vida \u00fatil de las centrales nucleares es larga, y la disponibilidad y los largos plazos de entrega de las piezas de repuesto obsoletas pueden ser un problema. En extremo, esto causa paradas prolongadas y costosas para las centrales nucleares. Por lo tanto, la t\u00e9cnica de fabricaci\u00f3n aditiva junto con la tecnolog\u00eda HIP ofrecen una alternativa atractiva para la fabricaci\u00f3n de repuestos de alta calidad que requiere el sector nuclear.<\/p>\r\n<a role=\"button\" data-toggle=\"collapse\" href=\"#aplicacionCollapse\" aria-expanded=\"false\" aria-controls=\"aplicacionCollapse\">Leer m\u00e1s &gt;<\/a>\r\n   <section>\r\n      <img decoding=\"async\" src=\"\/wp-content\/uploads\/2020\/07\/CHIMENEA_AdobeStock_142244892.jpeg\">\r\n      <img decoding=\"async\" src=\"\/wp-content\/uploads\/2020\/07\/REACTOR_AdobeStock_192210350.jpeg\">\r\n      <img decoding=\"async\" src=\"\/wp-content\/uploads\/2020\/07\/NUCLEO_AdobeStock_272629221.jpeg\">\r\n      <img decoding=\"async\" src=\"\/wp-content\/uploads\/2020\/07\/CENTRAL_AdobeStock_312877949.jpeg\">\r\n   <\/section>\r\n    <section>\r\n      <img decoding=\"async\" src=\"\/wp-content\/uploads\/2020\/07\/CHIMENEA_AdobeStock_142244892.jpeg\">\r\n      <img decoding=\"async\" src=\"\/wp-content\/uploads\/2020\/07\/REACTOR_AdobeStock_192210350.jpeg\">\r\n      <img decoding=\"async\" src=\"\/wp-content\/uploads\/2020\/07\/NUCLEO_AdobeStock_272629221.jpeg\">\r\n      <img decoding=\"async\" src=\"\/wp-content\/uploads\/2020\/07\/CENTRAL_AdobeStock_312877949.jpeg\">\r\n   <\/section>\r\n\t<h2 data-element-id=\"hmap-4\"><strong>PRINCIPALES BENEFICIOS DE LA UTILIZACI\u00d3N DE HIP EN EL SECTOR NUCLEAR<br \/>\r\n<\/strong><\/h2>\r\n\t<p>Para la industria nuclear, la utilizaci\u00f3n de la tecnolog\u00eda HIP desarrollada por Hiperbaric aporta m\u00faltiples beneficios:<\/p>\r\n<p><strong>Mejora propiedades y rendimiento de los materiales<\/strong><\/p>\r\n<ul>\r\n<li>Aumenta las propiedades mec\u00e1nicas de las piezas sometidas a presi\u00f3n.<\/li>\r\n<li>Mejora la vida a fatiga.<\/li>\r\n<\/ul>\r\n<p><strong>Alcanza el 100% de la densidad te\u00f3rica de las piezas<\/strong><\/p>\r\n<ul>\r\n<li>Densifica porosidades y elimina posibles defectos internos.<\/li>\r\n<li>Aporta mayor consistencia estad\u00edstica a materiales de alto rendimiento.<\/li>\r\n<\/ul>\r\n<p><strong>Eliminaci\u00f3n de residuos radiactivos<\/strong><\/p>\r\n<ul>\r\n<li>Reduce los costes y el ciclo de vida de los residuos nucleares.<\/li>\r\n<li>Aporta una soluci\u00f3n eficiente y duradera para reducir y eliminar residuos nucleares.<\/li>\r\n<li>Menor impacto medioambiental.<\/li>\r\n<\/ul>\r\n\t<h2 data-element-id=\"hmap-4\"><strong>Otros sectores HIP<br \/>\r\n<\/strong><\/h2>\r\n   <section>\r\n\t\t\t\t\t\t\t\t\t<a href=\"\/tecnologia-hip\/sectores-hip\/aeroespacial\/\" target=\"_self\" itemprop=\"url\" rel=\"noopener noreferrer\">\r\n\t\t\t\t\t\t\t\t\t\t\t<img decoding=\"async\" loading=\"lazy\" data-attachment-id=\"17868\" src=\"\/wp-content\/uploads\/2020\/07\/Aeroespacial-1.jpg\" itemprop=\"image\" height=\"180\" width=\"170\">\r\n\t\t\t\t\t\t\t\t\t\t\tAeroespacial\r\n\t\t\t\t\t\t\t\t\t\t<\/a>\r\n\t\t\t\t\t\t\t\t\t<a href=\"\/tecnologia-hip\/sectores-hip\/petroleo-y-gas\/\" target=\"_self\" itemprop=\"url\" rel=\"noopener noreferrer\">\r\n\t\t\t\t\t\t\t\t\t\t\t<img decoding=\"async\" loading=\"lazy\" data-attachment-id=\"17868\" src=\"\/wp-content\/uploads\/2020\/07\/petroleo-y-gas.jpg\" itemprop=\"image\" height=\"180\" width=\"170\">\r\n\t\t\t\t\t\t\t\t\t\t\tPetr\u00f3leo y Gas\r\n\t\t\t\t\t\t\t\t\t\t<\/a>\r\n\t\t\t\t\t\t\t\t\t<a href=\"\/tecnologia-hip\/sectores-hip\/implantes-medicos\/\" target=\"_self\" itemprop=\"url\" rel=\"noopener noreferrer\">\r\n\t\t\t\t\t\t\t\t\t\t\t<img decoding=\"async\" loading=\"lazy\" data-attachment-id=\"17868\" src=\"\/wp-content\/uploads\/2020\/07\/implante-m\u00e9dico.jpg\" itemprop=\"image\" height=\"180\" width=\"170\">\r\n\t\t\t\t\t\t\t\t\t\t\tImplantes M\u00e9dicos\r\n\t\t\t\t\t\t\t\t\t\t<\/a>\r\n\t\t\t\t\t\t\t\t\t<a href=\"\/tecnologia-hip\/sectores-hip\/defensa\/\" target=\"_self\" itemprop=\"url\" rel=\"noopener noreferrer\">\r\n\t\t\t\t\t\t\t\t\t\t\t<img decoding=\"async\" loading=\"lazy\" data-attachment-id=\"17868\" src=\"\/wp-content\/uploads\/2020\/07\/Defensa.jpg\" itemprop=\"image\" height=\"180\" width=\"170\">\r\n\t\t\t\t\t\t\t\t\t\t\tDefensa\r\n\t\t\t\t\t\t\t\t\t\t<\/a>\r\n\t\t\t\t\t\t\t\t\t<a href=\"\/tecnologia-hip\/sectores-hip\/industria\/\" target=\"_self\" itemprop=\"url\" rel=\"noopener noreferrer\">\r\n\t\t\t\t\t\t\t\t\t\t\t<img decoding=\"async\" loading=\"lazy\" data-attachment-id=\"17868\" src=\"\/wp-content\/uploads\/2020\/07\/Industria.jpg\" itemprop=\"image\" height=\"180\" width=\"170\">\r\n\t\t\t\t\t\t\t\t\t\t\tIndustria\r\n\t\t\t\t\t\t\t\t\t\t<\/a>\r\n\t\t\t\t\t\t\t\t\t<a href=\"\/tecnologia-hip\/sectores-hip\/automocion\/\" target=\"_self\" itemprop=\"url\" rel=\"noopener noreferrer\">\r\n\t\t\t\t\t\t\t\t\t\t\t<img decoding=\"async\" loading=\"lazy\" data-attachment-id=\"17868\" src=\"\/wp-content\/uploads\/2020\/07\/automoci\u00f3n.jpg\" itemprop=\"image\" height=\"180\" width=\"170\">\r\n\t\t\t\t\t\t\t\t\t\t\tAutomoci\u00f3n\r\n\t\t\t\t\t\t\t\t\t\t<\/a>\r\n   <\/section>\r\n","protected":false},"excerpt":{"rendered":"<p>Nuclear La industria nuclear es uno de los sectores estrat\u00e9gicos en todo el mundo. Los m\u00e1s de 450 reactores actualmente en operaci\u00f3n producen alrededor del 11,5% de la electricidad mundial, seg\u00fan el Organismo Internacional de Energ\u00eda At\u00f3mica (OIEA). Los componentes que se utilizan en el sector nuclear deben ser robustos, fiables y resistentes a altas&#8230;<\/p>\n","protected":false},"author":1,"featured_media":0,"parent":21288,"menu_order":0,"comment_status":"closed","ping_status":"closed","template":"","meta":{"om_disable_all_campaigns":false,"inline_featured_image":false,"_monsterinsights_skip_tracking":false,"_monsterinsights_sitenote_active":false,"_monsterinsights_sitenote_note":"","_monsterinsights_sitenote_category":0,"footnotes":"","_wp_rev_ctl_limit":""},"acf":[],"yoast_head":"<!-- This site is optimized with the Yoast SEO plugin v22.4 - https:\/\/yoast.com\/wordpress\/plugins\/seo\/ -->\n<title>Tecnolog\u00eda HIP en industria nuclear - Hiperbaric<\/title>\n<meta name=\"robots\" content=\"index, follow, max-snippet:-1, max-image-preview:large, max-video-preview:-1\" \/>\n<link rel=\"canonical\" href=\"https:\/\/www.hiperbaric.com\/es\/tecnologia-hip\/sectores-hip\/nuclear\/\" \/>\n<meta property=\"og:locale\" content=\"es_ES\" \/>\n<meta property=\"og:type\" content=\"article\" \/>\n<meta property=\"og:title\" content=\"Tecnolog\u00eda HIP en industria nuclear - Hiperbaric\" \/>\n<meta property=\"og:description\" content=\"Nuclear La industria nuclear es uno de los sectores estrat\u00e9gicos en todo el mundo. Los m\u00e1s de 450 reactores actualmente en operaci\u00f3n producen alrededor del 11,5% de la electricidad mundial, seg\u00fan el Organismo Internacional de Energ\u00eda At\u00f3mica (OIEA). Los componentes que se utilizan en el sector nuclear deben ser robustos, fiables y resistentes a altas...\" \/>\n<meta property=\"og:url\" content=\"https:\/\/www.hiperbaric.com\/es\/tecnologia-hip\/sectores-hip\/nuclear\/\" \/>\n<meta property=\"og:site_name\" content=\"Hiperbaric\" \/>\n<meta property=\"article:modified_time\" content=\"2025-10-16T15:37:25+00:00\" \/>\n<meta name=\"twitter:card\" content=\"summary_large_image\" \/>\n<meta name=\"twitter:label1\" content=\"Tiempo de lectura\" \/>\n\t<meta name=\"twitter:data1\" content=\"6 minutos\" \/>\n<script type=\"application\/ld+json\" class=\"yoast-schema-graph\">{\"@context\":\"https:\/\/schema.org\",\"@graph\":[{\"@type\":\"WebPage\",\"@id\":\"https:\/\/www.hiperbaric.com\/es\/tecnologia-hip\/sectores-hip\/nuclear\/\",\"url\":\"https:\/\/www.hiperbaric.com\/es\/tecnologia-hip\/sectores-hip\/nuclear\/\",\"name\":\"Tecnolog\u00eda HIP en industria nuclear - Hiperbaric\",\"isPartOf\":{\"@id\":\"https:\/\/www.hiperbaric.com\/en\/#website\"},\"datePublished\":\"2020-07-27T10:00:47+00:00\",\"dateModified\":\"2025-10-16T15:37:25+00:00\",\"breadcrumb\":{\"@id\":\"https:\/\/www.hiperbaric.com\/es\/tecnologia-hip\/sectores-hip\/nuclear\/#breadcrumb\"},\"inLanguage\":\"es\",\"potentialAction\":[{\"@type\":\"ReadAction\",\"target\":[\"https:\/\/www.hiperbaric.com\/es\/tecnologia-hip\/sectores-hip\/nuclear\/\"]}]},{\"@type\":\"BreadcrumbList\",\"@id\":\"https:\/\/www.hiperbaric.com\/es\/tecnologia-hip\/sectores-hip\/nuclear\/#breadcrumb\",\"itemListElement\":[{\"@type\":\"ListItem\",\"position\":1,\"name\":\"Home\",\"item\":\"https:\/\/www.hiperbaric.com\/es\/\"},{\"@type\":\"ListItem\",\"position\":2,\"name\":\"Tecnolog\u00eda HIP\",\"item\":\"https:\/\/www.hiperbaric.com\/es\/tecnologia-hip\/\"},{\"@type\":\"ListItem\",\"position\":3,\"name\":\"Sectores HIP\",\"item\":\"https:\/\/www.hiperbaric.com\/es\/tecnologia-hip\/sectores-hip\/\"},{\"@type\":\"ListItem\",\"position\":4,\"name\":\"Nuclear\"}]},{\"@type\":\"WebSite\",\"@id\":\"https:\/\/www.hiperbaric.com\/en\/#website\",\"url\":\"https:\/\/www.hiperbaric.com\/en\/\",\"name\":\"Hiperbaric\",\"description\":\"Procesado para la conservaci\u00f3n de alimentos\",\"publisher\":{\"@id\":\"https:\/\/www.hiperbaric.com\/en\/#organization\"},\"potentialAction\":[{\"@type\":\"SearchAction\",\"target\":{\"@type\":\"EntryPoint\",\"urlTemplate\":\"https:\/\/www.hiperbaric.com\/en\/?s={search_term_string}\"},\"query-input\":\"required name=search_term_string\"}],\"inLanguage\":\"es\"},{\"@type\":\"Organization\",\"@id\":\"https:\/\/www.hiperbaric.com\/en\/#organization\",\"name\":\"Hiperbaric\",\"url\":\"https:\/\/www.hiperbaric.com\/en\/\",\"logo\":{\"@type\":\"ImageObject\",\"inLanguage\":\"es\",\"@id\":\"https:\/\/www.hiperbaric.com\/en\/#\/schema\/logo\/image\/\",\"url\":\"https:\/\/www.hiperbaric.com\/wp-content\/uploads\/2026\/01\/cropped-hiperbaric-logotipo-1-2.png\",\"contentUrl\":\"https:\/\/www.hiperbaric.com\/wp-content\/uploads\/2026\/01\/cropped-hiperbaric-logotipo-1-2.png\",\"width\":340,\"height\":72,\"caption\":\"Hiperbaric\"},\"image\":{\"@id\":\"https:\/\/www.hiperbaric.com\/en\/#\/schema\/logo\/image\/\"}}]}<\/script>\n<!-- \/ Yoast SEO plugin. -->","yoast_head_json":{"title":"Tecnolog\u00eda HIP en industria nuclear - Hiperbaric","robots":{"index":"index","follow":"follow","max-snippet":"max-snippet:-1","max-image-preview":"max-image-preview:large","max-video-preview":"max-video-preview:-1"},"canonical":"https:\/\/www.hiperbaric.com\/es\/tecnologia-hip\/sectores-hip\/nuclear\/","og_locale":"es_ES","og_type":"article","og_title":"Tecnolog\u00eda HIP en industria nuclear - Hiperbaric","og_description":"Nuclear La industria nuclear es uno de los sectores estrat\u00e9gicos en todo el mundo. Los m\u00e1s de 450 reactores actualmente en operaci\u00f3n producen alrededor del 11,5% de la electricidad mundial, seg\u00fan el Organismo Internacional de Energ\u00eda At\u00f3mica (OIEA). Los componentes que se utilizan en el sector nuclear deben ser robustos, fiables y resistentes a altas...","og_url":"https:\/\/www.hiperbaric.com\/es\/tecnologia-hip\/sectores-hip\/nuclear\/","og_site_name":"Hiperbaric","article_modified_time":"2025-10-16T15:37:25+00:00","twitter_card":"summary_large_image","twitter_misc":{"Tiempo de lectura":"6 minutos"},"schema":{"@context":"https:\/\/schema.org","@graph":[{"@type":"WebPage","@id":"https:\/\/www.hiperbaric.com\/es\/tecnologia-hip\/sectores-hip\/nuclear\/","url":"https:\/\/www.hiperbaric.com\/es\/tecnologia-hip\/sectores-hip\/nuclear\/","name":"Tecnolog\u00eda HIP en industria nuclear - Hiperbaric","isPartOf":{"@id":"https:\/\/www.hiperbaric.com\/en\/#website"},"datePublished":"2020-07-27T10:00:47+00:00","dateModified":"2025-10-16T15:37:25+00:00","breadcrumb":{"@id":"https:\/\/www.hiperbaric.com\/es\/tecnologia-hip\/sectores-hip\/nuclear\/#breadcrumb"},"inLanguage":"es","potentialAction":[{"@type":"ReadAction","target":["https:\/\/www.hiperbaric.com\/es\/tecnologia-hip\/sectores-hip\/nuclear\/"]}]},{"@type":"BreadcrumbList","@id":"https:\/\/www.hiperbaric.com\/es\/tecnologia-hip\/sectores-hip\/nuclear\/#breadcrumb","itemListElement":[{"@type":"ListItem","position":1,"name":"Home","item":"https:\/\/www.hiperbaric.com\/es\/"},{"@type":"ListItem","position":2,"name":"Tecnolog\u00eda HIP","item":"https:\/\/www.hiperbaric.com\/es\/tecnologia-hip\/"},{"@type":"ListItem","position":3,"name":"Sectores HIP","item":"https:\/\/www.hiperbaric.com\/es\/tecnologia-hip\/sectores-hip\/"},{"@type":"ListItem","position":4,"name":"Nuclear"}]},{"@type":"WebSite","@id":"https:\/\/www.hiperbaric.com\/en\/#website","url":"https:\/\/www.hiperbaric.com\/en\/","name":"Hiperbaric","description":"Procesado para la conservaci\u00f3n de alimentos","publisher":{"@id":"https:\/\/www.hiperbaric.com\/en\/#organization"},"potentialAction":[{"@type":"SearchAction","target":{"@type":"EntryPoint","urlTemplate":"https:\/\/www.hiperbaric.com\/en\/?s={search_term_string}"},"query-input":"required name=search_term_string"}],"inLanguage":"es"},{"@type":"Organization","@id":"https:\/\/www.hiperbaric.com\/en\/#organization","name":"Hiperbaric","url":"https:\/\/www.hiperbaric.com\/en\/","logo":{"@type":"ImageObject","inLanguage":"es","@id":"https:\/\/www.hiperbaric.com\/en\/#\/schema\/logo\/image\/","url":"https:\/\/www.hiperbaric.com\/wp-content\/uploads\/2026\/01\/cropped-hiperbaric-logotipo-1-2.png","contentUrl":"https:\/\/www.hiperbaric.com\/wp-content\/uploads\/2026\/01\/cropped-hiperbaric-logotipo-1-2.png","width":340,"height":72,"caption":"Hiperbaric"},"image":{"@id":"https:\/\/www.hiperbaric.com\/en\/#\/schema\/logo\/image\/"}}]}},"_links":{"self":[{"href":"https:\/\/www.hiperbaric.com\/es\/wp-json\/wp\/v2\/pages\/21354"}],"collection":[{"href":"https:\/\/www.hiperbaric.com\/es\/wp-json\/wp\/v2\/pages"}],"about":[{"href":"https:\/\/www.hiperbaric.com\/es\/wp-json\/wp\/v2\/types\/page"}],"author":[{"embeddable":true,"href":"https:\/\/www.hiperbaric.com\/es\/wp-json\/wp\/v2\/users\/1"}],"replies":[{"embeddable":true,"href":"https:\/\/www.hiperbaric.com\/es\/wp-json\/wp\/v2\/comments?post=21354"}],"version-history":[{"count":1,"href":"https:\/\/www.hiperbaric.com\/es\/wp-json\/wp\/v2\/pages\/21354\/revisions"}],"predecessor-version":[{"id":65508,"href":"https:\/\/www.hiperbaric.com\/es\/wp-json\/wp\/v2\/pages\/21354\/revisions\/65508"}],"up":[{"embeddable":true,"href":"https:\/\/www.hiperbaric.com\/es\/wp-json\/wp\/v2\/pages\/21288"}],"wp:attachment":[{"href":"https:\/\/www.hiperbaric.com\/es\/wp-json\/wp\/v2\/media?parent=21354"}],"curies":[{"name":"wp","href":"https:\/\/api.w.org\/{rel}","templated":true}]}}