{"id":21346,"date":"2020-07-27T11:46:23","date_gmt":"2020-07-27T09:46:23","guid":{"rendered":"https:\/\/www.hiperbaric.com\/?page_id=21346"},"modified":"2025-10-16T17:36:38","modified_gmt":"2025-10-16T15:36:38","slug":"implantes-medicos","status":"publish","type":"page","link":"https:\/\/www.hiperbaric.com\/es\/tecnologia-hip\/sectores-hip\/implantes-medicos\/","title":{"rendered":"Implantes M\u00e9dicos"},"content":{"rendered":"\r\n\t<h1>Implantes m\u00e9dicos<br \/>\r\n<\/h1>\r\n<p>El mercado mundial de implantes m\u00e9dicos ha experimentado un crecimiento importante durante las \u00faltimas d\u00e9cadas y se espera que se siga incrementando en los pr\u00f3ximos a\u00f1os. Seg\u00fan la OMS, entre 2015 y 2050, la proporci\u00f3n de la poblaci\u00f3n mundial con m\u00e1s de 60 a\u00f1os pasar\u00e1 de 900 a 2.000 millones, lo que representa un aumento del 12% al 22%. Este r\u00e1pido envejecimiento que est\u00e1 experimentando la poblaci\u00f3n mundial junto al incremento de la prevalencia de enfermedades cr\u00f3nicas provocar\u00e1 un importante aumento de la demanda de implantes m\u00e9dicos.<\/p>\r\n<p>Adem\u00e1s, este mercado va a experimentar una importante revoluci\u00f3n debido a las posibilidades de personalizaci\u00f3n que permiten las nuevas tecnolog\u00edas como la fabricaci\u00f3n aditiva. Los implantes se adaptar\u00e1n perfectamente a la anatom\u00eda de cada paciente incrementando el \u00e9xito de las cirug\u00edas y reduciendo la necesidad de rehabilitaci\u00f3n.<\/p>\r\n<p>El sector de implantes m\u00e9dicos se podr\u00e1 beneficiar por completo de la libertad de dise\u00f1o que ofrece la fabricaci\u00f3n aditiva (Additive Manufacturing, AM) gracias al prensado isost\u00e1tico en caliente (Hot Isostatic Pressing, HIP), que permite optimizar las propiedades de los materiales eliminando la porosidad y los defectos internos.<\/p>\r\n<p><strong>Aplicaciones HIP en implantes m\u00e9dicos: piezas, materiales, t\u00e9cnicas<\/strong><br>Los huesos y articulaciones sufren importantes esfuerzos cada vez que realizamos movimientos. Cuando estos fallan suelen ser reemplazados por implantes met\u00e1licos que deben ser suficientemente resistentes y duraderos. Estos implantes se fabrican habitualmente de aleaciones de cromo cobalto (Co-Cr) o Titanio empleando tecnolog\u00edas como pulvimetalurgia (PM), moldeado por inyecci\u00f3n de metal (Metal Injection Moulding, MIM) o fabricaci\u00f3n aditiva (Additive Manufacturing, AM). Dado que son elementos que estar\u00e1n sometidos a esfuerzos c\u00edclicos, su comportamiento a fatiga es cr\u00edtico.<\/p>\r\n<p>La tecnolog\u00eda Hiperbaric HIP mejora la vida a fatiga al eliminar los defectos y poros internos que podr\u00edan provocar la aparici\u00f3n y propagaci\u00f3n de grietas que terminar\u00edan provocando la rotura del implante.<\/p>\r\n<p>La fabricaci\u00f3n de implantes de cadera, implantes de rodilla, o implantes dentales se encuentran entre las aplicaciones cl\u00e1sicas del HIP para este sector.<\/p>\r\n<a role=\"button\" data-toggle=\"collapse\" href=\"#aplicacionCollapse\" aria-expanded=\"false\" aria-controls=\"aplicacionCollapse\">Leer m\u00e1s &gt;<\/a>\r\n   <section>\r\n      <img decoding=\"async\" src=\"\/wp-content\/uploads\/2020\/07\/AdobeStock_235528499.jpeg\">\r\n      <img decoding=\"async\" src=\"\/wp-content\/uploads\/2020\/07\/IMPLANT_AdobeStock_77422712.jpeg\">\r\n      <img decoding=\"async\" src=\"\/wp-content\/uploads\/2020\/07\/AdobeStock_99479605.jpeg\">\r\n      <img decoding=\"async\" src=\"\/wp-content\/uploads\/2020\/07\/ORTHOPEDIC_AdobeStock_116898833.jpeg\">\r\n      <img decoding=\"async\" src=\"\/wp-content\/uploads\/2020\/07\/unnamed-1.jpg\">\r\n   <\/section>\r\n    <section>\r\n      <img decoding=\"async\" src=\"\/wp-content\/uploads\/2020\/07\/AdobeStock_235528499.jpeg\">\r\n      <img decoding=\"async\" src=\"\/wp-content\/uploads\/2020\/07\/IMPLANT_AdobeStock_77422712.jpeg\">\r\n      <img decoding=\"async\" src=\"\/wp-content\/uploads\/2020\/07\/AdobeStock_99479605.jpeg\">\r\n      <img decoding=\"async\" src=\"\/wp-content\/uploads\/2020\/07\/ORTHOPEDIC_AdobeStock_116898833.jpeg\">\r\n      <img decoding=\"async\" src=\"\/wp-content\/uploads\/2020\/07\/unnamed-1.jpg\">\r\n   <\/section>\r\n\t<h2 data-element-id=\"hmap-4\"><strong>PRINCIPALES BENEFICIOS DE LA UTILIZACI\u00d3N DE HIP EN EL SECTOR M\u00c9DICO DE IMPLANTES<br \/>\r\n<\/strong><\/h2>\r\n\t<p>La tecnolog\u00eda de Prensado Isost\u00e1tico en Caliente (HIP) desarrollada por Hiperbaric ofrece las siguientes ventajas para la industria de implantes m\u00e9dicos:<\/p>\r\n<p><strong>Mejora las propiedades mec\u00e1nicas y el rendimiento de los materiales<\/strong><\/p>\r\n<ul>\r\n<li>Aumenta la vida a fatiga de los implantes.<\/li>\r\n<li>Mejora la ductilidad y resiliencia de los materiales.<\/li>\r\n<li>Permite obtener piezas con microestructura homog\u00e9nea de grano fino y sin anisotrop\u00eda.<\/li>\r\n<\/ul>\r\n<p><strong>Alcanza el 100% de la densidad te\u00f3rica<\/strong><\/p>\r\n<ul>\r\n<li>Densifica porosidades y elimina defectos internos de los materiales.<\/li>\r\n<li>Homogeniza las propiedades del material.<\/li>\r\n<li>Permite dise\u00f1os m\u00e1s ligeros y\/o de menor peso.<\/li>\r\n<\/ul>\r\n<p><strong>Producci\u00f3n m\u00e1s eficiente en los procesos de fabricaci\u00f3n<\/strong><\/p>\r\n<ul>\r\n<li>Disminuye el n\u00famero de piezas que no superar\u00edan el control de calidad, reduciendo as\u00ed los costes.<\/li>\r\n<li>Permite combinar distintos tratamientos en un \u00fanico ciclo de HIP.<\/li>\r\n<li>Las prensas HIP de Hiperbaric hacen del proceso HIP un proceso eficiente y esencial para la fabricaci\u00f3n de implantes m\u00e9dicos resistentes y duraderos.<\/li>\r\n<\/ul>\r\n\t<h2 data-element-id=\"hmap-4\"><strong>Certificados<br \/>\r\n<\/strong><\/h2>\r\n\t<p>En este sector se aplican varios est\u00e1ndares de calidad. Entre ellos se pueden mencionar los siguientes:<\/p>\r\n<ul>\r\n<li>ISO 13485:2016. Sistema de gesti\u00f3n de la calidad aplicable para dispositivos m\u00e9dicos. Esta norma establece los requisitos para fabricantes, instaladores y proveedores de servicios de dispositivos m\u00e9dicos.<\/li>\r\n<li>ISO 10993-1:2018. Evaluaci\u00f3n biol\u00f3gica de productos sanitarios. Parte 1: Evaluaci\u00f3n y ensayos mediante un proceso de gesti\u00f3n del riesgo. Enfocada a la evaluaci\u00f3n de la biocompatibilidad de materiales utilizados en instrumentos m\u00e9dicos.<\/li>\r\n<\/ul>\r\n\t<h2 data-element-id=\"hmap-4\"><strong>Otros sectores HIP<br \/>\r\n<\/strong><\/h2>\r\n   <section>\r\n\t\t\t\t\t\t\t\t\t<a href=\"\/tecnologia-hip\/sectores-hip\/aeroespacial\/\" target=\"_self\" itemprop=\"url\" rel=\"noopener noreferrer\">\r\n\t\t\t\t\t\t\t\t\t\t\t<img loading=\"lazy\" decoding=\"async\" data-attachment-id=\"17868\" src=\"\/wp-content\/uploads\/2020\/07\/Aeroespacial-1.jpg\" itemprop=\"image\" height=\"180\" width=\"170\">\r\n\t\t\t\t\t\t\t\t\t\t\tAeroespacial\r\n\t\t\t\t\t\t\t\t\t\t<\/a>\r\n\t\t\t\t\t\t\t\t\t<a href=\"\/tecnologia-hip\/sectores-hip\/petroleo-y-gas\/\" target=\"_self\" itemprop=\"url\" rel=\"noopener noreferrer\">\r\n\t\t\t\t\t\t\t\t\t\t\t<img loading=\"lazy\" decoding=\"async\" data-attachment-id=\"17868\" src=\"\/wp-content\/uploads\/2020\/07\/petroleo-y-gas.jpg\" itemprop=\"image\" height=\"180\" width=\"170\">\r\n\t\t\t\t\t\t\t\t\t\t\tPetr\u00f3leo y Gas\r\n\t\t\t\t\t\t\t\t\t\t<\/a>\r\n\t\t\t\t\t\t\t\t\t<a href=\"\/tecnologia-hip\/sectores-hip\/nuclear\/\" target=\"_self\" itemprop=\"url\" rel=\"noopener noreferrer\">\r\n\t\t\t\t\t\t\t\t\t\t\t<img loading=\"lazy\" decoding=\"async\" data-attachment-id=\"17868\" src=\"\/wp-content\/uploads\/2020\/07\/Nuclear.jpg\" itemprop=\"image\" height=\"180\" width=\"170\">\r\n\t\t\t\t\t\t\t\t\t\t\tNuclear\r\n\t\t\t\t\t\t\t\t\t\t<\/a>\r\n\t\t\t\t\t\t\t\t\t<a href=\"\/tecnologia-hip\/sectores-hip\/defensa\/\" target=\"_self\" itemprop=\"url\" rel=\"noopener noreferrer\">\r\n\t\t\t\t\t\t\t\t\t\t\t<img loading=\"lazy\" decoding=\"async\" data-attachment-id=\"17868\" src=\"\/wp-content\/uploads\/2020\/07\/Defensa.jpg\" itemprop=\"image\" height=\"180\" width=\"170\">\r\n\t\t\t\t\t\t\t\t\t\t\tDefensa\r\n\t\t\t\t\t\t\t\t\t\t<\/a>\r\n\t\t\t\t\t\t\t\t\t<a href=\"\/tecnologia-hip\/sectores-hip\/industria\/\" target=\"_self\" itemprop=\"url\" rel=\"noopener noreferrer\">\r\n\t\t\t\t\t\t\t\t\t\t\t<img loading=\"lazy\" decoding=\"async\" data-attachment-id=\"17868\" src=\"\/wp-content\/uploads\/2020\/07\/Industria.jpg\" itemprop=\"image\" height=\"180\" width=\"170\">\r\n\t\t\t\t\t\t\t\t\t\t\tIndustria\r\n\t\t\t\t\t\t\t\t\t\t<\/a>\r\n\t\t\t\t\t\t\t\t\t<a href=\"\/tecnologia-hip\/sectores-hip\/automocion\/\" target=\"_self\" itemprop=\"url\" rel=\"noopener noreferrer\">\r\n\t\t\t\t\t\t\t\t\t\t\t<img loading=\"lazy\" decoding=\"async\" data-attachment-id=\"17868\" src=\"\/wp-content\/uploads\/2020\/07\/automoci\u00f3n.jpg\" itemprop=\"image\" height=\"180\" width=\"170\">\r\n\t\t\t\t\t\t\t\t\t\t\tAutomoci\u00f3n\r\n\t\t\t\t\t\t\t\t\t\t<\/a>\r\n   <\/section>\r\n","protected":false},"excerpt":{"rendered":"<p>Implantes m\u00e9dicos El mercado mundial de implantes m\u00e9dicos ha experimentado un crecimiento importante durante las \u00faltimas d\u00e9cadas y se espera que se siga incrementando en los pr\u00f3ximos a\u00f1os. Seg\u00fan la OMS, entre 2015 y 2050, la proporci\u00f3n de la poblaci\u00f3n mundial con m\u00e1s de 60 a\u00f1os pasar\u00e1 de 900 a 2.000 millones, lo que representa&#8230;<\/p>\n","protected":false},"author":1,"featured_media":0,"parent":21288,"menu_order":0,"comment_status":"closed","ping_status":"closed","template":"","meta":{"_acf_changed":false,"om_disable_all_campaigns":false,"inline_featured_image":false,"_monsterinsights_skip_tracking":false,"_monsterinsights_sitenote_active":false,"_monsterinsights_sitenote_note":"","_monsterinsights_sitenote_category":0,"footnotes":"","_wp_rev_ctl_limit":""},"class_list":["post-21346","page","type-page","status-publish","hentry"],"acf":[],"yoast_head":"<!-- This site is optimized with the Yoast SEO plugin v22.4 - https:\/\/yoast.com\/wordpress\/plugins\/seo\/ -->\n<title>Tecnolog\u00eda HIP en el sector m\u00e9dico de implantes - Hiperbaric<\/title>\n<meta name=\"robots\" content=\"index, follow, max-snippet:-1, max-image-preview:large, max-video-preview:-1\" \/>\n<link rel=\"canonical\" href=\"https:\/\/www.hiperbaric.com\/es\/tecnologia-hip\/sectores-hip\/implantes-medicos\/\" \/>\n<meta property=\"og:locale\" content=\"es_ES\" \/>\n<meta property=\"og:type\" content=\"article\" \/>\n<meta property=\"og:title\" content=\"Tecnolog\u00eda HIP en el sector m\u00e9dico de implantes - Hiperbaric\" \/>\n<meta property=\"og:description\" content=\"Implantes m\u00e9dicos El mercado mundial de implantes m\u00e9dicos ha experimentado un crecimiento importante durante las \u00faltimas d\u00e9cadas y se espera que se siga incrementando en los pr\u00f3ximos a\u00f1os. Seg\u00fan la OMS, entre 2015 y 2050, la proporci\u00f3n de la poblaci\u00f3n mundial con m\u00e1s de 60 a\u00f1os pasar\u00e1 de 900 a 2.000 millones, lo que representa...\" \/>\n<meta property=\"og:url\" content=\"https:\/\/www.hiperbaric.com\/es\/tecnologia-hip\/sectores-hip\/implantes-medicos\/\" \/>\n<meta property=\"og:site_name\" content=\"Hiperbaric\" \/>\n<meta property=\"article:modified_time\" content=\"2025-10-16T15:36:38+00:00\" \/>\n<meta name=\"twitter:card\" content=\"summary_large_image\" \/>\n<meta name=\"twitter:label1\" content=\"Tiempo de lectura\" \/>\n\t<meta name=\"twitter:data1\" content=\"6 minutos\" \/>\n<script type=\"application\/ld+json\" class=\"yoast-schema-graph\">{\"@context\":\"https:\/\/schema.org\",\"@graph\":[{\"@type\":\"WebPage\",\"@id\":\"https:\/\/www.hiperbaric.com\/es\/tecnologia-hip\/sectores-hip\/implantes-medicos\/\",\"url\":\"https:\/\/www.hiperbaric.com\/es\/tecnologia-hip\/sectores-hip\/implantes-medicos\/\",\"name\":\"Tecnolog\u00eda HIP en el sector m\u00e9dico de implantes - Hiperbaric\",\"isPartOf\":{\"@id\":\"https:\/\/www.hiperbaric.com\/en\/#website\"},\"datePublished\":\"2020-07-27T09:46:23+00:00\",\"dateModified\":\"2025-10-16T15:36:38+00:00\",\"breadcrumb\":{\"@id\":\"https:\/\/www.hiperbaric.com\/es\/tecnologia-hip\/sectores-hip\/implantes-medicos\/#breadcrumb\"},\"inLanguage\":\"es\",\"potentialAction\":[{\"@type\":\"ReadAction\",\"target\":[\"https:\/\/www.hiperbaric.com\/es\/tecnologia-hip\/sectores-hip\/implantes-medicos\/\"]}]},{\"@type\":\"BreadcrumbList\",\"@id\":\"https:\/\/www.hiperbaric.com\/es\/tecnologia-hip\/sectores-hip\/implantes-medicos\/#breadcrumb\",\"itemListElement\":[{\"@type\":\"ListItem\",\"position\":1,\"name\":\"Home\",\"item\":\"https:\/\/www.hiperbaric.com\/es\/\"},{\"@type\":\"ListItem\",\"position\":2,\"name\":\"Tecnolog\u00eda HIP\",\"item\":\"https:\/\/www.hiperbaric.com\/es\/tecnologia-hip\/\"},{\"@type\":\"ListItem\",\"position\":3,\"name\":\"Sectores HIP\",\"item\":\"https:\/\/www.hiperbaric.com\/es\/tecnologia-hip\/sectores-hip\/\"},{\"@type\":\"ListItem\",\"position\":4,\"name\":\"Implantes M\u00e9dicos\"}]},{\"@type\":\"WebSite\",\"@id\":\"https:\/\/www.hiperbaric.com\/en\/#website\",\"url\":\"https:\/\/www.hiperbaric.com\/en\/\",\"name\":\"Hiperbaric\",\"description\":\"Procesado para la conservaci\u00f3n de alimentos\",\"publisher\":{\"@id\":\"https:\/\/www.hiperbaric.com\/en\/#organization\"},\"potentialAction\":[{\"@type\":\"SearchAction\",\"target\":{\"@type\":\"EntryPoint\",\"urlTemplate\":\"https:\/\/www.hiperbaric.com\/en\/?s={search_term_string}\"},\"query-input\":\"required name=search_term_string\"}],\"inLanguage\":\"es\"},{\"@type\":\"Organization\",\"@id\":\"https:\/\/www.hiperbaric.com\/en\/#organization\",\"name\":\"Hiperbaric\",\"url\":\"https:\/\/www.hiperbaric.com\/en\/\",\"logo\":{\"@type\":\"ImageObject\",\"inLanguage\":\"es\",\"@id\":\"https:\/\/www.hiperbaric.com\/en\/#\/schema\/logo\/image\/\",\"url\":\"https:\/\/www.hiperbaric.com\/wp-content\/uploads\/2026\/01\/cropped-hiperbaric-logotipo-1-2.png\",\"contentUrl\":\"https:\/\/www.hiperbaric.com\/wp-content\/uploads\/2026\/01\/cropped-hiperbaric-logotipo-1-2.png\",\"width\":340,\"height\":72,\"caption\":\"Hiperbaric\"},\"image\":{\"@id\":\"https:\/\/www.hiperbaric.com\/en\/#\/schema\/logo\/image\/\"}}]}<\/script>\n<!-- \/ Yoast SEO plugin. -->","yoast_head_json":{"title":"Tecnolog\u00eda HIP en el sector m\u00e9dico de implantes - Hiperbaric","robots":{"index":"index","follow":"follow","max-snippet":"max-snippet:-1","max-image-preview":"max-image-preview:large","max-video-preview":"max-video-preview:-1"},"canonical":"https:\/\/www.hiperbaric.com\/es\/tecnologia-hip\/sectores-hip\/implantes-medicos\/","og_locale":"es_ES","og_type":"article","og_title":"Tecnolog\u00eda HIP en el sector m\u00e9dico de implantes - Hiperbaric","og_description":"Implantes m\u00e9dicos El mercado mundial de implantes m\u00e9dicos ha experimentado un crecimiento importante durante las \u00faltimas d\u00e9cadas y se espera que se siga incrementando en los pr\u00f3ximos a\u00f1os. Seg\u00fan la OMS, entre 2015 y 2050, la proporci\u00f3n de la poblaci\u00f3n mundial con m\u00e1s de 60 a\u00f1os pasar\u00e1 de 900 a 2.000 millones, lo que representa...","og_url":"https:\/\/www.hiperbaric.com\/es\/tecnologia-hip\/sectores-hip\/implantes-medicos\/","og_site_name":"Hiperbaric","article_modified_time":"2025-10-16T15:36:38+00:00","twitter_card":"summary_large_image","twitter_misc":{"Tiempo de lectura":"6 minutos"},"schema":{"@context":"https:\/\/schema.org","@graph":[{"@type":"WebPage","@id":"https:\/\/www.hiperbaric.com\/es\/tecnologia-hip\/sectores-hip\/implantes-medicos\/","url":"https:\/\/www.hiperbaric.com\/es\/tecnologia-hip\/sectores-hip\/implantes-medicos\/","name":"Tecnolog\u00eda HIP en el sector m\u00e9dico de implantes - Hiperbaric","isPartOf":{"@id":"https:\/\/www.hiperbaric.com\/en\/#website"},"datePublished":"2020-07-27T09:46:23+00:00","dateModified":"2025-10-16T15:36:38+00:00","breadcrumb":{"@id":"https:\/\/www.hiperbaric.com\/es\/tecnologia-hip\/sectores-hip\/implantes-medicos\/#breadcrumb"},"inLanguage":"es","potentialAction":[{"@type":"ReadAction","target":["https:\/\/www.hiperbaric.com\/es\/tecnologia-hip\/sectores-hip\/implantes-medicos\/"]}]},{"@type":"BreadcrumbList","@id":"https:\/\/www.hiperbaric.com\/es\/tecnologia-hip\/sectores-hip\/implantes-medicos\/#breadcrumb","itemListElement":[{"@type":"ListItem","position":1,"name":"Home","item":"https:\/\/www.hiperbaric.com\/es\/"},{"@type":"ListItem","position":2,"name":"Tecnolog\u00eda HIP","item":"https:\/\/www.hiperbaric.com\/es\/tecnologia-hip\/"},{"@type":"ListItem","position":3,"name":"Sectores HIP","item":"https:\/\/www.hiperbaric.com\/es\/tecnologia-hip\/sectores-hip\/"},{"@type":"ListItem","position":4,"name":"Implantes M\u00e9dicos"}]},{"@type":"WebSite","@id":"https:\/\/www.hiperbaric.com\/en\/#website","url":"https:\/\/www.hiperbaric.com\/en\/","name":"Hiperbaric","description":"Procesado para la conservaci\u00f3n de alimentos","publisher":{"@id":"https:\/\/www.hiperbaric.com\/en\/#organization"},"potentialAction":[{"@type":"SearchAction","target":{"@type":"EntryPoint","urlTemplate":"https:\/\/www.hiperbaric.com\/en\/?s={search_term_string}"},"query-input":"required name=search_term_string"}],"inLanguage":"es"},{"@type":"Organization","@id":"https:\/\/www.hiperbaric.com\/en\/#organization","name":"Hiperbaric","url":"https:\/\/www.hiperbaric.com\/en\/","logo":{"@type":"ImageObject","inLanguage":"es","@id":"https:\/\/www.hiperbaric.com\/en\/#\/schema\/logo\/image\/","url":"https:\/\/www.hiperbaric.com\/wp-content\/uploads\/2026\/01\/cropped-hiperbaric-logotipo-1-2.png","contentUrl":"https:\/\/www.hiperbaric.com\/wp-content\/uploads\/2026\/01\/cropped-hiperbaric-logotipo-1-2.png","width":340,"height":72,"caption":"Hiperbaric"},"image":{"@id":"https:\/\/www.hiperbaric.com\/en\/#\/schema\/logo\/image\/"}}]}},"_links":{"self":[{"href":"https:\/\/www.hiperbaric.com\/es\/wp-json\/wp\/v2\/pages\/21346","targetHints":{"allow":["GET"]}}],"collection":[{"href":"https:\/\/www.hiperbaric.com\/es\/wp-json\/wp\/v2\/pages"}],"about":[{"href":"https:\/\/www.hiperbaric.com\/es\/wp-json\/wp\/v2\/types\/page"}],"author":[{"embeddable":true,"href":"https:\/\/www.hiperbaric.com\/es\/wp-json\/wp\/v2\/users\/1"}],"replies":[{"embeddable":true,"href":"https:\/\/www.hiperbaric.com\/es\/wp-json\/wp\/v2\/comments?post=21346"}],"version-history":[{"count":1,"href":"https:\/\/www.hiperbaric.com\/es\/wp-json\/wp\/v2\/pages\/21346\/revisions"}],"predecessor-version":[{"id":65507,"href":"https:\/\/www.hiperbaric.com\/es\/wp-json\/wp\/v2\/pages\/21346\/revisions\/65507"}],"up":[{"embeddable":true,"href":"https:\/\/www.hiperbaric.com\/es\/wp-json\/wp\/v2\/pages\/21288"}],"wp:attachment":[{"href":"https:\/\/www.hiperbaric.com\/es\/wp-json\/wp\/v2\/media?parent=21346"}],"curies":[{"name":"wp","href":"https:\/\/api.w.org\/{rel}","templated":true}]}}