{"id":21337,"date":"2020-07-27T11:40:52","date_gmt":"2020-07-27T09:40:52","guid":{"rendered":"https:\/\/www.hiperbaric.com\/?page_id=21337"},"modified":"2025-10-16T17:38:07","modified_gmt":"2025-10-16T15:38:07","slug":"defensa","status":"publish","type":"page","link":"https:\/\/www.hiperbaric.com\/es\/tecnologia-hip\/sectores-hip\/defensa\/","title":{"rendered":"Defensa"},"content":{"rendered":"\r\n\t<h1>Defensa<\/h1>\r\n<p>La innovaci\u00f3n tecnol\u00f3gica en la industria de defensa se ha convertido en un factor estrat\u00e9gico y diferenciador para fabricantes y gobiernos. Se trata de un sector que requiere de unos elevados est\u00e1ndares de seguridad debido a la complejidad de fabricaci\u00f3n de muchos de sus componentes. En este sentido, Defensa solicita soluciones a los sectores industriales de automoci\u00f3n, aeron\u00e1utica, espacial y naval o las desarrolla en paralelo, y por supuesto dedica recursos en el campo armament\u00edstico.<\/p>\r\n<p>La tecnolog\u00eda de prensado isost\u00e1tico en caliente (Hot Isostatic Pressing, HIP) ha alcanzado un amplio uso en el sector de defensa por la necesidad de producir piezas complejas de alta densidad y baja porosidad, el ahorro de costes con ciclos m\u00e1s cortos y la creciente demanda de combinar HIP con otros procesos de tratamiento t\u00e9rmico o de fabricaci\u00f3n aditiva.<\/p>\r\n<p><strong>Aplicaciones HIP en defensa: piezas, materiales, t\u00e9cnicas<\/strong><br>En la industria de defensa, la producci\u00f3n de piezas met\u00e1licas con formas y geometr\u00edas complejas realizadas mediante t\u00e9cnicas de fabricaci\u00f3n tradicionales se presenta muy compleja. El uso de la tecnolog\u00eda HIP, combinada con otros procesos de fabricaci\u00f3n, permite crear piezas que cumplen los est\u00e1ndares m\u00e1s exigentes de calidad del sector al mismo tiempo que son m\u00e1s funcionales, ligeras y econ\u00f3micas de producir.<\/p>\r\n<p>El uso de la tecnolog\u00eda HIP combinada con t\u00e9cnicas de fabricaci\u00f3n aditiva (Additive Manufacturing, AM)  para piezas empleadas en defensa es un proceso id\u00f3neo para llevar la innovaci\u00f3n, calidad y seguridad de sus componentes a mejores niveles de eficiencia. Se prev\u00e9 que la gama de piezas del sector de defensa desarrollada con fabricaci\u00f3n aditiva aumente en los pr\u00f3ximos a\u00f1os gracias a los imparables avances en desarrollo e investigaci\u00f3n de materiales y procesos.<\/p>\r\n<p>En la industria de defensa se utilizan todo tipo de soluciones adaptadas a sus funciones estrat\u00e9gicas, como equipamiento para protecci\u00f3n civil, transporte y combate militar o armament\u00edstica. Soluciones que en la mayor\u00eda de los casos permanecen desconocidas por su car\u00e1cter confidencial y cuyo desarrollo suele adjudicarse a empresas punteras en su sector.<\/p>\r\n<a role=\"button\" data-toggle=\"collapse\" href=\"#aplicacionCollapse\" aria-expanded=\"false\" aria-controls=\"aplicacionCollapse\">Leer m\u00e1s &gt;<\/a>\r\n   <section>\r\n      <img decoding=\"async\" src=\"\/wp-content\/uploads\/2020\/07\/CAZA-2_AdobeStock_99521400.jpeg\">\r\n      <img decoding=\"async\" src=\"\/wp-content\/uploads\/2020\/07\/ANTENA_AdobeStock_115513975.jpeg\">\r\n      <img decoding=\"async\" src=\"\/wp-content\/uploads\/2020\/07\/CAZA_AdobeStock_229768499.jpeg\">\r\n      <img decoding=\"async\" src=\"\/wp-content\/uploads\/2020\/07\/HELICOPTERO_AdobeStock_291602734.jpeg\">\r\n   <\/section>\r\n    <section>\r\n      <img decoding=\"async\" src=\"\/wp-content\/uploads\/2020\/07\/CAZA-2_AdobeStock_99521400.jpeg\">\r\n      <img decoding=\"async\" src=\"\/wp-content\/uploads\/2020\/07\/ANTENA_AdobeStock_115513975.jpeg\">\r\n      <img decoding=\"async\" src=\"\/wp-content\/uploads\/2020\/07\/CAZA_AdobeStock_229768499.jpeg\">\r\n      <img decoding=\"async\" src=\"\/wp-content\/uploads\/2020\/07\/HELICOPTERO_AdobeStock_291602734.jpeg\">\r\n   <\/section>\r\n\t<h2 data-element-id=\"hmap-4\"><strong>PRINCIPALES BENEFICIOS DE LA UTILIZACI\u00d3N DE HIP EN EL SECTOR DEFENSA<br \/>\r\n<\/strong><\/h2>\r\n\t<p>Los principales beneficios que aporta la utilizaci\u00f3n del HIP para las piezas del sector de Defensa son:<\/p>\r\n<p><strong>Mejora las propiedades y el rendimiento de los materiales: <\/strong><\/p>\r\n<ul>\r\n<li>Fiabilidad de las piezas y mayor vida \u00fatil<\/li>\r\n<li>Aumento de la resistencia y durabilidad de los componentes<\/li>\r\n<\/ul>\r\n<p><strong>Producci\u00f3n m\u00e1s eficiente en los procesos de fabricaci\u00f3n: <\/strong><\/p>\r\n<ul>\r\n<li>Reducci\u00f3n de costos en la producci\u00f3n de piezas<\/li>\r\n<\/ul>\r\n\t<h2 data-element-id=\"hmap-4\"><strong>Otros sectores HIP<br \/>\r\n<\/strong><\/h2>\r\n   <section>\r\n\t\t\t\t\t\t\t\t\t<a href=\"\/tecnologia-hip\/sectores-hip\/aeroespacial\/\" target=\"_self\" itemprop=\"url\" rel=\"noopener noreferrer\">\r\n\t\t\t\t\t\t\t\t\t\t\t<img decoding=\"async\" loading=\"lazy\" data-attachment-id=\"17868\" src=\"\/wp-content\/uploads\/2020\/07\/Aeroespacial-1.jpg\" itemprop=\"image\" height=\"180\" width=\"170\">\r\n\t\t\t\t\t\t\t\t\t\t\tAeroespacial\r\n\t\t\t\t\t\t\t\t\t\t<\/a>\r\n\t\t\t\t\t\t\t\t\t<a href=\"\/tecnologia-hip\/sectores-hip\/petroleo-y-gas\/\" target=\"_self\" itemprop=\"url\" rel=\"noopener noreferrer\">\r\n\t\t\t\t\t\t\t\t\t\t\t<img decoding=\"async\" loading=\"lazy\" data-attachment-id=\"17868\" src=\"\/wp-content\/uploads\/2020\/07\/petroleo-y-gas.jpg\" itemprop=\"image\" height=\"180\" width=\"170\">\r\n\t\t\t\t\t\t\t\t\t\t\tPetr\u00f3leo y Gas\r\n\t\t\t\t\t\t\t\t\t\t<\/a>\r\n\t\t\t\t\t\t\t\t\t<a href=\"\/tecnologia-hip\/sectores-hip\/implantes-medicos\/\" target=\"_self\" itemprop=\"url\" rel=\"noopener noreferrer\">\r\n\t\t\t\t\t\t\t\t\t\t\t<img decoding=\"async\" loading=\"lazy\" data-attachment-id=\"17868\" src=\"\/wp-content\/uploads\/2020\/07\/implante-m\u00e9dico.jpg\" itemprop=\"image\" height=\"180\" width=\"170\">\r\n\t\t\t\t\t\t\t\t\t\t\tImplantes M\u00e9dicos\r\n\t\t\t\t\t\t\t\t\t\t<\/a>\r\n\t\t\t\t\t\t\t\t\t<a href=\"\/tecnologia-hip\/sectores-hip\/nuclear\/\" target=\"_self\" itemprop=\"url\" rel=\"noopener noreferrer\">\r\n\t\t\t\t\t\t\t\t\t\t\t<img decoding=\"async\" loading=\"lazy\" data-attachment-id=\"17868\" src=\"\/wp-content\/uploads\/2020\/07\/Nuclear.jpg\" itemprop=\"image\" height=\"180\" width=\"170\">\r\n\t\t\t\t\t\t\t\t\t\t\tNuclear\r\n\t\t\t\t\t\t\t\t\t\t<\/a>\r\n\t\t\t\t\t\t\t\t\t<a href=\"\/tecnologia-hip\/sectores-hip\/industria\/\" target=\"_self\" itemprop=\"url\" rel=\"noopener noreferrer\">\r\n\t\t\t\t\t\t\t\t\t\t\t<img decoding=\"async\" loading=\"lazy\" data-attachment-id=\"17868\" src=\"\/wp-content\/uploads\/2020\/07\/Industria.jpg\" itemprop=\"image\" height=\"180\" width=\"170\">\r\n\t\t\t\t\t\t\t\t\t\t\tIndustria\r\n\t\t\t\t\t\t\t\t\t\t<\/a>\r\n\t\t\t\t\t\t\t\t\t<a href=\"\/tecnologia-hip\/sectores-hip\/automocion\/\" target=\"_self\" itemprop=\"url\" rel=\"noopener noreferrer\">\r\n\t\t\t\t\t\t\t\t\t\t\t<img decoding=\"async\" loading=\"lazy\" data-attachment-id=\"17868\" src=\"\/wp-content\/uploads\/2020\/07\/automoci\u00f3n.jpg\" itemprop=\"image\" height=\"180\" width=\"170\">\r\n\t\t\t\t\t\t\t\t\t\t\tAutomoci\u00f3n\r\n\t\t\t\t\t\t\t\t\t\t<\/a>\r\n   <\/section>\r\n","protected":false},"excerpt":{"rendered":"<p>Defensa La innovaci\u00f3n tecnol\u00f3gica en la industria de defensa se ha convertido en un factor estrat\u00e9gico y diferenciador para fabricantes y gobiernos. Se trata de un sector que requiere de unos elevados est\u00e1ndares de seguridad debido a la complejidad de fabricaci\u00f3n de muchos de sus componentes. En este sentido, Defensa solicita soluciones a los sectores&#8230;<\/p>\n","protected":false},"author":1,"featured_media":0,"parent":21288,"menu_order":0,"comment_status":"closed","ping_status":"closed","template":"","meta":{"om_disable_all_campaigns":false,"inline_featured_image":false,"_monsterinsights_skip_tracking":false,"_monsterinsights_sitenote_active":false,"_monsterinsights_sitenote_note":"","_monsterinsights_sitenote_category":0,"footnotes":"","_wp_rev_ctl_limit":""},"acf":[],"yoast_head":"<!-- This site is optimized with the Yoast SEO plugin v22.4 - https:\/\/yoast.com\/wordpress\/plugins\/seo\/ -->\n<title>Tecnolog\u00eda HIP en industria de defensa - Hiperbaric<\/title>\n<meta name=\"robots\" content=\"index, follow, max-snippet:-1, max-image-preview:large, max-video-preview:-1\" \/>\n<link rel=\"canonical\" href=\"https:\/\/www.hiperbaric.com\/es\/tecnologia-hip\/sectores-hip\/defensa\/\" \/>\n<meta property=\"og:locale\" content=\"es_ES\" \/>\n<meta property=\"og:type\" content=\"article\" \/>\n<meta property=\"og:title\" content=\"Tecnolog\u00eda HIP en industria de defensa - Hiperbaric\" \/>\n<meta property=\"og:description\" content=\"Defensa La innovaci\u00f3n tecnol\u00f3gica en la industria de defensa se ha convertido en un factor estrat\u00e9gico y diferenciador para fabricantes y gobiernos. Se trata de un sector que requiere de unos elevados est\u00e1ndares de seguridad debido a la complejidad de fabricaci\u00f3n de muchos de sus componentes. En este sentido, Defensa solicita soluciones a los sectores...\" \/>\n<meta property=\"og:url\" content=\"https:\/\/www.hiperbaric.com\/es\/tecnologia-hip\/sectores-hip\/defensa\/\" \/>\n<meta property=\"og:site_name\" content=\"Hiperbaric\" \/>\n<meta property=\"article:modified_time\" content=\"2025-10-16T15:38:07+00:00\" \/>\n<meta name=\"twitter:card\" content=\"summary_large_image\" \/>\n<meta name=\"twitter:label1\" content=\"Tiempo de lectura\" \/>\n\t<meta name=\"twitter:data1\" content=\"5 minutos\" \/>\n<script type=\"application\/ld+json\" class=\"yoast-schema-graph\">{\"@context\":\"https:\/\/schema.org\",\"@graph\":[{\"@type\":\"WebPage\",\"@id\":\"https:\/\/www.hiperbaric.com\/es\/tecnologia-hip\/sectores-hip\/defensa\/\",\"url\":\"https:\/\/www.hiperbaric.com\/es\/tecnologia-hip\/sectores-hip\/defensa\/\",\"name\":\"Tecnolog\u00eda HIP en industria de defensa - Hiperbaric\",\"isPartOf\":{\"@id\":\"https:\/\/www.hiperbaric.com\/en\/#website\"},\"datePublished\":\"2020-07-27T09:40:52+00:00\",\"dateModified\":\"2025-10-16T15:38:07+00:00\",\"breadcrumb\":{\"@id\":\"https:\/\/www.hiperbaric.com\/es\/tecnologia-hip\/sectores-hip\/defensa\/#breadcrumb\"},\"inLanguage\":\"es\",\"potentialAction\":[{\"@type\":\"ReadAction\",\"target\":[\"https:\/\/www.hiperbaric.com\/es\/tecnologia-hip\/sectores-hip\/defensa\/\"]}]},{\"@type\":\"BreadcrumbList\",\"@id\":\"https:\/\/www.hiperbaric.com\/es\/tecnologia-hip\/sectores-hip\/defensa\/#breadcrumb\",\"itemListElement\":[{\"@type\":\"ListItem\",\"position\":1,\"name\":\"Home\",\"item\":\"https:\/\/www.hiperbaric.com\/es\/\"},{\"@type\":\"ListItem\",\"position\":2,\"name\":\"Tecnolog\u00eda HIP\",\"item\":\"https:\/\/www.hiperbaric.com\/es\/tecnologia-hip\/\"},{\"@type\":\"ListItem\",\"position\":3,\"name\":\"Sectores HIP\",\"item\":\"https:\/\/www.hiperbaric.com\/es\/tecnologia-hip\/sectores-hip\/\"},{\"@type\":\"ListItem\",\"position\":4,\"name\":\"Defensa\"}]},{\"@type\":\"WebSite\",\"@id\":\"https:\/\/www.hiperbaric.com\/en\/#website\",\"url\":\"https:\/\/www.hiperbaric.com\/en\/\",\"name\":\"Hiperbaric\",\"description\":\"Procesado para la conservaci\u00f3n de alimentos\",\"publisher\":{\"@id\":\"https:\/\/www.hiperbaric.com\/en\/#organization\"},\"potentialAction\":[{\"@type\":\"SearchAction\",\"target\":{\"@type\":\"EntryPoint\",\"urlTemplate\":\"https:\/\/www.hiperbaric.com\/en\/?s={search_term_string}\"},\"query-input\":\"required name=search_term_string\"}],\"inLanguage\":\"es\"},{\"@type\":\"Organization\",\"@id\":\"https:\/\/www.hiperbaric.com\/en\/#organization\",\"name\":\"Hiperbaric\",\"url\":\"https:\/\/www.hiperbaric.com\/en\/\",\"logo\":{\"@type\":\"ImageObject\",\"inLanguage\":\"es\",\"@id\":\"https:\/\/www.hiperbaric.com\/en\/#\/schema\/logo\/image\/\",\"url\":\"https:\/\/www.hiperbaric.com\/wp-content\/uploads\/2026\/01\/cropped-hiperbaric-logotipo-1-2.png\",\"contentUrl\":\"https:\/\/www.hiperbaric.com\/wp-content\/uploads\/2026\/01\/cropped-hiperbaric-logotipo-1-2.png\",\"width\":340,\"height\":72,\"caption\":\"Hiperbaric\"},\"image\":{\"@id\":\"https:\/\/www.hiperbaric.com\/en\/#\/schema\/logo\/image\/\"}}]}<\/script>\n<!-- \/ Yoast SEO plugin. -->","yoast_head_json":{"title":"Tecnolog\u00eda HIP en industria de defensa - Hiperbaric","robots":{"index":"index","follow":"follow","max-snippet":"max-snippet:-1","max-image-preview":"max-image-preview:large","max-video-preview":"max-video-preview:-1"},"canonical":"https:\/\/www.hiperbaric.com\/es\/tecnologia-hip\/sectores-hip\/defensa\/","og_locale":"es_ES","og_type":"article","og_title":"Tecnolog\u00eda HIP en industria de defensa - Hiperbaric","og_description":"Defensa La innovaci\u00f3n tecnol\u00f3gica en la industria de defensa se ha convertido en un factor estrat\u00e9gico y diferenciador para fabricantes y gobiernos. Se trata de un sector que requiere de unos elevados est\u00e1ndares de seguridad debido a la complejidad de fabricaci\u00f3n de muchos de sus componentes. En este sentido, Defensa solicita soluciones a los sectores...","og_url":"https:\/\/www.hiperbaric.com\/es\/tecnologia-hip\/sectores-hip\/defensa\/","og_site_name":"Hiperbaric","article_modified_time":"2025-10-16T15:38:07+00:00","twitter_card":"summary_large_image","twitter_misc":{"Tiempo de lectura":"5 minutos"},"schema":{"@context":"https:\/\/schema.org","@graph":[{"@type":"WebPage","@id":"https:\/\/www.hiperbaric.com\/es\/tecnologia-hip\/sectores-hip\/defensa\/","url":"https:\/\/www.hiperbaric.com\/es\/tecnologia-hip\/sectores-hip\/defensa\/","name":"Tecnolog\u00eda HIP en industria de defensa - Hiperbaric","isPartOf":{"@id":"https:\/\/www.hiperbaric.com\/en\/#website"},"datePublished":"2020-07-27T09:40:52+00:00","dateModified":"2025-10-16T15:38:07+00:00","breadcrumb":{"@id":"https:\/\/www.hiperbaric.com\/es\/tecnologia-hip\/sectores-hip\/defensa\/#breadcrumb"},"inLanguage":"es","potentialAction":[{"@type":"ReadAction","target":["https:\/\/www.hiperbaric.com\/es\/tecnologia-hip\/sectores-hip\/defensa\/"]}]},{"@type":"BreadcrumbList","@id":"https:\/\/www.hiperbaric.com\/es\/tecnologia-hip\/sectores-hip\/defensa\/#breadcrumb","itemListElement":[{"@type":"ListItem","position":1,"name":"Home","item":"https:\/\/www.hiperbaric.com\/es\/"},{"@type":"ListItem","position":2,"name":"Tecnolog\u00eda HIP","item":"https:\/\/www.hiperbaric.com\/es\/tecnologia-hip\/"},{"@type":"ListItem","position":3,"name":"Sectores HIP","item":"https:\/\/www.hiperbaric.com\/es\/tecnologia-hip\/sectores-hip\/"},{"@type":"ListItem","position":4,"name":"Defensa"}]},{"@type":"WebSite","@id":"https:\/\/www.hiperbaric.com\/en\/#website","url":"https:\/\/www.hiperbaric.com\/en\/","name":"Hiperbaric","description":"Procesado para la conservaci\u00f3n de alimentos","publisher":{"@id":"https:\/\/www.hiperbaric.com\/en\/#organization"},"potentialAction":[{"@type":"SearchAction","target":{"@type":"EntryPoint","urlTemplate":"https:\/\/www.hiperbaric.com\/en\/?s={search_term_string}"},"query-input":"required name=search_term_string"}],"inLanguage":"es"},{"@type":"Organization","@id":"https:\/\/www.hiperbaric.com\/en\/#organization","name":"Hiperbaric","url":"https:\/\/www.hiperbaric.com\/en\/","logo":{"@type":"ImageObject","inLanguage":"es","@id":"https:\/\/www.hiperbaric.com\/en\/#\/schema\/logo\/image\/","url":"https:\/\/www.hiperbaric.com\/wp-content\/uploads\/2026\/01\/cropped-hiperbaric-logotipo-1-2.png","contentUrl":"https:\/\/www.hiperbaric.com\/wp-content\/uploads\/2026\/01\/cropped-hiperbaric-logotipo-1-2.png","width":340,"height":72,"caption":"Hiperbaric"},"image":{"@id":"https:\/\/www.hiperbaric.com\/en\/#\/schema\/logo\/image\/"}}]}},"_links":{"self":[{"href":"https:\/\/www.hiperbaric.com\/es\/wp-json\/wp\/v2\/pages\/21337"}],"collection":[{"href":"https:\/\/www.hiperbaric.com\/es\/wp-json\/wp\/v2\/pages"}],"about":[{"href":"https:\/\/www.hiperbaric.com\/es\/wp-json\/wp\/v2\/types\/page"}],"author":[{"embeddable":true,"href":"https:\/\/www.hiperbaric.com\/es\/wp-json\/wp\/v2\/users\/1"}],"replies":[{"embeddable":true,"href":"https:\/\/www.hiperbaric.com\/es\/wp-json\/wp\/v2\/comments?post=21337"}],"version-history":[{"count":1,"href":"https:\/\/www.hiperbaric.com\/es\/wp-json\/wp\/v2\/pages\/21337\/revisions"}],"predecessor-version":[{"id":65509,"href":"https:\/\/www.hiperbaric.com\/es\/wp-json\/wp\/v2\/pages\/21337\/revisions\/65509"}],"up":[{"embeddable":true,"href":"https:\/\/www.hiperbaric.com\/es\/wp-json\/wp\/v2\/pages\/21288"}],"wp:attachment":[{"href":"https:\/\/www.hiperbaric.com\/es\/wp-json\/wp\/v2\/media?parent=21337"}],"curies":[{"name":"wp","href":"https:\/\/api.w.org\/{rel}","templated":true}]}}