{"id":21330,"date":"2020-07-27T11:35:50","date_gmt":"2020-07-27T09:35:50","guid":{"rendered":"https:\/\/www.hiperbaric.com\/?page_id=21330"},"modified":"2025-10-16T17:45:31","modified_gmt":"2025-10-16T15:45:31","slug":"automocion","status":"publish","type":"page","link":"https:\/\/www.hiperbaric.com\/es\/tecnologia-hip\/sectores-hip\/automocion\/","title":{"rendered":"Automoci\u00f3n"},"content":{"rendered":"\r\n\t<h1>Automoci\u00f3n<\/h1>\r\n<p>El sector de automoci\u00f3n se encuentra en constante evoluci\u00f3n en busca de una producci\u00f3n m\u00e1s r\u00e1pida y rentable, hacia un futuro m\u00e1s sostenible y eficiente. La tecnolog\u00eda de prensado isost\u00e1tico en caliente (Hot Isostatic Pressing, HIP) acompa\u00f1a los procesos de producci\u00f3n de este sector y est\u00e1 en l\u00ednea con la vanguardia que la automoci\u00f3n necesita.<\/p>\r\n<p>Al asegurar un peso m\u00e1s ligero, un rendimiento superior y una mayor durabilidad, las soluciones que aporta la tecnolog\u00eda HIP se pueden utilizar en diversas piezas, desde peque\u00f1os componentes hasta piezas de mayor tama\u00f1o con formas m\u00e1s complejas.<\/p>\r\n<p>Combinando rentabilidad e innovaci\u00f3n, HIP es uno de los mejores aliados para optimizar los procesos de fabricaci\u00f3n, en particular en el campo del prototipado.<\/p>\r\n<p><strong>Aplicaciones HIP en automoci\u00f3n: piezas, materiales, t\u00e9cnicas<\/strong><br>La industria automovil\u00edstica es un motor de innovaci\u00f3n en el campo de los materiales y sus aplicaciones con la tecnolog\u00eda HIP crecen d\u00eda a d\u00eda.<\/p>\r\n<p>La implementaci\u00f3n del proceso HIP confiere un alto valor a\u00f1adido al sector de automoci\u00f3n sobre todo en combinaci\u00f3n con el proceso de fabricaci\u00f3n aditiva (Additive Manufacturing, AM). Esta t\u00e9cnica hace posible dise\u00f1os ligeros y con mayor rigidez mientras hace realizables dise\u00f1os con funcionalidades varias integradas en un mismo componente. Gracias a la tecnolog\u00eda HIP la automoci\u00f3n puede beneficiarse de todas las ventajas que la fabricaci\u00f3n aditiva ofrece a la industria sin los compromisos ni dudas sobre la fiabilidad de los materiales.<\/p>\r\n<p>En deportes del motor como la F\u00f3rmula 1, la tecnolog\u00eda HIP aporta la fiabilidad necesaria para los componentes fabricados por fabricaci\u00f3n aditiva, a la vez que contribuye a reducir los lead times de sus componentes gracias a la posibilidad de realizar tratamientos t\u00e9rmicos combinados.<\/p>\r\n<p>La tecnolog\u00eda de HIP tiene un papel clave en el postprocesado de los componentes de automoci\u00f3n en el desarrollo de producto y prototipado funcional. Por ejemplo, uno de los componentes m\u00e1s com\u00fanmente tratados por prensas HIP son los bujes.<\/p>\r\n<a role=\"button\" data-toggle=\"collapse\" href=\"#aplicacionCollapse\" aria-expanded=\"false\" aria-controls=\"aplicacionCollapse\">Leer m\u00e1s &gt;<\/a>\r\n   <section>\r\n      <img decoding=\"async\" src=\"\/wp-content\/uploads\/2020\/07\/estructura-coche-AdobeStock_320739090.jpeg\">\r\n      <img decoding=\"async\" src=\"\/wp-content\/uploads\/2020\/07\/BUJE-EOS.jpg\">\r\n      <img decoding=\"async\" src=\"\/wp-content\/uploads\/2020\/07\/buje.jpg\">\r\n      <img decoding=\"async\" src=\"\/wp-content\/uploads\/2020\/07\/Formula-1-AdobeStock_322688910.jpeg\">\r\n   <\/section>\r\n    <section>\r\n      <img decoding=\"async\" src=\"\/wp-content\/uploads\/2020\/07\/estructura-coche-AdobeStock_320739090.jpeg\">\r\n      <img decoding=\"async\" src=\"\/wp-content\/uploads\/2020\/07\/BUJE-EOS.jpg\">\r\n      <img decoding=\"async\" src=\"\/wp-content\/uploads\/2020\/07\/buje.jpg\">\r\n      <img decoding=\"async\" src=\"\/wp-content\/uploads\/2020\/07\/Formula-1-AdobeStock_322688910.jpeg\">\r\n   <\/section>\r\n\t<h2 data-element-id=\"hmap-4\"><strong>PRINCIPALES BENEFICIOS DE LA UTILIZACI\u00d3N DE HIP EN EL SECTOR DE LA AUTOMOCI\u00d3N<br \/>\r\n<\/strong><\/h2>\r\n\t<p>Para el sector de automoci\u00f3n, la utilizaci\u00f3n de la tecnolog\u00eda HIP desarrollada por Hiperbaric aporta m\u00faltiples beneficios:<\/p>\r\n<p><strong>Mejora propiedades y rendimiento de los materiales<\/strong><\/p>\r\n<ul>\r\n<li>Aumenta las propiedades mec\u00e1nicas de las piezas<\/li>\r\n<li>Mejora la vida a fatiga en materiales de alto rendimiento<\/li>\r\n<\/ul>\r\n<p><strong>Alcanza el 100% de la densidad te\u00f3rica de las piezas<\/strong><\/p>\r\n<ul>\r\n<li>Densifica porosidades y elimina posibles defectos internos, que aportan determinadas t\u00e9cnicas como la fabricaci\u00f3n aditiva (Additive Manufacturing, AM)<\/li>\r\n<li>Aporta mayor consistencia estad\u00edstica a materiales de alto rendimiento<\/li>\r\n<\/ul>\r\n\t<h2 data-element-id=\"hmap-4\"><strong>Certificados<br \/>\r\n<\/strong><\/h2>\r\n\t<p>El est\u00e1ndar de calidad en la industria del autom\u00f3vil es el CQI-9, que se enfoca en la mejora continua en los procesos de tratamiento t\u00e9rmico que se llevan a cabo. Este est\u00e1ndar fue publicado por la asociaci\u00f3n Norteamericana del Autom\u00f3vil (AIAG- Automotive Industry Action Group). No se trata de una norma en s\u00ed misma, sino que se trata de una autoevaluaci\u00f3n que debe realizarse al menos una vez al a\u00f1o, con el fin de prevenir defectos y reducir residuos en la cadena de suministro.<\/p>\r\n\t<h2 data-element-id=\"hmap-4\"><strong>Otros sectores HIP<br \/>\r\n<\/strong><\/h2>\r\n   <section>\r\n\t\t\t\t\t\t\t\t\t<a href=\"\/tecnologia-hip\/sectores-hip\/aeroespacial\/\" target=\"_self\" itemprop=\"url\" rel=\"noopener noreferrer\">\r\n\t\t\t\t\t\t\t\t\t\t\t<img decoding=\"async\" loading=\"lazy\" data-attachment-id=\"17868\" src=\"\/wp-content\/uploads\/2020\/07\/Aeroespacial-1.jpg\" itemprop=\"image\" height=\"180\" width=\"170\">\r\n\t\t\t\t\t\t\t\t\t\t\tAeroespacial\r\n\t\t\t\t\t\t\t\t\t\t<\/a>\r\n\t\t\t\t\t\t\t\t\t<a href=\"\/tecnologia-hip\/sectores-hip\/petroleo-y-gas\/\" target=\"_self\" itemprop=\"url\" rel=\"noopener noreferrer\">\r\n\t\t\t\t\t\t\t\t\t\t\t<img decoding=\"async\" loading=\"lazy\" data-attachment-id=\"17868\" src=\"\/wp-content\/uploads\/2020\/07\/petroleo-y-gas.jpg\" itemprop=\"image\" height=\"180\" width=\"170\">\r\n\t\t\t\t\t\t\t\t\t\t\tPetr\u00f3leo y Gas\r\n\t\t\t\t\t\t\t\t\t\t<\/a>\r\n\t\t\t\t\t\t\t\t\t<a href=\"\/tecnologia-hip\/sectores-hip\/implantes-medicos\/\" target=\"_self\" itemprop=\"url\" rel=\"noopener noreferrer\">\r\n\t\t\t\t\t\t\t\t\t\t\t<img decoding=\"async\" loading=\"lazy\" data-attachment-id=\"17868\" src=\"\/wp-content\/uploads\/2020\/07\/implante-m\u00e9dico.jpg\" itemprop=\"image\" height=\"180\" width=\"170\">\r\n\t\t\t\t\t\t\t\t\t\t\tImplantes M\u00e9dicos\r\n\t\t\t\t\t\t\t\t\t\t<\/a>\r\n\t\t\t\t\t\t\t\t\t<a href=\"\/tecnologia-hip\/sectores-hip\/nuclear\/\" target=\"_self\" itemprop=\"url\" rel=\"noopener noreferrer\">\r\n\t\t\t\t\t\t\t\t\t\t\t<img decoding=\"async\" loading=\"lazy\" data-attachment-id=\"17868\" src=\"\/wp-content\/uploads\/2020\/07\/Nuclear.jpg\" itemprop=\"image\" height=\"180\" width=\"170\">\r\n\t\t\t\t\t\t\t\t\t\t\tNuclear\r\n\t\t\t\t\t\t\t\t\t\t<\/a>\r\n\t\t\t\t\t\t\t\t\t<a href=\"\/tecnologia-hip\/sectores-hip\/defensa\/\" target=\"_self\" itemprop=\"url\" rel=\"noopener noreferrer\">\r\n\t\t\t\t\t\t\t\t\t\t\t<img decoding=\"async\" loading=\"lazy\" data-attachment-id=\"17868\" src=\"\/wp-content\/uploads\/2020\/07\/Defensa.jpg\" itemprop=\"image\" height=\"180\" width=\"170\">\r\n\t\t\t\t\t\t\t\t\t\t\tDefensa\r\n\t\t\t\t\t\t\t\t\t\t<\/a>\r\n\t\t\t\t\t\t\t\t\t<a href=\"\/tecnologia-hip\/sectores-hip\/industria\/\" target=\"_self\" itemprop=\"url\" rel=\"noopener noreferrer\">\r\n\t\t\t\t\t\t\t\t\t\t\t<img decoding=\"async\" loading=\"lazy\" data-attachment-id=\"17868\" src=\"\/wp-content\/uploads\/2020\/07\/Industria.jpg\" itemprop=\"image\" height=\"180\" width=\"170\">\r\n\t\t\t\t\t\t\t\t\t\t\tIndustria\r\n\t\t\t\t\t\t\t\t\t\t<\/a>\r\n   <\/section>\r\n","protected":false},"excerpt":{"rendered":"<p>Automoci\u00f3n El sector de automoci\u00f3n se encuentra en constante evoluci\u00f3n en busca de una producci\u00f3n m\u00e1s r\u00e1pida y rentable, hacia un futuro m\u00e1s sostenible y eficiente. La tecnolog\u00eda de prensado isost\u00e1tico en caliente (Hot Isostatic Pressing, HIP) acompa\u00f1a los procesos de producci\u00f3n de este sector y est\u00e1 en l\u00ednea con la vanguardia que la automoci\u00f3n&#8230;<\/p>\n","protected":false},"author":1,"featured_media":0,"parent":21288,"menu_order":0,"comment_status":"closed","ping_status":"closed","template":"","meta":{"om_disable_all_campaigns":false,"inline_featured_image":false,"_monsterinsights_skip_tracking":false,"_monsterinsights_sitenote_active":false,"_monsterinsights_sitenote_note":"","_monsterinsights_sitenote_category":0,"footnotes":"","_wp_rev_ctl_limit":""},"acf":[],"yoast_head":"<!-- This site is optimized with the Yoast SEO plugin v22.4 - https:\/\/yoast.com\/wordpress\/plugins\/seo\/ -->\n<title>Tecnolog\u00eda HIP en automoci\u00f3n- Hiperbaric<\/title>\n<meta name=\"robots\" content=\"index, follow, max-snippet:-1, max-image-preview:large, max-video-preview:-1\" \/>\n<link rel=\"canonical\" href=\"https:\/\/www.hiperbaric.com\/es\/tecnologia-hip\/sectores-hip\/automocion\/\" \/>\n<meta property=\"og:locale\" content=\"es_ES\" \/>\n<meta property=\"og:type\" content=\"article\" \/>\n<meta property=\"og:title\" content=\"Tecnolog\u00eda HIP en automoci\u00f3n- Hiperbaric\" \/>\n<meta property=\"og:description\" content=\"Automoci\u00f3n El sector de automoci\u00f3n se encuentra en constante evoluci\u00f3n en busca de una producci\u00f3n m\u00e1s r\u00e1pida y rentable, hacia un futuro m\u00e1s sostenible y eficiente. La tecnolog\u00eda de prensado isost\u00e1tico en caliente (Hot Isostatic Pressing, HIP) acompa\u00f1a los procesos de producci\u00f3n de este sector y est\u00e1 en l\u00ednea con la vanguardia que la automoci\u00f3n...\" \/>\n<meta property=\"og:url\" content=\"https:\/\/www.hiperbaric.com\/es\/tecnologia-hip\/sectores-hip\/automocion\/\" \/>\n<meta property=\"og:site_name\" content=\"Hiperbaric\" \/>\n<meta property=\"article:modified_time\" content=\"2025-10-16T15:45:31+00:00\" \/>\n<meta name=\"twitter:card\" content=\"summary_large_image\" \/>\n<meta name=\"twitter:label1\" content=\"Tiempo de lectura\" \/>\n\t<meta name=\"twitter:data1\" content=\"6 minutos\" \/>\n<script type=\"application\/ld+json\" class=\"yoast-schema-graph\">{\"@context\":\"https:\/\/schema.org\",\"@graph\":[{\"@type\":\"WebPage\",\"@id\":\"https:\/\/www.hiperbaric.com\/es\/tecnologia-hip\/sectores-hip\/automocion\/\",\"url\":\"https:\/\/www.hiperbaric.com\/es\/tecnologia-hip\/sectores-hip\/automocion\/\",\"name\":\"Tecnolog\u00eda HIP en automoci\u00f3n- Hiperbaric\",\"isPartOf\":{\"@id\":\"https:\/\/www.hiperbaric.com\/en\/#website\"},\"datePublished\":\"2020-07-27T09:35:50+00:00\",\"dateModified\":\"2025-10-16T15:45:31+00:00\",\"breadcrumb\":{\"@id\":\"https:\/\/www.hiperbaric.com\/es\/tecnologia-hip\/sectores-hip\/automocion\/#breadcrumb\"},\"inLanguage\":\"es\",\"potentialAction\":[{\"@type\":\"ReadAction\",\"target\":[\"https:\/\/www.hiperbaric.com\/es\/tecnologia-hip\/sectores-hip\/automocion\/\"]}]},{\"@type\":\"BreadcrumbList\",\"@id\":\"https:\/\/www.hiperbaric.com\/es\/tecnologia-hip\/sectores-hip\/automocion\/#breadcrumb\",\"itemListElement\":[{\"@type\":\"ListItem\",\"position\":1,\"name\":\"Home\",\"item\":\"https:\/\/www.hiperbaric.com\/es\/\"},{\"@type\":\"ListItem\",\"position\":2,\"name\":\"Tecnolog\u00eda HIP\",\"item\":\"https:\/\/www.hiperbaric.com\/es\/tecnologia-hip\/\"},{\"@type\":\"ListItem\",\"position\":3,\"name\":\"Sectores HIP\",\"item\":\"https:\/\/www.hiperbaric.com\/es\/tecnologia-hip\/sectores-hip\/\"},{\"@type\":\"ListItem\",\"position\":4,\"name\":\"Automoci\u00f3n\"}]},{\"@type\":\"WebSite\",\"@id\":\"https:\/\/www.hiperbaric.com\/en\/#website\",\"url\":\"https:\/\/www.hiperbaric.com\/en\/\",\"name\":\"Hiperbaric\",\"description\":\"Procesado para la conservaci\u00f3n de alimentos\",\"publisher\":{\"@id\":\"https:\/\/www.hiperbaric.com\/en\/#organization\"},\"potentialAction\":[{\"@type\":\"SearchAction\",\"target\":{\"@type\":\"EntryPoint\",\"urlTemplate\":\"https:\/\/www.hiperbaric.com\/en\/?s={search_term_string}\"},\"query-input\":\"required name=search_term_string\"}],\"inLanguage\":\"es\"},{\"@type\":\"Organization\",\"@id\":\"https:\/\/www.hiperbaric.com\/en\/#organization\",\"name\":\"Hiperbaric\",\"url\":\"https:\/\/www.hiperbaric.com\/en\/\",\"logo\":{\"@type\":\"ImageObject\",\"inLanguage\":\"es\",\"@id\":\"https:\/\/www.hiperbaric.com\/en\/#\/schema\/logo\/image\/\",\"url\":\"https:\/\/www.hiperbaric.com\/wp-content\/uploads\/2026\/01\/cropped-hiperbaric-logotipo-1-2.png\",\"contentUrl\":\"https:\/\/www.hiperbaric.com\/wp-content\/uploads\/2026\/01\/cropped-hiperbaric-logotipo-1-2.png\",\"width\":340,\"height\":72,\"caption\":\"Hiperbaric\"},\"image\":{\"@id\":\"https:\/\/www.hiperbaric.com\/en\/#\/schema\/logo\/image\/\"}}]}<\/script>\n<!-- \/ Yoast SEO plugin. -->","yoast_head_json":{"title":"Tecnolog\u00eda HIP en automoci\u00f3n- Hiperbaric","robots":{"index":"index","follow":"follow","max-snippet":"max-snippet:-1","max-image-preview":"max-image-preview:large","max-video-preview":"max-video-preview:-1"},"canonical":"https:\/\/www.hiperbaric.com\/es\/tecnologia-hip\/sectores-hip\/automocion\/","og_locale":"es_ES","og_type":"article","og_title":"Tecnolog\u00eda HIP en automoci\u00f3n- Hiperbaric","og_description":"Automoci\u00f3n El sector de automoci\u00f3n se encuentra en constante evoluci\u00f3n en busca de una producci\u00f3n m\u00e1s r\u00e1pida y rentable, hacia un futuro m\u00e1s sostenible y eficiente. La tecnolog\u00eda de prensado isost\u00e1tico en caliente (Hot Isostatic Pressing, HIP) acompa\u00f1a los procesos de producci\u00f3n de este sector y est\u00e1 en l\u00ednea con la vanguardia que la automoci\u00f3n...","og_url":"https:\/\/www.hiperbaric.com\/es\/tecnologia-hip\/sectores-hip\/automocion\/","og_site_name":"Hiperbaric","article_modified_time":"2025-10-16T15:45:31+00:00","twitter_card":"summary_large_image","twitter_misc":{"Tiempo de lectura":"6 minutos"},"schema":{"@context":"https:\/\/schema.org","@graph":[{"@type":"WebPage","@id":"https:\/\/www.hiperbaric.com\/es\/tecnologia-hip\/sectores-hip\/automocion\/","url":"https:\/\/www.hiperbaric.com\/es\/tecnologia-hip\/sectores-hip\/automocion\/","name":"Tecnolog\u00eda HIP en automoci\u00f3n- Hiperbaric","isPartOf":{"@id":"https:\/\/www.hiperbaric.com\/en\/#website"},"datePublished":"2020-07-27T09:35:50+00:00","dateModified":"2025-10-16T15:45:31+00:00","breadcrumb":{"@id":"https:\/\/www.hiperbaric.com\/es\/tecnologia-hip\/sectores-hip\/automocion\/#breadcrumb"},"inLanguage":"es","potentialAction":[{"@type":"ReadAction","target":["https:\/\/www.hiperbaric.com\/es\/tecnologia-hip\/sectores-hip\/automocion\/"]}]},{"@type":"BreadcrumbList","@id":"https:\/\/www.hiperbaric.com\/es\/tecnologia-hip\/sectores-hip\/automocion\/#breadcrumb","itemListElement":[{"@type":"ListItem","position":1,"name":"Home","item":"https:\/\/www.hiperbaric.com\/es\/"},{"@type":"ListItem","position":2,"name":"Tecnolog\u00eda HIP","item":"https:\/\/www.hiperbaric.com\/es\/tecnologia-hip\/"},{"@type":"ListItem","position":3,"name":"Sectores HIP","item":"https:\/\/www.hiperbaric.com\/es\/tecnologia-hip\/sectores-hip\/"},{"@type":"ListItem","position":4,"name":"Automoci\u00f3n"}]},{"@type":"WebSite","@id":"https:\/\/www.hiperbaric.com\/en\/#website","url":"https:\/\/www.hiperbaric.com\/en\/","name":"Hiperbaric","description":"Procesado para la conservaci\u00f3n de alimentos","publisher":{"@id":"https:\/\/www.hiperbaric.com\/en\/#organization"},"potentialAction":[{"@type":"SearchAction","target":{"@type":"EntryPoint","urlTemplate":"https:\/\/www.hiperbaric.com\/en\/?s={search_term_string}"},"query-input":"required name=search_term_string"}],"inLanguage":"es"},{"@type":"Organization","@id":"https:\/\/www.hiperbaric.com\/en\/#organization","name":"Hiperbaric","url":"https:\/\/www.hiperbaric.com\/en\/","logo":{"@type":"ImageObject","inLanguage":"es","@id":"https:\/\/www.hiperbaric.com\/en\/#\/schema\/logo\/image\/","url":"https:\/\/www.hiperbaric.com\/wp-content\/uploads\/2026\/01\/cropped-hiperbaric-logotipo-1-2.png","contentUrl":"https:\/\/www.hiperbaric.com\/wp-content\/uploads\/2026\/01\/cropped-hiperbaric-logotipo-1-2.png","width":340,"height":72,"caption":"Hiperbaric"},"image":{"@id":"https:\/\/www.hiperbaric.com\/en\/#\/schema\/logo\/image\/"}}]}},"_links":{"self":[{"href":"https:\/\/www.hiperbaric.com\/es\/wp-json\/wp\/v2\/pages\/21330"}],"collection":[{"href":"https:\/\/www.hiperbaric.com\/es\/wp-json\/wp\/v2\/pages"}],"about":[{"href":"https:\/\/www.hiperbaric.com\/es\/wp-json\/wp\/v2\/types\/page"}],"author":[{"embeddable":true,"href":"https:\/\/www.hiperbaric.com\/es\/wp-json\/wp\/v2\/users\/1"}],"replies":[{"embeddable":true,"href":"https:\/\/www.hiperbaric.com\/es\/wp-json\/wp\/v2\/comments?post=21330"}],"version-history":[{"count":1,"href":"https:\/\/www.hiperbaric.com\/es\/wp-json\/wp\/v2\/pages\/21330\/revisions"}],"predecessor-version":[{"id":65511,"href":"https:\/\/www.hiperbaric.com\/es\/wp-json\/wp\/v2\/pages\/21330\/revisions\/65511"}],"up":[{"embeddable":true,"href":"https:\/\/www.hiperbaric.com\/es\/wp-json\/wp\/v2\/pages\/21288"}],"wp:attachment":[{"href":"https:\/\/www.hiperbaric.com\/es\/wp-json\/wp\/v2\/media?parent=21330"}],"curies":[{"name":"wp","href":"https:\/\/api.w.org\/{rel}","templated":true}]}}