{"id":21288,"date":"2020-07-27T07:28:59","date_gmt":"2020-07-27T05:28:59","guid":{"rendered":"https:\/\/www.hiperbaric.com\/?page_id=21288"},"modified":"2022-10-19T13:58:30","modified_gmt":"2022-10-19T11:58:30","slug":"sectores-hip","status":"publish","type":"page","link":"https:\/\/www.hiperbaric.com\/es\/tecnologia-hip\/sectores-hip\/","title":{"rendered":"Sectores HIP"},"content":{"rendered":"\r\n\t<p>La tecnolog\u00eda de <a href=\"https:\/\/www.hiperbaric.com\/tecnologia-hip\/que-es-la-tecnologia-hip\/\"><strong>prensado isost\u00e1tico en caliente o Hot Isostatic Pressing (HIP)<\/strong><\/a> es un proceso aplicado a piezas que requieren de extraordinarias prestaciones mec\u00e1nicas. Cuenta con m\u00faltiples beneficios como la calidad y alto rendimiento de los componentes, la flexibilidad en el dise\u00f1o, la reducci\u00f3n de costes y la minimizaci\u00f3n del impacto ambiental.<\/p>\r\n<p>El HIP tiene una amplia variedad de usos entre los que destacan la mejora de las propiedades de los materiales, el sinterizado de piezas pulvimetal\u00fargicas, la uni\u00f3n por difusi\u00f3n entre piezas met\u00e1licas, la densificaci\u00f3n de piezas de fundici\u00f3n y el post-procesado y eliminaci\u00f3n de defectos de piezas realizadas mediante fabricaci\u00f3n aditiva.<\/p>\r\n<p>La tecnolog\u00eda HIP se presenta como la m\u00e1s efectiva (y en algunos casos la \u00fanica capaz) para conferir a las piezas y componentes la calidad requerida por los sectores m\u00e1s exigentes como\u00a0 el aeroespacial, petr\u00f3leo y gas, nuclear, automoci\u00f3n, implantes m\u00e9dicos, defensa o el industrial.<\/p>\r\n<h3>\r\n\tSectores de la tecnolog\u00eda HIP\r\n\t<\/h3>\r\n\t<p>Sectores que pueden emplear la tecnolog\u00eda Hiperbaric HIP en sus procesos de fabricaci\u00f3n.<\/p>\r\n\t\t\t\t<a href=\"\/tecnologia-hip\/sectores-hip\/aeroespacial\/\" target=\"_self\" itemprop=\"url\" rel=\"noopener noreferrer\">\r\n\t\t\t\t<img decoding=\"async\" loading=\"lazy\" src=\"https:\/\/www.hiperbaric.com\/wp-content\/uploads\/2020\/07\/Aeroespacial-1.jpg\" alt=\"Aeroespacial\" itemprop=\"image\" height=\"360\" width=\"340\" title=\"Aeroespacial\" onerror=\"this.style.display='none'\"  \/>\r\n\t\t\t\tAeroespacial\r\n\t\t\t\t\t\t<\/a>\r\n\t\t\t\t<a href=\"\/tecnologia-hip\/sectores-hip\/petroleo-y-gas\/\" target=\"_self\" itemprop=\"url\" rel=\"noopener noreferrer\">\r\n\t\t\t\t<img decoding=\"async\" loading=\"lazy\" src=\"https:\/\/www.hiperbaric.com\/wp-content\/uploads\/2020\/07\/petroleo-y-gas.jpg\" alt=\"Petr\u00f3leo y Gas\" itemprop=\"image\" height=\"360\" width=\"340\" title=\"petroleo y gas\" onerror=\"this.style.display='none'\"  \/>\r\n\t\t\t\tPetr\u00f3leo y Gas\r\n\t\t\t\t\t\t<\/a>\r\n\t\t\t\t<a href=\"\/tecnologia-hip\/sectores-hip\/implantes-medicos\/\" target=\"_self\" itemprop=\"url\" rel=\"noopener noreferrer\">\r\n\t\t\t\t<img decoding=\"async\" loading=\"lazy\" src=\"https:\/\/www.hiperbaric.com\/wp-content\/uploads\/2020\/07\/implante-m\u00e9dico.jpg\" alt=\"Implantes m\u00e9dicos\" itemprop=\"image\" height=\"360\" width=\"340\" title=\"implante m\u00e9dico\" onerror=\"this.style.display='none'\"  \/>\r\n\t\t\t\tImplantes m\u00e9dicos\r\n\t\t\t\t\t\t<\/a>\r\n\t\t\t\t<a href=\"\/tecnologia-hip\/sectores-hip\/nuclear\/\" target=\"_self\" itemprop=\"url\" rel=\"noopener noreferrer\">\r\n\t\t\t\t<img decoding=\"async\" loading=\"lazy\" src=\"https:\/\/www.hiperbaric.com\/wp-content\/uploads\/2020\/07\/Nuclear.jpg\" alt=\"Nuclear\" itemprop=\"image\" height=\"360\" width=\"340\" title=\"Nuclear\" onerror=\"this.style.display='none'\"  \/>\r\n\t\t\t\tNuclear\r\n\t\t\t\t\t\t<\/a>\r\n\t\t\t\t<a href=\"\/tecnologia-hip\/sectores-hip\/defensa\/\" target=\"_self\" itemprop=\"url\" rel=\"noopener noreferrer\">\r\n\t\t\t\t<img decoding=\"async\" loading=\"lazy\" src=\"https:\/\/www.hiperbaric.com\/wp-content\/uploads\/2020\/07\/Defensa.jpg\" alt=\"Defensa\" itemprop=\"image\" height=\"360\" width=\"340\" title=\"Defensa\" onerror=\"this.style.display='none'\"  \/>\r\n\t\t\t\tDefensa\r\n\t\t\t\t\t\t<\/a>\r\n\t\t\t\t<a href=\"\/tecnologia-hip\/sectores-hip\/industria\/\" target=\"_self\" itemprop=\"url\" rel=\"noopener noreferrer\">\r\n\t\t\t\t<img decoding=\"async\" loading=\"lazy\" src=\"https:\/\/www.hiperbaric.com\/wp-content\/uploads\/2020\/07\/Industria.jpg\" alt=\"Industria\" itemprop=\"image\" height=\"360\" width=\"340\" title=\"Industria\" onerror=\"this.style.display='none'\"  \/>\r\n\t\t\t\tIndustria\r\n\t\t\t\t\t\t<\/a>\r\n\t\t\t\t<a href=\"\/tecnologia-hip\/sectores-hip\/automocion\/\" target=\"_self\" itemprop=\"url\" rel=\"noopener noreferrer\">\r\n\t\t\t\t<img decoding=\"async\" loading=\"lazy\" src=\"https:\/\/www.hiperbaric.com\/wp-content\/uploads\/2020\/07\/automoci\u00f3n.jpg\" alt=\"Automoci\u00f3n\" itemprop=\"image\" height=\"360\" width=\"340\" title=\"automoci\u00f3n\" onerror=\"this.style.display='none'\"  \/>\r\n\t\t\t\tAutomoci\u00f3n\r\n\t\t\t\t\t\t<\/a>\r\n","protected":false},"excerpt":{"rendered":"<p>La tecnolog\u00eda de prensado isost\u00e1tico en caliente o Hot Isostatic Pressing (HIP) es un proceso aplicado a piezas que requieren de extraordinarias prestaciones mec\u00e1nicas. Cuenta con m\u00faltiples beneficios como la calidad y alto rendimiento de los componentes, la flexibilidad en el dise\u00f1o, la reducci\u00f3n de costes y la minimizaci\u00f3n del impacto ambiental. El HIP tiene&#8230;<\/p>\n","protected":false},"author":1,"featured_media":0,"parent":20699,"menu_order":0,"comment_status":"closed","ping_status":"closed","template":"","meta":{"om_disable_all_campaigns":false,"inline_featured_image":false,"_monsterinsights_skip_tracking":false,"_monsterinsights_sitenote_active":false,"_monsterinsights_sitenote_note":"","_monsterinsights_sitenote_category":0,"footnotes":"","_wp_rev_ctl_limit":""},"acf":[],"yoast_head":"<!-- This site is optimized with the Yoast SEO plugin v22.4 - https:\/\/yoast.com\/wordpress\/plugins\/seo\/ -->\n<title>Sectores HIP - Hiperbaric<\/title>\n<meta name=\"robots\" content=\"index, follow, max-snippet:-1, max-image-preview:large, max-video-preview:-1\" \/>\n<link rel=\"canonical\" href=\"https:\/\/www.hiperbaric.com\/es\/tecnologia-hip\/sectores-hip\/\" \/>\n<meta property=\"og:locale\" content=\"es_ES\" \/>\n<meta property=\"og:type\" content=\"article\" \/>\n<meta property=\"og:title\" content=\"Sectores HIP - Hiperbaric\" \/>\n<meta property=\"og:description\" content=\"La tecnolog\u00eda de prensado isost\u00e1tico en caliente o Hot Isostatic Pressing (HIP) es un proceso aplicado a piezas que requieren de extraordinarias prestaciones mec\u00e1nicas. Cuenta con m\u00faltiples beneficios como la calidad y alto rendimiento de los componentes, la flexibilidad en el dise\u00f1o, la reducci\u00f3n de costes y la minimizaci\u00f3n del impacto ambiental. El HIP tiene...\" \/>\n<meta property=\"og:url\" content=\"https:\/\/www.hiperbaric.com\/es\/tecnologia-hip\/sectores-hip\/\" \/>\n<meta property=\"og:site_name\" content=\"Hiperbaric\" \/>\n<meta property=\"article:modified_time\" content=\"2022-10-19T11:58:30+00:00\" \/>\n<meta property=\"og:image\" content=\"https:\/\/www.hiperbaric.com\/wp-content\/uploads\/2020\/07\/Aeroespacial-1.jpg\" \/>\n<meta name=\"twitter:card\" content=\"summary_large_image\" \/>\n<meta name=\"twitter:label1\" content=\"Tiempo de lectura\" \/>\n\t<meta name=\"twitter:data1\" content=\"3 minutos\" \/>\n<script type=\"application\/ld+json\" class=\"yoast-schema-graph\">{\"@context\":\"https:\/\/schema.org\",\"@graph\":[{\"@type\":\"WebPage\",\"@id\":\"https:\/\/www.hiperbaric.com\/es\/tecnologia-hip\/sectores-hip\/\",\"url\":\"https:\/\/www.hiperbaric.com\/es\/tecnologia-hip\/sectores-hip\/\",\"name\":\"Sectores HIP - Hiperbaric\",\"isPartOf\":{\"@id\":\"https:\/\/www.hiperbaric.com\/en\/#website\"},\"primaryImageOfPage\":{\"@id\":\"https:\/\/www.hiperbaric.com\/es\/tecnologia-hip\/sectores-hip\/#primaryimage\"},\"image\":{\"@id\":\"https:\/\/www.hiperbaric.com\/es\/tecnologia-hip\/sectores-hip\/#primaryimage\"},\"thumbnailUrl\":\"https:\/\/www.hiperbaric.com\/wp-content\/uploads\/2020\/07\/Aeroespacial-1.jpg\",\"datePublished\":\"2020-07-27T05:28:59+00:00\",\"dateModified\":\"2022-10-19T11:58:30+00:00\",\"breadcrumb\":{\"@id\":\"https:\/\/www.hiperbaric.com\/es\/tecnologia-hip\/sectores-hip\/#breadcrumb\"},\"inLanguage\":\"es\",\"potentialAction\":[{\"@type\":\"ReadAction\",\"target\":[\"https:\/\/www.hiperbaric.com\/es\/tecnologia-hip\/sectores-hip\/\"]}]},{\"@type\":\"ImageObject\",\"inLanguage\":\"es\",\"@id\":\"https:\/\/www.hiperbaric.com\/es\/tecnologia-hip\/sectores-hip\/#primaryimage\",\"url\":\"https:\/\/www.hiperbaric.com\/wp-content\/uploads\/2020\/07\/Aeroespacial-1.jpg\",\"contentUrl\":\"https:\/\/www.hiperbaric.com\/wp-content\/uploads\/2020\/07\/Aeroespacial-1.jpg\"},{\"@type\":\"BreadcrumbList\",\"@id\":\"https:\/\/www.hiperbaric.com\/es\/tecnologia-hip\/sectores-hip\/#breadcrumb\",\"itemListElement\":[{\"@type\":\"ListItem\",\"position\":1,\"name\":\"Home\",\"item\":\"https:\/\/www.hiperbaric.com\/es\/\"},{\"@type\":\"ListItem\",\"position\":2,\"name\":\"Tecnolog\u00eda HIP\",\"item\":\"https:\/\/www.hiperbaric.com\/es\/tecnologia-hip\/\"},{\"@type\":\"ListItem\",\"position\":3,\"name\":\"Sectores HIP\"}]},{\"@type\":\"WebSite\",\"@id\":\"https:\/\/www.hiperbaric.com\/en\/#website\",\"url\":\"https:\/\/www.hiperbaric.com\/en\/\",\"name\":\"Hiperbaric\",\"description\":\"Procesado para la conservaci\u00f3n de alimentos\",\"publisher\":{\"@id\":\"https:\/\/www.hiperbaric.com\/en\/#organization\"},\"potentialAction\":[{\"@type\":\"SearchAction\",\"target\":{\"@type\":\"EntryPoint\",\"urlTemplate\":\"https:\/\/www.hiperbaric.com\/en\/?s={search_term_string}\"},\"query-input\":\"required name=search_term_string\"}],\"inLanguage\":\"es\"},{\"@type\":\"Organization\",\"@id\":\"https:\/\/www.hiperbaric.com\/en\/#organization\",\"name\":\"Hiperbaric\",\"url\":\"https:\/\/www.hiperbaric.com\/en\/\",\"logo\":{\"@type\":\"ImageObject\",\"inLanguage\":\"es\",\"@id\":\"https:\/\/www.hiperbaric.com\/en\/#\/schema\/logo\/image\/\",\"url\":\"https:\/\/www.hiperbaric.com\/wp-content\/uploads\/2026\/01\/cropped-hiperbaric-logotipo-1-2.png\",\"contentUrl\":\"https:\/\/www.hiperbaric.com\/wp-content\/uploads\/2026\/01\/cropped-hiperbaric-logotipo-1-2.png\",\"width\":340,\"height\":72,\"caption\":\"Hiperbaric\"},\"image\":{\"@id\":\"https:\/\/www.hiperbaric.com\/en\/#\/schema\/logo\/image\/\"}}]}<\/script>\n<!-- \/ Yoast SEO plugin. -->","yoast_head_json":{"title":"Sectores HIP - Hiperbaric","robots":{"index":"index","follow":"follow","max-snippet":"max-snippet:-1","max-image-preview":"max-image-preview:large","max-video-preview":"max-video-preview:-1"},"canonical":"https:\/\/www.hiperbaric.com\/es\/tecnologia-hip\/sectores-hip\/","og_locale":"es_ES","og_type":"article","og_title":"Sectores HIP - Hiperbaric","og_description":"La tecnolog\u00eda de prensado isost\u00e1tico en caliente o Hot Isostatic Pressing (HIP) es un proceso aplicado a piezas que requieren de extraordinarias prestaciones mec\u00e1nicas. Cuenta con m\u00faltiples beneficios como la calidad y alto rendimiento de los componentes, la flexibilidad en el dise\u00f1o, la reducci\u00f3n de costes y la minimizaci\u00f3n del impacto ambiental. El HIP tiene...","og_url":"https:\/\/www.hiperbaric.com\/es\/tecnologia-hip\/sectores-hip\/","og_site_name":"Hiperbaric","article_modified_time":"2022-10-19T11:58:30+00:00","og_image":[{"url":"https:\/\/www.hiperbaric.com\/wp-content\/uploads\/2020\/07\/Aeroespacial-1.jpg"}],"twitter_card":"summary_large_image","twitter_misc":{"Tiempo de lectura":"3 minutos"},"schema":{"@context":"https:\/\/schema.org","@graph":[{"@type":"WebPage","@id":"https:\/\/www.hiperbaric.com\/es\/tecnologia-hip\/sectores-hip\/","url":"https:\/\/www.hiperbaric.com\/es\/tecnologia-hip\/sectores-hip\/","name":"Sectores HIP - Hiperbaric","isPartOf":{"@id":"https:\/\/www.hiperbaric.com\/en\/#website"},"primaryImageOfPage":{"@id":"https:\/\/www.hiperbaric.com\/es\/tecnologia-hip\/sectores-hip\/#primaryimage"},"image":{"@id":"https:\/\/www.hiperbaric.com\/es\/tecnologia-hip\/sectores-hip\/#primaryimage"},"thumbnailUrl":"https:\/\/www.hiperbaric.com\/wp-content\/uploads\/2020\/07\/Aeroespacial-1.jpg","datePublished":"2020-07-27T05:28:59+00:00","dateModified":"2022-10-19T11:58:30+00:00","breadcrumb":{"@id":"https:\/\/www.hiperbaric.com\/es\/tecnologia-hip\/sectores-hip\/#breadcrumb"},"inLanguage":"es","potentialAction":[{"@type":"ReadAction","target":["https:\/\/www.hiperbaric.com\/es\/tecnologia-hip\/sectores-hip\/"]}]},{"@type":"ImageObject","inLanguage":"es","@id":"https:\/\/www.hiperbaric.com\/es\/tecnologia-hip\/sectores-hip\/#primaryimage","url":"https:\/\/www.hiperbaric.com\/wp-content\/uploads\/2020\/07\/Aeroespacial-1.jpg","contentUrl":"https:\/\/www.hiperbaric.com\/wp-content\/uploads\/2020\/07\/Aeroespacial-1.jpg"},{"@type":"BreadcrumbList","@id":"https:\/\/www.hiperbaric.com\/es\/tecnologia-hip\/sectores-hip\/#breadcrumb","itemListElement":[{"@type":"ListItem","position":1,"name":"Home","item":"https:\/\/www.hiperbaric.com\/es\/"},{"@type":"ListItem","position":2,"name":"Tecnolog\u00eda HIP","item":"https:\/\/www.hiperbaric.com\/es\/tecnologia-hip\/"},{"@type":"ListItem","position":3,"name":"Sectores HIP"}]},{"@type":"WebSite","@id":"https:\/\/www.hiperbaric.com\/en\/#website","url":"https:\/\/www.hiperbaric.com\/en\/","name":"Hiperbaric","description":"Procesado para la conservaci\u00f3n de alimentos","publisher":{"@id":"https:\/\/www.hiperbaric.com\/en\/#organization"},"potentialAction":[{"@type":"SearchAction","target":{"@type":"EntryPoint","urlTemplate":"https:\/\/www.hiperbaric.com\/en\/?s={search_term_string}"},"query-input":"required name=search_term_string"}],"inLanguage":"es"},{"@type":"Organization","@id":"https:\/\/www.hiperbaric.com\/en\/#organization","name":"Hiperbaric","url":"https:\/\/www.hiperbaric.com\/en\/","logo":{"@type":"ImageObject","inLanguage":"es","@id":"https:\/\/www.hiperbaric.com\/en\/#\/schema\/logo\/image\/","url":"https:\/\/www.hiperbaric.com\/wp-content\/uploads\/2026\/01\/cropped-hiperbaric-logotipo-1-2.png","contentUrl":"https:\/\/www.hiperbaric.com\/wp-content\/uploads\/2026\/01\/cropped-hiperbaric-logotipo-1-2.png","width":340,"height":72,"caption":"Hiperbaric"},"image":{"@id":"https:\/\/www.hiperbaric.com\/en\/#\/schema\/logo\/image\/"}}]}},"_links":{"self":[{"href":"https:\/\/www.hiperbaric.com\/es\/wp-json\/wp\/v2\/pages\/21288"}],"collection":[{"href":"https:\/\/www.hiperbaric.com\/es\/wp-json\/wp\/v2\/pages"}],"about":[{"href":"https:\/\/www.hiperbaric.com\/es\/wp-json\/wp\/v2\/types\/page"}],"author":[{"embeddable":true,"href":"https:\/\/www.hiperbaric.com\/es\/wp-json\/wp\/v2\/users\/1"}],"replies":[{"embeddable":true,"href":"https:\/\/www.hiperbaric.com\/es\/wp-json\/wp\/v2\/comments?post=21288"}],"version-history":[{"count":1,"href":"https:\/\/www.hiperbaric.com\/es\/wp-json\/wp\/v2\/pages\/21288\/revisions"}],"predecessor-version":[{"id":41155,"href":"https:\/\/www.hiperbaric.com\/es\/wp-json\/wp\/v2\/pages\/21288\/revisions\/41155"}],"up":[{"embeddable":true,"href":"https:\/\/www.hiperbaric.com\/es\/wp-json\/wp\/v2\/pages\/20699"}],"wp:attachment":[{"href":"https:\/\/www.hiperbaric.com\/es\/wp-json\/wp\/v2\/media?parent=21288"}],"curies":[{"name":"wp","href":"https:\/\/api.w.org\/{rel}","templated":true}]}}