{"id":21238,"date":"2020-07-23T18:10:47","date_gmt":"2020-07-23T16:10:47","guid":{"rendered":"https:\/\/www.hiperbaric.com\/?page_id=21238"},"modified":"2023-08-28T21:22:34","modified_gmt":"2023-08-28T19:22:34","slug":"que-es-la-tecnologia-hip","status":"publish","type":"page","link":"https:\/\/www.hiperbaric.com\/es\/tecnologia-hip\/que-es-la-tecnologia-hip\/","title":{"rendered":"Qu\u00e9 es la tecnolog\u00eda HIP"},"content":{"rendered":"\n\n\t<p>El prensado isost\u00e1tico en caliente (del ingl\u00e9s <strong>Hot Isostatic Pressing, HIP<\/strong>) es un proceso de fabricaci\u00f3n utilizado para densificar piezas met\u00e1licas y cer\u00e1micas. Se basa en la aplicaci\u00f3n de altos niveles de presi\u00f3n (hasta 2.000 bar \/ 200Mpa) y temperatura (hasta 1.450 \u00b0C) a trav\u00e9s de una atm\u00f3sfera inerte, a piezas y componentes principalmente met\u00e1licos y cer\u00e1micos con el fin de densificarlos y conferirlos excelentes propiedades mec\u00e1nicas.<\/p>\n\t<blockquote><p>Mejora las propiedades de los componentes cr\u00edticos<\/p><\/blockquote>\n\t<p>Gracias a la densificaci\u00f3n de la estructura, el material desarrolla mejores propiedades mec\u00e1nicas como vida a fatiga, resiliencia o ductilidad. Adem\u00e1s, estas y el resto de propiedades mec\u00e1nicas presentan menor variabilidad y mejor consistencia obteniendo componentes m\u00e1s fiables.<\/p>\n\t\t\t\t<img decoding=\"async\" loading=\"lazy\" src=\"https:\/\/www.hiperbaric.com\/wp-content\/uploads\/2020\/07\/Ventajas-HIP.jpg\" alt=\"Ventajas HIP\" itemprop=\"image\" height=\"871\" width=\"948\" title=\"Ventajas HIP\" onerror=\"this.style.display='none'\"  \/>\n\t<p>El procesado HIP es totalmente complementario y sin\u00e9rgico con diferentes t\u00e9cnicas de fabricaci\u00f3n como fundici\u00f3n (Casting); moldeado por inyecci\u00f3n de metal (Metal Injection Moulding, MIM); pulvimetalurgia (Powder Metallurgy, PM) incluyendo conformado pr\u00f3ximo a la pieza final (Near Net Shape, NNS); uni\u00f3n por difusi\u00f3n (Diffusion Bonding, DB) y las diferentes tecnolog\u00edas de fabricaci\u00f3n aditiva (Additive Manufacturing, AM).<\/p>\n<p>Permite el desarrollo de piezas que alcancen los est\u00e1ndares de calidad requeridos por los sectores interesados en la fabricaci\u00f3n de componentes de precisi\u00f3n sometidos a condiciones extremas de trabajo. Los sectores aeroespacial, petr\u00f3leo y gas, nuclear, automoci\u00f3n, implantes m\u00e9dicos, defensa o el industrial son los principales beneficiados de la tecnolog\u00eda HIP.<\/p>\n\t\t\tVentajas HIP\n\t\t<p><strong>Mejora las propiedades y el rendimiento de los materiales: <\/strong><ul><li>Mejora las propiedades mec\u00e1nicas como vida a fatiga, resiliencia o ductilidad.<\/li><li>Aumenta la resistencia frente a la corrosi\u00f3n.<\/li><li>Da lugar a piezas con microestructura de grano fino con buenas propiedades mec\u00e1nicas y sin anisotrop\u00eda, gracias a un tratamiento homog\u00e9neo.<\/li><li>Une distintos metales sin necesidad de adhesivos que imponen l\u00edmites en la temperatura.<\/li><\/ul><strong>Alcanza el 100% de la densidad te\u00f3rica: <\/strong><ul><li>Elimina porosidades y consigue un alto grado de densificaci\u00f3n de materiales.<\/li><li>Elimina defectos internos y de fundici\u00f3n de los materiales.<\/li><li>Da mayor consistencia estad\u00edstica a materiales de alto rendimiento.<\/li><li>Mejora la confiabilidad.<\/li><li>Permite recuperar piezas defectuosas, reduciendo niveles de la tasa de deshecho.<\/li><li>Posibilita dise\u00f1os m\u00e1s ligeros y\/o de menor peso.<\/li><\/ul><strong>Producci\u00f3n m\u00e1s eficiente en los procesos de fabricaci\u00f3n: <\/strong><ul><li>Reduce los requerimientos de los controles de calidad.<\/li><li>Optimiza el uso de polvo met\u00e1lico en procesos de fabricaci\u00f3n aditiva.<\/li><li>Permite combinar distintos tratamientos en un \u00fanico ciclo de HIP.<\/li><\/ul><strong>Ahorro de costes: <\/strong><\/p><ul><li>Reduce el consumo de material gracias a la combinaci\u00f3n de diferentes t\u00e9cnicas de fabricaci\u00f3n.<\/li><li>Reduce el n\u00famero de componentes defectuosos que no superar\u00edan el control de calidad.<\/li><li>Reduce los costes asociados a los controles de calidad gracias a la implementaci\u00f3n de control estad\u00edstico por ensayos no destructivos (NDT) reduciendo el n\u00famero de unidades que necesitan ser testadas.<\/li><\/ul>\n\t\t\tMateriales\n\t\t<p>El proceso de prensado isost\u00e1tico en caliente (HIP) es id\u00f3neo para mejorar las propiedades de los componentes cr\u00edticos producidos a partir de los siguientes materiales:<\/p><ul><li>Aleaciones de aluminio<\/li><li>Aleaciones de cromo-cobalto<\/li><li>Aleaciones a base de cobre<\/li><li>Carburo de tungsteno cementado<\/li><li>Cer\u00e1mica<\/li><li>Compuestos met\u00e1licos<\/li><li>Intermetallics<\/li><li>Aleaciones con base de magnesio<\/li><li>Aleaciones con base de titanio<\/li><li>Materiales magn\u00e9ticos<\/li><li>Compuestos de matriz met\u00e1lica<\/li><li>Superaleaciones a base de n\u00edquel y cobalto<\/li><li>Materiales \u00f3pticos<\/li><li>Plasma pulverizado y otros recubrimientos<\/li><li>Fundici\u00f3n de acero de baja y alta aleaci\u00f3n<\/li><\/ul>\n<h3>\n\tMiembros de algunas de las Asociaciones e Instituciones m\u00e1s prestigiosas\n\t<\/h3>\n   <section>\n        <img decoding=\"async\" src=\"\/wp-content\/uploads\/2023\/08\/addimat.png\"\/>\n   <\/section>\n\n","protected":false},"excerpt":{"rendered":"<p>El prensado isost\u00e1tico en caliente (del ingl\u00e9s Hot Isostatic Pressing, HIP) es un proceso de fabricaci\u00f3n utilizado para densificar piezas met\u00e1licas y cer\u00e1micas. Se basa en la aplicaci\u00f3n de altos niveles de presi\u00f3n (hasta 2.000 bar \/ 200Mpa) y temperatura (hasta 1.450 \u00b0C) a trav\u00e9s de una atm\u00f3sfera inerte, a piezas y componentes principalmente met\u00e1licos&#8230;<\/p>\n","protected":false},"author":1,"featured_media":0,"parent":20699,"menu_order":0,"comment_status":"closed","ping_status":"closed","template":"","meta":{"om_disable_all_campaigns":false,"inline_featured_image":false,"_monsterinsights_skip_tracking":false,"_monsterinsights_sitenote_active":false,"_monsterinsights_sitenote_note":"","_monsterinsights_sitenote_category":0,"footnotes":"","_wp_rev_ctl_limit":""},"acf":[],"yoast_head":"<!-- This site is optimized with the Yoast SEO plugin v22.4 - https:\/\/yoast.com\/wordpress\/plugins\/seo\/ -->\n<title>Qu\u00e9 es la tecnolog\u00eda HIP - Hiperbaric<\/title>\n<meta name=\"robots\" content=\"index, follow, max-snippet:-1, max-image-preview:large, max-video-preview:-1\" \/>\n<link rel=\"canonical\" href=\"https:\/\/www.hiperbaric.com\/es\/tecnologia-hip\/que-es-la-tecnologia-hip\/\" \/>\n<meta property=\"og:locale\" content=\"es_ES\" \/>\n<meta property=\"og:type\" content=\"article\" \/>\n<meta property=\"og:title\" content=\"Qu\u00e9 es la tecnolog\u00eda HIP - Hiperbaric\" \/>\n<meta property=\"og:description\" content=\"El prensado isost\u00e1tico en caliente (del ingl\u00e9s Hot Isostatic Pressing, HIP) es un proceso de fabricaci\u00f3n utilizado para densificar piezas met\u00e1licas y cer\u00e1micas. Se basa en la aplicaci\u00f3n de altos niveles de presi\u00f3n (hasta 2.000 bar \/ 200Mpa) y temperatura (hasta 1.450 \u00b0C) a trav\u00e9s de una atm\u00f3sfera inerte, a piezas y componentes principalmente met\u00e1licos...\" \/>\n<meta property=\"og:url\" content=\"https:\/\/www.hiperbaric.com\/es\/tecnologia-hip\/que-es-la-tecnologia-hip\/\" \/>\n<meta property=\"og:site_name\" content=\"Hiperbaric\" \/>\n<meta property=\"article:modified_time\" content=\"2023-08-28T19:22:34+00:00\" \/>\n<meta property=\"og:image\" content=\"https:\/\/www.hiperbaric.com\/wp-content\/uploads\/2020\/07\/Ventajas-HIP.jpg\" \/>\n<meta name=\"twitter:card\" content=\"summary_large_image\" \/>\n<meta name=\"twitter:label1\" content=\"Tiempo de lectura\" \/>\n\t<meta name=\"twitter:data1\" content=\"3 minutos\" \/>\n<script type=\"application\/ld+json\" class=\"yoast-schema-graph\">{\"@context\":\"https:\/\/schema.org\",\"@graph\":[{\"@type\":\"WebPage\",\"@id\":\"https:\/\/www.hiperbaric.com\/es\/tecnologia-hip\/que-es-la-tecnologia-hip\/\",\"url\":\"https:\/\/www.hiperbaric.com\/es\/tecnologia-hip\/que-es-la-tecnologia-hip\/\",\"name\":\"Qu\u00e9 es la tecnolog\u00eda HIP - Hiperbaric\",\"isPartOf\":{\"@id\":\"https:\/\/www.hiperbaric.com\/en\/#website\"},\"primaryImageOfPage\":{\"@id\":\"https:\/\/www.hiperbaric.com\/es\/tecnologia-hip\/que-es-la-tecnologia-hip\/#primaryimage\"},\"image\":{\"@id\":\"https:\/\/www.hiperbaric.com\/es\/tecnologia-hip\/que-es-la-tecnologia-hip\/#primaryimage\"},\"thumbnailUrl\":\"https:\/\/www.hiperbaric.com\/wp-content\/uploads\/2020\/07\/Ventajas-HIP.jpg\",\"datePublished\":\"2020-07-23T16:10:47+00:00\",\"dateModified\":\"2023-08-28T19:22:34+00:00\",\"breadcrumb\":{\"@id\":\"https:\/\/www.hiperbaric.com\/es\/tecnologia-hip\/que-es-la-tecnologia-hip\/#breadcrumb\"},\"inLanguage\":\"es\",\"potentialAction\":[{\"@type\":\"ReadAction\",\"target\":[\"https:\/\/www.hiperbaric.com\/es\/tecnologia-hip\/que-es-la-tecnologia-hip\/\"]}]},{\"@type\":\"ImageObject\",\"inLanguage\":\"es\",\"@id\":\"https:\/\/www.hiperbaric.com\/es\/tecnologia-hip\/que-es-la-tecnologia-hip\/#primaryimage\",\"url\":\"https:\/\/www.hiperbaric.com\/wp-content\/uploads\/2020\/07\/Ventajas-HIP.jpg\",\"contentUrl\":\"https:\/\/www.hiperbaric.com\/wp-content\/uploads\/2020\/07\/Ventajas-HIP.jpg\"},{\"@type\":\"BreadcrumbList\",\"@id\":\"https:\/\/www.hiperbaric.com\/es\/tecnologia-hip\/que-es-la-tecnologia-hip\/#breadcrumb\",\"itemListElement\":[{\"@type\":\"ListItem\",\"position\":1,\"name\":\"Home\",\"item\":\"https:\/\/www.hiperbaric.com\/es\/\"},{\"@type\":\"ListItem\",\"position\":2,\"name\":\"Tecnolog\u00eda HIP\",\"item\":\"https:\/\/www.hiperbaric.com\/es\/tecnologia-hip\/\"},{\"@type\":\"ListItem\",\"position\":3,\"name\":\"Qu\u00e9 es la tecnolog\u00eda HIP\"}]},{\"@type\":\"WebSite\",\"@id\":\"https:\/\/www.hiperbaric.com\/en\/#website\",\"url\":\"https:\/\/www.hiperbaric.com\/en\/\",\"name\":\"Hiperbaric\",\"description\":\"Procesado para la conservaci\u00f3n de alimentos\",\"publisher\":{\"@id\":\"https:\/\/www.hiperbaric.com\/en\/#organization\"},\"potentialAction\":[{\"@type\":\"SearchAction\",\"target\":{\"@type\":\"EntryPoint\",\"urlTemplate\":\"https:\/\/www.hiperbaric.com\/en\/?s={search_term_string}\"},\"query-input\":\"required name=search_term_string\"}],\"inLanguage\":\"es\"},{\"@type\":\"Organization\",\"@id\":\"https:\/\/www.hiperbaric.com\/en\/#organization\",\"name\":\"Hiperbaric\",\"url\":\"https:\/\/www.hiperbaric.com\/en\/\",\"logo\":{\"@type\":\"ImageObject\",\"inLanguage\":\"es\",\"@id\":\"https:\/\/www.hiperbaric.com\/en\/#\/schema\/logo\/image\/\",\"url\":\"https:\/\/www.hiperbaric.com\/wp-content\/uploads\/2026\/01\/cropped-hiperbaric-logotipo-1-2.png\",\"contentUrl\":\"https:\/\/www.hiperbaric.com\/wp-content\/uploads\/2026\/01\/cropped-hiperbaric-logotipo-1-2.png\",\"width\":340,\"height\":72,\"caption\":\"Hiperbaric\"},\"image\":{\"@id\":\"https:\/\/www.hiperbaric.com\/en\/#\/schema\/logo\/image\/\"}}]}<\/script>\n<!-- \/ Yoast SEO plugin. -->","yoast_head_json":{"title":"Qu\u00e9 es la tecnolog\u00eda HIP - Hiperbaric","robots":{"index":"index","follow":"follow","max-snippet":"max-snippet:-1","max-image-preview":"max-image-preview:large","max-video-preview":"max-video-preview:-1"},"canonical":"https:\/\/www.hiperbaric.com\/es\/tecnologia-hip\/que-es-la-tecnologia-hip\/","og_locale":"es_ES","og_type":"article","og_title":"Qu\u00e9 es la tecnolog\u00eda HIP - Hiperbaric","og_description":"El prensado isost\u00e1tico en caliente (del ingl\u00e9s Hot Isostatic Pressing, HIP) es un proceso de fabricaci\u00f3n utilizado para densificar piezas met\u00e1licas y cer\u00e1micas. Se basa en la aplicaci\u00f3n de altos niveles de presi\u00f3n (hasta 2.000 bar \/ 200Mpa) y temperatura (hasta 1.450 \u00b0C) a trav\u00e9s de una atm\u00f3sfera inerte, a piezas y componentes principalmente met\u00e1licos...","og_url":"https:\/\/www.hiperbaric.com\/es\/tecnologia-hip\/que-es-la-tecnologia-hip\/","og_site_name":"Hiperbaric","article_modified_time":"2023-08-28T19:22:34+00:00","og_image":[{"url":"https:\/\/www.hiperbaric.com\/wp-content\/uploads\/2020\/07\/Ventajas-HIP.jpg"}],"twitter_card":"summary_large_image","twitter_misc":{"Tiempo de lectura":"3 minutos"},"schema":{"@context":"https:\/\/schema.org","@graph":[{"@type":"WebPage","@id":"https:\/\/www.hiperbaric.com\/es\/tecnologia-hip\/que-es-la-tecnologia-hip\/","url":"https:\/\/www.hiperbaric.com\/es\/tecnologia-hip\/que-es-la-tecnologia-hip\/","name":"Qu\u00e9 es la tecnolog\u00eda HIP - Hiperbaric","isPartOf":{"@id":"https:\/\/www.hiperbaric.com\/en\/#website"},"primaryImageOfPage":{"@id":"https:\/\/www.hiperbaric.com\/es\/tecnologia-hip\/que-es-la-tecnologia-hip\/#primaryimage"},"image":{"@id":"https:\/\/www.hiperbaric.com\/es\/tecnologia-hip\/que-es-la-tecnologia-hip\/#primaryimage"},"thumbnailUrl":"https:\/\/www.hiperbaric.com\/wp-content\/uploads\/2020\/07\/Ventajas-HIP.jpg","datePublished":"2020-07-23T16:10:47+00:00","dateModified":"2023-08-28T19:22:34+00:00","breadcrumb":{"@id":"https:\/\/www.hiperbaric.com\/es\/tecnologia-hip\/que-es-la-tecnologia-hip\/#breadcrumb"},"inLanguage":"es","potentialAction":[{"@type":"ReadAction","target":["https:\/\/www.hiperbaric.com\/es\/tecnologia-hip\/que-es-la-tecnologia-hip\/"]}]},{"@type":"ImageObject","inLanguage":"es","@id":"https:\/\/www.hiperbaric.com\/es\/tecnologia-hip\/que-es-la-tecnologia-hip\/#primaryimage","url":"https:\/\/www.hiperbaric.com\/wp-content\/uploads\/2020\/07\/Ventajas-HIP.jpg","contentUrl":"https:\/\/www.hiperbaric.com\/wp-content\/uploads\/2020\/07\/Ventajas-HIP.jpg"},{"@type":"BreadcrumbList","@id":"https:\/\/www.hiperbaric.com\/es\/tecnologia-hip\/que-es-la-tecnologia-hip\/#breadcrumb","itemListElement":[{"@type":"ListItem","position":1,"name":"Home","item":"https:\/\/www.hiperbaric.com\/es\/"},{"@type":"ListItem","position":2,"name":"Tecnolog\u00eda HIP","item":"https:\/\/www.hiperbaric.com\/es\/tecnologia-hip\/"},{"@type":"ListItem","position":3,"name":"Qu\u00e9 es la tecnolog\u00eda HIP"}]},{"@type":"WebSite","@id":"https:\/\/www.hiperbaric.com\/en\/#website","url":"https:\/\/www.hiperbaric.com\/en\/","name":"Hiperbaric","description":"Procesado para la conservaci\u00f3n de alimentos","publisher":{"@id":"https:\/\/www.hiperbaric.com\/en\/#organization"},"potentialAction":[{"@type":"SearchAction","target":{"@type":"EntryPoint","urlTemplate":"https:\/\/www.hiperbaric.com\/en\/?s={search_term_string}"},"query-input":"required name=search_term_string"}],"inLanguage":"es"},{"@type":"Organization","@id":"https:\/\/www.hiperbaric.com\/en\/#organization","name":"Hiperbaric","url":"https:\/\/www.hiperbaric.com\/en\/","logo":{"@type":"ImageObject","inLanguage":"es","@id":"https:\/\/www.hiperbaric.com\/en\/#\/schema\/logo\/image\/","url":"https:\/\/www.hiperbaric.com\/wp-content\/uploads\/2026\/01\/cropped-hiperbaric-logotipo-1-2.png","contentUrl":"https:\/\/www.hiperbaric.com\/wp-content\/uploads\/2026\/01\/cropped-hiperbaric-logotipo-1-2.png","width":340,"height":72,"caption":"Hiperbaric"},"image":{"@id":"https:\/\/www.hiperbaric.com\/en\/#\/schema\/logo\/image\/"}}]}},"_links":{"self":[{"href":"https:\/\/www.hiperbaric.com\/es\/wp-json\/wp\/v2\/pages\/21238"}],"collection":[{"href":"https:\/\/www.hiperbaric.com\/es\/wp-json\/wp\/v2\/pages"}],"about":[{"href":"https:\/\/www.hiperbaric.com\/es\/wp-json\/wp\/v2\/types\/page"}],"author":[{"embeddable":true,"href":"https:\/\/www.hiperbaric.com\/es\/wp-json\/wp\/v2\/users\/1"}],"replies":[{"embeddable":true,"href":"https:\/\/www.hiperbaric.com\/es\/wp-json\/wp\/v2\/comments?post=21238"}],"version-history":[{"count":3,"href":"https:\/\/www.hiperbaric.com\/es\/wp-json\/wp\/v2\/pages\/21238\/revisions"}],"predecessor-version":[{"id":47647,"href":"https:\/\/www.hiperbaric.com\/es\/wp-json\/wp\/v2\/pages\/21238\/revisions\/47647"}],"up":[{"embeddable":true,"href":"https:\/\/www.hiperbaric.com\/es\/wp-json\/wp\/v2\/pages\/20699"}],"wp:attachment":[{"href":"https:\/\/www.hiperbaric.com\/es\/wp-json\/wp\/v2\/media?parent=21238"}],"curies":[{"name":"wp","href":"https:\/\/api.w.org\/{rel}","templated":true}]}}